{"id":26420,"date":"2021-11-05T12:55:10","date_gmt":"2021-11-05T16:55:10","guid":{"rendered":"https:\/\/chemi-3.com\/product\/310-s-poubelles-de-sol\/"},"modified":"2021-11-05T12:55:27","modified_gmt":"2021-11-05T16:55:27","slug":"310-s-poubelles-de-sol","status":"publish","type":"product","link":"https:\/\/chemi-3.com\/fr\/product\/310-s-poubelles-de-sol\/","title":{"rendered":"310-s \u2013 poubelles de sol"},"content":{"rendered":"<body><p>Les mod\u00e8les 310 pr\u00e9sentent un aspect arrondi esth\u00e9tique, id\u00e9al pour les halls et zones de r\u00e9ceptions. Poubelle est livr\u00e9 avec un appareil de support de sac standard. L\u2019ouverture est de 21,59 cm de diam\u00e8tre. Exp\u00e9di\u00e9 dans un r\u00e9cipient en carton ondul\u00e9 durable. Body est livr\u00e9 avec un plastique de protection \u00e0 enlever apr\u00e8s l\u2019installation. Mat\u00e9riaux: Mod\u00e8le en acier inoxydable type 430 \u00e0 fini bross\u00e9 no 4. Couvercle en acier inoxydable centrifug\u00e9 de calibre 18. Bo\u00eetier monobloc en acier inoxydable lamin\u00e9 de calibre 22.<\/p>\n<p>Les mod\u00e8les 310 pr\u00e9sentent un aspect arrondi esth\u00e9tique, id\u00e9al pour les halls et zones de r\u00e9ceptions. Poubelle est livr\u00e9 avec un appareil de support de sac standard. L\u2019ouverture est de 21,59 cm de diam\u00e8tre. Exp\u00e9di\u00e9 dans un r\u00e9cipient en carton ondul\u00e9 durable. Body est livr\u00e9 avec un plastique de protection \u00e0 enlever apr\u00e8s l\u2019installation. Mat\u00e9riaux: Mod\u00e8le en acier inoxydable type 430 \u00e0 fini bross\u00e9 no 4. Couvercle en acier inoxydable centrifug\u00e9 de calibre 18. Bo\u00eetier monobloc en acier inoxydable lamin\u00e9 de calibre 22.<br>\nUnit\u00e9 de mesure : 1\/EA<\/p>\n<\/body>","protected":false},"excerpt":{"rendered":"<p>Les mod\u00e8les 310 pr\u00e9sentent un aspect arrondi esth\u00e9tique, id\u00e9al pour les halls et zones de r\u00e9ceptions. Poubelle est livr\u00e9 avec un appareil de support de sac standard. L\u2019ouverture est de 21,59 cm de diam\u00e8tre. Exp\u00e9di\u00e9 dans un r\u00e9cipient en carton ondul\u00e9 durable. Body est livr\u00e9 avec un plastique de protection \u00e0 enlever apr\u00e8s l\u2019installation. Mat\u00e9riaux: [&hellip;]<\/p>\n","protected":false},"featured_media":0,"comment_status":"closed","ping_status":"open","template":"","meta":{"_et_pb_use_builder":"","_et_pb_old_content":"","_et_gb_content_width":""},"product_brand":[],"product_cat":[12818],"product_tag":[13616,13892,13682],"class_list":{"0":"post-26420","1":"product","2":"type-product","3":"status-publish","5":"product_cat-contenants-pour-dechets","6":"product_tag-conciergerie-et-entretien","7":"product_tag-contenants-pour-dechets","8":"product_tag-poubelles-a-dechets-et-manutention","9":"pa_country-of-origin-canada-fr","10":"pa_environmental-status-recyclable-fr","11":"pa_is-hazardous-material-non","12":"pa_product-colour-inoxydable","13":"pa_product-material-stainless-steel-2","15":"first","16":"instock","17":"taxable","18":"shipping-taxable","19":"purchasable","20":"product-type-simple"},"yoast_head":"<!-- This site is optimized with the Yoast SEO plugin v27.5 - https:\/\/yoast.com\/product\/yoast-seo-wordpress\/ -->\n<title>310-s \u2013 poubelles de sol &#8211; Chemi-3 Inc.<\/title>\n<meta name=\"robots\" content=\"index, follow, max-snippet:-1, max-image-preview:large, max-video-preview:-1\" \/>\n<link rel=\"canonical\" href=\"https:\/\/chemi-3.com\/fr\/product\/310-s-poubelles-de-sol\/\" \/>\n<meta property=\"og:locale\" content=\"fr_CA\" \/>\n<meta property=\"og:type\" content=\"article\" \/>\n<meta property=\"og:title\" content=\"310-s \u2013 poubelles de sol &#8211; Chemi-3 Inc.\" \/>\n<meta property=\"og:description\" content=\"Les mod\u00e8les 310 pr\u00e9sentent un aspect arrondi esth\u00e9tique, id\u00e9al pour les halls et zones de r\u00e9ceptions. Poubelle est livr\u00e9 avec un appareil de support de sac standard. L\u2019ouverture est de 21,59 cm de diam\u00e8tre. Exp\u00e9di\u00e9 dans un r\u00e9cipient en carton ondul\u00e9 durable. Body est livr\u00e9 avec un plastique de protection \u00e0 enlever apr\u00e8s l\u2019installation. Mat\u00e9riaux: [&hellip;]\" \/>\n<meta property=\"og:url\" content=\"https:\/\/chemi-3.com\/fr\/product\/310-s-poubelles-de-sol\/\" \/>\n<meta property=\"og:site_name\" content=\"Chemi-3 Inc.\" \/>\n<meta property=\"article:publisher\" content=\"https:\/\/www.facebook.com\/chemi3inc\/\" \/>\n<meta property=\"article:modified_time\" content=\"2021-11-05T16:55:27+00:00\" \/>\n<meta name=\"twitter:card\" content=\"summary_large_image\" \/>\n<meta name=\"twitter:site\" content=\"@chemi3inc\" \/>\n<meta name=\"twitter:label1\" content=\"Estimation du temps de lecture\" \/>\n\t<meta name=\"twitter:data1\" content=\"1 minute\" \/>\n<script type=\"application\/ld+json\" class=\"yoast-schema-graph\">{\"@context\":\"https:\\\/\\\/schema.org\",\"@graph\":[{\"@type\":[\"WebPage\",\"ItemPage\"],\"@id\":\"https:\\\/\\\/chemi-3.com\\\/fr\\\/product\\\/310-s-poubelles-de-sol\\\/\",\"url\":\"https:\\\/\\\/chemi-3.com\\\/fr\\\/product\\\/310-s-poubelles-de-sol\\\/\",\"name\":\"310-s \u2013 poubelles de sol &#8211; Chemi-3 Inc.\",\"isPartOf\":{\"@id\":\"https:\\\/\\\/chemi-3.com\\\/fr\\\/#website\"},\"datePublished\":\"2021-11-05T16:55:10+00:00\",\"dateModified\":\"2021-11-05T16:55:27+00:00\",\"breadcrumb\":{\"@id\":\"https:\\\/\\\/chemi-3.com\\\/fr\\\/product\\\/310-s-poubelles-de-sol\\\/#breadcrumb\"},\"inLanguage\":\"fr-CA\",\"potentialAction\":[{\"@type\":\"ReadAction\",\"target\":[\"https:\\\/\\\/chemi-3.com\\\/fr\\\/product\\\/310-s-poubelles-de-sol\\\/\"]}]},{\"@type\":\"BreadcrumbList\",\"@id\":\"https:\\\/\\\/chemi-3.com\\\/fr\\\/product\\\/310-s-poubelles-de-sol\\\/#breadcrumb\",\"itemListElement\":[{\"@type\":\"ListItem\",\"position\":1,\"name\":\"Home\",\"item\":\"https:\\\/\\\/chemi-3.com\\\/fr\\\/\"},{\"@type\":\"ListItem\",\"position\":2,\"name\":\"Produits\",\"item\":\"https:\\\/\\\/chemi-3.com\\\/fr\\\/shop\\\/\"},{\"@type\":\"ListItem\",\"position\":3,\"name\":\"310-s \u2013 poubelles de sol\"}]},{\"@type\":\"WebSite\",\"@id\":\"https:\\\/\\\/chemi-3.com\\\/fr\\\/#website\",\"url\":\"https:\\\/\\\/chemi-3.com\\\/fr\\\/\",\"name\":\"Chemi-3 Inc.\",\"description\":\"Montreal&#039;s premier distributor of janitorial, sanitary and commercial products.\",\"publisher\":{\"@id\":\"https:\\\/\\\/chemi-3.com\\\/fr\\\/#organization\"},\"potentialAction\":[{\"@type\":\"SearchAction\",\"target\":{\"@type\":\"EntryPoint\",\"urlTemplate\":\"https:\\\/\\\/chemi-3.com\\\/fr\\\/?s={search_term_string}\"},\"query-input\":{\"@type\":\"PropertyValueSpecification\",\"valueRequired\":true,\"valueName\":\"search_term_string\"}}],\"inLanguage\":\"fr-CA\"},{\"@type\":\"Organization\",\"@id\":\"https:\\\/\\\/chemi-3.com\\\/fr\\\/#organization\",\"name\":\"Chemi-3 Industries Inc.\",\"url\":\"https:\\\/\\\/chemi-3.com\\\/fr\\\/\",\"logo\":{\"@type\":\"ImageObject\",\"inLanguage\":\"fr-CA\",\"@id\":\"https:\\\/\\\/chemi-3.com\\\/fr\\\/#\\\/schema\\\/logo\\\/image\\\/\",\"url\":\"http:\\\/\\\/chemi-3.com\\\/wp-content\\\/uploads\\\/2021\\\/09\\\/Chemi3_logo_transparent_highres.png\",\"contentUrl\":\"http:\\\/\\\/chemi-3.com\\\/wp-content\\\/uploads\\\/2021\\\/09\\\/Chemi3_logo_transparent_highres.png\",\"width\":1000,\"height\":387,\"caption\":\"Chemi-3 Industries Inc.\"},\"image\":{\"@id\":\"https:\\\/\\\/chemi-3.com\\\/fr\\\/#\\\/schema\\\/logo\\\/image\\\/\"},\"sameAs\":[\"https:\\\/\\\/www.facebook.com\\\/chemi3inc\\\/\",\"https:\\\/\\\/x.com\\\/chemi3inc\",\"https:\\\/\\\/www.instagram.com\\\/chemi3inc\\\/\",\"https:\\\/\\\/www.linkedin.com\\\/company\\\/chemi3inc\"]}]}<\/script>\n<!-- \/ Yoast SEO plugin. -->","yoast_head_json":{"title":"310-s \u2013 poubelles de sol &#8211; Chemi-3 Inc.","robots":{"index":"index","follow":"follow","max-snippet":"max-snippet:-1","max-image-preview":"max-image-preview:large","max-video-preview":"max-video-preview:-1"},"canonical":"https:\/\/chemi-3.com\/fr\/product\/310-s-poubelles-de-sol\/","og_locale":"fr_CA","og_type":"article","og_title":"310-s \u2013 poubelles de sol &#8211; Chemi-3 Inc.","og_description":"Les mod\u00e8les 310 pr\u00e9sentent un aspect arrondi esth\u00e9tique, id\u00e9al pour les halls et zones de r\u00e9ceptions. Poubelle est livr\u00e9 avec un appareil de support de sac standard. L\u2019ouverture est de 21,59 cm de diam\u00e8tre. Exp\u00e9di\u00e9 dans un r\u00e9cipient en carton ondul\u00e9 durable. Body est livr\u00e9 avec un plastique de protection \u00e0 enlever apr\u00e8s l\u2019installation. Mat\u00e9riaux: [&hellip;]","og_url":"https:\/\/chemi-3.com\/fr\/product\/310-s-poubelles-de-sol\/","og_site_name":"Chemi-3 Inc.","article_publisher":"https:\/\/www.facebook.com\/chemi3inc\/","article_modified_time":"2021-11-05T16:55:27+00:00","twitter_card":"summary_large_image","twitter_site":"@chemi3inc","twitter_misc":{"Estimation du temps de lecture":"1 minute"},"schema":{"@context":"https:\/\/schema.org","@graph":[{"@type":["WebPage","ItemPage"],"@id":"https:\/\/chemi-3.com\/fr\/product\/310-s-poubelles-de-sol\/","url":"https:\/\/chemi-3.com\/fr\/product\/310-s-poubelles-de-sol\/","name":"310-s \u2013 poubelles de sol &#8211; Chemi-3 Inc.","isPartOf":{"@id":"https:\/\/chemi-3.com\/fr\/#website"},"datePublished":"2021-11-05T16:55:10+00:00","dateModified":"2021-11-05T16:55:27+00:00","breadcrumb":{"@id":"https:\/\/chemi-3.com\/fr\/product\/310-s-poubelles-de-sol\/#breadcrumb"},"inLanguage":"fr-CA","potentialAction":[{"@type":"ReadAction","target":["https:\/\/chemi-3.com\/fr\/product\/310-s-poubelles-de-sol\/"]}]},{"@type":"BreadcrumbList","@id":"https:\/\/chemi-3.com\/fr\/product\/310-s-poubelles-de-sol\/#breadcrumb","itemListElement":[{"@type":"ListItem","position":1,"name":"Home","item":"https:\/\/chemi-3.com\/fr\/"},{"@type":"ListItem","position":2,"name":"Produits","item":"https:\/\/chemi-3.com\/fr\/shop\/"},{"@type":"ListItem","position":3,"name":"310-s \u2013 poubelles de sol"}]},{"@type":"WebSite","@id":"https:\/\/chemi-3.com\/fr\/#website","url":"https:\/\/chemi-3.com\/fr\/","name":"Chemi-3 Inc.","description":"Montreal&#039;s premier distributor of janitorial, sanitary and commercial products.","publisher":{"@id":"https:\/\/chemi-3.com\/fr\/#organization"},"potentialAction":[{"@type":"SearchAction","target":{"@type":"EntryPoint","urlTemplate":"https:\/\/chemi-3.com\/fr\/?s={search_term_string}"},"query-input":{"@type":"PropertyValueSpecification","valueRequired":true,"valueName":"search_term_string"}}],"inLanguage":"fr-CA"},{"@type":"Organization","@id":"https:\/\/chemi-3.com\/fr\/#organization","name":"Chemi-3 Industries Inc.","url":"https:\/\/chemi-3.com\/fr\/","logo":{"@type":"ImageObject","inLanguage":"fr-CA","@id":"https:\/\/chemi-3.com\/fr\/#\/schema\/logo\/image\/","url":"http:\/\/chemi-3.com\/wp-content\/uploads\/2021\/09\/Chemi3_logo_transparent_highres.png","contentUrl":"http:\/\/chemi-3.com\/wp-content\/uploads\/2021\/09\/Chemi3_logo_transparent_highres.png","width":1000,"height":387,"caption":"Chemi-3 Industries Inc."},"image":{"@id":"https:\/\/chemi-3.com\/fr\/#\/schema\/logo\/image\/"},"sameAs":["https:\/\/www.facebook.com\/chemi3inc\/","https:\/\/x.com\/chemi3inc","https:\/\/www.instagram.com\/chemi3inc\/","https:\/\/www.linkedin.com\/company\/chemi3inc"]}]}},"_links":{"self":[{"href":"https:\/\/chemi-3.com\/fr\/wp-json\/wp\/v2\/product\/26420","targetHints":{"allow":["GET"]}}],"collection":[{"href":"https:\/\/chemi-3.com\/fr\/wp-json\/wp\/v2\/product"}],"about":[{"href":"https:\/\/chemi-3.com\/fr\/wp-json\/wp\/v2\/types\/product"}],"replies":[{"embeddable":true,"href":"https:\/\/chemi-3.com\/fr\/wp-json\/wp\/v2\/comments?post=26420"}],"wp:attachment":[{"href":"https:\/\/chemi-3.com\/fr\/wp-json\/wp\/v2\/media?parent=26420"}],"wp:term":[{"taxonomy":"product_brand","embeddable":true,"href":"https:\/\/chemi-3.com\/fr\/wp-json\/wp\/v2\/product_brand?post=26420"},{"taxonomy":"product_cat","embeddable":true,"href":"https:\/\/chemi-3.com\/fr\/wp-json\/wp\/v2\/product_cat?post=26420"},{"taxonomy":"product_tag","embeddable":true,"href":"https:\/\/chemi-3.com\/fr\/wp-json\/wp\/v2\/product_tag?post=26420"}],"curies":[{"name":"wp","href":"https:\/\/api.w.org\/{rel}","templated":true}]}}