{"id":26432,"date":"2021-11-05T12:55:10","date_gmt":"2021-11-05T16:55:10","guid":{"rendered":"https:\/\/chemi-3.com\/product\/cendrier-sur-pied-groundskeeper-brun\/"},"modified":"2021-11-05T12:55:32","modified_gmt":"2021-11-05T16:55:32","slug":"cendrier-sur-pied-groundskeeper-brun","status":"publish","type":"product","link":"https:\/\/chemi-3.com\/fr\/product\/cendrier-sur-pied-groundskeeper-brun\/","title":{"rendered":"Cendrier sur pied groundskeeper\u00ae, brun"},"content":{"rendered":"<body><p>La solution adapt\u00e9e \u00e0 tous types de temps, permettant de r\u00e9soudre les probl\u00e8mes inesth\u00e9tiques li\u00e9s aux intemp\u00e9ries.\u2022Chambre int\u00e9rieure hygi\u00e9nique et facile \u00e0 entretenir.\u2022Ouverture restreinte pour dissimuler les d\u00e9chets, prot\u00e9ger le contenu des intemp\u00e9ries et r\u00e9duire le flux d\u2019oxyg\u00e8ne.\u2022Grande chambre int\u00e9rieure en acier galvanis\u00e9 pouvant contenir une tr\u00e8s grande quantit\u00e9 de m\u00e9gots.\u2022Anneau de lestage pour une stabilit\u00e9 accrue et pour \u00e9viter le vol.<\/p>\n<p>La solution adapt\u00e9e \u00e0 tous types de temps, permettant de r\u00e9soudre les probl\u00e8mes inesth\u00e9tiques li\u00e9s aux intemp\u00e9ries.\u2022Chambre int\u00e9rieure hygi\u00e9nique et facile \u00e0 entretenir.\u2022Ouverture restreinte pour dissimuler les d\u00e9chets, prot\u00e9ger le contenu des intemp\u00e9ries et r\u00e9duire le flux d\u2019oxyg\u00e8ne.\u2022Grande chambre int\u00e9rieure en acier galvanis\u00e9 pouvant contenir une tr\u00e8s grande quantit\u00e9 de m\u00e9gots.\u2022Anneau de lestage pour une stabilit\u00e9 accrue et pour \u00e9viter le vol.<br>\nUnit\u00e9 de mesure : 1\/EA<\/p>\n<\/body>","protected":false},"excerpt":{"rendered":"<p>La solution adapt\u00e9e \u00e0 tous types de temps, permettant de r\u00e9soudre les probl\u00e8mes inesth\u00e9tiques li\u00e9s aux intemp\u00e9ries.\u2022Chambre int\u00e9rieure hygi\u00e9nique et facile \u00e0 entretenir.\u2022Ouverture restreinte pour dissimuler les d\u00e9chets, prot\u00e9ger le contenu des intemp\u00e9ries et r\u00e9duire le flux d\u2019oxyg\u00e8ne.\u2022Grande chambre int\u00e9rieure en acier galvanis\u00e9 pouvant contenir une tr\u00e8s grande quantit\u00e9 de m\u00e9gots.\u2022Anneau de lestage pour une [&hellip;]<\/p>\n","protected":false},"featured_media":0,"comment_status":"closed","ping_status":"open","template":"","meta":{"_et_pb_use_builder":"","_et_pb_old_content":"","_et_gb_content_width":""},"product_brand":[],"product_cat":[12818],"product_tag":[13616,13892,13682],"class_list":{"0":"post-26432","1":"product","2":"type-product","3":"status-publish","5":"product_cat-contenants-pour-dechets","6":"product_tag-conciergerie-et-entretien","7":"product_tag-contenants-pour-dechets","8":"product_tag-poubelles-a-dechets-et-manutention","9":"pa_country-of-origin-united-states","10":"pa_is-hazardous-material-non","11":"pa_product-colour-brun","12":"pa_product-material-resin","14":"first","15":"instock","16":"taxable","17":"shipping-taxable","18":"purchasable","19":"product-type-simple"},"yoast_head":"<!-- This site is optimized with the Yoast SEO plugin v27.5 - https:\/\/yoast.com\/product\/yoast-seo-wordpress\/ -->\n<title>Cendrier sur pied groundskeeper\u00ae, brun &#8211; Chemi-3 Inc.<\/title>\n<meta name=\"robots\" content=\"index, follow, max-snippet:-1, max-image-preview:large, max-video-preview:-1\" \/>\n<link rel=\"canonical\" href=\"https:\/\/chemi-3.com\/fr\/product\/cendrier-sur-pied-groundskeeper-brun\/\" \/>\n<meta property=\"og:locale\" content=\"fr_CA\" \/>\n<meta property=\"og:type\" content=\"article\" \/>\n<meta property=\"og:title\" content=\"Cendrier sur pied groundskeeper\u00ae, brun &#8211; Chemi-3 Inc.\" \/>\n<meta property=\"og:description\" content=\"La solution adapt\u00e9e \u00e0 tous types de temps, permettant de r\u00e9soudre les probl\u00e8mes inesth\u00e9tiques li\u00e9s aux intemp\u00e9ries.\u2022Chambre int\u00e9rieure hygi\u00e9nique et facile \u00e0 entretenir.\u2022Ouverture restreinte pour dissimuler les d\u00e9chets, prot\u00e9ger le contenu des intemp\u00e9ries et r\u00e9duire le flux d\u2019oxyg\u00e8ne.\u2022Grande chambre int\u00e9rieure en acier galvanis\u00e9 pouvant contenir une tr\u00e8s grande quantit\u00e9 de m\u00e9gots.\u2022Anneau de lestage pour une [&hellip;]\" \/>\n<meta property=\"og:url\" content=\"https:\/\/chemi-3.com\/fr\/product\/cendrier-sur-pied-groundskeeper-brun\/\" \/>\n<meta property=\"og:site_name\" content=\"Chemi-3 Inc.\" \/>\n<meta property=\"article:publisher\" content=\"https:\/\/www.facebook.com\/chemi3inc\/\" \/>\n<meta property=\"article:modified_time\" content=\"2021-11-05T16:55:32+00:00\" \/>\n<meta name=\"twitter:card\" content=\"summary_large_image\" \/>\n<meta name=\"twitter:site\" content=\"@chemi3inc\" \/>\n<meta name=\"twitter:label1\" content=\"Estimation du temps de lecture\" \/>\n\t<meta name=\"twitter:data1\" content=\"1 minute\" \/>\n<script type=\"application\/ld+json\" class=\"yoast-schema-graph\">{\"@context\":\"https:\\\/\\\/schema.org\",\"@graph\":[{\"@type\":[\"WebPage\",\"ItemPage\"],\"@id\":\"https:\\\/\\\/chemi-3.com\\\/fr\\\/product\\\/cendrier-sur-pied-groundskeeper-brun\\\/\",\"url\":\"https:\\\/\\\/chemi-3.com\\\/fr\\\/product\\\/cendrier-sur-pied-groundskeeper-brun\\\/\",\"name\":\"Cendrier sur pied groundskeeper\u00ae, brun &#8211; Chemi-3 Inc.\",\"isPartOf\":{\"@id\":\"https:\\\/\\\/chemi-3.com\\\/fr\\\/#website\"},\"datePublished\":\"2021-11-05T16:55:10+00:00\",\"dateModified\":\"2021-11-05T16:55:32+00:00\",\"breadcrumb\":{\"@id\":\"https:\\\/\\\/chemi-3.com\\\/fr\\\/product\\\/cendrier-sur-pied-groundskeeper-brun\\\/#breadcrumb\"},\"inLanguage\":\"fr-CA\",\"potentialAction\":[{\"@type\":\"ReadAction\",\"target\":[\"https:\\\/\\\/chemi-3.com\\\/fr\\\/product\\\/cendrier-sur-pied-groundskeeper-brun\\\/\"]}]},{\"@type\":\"BreadcrumbList\",\"@id\":\"https:\\\/\\\/chemi-3.com\\\/fr\\\/product\\\/cendrier-sur-pied-groundskeeper-brun\\\/#breadcrumb\",\"itemListElement\":[{\"@type\":\"ListItem\",\"position\":1,\"name\":\"Home\",\"item\":\"https:\\\/\\\/chemi-3.com\\\/fr\\\/\"},{\"@type\":\"ListItem\",\"position\":2,\"name\":\"Produits\",\"item\":\"https:\\\/\\\/chemi-3.com\\\/fr\\\/shop\\\/\"},{\"@type\":\"ListItem\",\"position\":3,\"name\":\"Cendrier sur pied groundskeeper\u00ae, brun\"}]},{\"@type\":\"WebSite\",\"@id\":\"https:\\\/\\\/chemi-3.com\\\/fr\\\/#website\",\"url\":\"https:\\\/\\\/chemi-3.com\\\/fr\\\/\",\"name\":\"Chemi-3 Inc.\",\"description\":\"Montreal&#039;s premier distributor of janitorial, sanitary and commercial products.\",\"publisher\":{\"@id\":\"https:\\\/\\\/chemi-3.com\\\/fr\\\/#organization\"},\"potentialAction\":[{\"@type\":\"SearchAction\",\"target\":{\"@type\":\"EntryPoint\",\"urlTemplate\":\"https:\\\/\\\/chemi-3.com\\\/fr\\\/?s={search_term_string}\"},\"query-input\":{\"@type\":\"PropertyValueSpecification\",\"valueRequired\":true,\"valueName\":\"search_term_string\"}}],\"inLanguage\":\"fr-CA\"},{\"@type\":\"Organization\",\"@id\":\"https:\\\/\\\/chemi-3.com\\\/fr\\\/#organization\",\"name\":\"Chemi-3 Industries Inc.\",\"url\":\"https:\\\/\\\/chemi-3.com\\\/fr\\\/\",\"logo\":{\"@type\":\"ImageObject\",\"inLanguage\":\"fr-CA\",\"@id\":\"https:\\\/\\\/chemi-3.com\\\/fr\\\/#\\\/schema\\\/logo\\\/image\\\/\",\"url\":\"http:\\\/\\\/chemi-3.com\\\/wp-content\\\/uploads\\\/2021\\\/09\\\/Chemi3_logo_transparent_highres.png\",\"contentUrl\":\"http:\\\/\\\/chemi-3.com\\\/wp-content\\\/uploads\\\/2021\\\/09\\\/Chemi3_logo_transparent_highres.png\",\"width\":1000,\"height\":387,\"caption\":\"Chemi-3 Industries Inc.\"},\"image\":{\"@id\":\"https:\\\/\\\/chemi-3.com\\\/fr\\\/#\\\/schema\\\/logo\\\/image\\\/\"},\"sameAs\":[\"https:\\\/\\\/www.facebook.com\\\/chemi3inc\\\/\",\"https:\\\/\\\/x.com\\\/chemi3inc\",\"https:\\\/\\\/www.instagram.com\\\/chemi3inc\\\/\",\"https:\\\/\\\/www.linkedin.com\\\/company\\\/chemi3inc\"]}]}<\/script>\n<!-- \/ Yoast SEO plugin. -->","yoast_head_json":{"title":"Cendrier sur pied groundskeeper\u00ae, brun &#8211; Chemi-3 Inc.","robots":{"index":"index","follow":"follow","max-snippet":"max-snippet:-1","max-image-preview":"max-image-preview:large","max-video-preview":"max-video-preview:-1"},"canonical":"https:\/\/chemi-3.com\/fr\/product\/cendrier-sur-pied-groundskeeper-brun\/","og_locale":"fr_CA","og_type":"article","og_title":"Cendrier sur pied groundskeeper\u00ae, brun &#8211; Chemi-3 Inc.","og_description":"La solution adapt\u00e9e \u00e0 tous types de temps, permettant de r\u00e9soudre les probl\u00e8mes inesth\u00e9tiques li\u00e9s aux intemp\u00e9ries.\u2022Chambre int\u00e9rieure hygi\u00e9nique et facile \u00e0 entretenir.\u2022Ouverture restreinte pour dissimuler les d\u00e9chets, prot\u00e9ger le contenu des intemp\u00e9ries et r\u00e9duire le flux d\u2019oxyg\u00e8ne.\u2022Grande chambre int\u00e9rieure en acier galvanis\u00e9 pouvant contenir une tr\u00e8s grande quantit\u00e9 de m\u00e9gots.\u2022Anneau de lestage pour une [&hellip;]","og_url":"https:\/\/chemi-3.com\/fr\/product\/cendrier-sur-pied-groundskeeper-brun\/","og_site_name":"Chemi-3 Inc.","article_publisher":"https:\/\/www.facebook.com\/chemi3inc\/","article_modified_time":"2021-11-05T16:55:32+00:00","twitter_card":"summary_large_image","twitter_site":"@chemi3inc","twitter_misc":{"Estimation du temps de lecture":"1 minute"},"schema":{"@context":"https:\/\/schema.org","@graph":[{"@type":["WebPage","ItemPage"],"@id":"https:\/\/chemi-3.com\/fr\/product\/cendrier-sur-pied-groundskeeper-brun\/","url":"https:\/\/chemi-3.com\/fr\/product\/cendrier-sur-pied-groundskeeper-brun\/","name":"Cendrier sur pied groundskeeper\u00ae, brun &#8211; Chemi-3 Inc.","isPartOf":{"@id":"https:\/\/chemi-3.com\/fr\/#website"},"datePublished":"2021-11-05T16:55:10+00:00","dateModified":"2021-11-05T16:55:32+00:00","breadcrumb":{"@id":"https:\/\/chemi-3.com\/fr\/product\/cendrier-sur-pied-groundskeeper-brun\/#breadcrumb"},"inLanguage":"fr-CA","potentialAction":[{"@type":"ReadAction","target":["https:\/\/chemi-3.com\/fr\/product\/cendrier-sur-pied-groundskeeper-brun\/"]}]},{"@type":"BreadcrumbList","@id":"https:\/\/chemi-3.com\/fr\/product\/cendrier-sur-pied-groundskeeper-brun\/#breadcrumb","itemListElement":[{"@type":"ListItem","position":1,"name":"Home","item":"https:\/\/chemi-3.com\/fr\/"},{"@type":"ListItem","position":2,"name":"Produits","item":"https:\/\/chemi-3.com\/fr\/shop\/"},{"@type":"ListItem","position":3,"name":"Cendrier sur pied groundskeeper\u00ae, brun"}]},{"@type":"WebSite","@id":"https:\/\/chemi-3.com\/fr\/#website","url":"https:\/\/chemi-3.com\/fr\/","name":"Chemi-3 Inc.","description":"Montreal&#039;s premier distributor of janitorial, sanitary and commercial products.","publisher":{"@id":"https:\/\/chemi-3.com\/fr\/#organization"},"potentialAction":[{"@type":"SearchAction","target":{"@type":"EntryPoint","urlTemplate":"https:\/\/chemi-3.com\/fr\/?s={search_term_string}"},"query-input":{"@type":"PropertyValueSpecification","valueRequired":true,"valueName":"search_term_string"}}],"inLanguage":"fr-CA"},{"@type":"Organization","@id":"https:\/\/chemi-3.com\/fr\/#organization","name":"Chemi-3 Industries Inc.","url":"https:\/\/chemi-3.com\/fr\/","logo":{"@type":"ImageObject","inLanguage":"fr-CA","@id":"https:\/\/chemi-3.com\/fr\/#\/schema\/logo\/image\/","url":"http:\/\/chemi-3.com\/wp-content\/uploads\/2021\/09\/Chemi3_logo_transparent_highres.png","contentUrl":"http:\/\/chemi-3.com\/wp-content\/uploads\/2021\/09\/Chemi3_logo_transparent_highres.png","width":1000,"height":387,"caption":"Chemi-3 Industries Inc."},"image":{"@id":"https:\/\/chemi-3.com\/fr\/#\/schema\/logo\/image\/"},"sameAs":["https:\/\/www.facebook.com\/chemi3inc\/","https:\/\/x.com\/chemi3inc","https:\/\/www.instagram.com\/chemi3inc\/","https:\/\/www.linkedin.com\/company\/chemi3inc"]}]}},"_links":{"self":[{"href":"https:\/\/chemi-3.com\/fr\/wp-json\/wp\/v2\/product\/26432","targetHints":{"allow":["GET"]}}],"collection":[{"href":"https:\/\/chemi-3.com\/fr\/wp-json\/wp\/v2\/product"}],"about":[{"href":"https:\/\/chemi-3.com\/fr\/wp-json\/wp\/v2\/types\/product"}],"replies":[{"embeddable":true,"href":"https:\/\/chemi-3.com\/fr\/wp-json\/wp\/v2\/comments?post=26432"}],"wp:attachment":[{"href":"https:\/\/chemi-3.com\/fr\/wp-json\/wp\/v2\/media?parent=26432"}],"wp:term":[{"taxonomy":"product_brand","embeddable":true,"href":"https:\/\/chemi-3.com\/fr\/wp-json\/wp\/v2\/product_brand?post=26432"},{"taxonomy":"product_cat","embeddable":true,"href":"https:\/\/chemi-3.com\/fr\/wp-json\/wp\/v2\/product_cat?post=26432"},{"taxonomy":"product_tag","embeddable":true,"href":"https:\/\/chemi-3.com\/fr\/wp-json\/wp\/v2\/product_tag?post=26432"}],"curies":[{"name":"wp","href":"https:\/\/api.w.org\/{rel}","templated":true}]}}