{"id":26457,"date":"2021-11-05T12:55:39","date_gmt":"2021-11-05T16:55:39","guid":{"rendered":"https:\/\/chemi-3.com\/product\/poubelle-brute-avec-conduits-daeration-20-gal-gris\/"},"modified":"2021-11-05T12:55:43","modified_gmt":"2021-11-05T16:55:43","slug":"poubelle-brute-avec-conduits-daeration-20-gal-gris","status":"publish","type":"product","link":"https:\/\/chemi-3.com\/fr\/product\/poubelle-brute-avec-conduits-daeration-20-gal-gris\/","title":{"rendered":"Poubelle brute\u00ae avec conduits d&#8217;a\u00e9ration, 20 gal, gris"},"content":{"rendered":"<body><p>Conduits d\u2019a\u00e9ration innovants pour extraire les sacs deux fois plus facilement, am\u00e9liorer la productivit\u00e9 et r\u00e9duire les risques de blessure. \u2022Fentes int\u00e9gr\u00e9es pour fixer les sacs aux rebords de la poubelle et permettre une fixation des sacs rapide sans faire de n\u0153uds. \u2022Test\u00e9e jusqu\u2019\u00e0 20 000 cycles. \u2022 Poign\u00e9es arrondies pour les soulever et les d\u00e9placer plus facilement et renforc\u00e9es pour r\u00e9sister \u00e0 l\u2019usure et supporter les plus lourdes charges. \u2022 Base renforc\u00e9e sp\u00e9cifiquement con\u00e7ue et r\u00e9alis\u00e9e pour \u00eatre tra\u00een\u00e9e sur des surfaces rugueuses, gage de durabilit\u00e9 et de r\u00e9sistance dans les environnements les plus rudes. \u2022 Base profil\u00e9e am\u00e9liorant la pr\u00e9hension et l\u2019ergonomie, r\u00e9duisant l\u2019effort et permettant de vider plus efficacement les poubelles. \u2022Rebord nervur\u00e9 pour renforcer la structure et r\u00e9sister \u00e0 l\u2019\u00e9crasement.<br>\nUnit\u00e9 de mesure : 1\/EA<\/p>\n<\/body>","protected":false},"excerpt":{"rendered":"<p>Conduits d\u2019a\u00e9ration innovants pour extraire les sacs deux fois plus facilement, am\u00e9liorer la productivit\u00e9 et r\u00e9duire les risques de blessure. \u2022Fentes int\u00e9gr\u00e9es pour fixer les sacs aux rebords de la poubelle et permettre une fixation des sacs rapide sans faire de n\u0153uds. \u2022Test\u00e9e jusqu\u2019\u00e0 20 000 cycles. \u2022 Poign\u00e9es arrondies pour les soulever et les [&hellip;]<\/p>\n","protected":false},"featured_media":0,"comment_status":"closed","ping_status":"open","template":"","meta":{"_et_pb_use_builder":"","_et_pb_old_content":"","_et_gb_content_width":""},"product_brand":[],"product_cat":[12818],"product_tag":[13616,13892,13682],"class_list":{"0":"post-26457","1":"product","2":"type-product","3":"status-publish","5":"product_cat-contenants-pour-dechets","6":"product_tag-conciergerie-et-entretien","7":"product_tag-contenants-pour-dechets","8":"product_tag-poubelles-a-dechets-et-manutention","9":"pa_country-of-origin-united-states","10":"pa_is-hazardous-material-non","11":"pa_product-colour-gris-fr","12":"pa_product-material-resin","13":"pa_product-shape-rond","15":"first","16":"instock","17":"taxable","18":"shipping-taxable","19":"purchasable","20":"product-type-simple"},"yoast_head":"<!-- This site is optimized with the Yoast SEO plugin v27.5 - https:\/\/yoast.com\/product\/yoast-seo-wordpress\/ -->\n<title>Poubelle brute\u00ae avec conduits d&#039;a\u00e9ration, 20 gal, gris &#8211; Chemi-3 Inc.<\/title>\n<meta name=\"robots\" content=\"index, follow, max-snippet:-1, max-image-preview:large, max-video-preview:-1\" \/>\n<link rel=\"canonical\" href=\"https:\/\/chemi-3.com\/fr\/product\/poubelle-brute-avec-conduits-daeration-20-gal-gris\/\" \/>\n<meta property=\"og:locale\" content=\"fr_CA\" \/>\n<meta property=\"og:type\" content=\"article\" \/>\n<meta property=\"og:title\" content=\"Poubelle brute\u00ae avec conduits d&#039;a\u00e9ration, 20 gal, gris &#8211; Chemi-3 Inc.\" \/>\n<meta property=\"og:description\" content=\"Conduits d\u2019a\u00e9ration innovants pour extraire les sacs deux fois plus facilement, am\u00e9liorer la productivit\u00e9 et r\u00e9duire les risques de blessure. \u2022Fentes int\u00e9gr\u00e9es pour fixer les sacs aux rebords de la poubelle et permettre une fixation des sacs rapide sans faire de n\u0153uds. \u2022Test\u00e9e jusqu\u2019\u00e0 20 000 cycles. \u2022 Poign\u00e9es arrondies pour les soulever et les [&hellip;]\" \/>\n<meta property=\"og:url\" content=\"https:\/\/chemi-3.com\/fr\/product\/poubelle-brute-avec-conduits-daeration-20-gal-gris\/\" \/>\n<meta property=\"og:site_name\" content=\"Chemi-3 Inc.\" \/>\n<meta property=\"article:publisher\" content=\"https:\/\/www.facebook.com\/chemi3inc\/\" \/>\n<meta property=\"article:modified_time\" content=\"2021-11-05T16:55:43+00:00\" \/>\n<meta name=\"twitter:card\" content=\"summary_large_image\" \/>\n<meta name=\"twitter:site\" content=\"@chemi3inc\" \/>\n<meta name=\"twitter:label1\" content=\"Estimation du temps de lecture\" \/>\n\t<meta name=\"twitter:data1\" content=\"1 minute\" \/>\n<script type=\"application\/ld+json\" class=\"yoast-schema-graph\">{\"@context\":\"https:\\\/\\\/schema.org\",\"@graph\":[{\"@type\":[\"WebPage\",\"ItemPage\"],\"@id\":\"https:\\\/\\\/chemi-3.com\\\/fr\\\/product\\\/poubelle-brute-avec-conduits-daeration-20-gal-gris\\\/\",\"url\":\"https:\\\/\\\/chemi-3.com\\\/fr\\\/product\\\/poubelle-brute-avec-conduits-daeration-20-gal-gris\\\/\",\"name\":\"Poubelle brute\u00ae avec conduits d'a\u00e9ration, 20 gal, gris &#8211; Chemi-3 Inc.\",\"isPartOf\":{\"@id\":\"https:\\\/\\\/chemi-3.com\\\/fr\\\/#website\"},\"datePublished\":\"2021-11-05T16:55:39+00:00\",\"dateModified\":\"2021-11-05T16:55:43+00:00\",\"breadcrumb\":{\"@id\":\"https:\\\/\\\/chemi-3.com\\\/fr\\\/product\\\/poubelle-brute-avec-conduits-daeration-20-gal-gris\\\/#breadcrumb\"},\"inLanguage\":\"fr-CA\",\"potentialAction\":[{\"@type\":\"ReadAction\",\"target\":[\"https:\\\/\\\/chemi-3.com\\\/fr\\\/product\\\/poubelle-brute-avec-conduits-daeration-20-gal-gris\\\/\"]}]},{\"@type\":\"BreadcrumbList\",\"@id\":\"https:\\\/\\\/chemi-3.com\\\/fr\\\/product\\\/poubelle-brute-avec-conduits-daeration-20-gal-gris\\\/#breadcrumb\",\"itemListElement\":[{\"@type\":\"ListItem\",\"position\":1,\"name\":\"Home\",\"item\":\"https:\\\/\\\/chemi-3.com\\\/fr\\\/\"},{\"@type\":\"ListItem\",\"position\":2,\"name\":\"Produits\",\"item\":\"https:\\\/\\\/chemi-3.com\\\/fr\\\/shop\\\/\"},{\"@type\":\"ListItem\",\"position\":3,\"name\":\"Poubelle brute\u00ae avec conduits d&#8217;a\u00e9ration, 20 gal, gris\"}]},{\"@type\":\"WebSite\",\"@id\":\"https:\\\/\\\/chemi-3.com\\\/fr\\\/#website\",\"url\":\"https:\\\/\\\/chemi-3.com\\\/fr\\\/\",\"name\":\"Chemi-3 Inc.\",\"description\":\"Montreal&#039;s premier distributor of janitorial, sanitary and commercial products.\",\"publisher\":{\"@id\":\"https:\\\/\\\/chemi-3.com\\\/fr\\\/#organization\"},\"potentialAction\":[{\"@type\":\"SearchAction\",\"target\":{\"@type\":\"EntryPoint\",\"urlTemplate\":\"https:\\\/\\\/chemi-3.com\\\/fr\\\/?s={search_term_string}\"},\"query-input\":{\"@type\":\"PropertyValueSpecification\",\"valueRequired\":true,\"valueName\":\"search_term_string\"}}],\"inLanguage\":\"fr-CA\"},{\"@type\":\"Organization\",\"@id\":\"https:\\\/\\\/chemi-3.com\\\/fr\\\/#organization\",\"name\":\"Chemi-3 Industries Inc.\",\"url\":\"https:\\\/\\\/chemi-3.com\\\/fr\\\/\",\"logo\":{\"@type\":\"ImageObject\",\"inLanguage\":\"fr-CA\",\"@id\":\"https:\\\/\\\/chemi-3.com\\\/fr\\\/#\\\/schema\\\/logo\\\/image\\\/\",\"url\":\"http:\\\/\\\/chemi-3.com\\\/wp-content\\\/uploads\\\/2021\\\/09\\\/Chemi3_logo_transparent_highres.png\",\"contentUrl\":\"http:\\\/\\\/chemi-3.com\\\/wp-content\\\/uploads\\\/2021\\\/09\\\/Chemi3_logo_transparent_highres.png\",\"width\":1000,\"height\":387,\"caption\":\"Chemi-3 Industries Inc.\"},\"image\":{\"@id\":\"https:\\\/\\\/chemi-3.com\\\/fr\\\/#\\\/schema\\\/logo\\\/image\\\/\"},\"sameAs\":[\"https:\\\/\\\/www.facebook.com\\\/chemi3inc\\\/\",\"https:\\\/\\\/x.com\\\/chemi3inc\",\"https:\\\/\\\/www.instagram.com\\\/chemi3inc\\\/\",\"https:\\\/\\\/www.linkedin.com\\\/company\\\/chemi3inc\"]}]}<\/script>\n<!-- \/ Yoast SEO plugin. -->","yoast_head_json":{"title":"Poubelle brute\u00ae avec conduits d'a\u00e9ration, 20 gal, gris &#8211; Chemi-3 Inc.","robots":{"index":"index","follow":"follow","max-snippet":"max-snippet:-1","max-image-preview":"max-image-preview:large","max-video-preview":"max-video-preview:-1"},"canonical":"https:\/\/chemi-3.com\/fr\/product\/poubelle-brute-avec-conduits-daeration-20-gal-gris\/","og_locale":"fr_CA","og_type":"article","og_title":"Poubelle brute\u00ae avec conduits d'a\u00e9ration, 20 gal, gris &#8211; Chemi-3 Inc.","og_description":"Conduits d\u2019a\u00e9ration innovants pour extraire les sacs deux fois plus facilement, am\u00e9liorer la productivit\u00e9 et r\u00e9duire les risques de blessure. \u2022Fentes int\u00e9gr\u00e9es pour fixer les sacs aux rebords de la poubelle et permettre une fixation des sacs rapide sans faire de n\u0153uds. \u2022Test\u00e9e jusqu\u2019\u00e0 20 000 cycles. \u2022 Poign\u00e9es arrondies pour les soulever et les [&hellip;]","og_url":"https:\/\/chemi-3.com\/fr\/product\/poubelle-brute-avec-conduits-daeration-20-gal-gris\/","og_site_name":"Chemi-3 Inc.","article_publisher":"https:\/\/www.facebook.com\/chemi3inc\/","article_modified_time":"2021-11-05T16:55:43+00:00","twitter_card":"summary_large_image","twitter_site":"@chemi3inc","twitter_misc":{"Estimation du temps de lecture":"1 minute"},"schema":{"@context":"https:\/\/schema.org","@graph":[{"@type":["WebPage","ItemPage"],"@id":"https:\/\/chemi-3.com\/fr\/product\/poubelle-brute-avec-conduits-daeration-20-gal-gris\/","url":"https:\/\/chemi-3.com\/fr\/product\/poubelle-brute-avec-conduits-daeration-20-gal-gris\/","name":"Poubelle brute\u00ae avec conduits d'a\u00e9ration, 20 gal, gris &#8211; Chemi-3 Inc.","isPartOf":{"@id":"https:\/\/chemi-3.com\/fr\/#website"},"datePublished":"2021-11-05T16:55:39+00:00","dateModified":"2021-11-05T16:55:43+00:00","breadcrumb":{"@id":"https:\/\/chemi-3.com\/fr\/product\/poubelle-brute-avec-conduits-daeration-20-gal-gris\/#breadcrumb"},"inLanguage":"fr-CA","potentialAction":[{"@type":"ReadAction","target":["https:\/\/chemi-3.com\/fr\/product\/poubelle-brute-avec-conduits-daeration-20-gal-gris\/"]}]},{"@type":"BreadcrumbList","@id":"https:\/\/chemi-3.com\/fr\/product\/poubelle-brute-avec-conduits-daeration-20-gal-gris\/#breadcrumb","itemListElement":[{"@type":"ListItem","position":1,"name":"Home","item":"https:\/\/chemi-3.com\/fr\/"},{"@type":"ListItem","position":2,"name":"Produits","item":"https:\/\/chemi-3.com\/fr\/shop\/"},{"@type":"ListItem","position":3,"name":"Poubelle brute\u00ae avec conduits d&#8217;a\u00e9ration, 20 gal, gris"}]},{"@type":"WebSite","@id":"https:\/\/chemi-3.com\/fr\/#website","url":"https:\/\/chemi-3.com\/fr\/","name":"Chemi-3 Inc.","description":"Montreal&#039;s premier distributor of janitorial, sanitary and commercial products.","publisher":{"@id":"https:\/\/chemi-3.com\/fr\/#organization"},"potentialAction":[{"@type":"SearchAction","target":{"@type":"EntryPoint","urlTemplate":"https:\/\/chemi-3.com\/fr\/?s={search_term_string}"},"query-input":{"@type":"PropertyValueSpecification","valueRequired":true,"valueName":"search_term_string"}}],"inLanguage":"fr-CA"},{"@type":"Organization","@id":"https:\/\/chemi-3.com\/fr\/#organization","name":"Chemi-3 Industries Inc.","url":"https:\/\/chemi-3.com\/fr\/","logo":{"@type":"ImageObject","inLanguage":"fr-CA","@id":"https:\/\/chemi-3.com\/fr\/#\/schema\/logo\/image\/","url":"http:\/\/chemi-3.com\/wp-content\/uploads\/2021\/09\/Chemi3_logo_transparent_highres.png","contentUrl":"http:\/\/chemi-3.com\/wp-content\/uploads\/2021\/09\/Chemi3_logo_transparent_highres.png","width":1000,"height":387,"caption":"Chemi-3 Industries Inc."},"image":{"@id":"https:\/\/chemi-3.com\/fr\/#\/schema\/logo\/image\/"},"sameAs":["https:\/\/www.facebook.com\/chemi3inc\/","https:\/\/x.com\/chemi3inc","https:\/\/www.instagram.com\/chemi3inc\/","https:\/\/www.linkedin.com\/company\/chemi3inc"]}]}},"_links":{"self":[{"href":"https:\/\/chemi-3.com\/fr\/wp-json\/wp\/v2\/product\/26457","targetHints":{"allow":["GET"]}}],"collection":[{"href":"https:\/\/chemi-3.com\/fr\/wp-json\/wp\/v2\/product"}],"about":[{"href":"https:\/\/chemi-3.com\/fr\/wp-json\/wp\/v2\/types\/product"}],"replies":[{"embeddable":true,"href":"https:\/\/chemi-3.com\/fr\/wp-json\/wp\/v2\/comments?post=26457"}],"wp:attachment":[{"href":"https:\/\/chemi-3.com\/fr\/wp-json\/wp\/v2\/media?parent=26457"}],"wp:term":[{"taxonomy":"product_brand","embeddable":true,"href":"https:\/\/chemi-3.com\/fr\/wp-json\/wp\/v2\/product_brand?post=26457"},{"taxonomy":"product_cat","embeddable":true,"href":"https:\/\/chemi-3.com\/fr\/wp-json\/wp\/v2\/product_cat?post=26457"},{"taxonomy":"product_tag","embeddable":true,"href":"https:\/\/chemi-3.com\/fr\/wp-json\/wp\/v2\/product_tag?post=26457"}],"curies":[{"name":"wp","href":"https:\/\/api.w.org\/{rel}","templated":true}]}}