{"id":26479,"date":"2021-11-05T12:55:39","date_gmt":"2021-11-05T16:55:39","guid":{"rendered":"https:\/\/chemi-3.com\/product\/couvercle-pour-poubelle-brute-de-20-gal-gris\/"},"modified":"2021-11-05T12:55:46","modified_gmt":"2021-11-05T16:55:46","slug":"couvercle-pour-poubelle-brute-de-20-gal-gris","status":"publish","type":"product","link":"https:\/\/chemi-3.com\/fr\/product\/couvercle-pour-poubelle-brute-de-20-gal-gris\/","title":{"rendered":"Couvercle pour poubelle brute\u00ae de 20 gal, gris"},"content":{"rendered":"<body><p>Les couvercles auto-drainants BRUTE\u00ae de Rubbermaid Commercial sont dot\u00e9s de rainures auto-drainantes \u00e9vitant la stagnation d\u2019eau. \u2022Verrouillable par pression, pour assurer une fermeture s\u00fbre de la poubelle.  \u2022Les saillies permettent l\u2019empilage des poubelles BRUTE\u00ae et fournissent une solution de stockage qui \u00e9conomise de l\u2019espace\u2022La construction sans joints facile \u00e0 nettoyer est garantie de ne jamais p\u00e2lir, se d\u00e9former, craquer ou s\u2019effondrer et contient un inhibiteur UV pour une longue dur\u00e9e de vie dans des environnements extr\u00eames.<br>\nUnit\u00e9 de mesure : 1\/EA<\/p>\n<\/body>","protected":false},"excerpt":{"rendered":"<p>Les couvercles auto-drainants BRUTE\u00ae de Rubbermaid Commercial sont dot\u00e9s de rainures auto-drainantes \u00e9vitant la stagnation d\u2019eau. \u2022Verrouillable par pression, pour assurer une fermeture s\u00fbre de la poubelle. \u2022Les saillies permettent l\u2019empilage des poubelles BRUTE\u00ae et fournissent une solution de stockage qui \u00e9conomise de l\u2019espace\u2022La construction sans joints facile \u00e0 nettoyer est garantie de ne jamais [&hellip;]<\/p>\n","protected":false},"featured_media":0,"comment_status":"closed","ping_status":"open","template":"","meta":{"_et_pb_use_builder":"","_et_pb_old_content":"","_et_gb_content_width":""},"product_brand":[],"product_cat":[12818],"product_tag":[13616,13892,13682],"class_list":{"0":"post-26479","1":"product","2":"type-product","3":"status-publish","5":"product_cat-contenants-pour-dechets","6":"product_tag-conciergerie-et-entretien","7":"product_tag-contenants-pour-dechets","8":"product_tag-poubelles-a-dechets-et-manutention","9":"pa_country-of-origin-united-states","10":"pa_is-hazardous-material-non","11":"pa_product-material-resin","13":"first","14":"instock","15":"taxable","16":"shipping-taxable","17":"purchasable","18":"product-type-simple"},"yoast_head":"<!-- This site is optimized with the Yoast SEO plugin v27.4 - https:\/\/yoast.com\/product\/yoast-seo-wordpress\/ -->\n<title>Couvercle pour poubelle brute\u00ae de 20 gal, gris &#8211; Chemi-3 Inc.<\/title>\n<meta name=\"robots\" content=\"index, follow, max-snippet:-1, max-image-preview:large, max-video-preview:-1\" \/>\n<link rel=\"canonical\" href=\"https:\/\/chemi-3.com\/fr\/product\/couvercle-pour-poubelle-brute-de-20-gal-gris\/\" \/>\n<meta property=\"og:locale\" content=\"fr_CA\" \/>\n<meta property=\"og:type\" content=\"article\" \/>\n<meta property=\"og:title\" content=\"Couvercle pour poubelle brute\u00ae de 20 gal, gris &#8211; Chemi-3 Inc.\" \/>\n<meta property=\"og:description\" content=\"Les couvercles auto-drainants BRUTE\u00ae de Rubbermaid Commercial sont dot\u00e9s de rainures auto-drainantes \u00e9vitant la stagnation d\u2019eau. \u2022Verrouillable par pression, pour assurer une fermeture s\u00fbre de la poubelle. \u2022Les saillies permettent l\u2019empilage des poubelles BRUTE\u00ae et fournissent une solution de stockage qui \u00e9conomise de l\u2019espace\u2022La construction sans joints facile \u00e0 nettoyer est garantie de ne jamais [&hellip;]\" \/>\n<meta property=\"og:url\" content=\"https:\/\/chemi-3.com\/fr\/product\/couvercle-pour-poubelle-brute-de-20-gal-gris\/\" \/>\n<meta property=\"og:site_name\" content=\"Chemi-3 Inc.\" \/>\n<meta property=\"article:publisher\" content=\"https:\/\/www.facebook.com\/chemi3inc\/\" \/>\n<meta property=\"article:modified_time\" content=\"2021-11-05T16:55:46+00:00\" \/>\n<meta name=\"twitter:card\" content=\"summary_large_image\" \/>\n<meta name=\"twitter:site\" content=\"@chemi3inc\" \/>\n<script type=\"application\/ld+json\" class=\"yoast-schema-graph\">{\"@context\":\"https:\\\/\\\/schema.org\",\"@graph\":[{\"@type\":[\"WebPage\",\"ItemPage\"],\"@id\":\"https:\\\/\\\/chemi-3.com\\\/fr\\\/product\\\/couvercle-pour-poubelle-brute-de-20-gal-gris\\\/\",\"url\":\"https:\\\/\\\/chemi-3.com\\\/fr\\\/product\\\/couvercle-pour-poubelle-brute-de-20-gal-gris\\\/\",\"name\":\"Couvercle pour poubelle brute\u00ae de 20 gal, gris &#8211; Chemi-3 Inc.\",\"isPartOf\":{\"@id\":\"https:\\\/\\\/chemi-3.com\\\/fr\\\/#website\"},\"datePublished\":\"2021-11-05T16:55:39+00:00\",\"dateModified\":\"2021-11-05T16:55:46+00:00\",\"breadcrumb\":{\"@id\":\"https:\\\/\\\/chemi-3.com\\\/fr\\\/product\\\/couvercle-pour-poubelle-brute-de-20-gal-gris\\\/#breadcrumb\"},\"inLanguage\":\"fr-CA\",\"potentialAction\":[{\"@type\":\"ReadAction\",\"target\":[\"https:\\\/\\\/chemi-3.com\\\/fr\\\/product\\\/couvercle-pour-poubelle-brute-de-20-gal-gris\\\/\"]}]},{\"@type\":\"BreadcrumbList\",\"@id\":\"https:\\\/\\\/chemi-3.com\\\/fr\\\/product\\\/couvercle-pour-poubelle-brute-de-20-gal-gris\\\/#breadcrumb\",\"itemListElement\":[{\"@type\":\"ListItem\",\"position\":1,\"name\":\"Home\",\"item\":\"https:\\\/\\\/chemi-3.com\\\/fr\\\/\"},{\"@type\":\"ListItem\",\"position\":2,\"name\":\"Produits\",\"item\":\"https:\\\/\\\/chemi-3.com\\\/fr\\\/shop\\\/\"},{\"@type\":\"ListItem\",\"position\":3,\"name\":\"Couvercle pour poubelle brute\u00ae de 20 gal, gris\"}]},{\"@type\":\"WebSite\",\"@id\":\"https:\\\/\\\/chemi-3.com\\\/fr\\\/#website\",\"url\":\"https:\\\/\\\/chemi-3.com\\\/fr\\\/\",\"name\":\"Chemi-3 Inc.\",\"description\":\"Montreal&#039;s premier distributor of janitorial, sanitary and commercial products.\",\"publisher\":{\"@id\":\"https:\\\/\\\/chemi-3.com\\\/fr\\\/#organization\"},\"potentialAction\":[{\"@type\":\"SearchAction\",\"target\":{\"@type\":\"EntryPoint\",\"urlTemplate\":\"https:\\\/\\\/chemi-3.com\\\/fr\\\/?s={search_term_string}\"},\"query-input\":{\"@type\":\"PropertyValueSpecification\",\"valueRequired\":true,\"valueName\":\"search_term_string\"}}],\"inLanguage\":\"fr-CA\"},{\"@type\":\"Organization\",\"@id\":\"https:\\\/\\\/chemi-3.com\\\/fr\\\/#organization\",\"name\":\"Chemi-3 Industries Inc.\",\"url\":\"https:\\\/\\\/chemi-3.com\\\/fr\\\/\",\"logo\":{\"@type\":\"ImageObject\",\"inLanguage\":\"fr-CA\",\"@id\":\"https:\\\/\\\/chemi-3.com\\\/fr\\\/#\\\/schema\\\/logo\\\/image\\\/\",\"url\":\"http:\\\/\\\/chemi-3.com\\\/wp-content\\\/uploads\\\/2021\\\/09\\\/Chemi3_logo_transparent_highres.png\",\"contentUrl\":\"http:\\\/\\\/chemi-3.com\\\/wp-content\\\/uploads\\\/2021\\\/09\\\/Chemi3_logo_transparent_highres.png\",\"width\":1000,\"height\":387,\"caption\":\"Chemi-3 Industries Inc.\"},\"image\":{\"@id\":\"https:\\\/\\\/chemi-3.com\\\/fr\\\/#\\\/schema\\\/logo\\\/image\\\/\"},\"sameAs\":[\"https:\\\/\\\/www.facebook.com\\\/chemi3inc\\\/\",\"https:\\\/\\\/x.com\\\/chemi3inc\",\"https:\\\/\\\/www.instagram.com\\\/chemi3inc\\\/\",\"https:\\\/\\\/www.linkedin.com\\\/company\\\/chemi3inc\"]}]}<\/script>\n<!-- \/ Yoast SEO plugin. -->","yoast_head_json":{"title":"Couvercle pour poubelle brute\u00ae de 20 gal, gris &#8211; Chemi-3 Inc.","robots":{"index":"index","follow":"follow","max-snippet":"max-snippet:-1","max-image-preview":"max-image-preview:large","max-video-preview":"max-video-preview:-1"},"canonical":"https:\/\/chemi-3.com\/fr\/product\/couvercle-pour-poubelle-brute-de-20-gal-gris\/","og_locale":"fr_CA","og_type":"article","og_title":"Couvercle pour poubelle brute\u00ae de 20 gal, gris &#8211; Chemi-3 Inc.","og_description":"Les couvercles auto-drainants BRUTE\u00ae de Rubbermaid Commercial sont dot\u00e9s de rainures auto-drainantes \u00e9vitant la stagnation d\u2019eau. \u2022Verrouillable par pression, pour assurer une fermeture s\u00fbre de la poubelle. \u2022Les saillies permettent l\u2019empilage des poubelles BRUTE\u00ae et fournissent une solution de stockage qui \u00e9conomise de l\u2019espace\u2022La construction sans joints facile \u00e0 nettoyer est garantie de ne jamais [&hellip;]","og_url":"https:\/\/chemi-3.com\/fr\/product\/couvercle-pour-poubelle-brute-de-20-gal-gris\/","og_site_name":"Chemi-3 Inc.","article_publisher":"https:\/\/www.facebook.com\/chemi3inc\/","article_modified_time":"2021-11-05T16:55:46+00:00","twitter_card":"summary_large_image","twitter_site":"@chemi3inc","schema":{"@context":"https:\/\/schema.org","@graph":[{"@type":["WebPage","ItemPage"],"@id":"https:\/\/chemi-3.com\/fr\/product\/couvercle-pour-poubelle-brute-de-20-gal-gris\/","url":"https:\/\/chemi-3.com\/fr\/product\/couvercle-pour-poubelle-brute-de-20-gal-gris\/","name":"Couvercle pour poubelle brute\u00ae de 20 gal, gris &#8211; Chemi-3 Inc.","isPartOf":{"@id":"https:\/\/chemi-3.com\/fr\/#website"},"datePublished":"2021-11-05T16:55:39+00:00","dateModified":"2021-11-05T16:55:46+00:00","breadcrumb":{"@id":"https:\/\/chemi-3.com\/fr\/product\/couvercle-pour-poubelle-brute-de-20-gal-gris\/#breadcrumb"},"inLanguage":"fr-CA","potentialAction":[{"@type":"ReadAction","target":["https:\/\/chemi-3.com\/fr\/product\/couvercle-pour-poubelle-brute-de-20-gal-gris\/"]}]},{"@type":"BreadcrumbList","@id":"https:\/\/chemi-3.com\/fr\/product\/couvercle-pour-poubelle-brute-de-20-gal-gris\/#breadcrumb","itemListElement":[{"@type":"ListItem","position":1,"name":"Home","item":"https:\/\/chemi-3.com\/fr\/"},{"@type":"ListItem","position":2,"name":"Produits","item":"https:\/\/chemi-3.com\/fr\/shop\/"},{"@type":"ListItem","position":3,"name":"Couvercle pour poubelle brute\u00ae de 20 gal, gris"}]},{"@type":"WebSite","@id":"https:\/\/chemi-3.com\/fr\/#website","url":"https:\/\/chemi-3.com\/fr\/","name":"Chemi-3 Inc.","description":"Montreal&#039;s premier distributor of janitorial, sanitary and commercial products.","publisher":{"@id":"https:\/\/chemi-3.com\/fr\/#organization"},"potentialAction":[{"@type":"SearchAction","target":{"@type":"EntryPoint","urlTemplate":"https:\/\/chemi-3.com\/fr\/?s={search_term_string}"},"query-input":{"@type":"PropertyValueSpecification","valueRequired":true,"valueName":"search_term_string"}}],"inLanguage":"fr-CA"},{"@type":"Organization","@id":"https:\/\/chemi-3.com\/fr\/#organization","name":"Chemi-3 Industries Inc.","url":"https:\/\/chemi-3.com\/fr\/","logo":{"@type":"ImageObject","inLanguage":"fr-CA","@id":"https:\/\/chemi-3.com\/fr\/#\/schema\/logo\/image\/","url":"http:\/\/chemi-3.com\/wp-content\/uploads\/2021\/09\/Chemi3_logo_transparent_highres.png","contentUrl":"http:\/\/chemi-3.com\/wp-content\/uploads\/2021\/09\/Chemi3_logo_transparent_highres.png","width":1000,"height":387,"caption":"Chemi-3 Industries Inc."},"image":{"@id":"https:\/\/chemi-3.com\/fr\/#\/schema\/logo\/image\/"},"sameAs":["https:\/\/www.facebook.com\/chemi3inc\/","https:\/\/x.com\/chemi3inc","https:\/\/www.instagram.com\/chemi3inc\/","https:\/\/www.linkedin.com\/company\/chemi3inc"]}]}},"_links":{"self":[{"href":"https:\/\/chemi-3.com\/fr\/wp-json\/wp\/v2\/product\/26479","targetHints":{"allow":["GET"]}}],"collection":[{"href":"https:\/\/chemi-3.com\/fr\/wp-json\/wp\/v2\/product"}],"about":[{"href":"https:\/\/chemi-3.com\/fr\/wp-json\/wp\/v2\/types\/product"}],"replies":[{"embeddable":true,"href":"https:\/\/chemi-3.com\/fr\/wp-json\/wp\/v2\/comments?post=26479"}],"wp:attachment":[{"href":"https:\/\/chemi-3.com\/fr\/wp-json\/wp\/v2\/media?parent=26479"}],"wp:term":[{"taxonomy":"product_brand","embeddable":true,"href":"https:\/\/chemi-3.com\/fr\/wp-json\/wp\/v2\/product_brand?post=26479"},{"taxonomy":"product_cat","embeddable":true,"href":"https:\/\/chemi-3.com\/fr\/wp-json\/wp\/v2\/product_cat?post=26479"},{"taxonomy":"product_tag","embeddable":true,"href":"https:\/\/chemi-3.com\/fr\/wp-json\/wp\/v2\/product_tag?post=26479"}],"curies":[{"name":"wp","href":"https:\/\/api.w.org\/{rel}","templated":true}]}}