{"id":26601,"date":"2021-11-05T12:56:07","date_gmt":"2021-11-05T16:56:07","guid":{"rendered":"https:\/\/chemi-3.com\/product\/poubelle-avec-conduits-daeration-slim-jim-23-gal-gris\/"},"modified":"2021-11-05T12:56:13","modified_gmt":"2021-11-05T16:56:13","slug":"poubelle-avec-conduits-daeration-slim-jim-23-gal-gris","status":"publish","type":"product","link":"https:\/\/chemi-3.com\/fr\/product\/poubelle-avec-conduits-daeration-slim-jim-23-gal-gris\/","title":{"rendered":"Poubelle avec conduits d\u2019a\u00e9ration slim jim\u00ae, 23 gal, gris"},"content":{"rendered":"<body><p>Les poubelles avec conduits d\u2019a\u00e9ration Slim Jim\u00ae de Rubbermaid Commercial offrent un rendement sans \u00e9gal dans les espaces exigus. \u2022Les conduits d\u2019a\u00e9ration permettent de retirer les d\u00e9chets ou le recyclage jusqu\u2019\u00e0 80 % plus facilement, d\u2019o\u00f9 une am\u00e9lioration de la productivit\u00e9 et une r\u00e9duction des risques de blessures. \u2022Quatre fentes int\u00e9gr\u00e9es pour fixer les sacs aux rebords de la poubelle et permettre une fixation des sacs rapide sans faire de n\u0153uds.\u2022Les poign\u00e9es robustes \u00e0 la base et aux bordures de la poubelle r\u00e9sistent aux d\u00e9chirures et am\u00e9liorent le contr\u00f4le lorsqu\u2019on soul\u00e8ve et vide la poubelle. \u2022La bordure comporte une structure de nervure pour r\u00e9sister \u00e0 l\u2019\u00e9crasement alors que la p\u00e9dale a \u00e9t\u00e9 con\u00e7ue pour ne se coincer lorsque les poubelles sont embo\u00eet\u00e9es.\u2022Fabriqu\u00e9es de mat\u00e9riaux de la plus haute qualit\u00e9 commerciale pour une durabilit\u00e9 sup\u00e9rieure.<br>\nUnit\u00e9 de mesure : 1\/EA<\/p>\n<\/body>","protected":false},"excerpt":{"rendered":"<p>Les poubelles avec conduits d\u2019a\u00e9ration Slim Jim\u00ae de Rubbermaid Commercial offrent un rendement sans \u00e9gal dans les espaces exigus. \u2022Les conduits d\u2019a\u00e9ration permettent de retirer les d\u00e9chets ou le recyclage jusqu\u2019\u00e0 80 % plus facilement, d\u2019o\u00f9 une am\u00e9lioration de la productivit\u00e9 et une r\u00e9duction des risques de blessures. \u2022Quatre fentes int\u00e9gr\u00e9es pour fixer les sacs [&hellip;]<\/p>\n","protected":false},"featured_media":0,"comment_status":"closed","ping_status":"open","template":"","meta":{"_et_pb_use_builder":"","_et_pb_old_content":"","_et_gb_content_width":""},"product_brand":[],"product_cat":[12818],"product_tag":[13616,13892,13682],"class_list":{"0":"post-26601","1":"product","2":"type-product","3":"status-publish","5":"product_cat-contenants-pour-dechets","6":"product_tag-conciergerie-et-entretien","7":"product_tag-contenants-pour-dechets","8":"product_tag-poubelles-a-dechets-et-manutention","9":"pa_country-of-origin-united-states","10":"pa_is-hazardous-material-non","11":"pa_product-colour-gris-fr","12":"pa_product-material-resin","13":"pa_product-shape-rectangulaire","15":"first","16":"instock","17":"taxable","18":"shipping-taxable","19":"purchasable","20":"product-type-simple"},"yoast_head":"<!-- This site is optimized with the Yoast SEO plugin v27.4 - https:\/\/yoast.com\/product\/yoast-seo-wordpress\/ -->\n<title>Poubelle avec conduits d\u2019a\u00e9ration slim jim\u00ae, 23 gal, gris &#8211; Chemi-3 Inc.<\/title>\n<meta name=\"robots\" content=\"index, follow, max-snippet:-1, max-image-preview:large, max-video-preview:-1\" \/>\n<link rel=\"canonical\" href=\"https:\/\/chemi-3.com\/fr\/product\/poubelle-avec-conduits-daeration-slim-jim-23-gal-gris\/\" \/>\n<meta property=\"og:locale\" content=\"fr_CA\" \/>\n<meta property=\"og:type\" content=\"article\" \/>\n<meta property=\"og:title\" content=\"Poubelle avec conduits d\u2019a\u00e9ration slim jim\u00ae, 23 gal, gris &#8211; Chemi-3 Inc.\" \/>\n<meta property=\"og:description\" content=\"Les poubelles avec conduits d\u2019a\u00e9ration Slim Jim\u00ae de Rubbermaid Commercial offrent un rendement sans \u00e9gal dans les espaces exigus. \u2022Les conduits d\u2019a\u00e9ration permettent de retirer les d\u00e9chets ou le recyclage jusqu\u2019\u00e0 80 % plus facilement, d\u2019o\u00f9 une am\u00e9lioration de la productivit\u00e9 et une r\u00e9duction des risques de blessures. \u2022Quatre fentes int\u00e9gr\u00e9es pour fixer les sacs [&hellip;]\" \/>\n<meta property=\"og:url\" content=\"https:\/\/chemi-3.com\/fr\/product\/poubelle-avec-conduits-daeration-slim-jim-23-gal-gris\/\" \/>\n<meta property=\"og:site_name\" content=\"Chemi-3 Inc.\" \/>\n<meta property=\"article:publisher\" content=\"https:\/\/www.facebook.com\/chemi3inc\/\" \/>\n<meta property=\"article:modified_time\" content=\"2021-11-05T16:56:13+00:00\" \/>\n<meta name=\"twitter:card\" content=\"summary_large_image\" \/>\n<meta name=\"twitter:site\" content=\"@chemi3inc\" \/>\n<meta name=\"twitter:label1\" content=\"Estimation du temps de lecture\" \/>\n\t<meta name=\"twitter:data1\" content=\"1 minute\" \/>\n<script type=\"application\/ld+json\" class=\"yoast-schema-graph\">{\"@context\":\"https:\\\/\\\/schema.org\",\"@graph\":[{\"@type\":[\"WebPage\",\"ItemPage\"],\"@id\":\"https:\\\/\\\/chemi-3.com\\\/fr\\\/product\\\/poubelle-avec-conduits-daeration-slim-jim-23-gal-gris\\\/\",\"url\":\"https:\\\/\\\/chemi-3.com\\\/fr\\\/product\\\/poubelle-avec-conduits-daeration-slim-jim-23-gal-gris\\\/\",\"name\":\"Poubelle avec conduits d\u2019a\u00e9ration slim jim\u00ae, 23 gal, gris &#8211; Chemi-3 Inc.\",\"isPartOf\":{\"@id\":\"https:\\\/\\\/chemi-3.com\\\/fr\\\/#website\"},\"datePublished\":\"2021-11-05T16:56:07+00:00\",\"dateModified\":\"2021-11-05T16:56:13+00:00\",\"breadcrumb\":{\"@id\":\"https:\\\/\\\/chemi-3.com\\\/fr\\\/product\\\/poubelle-avec-conduits-daeration-slim-jim-23-gal-gris\\\/#breadcrumb\"},\"inLanguage\":\"fr-CA\",\"potentialAction\":[{\"@type\":\"ReadAction\",\"target\":[\"https:\\\/\\\/chemi-3.com\\\/fr\\\/product\\\/poubelle-avec-conduits-daeration-slim-jim-23-gal-gris\\\/\"]}]},{\"@type\":\"BreadcrumbList\",\"@id\":\"https:\\\/\\\/chemi-3.com\\\/fr\\\/product\\\/poubelle-avec-conduits-daeration-slim-jim-23-gal-gris\\\/#breadcrumb\",\"itemListElement\":[{\"@type\":\"ListItem\",\"position\":1,\"name\":\"Home\",\"item\":\"https:\\\/\\\/chemi-3.com\\\/fr\\\/\"},{\"@type\":\"ListItem\",\"position\":2,\"name\":\"Produits\",\"item\":\"https:\\\/\\\/chemi-3.com\\\/fr\\\/shop\\\/\"},{\"@type\":\"ListItem\",\"position\":3,\"name\":\"Poubelle avec conduits d\u2019a\u00e9ration slim jim\u00ae, 23 gal, gris\"}]},{\"@type\":\"WebSite\",\"@id\":\"https:\\\/\\\/chemi-3.com\\\/fr\\\/#website\",\"url\":\"https:\\\/\\\/chemi-3.com\\\/fr\\\/\",\"name\":\"Chemi-3 Inc.\",\"description\":\"Montreal&#039;s premier distributor of janitorial, sanitary and commercial products.\",\"publisher\":{\"@id\":\"https:\\\/\\\/chemi-3.com\\\/fr\\\/#organization\"},\"potentialAction\":[{\"@type\":\"SearchAction\",\"target\":{\"@type\":\"EntryPoint\",\"urlTemplate\":\"https:\\\/\\\/chemi-3.com\\\/fr\\\/?s={search_term_string}\"},\"query-input\":{\"@type\":\"PropertyValueSpecification\",\"valueRequired\":true,\"valueName\":\"search_term_string\"}}],\"inLanguage\":\"fr-CA\"},{\"@type\":\"Organization\",\"@id\":\"https:\\\/\\\/chemi-3.com\\\/fr\\\/#organization\",\"name\":\"Chemi-3 Industries Inc.\",\"url\":\"https:\\\/\\\/chemi-3.com\\\/fr\\\/\",\"logo\":{\"@type\":\"ImageObject\",\"inLanguage\":\"fr-CA\",\"@id\":\"https:\\\/\\\/chemi-3.com\\\/fr\\\/#\\\/schema\\\/logo\\\/image\\\/\",\"url\":\"http:\\\/\\\/chemi-3.com\\\/wp-content\\\/uploads\\\/2021\\\/09\\\/Chemi3_logo_transparent_highres.png\",\"contentUrl\":\"http:\\\/\\\/chemi-3.com\\\/wp-content\\\/uploads\\\/2021\\\/09\\\/Chemi3_logo_transparent_highres.png\",\"width\":1000,\"height\":387,\"caption\":\"Chemi-3 Industries Inc.\"},\"image\":{\"@id\":\"https:\\\/\\\/chemi-3.com\\\/fr\\\/#\\\/schema\\\/logo\\\/image\\\/\"},\"sameAs\":[\"https:\\\/\\\/www.facebook.com\\\/chemi3inc\\\/\",\"https:\\\/\\\/x.com\\\/chemi3inc\",\"https:\\\/\\\/www.instagram.com\\\/chemi3inc\\\/\",\"https:\\\/\\\/www.linkedin.com\\\/company\\\/chemi3inc\"]}]}<\/script>\n<!-- \/ Yoast SEO plugin. -->","yoast_head_json":{"title":"Poubelle avec conduits d\u2019a\u00e9ration slim jim\u00ae, 23 gal, gris &#8211; Chemi-3 Inc.","robots":{"index":"index","follow":"follow","max-snippet":"max-snippet:-1","max-image-preview":"max-image-preview:large","max-video-preview":"max-video-preview:-1"},"canonical":"https:\/\/chemi-3.com\/fr\/product\/poubelle-avec-conduits-daeration-slim-jim-23-gal-gris\/","og_locale":"fr_CA","og_type":"article","og_title":"Poubelle avec conduits d\u2019a\u00e9ration slim jim\u00ae, 23 gal, gris &#8211; Chemi-3 Inc.","og_description":"Les poubelles avec conduits d\u2019a\u00e9ration Slim Jim\u00ae de Rubbermaid Commercial offrent un rendement sans \u00e9gal dans les espaces exigus. \u2022Les conduits d\u2019a\u00e9ration permettent de retirer les d\u00e9chets ou le recyclage jusqu\u2019\u00e0 80 % plus facilement, d\u2019o\u00f9 une am\u00e9lioration de la productivit\u00e9 et une r\u00e9duction des risques de blessures. \u2022Quatre fentes int\u00e9gr\u00e9es pour fixer les sacs [&hellip;]","og_url":"https:\/\/chemi-3.com\/fr\/product\/poubelle-avec-conduits-daeration-slim-jim-23-gal-gris\/","og_site_name":"Chemi-3 Inc.","article_publisher":"https:\/\/www.facebook.com\/chemi3inc\/","article_modified_time":"2021-11-05T16:56:13+00:00","twitter_card":"summary_large_image","twitter_site":"@chemi3inc","twitter_misc":{"Estimation du temps de lecture":"1 minute"},"schema":{"@context":"https:\/\/schema.org","@graph":[{"@type":["WebPage","ItemPage"],"@id":"https:\/\/chemi-3.com\/fr\/product\/poubelle-avec-conduits-daeration-slim-jim-23-gal-gris\/","url":"https:\/\/chemi-3.com\/fr\/product\/poubelle-avec-conduits-daeration-slim-jim-23-gal-gris\/","name":"Poubelle avec conduits d\u2019a\u00e9ration slim jim\u00ae, 23 gal, gris &#8211; Chemi-3 Inc.","isPartOf":{"@id":"https:\/\/chemi-3.com\/fr\/#website"},"datePublished":"2021-11-05T16:56:07+00:00","dateModified":"2021-11-05T16:56:13+00:00","breadcrumb":{"@id":"https:\/\/chemi-3.com\/fr\/product\/poubelle-avec-conduits-daeration-slim-jim-23-gal-gris\/#breadcrumb"},"inLanguage":"fr-CA","potentialAction":[{"@type":"ReadAction","target":["https:\/\/chemi-3.com\/fr\/product\/poubelle-avec-conduits-daeration-slim-jim-23-gal-gris\/"]}]},{"@type":"BreadcrumbList","@id":"https:\/\/chemi-3.com\/fr\/product\/poubelle-avec-conduits-daeration-slim-jim-23-gal-gris\/#breadcrumb","itemListElement":[{"@type":"ListItem","position":1,"name":"Home","item":"https:\/\/chemi-3.com\/fr\/"},{"@type":"ListItem","position":2,"name":"Produits","item":"https:\/\/chemi-3.com\/fr\/shop\/"},{"@type":"ListItem","position":3,"name":"Poubelle avec conduits d\u2019a\u00e9ration slim jim\u00ae, 23 gal, gris"}]},{"@type":"WebSite","@id":"https:\/\/chemi-3.com\/fr\/#website","url":"https:\/\/chemi-3.com\/fr\/","name":"Chemi-3 Inc.","description":"Montreal&#039;s premier distributor of janitorial, sanitary and commercial products.","publisher":{"@id":"https:\/\/chemi-3.com\/fr\/#organization"},"potentialAction":[{"@type":"SearchAction","target":{"@type":"EntryPoint","urlTemplate":"https:\/\/chemi-3.com\/fr\/?s={search_term_string}"},"query-input":{"@type":"PropertyValueSpecification","valueRequired":true,"valueName":"search_term_string"}}],"inLanguage":"fr-CA"},{"@type":"Organization","@id":"https:\/\/chemi-3.com\/fr\/#organization","name":"Chemi-3 Industries Inc.","url":"https:\/\/chemi-3.com\/fr\/","logo":{"@type":"ImageObject","inLanguage":"fr-CA","@id":"https:\/\/chemi-3.com\/fr\/#\/schema\/logo\/image\/","url":"http:\/\/chemi-3.com\/wp-content\/uploads\/2021\/09\/Chemi3_logo_transparent_highres.png","contentUrl":"http:\/\/chemi-3.com\/wp-content\/uploads\/2021\/09\/Chemi3_logo_transparent_highres.png","width":1000,"height":387,"caption":"Chemi-3 Industries Inc."},"image":{"@id":"https:\/\/chemi-3.com\/fr\/#\/schema\/logo\/image\/"},"sameAs":["https:\/\/www.facebook.com\/chemi3inc\/","https:\/\/x.com\/chemi3inc","https:\/\/www.instagram.com\/chemi3inc\/","https:\/\/www.linkedin.com\/company\/chemi3inc"]}]}},"_links":{"self":[{"href":"https:\/\/chemi-3.com\/fr\/wp-json\/wp\/v2\/product\/26601","targetHints":{"allow":["GET"]}}],"collection":[{"href":"https:\/\/chemi-3.com\/fr\/wp-json\/wp\/v2\/product"}],"about":[{"href":"https:\/\/chemi-3.com\/fr\/wp-json\/wp\/v2\/types\/product"}],"replies":[{"embeddable":true,"href":"https:\/\/chemi-3.com\/fr\/wp-json\/wp\/v2\/comments?post=26601"}],"wp:attachment":[{"href":"https:\/\/chemi-3.com\/fr\/wp-json\/wp\/v2\/media?parent=26601"}],"wp:term":[{"taxonomy":"product_brand","embeddable":true,"href":"https:\/\/chemi-3.com\/fr\/wp-json\/wp\/v2\/product_brand?post=26601"},{"taxonomy":"product_cat","embeddable":true,"href":"https:\/\/chemi-3.com\/fr\/wp-json\/wp\/v2\/product_cat?post=26601"},{"taxonomy":"product_tag","embeddable":true,"href":"https:\/\/chemi-3.com\/fr\/wp-json\/wp\/v2\/product_tag?post=26601"}],"curies":[{"name":"wp","href":"https:\/\/api.w.org\/{rel}","templated":true}]}}