{"id":26754,"date":"2021-11-05T12:56:35","date_gmt":"2021-11-05T16:56:35","guid":{"rendered":"https:\/\/chemi-3.com\/product\/refresh-riche-mousse-nettoyante-pour-les-mains-legerement-parfumee\/"},"modified":"2021-11-05T12:56:54","modified_gmt":"2021-11-05T16:56:54","slug":"refresh-riche-mousse-nettoyante-pour-les-mains-legerement-parfumee","status":"publish","type":"product","link":"https:\/\/chemi-3.com\/fr\/product\/refresh-riche-mousse-nettoyante-pour-les-mains-legerement-parfumee\/","title":{"rendered":"Refresh -riche mousse nettoyante pour les mains, l\u00e9g\u00e8rement parfum\u00e9e"},"content":{"rendered":"<body><p>Mousse agr\u00e9ablement parfum\u00e9e \u2013 parfum frais et neutre qui convient aussi bien aux hommes qu\u2019aux femmes. Contient de la glyc\u00e9rine \u2013 un hydratant pour la peau qui am\u00e9liore l\u2019hydratation cutan\u00e9e, pr\u00e9vient la s\u00e9cheresse et laisse la peau douce et ferme.<br>\nUnit\u00e9 de mesure : 6\/1-LITER<\/p>\n<\/body>","protected":false},"excerpt":{"rendered":"<p>Mousse agr\u00e9ablement parfum\u00e9e \u2013 parfum frais et neutre qui convient aussi bien aux hommes qu\u2019aux femmes. Contient de la glyc\u00e9rine \u2013 un hydratant pour la peau qui am\u00e9liore l\u2019hydratation cutan\u00e9e, pr\u00e9vient la s\u00e9cheresse et laisse la peau douce et ferme. Unit\u00e9 de mesure : 6\/1-LITER<\/p>\n","protected":false},"featured_media":0,"comment_status":"closed","ping_status":"open","template":"","meta":{"_et_pb_use_builder":"","_et_pb_old_content":"","_et_gb_content_width":""},"product_brand":[],"product_cat":[12811],"product_tag":[13616,14045,13683],"class_list":{"0":"post-26754","1":"product","2":"type-product","3":"status-publish","5":"product_cat-savon-pour-les-mains-et-distributrices","6":"product_tag-conciergerie-et-entretien","7":"product_tag-savon-pour-les-mains-et-distributeurs","8":"product_tag-soins-de-la-peau","9":"pa_country-of-origin-canada-fr","10":"pa_is-hazardous-material-non","11":"pa_product-colour-rose","13":"first","14":"instock","15":"taxable","16":"shipping-taxable","17":"purchasable","18":"product-type-simple"},"yoast_head":"<!-- This site is optimized with the Yoast SEO plugin v27.4 - https:\/\/yoast.com\/product\/yoast-seo-wordpress\/ -->\n<title>Refresh -riche mousse nettoyante pour les mains, l\u00e9g\u00e8rement parfum\u00e9e &#8211; Chemi-3 Inc.<\/title>\n<meta name=\"robots\" content=\"index, follow, max-snippet:-1, max-image-preview:large, max-video-preview:-1\" \/>\n<link rel=\"canonical\" href=\"https:\/\/chemi-3.com\/fr\/product\/refresh-riche-mousse-nettoyante-pour-les-mains-legerement-parfumee\/\" \/>\n<meta property=\"og:locale\" content=\"fr_CA\" \/>\n<meta property=\"og:type\" content=\"article\" \/>\n<meta property=\"og:title\" content=\"Refresh -riche mousse nettoyante pour les mains, l\u00e9g\u00e8rement parfum\u00e9e &#8211; Chemi-3 Inc.\" \/>\n<meta property=\"og:description\" content=\"Mousse agr\u00e9ablement parfum\u00e9e \u2013 parfum frais et neutre qui convient aussi bien aux hommes qu\u2019aux femmes. Contient de la glyc\u00e9rine \u2013 un hydratant pour la peau qui am\u00e9liore l\u2019hydratation cutan\u00e9e, pr\u00e9vient la s\u00e9cheresse et laisse la peau douce et ferme. Unit\u00e9 de mesure : 6\/1-LITER\" \/>\n<meta property=\"og:url\" content=\"https:\/\/chemi-3.com\/fr\/product\/refresh-riche-mousse-nettoyante-pour-les-mains-legerement-parfumee\/\" \/>\n<meta property=\"og:site_name\" content=\"Chemi-3 Inc.\" \/>\n<meta property=\"article:publisher\" content=\"https:\/\/www.facebook.com\/chemi3inc\/\" \/>\n<meta property=\"article:modified_time\" content=\"2021-11-05T16:56:54+00:00\" \/>\n<meta name=\"twitter:card\" content=\"summary_large_image\" \/>\n<meta name=\"twitter:site\" content=\"@chemi3inc\" \/>\n<script type=\"application\/ld+json\" class=\"yoast-schema-graph\">{\"@context\":\"https:\\\/\\\/schema.org\",\"@graph\":[{\"@type\":[\"WebPage\",\"ItemPage\"],\"@id\":\"https:\\\/\\\/chemi-3.com\\\/fr\\\/product\\\/refresh-riche-mousse-nettoyante-pour-les-mains-legerement-parfumee\\\/\",\"url\":\"https:\\\/\\\/chemi-3.com\\\/fr\\\/product\\\/refresh-riche-mousse-nettoyante-pour-les-mains-legerement-parfumee\\\/\",\"name\":\"Refresh -riche mousse nettoyante pour les mains, l\u00e9g\u00e8rement parfum\u00e9e &#8211; Chemi-3 Inc.\",\"isPartOf\":{\"@id\":\"https:\\\/\\\/chemi-3.com\\\/fr\\\/#website\"},\"datePublished\":\"2021-11-05T16:56:35+00:00\",\"dateModified\":\"2021-11-05T16:56:54+00:00\",\"breadcrumb\":{\"@id\":\"https:\\\/\\\/chemi-3.com\\\/fr\\\/product\\\/refresh-riche-mousse-nettoyante-pour-les-mains-legerement-parfumee\\\/#breadcrumb\"},\"inLanguage\":\"fr-CA\",\"potentialAction\":[{\"@type\":\"ReadAction\",\"target\":[\"https:\\\/\\\/chemi-3.com\\\/fr\\\/product\\\/refresh-riche-mousse-nettoyante-pour-les-mains-legerement-parfumee\\\/\"]}]},{\"@type\":\"BreadcrumbList\",\"@id\":\"https:\\\/\\\/chemi-3.com\\\/fr\\\/product\\\/refresh-riche-mousse-nettoyante-pour-les-mains-legerement-parfumee\\\/#breadcrumb\",\"itemListElement\":[{\"@type\":\"ListItem\",\"position\":1,\"name\":\"Home\",\"item\":\"https:\\\/\\\/chemi-3.com\\\/fr\\\/\"},{\"@type\":\"ListItem\",\"position\":2,\"name\":\"Produits\",\"item\":\"https:\\\/\\\/chemi-3.com\\\/fr\\\/shop\\\/\"},{\"@type\":\"ListItem\",\"position\":3,\"name\":\"Refresh -riche mousse nettoyante pour les mains, l\u00e9g\u00e8rement parfum\u00e9e\"}]},{\"@type\":\"WebSite\",\"@id\":\"https:\\\/\\\/chemi-3.com\\\/fr\\\/#website\",\"url\":\"https:\\\/\\\/chemi-3.com\\\/fr\\\/\",\"name\":\"Chemi-3 Inc.\",\"description\":\"Montreal&#039;s premier distributor of janitorial, sanitary and commercial products.\",\"publisher\":{\"@id\":\"https:\\\/\\\/chemi-3.com\\\/fr\\\/#organization\"},\"potentialAction\":[{\"@type\":\"SearchAction\",\"target\":{\"@type\":\"EntryPoint\",\"urlTemplate\":\"https:\\\/\\\/chemi-3.com\\\/fr\\\/?s={search_term_string}\"},\"query-input\":{\"@type\":\"PropertyValueSpecification\",\"valueRequired\":true,\"valueName\":\"search_term_string\"}}],\"inLanguage\":\"fr-CA\"},{\"@type\":\"Organization\",\"@id\":\"https:\\\/\\\/chemi-3.com\\\/fr\\\/#organization\",\"name\":\"Chemi-3 Industries Inc.\",\"url\":\"https:\\\/\\\/chemi-3.com\\\/fr\\\/\",\"logo\":{\"@type\":\"ImageObject\",\"inLanguage\":\"fr-CA\",\"@id\":\"https:\\\/\\\/chemi-3.com\\\/fr\\\/#\\\/schema\\\/logo\\\/image\\\/\",\"url\":\"http:\\\/\\\/chemi-3.com\\\/wp-content\\\/uploads\\\/2021\\\/09\\\/Chemi3_logo_transparent_highres.png\",\"contentUrl\":\"http:\\\/\\\/chemi-3.com\\\/wp-content\\\/uploads\\\/2021\\\/09\\\/Chemi3_logo_transparent_highres.png\",\"width\":1000,\"height\":387,\"caption\":\"Chemi-3 Industries Inc.\"},\"image\":{\"@id\":\"https:\\\/\\\/chemi-3.com\\\/fr\\\/#\\\/schema\\\/logo\\\/image\\\/\"},\"sameAs\":[\"https:\\\/\\\/www.facebook.com\\\/chemi3inc\\\/\",\"https:\\\/\\\/x.com\\\/chemi3inc\",\"https:\\\/\\\/www.instagram.com\\\/chemi3inc\\\/\",\"https:\\\/\\\/www.linkedin.com\\\/company\\\/chemi3inc\"]}]}<\/script>\n<!-- \/ Yoast SEO plugin. -->","yoast_head_json":{"title":"Refresh -riche mousse nettoyante pour les mains, l\u00e9g\u00e8rement parfum\u00e9e &#8211; Chemi-3 Inc.","robots":{"index":"index","follow":"follow","max-snippet":"max-snippet:-1","max-image-preview":"max-image-preview:large","max-video-preview":"max-video-preview:-1"},"canonical":"https:\/\/chemi-3.com\/fr\/product\/refresh-riche-mousse-nettoyante-pour-les-mains-legerement-parfumee\/","og_locale":"fr_CA","og_type":"article","og_title":"Refresh -riche mousse nettoyante pour les mains, l\u00e9g\u00e8rement parfum\u00e9e &#8211; Chemi-3 Inc.","og_description":"Mousse agr\u00e9ablement parfum\u00e9e \u2013 parfum frais et neutre qui convient aussi bien aux hommes qu\u2019aux femmes. Contient de la glyc\u00e9rine \u2013 un hydratant pour la peau qui am\u00e9liore l\u2019hydratation cutan\u00e9e, pr\u00e9vient la s\u00e9cheresse et laisse la peau douce et ferme. Unit\u00e9 de mesure : 6\/1-LITER","og_url":"https:\/\/chemi-3.com\/fr\/product\/refresh-riche-mousse-nettoyante-pour-les-mains-legerement-parfumee\/","og_site_name":"Chemi-3 Inc.","article_publisher":"https:\/\/www.facebook.com\/chemi3inc\/","article_modified_time":"2021-11-05T16:56:54+00:00","twitter_card":"summary_large_image","twitter_site":"@chemi3inc","schema":{"@context":"https:\/\/schema.org","@graph":[{"@type":["WebPage","ItemPage"],"@id":"https:\/\/chemi-3.com\/fr\/product\/refresh-riche-mousse-nettoyante-pour-les-mains-legerement-parfumee\/","url":"https:\/\/chemi-3.com\/fr\/product\/refresh-riche-mousse-nettoyante-pour-les-mains-legerement-parfumee\/","name":"Refresh -riche mousse nettoyante pour les mains, l\u00e9g\u00e8rement parfum\u00e9e &#8211; Chemi-3 Inc.","isPartOf":{"@id":"https:\/\/chemi-3.com\/fr\/#website"},"datePublished":"2021-11-05T16:56:35+00:00","dateModified":"2021-11-05T16:56:54+00:00","breadcrumb":{"@id":"https:\/\/chemi-3.com\/fr\/product\/refresh-riche-mousse-nettoyante-pour-les-mains-legerement-parfumee\/#breadcrumb"},"inLanguage":"fr-CA","potentialAction":[{"@type":"ReadAction","target":["https:\/\/chemi-3.com\/fr\/product\/refresh-riche-mousse-nettoyante-pour-les-mains-legerement-parfumee\/"]}]},{"@type":"BreadcrumbList","@id":"https:\/\/chemi-3.com\/fr\/product\/refresh-riche-mousse-nettoyante-pour-les-mains-legerement-parfumee\/#breadcrumb","itemListElement":[{"@type":"ListItem","position":1,"name":"Home","item":"https:\/\/chemi-3.com\/fr\/"},{"@type":"ListItem","position":2,"name":"Produits","item":"https:\/\/chemi-3.com\/fr\/shop\/"},{"@type":"ListItem","position":3,"name":"Refresh -riche mousse nettoyante pour les mains, l\u00e9g\u00e8rement parfum\u00e9e"}]},{"@type":"WebSite","@id":"https:\/\/chemi-3.com\/fr\/#website","url":"https:\/\/chemi-3.com\/fr\/","name":"Chemi-3 Inc.","description":"Montreal&#039;s premier distributor of janitorial, sanitary and commercial products.","publisher":{"@id":"https:\/\/chemi-3.com\/fr\/#organization"},"potentialAction":[{"@type":"SearchAction","target":{"@type":"EntryPoint","urlTemplate":"https:\/\/chemi-3.com\/fr\/?s={search_term_string}"},"query-input":{"@type":"PropertyValueSpecification","valueRequired":true,"valueName":"search_term_string"}}],"inLanguage":"fr-CA"},{"@type":"Organization","@id":"https:\/\/chemi-3.com\/fr\/#organization","name":"Chemi-3 Industries Inc.","url":"https:\/\/chemi-3.com\/fr\/","logo":{"@type":"ImageObject","inLanguage":"fr-CA","@id":"https:\/\/chemi-3.com\/fr\/#\/schema\/logo\/image\/","url":"http:\/\/chemi-3.com\/wp-content\/uploads\/2021\/09\/Chemi3_logo_transparent_highres.png","contentUrl":"http:\/\/chemi-3.com\/wp-content\/uploads\/2021\/09\/Chemi3_logo_transparent_highres.png","width":1000,"height":387,"caption":"Chemi-3 Industries Inc."},"image":{"@id":"https:\/\/chemi-3.com\/fr\/#\/schema\/logo\/image\/"},"sameAs":["https:\/\/www.facebook.com\/chemi3inc\/","https:\/\/x.com\/chemi3inc","https:\/\/www.instagram.com\/chemi3inc\/","https:\/\/www.linkedin.com\/company\/chemi3inc"]}]}},"_links":{"self":[{"href":"https:\/\/chemi-3.com\/fr\/wp-json\/wp\/v2\/product\/26754","targetHints":{"allow":["GET"]}}],"collection":[{"href":"https:\/\/chemi-3.com\/fr\/wp-json\/wp\/v2\/product"}],"about":[{"href":"https:\/\/chemi-3.com\/fr\/wp-json\/wp\/v2\/types\/product"}],"replies":[{"embeddable":true,"href":"https:\/\/chemi-3.com\/fr\/wp-json\/wp\/v2\/comments?post=26754"}],"wp:attachment":[{"href":"https:\/\/chemi-3.com\/fr\/wp-json\/wp\/v2\/media?parent=26754"}],"wp:term":[{"taxonomy":"product_brand","embeddable":true,"href":"https:\/\/chemi-3.com\/fr\/wp-json\/wp\/v2\/product_brand?post=26754"},{"taxonomy":"product_cat","embeddable":true,"href":"https:\/\/chemi-3.com\/fr\/wp-json\/wp\/v2\/product_cat?post=26754"},{"taxonomy":"product_tag","embeddable":true,"href":"https:\/\/chemi-3.com\/fr\/wp-json\/wp\/v2\/product_tag?post=26754"}],"curies":[{"name":"wp","href":"https:\/\/api.w.org\/{rel}","templated":true}]}}