{"id":26757,"date":"2021-11-05T12:56:35","date_gmt":"2021-11-05T16:56:35","guid":{"rendered":"https:\/\/chemi-3.com\/product\/douce-mousse-nettoyante-pour-les-mains-sans-parfum-ni-colorant\/"},"modified":"2021-11-05T12:56:55","modified_gmt":"2021-11-05T16:56:55","slug":"douce-mousse-nettoyante-pour-les-mains-sans-parfum-ni-colorant","status":"publish","type":"product","link":"https:\/\/chemi-3.com\/fr\/product\/douce-mousse-nettoyante-pour-les-mains-sans-parfum-ni-colorant\/","title":{"rendered":"Douce mousse nettoyante pour les mains, sans parfum ni colorant"},"content":{"rendered":"<body><p>Utilisation pr\u00e9vue : toilettes situ\u00e9es dans les bureaux, les \u00e9tablissements d\u2019enseignement, les garderies, les lieux publics, les \u00e9tablissements de sant\u00e9 et de soins de longue dur\u00e9e, les milieux o\u00f9 l\u2019on manipule des alimentsSans parfum, sans colorant \u2013 Id\u00e9al pour les personnes sensibles aux parfums et aux colorants et qui pr\u00e9f\u00e8rent les produits qui en sont exemptsFormule contenant l\u2019un des agents de conservation les plus doux \u2013 l\u2019utilisation d\u2019un agent de conservation parmi les plus doux r\u00e9duit le risque d\u2019irritation cutan\u00e9e\u00c9limine plus de 99 % de la salet\u00e9 et des germes \u2013 lorsque le produit est employ\u00e9 correctement, une seule dose suffit pour \u00e9liminer plus de 99 % de la salet\u00e9 et des germesFormule biod\u00e9gradable \u2013 la formule et chacun de ses ingr\u00e9dients \u00e0 base de carbone se d\u00e9composent rapidement en substances simples et non toxiques en 28 jours ou moins, conform\u00e9ment \u00e0 la norme OCDE301FContient un hydratant cutan\u00e9 \u2013 aide \u00e0 pr\u00e9venir la s\u00e9cheresse et laisse la peau douce<br>\nUnit\u00e9 de mesure : 3\/1.2-L<\/p>\n<\/body>","protected":false},"excerpt":{"rendered":"<p>Utilisation pr\u00e9vue : toilettes situ\u00e9es dans les bureaux, les \u00e9tablissements d\u2019enseignement, les garderies, les lieux publics, les \u00e9tablissements de sant\u00e9 et de soins de longue dur\u00e9e, les milieux o\u00f9 l\u2019on manipule des alimentsSans parfum, sans colorant \u2013 Id\u00e9al pour les personnes sensibles aux parfums et aux colorants et qui pr\u00e9f\u00e8rent les produits qui en sont [&hellip;]<\/p>\n","protected":false},"featured_media":0,"comment_status":"closed","ping_status":"open","template":"","meta":{"_et_pb_use_builder":"","_et_pb_old_content":"","_et_gb_content_width":""},"product_brand":[],"product_cat":[12811],"product_tag":[13616,14045,13683],"class_list":{"0":"post-26757","1":"product","2":"type-product","3":"status-publish","5":"product_cat-savon-pour-les-mains-et-distributrices","6":"product_tag-conciergerie-et-entretien","7":"product_tag-savon-pour-les-mains-et-distributeurs","8":"product_tag-soins-de-la-peau","9":"pa_country-of-origin-canada-fr","10":"pa_is-hazardous-material-non","11":"pa_product-colour-clair","13":"first","14":"instock","15":"taxable","16":"shipping-taxable","17":"purchasable","18":"product-type-simple"},"yoast_head":"<!-- This site is optimized with the Yoast SEO plugin v27.4 - https:\/\/yoast.com\/product\/yoast-seo-wordpress\/ -->\n<title>Douce mousse nettoyante pour les mains, sans parfum ni colorant &#8211; Chemi-3 Inc.<\/title>\n<meta name=\"robots\" content=\"index, follow, max-snippet:-1, max-image-preview:large, max-video-preview:-1\" \/>\n<link rel=\"canonical\" href=\"https:\/\/chemi-3.com\/fr\/product\/douce-mousse-nettoyante-pour-les-mains-sans-parfum-ni-colorant\/\" \/>\n<meta property=\"og:locale\" content=\"fr_CA\" \/>\n<meta property=\"og:type\" content=\"article\" \/>\n<meta property=\"og:title\" content=\"Douce mousse nettoyante pour les mains, sans parfum ni colorant &#8211; Chemi-3 Inc.\" \/>\n<meta property=\"og:description\" content=\"Utilisation pr\u00e9vue : toilettes situ\u00e9es dans les bureaux, les \u00e9tablissements d\u2019enseignement, les garderies, les lieux publics, les \u00e9tablissements de sant\u00e9 et de soins de longue dur\u00e9e, les milieux o\u00f9 l\u2019on manipule des alimentsSans parfum, sans colorant \u2013 Id\u00e9al pour les personnes sensibles aux parfums et aux colorants et qui pr\u00e9f\u00e8rent les produits qui en sont [&hellip;]\" \/>\n<meta property=\"og:url\" content=\"https:\/\/chemi-3.com\/fr\/product\/douce-mousse-nettoyante-pour-les-mains-sans-parfum-ni-colorant\/\" \/>\n<meta property=\"og:site_name\" content=\"Chemi-3 Inc.\" \/>\n<meta property=\"article:publisher\" content=\"https:\/\/www.facebook.com\/chemi3inc\/\" \/>\n<meta property=\"article:modified_time\" content=\"2021-11-05T16:56:55+00:00\" \/>\n<meta name=\"twitter:card\" content=\"summary_large_image\" \/>\n<meta name=\"twitter:site\" content=\"@chemi3inc\" \/>\n<meta name=\"twitter:label1\" content=\"Estimation du temps de lecture\" \/>\n\t<meta name=\"twitter:data1\" content=\"1 minute\" \/>\n<script type=\"application\/ld+json\" class=\"yoast-schema-graph\">{\"@context\":\"https:\\\/\\\/schema.org\",\"@graph\":[{\"@type\":[\"WebPage\",\"ItemPage\"],\"@id\":\"https:\\\/\\\/chemi-3.com\\\/fr\\\/product\\\/douce-mousse-nettoyante-pour-les-mains-sans-parfum-ni-colorant\\\/\",\"url\":\"https:\\\/\\\/chemi-3.com\\\/fr\\\/product\\\/douce-mousse-nettoyante-pour-les-mains-sans-parfum-ni-colorant\\\/\",\"name\":\"Douce mousse nettoyante pour les mains, sans parfum ni colorant &#8211; Chemi-3 Inc.\",\"isPartOf\":{\"@id\":\"https:\\\/\\\/chemi-3.com\\\/fr\\\/#website\"},\"datePublished\":\"2021-11-05T16:56:35+00:00\",\"dateModified\":\"2021-11-05T16:56:55+00:00\",\"breadcrumb\":{\"@id\":\"https:\\\/\\\/chemi-3.com\\\/fr\\\/product\\\/douce-mousse-nettoyante-pour-les-mains-sans-parfum-ni-colorant\\\/#breadcrumb\"},\"inLanguage\":\"fr-CA\",\"potentialAction\":[{\"@type\":\"ReadAction\",\"target\":[\"https:\\\/\\\/chemi-3.com\\\/fr\\\/product\\\/douce-mousse-nettoyante-pour-les-mains-sans-parfum-ni-colorant\\\/\"]}]},{\"@type\":\"BreadcrumbList\",\"@id\":\"https:\\\/\\\/chemi-3.com\\\/fr\\\/product\\\/douce-mousse-nettoyante-pour-les-mains-sans-parfum-ni-colorant\\\/#breadcrumb\",\"itemListElement\":[{\"@type\":\"ListItem\",\"position\":1,\"name\":\"Home\",\"item\":\"https:\\\/\\\/chemi-3.com\\\/fr\\\/\"},{\"@type\":\"ListItem\",\"position\":2,\"name\":\"Produits\",\"item\":\"https:\\\/\\\/chemi-3.com\\\/fr\\\/shop\\\/\"},{\"@type\":\"ListItem\",\"position\":3,\"name\":\"Douce mousse nettoyante pour les mains, sans parfum ni colorant\"}]},{\"@type\":\"WebSite\",\"@id\":\"https:\\\/\\\/chemi-3.com\\\/fr\\\/#website\",\"url\":\"https:\\\/\\\/chemi-3.com\\\/fr\\\/\",\"name\":\"Chemi-3 Inc.\",\"description\":\"Montreal&#039;s premier distributor of janitorial, sanitary and commercial products.\",\"publisher\":{\"@id\":\"https:\\\/\\\/chemi-3.com\\\/fr\\\/#organization\"},\"potentialAction\":[{\"@type\":\"SearchAction\",\"target\":{\"@type\":\"EntryPoint\",\"urlTemplate\":\"https:\\\/\\\/chemi-3.com\\\/fr\\\/?s={search_term_string}\"},\"query-input\":{\"@type\":\"PropertyValueSpecification\",\"valueRequired\":true,\"valueName\":\"search_term_string\"}}],\"inLanguage\":\"fr-CA\"},{\"@type\":\"Organization\",\"@id\":\"https:\\\/\\\/chemi-3.com\\\/fr\\\/#organization\",\"name\":\"Chemi-3 Industries Inc.\",\"url\":\"https:\\\/\\\/chemi-3.com\\\/fr\\\/\",\"logo\":{\"@type\":\"ImageObject\",\"inLanguage\":\"fr-CA\",\"@id\":\"https:\\\/\\\/chemi-3.com\\\/fr\\\/#\\\/schema\\\/logo\\\/image\\\/\",\"url\":\"http:\\\/\\\/chemi-3.com\\\/wp-content\\\/uploads\\\/2021\\\/09\\\/Chemi3_logo_transparent_highres.png\",\"contentUrl\":\"http:\\\/\\\/chemi-3.com\\\/wp-content\\\/uploads\\\/2021\\\/09\\\/Chemi3_logo_transparent_highres.png\",\"width\":1000,\"height\":387,\"caption\":\"Chemi-3 Industries Inc.\"},\"image\":{\"@id\":\"https:\\\/\\\/chemi-3.com\\\/fr\\\/#\\\/schema\\\/logo\\\/image\\\/\"},\"sameAs\":[\"https:\\\/\\\/www.facebook.com\\\/chemi3inc\\\/\",\"https:\\\/\\\/x.com\\\/chemi3inc\",\"https:\\\/\\\/www.instagram.com\\\/chemi3inc\\\/\",\"https:\\\/\\\/www.linkedin.com\\\/company\\\/chemi3inc\"]}]}<\/script>\n<!-- \/ Yoast SEO plugin. -->","yoast_head_json":{"title":"Douce mousse nettoyante pour les mains, sans parfum ni colorant &#8211; Chemi-3 Inc.","robots":{"index":"index","follow":"follow","max-snippet":"max-snippet:-1","max-image-preview":"max-image-preview:large","max-video-preview":"max-video-preview:-1"},"canonical":"https:\/\/chemi-3.com\/fr\/product\/douce-mousse-nettoyante-pour-les-mains-sans-parfum-ni-colorant\/","og_locale":"fr_CA","og_type":"article","og_title":"Douce mousse nettoyante pour les mains, sans parfum ni colorant &#8211; Chemi-3 Inc.","og_description":"Utilisation pr\u00e9vue : toilettes situ\u00e9es dans les bureaux, les \u00e9tablissements d\u2019enseignement, les garderies, les lieux publics, les \u00e9tablissements de sant\u00e9 et de soins de longue dur\u00e9e, les milieux o\u00f9 l\u2019on manipule des alimentsSans parfum, sans colorant \u2013 Id\u00e9al pour les personnes sensibles aux parfums et aux colorants et qui pr\u00e9f\u00e8rent les produits qui en sont [&hellip;]","og_url":"https:\/\/chemi-3.com\/fr\/product\/douce-mousse-nettoyante-pour-les-mains-sans-parfum-ni-colorant\/","og_site_name":"Chemi-3 Inc.","article_publisher":"https:\/\/www.facebook.com\/chemi3inc\/","article_modified_time":"2021-11-05T16:56:55+00:00","twitter_card":"summary_large_image","twitter_site":"@chemi3inc","twitter_misc":{"Estimation du temps de lecture":"1 minute"},"schema":{"@context":"https:\/\/schema.org","@graph":[{"@type":["WebPage","ItemPage"],"@id":"https:\/\/chemi-3.com\/fr\/product\/douce-mousse-nettoyante-pour-les-mains-sans-parfum-ni-colorant\/","url":"https:\/\/chemi-3.com\/fr\/product\/douce-mousse-nettoyante-pour-les-mains-sans-parfum-ni-colorant\/","name":"Douce mousse nettoyante pour les mains, sans parfum ni colorant &#8211; Chemi-3 Inc.","isPartOf":{"@id":"https:\/\/chemi-3.com\/fr\/#website"},"datePublished":"2021-11-05T16:56:35+00:00","dateModified":"2021-11-05T16:56:55+00:00","breadcrumb":{"@id":"https:\/\/chemi-3.com\/fr\/product\/douce-mousse-nettoyante-pour-les-mains-sans-parfum-ni-colorant\/#breadcrumb"},"inLanguage":"fr-CA","potentialAction":[{"@type":"ReadAction","target":["https:\/\/chemi-3.com\/fr\/product\/douce-mousse-nettoyante-pour-les-mains-sans-parfum-ni-colorant\/"]}]},{"@type":"BreadcrumbList","@id":"https:\/\/chemi-3.com\/fr\/product\/douce-mousse-nettoyante-pour-les-mains-sans-parfum-ni-colorant\/#breadcrumb","itemListElement":[{"@type":"ListItem","position":1,"name":"Home","item":"https:\/\/chemi-3.com\/fr\/"},{"@type":"ListItem","position":2,"name":"Produits","item":"https:\/\/chemi-3.com\/fr\/shop\/"},{"@type":"ListItem","position":3,"name":"Douce mousse nettoyante pour les mains, sans parfum ni colorant"}]},{"@type":"WebSite","@id":"https:\/\/chemi-3.com\/fr\/#website","url":"https:\/\/chemi-3.com\/fr\/","name":"Chemi-3 Inc.","description":"Montreal&#039;s premier distributor of janitorial, sanitary and commercial products.","publisher":{"@id":"https:\/\/chemi-3.com\/fr\/#organization"},"potentialAction":[{"@type":"SearchAction","target":{"@type":"EntryPoint","urlTemplate":"https:\/\/chemi-3.com\/fr\/?s={search_term_string}"},"query-input":{"@type":"PropertyValueSpecification","valueRequired":true,"valueName":"search_term_string"}}],"inLanguage":"fr-CA"},{"@type":"Organization","@id":"https:\/\/chemi-3.com\/fr\/#organization","name":"Chemi-3 Industries Inc.","url":"https:\/\/chemi-3.com\/fr\/","logo":{"@type":"ImageObject","inLanguage":"fr-CA","@id":"https:\/\/chemi-3.com\/fr\/#\/schema\/logo\/image\/","url":"http:\/\/chemi-3.com\/wp-content\/uploads\/2021\/09\/Chemi3_logo_transparent_highres.png","contentUrl":"http:\/\/chemi-3.com\/wp-content\/uploads\/2021\/09\/Chemi3_logo_transparent_highres.png","width":1000,"height":387,"caption":"Chemi-3 Industries Inc."},"image":{"@id":"https:\/\/chemi-3.com\/fr\/#\/schema\/logo\/image\/"},"sameAs":["https:\/\/www.facebook.com\/chemi3inc\/","https:\/\/x.com\/chemi3inc","https:\/\/www.instagram.com\/chemi3inc\/","https:\/\/www.linkedin.com\/company\/chemi3inc"]}]}},"_links":{"self":[{"href":"https:\/\/chemi-3.com\/fr\/wp-json\/wp\/v2\/product\/26757","targetHints":{"allow":["GET"]}}],"collection":[{"href":"https:\/\/chemi-3.com\/fr\/wp-json\/wp\/v2\/product"}],"about":[{"href":"https:\/\/chemi-3.com\/fr\/wp-json\/wp\/v2\/types\/product"}],"replies":[{"embeddable":true,"href":"https:\/\/chemi-3.com\/fr\/wp-json\/wp\/v2\/comments?post=26757"}],"wp:attachment":[{"href":"https:\/\/chemi-3.com\/fr\/wp-json\/wp\/v2\/media?parent=26757"}],"wp:term":[{"taxonomy":"product_brand","embeddable":true,"href":"https:\/\/chemi-3.com\/fr\/wp-json\/wp\/v2\/product_brand?post=26757"},{"taxonomy":"product_cat","embeddable":true,"href":"https:\/\/chemi-3.com\/fr\/wp-json\/wp\/v2\/product_cat?post=26757"},{"taxonomy":"product_tag","embeddable":true,"href":"https:\/\/chemi-3.com\/fr\/wp-json\/wp\/v2\/product_tag?post=26757"}],"curies":[{"name":"wp","href":"https:\/\/api.w.org\/{rel}","templated":true}]}}