{"id":26778,"date":"2021-11-05T12:56:58","date_gmt":"2021-11-05T16:56:58","guid":{"rendered":"https:\/\/chemi-3.com\/product\/savon-a-mains-moussant-scott-essential-anciennement-kleenex-certifie-vert-91591-non-parfume-transparent-12-l-2-paquets-caisse-meme-qualite-kleenex-maintenant-sous-la-marque-scott\/"},"modified":"2021-11-05T12:57:05","modified_gmt":"2021-11-05T16:57:05","slug":"savon-a-mains-moussant-scott-essential-anciennement-kleenex-certifie-vert-91591-non-parfume-transparent-12-l-2-paquets-caisse-meme-qualite-kleenex-maintenant-sous-la-marque-scott","status":"publish","type":"product","link":"https:\/\/chemi-3.com\/fr\/product\/savon-a-mains-moussant-scott-essential-anciennement-kleenex-certifie-vert-91591-non-parfume-transparent-12-l-2-paquets-caisse-meme-qualite-kleenex-maintenant-sous-la-marque-scott\/","title":{"rendered":"Savon \u00e0 mains moussant scott essential (anciennement kleenex) certifi\u00e9 vert (91591), non parfum\u00e9, transparent, 1,2 l, 2 paquets \/ caisse &#8211; m\u00eame qualit\u00e9 kleenex, maintenant sous la marque scott"},"content":{"rendered":"<body><p>This luxurious foaming skin care soap is free from fragrances and dyes and the mild formula is suitable for frequent hand washing. Kleenex\u00ae automatic fragrance free foam soap is dispensed electronically and touch free for elevated hygiene. Sealed cartridges protect the soap prior to use, helping to prevent contamination. For easy maintenance, lights on the dispenser indicate when the soap or battery is low. The high capacity 1200ml format minimizing the risk of running out and the reliable, controlled soap dispensing reduces waste and cost. Approved by AQIS and endorsed by HACCP International, this skin cleanser will not affect food products and is suitable for use in food handling industries. Kleenex\u00ae automatic foam soaps, by Kimberly-Clark Professional\u00ae, form part of a wider range of washroom products designed to create a safer, healthier and more productive workplace.<br>\nUnit\u00e9 de mesure : 2\/1.2-L<\/p>\n<\/body>","protected":false},"excerpt":{"rendered":"<p>This luxurious foaming skin care soap is free from fragrances and dyes and the mild formula is suitable for frequent hand washing. Kleenex\u00ae automatic fragrance free foam soap is dispensed electronically and touch free for elevated hygiene. Sealed cartridges protect the soap prior to use, helping to prevent contamination. For easy maintenance, lights on the [&hellip;]<\/p>\n","protected":false},"featured_media":0,"comment_status":"closed","ping_status":"open","template":"","meta":{"_et_pb_use_builder":"","_et_pb_old_content":"","_et_gb_content_width":""},"product_brand":[],"product_cat":[12811],"product_tag":[13616,14045,13683],"class_list":{"0":"post-26778","1":"product","2":"type-product","3":"status-publish","5":"product_cat-savon-pour-les-mains-et-distributrices","6":"product_tag-conciergerie-et-entretien","7":"product_tag-savon-pour-les-mains-et-distributeurs","8":"product_tag-soins-de-la-peau","9":"pa_country-of-origin-united-states","10":"pa_is-hazardous-material-non","11":"pa_product-colour-blanc","13":"first","14":"instock","15":"taxable","16":"shipping-taxable","17":"purchasable","18":"product-type-simple"},"yoast_head":"<!-- This site is optimized with the Yoast SEO plugin v27.4 - https:\/\/yoast.com\/product\/yoast-seo-wordpress\/ -->\n<title>Savon \u00e0 mains moussant scott essential (anciennement kleenex) certifi\u00e9 vert (91591), non parfum\u00e9, transparent, 1,2 l, 2 paquets \/ caisse - m\u00eame qualit\u00e9 kleenex, maintenant sous la marque scott &#8211; Chemi-3 Inc.<\/title>\n<meta name=\"robots\" content=\"index, follow, max-snippet:-1, max-image-preview:large, max-video-preview:-1\" \/>\n<link rel=\"canonical\" href=\"https:\/\/chemi-3.com\/fr\/product\/savon-a-mains-moussant-scott-essential-anciennement-kleenex-certifie-vert-91591-non-parfume-transparent-12-l-2-paquets-caisse-meme-qualite-kleenex-maintenant-sous-la-marque-scott\/\" \/>\n<meta property=\"og:locale\" content=\"fr_CA\" \/>\n<meta property=\"og:type\" content=\"article\" \/>\n<meta property=\"og:title\" content=\"Savon \u00e0 mains moussant scott essential (anciennement kleenex) certifi\u00e9 vert (91591), non parfum\u00e9, transparent, 1,2 l, 2 paquets \/ caisse - m\u00eame qualit\u00e9 kleenex, maintenant sous la marque scott &#8211; Chemi-3 Inc.\" \/>\n<meta property=\"og:description\" content=\"This luxurious foaming skin care soap is free from fragrances and dyes and the mild formula is suitable for frequent hand washing. Kleenex\u00ae automatic fragrance free foam soap is dispensed electronically and touch free for elevated hygiene. Sealed cartridges protect the soap prior to use, helping to prevent contamination. For easy maintenance, lights on the [&hellip;]\" \/>\n<meta property=\"og:url\" content=\"https:\/\/chemi-3.com\/fr\/product\/savon-a-mains-moussant-scott-essential-anciennement-kleenex-certifie-vert-91591-non-parfume-transparent-12-l-2-paquets-caisse-meme-qualite-kleenex-maintenant-sous-la-marque-scott\/\" \/>\n<meta property=\"og:site_name\" content=\"Chemi-3 Inc.\" \/>\n<meta property=\"article:publisher\" content=\"https:\/\/www.facebook.com\/chemi3inc\/\" \/>\n<meta property=\"article:modified_time\" content=\"2021-11-05T16:57:05+00:00\" \/>\n<meta name=\"twitter:card\" content=\"summary_large_image\" \/>\n<meta name=\"twitter:site\" content=\"@chemi3inc\" \/>\n<meta name=\"twitter:label1\" content=\"Estimation du temps de lecture\" \/>\n\t<meta name=\"twitter:data1\" content=\"1 minute\" \/>\n<script type=\"application\/ld+json\" class=\"yoast-schema-graph\">{\"@context\":\"https:\\\/\\\/schema.org\",\"@graph\":[{\"@type\":[\"WebPage\",\"ItemPage\"],\"@id\":\"https:\\\/\\\/chemi-3.com\\\/fr\\\/product\\\/savon-a-mains-moussant-scott-essential-anciennement-kleenex-certifie-vert-91591-non-parfume-transparent-12-l-2-paquets-caisse-meme-qualite-kleenex-maintenant-sous-la-marque-scott\\\/\",\"url\":\"https:\\\/\\\/chemi-3.com\\\/fr\\\/product\\\/savon-a-mains-moussant-scott-essential-anciennement-kleenex-certifie-vert-91591-non-parfume-transparent-12-l-2-paquets-caisse-meme-qualite-kleenex-maintenant-sous-la-marque-scott\\\/\",\"name\":\"Savon \u00e0 mains moussant scott essential (anciennement kleenex) certifi\u00e9 vert (91591), non parfum\u00e9, transparent, 1,2 l, 2 paquets \\\/ caisse - m\u00eame qualit\u00e9 kleenex, maintenant sous la marque scott &#8211; Chemi-3 Inc.\",\"isPartOf\":{\"@id\":\"https:\\\/\\\/chemi-3.com\\\/fr\\\/#website\"},\"datePublished\":\"2021-11-05T16:56:58+00:00\",\"dateModified\":\"2021-11-05T16:57:05+00:00\",\"breadcrumb\":{\"@id\":\"https:\\\/\\\/chemi-3.com\\\/fr\\\/product\\\/savon-a-mains-moussant-scott-essential-anciennement-kleenex-certifie-vert-91591-non-parfume-transparent-12-l-2-paquets-caisse-meme-qualite-kleenex-maintenant-sous-la-marque-scott\\\/#breadcrumb\"},\"inLanguage\":\"fr-CA\",\"potentialAction\":[{\"@type\":\"ReadAction\",\"target\":[\"https:\\\/\\\/chemi-3.com\\\/fr\\\/product\\\/savon-a-mains-moussant-scott-essential-anciennement-kleenex-certifie-vert-91591-non-parfume-transparent-12-l-2-paquets-caisse-meme-qualite-kleenex-maintenant-sous-la-marque-scott\\\/\"]}]},{\"@type\":\"BreadcrumbList\",\"@id\":\"https:\\\/\\\/chemi-3.com\\\/fr\\\/product\\\/savon-a-mains-moussant-scott-essential-anciennement-kleenex-certifie-vert-91591-non-parfume-transparent-12-l-2-paquets-caisse-meme-qualite-kleenex-maintenant-sous-la-marque-scott\\\/#breadcrumb\",\"itemListElement\":[{\"@type\":\"ListItem\",\"position\":1,\"name\":\"Home\",\"item\":\"https:\\\/\\\/chemi-3.com\\\/fr\\\/\"},{\"@type\":\"ListItem\",\"position\":2,\"name\":\"Produits\",\"item\":\"https:\\\/\\\/chemi-3.com\\\/fr\\\/shop\\\/\"},{\"@type\":\"ListItem\",\"position\":3,\"name\":\"Savon \u00e0 mains moussant scott essential (anciennement kleenex) certifi\u00e9 vert (91591), non parfum\u00e9, transparent, 1,2 l, 2 paquets \\\/ caisse &#8211; m\u00eame qualit\u00e9 kleenex, maintenant sous la marque scott\"}]},{\"@type\":\"WebSite\",\"@id\":\"https:\\\/\\\/chemi-3.com\\\/fr\\\/#website\",\"url\":\"https:\\\/\\\/chemi-3.com\\\/fr\\\/\",\"name\":\"Chemi-3 Inc.\",\"description\":\"Montreal&#039;s premier distributor of janitorial, sanitary and commercial products.\",\"publisher\":{\"@id\":\"https:\\\/\\\/chemi-3.com\\\/fr\\\/#organization\"},\"potentialAction\":[{\"@type\":\"SearchAction\",\"target\":{\"@type\":\"EntryPoint\",\"urlTemplate\":\"https:\\\/\\\/chemi-3.com\\\/fr\\\/?s={search_term_string}\"},\"query-input\":{\"@type\":\"PropertyValueSpecification\",\"valueRequired\":true,\"valueName\":\"search_term_string\"}}],\"inLanguage\":\"fr-CA\"},{\"@type\":\"Organization\",\"@id\":\"https:\\\/\\\/chemi-3.com\\\/fr\\\/#organization\",\"name\":\"Chemi-3 Industries Inc.\",\"url\":\"https:\\\/\\\/chemi-3.com\\\/fr\\\/\",\"logo\":{\"@type\":\"ImageObject\",\"inLanguage\":\"fr-CA\",\"@id\":\"https:\\\/\\\/chemi-3.com\\\/fr\\\/#\\\/schema\\\/logo\\\/image\\\/\",\"url\":\"http:\\\/\\\/chemi-3.com\\\/wp-content\\\/uploads\\\/2021\\\/09\\\/Chemi3_logo_transparent_highres.png\",\"contentUrl\":\"http:\\\/\\\/chemi-3.com\\\/wp-content\\\/uploads\\\/2021\\\/09\\\/Chemi3_logo_transparent_highres.png\",\"width\":1000,\"height\":387,\"caption\":\"Chemi-3 Industries Inc.\"},\"image\":{\"@id\":\"https:\\\/\\\/chemi-3.com\\\/fr\\\/#\\\/schema\\\/logo\\\/image\\\/\"},\"sameAs\":[\"https:\\\/\\\/www.facebook.com\\\/chemi3inc\\\/\",\"https:\\\/\\\/x.com\\\/chemi3inc\",\"https:\\\/\\\/www.instagram.com\\\/chemi3inc\\\/\",\"https:\\\/\\\/www.linkedin.com\\\/company\\\/chemi3inc\"]}]}<\/script>\n<!-- \/ Yoast SEO plugin. -->","yoast_head_json":{"title":"Savon \u00e0 mains moussant scott essential (anciennement kleenex) certifi\u00e9 vert (91591), non parfum\u00e9, transparent, 1,2 l, 2 paquets \/ caisse - m\u00eame qualit\u00e9 kleenex, maintenant sous la marque scott &#8211; Chemi-3 Inc.","robots":{"index":"index","follow":"follow","max-snippet":"max-snippet:-1","max-image-preview":"max-image-preview:large","max-video-preview":"max-video-preview:-1"},"canonical":"https:\/\/chemi-3.com\/fr\/product\/savon-a-mains-moussant-scott-essential-anciennement-kleenex-certifie-vert-91591-non-parfume-transparent-12-l-2-paquets-caisse-meme-qualite-kleenex-maintenant-sous-la-marque-scott\/","og_locale":"fr_CA","og_type":"article","og_title":"Savon \u00e0 mains moussant scott essential (anciennement kleenex) certifi\u00e9 vert (91591), non parfum\u00e9, transparent, 1,2 l, 2 paquets \/ caisse - m\u00eame qualit\u00e9 kleenex, maintenant sous la marque scott &#8211; Chemi-3 Inc.","og_description":"This luxurious foaming skin care soap is free from fragrances and dyes and the mild formula is suitable for frequent hand washing. Kleenex\u00ae automatic fragrance free foam soap is dispensed electronically and touch free for elevated hygiene. Sealed cartridges protect the soap prior to use, helping to prevent contamination. For easy maintenance, lights on the [&hellip;]","og_url":"https:\/\/chemi-3.com\/fr\/product\/savon-a-mains-moussant-scott-essential-anciennement-kleenex-certifie-vert-91591-non-parfume-transparent-12-l-2-paquets-caisse-meme-qualite-kleenex-maintenant-sous-la-marque-scott\/","og_site_name":"Chemi-3 Inc.","article_publisher":"https:\/\/www.facebook.com\/chemi3inc\/","article_modified_time":"2021-11-05T16:57:05+00:00","twitter_card":"summary_large_image","twitter_site":"@chemi3inc","twitter_misc":{"Estimation du temps de lecture":"1 minute"},"schema":{"@context":"https:\/\/schema.org","@graph":[{"@type":["WebPage","ItemPage"],"@id":"https:\/\/chemi-3.com\/fr\/product\/savon-a-mains-moussant-scott-essential-anciennement-kleenex-certifie-vert-91591-non-parfume-transparent-12-l-2-paquets-caisse-meme-qualite-kleenex-maintenant-sous-la-marque-scott\/","url":"https:\/\/chemi-3.com\/fr\/product\/savon-a-mains-moussant-scott-essential-anciennement-kleenex-certifie-vert-91591-non-parfume-transparent-12-l-2-paquets-caisse-meme-qualite-kleenex-maintenant-sous-la-marque-scott\/","name":"Savon \u00e0 mains moussant scott essential (anciennement kleenex) certifi\u00e9 vert (91591), non parfum\u00e9, transparent, 1,2 l, 2 paquets \/ caisse - m\u00eame qualit\u00e9 kleenex, maintenant sous la marque scott &#8211; Chemi-3 Inc.","isPartOf":{"@id":"https:\/\/chemi-3.com\/fr\/#website"},"datePublished":"2021-11-05T16:56:58+00:00","dateModified":"2021-11-05T16:57:05+00:00","breadcrumb":{"@id":"https:\/\/chemi-3.com\/fr\/product\/savon-a-mains-moussant-scott-essential-anciennement-kleenex-certifie-vert-91591-non-parfume-transparent-12-l-2-paquets-caisse-meme-qualite-kleenex-maintenant-sous-la-marque-scott\/#breadcrumb"},"inLanguage":"fr-CA","potentialAction":[{"@type":"ReadAction","target":["https:\/\/chemi-3.com\/fr\/product\/savon-a-mains-moussant-scott-essential-anciennement-kleenex-certifie-vert-91591-non-parfume-transparent-12-l-2-paquets-caisse-meme-qualite-kleenex-maintenant-sous-la-marque-scott\/"]}]},{"@type":"BreadcrumbList","@id":"https:\/\/chemi-3.com\/fr\/product\/savon-a-mains-moussant-scott-essential-anciennement-kleenex-certifie-vert-91591-non-parfume-transparent-12-l-2-paquets-caisse-meme-qualite-kleenex-maintenant-sous-la-marque-scott\/#breadcrumb","itemListElement":[{"@type":"ListItem","position":1,"name":"Home","item":"https:\/\/chemi-3.com\/fr\/"},{"@type":"ListItem","position":2,"name":"Produits","item":"https:\/\/chemi-3.com\/fr\/shop\/"},{"@type":"ListItem","position":3,"name":"Savon \u00e0 mains moussant scott essential (anciennement kleenex) certifi\u00e9 vert (91591), non parfum\u00e9, transparent, 1,2 l, 2 paquets \/ caisse &#8211; m\u00eame qualit\u00e9 kleenex, maintenant sous la marque scott"}]},{"@type":"WebSite","@id":"https:\/\/chemi-3.com\/fr\/#website","url":"https:\/\/chemi-3.com\/fr\/","name":"Chemi-3 Inc.","description":"Montreal&#039;s premier distributor of janitorial, sanitary and commercial products.","publisher":{"@id":"https:\/\/chemi-3.com\/fr\/#organization"},"potentialAction":[{"@type":"SearchAction","target":{"@type":"EntryPoint","urlTemplate":"https:\/\/chemi-3.com\/fr\/?s={search_term_string}"},"query-input":{"@type":"PropertyValueSpecification","valueRequired":true,"valueName":"search_term_string"}}],"inLanguage":"fr-CA"},{"@type":"Organization","@id":"https:\/\/chemi-3.com\/fr\/#organization","name":"Chemi-3 Industries Inc.","url":"https:\/\/chemi-3.com\/fr\/","logo":{"@type":"ImageObject","inLanguage":"fr-CA","@id":"https:\/\/chemi-3.com\/fr\/#\/schema\/logo\/image\/","url":"http:\/\/chemi-3.com\/wp-content\/uploads\/2021\/09\/Chemi3_logo_transparent_highres.png","contentUrl":"http:\/\/chemi-3.com\/wp-content\/uploads\/2021\/09\/Chemi3_logo_transparent_highres.png","width":1000,"height":387,"caption":"Chemi-3 Industries Inc."},"image":{"@id":"https:\/\/chemi-3.com\/fr\/#\/schema\/logo\/image\/"},"sameAs":["https:\/\/www.facebook.com\/chemi3inc\/","https:\/\/x.com\/chemi3inc","https:\/\/www.instagram.com\/chemi3inc\/","https:\/\/www.linkedin.com\/company\/chemi3inc"]}]}},"_links":{"self":[{"href":"https:\/\/chemi-3.com\/fr\/wp-json\/wp\/v2\/product\/26778","targetHints":{"allow":["GET"]}}],"collection":[{"href":"https:\/\/chemi-3.com\/fr\/wp-json\/wp\/v2\/product"}],"about":[{"href":"https:\/\/chemi-3.com\/fr\/wp-json\/wp\/v2\/types\/product"}],"replies":[{"embeddable":true,"href":"https:\/\/chemi-3.com\/fr\/wp-json\/wp\/v2\/comments?post=26778"}],"wp:attachment":[{"href":"https:\/\/chemi-3.com\/fr\/wp-json\/wp\/v2\/media?parent=26778"}],"wp:term":[{"taxonomy":"product_brand","embeddable":true,"href":"https:\/\/chemi-3.com\/fr\/wp-json\/wp\/v2\/product_brand?post=26778"},{"taxonomy":"product_cat","embeddable":true,"href":"https:\/\/chemi-3.com\/fr\/wp-json\/wp\/v2\/product_cat?post=26778"},{"taxonomy":"product_tag","embeddable":true,"href":"https:\/\/chemi-3.com\/fr\/wp-json\/wp\/v2\/product_tag?post=26778"}],"curies":[{"name":"wp","href":"https:\/\/api.w.org\/{rel}","templated":true}]}}