{"id":26832,"date":"2021-11-05T12:57:22","date_gmt":"2021-11-05T16:57:22","guid":{"rendered":"https:\/\/chemi-3.com\/product\/savon-mousse-extra-doux-tork\/"},"modified":"2021-11-05T12:57:25","modified_gmt":"2021-11-05T16:57:25","slug":"savon-mousse-extra-doux-tork","status":"publish","type":"product","link":"https:\/\/chemi-3.com\/fr\/product\/savon-mousse-extra-doux-tork\/","title":{"rendered":"Savon mousse extra doux tork"},"content":{"rendered":"<body><p>Le savon mousse extra doux Tork premium est id\u00e9al pour le lavage des mains au quotidien dans les \u00e9coles, les restaurants, les maisons de soins infirmiers et partout ailleurs. Notre nouvelle formule qualit\u00e9 sup\u00e9rieure offre un soin de la peau respectueux de l\u2019environnement sans colorants, parfums ni gluten, ce qui lui a valu une triple certification. Convient aux distributeurs Tork pour savon et d\u00e9sinfectants pour les mains. Sa conception conviviale encourage les visiteurs \u00e0 adopter une bonne hygi\u00e8ne des mains. Des ingr\u00e9dients doux et ayant fait l\u2019objet de tests dermatologiques sont tout indiqu\u00e9s pour les peaux sensibles lorsqu\u2019il faut se laver les mains fr\u00e9quemment. Haute capacit\u00e9. Offre 2 500 doses contr\u00f4l\u00e9es, ce qui emp\u00eache la surutilisation. Le remplissage se fait en \u00e0 peine 3 secondes. Le flacon est fabriqu\u00e9 en plastique recyclable et s\u2019\u00e9crase sur lui-m\u00eame pour r\u00e9duire les d\u00e9chets de 70 %, ce qui donne une image \u00e9cologique positive. Certifi\u00e9 \u00c9coLogo\u00ae et Green Seal\u2122, NSF E1 et Sant\u00e9 Canada.<br>\nUnit\u00e9 de mesure : 6\/1-LTR<\/p>\n<\/body>","protected":false},"excerpt":{"rendered":"<p>Le savon mousse extra doux Tork premium est id\u00e9al pour le lavage des mains au quotidien dans les \u00e9coles, les restaurants, les maisons de soins infirmiers et partout ailleurs. Notre nouvelle formule qualit\u00e9 sup\u00e9rieure offre un soin de la peau respectueux de l\u2019environnement sans colorants, parfums ni gluten, ce qui lui a valu une triple [&hellip;]<\/p>\n","protected":false},"featured_media":0,"comment_status":"closed","ping_status":"open","template":"","meta":{"_et_pb_use_builder":"","_et_pb_old_content":"","_et_gb_content_width":""},"product_brand":[],"product_cat":[12811],"product_tag":[13616,14045,13683],"class_list":{"0":"post-26832","1":"product","2":"type-product","3":"status-publish","5":"product_cat-savon-pour-les-mains-et-distributrices","6":"product_tag-conciergerie-et-entretien","7":"product_tag-savon-pour-les-mains-et-distributeurs","8":"product_tag-soins-de-la-peau","9":"pa_country-of-origin-mexique","10":"pa_environmental-status-ecologo-fr","11":"pa_is-hazardous-material-non","13":"first","14":"instock","15":"taxable","16":"shipping-taxable","17":"purchasable","18":"product-type-simple"},"yoast_head":"<!-- This site is optimized with the Yoast SEO plugin v27.4 - https:\/\/yoast.com\/product\/yoast-seo-wordpress\/ -->\n<title>Savon mousse extra doux tork &#8211; Chemi-3 Inc.<\/title>\n<meta name=\"robots\" content=\"index, follow, max-snippet:-1, max-image-preview:large, max-video-preview:-1\" \/>\n<link rel=\"canonical\" href=\"https:\/\/chemi-3.com\/fr\/product\/savon-mousse-extra-doux-tork\/\" \/>\n<meta property=\"og:locale\" content=\"fr_CA\" \/>\n<meta property=\"og:type\" content=\"article\" \/>\n<meta property=\"og:title\" content=\"Savon mousse extra doux tork &#8211; Chemi-3 Inc.\" \/>\n<meta property=\"og:description\" content=\"Le savon mousse extra doux Tork premium est id\u00e9al pour le lavage des mains au quotidien dans les \u00e9coles, les restaurants, les maisons de soins infirmiers et partout ailleurs. Notre nouvelle formule qualit\u00e9 sup\u00e9rieure offre un soin de la peau respectueux de l\u2019environnement sans colorants, parfums ni gluten, ce qui lui a valu une triple [&hellip;]\" \/>\n<meta property=\"og:url\" content=\"https:\/\/chemi-3.com\/fr\/product\/savon-mousse-extra-doux-tork\/\" \/>\n<meta property=\"og:site_name\" content=\"Chemi-3 Inc.\" \/>\n<meta property=\"article:publisher\" content=\"https:\/\/www.facebook.com\/chemi3inc\/\" \/>\n<meta property=\"article:modified_time\" content=\"2021-11-05T16:57:25+00:00\" \/>\n<meta name=\"twitter:card\" content=\"summary_large_image\" \/>\n<meta name=\"twitter:site\" content=\"@chemi3inc\" \/>\n<meta name=\"twitter:label1\" content=\"Estimation du temps de lecture\" \/>\n\t<meta name=\"twitter:data1\" content=\"1 minute\" \/>\n<script type=\"application\/ld+json\" class=\"yoast-schema-graph\">{\"@context\":\"https:\\\/\\\/schema.org\",\"@graph\":[{\"@type\":[\"WebPage\",\"ItemPage\"],\"@id\":\"https:\\\/\\\/chemi-3.com\\\/fr\\\/product\\\/savon-mousse-extra-doux-tork\\\/\",\"url\":\"https:\\\/\\\/chemi-3.com\\\/fr\\\/product\\\/savon-mousse-extra-doux-tork\\\/\",\"name\":\"Savon mousse extra doux tork &#8211; Chemi-3 Inc.\",\"isPartOf\":{\"@id\":\"https:\\\/\\\/chemi-3.com\\\/fr\\\/#website\"},\"datePublished\":\"2021-11-05T16:57:22+00:00\",\"dateModified\":\"2021-11-05T16:57:25+00:00\",\"breadcrumb\":{\"@id\":\"https:\\\/\\\/chemi-3.com\\\/fr\\\/product\\\/savon-mousse-extra-doux-tork\\\/#breadcrumb\"},\"inLanguage\":\"fr-CA\",\"potentialAction\":[{\"@type\":\"ReadAction\",\"target\":[\"https:\\\/\\\/chemi-3.com\\\/fr\\\/product\\\/savon-mousse-extra-doux-tork\\\/\"]}]},{\"@type\":\"BreadcrumbList\",\"@id\":\"https:\\\/\\\/chemi-3.com\\\/fr\\\/product\\\/savon-mousse-extra-doux-tork\\\/#breadcrumb\",\"itemListElement\":[{\"@type\":\"ListItem\",\"position\":1,\"name\":\"Home\",\"item\":\"https:\\\/\\\/chemi-3.com\\\/fr\\\/\"},{\"@type\":\"ListItem\",\"position\":2,\"name\":\"Produits\",\"item\":\"https:\\\/\\\/chemi-3.com\\\/fr\\\/shop\\\/\"},{\"@type\":\"ListItem\",\"position\":3,\"name\":\"Savon mousse extra doux tork\"}]},{\"@type\":\"WebSite\",\"@id\":\"https:\\\/\\\/chemi-3.com\\\/fr\\\/#website\",\"url\":\"https:\\\/\\\/chemi-3.com\\\/fr\\\/\",\"name\":\"Chemi-3 Inc.\",\"description\":\"Montreal&#039;s premier distributor of janitorial, sanitary and commercial products.\",\"publisher\":{\"@id\":\"https:\\\/\\\/chemi-3.com\\\/fr\\\/#organization\"},\"potentialAction\":[{\"@type\":\"SearchAction\",\"target\":{\"@type\":\"EntryPoint\",\"urlTemplate\":\"https:\\\/\\\/chemi-3.com\\\/fr\\\/?s={search_term_string}\"},\"query-input\":{\"@type\":\"PropertyValueSpecification\",\"valueRequired\":true,\"valueName\":\"search_term_string\"}}],\"inLanguage\":\"fr-CA\"},{\"@type\":\"Organization\",\"@id\":\"https:\\\/\\\/chemi-3.com\\\/fr\\\/#organization\",\"name\":\"Chemi-3 Industries Inc.\",\"url\":\"https:\\\/\\\/chemi-3.com\\\/fr\\\/\",\"logo\":{\"@type\":\"ImageObject\",\"inLanguage\":\"fr-CA\",\"@id\":\"https:\\\/\\\/chemi-3.com\\\/fr\\\/#\\\/schema\\\/logo\\\/image\\\/\",\"url\":\"http:\\\/\\\/chemi-3.com\\\/wp-content\\\/uploads\\\/2021\\\/09\\\/Chemi3_logo_transparent_highres.png\",\"contentUrl\":\"http:\\\/\\\/chemi-3.com\\\/wp-content\\\/uploads\\\/2021\\\/09\\\/Chemi3_logo_transparent_highres.png\",\"width\":1000,\"height\":387,\"caption\":\"Chemi-3 Industries Inc.\"},\"image\":{\"@id\":\"https:\\\/\\\/chemi-3.com\\\/fr\\\/#\\\/schema\\\/logo\\\/image\\\/\"},\"sameAs\":[\"https:\\\/\\\/www.facebook.com\\\/chemi3inc\\\/\",\"https:\\\/\\\/x.com\\\/chemi3inc\",\"https:\\\/\\\/www.instagram.com\\\/chemi3inc\\\/\",\"https:\\\/\\\/www.linkedin.com\\\/company\\\/chemi3inc\"]}]}<\/script>\n<!-- \/ Yoast SEO plugin. -->","yoast_head_json":{"title":"Savon mousse extra doux tork &#8211; Chemi-3 Inc.","robots":{"index":"index","follow":"follow","max-snippet":"max-snippet:-1","max-image-preview":"max-image-preview:large","max-video-preview":"max-video-preview:-1"},"canonical":"https:\/\/chemi-3.com\/fr\/product\/savon-mousse-extra-doux-tork\/","og_locale":"fr_CA","og_type":"article","og_title":"Savon mousse extra doux tork &#8211; Chemi-3 Inc.","og_description":"Le savon mousse extra doux Tork premium est id\u00e9al pour le lavage des mains au quotidien dans les \u00e9coles, les restaurants, les maisons de soins infirmiers et partout ailleurs. Notre nouvelle formule qualit\u00e9 sup\u00e9rieure offre un soin de la peau respectueux de l\u2019environnement sans colorants, parfums ni gluten, ce qui lui a valu une triple [&hellip;]","og_url":"https:\/\/chemi-3.com\/fr\/product\/savon-mousse-extra-doux-tork\/","og_site_name":"Chemi-3 Inc.","article_publisher":"https:\/\/www.facebook.com\/chemi3inc\/","article_modified_time":"2021-11-05T16:57:25+00:00","twitter_card":"summary_large_image","twitter_site":"@chemi3inc","twitter_misc":{"Estimation du temps de lecture":"1 minute"},"schema":{"@context":"https:\/\/schema.org","@graph":[{"@type":["WebPage","ItemPage"],"@id":"https:\/\/chemi-3.com\/fr\/product\/savon-mousse-extra-doux-tork\/","url":"https:\/\/chemi-3.com\/fr\/product\/savon-mousse-extra-doux-tork\/","name":"Savon mousse extra doux tork &#8211; Chemi-3 Inc.","isPartOf":{"@id":"https:\/\/chemi-3.com\/fr\/#website"},"datePublished":"2021-11-05T16:57:22+00:00","dateModified":"2021-11-05T16:57:25+00:00","breadcrumb":{"@id":"https:\/\/chemi-3.com\/fr\/product\/savon-mousse-extra-doux-tork\/#breadcrumb"},"inLanguage":"fr-CA","potentialAction":[{"@type":"ReadAction","target":["https:\/\/chemi-3.com\/fr\/product\/savon-mousse-extra-doux-tork\/"]}]},{"@type":"BreadcrumbList","@id":"https:\/\/chemi-3.com\/fr\/product\/savon-mousse-extra-doux-tork\/#breadcrumb","itemListElement":[{"@type":"ListItem","position":1,"name":"Home","item":"https:\/\/chemi-3.com\/fr\/"},{"@type":"ListItem","position":2,"name":"Produits","item":"https:\/\/chemi-3.com\/fr\/shop\/"},{"@type":"ListItem","position":3,"name":"Savon mousse extra doux tork"}]},{"@type":"WebSite","@id":"https:\/\/chemi-3.com\/fr\/#website","url":"https:\/\/chemi-3.com\/fr\/","name":"Chemi-3 Inc.","description":"Montreal&#039;s premier distributor of janitorial, sanitary and commercial products.","publisher":{"@id":"https:\/\/chemi-3.com\/fr\/#organization"},"potentialAction":[{"@type":"SearchAction","target":{"@type":"EntryPoint","urlTemplate":"https:\/\/chemi-3.com\/fr\/?s={search_term_string}"},"query-input":{"@type":"PropertyValueSpecification","valueRequired":true,"valueName":"search_term_string"}}],"inLanguage":"fr-CA"},{"@type":"Organization","@id":"https:\/\/chemi-3.com\/fr\/#organization","name":"Chemi-3 Industries Inc.","url":"https:\/\/chemi-3.com\/fr\/","logo":{"@type":"ImageObject","inLanguage":"fr-CA","@id":"https:\/\/chemi-3.com\/fr\/#\/schema\/logo\/image\/","url":"http:\/\/chemi-3.com\/wp-content\/uploads\/2021\/09\/Chemi3_logo_transparent_highres.png","contentUrl":"http:\/\/chemi-3.com\/wp-content\/uploads\/2021\/09\/Chemi3_logo_transparent_highres.png","width":1000,"height":387,"caption":"Chemi-3 Industries Inc."},"image":{"@id":"https:\/\/chemi-3.com\/fr\/#\/schema\/logo\/image\/"},"sameAs":["https:\/\/www.facebook.com\/chemi3inc\/","https:\/\/x.com\/chemi3inc","https:\/\/www.instagram.com\/chemi3inc\/","https:\/\/www.linkedin.com\/company\/chemi3inc"]}]}},"_links":{"self":[{"href":"https:\/\/chemi-3.com\/fr\/wp-json\/wp\/v2\/product\/26832","targetHints":{"allow":["GET"]}}],"collection":[{"href":"https:\/\/chemi-3.com\/fr\/wp-json\/wp\/v2\/product"}],"about":[{"href":"https:\/\/chemi-3.com\/fr\/wp-json\/wp\/v2\/types\/product"}],"replies":[{"embeddable":true,"href":"https:\/\/chemi-3.com\/fr\/wp-json\/wp\/v2\/comments?post=26832"}],"wp:attachment":[{"href":"https:\/\/chemi-3.com\/fr\/wp-json\/wp\/v2\/media?parent=26832"}],"wp:term":[{"taxonomy":"product_brand","embeddable":true,"href":"https:\/\/chemi-3.com\/fr\/wp-json\/wp\/v2\/product_brand?post=26832"},{"taxonomy":"product_cat","embeddable":true,"href":"https:\/\/chemi-3.com\/fr\/wp-json\/wp\/v2\/product_cat?post=26832"},{"taxonomy":"product_tag","embeddable":true,"href":"https:\/\/chemi-3.com\/fr\/wp-json\/wp\/v2\/product_tag?post=26832"}],"curies":[{"name":"wp","href":"https:\/\/api.w.org\/{rel}","templated":true}]}}