{"id":26848,"date":"2021-11-05T12:57:22","date_gmt":"2021-11-05T16:57:22","guid":{"rendered":"https:\/\/chemi-3.com\/product\/mousse-antiseptique-a-base-dalcool-deb-instantfoam-cartouche-de-1-l\/"},"modified":"2021-11-05T12:57:30","modified_gmt":"2021-11-05T16:57:30","slug":"mousse-antiseptique-a-base-dalcool-deb-instantfoam-cartouche-de-1-l","status":"publish","type":"product","link":"https:\/\/chemi-3.com\/fr\/product\/mousse-antiseptique-a-base-dalcool-deb-instantfoam-cartouche-de-1-l\/","title":{"rendered":"Mousse antiseptique \u00e0 base d\u2019alcool deb instantfoam\u00ae (cartouche de 1 l)"},"content":{"rendered":"<body><p>\u00c9liminez 99,99 % des nombreux types de germes courants pr\u00e9sents sur votre lieu de travail avec cette mousse antiseptique pour les mains \u00e0 base d\u2019alcool Deb InstantFOAM. Six bouteilles de 1 litre par caisse. Le d\u00e9sinfectant agit rapidement et constitue une bonne option pour pr\u00e9venir la propagation et les \u00e9pid\u00e9mies dans les petits espaces de travail. La mousse permet de contr\u00f4ler le produit, elle est sans parfum et sans colorant, elle r\u00e9duit le potentiel de r\u00e9actions allergiques et d\u2019irritations cutan\u00e9es, et contient un hydratant pour \u00e9viter le dess\u00e8chement de la peau. Formule sans effet alt\u00e9rant sur le go\u00fbt des aliments et \u00e9valu\u00e9e selon l\u2019HACCP et le NSF E3 \u2013 convient aux milieux o\u00f9 l\u2019on manipule et pr\u00e9pare des aliments. Assurez-vous de vous procurer des distributeurs pour votre InstantFOAM afin d\u2019avoir acc\u00e8s \u00e0 une distribution rapide et facile.<br>\nUnit\u00e9 de mesure : 6\/1L<\/p>\n<\/body>","protected":false},"excerpt":{"rendered":"<p>\u00c9liminez 99,99 % des nombreux types de germes courants pr\u00e9sents sur votre lieu de travail avec cette mousse antiseptique pour les mains \u00e0 base d\u2019alcool Deb InstantFOAM. Six bouteilles de 1 litre par caisse. Le d\u00e9sinfectant agit rapidement et constitue une bonne option pour pr\u00e9venir la propagation et les \u00e9pid\u00e9mies dans les petits espaces de [&hellip;]<\/p>\n","protected":false},"featured_media":0,"comment_status":"closed","ping_status":"open","template":"","meta":{"_et_pb_use_builder":"","_et_pb_old_content":"","_et_gb_content_width":""},"product_brand":[],"product_cat":[12810],"product_tag":[13899,13616,13683],"class_list":{"0":"post-26848","1":"product","2":"type-product","3":"status-publish","5":"product_cat-assainisseur-pour-les-mains-et-distributrices","6":"product_tag-assainisseur-pour-les-mains-et-distributrices","7":"product_tag-conciergerie-et-entretien","8":"product_tag-soins-de-la-peau","9":"pa_country-of-origin-canada-fr","10":"pa_environmental-status-recyclable-fr","11":"pa_is-hazardous-material-oui","12":"pa_product-colour-clair","13":"pa_product-material-liquid-2","14":"pa_product-shape-rectangulaire","16":"first","17":"instock","18":"taxable","19":"shipping-taxable","20":"purchasable","21":"product-type-simple"},"yoast_head":"<!-- This site is optimized with the Yoast SEO plugin v27.5 - https:\/\/yoast.com\/product\/yoast-seo-wordpress\/ -->\n<title>Mousse antiseptique \u00e0 base d\u2019alcool deb instantfoam\u00ae (cartouche de 1 l) &#8211; Chemi-3 Inc.<\/title>\n<meta name=\"robots\" content=\"index, follow, max-snippet:-1, max-image-preview:large, max-video-preview:-1\" \/>\n<link rel=\"canonical\" href=\"https:\/\/chemi-3.com\/fr\/product\/mousse-antiseptique-a-base-dalcool-deb-instantfoam-cartouche-de-1-l\/\" \/>\n<meta property=\"og:locale\" content=\"fr_CA\" \/>\n<meta property=\"og:type\" content=\"article\" \/>\n<meta property=\"og:title\" content=\"Mousse antiseptique \u00e0 base d\u2019alcool deb instantfoam\u00ae (cartouche de 1 l) &#8211; Chemi-3 Inc.\" \/>\n<meta property=\"og:description\" content=\"\u00c9liminez 99,99 % des nombreux types de germes courants pr\u00e9sents sur votre lieu de travail avec cette mousse antiseptique pour les mains \u00e0 base d\u2019alcool Deb InstantFOAM. Six bouteilles de 1 litre par caisse. Le d\u00e9sinfectant agit rapidement et constitue une bonne option pour pr\u00e9venir la propagation et les \u00e9pid\u00e9mies dans les petits espaces de [&hellip;]\" \/>\n<meta property=\"og:url\" content=\"https:\/\/chemi-3.com\/fr\/product\/mousse-antiseptique-a-base-dalcool-deb-instantfoam-cartouche-de-1-l\/\" \/>\n<meta property=\"og:site_name\" content=\"Chemi-3 Inc.\" \/>\n<meta property=\"article:publisher\" content=\"https:\/\/www.facebook.com\/chemi3inc\/\" \/>\n<meta property=\"article:modified_time\" content=\"2021-11-05T16:57:30+00:00\" \/>\n<meta name=\"twitter:card\" content=\"summary_large_image\" \/>\n<meta name=\"twitter:site\" content=\"@chemi3inc\" \/>\n<meta name=\"twitter:label1\" content=\"Estimation du temps de lecture\" \/>\n\t<meta name=\"twitter:data1\" content=\"1 minute\" \/>\n<script type=\"application\/ld+json\" class=\"yoast-schema-graph\">{\"@context\":\"https:\\\/\\\/schema.org\",\"@graph\":[{\"@type\":[\"WebPage\",\"ItemPage\"],\"@id\":\"https:\\\/\\\/chemi-3.com\\\/fr\\\/product\\\/mousse-antiseptique-a-base-dalcool-deb-instantfoam-cartouche-de-1-l\\\/\",\"url\":\"https:\\\/\\\/chemi-3.com\\\/fr\\\/product\\\/mousse-antiseptique-a-base-dalcool-deb-instantfoam-cartouche-de-1-l\\\/\",\"name\":\"Mousse antiseptique \u00e0 base d\u2019alcool deb instantfoam\u00ae (cartouche de 1 l) &#8211; Chemi-3 Inc.\",\"isPartOf\":{\"@id\":\"https:\\\/\\\/chemi-3.com\\\/fr\\\/#website\"},\"datePublished\":\"2021-11-05T16:57:22+00:00\",\"dateModified\":\"2021-11-05T16:57:30+00:00\",\"breadcrumb\":{\"@id\":\"https:\\\/\\\/chemi-3.com\\\/fr\\\/product\\\/mousse-antiseptique-a-base-dalcool-deb-instantfoam-cartouche-de-1-l\\\/#breadcrumb\"},\"inLanguage\":\"fr-CA\",\"potentialAction\":[{\"@type\":\"ReadAction\",\"target\":[\"https:\\\/\\\/chemi-3.com\\\/fr\\\/product\\\/mousse-antiseptique-a-base-dalcool-deb-instantfoam-cartouche-de-1-l\\\/\"]}]},{\"@type\":\"BreadcrumbList\",\"@id\":\"https:\\\/\\\/chemi-3.com\\\/fr\\\/product\\\/mousse-antiseptique-a-base-dalcool-deb-instantfoam-cartouche-de-1-l\\\/#breadcrumb\",\"itemListElement\":[{\"@type\":\"ListItem\",\"position\":1,\"name\":\"Home\",\"item\":\"https:\\\/\\\/chemi-3.com\\\/fr\\\/\"},{\"@type\":\"ListItem\",\"position\":2,\"name\":\"Produits\",\"item\":\"https:\\\/\\\/chemi-3.com\\\/fr\\\/shop\\\/\"},{\"@type\":\"ListItem\",\"position\":3,\"name\":\"Mousse antiseptique \u00e0 base d\u2019alcool deb instantfoam\u00ae (cartouche de 1 l)\"}]},{\"@type\":\"WebSite\",\"@id\":\"https:\\\/\\\/chemi-3.com\\\/fr\\\/#website\",\"url\":\"https:\\\/\\\/chemi-3.com\\\/fr\\\/\",\"name\":\"Chemi-3 Inc.\",\"description\":\"Montreal&#039;s premier distributor of janitorial, sanitary and commercial products.\",\"publisher\":{\"@id\":\"https:\\\/\\\/chemi-3.com\\\/fr\\\/#organization\"},\"potentialAction\":[{\"@type\":\"SearchAction\",\"target\":{\"@type\":\"EntryPoint\",\"urlTemplate\":\"https:\\\/\\\/chemi-3.com\\\/fr\\\/?s={search_term_string}\"},\"query-input\":{\"@type\":\"PropertyValueSpecification\",\"valueRequired\":true,\"valueName\":\"search_term_string\"}}],\"inLanguage\":\"fr-CA\"},{\"@type\":\"Organization\",\"@id\":\"https:\\\/\\\/chemi-3.com\\\/fr\\\/#organization\",\"name\":\"Chemi-3 Industries Inc.\",\"url\":\"https:\\\/\\\/chemi-3.com\\\/fr\\\/\",\"logo\":{\"@type\":\"ImageObject\",\"inLanguage\":\"fr-CA\",\"@id\":\"https:\\\/\\\/chemi-3.com\\\/fr\\\/#\\\/schema\\\/logo\\\/image\\\/\",\"url\":\"http:\\\/\\\/chemi-3.com\\\/wp-content\\\/uploads\\\/2021\\\/09\\\/Chemi3_logo_transparent_highres.png\",\"contentUrl\":\"http:\\\/\\\/chemi-3.com\\\/wp-content\\\/uploads\\\/2021\\\/09\\\/Chemi3_logo_transparent_highres.png\",\"width\":1000,\"height\":387,\"caption\":\"Chemi-3 Industries Inc.\"},\"image\":{\"@id\":\"https:\\\/\\\/chemi-3.com\\\/fr\\\/#\\\/schema\\\/logo\\\/image\\\/\"},\"sameAs\":[\"https:\\\/\\\/www.facebook.com\\\/chemi3inc\\\/\",\"https:\\\/\\\/x.com\\\/chemi3inc\",\"https:\\\/\\\/www.instagram.com\\\/chemi3inc\\\/\",\"https:\\\/\\\/www.linkedin.com\\\/company\\\/chemi3inc\"]}]}<\/script>\n<!-- \/ Yoast SEO plugin. -->","yoast_head_json":{"title":"Mousse antiseptique \u00e0 base d\u2019alcool deb instantfoam\u00ae (cartouche de 1 l) &#8211; Chemi-3 Inc.","robots":{"index":"index","follow":"follow","max-snippet":"max-snippet:-1","max-image-preview":"max-image-preview:large","max-video-preview":"max-video-preview:-1"},"canonical":"https:\/\/chemi-3.com\/fr\/product\/mousse-antiseptique-a-base-dalcool-deb-instantfoam-cartouche-de-1-l\/","og_locale":"fr_CA","og_type":"article","og_title":"Mousse antiseptique \u00e0 base d\u2019alcool deb instantfoam\u00ae (cartouche de 1 l) &#8211; Chemi-3 Inc.","og_description":"\u00c9liminez 99,99 % des nombreux types de germes courants pr\u00e9sents sur votre lieu de travail avec cette mousse antiseptique pour les mains \u00e0 base d\u2019alcool Deb InstantFOAM. Six bouteilles de 1 litre par caisse. Le d\u00e9sinfectant agit rapidement et constitue une bonne option pour pr\u00e9venir la propagation et les \u00e9pid\u00e9mies dans les petits espaces de [&hellip;]","og_url":"https:\/\/chemi-3.com\/fr\/product\/mousse-antiseptique-a-base-dalcool-deb-instantfoam-cartouche-de-1-l\/","og_site_name":"Chemi-3 Inc.","article_publisher":"https:\/\/www.facebook.com\/chemi3inc\/","article_modified_time":"2021-11-05T16:57:30+00:00","twitter_card":"summary_large_image","twitter_site":"@chemi3inc","twitter_misc":{"Estimation du temps de lecture":"1 minute"},"schema":{"@context":"https:\/\/schema.org","@graph":[{"@type":["WebPage","ItemPage"],"@id":"https:\/\/chemi-3.com\/fr\/product\/mousse-antiseptique-a-base-dalcool-deb-instantfoam-cartouche-de-1-l\/","url":"https:\/\/chemi-3.com\/fr\/product\/mousse-antiseptique-a-base-dalcool-deb-instantfoam-cartouche-de-1-l\/","name":"Mousse antiseptique \u00e0 base d\u2019alcool deb instantfoam\u00ae (cartouche de 1 l) &#8211; Chemi-3 Inc.","isPartOf":{"@id":"https:\/\/chemi-3.com\/fr\/#website"},"datePublished":"2021-11-05T16:57:22+00:00","dateModified":"2021-11-05T16:57:30+00:00","breadcrumb":{"@id":"https:\/\/chemi-3.com\/fr\/product\/mousse-antiseptique-a-base-dalcool-deb-instantfoam-cartouche-de-1-l\/#breadcrumb"},"inLanguage":"fr-CA","potentialAction":[{"@type":"ReadAction","target":["https:\/\/chemi-3.com\/fr\/product\/mousse-antiseptique-a-base-dalcool-deb-instantfoam-cartouche-de-1-l\/"]}]},{"@type":"BreadcrumbList","@id":"https:\/\/chemi-3.com\/fr\/product\/mousse-antiseptique-a-base-dalcool-deb-instantfoam-cartouche-de-1-l\/#breadcrumb","itemListElement":[{"@type":"ListItem","position":1,"name":"Home","item":"https:\/\/chemi-3.com\/fr\/"},{"@type":"ListItem","position":2,"name":"Produits","item":"https:\/\/chemi-3.com\/fr\/shop\/"},{"@type":"ListItem","position":3,"name":"Mousse antiseptique \u00e0 base d\u2019alcool deb instantfoam\u00ae (cartouche de 1 l)"}]},{"@type":"WebSite","@id":"https:\/\/chemi-3.com\/fr\/#website","url":"https:\/\/chemi-3.com\/fr\/","name":"Chemi-3 Inc.","description":"Montreal&#039;s premier distributor of janitorial, sanitary and commercial products.","publisher":{"@id":"https:\/\/chemi-3.com\/fr\/#organization"},"potentialAction":[{"@type":"SearchAction","target":{"@type":"EntryPoint","urlTemplate":"https:\/\/chemi-3.com\/fr\/?s={search_term_string}"},"query-input":{"@type":"PropertyValueSpecification","valueRequired":true,"valueName":"search_term_string"}}],"inLanguage":"fr-CA"},{"@type":"Organization","@id":"https:\/\/chemi-3.com\/fr\/#organization","name":"Chemi-3 Industries Inc.","url":"https:\/\/chemi-3.com\/fr\/","logo":{"@type":"ImageObject","inLanguage":"fr-CA","@id":"https:\/\/chemi-3.com\/fr\/#\/schema\/logo\/image\/","url":"http:\/\/chemi-3.com\/wp-content\/uploads\/2021\/09\/Chemi3_logo_transparent_highres.png","contentUrl":"http:\/\/chemi-3.com\/wp-content\/uploads\/2021\/09\/Chemi3_logo_transparent_highres.png","width":1000,"height":387,"caption":"Chemi-3 Industries Inc."},"image":{"@id":"https:\/\/chemi-3.com\/fr\/#\/schema\/logo\/image\/"},"sameAs":["https:\/\/www.facebook.com\/chemi3inc\/","https:\/\/x.com\/chemi3inc","https:\/\/www.instagram.com\/chemi3inc\/","https:\/\/www.linkedin.com\/company\/chemi3inc"]}]}},"_links":{"self":[{"href":"https:\/\/chemi-3.com\/fr\/wp-json\/wp\/v2\/product\/26848","targetHints":{"allow":["GET"]}}],"collection":[{"href":"https:\/\/chemi-3.com\/fr\/wp-json\/wp\/v2\/product"}],"about":[{"href":"https:\/\/chemi-3.com\/fr\/wp-json\/wp\/v2\/types\/product"}],"replies":[{"embeddable":true,"href":"https:\/\/chemi-3.com\/fr\/wp-json\/wp\/v2\/comments?post=26848"}],"wp:attachment":[{"href":"https:\/\/chemi-3.com\/fr\/wp-json\/wp\/v2\/media?parent=26848"}],"wp:term":[{"taxonomy":"product_brand","embeddable":true,"href":"https:\/\/chemi-3.com\/fr\/wp-json\/wp\/v2\/product_brand?post=26848"},{"taxonomy":"product_cat","embeddable":true,"href":"https:\/\/chemi-3.com\/fr\/wp-json\/wp\/v2\/product_cat?post=26848"},{"taxonomy":"product_tag","embeddable":true,"href":"https:\/\/chemi-3.com\/fr\/wp-json\/wp\/v2\/product_tag?post=26848"}],"curies":[{"name":"wp","href":"https:\/\/api.w.org\/{rel}","templated":true}]}}