{"id":26861,"date":"2021-11-05T12:57:22","date_gmt":"2021-11-05T16:57:22","guid":{"rendered":"https:\/\/chemi-3.com\/product\/18-vadrouille-a-epousseter-electrastat-a-brins-coupes-et-attaches-bleu\/"},"modified":"2021-11-05T12:57:34","modified_gmt":"2021-11-05T16:57:34","slug":"18-vadrouille-a-epousseter-electrastat-a-brins-coupes-et-attaches-bleu","status":"publish","type":"product","link":"https:\/\/chemi-3.com\/fr\/product\/18-vadrouille-a-epousseter-electrastat-a-brins-coupes-et-attaches-bleu\/","title":{"rendered":"18&#8243; vadrouille \u00e0 \u00e9pousseter electrastat \u00e0 brins coup\u00e9s et attaches &#8211; bleu"},"content":{"rendered":"<body><p>La vadrouille Electrastat est faite d\u2019un brin de nylon robuste qui attire la poussi\u00e8re. Tr\u00e8s r\u00e9sistante elle ne requiert pas de traitement \u2013 offerte en 4 couleurs \u00e9clatantes pour les \u00e9tablissements qui utilisent les codes-couleurs tels que les programmes HACCP. La vadrouille avec attaches s\u2019utilise avec le cadre pliant ou rigide de 5\u2033. Id\u00e9ale pour les \u00e9tablissements o\u00f9 on ne permet pas le traitement \u00e0 poussi\u00e8re.<br>\nUnit\u00e9 de mesure : 1\/CS\/10<\/p>\n<\/body>","protected":false},"excerpt":{"rendered":"<p>La vadrouille Electrastat est faite d\u2019un brin de nylon robuste qui attire la poussi\u00e8re. Tr\u00e8s r\u00e9sistante elle ne requiert pas de traitement \u2013 offerte en 4 couleurs \u00e9clatantes pour les \u00e9tablissements qui utilisent les codes-couleurs tels que les programmes HACCP. La vadrouille avec attaches s\u2019utilise avec le cadre pliant ou rigide de 5\u2033. Id\u00e9ale pour [&hellip;]<\/p>\n","protected":false},"featured_media":0,"comment_status":"closed","ping_status":"open","template":"","meta":{"_et_pb_use_builder":"","_et_pb_old_content":"","_et_gb_content_width":""},"product_brand":[],"product_cat":[12804],"product_tag":[13616,13684,13900],"class_list":{"0":"post-26861","1":"product","2":"type-product","3":"status-publish","5":"product_cat-vadrouilles","6":"product_tag-conciergerie-et-entretien","7":"product_tag-nettoyage-et-entretien-des-planchers","8":"product_tag-vadrouilles","10":"first","11":"instock","12":"taxable","13":"shipping-taxable","14":"purchasable","15":"product-type-simple"},"yoast_head":"<!-- This site is optimized with the Yoast SEO plugin v27.4 - https:\/\/yoast.com\/product\/yoast-seo-wordpress\/ -->\n<title>18&quot; vadrouille \u00e0 \u00e9pousseter electrastat \u00e0 brins coup\u00e9s et attaches - bleu &#8211; Chemi-3 Inc.<\/title>\n<meta name=\"robots\" content=\"index, follow, max-snippet:-1, max-image-preview:large, max-video-preview:-1\" \/>\n<link rel=\"canonical\" href=\"https:\/\/chemi-3.com\/fr\/product\/18-vadrouille-a-epousseter-electrastat-a-brins-coupes-et-attaches-bleu\/\" \/>\n<meta property=\"og:locale\" content=\"fr_CA\" \/>\n<meta property=\"og:type\" content=\"article\" \/>\n<meta property=\"og:title\" content=\"18&quot; vadrouille \u00e0 \u00e9pousseter electrastat \u00e0 brins coup\u00e9s et attaches - bleu &#8211; Chemi-3 Inc.\" \/>\n<meta property=\"og:description\" content=\"La vadrouille Electrastat est faite d\u2019un brin de nylon robuste qui attire la poussi\u00e8re. Tr\u00e8s r\u00e9sistante elle ne requiert pas de traitement \u2013 offerte en 4 couleurs \u00e9clatantes pour les \u00e9tablissements qui utilisent les codes-couleurs tels que les programmes HACCP. La vadrouille avec attaches s\u2019utilise avec le cadre pliant ou rigide de 5\u2033. Id\u00e9ale pour [&hellip;]\" \/>\n<meta property=\"og:url\" content=\"https:\/\/chemi-3.com\/fr\/product\/18-vadrouille-a-epousseter-electrastat-a-brins-coupes-et-attaches-bleu\/\" \/>\n<meta property=\"og:site_name\" content=\"Chemi-3 Inc.\" \/>\n<meta property=\"article:publisher\" content=\"https:\/\/www.facebook.com\/chemi3inc\/\" \/>\n<meta property=\"article:modified_time\" content=\"2021-11-05T16:57:34+00:00\" \/>\n<meta name=\"twitter:card\" content=\"summary_large_image\" \/>\n<meta name=\"twitter:site\" content=\"@chemi3inc\" \/>\n<script type=\"application\/ld+json\" class=\"yoast-schema-graph\">{\"@context\":\"https:\\\/\\\/schema.org\",\"@graph\":[{\"@type\":[\"WebPage\",\"ItemPage\"],\"@id\":\"https:\\\/\\\/chemi-3.com\\\/fr\\\/product\\\/18-vadrouille-a-epousseter-electrastat-a-brins-coupes-et-attaches-bleu\\\/\",\"url\":\"https:\\\/\\\/chemi-3.com\\\/fr\\\/product\\\/18-vadrouille-a-epousseter-electrastat-a-brins-coupes-et-attaches-bleu\\\/\",\"name\":\"18\\\" vadrouille \u00e0 \u00e9pousseter electrastat \u00e0 brins coup\u00e9s et attaches - bleu &#8211; Chemi-3 Inc.\",\"isPartOf\":{\"@id\":\"https:\\\/\\\/chemi-3.com\\\/fr\\\/#website\"},\"datePublished\":\"2021-11-05T16:57:22+00:00\",\"dateModified\":\"2021-11-05T16:57:34+00:00\",\"breadcrumb\":{\"@id\":\"https:\\\/\\\/chemi-3.com\\\/fr\\\/product\\\/18-vadrouille-a-epousseter-electrastat-a-brins-coupes-et-attaches-bleu\\\/#breadcrumb\"},\"inLanguage\":\"fr-CA\",\"potentialAction\":[{\"@type\":\"ReadAction\",\"target\":[\"https:\\\/\\\/chemi-3.com\\\/fr\\\/product\\\/18-vadrouille-a-epousseter-electrastat-a-brins-coupes-et-attaches-bleu\\\/\"]}]},{\"@type\":\"BreadcrumbList\",\"@id\":\"https:\\\/\\\/chemi-3.com\\\/fr\\\/product\\\/18-vadrouille-a-epousseter-electrastat-a-brins-coupes-et-attaches-bleu\\\/#breadcrumb\",\"itemListElement\":[{\"@type\":\"ListItem\",\"position\":1,\"name\":\"Home\",\"item\":\"https:\\\/\\\/chemi-3.com\\\/fr\\\/\"},{\"@type\":\"ListItem\",\"position\":2,\"name\":\"Produits\",\"item\":\"https:\\\/\\\/chemi-3.com\\\/fr\\\/shop\\\/\"},{\"@type\":\"ListItem\",\"position\":3,\"name\":\"18&#8243; vadrouille \u00e0 \u00e9pousseter electrastat \u00e0 brins coup\u00e9s et attaches &#8211; bleu\"}]},{\"@type\":\"WebSite\",\"@id\":\"https:\\\/\\\/chemi-3.com\\\/fr\\\/#website\",\"url\":\"https:\\\/\\\/chemi-3.com\\\/fr\\\/\",\"name\":\"Chemi-3 Inc.\",\"description\":\"Montreal&#039;s premier distributor of janitorial, sanitary and commercial products.\",\"publisher\":{\"@id\":\"https:\\\/\\\/chemi-3.com\\\/fr\\\/#organization\"},\"potentialAction\":[{\"@type\":\"SearchAction\",\"target\":{\"@type\":\"EntryPoint\",\"urlTemplate\":\"https:\\\/\\\/chemi-3.com\\\/fr\\\/?s={search_term_string}\"},\"query-input\":{\"@type\":\"PropertyValueSpecification\",\"valueRequired\":true,\"valueName\":\"search_term_string\"}}],\"inLanguage\":\"fr-CA\"},{\"@type\":\"Organization\",\"@id\":\"https:\\\/\\\/chemi-3.com\\\/fr\\\/#organization\",\"name\":\"Chemi-3 Industries Inc.\",\"url\":\"https:\\\/\\\/chemi-3.com\\\/fr\\\/\",\"logo\":{\"@type\":\"ImageObject\",\"inLanguage\":\"fr-CA\",\"@id\":\"https:\\\/\\\/chemi-3.com\\\/fr\\\/#\\\/schema\\\/logo\\\/image\\\/\",\"url\":\"http:\\\/\\\/chemi-3.com\\\/wp-content\\\/uploads\\\/2021\\\/09\\\/Chemi3_logo_transparent_highres.png\",\"contentUrl\":\"http:\\\/\\\/chemi-3.com\\\/wp-content\\\/uploads\\\/2021\\\/09\\\/Chemi3_logo_transparent_highres.png\",\"width\":1000,\"height\":387,\"caption\":\"Chemi-3 Industries Inc.\"},\"image\":{\"@id\":\"https:\\\/\\\/chemi-3.com\\\/fr\\\/#\\\/schema\\\/logo\\\/image\\\/\"},\"sameAs\":[\"https:\\\/\\\/www.facebook.com\\\/chemi3inc\\\/\",\"https:\\\/\\\/x.com\\\/chemi3inc\",\"https:\\\/\\\/www.instagram.com\\\/chemi3inc\\\/\",\"https:\\\/\\\/www.linkedin.com\\\/company\\\/chemi3inc\"]}]}<\/script>\n<!-- \/ Yoast SEO plugin. -->","yoast_head_json":{"title":"18\" vadrouille \u00e0 \u00e9pousseter electrastat \u00e0 brins coup\u00e9s et attaches - bleu &#8211; Chemi-3 Inc.","robots":{"index":"index","follow":"follow","max-snippet":"max-snippet:-1","max-image-preview":"max-image-preview:large","max-video-preview":"max-video-preview:-1"},"canonical":"https:\/\/chemi-3.com\/fr\/product\/18-vadrouille-a-epousseter-electrastat-a-brins-coupes-et-attaches-bleu\/","og_locale":"fr_CA","og_type":"article","og_title":"18\" vadrouille \u00e0 \u00e9pousseter electrastat \u00e0 brins coup\u00e9s et attaches - bleu &#8211; Chemi-3 Inc.","og_description":"La vadrouille Electrastat est faite d\u2019un brin de nylon robuste qui attire la poussi\u00e8re. Tr\u00e8s r\u00e9sistante elle ne requiert pas de traitement \u2013 offerte en 4 couleurs \u00e9clatantes pour les \u00e9tablissements qui utilisent les codes-couleurs tels que les programmes HACCP. La vadrouille avec attaches s\u2019utilise avec le cadre pliant ou rigide de 5\u2033. Id\u00e9ale pour [&hellip;]","og_url":"https:\/\/chemi-3.com\/fr\/product\/18-vadrouille-a-epousseter-electrastat-a-brins-coupes-et-attaches-bleu\/","og_site_name":"Chemi-3 Inc.","article_publisher":"https:\/\/www.facebook.com\/chemi3inc\/","article_modified_time":"2021-11-05T16:57:34+00:00","twitter_card":"summary_large_image","twitter_site":"@chemi3inc","schema":{"@context":"https:\/\/schema.org","@graph":[{"@type":["WebPage","ItemPage"],"@id":"https:\/\/chemi-3.com\/fr\/product\/18-vadrouille-a-epousseter-electrastat-a-brins-coupes-et-attaches-bleu\/","url":"https:\/\/chemi-3.com\/fr\/product\/18-vadrouille-a-epousseter-electrastat-a-brins-coupes-et-attaches-bleu\/","name":"18\" vadrouille \u00e0 \u00e9pousseter electrastat \u00e0 brins coup\u00e9s et attaches - bleu &#8211; Chemi-3 Inc.","isPartOf":{"@id":"https:\/\/chemi-3.com\/fr\/#website"},"datePublished":"2021-11-05T16:57:22+00:00","dateModified":"2021-11-05T16:57:34+00:00","breadcrumb":{"@id":"https:\/\/chemi-3.com\/fr\/product\/18-vadrouille-a-epousseter-electrastat-a-brins-coupes-et-attaches-bleu\/#breadcrumb"},"inLanguage":"fr-CA","potentialAction":[{"@type":"ReadAction","target":["https:\/\/chemi-3.com\/fr\/product\/18-vadrouille-a-epousseter-electrastat-a-brins-coupes-et-attaches-bleu\/"]}]},{"@type":"BreadcrumbList","@id":"https:\/\/chemi-3.com\/fr\/product\/18-vadrouille-a-epousseter-electrastat-a-brins-coupes-et-attaches-bleu\/#breadcrumb","itemListElement":[{"@type":"ListItem","position":1,"name":"Home","item":"https:\/\/chemi-3.com\/fr\/"},{"@type":"ListItem","position":2,"name":"Produits","item":"https:\/\/chemi-3.com\/fr\/shop\/"},{"@type":"ListItem","position":3,"name":"18&#8243; vadrouille \u00e0 \u00e9pousseter electrastat \u00e0 brins coup\u00e9s et attaches &#8211; bleu"}]},{"@type":"WebSite","@id":"https:\/\/chemi-3.com\/fr\/#website","url":"https:\/\/chemi-3.com\/fr\/","name":"Chemi-3 Inc.","description":"Montreal&#039;s premier distributor of janitorial, sanitary and commercial products.","publisher":{"@id":"https:\/\/chemi-3.com\/fr\/#organization"},"potentialAction":[{"@type":"SearchAction","target":{"@type":"EntryPoint","urlTemplate":"https:\/\/chemi-3.com\/fr\/?s={search_term_string}"},"query-input":{"@type":"PropertyValueSpecification","valueRequired":true,"valueName":"search_term_string"}}],"inLanguage":"fr-CA"},{"@type":"Organization","@id":"https:\/\/chemi-3.com\/fr\/#organization","name":"Chemi-3 Industries Inc.","url":"https:\/\/chemi-3.com\/fr\/","logo":{"@type":"ImageObject","inLanguage":"fr-CA","@id":"https:\/\/chemi-3.com\/fr\/#\/schema\/logo\/image\/","url":"http:\/\/chemi-3.com\/wp-content\/uploads\/2021\/09\/Chemi3_logo_transparent_highres.png","contentUrl":"http:\/\/chemi-3.com\/wp-content\/uploads\/2021\/09\/Chemi3_logo_transparent_highres.png","width":1000,"height":387,"caption":"Chemi-3 Industries Inc."},"image":{"@id":"https:\/\/chemi-3.com\/fr\/#\/schema\/logo\/image\/"},"sameAs":["https:\/\/www.facebook.com\/chemi3inc\/","https:\/\/x.com\/chemi3inc","https:\/\/www.instagram.com\/chemi3inc\/","https:\/\/www.linkedin.com\/company\/chemi3inc"]}]}},"_links":{"self":[{"href":"https:\/\/chemi-3.com\/fr\/wp-json\/wp\/v2\/product\/26861","targetHints":{"allow":["GET"]}}],"collection":[{"href":"https:\/\/chemi-3.com\/fr\/wp-json\/wp\/v2\/product"}],"about":[{"href":"https:\/\/chemi-3.com\/fr\/wp-json\/wp\/v2\/types\/product"}],"replies":[{"embeddable":true,"href":"https:\/\/chemi-3.com\/fr\/wp-json\/wp\/v2\/comments?post=26861"}],"wp:attachment":[{"href":"https:\/\/chemi-3.com\/fr\/wp-json\/wp\/v2\/media?parent=26861"}],"wp:term":[{"taxonomy":"product_brand","embeddable":true,"href":"https:\/\/chemi-3.com\/fr\/wp-json\/wp\/v2\/product_brand?post=26861"},{"taxonomy":"product_cat","embeddable":true,"href":"https:\/\/chemi-3.com\/fr\/wp-json\/wp\/v2\/product_cat?post=26861"},{"taxonomy":"product_tag","embeddable":true,"href":"https:\/\/chemi-3.com\/fr\/wp-json\/wp\/v2\/product_tag?post=26861"}],"curies":[{"name":"wp","href":"https:\/\/api.w.org\/{rel}","templated":true}]}}