{"id":27005,"date":"2021-11-05T12:58:31","date_gmt":"2021-11-05T16:58:31","guid":{"rendered":"https:\/\/chemi-3.com\/product\/tampon-de-grand-rendement-3mmc-7300-505-mm-20-po\/"},"modified":"2021-11-05T12:58:35","modified_gmt":"2021-11-05T16:58:35","slug":"tampon-de-grand-rendement-3mmc-7300-505-mm-20-po","status":"publish","type":"product","link":"https:\/\/chemi-3.com\/fr\/product\/tampon-de-grand-rendement-3mmc-7300-505-mm-20-po\/","title":{"rendered":"Tampon de grand rendement 3mmc, 7300, 505 mm (20\u00a0po)"},"content":{"rendered":"<body><p>Une conception ouverte qui r\u00e9siste \u00e0 la surcharge et \u00e0 l\u2019obstruction.  Notre tampon de d\u00e9capage le plus agressif.  Fait de filaments de nylon continus formant une structure ouverte textur\u00e9e non tiss\u00e9e.  Pour un retrait rapide des finis et un d\u00e9capage uniforme.<\/p>\n<p>Le tampon de grand rendement 7300 3MMC\u00a0est un tampon de d\u00e9capage pour l\u2019entretien des planchers qui enl\u00e8ve rapidement et efficacement les anciennes couches de finition, la salet\u00e9 et les accumulations sur les planchers. Il est fait de filaments de nylon continus formant une structure ouverte, ce qui permet \u00e0 la solution de d\u00e9capage de circuler dans le tampon de mani\u00e8re \u00e0 enlever la salet\u00e9 et \u00e0 r\u00e9duire l\u2019encrassement pour accro\u00eetre le contact entre le tampon et le plancher et offrir un d\u00e9capage efficace. Des particules abrasives sont dispers\u00e9es dans tout le tampon et li\u00e9es \u00e0 la construction non tiss\u00e9e au moyen d\u2019un syst\u00e8me de r\u00e9sine durable r\u00e9parti dans tout le tampon. Ces tampons sont faits pour \u00eatre durables et offrent un rendement constant.  Applications sugg\u00e9r\u00e9es \u2013 Pour un retrait rapide des finis sur les planchers; Convient aux r\u00e9cureuses automatiques standard et \u00e0 faible r\u00e9gime, ainsi qu\u2019aux machines de plancher rotatives (175 \u00e0 600 tr\/min)<br>\nUnit\u00e9 de mesure : 1\/CS\/5<\/p>\n<\/body>","protected":false},"excerpt":{"rendered":"<p>Une conception ouverte qui r\u00e9siste \u00e0 la surcharge et \u00e0 l\u2019obstruction. Notre tampon de d\u00e9capage le plus agressif. Fait de filaments de nylon continus formant une structure ouverte textur\u00e9e non tiss\u00e9e. Pour un retrait rapide des finis et un d\u00e9capage uniforme. Le tampon de grand rendement 7300 3MMC\u00a0est un tampon de d\u00e9capage pour l\u2019entretien des [&hellip;]<\/p>\n","protected":false},"featured_media":0,"comment_status":"closed","ping_status":"open","template":"","meta":{"_et_pb_use_builder":"","_et_pb_old_content":"","_et_gb_content_width":""},"product_brand":[],"product_cat":[12800],"product_tag":[13616,13684,13903],"class_list":{"0":"post-27005","1":"product","2":"type-product","3":"status-publish","5":"product_cat-tampons-pour-nettoyer-les-revetements-de-sol-patins-de-poncage-et-coussins","6":"product_tag-conciergerie-et-entretien","7":"product_tag-nettoyage-et-entretien-des-planchers","8":"product_tag-tampons-pour-nettoyer-les-revetements-de-sol-patins-de-poncage-et-coussins","9":"pa_country-of-origin-united-states","10":"pa_is-hazardous-material-non","11":"pa_product-material-nylon-2","12":"pa_product-shape-rond","14":"first","15":"instock","16":"taxable","17":"shipping-taxable","18":"purchasable","19":"product-type-simple"},"yoast_head":"<!-- This site is optimized with the Yoast SEO plugin v27.5 - https:\/\/yoast.com\/product\/yoast-seo-wordpress\/ -->\n<title>Tampon de grand rendement 3mmc, 7300, 505 mm (20\u00a0po) &#8211; Chemi-3 Inc.<\/title>\n<meta name=\"robots\" content=\"index, follow, max-snippet:-1, max-image-preview:large, max-video-preview:-1\" \/>\n<link rel=\"canonical\" href=\"https:\/\/chemi-3.com\/fr\/product\/tampon-de-grand-rendement-3mmc-7300-505-mm-20-po\/\" \/>\n<meta property=\"og:locale\" content=\"fr_CA\" \/>\n<meta property=\"og:type\" content=\"article\" \/>\n<meta property=\"og:title\" content=\"Tampon de grand rendement 3mmc, 7300, 505 mm (20\u00a0po) &#8211; Chemi-3 Inc.\" \/>\n<meta property=\"og:description\" content=\"Une conception ouverte qui r\u00e9siste \u00e0 la surcharge et \u00e0 l\u2019obstruction. Notre tampon de d\u00e9capage le plus agressif. Fait de filaments de nylon continus formant une structure ouverte textur\u00e9e non tiss\u00e9e. Pour un retrait rapide des finis et un d\u00e9capage uniforme. Le tampon de grand rendement 7300 3MMC\u00a0est un tampon de d\u00e9capage pour l\u2019entretien des [&hellip;]\" \/>\n<meta property=\"og:url\" content=\"https:\/\/chemi-3.com\/fr\/product\/tampon-de-grand-rendement-3mmc-7300-505-mm-20-po\/\" \/>\n<meta property=\"og:site_name\" content=\"Chemi-3 Inc.\" \/>\n<meta property=\"article:publisher\" content=\"https:\/\/www.facebook.com\/chemi3inc\/\" \/>\n<meta property=\"article:modified_time\" content=\"2021-11-05T16:58:35+00:00\" \/>\n<meta name=\"twitter:card\" content=\"summary_large_image\" \/>\n<meta name=\"twitter:site\" content=\"@chemi3inc\" \/>\n<meta name=\"twitter:label1\" content=\"Estimation du temps de lecture\" \/>\n\t<meta name=\"twitter:data1\" content=\"1 minute\" \/>\n<script type=\"application\/ld+json\" class=\"yoast-schema-graph\">{\"@context\":\"https:\\\/\\\/schema.org\",\"@graph\":[{\"@type\":[\"WebPage\",\"ItemPage\"],\"@id\":\"https:\\\/\\\/chemi-3.com\\\/fr\\\/product\\\/tampon-de-grand-rendement-3mmc-7300-505-mm-20-po\\\/\",\"url\":\"https:\\\/\\\/chemi-3.com\\\/fr\\\/product\\\/tampon-de-grand-rendement-3mmc-7300-505-mm-20-po\\\/\",\"name\":\"Tampon de grand rendement 3mmc, 7300, 505 mm (20\u00a0po) &#8211; Chemi-3 Inc.\",\"isPartOf\":{\"@id\":\"https:\\\/\\\/chemi-3.com\\\/fr\\\/#website\"},\"datePublished\":\"2021-11-05T16:58:31+00:00\",\"dateModified\":\"2021-11-05T16:58:35+00:00\",\"breadcrumb\":{\"@id\":\"https:\\\/\\\/chemi-3.com\\\/fr\\\/product\\\/tampon-de-grand-rendement-3mmc-7300-505-mm-20-po\\\/#breadcrumb\"},\"inLanguage\":\"fr-CA\",\"potentialAction\":[{\"@type\":\"ReadAction\",\"target\":[\"https:\\\/\\\/chemi-3.com\\\/fr\\\/product\\\/tampon-de-grand-rendement-3mmc-7300-505-mm-20-po\\\/\"]}]},{\"@type\":\"BreadcrumbList\",\"@id\":\"https:\\\/\\\/chemi-3.com\\\/fr\\\/product\\\/tampon-de-grand-rendement-3mmc-7300-505-mm-20-po\\\/#breadcrumb\",\"itemListElement\":[{\"@type\":\"ListItem\",\"position\":1,\"name\":\"Home\",\"item\":\"https:\\\/\\\/chemi-3.com\\\/fr\\\/\"},{\"@type\":\"ListItem\",\"position\":2,\"name\":\"Produits\",\"item\":\"https:\\\/\\\/chemi-3.com\\\/fr\\\/shop\\\/\"},{\"@type\":\"ListItem\",\"position\":3,\"name\":\"Tampon de grand rendement 3mmc, 7300, 505 mm (20\u00a0po)\"}]},{\"@type\":\"WebSite\",\"@id\":\"https:\\\/\\\/chemi-3.com\\\/fr\\\/#website\",\"url\":\"https:\\\/\\\/chemi-3.com\\\/fr\\\/\",\"name\":\"Chemi-3 Inc.\",\"description\":\"Montreal&#039;s premier distributor of janitorial, sanitary and commercial products.\",\"publisher\":{\"@id\":\"https:\\\/\\\/chemi-3.com\\\/fr\\\/#organization\"},\"potentialAction\":[{\"@type\":\"SearchAction\",\"target\":{\"@type\":\"EntryPoint\",\"urlTemplate\":\"https:\\\/\\\/chemi-3.com\\\/fr\\\/?s={search_term_string}\"},\"query-input\":{\"@type\":\"PropertyValueSpecification\",\"valueRequired\":true,\"valueName\":\"search_term_string\"}}],\"inLanguage\":\"fr-CA\"},{\"@type\":\"Organization\",\"@id\":\"https:\\\/\\\/chemi-3.com\\\/fr\\\/#organization\",\"name\":\"Chemi-3 Industries Inc.\",\"url\":\"https:\\\/\\\/chemi-3.com\\\/fr\\\/\",\"logo\":{\"@type\":\"ImageObject\",\"inLanguage\":\"fr-CA\",\"@id\":\"https:\\\/\\\/chemi-3.com\\\/fr\\\/#\\\/schema\\\/logo\\\/image\\\/\",\"url\":\"http:\\\/\\\/chemi-3.com\\\/wp-content\\\/uploads\\\/2021\\\/09\\\/Chemi3_logo_transparent_highres.png\",\"contentUrl\":\"http:\\\/\\\/chemi-3.com\\\/wp-content\\\/uploads\\\/2021\\\/09\\\/Chemi3_logo_transparent_highres.png\",\"width\":1000,\"height\":387,\"caption\":\"Chemi-3 Industries Inc.\"},\"image\":{\"@id\":\"https:\\\/\\\/chemi-3.com\\\/fr\\\/#\\\/schema\\\/logo\\\/image\\\/\"},\"sameAs\":[\"https:\\\/\\\/www.facebook.com\\\/chemi3inc\\\/\",\"https:\\\/\\\/x.com\\\/chemi3inc\",\"https:\\\/\\\/www.instagram.com\\\/chemi3inc\\\/\",\"https:\\\/\\\/www.linkedin.com\\\/company\\\/chemi3inc\"]}]}<\/script>\n<!-- \/ Yoast SEO plugin. -->","yoast_head_json":{"title":"Tampon de grand rendement 3mmc, 7300, 505 mm (20\u00a0po) &#8211; Chemi-3 Inc.","robots":{"index":"index","follow":"follow","max-snippet":"max-snippet:-1","max-image-preview":"max-image-preview:large","max-video-preview":"max-video-preview:-1"},"canonical":"https:\/\/chemi-3.com\/fr\/product\/tampon-de-grand-rendement-3mmc-7300-505-mm-20-po\/","og_locale":"fr_CA","og_type":"article","og_title":"Tampon de grand rendement 3mmc, 7300, 505 mm (20\u00a0po) &#8211; Chemi-3 Inc.","og_description":"Une conception ouverte qui r\u00e9siste \u00e0 la surcharge et \u00e0 l\u2019obstruction. Notre tampon de d\u00e9capage le plus agressif. Fait de filaments de nylon continus formant une structure ouverte textur\u00e9e non tiss\u00e9e. Pour un retrait rapide des finis et un d\u00e9capage uniforme. Le tampon de grand rendement 7300 3MMC\u00a0est un tampon de d\u00e9capage pour l\u2019entretien des [&hellip;]","og_url":"https:\/\/chemi-3.com\/fr\/product\/tampon-de-grand-rendement-3mmc-7300-505-mm-20-po\/","og_site_name":"Chemi-3 Inc.","article_publisher":"https:\/\/www.facebook.com\/chemi3inc\/","article_modified_time":"2021-11-05T16:58:35+00:00","twitter_card":"summary_large_image","twitter_site":"@chemi3inc","twitter_misc":{"Estimation du temps de lecture":"1 minute"},"schema":{"@context":"https:\/\/schema.org","@graph":[{"@type":["WebPage","ItemPage"],"@id":"https:\/\/chemi-3.com\/fr\/product\/tampon-de-grand-rendement-3mmc-7300-505-mm-20-po\/","url":"https:\/\/chemi-3.com\/fr\/product\/tampon-de-grand-rendement-3mmc-7300-505-mm-20-po\/","name":"Tampon de grand rendement 3mmc, 7300, 505 mm (20\u00a0po) &#8211; Chemi-3 Inc.","isPartOf":{"@id":"https:\/\/chemi-3.com\/fr\/#website"},"datePublished":"2021-11-05T16:58:31+00:00","dateModified":"2021-11-05T16:58:35+00:00","breadcrumb":{"@id":"https:\/\/chemi-3.com\/fr\/product\/tampon-de-grand-rendement-3mmc-7300-505-mm-20-po\/#breadcrumb"},"inLanguage":"fr-CA","potentialAction":[{"@type":"ReadAction","target":["https:\/\/chemi-3.com\/fr\/product\/tampon-de-grand-rendement-3mmc-7300-505-mm-20-po\/"]}]},{"@type":"BreadcrumbList","@id":"https:\/\/chemi-3.com\/fr\/product\/tampon-de-grand-rendement-3mmc-7300-505-mm-20-po\/#breadcrumb","itemListElement":[{"@type":"ListItem","position":1,"name":"Home","item":"https:\/\/chemi-3.com\/fr\/"},{"@type":"ListItem","position":2,"name":"Produits","item":"https:\/\/chemi-3.com\/fr\/shop\/"},{"@type":"ListItem","position":3,"name":"Tampon de grand rendement 3mmc, 7300, 505 mm (20\u00a0po)"}]},{"@type":"WebSite","@id":"https:\/\/chemi-3.com\/fr\/#website","url":"https:\/\/chemi-3.com\/fr\/","name":"Chemi-3 Inc.","description":"Montreal&#039;s premier distributor of janitorial, sanitary and commercial products.","publisher":{"@id":"https:\/\/chemi-3.com\/fr\/#organization"},"potentialAction":[{"@type":"SearchAction","target":{"@type":"EntryPoint","urlTemplate":"https:\/\/chemi-3.com\/fr\/?s={search_term_string}"},"query-input":{"@type":"PropertyValueSpecification","valueRequired":true,"valueName":"search_term_string"}}],"inLanguage":"fr-CA"},{"@type":"Organization","@id":"https:\/\/chemi-3.com\/fr\/#organization","name":"Chemi-3 Industries Inc.","url":"https:\/\/chemi-3.com\/fr\/","logo":{"@type":"ImageObject","inLanguage":"fr-CA","@id":"https:\/\/chemi-3.com\/fr\/#\/schema\/logo\/image\/","url":"http:\/\/chemi-3.com\/wp-content\/uploads\/2021\/09\/Chemi3_logo_transparent_highres.png","contentUrl":"http:\/\/chemi-3.com\/wp-content\/uploads\/2021\/09\/Chemi3_logo_transparent_highres.png","width":1000,"height":387,"caption":"Chemi-3 Industries Inc."},"image":{"@id":"https:\/\/chemi-3.com\/fr\/#\/schema\/logo\/image\/"},"sameAs":["https:\/\/www.facebook.com\/chemi3inc\/","https:\/\/x.com\/chemi3inc","https:\/\/www.instagram.com\/chemi3inc\/","https:\/\/www.linkedin.com\/company\/chemi3inc"]}]}},"_links":{"self":[{"href":"https:\/\/chemi-3.com\/fr\/wp-json\/wp\/v2\/product\/27005","targetHints":{"allow":["GET"]}}],"collection":[{"href":"https:\/\/chemi-3.com\/fr\/wp-json\/wp\/v2\/product"}],"about":[{"href":"https:\/\/chemi-3.com\/fr\/wp-json\/wp\/v2\/types\/product"}],"replies":[{"embeddable":true,"href":"https:\/\/chemi-3.com\/fr\/wp-json\/wp\/v2\/comments?post=27005"}],"wp:attachment":[{"href":"https:\/\/chemi-3.com\/fr\/wp-json\/wp\/v2\/media?parent=27005"}],"wp:term":[{"taxonomy":"product_brand","embeddable":true,"href":"https:\/\/chemi-3.com\/fr\/wp-json\/wp\/v2\/product_brand?post=27005"},{"taxonomy":"product_cat","embeddable":true,"href":"https:\/\/chemi-3.com\/fr\/wp-json\/wp\/v2\/product_cat?post=27005"},{"taxonomy":"product_tag","embeddable":true,"href":"https:\/\/chemi-3.com\/fr\/wp-json\/wp\/v2\/product_tag?post=27005"}],"curies":[{"name":"wp","href":"https:\/\/api.w.org\/{rel}","templated":true}]}}