{"id":27009,"date":"2021-11-05T12:58:31","date_gmt":"2021-11-05T16:58:31","guid":{"rendered":"https:\/\/chemi-3.com\/product\/tampon-de-recurage-et-de-decapage-scrub-n-strip-doodlebugmc-3mmc-8531-1016-x-254-mm-4625-x-10-po-2\/"},"modified":"2021-11-05T12:58:38","modified_gmt":"2021-11-05T16:58:38","slug":"tampon-de-recurage-et-de-decapage-scrub-n-strip-doodlebugmc-3mmc-8531-1016-x-254-mm-4625-x-10-po-2","status":"publish","type":"product","link":"https:\/\/chemi-3.com\/fr\/product\/tampon-de-recurage-et-de-decapage-scrub-n-strip-doodlebugmc-3mmc-8531-1016-x-254-mm-4625-x-10-po-2\/","title":{"rendered":"Tampon de r\u00e9curage et de d\u00e9capage scrub \u2019n strip doodlebugmc\u00a03mmc, 8531, 101,6 x 254 mm (4,625 x 10\u00a0po)"},"content":{"rendered":"<body><p>Con\u00e7u pour les gros travaux comme l\u2019\u00e9limination des finis et de la cire accumul\u00e9e sur les plinthes et les bords de planchers. Voil\u00e0 un excellent moyen de d\u00e9caper des escaliers. Convient au porte-tampon\u00a06472 DoodlebugMC\u00a03MMC\u00a0ou au porte-tampon pour bloc manuel\u00a06473 DoodlebugMC\u00a03MMC.<\/p>\n<p>L\u2019enduit r\u00e9parti uniform\u00e9ment aide \u00e0 r\u00e9duire le nombre de n\u0153uds et d\u2019agglom\u00e9rations, ce qui pr\u00e9vient les \u00e9gratignures sur les planchers tout en offrant une meilleure uniformit\u00e9 et en prolongeant la dur\u00e9e utile du tampon.  Les tampons sont r\u00e9versibles et ils ne seront pas affect\u00e9s de fa\u00e7on importante par l\u2019eau, les d\u00e9tergents ou les nettoyants normalement utilis\u00e9s pour l\u2019entretien des planchers.<br>\nUnit\u00e9 de mesure : 05-Apr<\/p>\n<\/body>","protected":false},"excerpt":{"rendered":"<p>Con\u00e7u pour les gros travaux comme l\u2019\u00e9limination des finis et de la cire accumul\u00e9e sur les plinthes et les bords de planchers. Voil\u00e0 un excellent moyen de d\u00e9caper des escaliers. Convient au porte-tampon\u00a06472 DoodlebugMC\u00a03MMC\u00a0ou au porte-tampon pour bloc manuel\u00a06473 DoodlebugMC\u00a03MMC. L\u2019enduit r\u00e9parti uniform\u00e9ment aide \u00e0 r\u00e9duire le nombre de n\u0153uds et d\u2019agglom\u00e9rations, ce qui pr\u00e9vient [&hellip;]<\/p>\n","protected":false},"featured_media":0,"comment_status":"closed","ping_status":"open","template":"","meta":{"_et_pb_use_builder":"","_et_pb_old_content":"","_et_gb_content_width":""},"product_brand":[],"product_cat":[12800],"product_tag":[13616,13684,13903],"class_list":{"0":"post-27009","1":"product","2":"type-product","3":"status-publish","5":"product_cat-tampons-pour-nettoyer-les-revetements-de-sol-patins-de-poncage-et-coussins","6":"product_tag-conciergerie-et-entretien","7":"product_tag-nettoyage-et-entretien-des-planchers","8":"product_tag-tampons-pour-nettoyer-les-revetements-de-sol-patins-de-poncage-et-coussins","9":"pa_is-hazardous-material-non","11":"first","12":"instock","13":"taxable","14":"shipping-taxable","15":"purchasable","16":"product-type-simple"},"yoast_head":"<!-- This site is optimized with the Yoast SEO plugin v27.4 - https:\/\/yoast.com\/product\/yoast-seo-wordpress\/ -->\n<title>Tampon de r\u00e9curage et de d\u00e9capage scrub \u2019n strip doodlebugmc\u00a03mmc, 8531, 101,6 x 254 mm (4,625 x 10\u00a0po) &#8211; Chemi-3 Inc.<\/title>\n<meta name=\"robots\" content=\"index, follow, max-snippet:-1, max-image-preview:large, max-video-preview:-1\" \/>\n<link rel=\"canonical\" href=\"https:\/\/chemi-3.com\/fr\/product\/tampon-de-recurage-et-de-decapage-scrub-n-strip-doodlebugmc-3mmc-8531-1016-x-254-mm-4625-x-10-po-2\/\" \/>\n<meta property=\"og:locale\" content=\"fr_CA\" \/>\n<meta property=\"og:type\" content=\"article\" \/>\n<meta property=\"og:title\" content=\"Tampon de r\u00e9curage et de d\u00e9capage scrub \u2019n strip doodlebugmc\u00a03mmc, 8531, 101,6 x 254 mm (4,625 x 10\u00a0po) &#8211; Chemi-3 Inc.\" \/>\n<meta property=\"og:description\" content=\"Con\u00e7u pour les gros travaux comme l\u2019\u00e9limination des finis et de la cire accumul\u00e9e sur les plinthes et les bords de planchers. Voil\u00e0 un excellent moyen de d\u00e9caper des escaliers. Convient au porte-tampon\u00a06472 DoodlebugMC\u00a03MMC\u00a0ou au porte-tampon pour bloc manuel\u00a06473 DoodlebugMC\u00a03MMC. L\u2019enduit r\u00e9parti uniform\u00e9ment aide \u00e0 r\u00e9duire le nombre de n\u0153uds et d\u2019agglom\u00e9rations, ce qui pr\u00e9vient [&hellip;]\" \/>\n<meta property=\"og:url\" content=\"https:\/\/chemi-3.com\/fr\/product\/tampon-de-recurage-et-de-decapage-scrub-n-strip-doodlebugmc-3mmc-8531-1016-x-254-mm-4625-x-10-po-2\/\" \/>\n<meta property=\"og:site_name\" content=\"Chemi-3 Inc.\" \/>\n<meta property=\"article:publisher\" content=\"https:\/\/www.facebook.com\/chemi3inc\/\" \/>\n<meta property=\"article:modified_time\" content=\"2021-11-05T16:58:38+00:00\" \/>\n<meta name=\"twitter:card\" content=\"summary_large_image\" \/>\n<meta name=\"twitter:site\" content=\"@chemi3inc\" \/>\n<meta name=\"twitter:label1\" content=\"Estimation du temps de lecture\" \/>\n\t<meta name=\"twitter:data1\" content=\"1 minute\" \/>\n<script type=\"application\/ld+json\" class=\"yoast-schema-graph\">{\"@context\":\"https:\\\/\\\/schema.org\",\"@graph\":[{\"@type\":[\"WebPage\",\"ItemPage\"],\"@id\":\"https:\\\/\\\/chemi-3.com\\\/fr\\\/product\\\/tampon-de-recurage-et-de-decapage-scrub-n-strip-doodlebugmc-3mmc-8531-1016-x-254-mm-4625-x-10-po-2\\\/\",\"url\":\"https:\\\/\\\/chemi-3.com\\\/fr\\\/product\\\/tampon-de-recurage-et-de-decapage-scrub-n-strip-doodlebugmc-3mmc-8531-1016-x-254-mm-4625-x-10-po-2\\\/\",\"name\":\"Tampon de r\u00e9curage et de d\u00e9capage scrub \u2019n strip doodlebugmc\u00a03mmc, 8531, 101,6 x 254 mm (4,625 x 10\u00a0po) &#8211; Chemi-3 Inc.\",\"isPartOf\":{\"@id\":\"https:\\\/\\\/chemi-3.com\\\/fr\\\/#website\"},\"datePublished\":\"2021-11-05T16:58:31+00:00\",\"dateModified\":\"2021-11-05T16:58:38+00:00\",\"breadcrumb\":{\"@id\":\"https:\\\/\\\/chemi-3.com\\\/fr\\\/product\\\/tampon-de-recurage-et-de-decapage-scrub-n-strip-doodlebugmc-3mmc-8531-1016-x-254-mm-4625-x-10-po-2\\\/#breadcrumb\"},\"inLanguage\":\"fr-CA\",\"potentialAction\":[{\"@type\":\"ReadAction\",\"target\":[\"https:\\\/\\\/chemi-3.com\\\/fr\\\/product\\\/tampon-de-recurage-et-de-decapage-scrub-n-strip-doodlebugmc-3mmc-8531-1016-x-254-mm-4625-x-10-po-2\\\/\"]}]},{\"@type\":\"BreadcrumbList\",\"@id\":\"https:\\\/\\\/chemi-3.com\\\/fr\\\/product\\\/tampon-de-recurage-et-de-decapage-scrub-n-strip-doodlebugmc-3mmc-8531-1016-x-254-mm-4625-x-10-po-2\\\/#breadcrumb\",\"itemListElement\":[{\"@type\":\"ListItem\",\"position\":1,\"name\":\"Home\",\"item\":\"https:\\\/\\\/chemi-3.com\\\/fr\\\/\"},{\"@type\":\"ListItem\",\"position\":2,\"name\":\"Produits\",\"item\":\"https:\\\/\\\/chemi-3.com\\\/fr\\\/shop\\\/\"},{\"@type\":\"ListItem\",\"position\":3,\"name\":\"Tampon de r\u00e9curage et de d\u00e9capage scrub \u2019n strip doodlebugmc\u00a03mmc, 8531, 101,6 x 254 mm (4,625 x 10\u00a0po)\"}]},{\"@type\":\"WebSite\",\"@id\":\"https:\\\/\\\/chemi-3.com\\\/fr\\\/#website\",\"url\":\"https:\\\/\\\/chemi-3.com\\\/fr\\\/\",\"name\":\"Chemi-3 Inc.\",\"description\":\"Montreal&#039;s premier distributor of janitorial, sanitary and commercial products.\",\"publisher\":{\"@id\":\"https:\\\/\\\/chemi-3.com\\\/fr\\\/#organization\"},\"potentialAction\":[{\"@type\":\"SearchAction\",\"target\":{\"@type\":\"EntryPoint\",\"urlTemplate\":\"https:\\\/\\\/chemi-3.com\\\/fr\\\/?s={search_term_string}\"},\"query-input\":{\"@type\":\"PropertyValueSpecification\",\"valueRequired\":true,\"valueName\":\"search_term_string\"}}],\"inLanguage\":\"fr-CA\"},{\"@type\":\"Organization\",\"@id\":\"https:\\\/\\\/chemi-3.com\\\/fr\\\/#organization\",\"name\":\"Chemi-3 Industries Inc.\",\"url\":\"https:\\\/\\\/chemi-3.com\\\/fr\\\/\",\"logo\":{\"@type\":\"ImageObject\",\"inLanguage\":\"fr-CA\",\"@id\":\"https:\\\/\\\/chemi-3.com\\\/fr\\\/#\\\/schema\\\/logo\\\/image\\\/\",\"url\":\"http:\\\/\\\/chemi-3.com\\\/wp-content\\\/uploads\\\/2021\\\/09\\\/Chemi3_logo_transparent_highres.png\",\"contentUrl\":\"http:\\\/\\\/chemi-3.com\\\/wp-content\\\/uploads\\\/2021\\\/09\\\/Chemi3_logo_transparent_highres.png\",\"width\":1000,\"height\":387,\"caption\":\"Chemi-3 Industries Inc.\"},\"image\":{\"@id\":\"https:\\\/\\\/chemi-3.com\\\/fr\\\/#\\\/schema\\\/logo\\\/image\\\/\"},\"sameAs\":[\"https:\\\/\\\/www.facebook.com\\\/chemi3inc\\\/\",\"https:\\\/\\\/x.com\\\/chemi3inc\",\"https:\\\/\\\/www.instagram.com\\\/chemi3inc\\\/\",\"https:\\\/\\\/www.linkedin.com\\\/company\\\/chemi3inc\"]}]}<\/script>\n<!-- \/ Yoast SEO plugin. -->","yoast_head_json":{"title":"Tampon de r\u00e9curage et de d\u00e9capage scrub \u2019n strip doodlebugmc\u00a03mmc, 8531, 101,6 x 254 mm (4,625 x 10\u00a0po) &#8211; Chemi-3 Inc.","robots":{"index":"index","follow":"follow","max-snippet":"max-snippet:-1","max-image-preview":"max-image-preview:large","max-video-preview":"max-video-preview:-1"},"canonical":"https:\/\/chemi-3.com\/fr\/product\/tampon-de-recurage-et-de-decapage-scrub-n-strip-doodlebugmc-3mmc-8531-1016-x-254-mm-4625-x-10-po-2\/","og_locale":"fr_CA","og_type":"article","og_title":"Tampon de r\u00e9curage et de d\u00e9capage scrub \u2019n strip doodlebugmc\u00a03mmc, 8531, 101,6 x 254 mm (4,625 x 10\u00a0po) &#8211; Chemi-3 Inc.","og_description":"Con\u00e7u pour les gros travaux comme l\u2019\u00e9limination des finis et de la cire accumul\u00e9e sur les plinthes et les bords de planchers. Voil\u00e0 un excellent moyen de d\u00e9caper des escaliers. Convient au porte-tampon\u00a06472 DoodlebugMC\u00a03MMC\u00a0ou au porte-tampon pour bloc manuel\u00a06473 DoodlebugMC\u00a03MMC. L\u2019enduit r\u00e9parti uniform\u00e9ment aide \u00e0 r\u00e9duire le nombre de n\u0153uds et d\u2019agglom\u00e9rations, ce qui pr\u00e9vient [&hellip;]","og_url":"https:\/\/chemi-3.com\/fr\/product\/tampon-de-recurage-et-de-decapage-scrub-n-strip-doodlebugmc-3mmc-8531-1016-x-254-mm-4625-x-10-po-2\/","og_site_name":"Chemi-3 Inc.","article_publisher":"https:\/\/www.facebook.com\/chemi3inc\/","article_modified_time":"2021-11-05T16:58:38+00:00","twitter_card":"summary_large_image","twitter_site":"@chemi3inc","twitter_misc":{"Estimation du temps de lecture":"1 minute"},"schema":{"@context":"https:\/\/schema.org","@graph":[{"@type":["WebPage","ItemPage"],"@id":"https:\/\/chemi-3.com\/fr\/product\/tampon-de-recurage-et-de-decapage-scrub-n-strip-doodlebugmc-3mmc-8531-1016-x-254-mm-4625-x-10-po-2\/","url":"https:\/\/chemi-3.com\/fr\/product\/tampon-de-recurage-et-de-decapage-scrub-n-strip-doodlebugmc-3mmc-8531-1016-x-254-mm-4625-x-10-po-2\/","name":"Tampon de r\u00e9curage et de d\u00e9capage scrub \u2019n strip doodlebugmc\u00a03mmc, 8531, 101,6 x 254 mm (4,625 x 10\u00a0po) &#8211; Chemi-3 Inc.","isPartOf":{"@id":"https:\/\/chemi-3.com\/fr\/#website"},"datePublished":"2021-11-05T16:58:31+00:00","dateModified":"2021-11-05T16:58:38+00:00","breadcrumb":{"@id":"https:\/\/chemi-3.com\/fr\/product\/tampon-de-recurage-et-de-decapage-scrub-n-strip-doodlebugmc-3mmc-8531-1016-x-254-mm-4625-x-10-po-2\/#breadcrumb"},"inLanguage":"fr-CA","potentialAction":[{"@type":"ReadAction","target":["https:\/\/chemi-3.com\/fr\/product\/tampon-de-recurage-et-de-decapage-scrub-n-strip-doodlebugmc-3mmc-8531-1016-x-254-mm-4625-x-10-po-2\/"]}]},{"@type":"BreadcrumbList","@id":"https:\/\/chemi-3.com\/fr\/product\/tampon-de-recurage-et-de-decapage-scrub-n-strip-doodlebugmc-3mmc-8531-1016-x-254-mm-4625-x-10-po-2\/#breadcrumb","itemListElement":[{"@type":"ListItem","position":1,"name":"Home","item":"https:\/\/chemi-3.com\/fr\/"},{"@type":"ListItem","position":2,"name":"Produits","item":"https:\/\/chemi-3.com\/fr\/shop\/"},{"@type":"ListItem","position":3,"name":"Tampon de r\u00e9curage et de d\u00e9capage scrub \u2019n strip doodlebugmc\u00a03mmc, 8531, 101,6 x 254 mm (4,625 x 10\u00a0po)"}]},{"@type":"WebSite","@id":"https:\/\/chemi-3.com\/fr\/#website","url":"https:\/\/chemi-3.com\/fr\/","name":"Chemi-3 Inc.","description":"Montreal&#039;s premier distributor of janitorial, sanitary and commercial products.","publisher":{"@id":"https:\/\/chemi-3.com\/fr\/#organization"},"potentialAction":[{"@type":"SearchAction","target":{"@type":"EntryPoint","urlTemplate":"https:\/\/chemi-3.com\/fr\/?s={search_term_string}"},"query-input":{"@type":"PropertyValueSpecification","valueRequired":true,"valueName":"search_term_string"}}],"inLanguage":"fr-CA"},{"@type":"Organization","@id":"https:\/\/chemi-3.com\/fr\/#organization","name":"Chemi-3 Industries Inc.","url":"https:\/\/chemi-3.com\/fr\/","logo":{"@type":"ImageObject","inLanguage":"fr-CA","@id":"https:\/\/chemi-3.com\/fr\/#\/schema\/logo\/image\/","url":"http:\/\/chemi-3.com\/wp-content\/uploads\/2021\/09\/Chemi3_logo_transparent_highres.png","contentUrl":"http:\/\/chemi-3.com\/wp-content\/uploads\/2021\/09\/Chemi3_logo_transparent_highres.png","width":1000,"height":387,"caption":"Chemi-3 Industries Inc."},"image":{"@id":"https:\/\/chemi-3.com\/fr\/#\/schema\/logo\/image\/"},"sameAs":["https:\/\/www.facebook.com\/chemi3inc\/","https:\/\/x.com\/chemi3inc","https:\/\/www.instagram.com\/chemi3inc\/","https:\/\/www.linkedin.com\/company\/chemi3inc"]}]}},"_links":{"self":[{"href":"https:\/\/chemi-3.com\/fr\/wp-json\/wp\/v2\/product\/27009","targetHints":{"allow":["GET"]}}],"collection":[{"href":"https:\/\/chemi-3.com\/fr\/wp-json\/wp\/v2\/product"}],"about":[{"href":"https:\/\/chemi-3.com\/fr\/wp-json\/wp\/v2\/types\/product"}],"replies":[{"embeddable":true,"href":"https:\/\/chemi-3.com\/fr\/wp-json\/wp\/v2\/comments?post=27009"}],"wp:attachment":[{"href":"https:\/\/chemi-3.com\/fr\/wp-json\/wp\/v2\/media?parent=27009"}],"wp:term":[{"taxonomy":"product_brand","embeddable":true,"href":"https:\/\/chemi-3.com\/fr\/wp-json\/wp\/v2\/product_brand?post=27009"},{"taxonomy":"product_cat","embeddable":true,"href":"https:\/\/chemi-3.com\/fr\/wp-json\/wp\/v2\/product_cat?post=27009"},{"taxonomy":"product_tag","embeddable":true,"href":"https:\/\/chemi-3.com\/fr\/wp-json\/wp\/v2\/product_tag?post=27009"}],"curies":[{"name":"wp","href":"https:\/\/api.w.org\/{rel}","templated":true}]}}