{"id":27017,"date":"2021-11-05T12:58:31","date_gmt":"2021-11-05T16:58:31","guid":{"rendered":"https:\/\/chemi-3.com\/product\/tampon-de-nettoyage-3mmc-5300plg-bleu-48-cm-19-po-5-caisse\/"},"modified":"2021-11-05T12:58:42","modified_gmt":"2021-11-05T16:58:42","slug":"tampon-de-nettoyage-3mmc-5300plg-bleu-48-cm-19-po-5-caisse","status":"publish","type":"product","link":"https:\/\/chemi-3.com\/fr\/product\/tampon-de-nettoyage-3mmc-5300plg-bleu-48-cm-19-po-5-caisse\/","title":{"rendered":"Tampon de nettoyage 3m(mc), 5300plg, bleu, 48 cm (19 po), 5\/caisse"},"content":{"rendered":"<body><p>Le Tampon de nettoyage 5300 3M(MC) aide \u00e0 restaurer le lustre sur les planchers ternes et est con\u00e7u pour le brunissage fr\u00e9quent afin de r\u00e9duire la poussi\u00e8re et les traces de br\u00fblure. Le Tampon de nettoyage 5300 3M(MC) peut \u00e9galement \u00eatre utilis\u00e9 pour le nettoyage \u00e0 sec des planchers tr\u00e8s sales ou pour le nettoyage par pulv\u00e9risation des planchers moyennement sales. La r\u00e9partition uniforme des particules abrasives dans tout le tampon aide \u00e0 garantir un rendement impressionnant et une dur\u00e9e utile prolong\u00e9e.<br>\nUnit\u00e9 de mesure : 1\/CS\/5<\/p>\n<\/body>","protected":false},"excerpt":{"rendered":"<p>Le Tampon de nettoyage 5300 3M(MC) aide \u00e0 restaurer le lustre sur les planchers ternes et est con\u00e7u pour le brunissage fr\u00e9quent afin de r\u00e9duire la poussi\u00e8re et les traces de br\u00fblure. Le Tampon de nettoyage 5300 3M(MC) peut \u00e9galement \u00eatre utilis\u00e9 pour le nettoyage \u00e0 sec des planchers tr\u00e8s sales ou pour le nettoyage [&hellip;]<\/p>\n","protected":false},"featured_media":0,"comment_status":"closed","ping_status":"open","template":"","meta":{"_et_pb_use_builder":"","_et_pb_old_content":"","_et_gb_content_width":""},"product_brand":[],"product_cat":[12800],"product_tag":[13616,13684,13903],"class_list":{"0":"post-27017","1":"product","2":"type-product","3":"status-publish","5":"product_cat-tampons-pour-nettoyer-les-revetements-de-sol-patins-de-poncage-et-coussins","6":"product_tag-conciergerie-et-entretien","7":"product_tag-nettoyage-et-entretien-des-planchers","8":"product_tag-tampons-pour-nettoyer-les-revetements-de-sol-patins-de-poncage-et-coussins","9":"pa_is-hazardous-material-non","10":"pa_product-colour-bleu","12":"first","13":"instock","14":"taxable","15":"shipping-taxable","16":"purchasable","17":"product-type-simple"},"yoast_head":"<!-- This site is optimized with the Yoast SEO plugin v27.5 - https:\/\/yoast.com\/product\/yoast-seo-wordpress\/ -->\n<title>Tampon de nettoyage 3m(mc), 5300plg, bleu, 48 cm (19 po), 5\/caisse &#8211; Chemi-3 Inc.<\/title>\n<meta name=\"robots\" content=\"index, follow, max-snippet:-1, max-image-preview:large, max-video-preview:-1\" \/>\n<link rel=\"canonical\" href=\"https:\/\/chemi-3.com\/fr\/product\/tampon-de-nettoyage-3mmc-5300plg-bleu-48-cm-19-po-5-caisse\/\" \/>\n<meta property=\"og:locale\" content=\"fr_CA\" \/>\n<meta property=\"og:type\" content=\"article\" \/>\n<meta property=\"og:title\" content=\"Tampon de nettoyage 3m(mc), 5300plg, bleu, 48 cm (19 po), 5\/caisse &#8211; Chemi-3 Inc.\" \/>\n<meta property=\"og:description\" content=\"Le Tampon de nettoyage 5300 3M(MC) aide \u00e0 restaurer le lustre sur les planchers ternes et est con\u00e7u pour le brunissage fr\u00e9quent afin de r\u00e9duire la poussi\u00e8re et les traces de br\u00fblure. Le Tampon de nettoyage 5300 3M(MC) peut \u00e9galement \u00eatre utilis\u00e9 pour le nettoyage \u00e0 sec des planchers tr\u00e8s sales ou pour le nettoyage [&hellip;]\" \/>\n<meta property=\"og:url\" content=\"https:\/\/chemi-3.com\/fr\/product\/tampon-de-nettoyage-3mmc-5300plg-bleu-48-cm-19-po-5-caisse\/\" \/>\n<meta property=\"og:site_name\" content=\"Chemi-3 Inc.\" \/>\n<meta property=\"article:publisher\" content=\"https:\/\/www.facebook.com\/chemi3inc\/\" \/>\n<meta property=\"article:modified_time\" content=\"2021-11-05T16:58:42+00:00\" \/>\n<meta name=\"twitter:card\" content=\"summary_large_image\" \/>\n<meta name=\"twitter:site\" content=\"@chemi3inc\" \/>\n<script type=\"application\/ld+json\" class=\"yoast-schema-graph\">{\"@context\":\"https:\\\/\\\/schema.org\",\"@graph\":[{\"@type\":[\"WebPage\",\"ItemPage\"],\"@id\":\"https:\\\/\\\/chemi-3.com\\\/fr\\\/product\\\/tampon-de-nettoyage-3mmc-5300plg-bleu-48-cm-19-po-5-caisse\\\/\",\"url\":\"https:\\\/\\\/chemi-3.com\\\/fr\\\/product\\\/tampon-de-nettoyage-3mmc-5300plg-bleu-48-cm-19-po-5-caisse\\\/\",\"name\":\"Tampon de nettoyage 3m(mc), 5300plg, bleu, 48 cm (19 po), 5\\\/caisse &#8211; Chemi-3 Inc.\",\"isPartOf\":{\"@id\":\"https:\\\/\\\/chemi-3.com\\\/fr\\\/#website\"},\"datePublished\":\"2021-11-05T16:58:31+00:00\",\"dateModified\":\"2021-11-05T16:58:42+00:00\",\"breadcrumb\":{\"@id\":\"https:\\\/\\\/chemi-3.com\\\/fr\\\/product\\\/tampon-de-nettoyage-3mmc-5300plg-bleu-48-cm-19-po-5-caisse\\\/#breadcrumb\"},\"inLanguage\":\"fr-CA\",\"potentialAction\":[{\"@type\":\"ReadAction\",\"target\":[\"https:\\\/\\\/chemi-3.com\\\/fr\\\/product\\\/tampon-de-nettoyage-3mmc-5300plg-bleu-48-cm-19-po-5-caisse\\\/\"]}]},{\"@type\":\"BreadcrumbList\",\"@id\":\"https:\\\/\\\/chemi-3.com\\\/fr\\\/product\\\/tampon-de-nettoyage-3mmc-5300plg-bleu-48-cm-19-po-5-caisse\\\/#breadcrumb\",\"itemListElement\":[{\"@type\":\"ListItem\",\"position\":1,\"name\":\"Home\",\"item\":\"https:\\\/\\\/chemi-3.com\\\/fr\\\/\"},{\"@type\":\"ListItem\",\"position\":2,\"name\":\"Produits\",\"item\":\"https:\\\/\\\/chemi-3.com\\\/fr\\\/shop\\\/\"},{\"@type\":\"ListItem\",\"position\":3,\"name\":\"Tampon de nettoyage 3m(mc), 5300plg, bleu, 48 cm (19 po), 5\\\/caisse\"}]},{\"@type\":\"WebSite\",\"@id\":\"https:\\\/\\\/chemi-3.com\\\/fr\\\/#website\",\"url\":\"https:\\\/\\\/chemi-3.com\\\/fr\\\/\",\"name\":\"Chemi-3 Inc.\",\"description\":\"Montreal&#039;s premier distributor of janitorial, sanitary and commercial products.\",\"publisher\":{\"@id\":\"https:\\\/\\\/chemi-3.com\\\/fr\\\/#organization\"},\"potentialAction\":[{\"@type\":\"SearchAction\",\"target\":{\"@type\":\"EntryPoint\",\"urlTemplate\":\"https:\\\/\\\/chemi-3.com\\\/fr\\\/?s={search_term_string}\"},\"query-input\":{\"@type\":\"PropertyValueSpecification\",\"valueRequired\":true,\"valueName\":\"search_term_string\"}}],\"inLanguage\":\"fr-CA\"},{\"@type\":\"Organization\",\"@id\":\"https:\\\/\\\/chemi-3.com\\\/fr\\\/#organization\",\"name\":\"Chemi-3 Industries Inc.\",\"url\":\"https:\\\/\\\/chemi-3.com\\\/fr\\\/\",\"logo\":{\"@type\":\"ImageObject\",\"inLanguage\":\"fr-CA\",\"@id\":\"https:\\\/\\\/chemi-3.com\\\/fr\\\/#\\\/schema\\\/logo\\\/image\\\/\",\"url\":\"http:\\\/\\\/chemi-3.com\\\/wp-content\\\/uploads\\\/2021\\\/09\\\/Chemi3_logo_transparent_highres.png\",\"contentUrl\":\"http:\\\/\\\/chemi-3.com\\\/wp-content\\\/uploads\\\/2021\\\/09\\\/Chemi3_logo_transparent_highres.png\",\"width\":1000,\"height\":387,\"caption\":\"Chemi-3 Industries Inc.\"},\"image\":{\"@id\":\"https:\\\/\\\/chemi-3.com\\\/fr\\\/#\\\/schema\\\/logo\\\/image\\\/\"},\"sameAs\":[\"https:\\\/\\\/www.facebook.com\\\/chemi3inc\\\/\",\"https:\\\/\\\/x.com\\\/chemi3inc\",\"https:\\\/\\\/www.instagram.com\\\/chemi3inc\\\/\",\"https:\\\/\\\/www.linkedin.com\\\/company\\\/chemi3inc\"]}]}<\/script>\n<!-- \/ Yoast SEO plugin. -->","yoast_head_json":{"title":"Tampon de nettoyage 3m(mc), 5300plg, bleu, 48 cm (19 po), 5\/caisse &#8211; Chemi-3 Inc.","robots":{"index":"index","follow":"follow","max-snippet":"max-snippet:-1","max-image-preview":"max-image-preview:large","max-video-preview":"max-video-preview:-1"},"canonical":"https:\/\/chemi-3.com\/fr\/product\/tampon-de-nettoyage-3mmc-5300plg-bleu-48-cm-19-po-5-caisse\/","og_locale":"fr_CA","og_type":"article","og_title":"Tampon de nettoyage 3m(mc), 5300plg, bleu, 48 cm (19 po), 5\/caisse &#8211; Chemi-3 Inc.","og_description":"Le Tampon de nettoyage 5300 3M(MC) aide \u00e0 restaurer le lustre sur les planchers ternes et est con\u00e7u pour le brunissage fr\u00e9quent afin de r\u00e9duire la poussi\u00e8re et les traces de br\u00fblure. Le Tampon de nettoyage 5300 3M(MC) peut \u00e9galement \u00eatre utilis\u00e9 pour le nettoyage \u00e0 sec des planchers tr\u00e8s sales ou pour le nettoyage [&hellip;]","og_url":"https:\/\/chemi-3.com\/fr\/product\/tampon-de-nettoyage-3mmc-5300plg-bleu-48-cm-19-po-5-caisse\/","og_site_name":"Chemi-3 Inc.","article_publisher":"https:\/\/www.facebook.com\/chemi3inc\/","article_modified_time":"2021-11-05T16:58:42+00:00","twitter_card":"summary_large_image","twitter_site":"@chemi3inc","schema":{"@context":"https:\/\/schema.org","@graph":[{"@type":["WebPage","ItemPage"],"@id":"https:\/\/chemi-3.com\/fr\/product\/tampon-de-nettoyage-3mmc-5300plg-bleu-48-cm-19-po-5-caisse\/","url":"https:\/\/chemi-3.com\/fr\/product\/tampon-de-nettoyage-3mmc-5300plg-bleu-48-cm-19-po-5-caisse\/","name":"Tampon de nettoyage 3m(mc), 5300plg, bleu, 48 cm (19 po), 5\/caisse &#8211; Chemi-3 Inc.","isPartOf":{"@id":"https:\/\/chemi-3.com\/fr\/#website"},"datePublished":"2021-11-05T16:58:31+00:00","dateModified":"2021-11-05T16:58:42+00:00","breadcrumb":{"@id":"https:\/\/chemi-3.com\/fr\/product\/tampon-de-nettoyage-3mmc-5300plg-bleu-48-cm-19-po-5-caisse\/#breadcrumb"},"inLanguage":"fr-CA","potentialAction":[{"@type":"ReadAction","target":["https:\/\/chemi-3.com\/fr\/product\/tampon-de-nettoyage-3mmc-5300plg-bleu-48-cm-19-po-5-caisse\/"]}]},{"@type":"BreadcrumbList","@id":"https:\/\/chemi-3.com\/fr\/product\/tampon-de-nettoyage-3mmc-5300plg-bleu-48-cm-19-po-5-caisse\/#breadcrumb","itemListElement":[{"@type":"ListItem","position":1,"name":"Home","item":"https:\/\/chemi-3.com\/fr\/"},{"@type":"ListItem","position":2,"name":"Produits","item":"https:\/\/chemi-3.com\/fr\/shop\/"},{"@type":"ListItem","position":3,"name":"Tampon de nettoyage 3m(mc), 5300plg, bleu, 48 cm (19 po), 5\/caisse"}]},{"@type":"WebSite","@id":"https:\/\/chemi-3.com\/fr\/#website","url":"https:\/\/chemi-3.com\/fr\/","name":"Chemi-3 Inc.","description":"Montreal&#039;s premier distributor of janitorial, sanitary and commercial products.","publisher":{"@id":"https:\/\/chemi-3.com\/fr\/#organization"},"potentialAction":[{"@type":"SearchAction","target":{"@type":"EntryPoint","urlTemplate":"https:\/\/chemi-3.com\/fr\/?s={search_term_string}"},"query-input":{"@type":"PropertyValueSpecification","valueRequired":true,"valueName":"search_term_string"}}],"inLanguage":"fr-CA"},{"@type":"Organization","@id":"https:\/\/chemi-3.com\/fr\/#organization","name":"Chemi-3 Industries Inc.","url":"https:\/\/chemi-3.com\/fr\/","logo":{"@type":"ImageObject","inLanguage":"fr-CA","@id":"https:\/\/chemi-3.com\/fr\/#\/schema\/logo\/image\/","url":"http:\/\/chemi-3.com\/wp-content\/uploads\/2021\/09\/Chemi3_logo_transparent_highres.png","contentUrl":"http:\/\/chemi-3.com\/wp-content\/uploads\/2021\/09\/Chemi3_logo_transparent_highres.png","width":1000,"height":387,"caption":"Chemi-3 Industries Inc."},"image":{"@id":"https:\/\/chemi-3.com\/fr\/#\/schema\/logo\/image\/"},"sameAs":["https:\/\/www.facebook.com\/chemi3inc\/","https:\/\/x.com\/chemi3inc","https:\/\/www.instagram.com\/chemi3inc\/","https:\/\/www.linkedin.com\/company\/chemi3inc"]}]}},"_links":{"self":[{"href":"https:\/\/chemi-3.com\/fr\/wp-json\/wp\/v2\/product\/27017","targetHints":{"allow":["GET"]}}],"collection":[{"href":"https:\/\/chemi-3.com\/fr\/wp-json\/wp\/v2\/product"}],"about":[{"href":"https:\/\/chemi-3.com\/fr\/wp-json\/wp\/v2\/types\/product"}],"replies":[{"embeddable":true,"href":"https:\/\/chemi-3.com\/fr\/wp-json\/wp\/v2\/comments?post=27017"}],"wp:attachment":[{"href":"https:\/\/chemi-3.com\/fr\/wp-json\/wp\/v2\/media?parent=27017"}],"wp:term":[{"taxonomy":"product_brand","embeddable":true,"href":"https:\/\/chemi-3.com\/fr\/wp-json\/wp\/v2\/product_brand?post=27017"},{"taxonomy":"product_cat","embeddable":true,"href":"https:\/\/chemi-3.com\/fr\/wp-json\/wp\/v2\/product_cat?post=27017"},{"taxonomy":"product_tag","embeddable":true,"href":"https:\/\/chemi-3.com\/fr\/wp-json\/wp\/v2\/product_tag?post=27017"}],"curies":[{"name":"wp","href":"https:\/\/api.w.org\/{rel}","templated":true}]}}