{"id":27023,"date":"2021-11-05T12:58:31","date_gmt":"2021-11-05T16:58:31","guid":{"rendered":"https:\/\/chemi-3.com\/product\/tampon-a-laver-3mmc-5400plg-vert-3556-cm-14-po-5-caisse\/"},"modified":"2021-11-05T12:58:45","modified_gmt":"2021-11-05T16:58:45","slug":"tampon-a-laver-3mmc-5400plg-vert-3556-cm-14-po-5-caisse","status":"publish","type":"product","link":"https:\/\/chemi-3.com\/fr\/product\/tampon-a-laver-3mmc-5400plg-vert-3556-cm-14-po-5-caisse\/","title":{"rendered":"Tampon \u00e0 laver 3m(mc), 5400plg, vert, 35,56 cm (14 po), 5\/caisse"},"content":{"rendered":"<body><p>Le Tampon \u00e0 laver 5400PLG 3M(MC) est un tampon tr\u00e8s robuste qui \u00e9limine la salet\u00e9, les d\u00e9versements et les \u00e9raflures, laissant une surface propre, pr\u00eate \u00e0 recevoir une nouvelle couche d\u2019enduit. Ce tampon \u00e0 action abrasive moyenne peut \u00eatre utilis\u00e9 pour pr\u00e9parer les planchers durs pour l\u2019application d\u2019une nouvelle couche d\u2019enduit pour planchers et pour d\u00e9caper les rev\u00eatements de sol souples, tels que le linol\u00e9um ou le vinyle souple. Le Tampon \u00e0 laver 5400PLG 3M(MC) pr\u00e9sente une r\u00e9partition uniforme des particules abrasives dans chaque tampon, et non seulement en surface, assurant un rendement impressionnant et une dur\u00e9e utile prolong\u00e9e.<br>\nUnit\u00e9 de mesure : 1\/CS\/5<\/p>\n<\/body>","protected":false},"excerpt":{"rendered":"<p>Le Tampon \u00e0 laver 5400PLG 3M(MC) est un tampon tr\u00e8s robuste qui \u00e9limine la salet\u00e9, les d\u00e9versements et les \u00e9raflures, laissant une surface propre, pr\u00eate \u00e0 recevoir une nouvelle couche d\u2019enduit. Ce tampon \u00e0 action abrasive moyenne peut \u00eatre utilis\u00e9 pour pr\u00e9parer les planchers durs pour l\u2019application d\u2019une nouvelle couche d\u2019enduit pour planchers et pour [&hellip;]<\/p>\n","protected":false},"featured_media":22866,"comment_status":"closed","ping_status":"open","template":"","meta":{"_et_pb_use_builder":"","_et_pb_old_content":"","_et_gb_content_width":""},"product_brand":[],"product_cat":[12800],"product_tag":[13616,13684,13903],"class_list":{"0":"post-27023","1":"product","2":"type-product","3":"status-publish","4":"has-post-thumbnail","6":"product_cat-tampons-pour-nettoyer-les-revetements-de-sol-patins-de-poncage-et-coussins","7":"product_tag-conciergerie-et-entretien","8":"product_tag-nettoyage-et-entretien-des-planchers","9":"product_tag-tampons-pour-nettoyer-les-revetements-de-sol-patins-de-poncage-et-coussins","10":"pa_is-hazardous-material-non","11":"pa_product-colour-vert","13":"first","14":"instock","15":"taxable","16":"shipping-taxable","17":"purchasable","18":"product-type-simple"},"yoast_head":"<!-- This site is optimized with the Yoast SEO plugin v27.5 - https:\/\/yoast.com\/product\/yoast-seo-wordpress\/ -->\n<title>Tampon \u00e0 laver 3m(mc), 5400plg, vert, 35,56 cm (14 po), 5\/caisse &#8211; Chemi-3 Inc.<\/title>\n<meta name=\"robots\" content=\"index, follow, max-snippet:-1, max-image-preview:large, max-video-preview:-1\" \/>\n<link rel=\"canonical\" href=\"https:\/\/chemi-3.com\/fr\/product\/tampon-a-laver-3mmc-5400plg-vert-3556-cm-14-po-5-caisse\/\" \/>\n<meta property=\"og:locale\" content=\"fr_CA\" \/>\n<meta property=\"og:type\" content=\"article\" \/>\n<meta property=\"og:title\" content=\"Tampon \u00e0 laver 3m(mc), 5400plg, vert, 35,56 cm (14 po), 5\/caisse &#8211; Chemi-3 Inc.\" \/>\n<meta property=\"og:description\" content=\"Le Tampon \u00e0 laver 5400PLG 3M(MC) est un tampon tr\u00e8s robuste qui \u00e9limine la salet\u00e9, les d\u00e9versements et les \u00e9raflures, laissant une surface propre, pr\u00eate \u00e0 recevoir une nouvelle couche d\u2019enduit. Ce tampon \u00e0 action abrasive moyenne peut \u00eatre utilis\u00e9 pour pr\u00e9parer les planchers durs pour l\u2019application d\u2019une nouvelle couche d\u2019enduit pour planchers et pour [&hellip;]\" \/>\n<meta property=\"og:url\" content=\"https:\/\/chemi-3.com\/fr\/product\/tampon-a-laver-3mmc-5400plg-vert-3556-cm-14-po-5-caisse\/\" \/>\n<meta property=\"og:site_name\" content=\"Chemi-3 Inc.\" \/>\n<meta property=\"article:publisher\" content=\"https:\/\/www.facebook.com\/chemi3inc\/\" \/>\n<meta property=\"article:modified_time\" content=\"2021-11-05T16:58:45+00:00\" \/>\n<meta property=\"og:image\" content=\"https:\/\/chemi-3.com\/wp-content\/uploads\/2021\/11\/66553357-2.jpg\" \/>\n\t<meta property=\"og:image:width\" content=\"900\" \/>\n\t<meta property=\"og:image:height\" content=\"879\" \/>\n\t<meta property=\"og:image:type\" content=\"image\/jpeg\" \/>\n<meta name=\"twitter:card\" content=\"summary_large_image\" \/>\n<meta name=\"twitter:site\" content=\"@chemi3inc\" \/>\n<meta name=\"twitter:label1\" content=\"Estimation du temps de lecture\" \/>\n\t<meta name=\"twitter:data1\" content=\"1 minute\" \/>\n<script type=\"application\/ld+json\" class=\"yoast-schema-graph\">{\"@context\":\"https:\\\/\\\/schema.org\",\"@graph\":[{\"@type\":[\"WebPage\",\"ItemPage\"],\"@id\":\"https:\\\/\\\/chemi-3.com\\\/fr\\\/product\\\/tampon-a-laver-3mmc-5400plg-vert-3556-cm-14-po-5-caisse\\\/\",\"url\":\"https:\\\/\\\/chemi-3.com\\\/fr\\\/product\\\/tampon-a-laver-3mmc-5400plg-vert-3556-cm-14-po-5-caisse\\\/\",\"name\":\"Tampon \u00e0 laver 3m(mc), 5400plg, vert, 35,56 cm (14 po), 5\\\/caisse &#8211; Chemi-3 Inc.\",\"isPartOf\":{\"@id\":\"https:\\\/\\\/chemi-3.com\\\/fr\\\/#website\"},\"primaryImageOfPage\":{\"@id\":\"https:\\\/\\\/chemi-3.com\\\/fr\\\/product\\\/tampon-a-laver-3mmc-5400plg-vert-3556-cm-14-po-5-caisse\\\/#primaryimage\"},\"image\":{\"@id\":\"https:\\\/\\\/chemi-3.com\\\/fr\\\/product\\\/tampon-a-laver-3mmc-5400plg-vert-3556-cm-14-po-5-caisse\\\/#primaryimage\"},\"thumbnailUrl\":\"https:\\\/\\\/chemi-3.com\\\/wp-content\\\/uploads\\\/2021\\\/11\\\/66553357-2.jpg\",\"datePublished\":\"2021-11-05T16:58:31+00:00\",\"dateModified\":\"2021-11-05T16:58:45+00:00\",\"breadcrumb\":{\"@id\":\"https:\\\/\\\/chemi-3.com\\\/fr\\\/product\\\/tampon-a-laver-3mmc-5400plg-vert-3556-cm-14-po-5-caisse\\\/#breadcrumb\"},\"inLanguage\":\"fr-CA\",\"potentialAction\":[{\"@type\":\"ReadAction\",\"target\":[\"https:\\\/\\\/chemi-3.com\\\/fr\\\/product\\\/tampon-a-laver-3mmc-5400plg-vert-3556-cm-14-po-5-caisse\\\/\"]}]},{\"@type\":\"ImageObject\",\"inLanguage\":\"fr-CA\",\"@id\":\"https:\\\/\\\/chemi-3.com\\\/fr\\\/product\\\/tampon-a-laver-3mmc-5400plg-vert-3556-cm-14-po-5-caisse\\\/#primaryimage\",\"url\":\"https:\\\/\\\/chemi-3.com\\\/wp-content\\\/uploads\\\/2021\\\/11\\\/66553357-2.jpg\",\"contentUrl\":\"https:\\\/\\\/chemi-3.com\\\/wp-content\\\/uploads\\\/2021\\\/11\\\/66553357-2.jpg\",\"width\":900,\"height\":879,\"caption\":\"7000052414 5400Plg Scrubbing Pad 14\\\" Green\"},{\"@type\":\"BreadcrumbList\",\"@id\":\"https:\\\/\\\/chemi-3.com\\\/fr\\\/product\\\/tampon-a-laver-3mmc-5400plg-vert-3556-cm-14-po-5-caisse\\\/#breadcrumb\",\"itemListElement\":[{\"@type\":\"ListItem\",\"position\":1,\"name\":\"Home\",\"item\":\"https:\\\/\\\/chemi-3.com\\\/fr\\\/\"},{\"@type\":\"ListItem\",\"position\":2,\"name\":\"Produits\",\"item\":\"https:\\\/\\\/chemi-3.com\\\/fr\\\/shop\\\/\"},{\"@type\":\"ListItem\",\"position\":3,\"name\":\"Tampon \u00e0 laver 3m(mc), 5400plg, vert, 35,56 cm (14 po), 5\\\/caisse\"}]},{\"@type\":\"WebSite\",\"@id\":\"https:\\\/\\\/chemi-3.com\\\/fr\\\/#website\",\"url\":\"https:\\\/\\\/chemi-3.com\\\/fr\\\/\",\"name\":\"Chemi-3 Inc.\",\"description\":\"Montreal&#039;s premier distributor of janitorial, sanitary and commercial products.\",\"publisher\":{\"@id\":\"https:\\\/\\\/chemi-3.com\\\/fr\\\/#organization\"},\"potentialAction\":[{\"@type\":\"SearchAction\",\"target\":{\"@type\":\"EntryPoint\",\"urlTemplate\":\"https:\\\/\\\/chemi-3.com\\\/fr\\\/?s={search_term_string}\"},\"query-input\":{\"@type\":\"PropertyValueSpecification\",\"valueRequired\":true,\"valueName\":\"search_term_string\"}}],\"inLanguage\":\"fr-CA\"},{\"@type\":\"Organization\",\"@id\":\"https:\\\/\\\/chemi-3.com\\\/fr\\\/#organization\",\"name\":\"Chemi-3 Industries Inc.\",\"url\":\"https:\\\/\\\/chemi-3.com\\\/fr\\\/\",\"logo\":{\"@type\":\"ImageObject\",\"inLanguage\":\"fr-CA\",\"@id\":\"https:\\\/\\\/chemi-3.com\\\/fr\\\/#\\\/schema\\\/logo\\\/image\\\/\",\"url\":\"http:\\\/\\\/chemi-3.com\\\/wp-content\\\/uploads\\\/2021\\\/09\\\/Chemi3_logo_transparent_highres.png\",\"contentUrl\":\"http:\\\/\\\/chemi-3.com\\\/wp-content\\\/uploads\\\/2021\\\/09\\\/Chemi3_logo_transparent_highres.png\",\"width\":1000,\"height\":387,\"caption\":\"Chemi-3 Industries Inc.\"},\"image\":{\"@id\":\"https:\\\/\\\/chemi-3.com\\\/fr\\\/#\\\/schema\\\/logo\\\/image\\\/\"},\"sameAs\":[\"https:\\\/\\\/www.facebook.com\\\/chemi3inc\\\/\",\"https:\\\/\\\/x.com\\\/chemi3inc\",\"https:\\\/\\\/www.instagram.com\\\/chemi3inc\\\/\",\"https:\\\/\\\/www.linkedin.com\\\/company\\\/chemi3inc\"]}]}<\/script>\n<!-- \/ Yoast SEO plugin. -->","yoast_head_json":{"title":"Tampon \u00e0 laver 3m(mc), 5400plg, vert, 35,56 cm (14 po), 5\/caisse &#8211; Chemi-3 Inc.","robots":{"index":"index","follow":"follow","max-snippet":"max-snippet:-1","max-image-preview":"max-image-preview:large","max-video-preview":"max-video-preview:-1"},"canonical":"https:\/\/chemi-3.com\/fr\/product\/tampon-a-laver-3mmc-5400plg-vert-3556-cm-14-po-5-caisse\/","og_locale":"fr_CA","og_type":"article","og_title":"Tampon \u00e0 laver 3m(mc), 5400plg, vert, 35,56 cm (14 po), 5\/caisse &#8211; Chemi-3 Inc.","og_description":"Le Tampon \u00e0 laver 5400PLG 3M(MC) est un tampon tr\u00e8s robuste qui \u00e9limine la salet\u00e9, les d\u00e9versements et les \u00e9raflures, laissant une surface propre, pr\u00eate \u00e0 recevoir une nouvelle couche d\u2019enduit. Ce tampon \u00e0 action abrasive moyenne peut \u00eatre utilis\u00e9 pour pr\u00e9parer les planchers durs pour l\u2019application d\u2019une nouvelle couche d\u2019enduit pour planchers et pour [&hellip;]","og_url":"https:\/\/chemi-3.com\/fr\/product\/tampon-a-laver-3mmc-5400plg-vert-3556-cm-14-po-5-caisse\/","og_site_name":"Chemi-3 Inc.","article_publisher":"https:\/\/www.facebook.com\/chemi3inc\/","article_modified_time":"2021-11-05T16:58:45+00:00","og_image":[{"width":900,"height":879,"url":"https:\/\/chemi-3.com\/wp-content\/uploads\/2021\/11\/66553357-2.jpg","type":"image\/jpeg"}],"twitter_card":"summary_large_image","twitter_site":"@chemi3inc","twitter_misc":{"Estimation du temps de lecture":"1 minute"},"schema":{"@context":"https:\/\/schema.org","@graph":[{"@type":["WebPage","ItemPage"],"@id":"https:\/\/chemi-3.com\/fr\/product\/tampon-a-laver-3mmc-5400plg-vert-3556-cm-14-po-5-caisse\/","url":"https:\/\/chemi-3.com\/fr\/product\/tampon-a-laver-3mmc-5400plg-vert-3556-cm-14-po-5-caisse\/","name":"Tampon \u00e0 laver 3m(mc), 5400plg, vert, 35,56 cm (14 po), 5\/caisse &#8211; Chemi-3 Inc.","isPartOf":{"@id":"https:\/\/chemi-3.com\/fr\/#website"},"primaryImageOfPage":{"@id":"https:\/\/chemi-3.com\/fr\/product\/tampon-a-laver-3mmc-5400plg-vert-3556-cm-14-po-5-caisse\/#primaryimage"},"image":{"@id":"https:\/\/chemi-3.com\/fr\/product\/tampon-a-laver-3mmc-5400plg-vert-3556-cm-14-po-5-caisse\/#primaryimage"},"thumbnailUrl":"https:\/\/chemi-3.com\/wp-content\/uploads\/2021\/11\/66553357-2.jpg","datePublished":"2021-11-05T16:58:31+00:00","dateModified":"2021-11-05T16:58:45+00:00","breadcrumb":{"@id":"https:\/\/chemi-3.com\/fr\/product\/tampon-a-laver-3mmc-5400plg-vert-3556-cm-14-po-5-caisse\/#breadcrumb"},"inLanguage":"fr-CA","potentialAction":[{"@type":"ReadAction","target":["https:\/\/chemi-3.com\/fr\/product\/tampon-a-laver-3mmc-5400plg-vert-3556-cm-14-po-5-caisse\/"]}]},{"@type":"ImageObject","inLanguage":"fr-CA","@id":"https:\/\/chemi-3.com\/fr\/product\/tampon-a-laver-3mmc-5400plg-vert-3556-cm-14-po-5-caisse\/#primaryimage","url":"https:\/\/chemi-3.com\/wp-content\/uploads\/2021\/11\/66553357-2.jpg","contentUrl":"https:\/\/chemi-3.com\/wp-content\/uploads\/2021\/11\/66553357-2.jpg","width":900,"height":879,"caption":"7000052414 5400Plg Scrubbing Pad 14\" Green"},{"@type":"BreadcrumbList","@id":"https:\/\/chemi-3.com\/fr\/product\/tampon-a-laver-3mmc-5400plg-vert-3556-cm-14-po-5-caisse\/#breadcrumb","itemListElement":[{"@type":"ListItem","position":1,"name":"Home","item":"https:\/\/chemi-3.com\/fr\/"},{"@type":"ListItem","position":2,"name":"Produits","item":"https:\/\/chemi-3.com\/fr\/shop\/"},{"@type":"ListItem","position":3,"name":"Tampon \u00e0 laver 3m(mc), 5400plg, vert, 35,56 cm (14 po), 5\/caisse"}]},{"@type":"WebSite","@id":"https:\/\/chemi-3.com\/fr\/#website","url":"https:\/\/chemi-3.com\/fr\/","name":"Chemi-3 Inc.","description":"Montreal&#039;s premier distributor of janitorial, sanitary and commercial products.","publisher":{"@id":"https:\/\/chemi-3.com\/fr\/#organization"},"potentialAction":[{"@type":"SearchAction","target":{"@type":"EntryPoint","urlTemplate":"https:\/\/chemi-3.com\/fr\/?s={search_term_string}"},"query-input":{"@type":"PropertyValueSpecification","valueRequired":true,"valueName":"search_term_string"}}],"inLanguage":"fr-CA"},{"@type":"Organization","@id":"https:\/\/chemi-3.com\/fr\/#organization","name":"Chemi-3 Industries Inc.","url":"https:\/\/chemi-3.com\/fr\/","logo":{"@type":"ImageObject","inLanguage":"fr-CA","@id":"https:\/\/chemi-3.com\/fr\/#\/schema\/logo\/image\/","url":"http:\/\/chemi-3.com\/wp-content\/uploads\/2021\/09\/Chemi3_logo_transparent_highres.png","contentUrl":"http:\/\/chemi-3.com\/wp-content\/uploads\/2021\/09\/Chemi3_logo_transparent_highres.png","width":1000,"height":387,"caption":"Chemi-3 Industries Inc."},"image":{"@id":"https:\/\/chemi-3.com\/fr\/#\/schema\/logo\/image\/"},"sameAs":["https:\/\/www.facebook.com\/chemi3inc\/","https:\/\/x.com\/chemi3inc","https:\/\/www.instagram.com\/chemi3inc\/","https:\/\/www.linkedin.com\/company\/chemi3inc"]}]}},"_links":{"self":[{"href":"https:\/\/chemi-3.com\/fr\/wp-json\/wp\/v2\/product\/27023","targetHints":{"allow":["GET"]}}],"collection":[{"href":"https:\/\/chemi-3.com\/fr\/wp-json\/wp\/v2\/product"}],"about":[{"href":"https:\/\/chemi-3.com\/fr\/wp-json\/wp\/v2\/types\/product"}],"replies":[{"embeddable":true,"href":"https:\/\/chemi-3.com\/fr\/wp-json\/wp\/v2\/comments?post=27023"}],"wp:featuredmedia":[{"embeddable":true,"href":"https:\/\/chemi-3.com\/fr\/wp-json\/wp\/v2\/media\/22866"}],"wp:attachment":[{"href":"https:\/\/chemi-3.com\/fr\/wp-json\/wp\/v2\/media?parent=27023"}],"wp:term":[{"taxonomy":"product_brand","embeddable":true,"href":"https:\/\/chemi-3.com\/fr\/wp-json\/wp\/v2\/product_brand?post=27023"},{"taxonomy":"product_cat","embeddable":true,"href":"https:\/\/chemi-3.com\/fr\/wp-json\/wp\/v2\/product_cat?post=27023"},{"taxonomy":"product_tag","embeddable":true,"href":"https:\/\/chemi-3.com\/fr\/wp-json\/wp\/v2\/product_tag?post=27023"}],"curies":[{"name":"wp","href":"https:\/\/api.w.org\/{rel}","templated":true}]}}