{"id":27025,"date":"2021-11-05T12:58:31","date_gmt":"2021-11-05T16:58:31","guid":{"rendered":"https:\/\/chemi-3.com\/product\/tampon-de-decapage-pour-planchers-3mmc-7200-noir-48-cm-19-po-5-caisse\/"},"modified":"2021-11-05T12:58:46","modified_gmt":"2021-11-05T16:58:46","slug":"tampon-de-decapage-pour-planchers-3mmc-7200-noir-48-cm-19-po-5-caisse","status":"publish","type":"product","link":"https:\/\/chemi-3.com\/fr\/product\/tampon-de-decapage-pour-planchers-3mmc-7200-noir-48-cm-19-po-5-caisse\/","title":{"rendered":"Tampon de d\u00e9capage pour planchers 3m(mc), 7200, noir, 48 cm (19 po), 5\/caisse"},"content":{"rendered":"<body><p>Le Tampon de d\u00e9capage 7200 3M(MC) est con\u00e7u pour le d\u00e9capage humide des anciennes couches de finition souill\u00e9es ou pour les gros travaux de nettoyage. Le m\u00e9lange de fibres augmente la friction sur les planchers, \u00e9liminant efficacement l\u2019enduit pour planchers, les marques noires et les taches. Le Tampon de d\u00e9capage 7200 3M(MC) peut \u00e9galement \u00eatre utilis\u00e9 pour les gros travaux de nettoyage des planchers en b\u00e9ton et des planchers industriels. Le Tampon de d\u00e9capage 7200 3M(MC) est con\u00e7u pour \u00eatre utilis\u00e9 avec du mat\u00e9riel rotatif ou automatique \u00e0 faible r\u00e9gime, c\u2019est-\u00e0-dire \u00e0 environ 175 \u00e0 600 tr\/min.<br>\nUnit\u00e9 de mesure : <\/p>\n<\/body>","protected":false},"excerpt":{"rendered":"<p>Le Tampon de d\u00e9capage 7200 3M(MC) est con\u00e7u pour le d\u00e9capage humide des anciennes couches de finition souill\u00e9es ou pour les gros travaux de nettoyage. Le m\u00e9lange de fibres augmente la friction sur les planchers, \u00e9liminant efficacement l\u2019enduit pour planchers, les marques noires et les taches. Le Tampon de d\u00e9capage 7200 3M(MC) peut \u00e9galement \u00eatre [&hellip;]<\/p>\n","protected":false},"featured_media":22869,"comment_status":"closed","ping_status":"open","template":"","meta":{"_et_pb_use_builder":"","_et_pb_old_content":"","_et_gb_content_width":""},"product_brand":[],"product_cat":[12800],"product_tag":[13616,13684,13903],"class_list":{"0":"post-27025","1":"product","2":"type-product","3":"status-publish","4":"has-post-thumbnail","6":"product_cat-tampons-pour-nettoyer-les-revetements-de-sol-patins-de-poncage-et-coussins","7":"product_tag-conciergerie-et-entretien","8":"product_tag-nettoyage-et-entretien-des-planchers","9":"product_tag-tampons-pour-nettoyer-les-revetements-de-sol-patins-de-poncage-et-coussins","11":"first","12":"instock","13":"taxable","14":"shipping-taxable","15":"purchasable","16":"product-type-simple"},"yoast_head":"<!-- This site is optimized with the Yoast SEO plugin v27.4 - https:\/\/yoast.com\/product\/yoast-seo-wordpress\/ -->\n<title>Tampon de d\u00e9capage pour planchers 3m(mc), 7200, noir, 48 cm (19 po), 5\/caisse &#8211; Chemi-3 Inc.<\/title>\n<meta name=\"robots\" content=\"index, follow, max-snippet:-1, max-image-preview:large, max-video-preview:-1\" \/>\n<link rel=\"canonical\" href=\"https:\/\/chemi-3.com\/fr\/product\/tampon-de-decapage-pour-planchers-3mmc-7200-noir-48-cm-19-po-5-caisse\/\" \/>\n<meta property=\"og:locale\" content=\"fr_CA\" \/>\n<meta property=\"og:type\" content=\"article\" \/>\n<meta property=\"og:title\" content=\"Tampon de d\u00e9capage pour planchers 3m(mc), 7200, noir, 48 cm (19 po), 5\/caisse &#8211; Chemi-3 Inc.\" \/>\n<meta property=\"og:description\" content=\"Le Tampon de d\u00e9capage 7200 3M(MC) est con\u00e7u pour le d\u00e9capage humide des anciennes couches de finition souill\u00e9es ou pour les gros travaux de nettoyage. Le m\u00e9lange de fibres augmente la friction sur les planchers, \u00e9liminant efficacement l\u2019enduit pour planchers, les marques noires et les taches. Le Tampon de d\u00e9capage 7200 3M(MC) peut \u00e9galement \u00eatre [&hellip;]\" \/>\n<meta property=\"og:url\" content=\"https:\/\/chemi-3.com\/fr\/product\/tampon-de-decapage-pour-planchers-3mmc-7200-noir-48-cm-19-po-5-caisse\/\" \/>\n<meta property=\"og:site_name\" content=\"Chemi-3 Inc.\" \/>\n<meta property=\"article:publisher\" content=\"https:\/\/www.facebook.com\/chemi3inc\/\" \/>\n<meta property=\"article:modified_time\" content=\"2021-11-05T16:58:46+00:00\" \/>\n<meta property=\"og:image\" content=\"https:\/\/chemi-3.com\/wp-content\/uploads\/2021\/11\/66551917-20210304022212-2.jpg\" \/>\n\t<meta property=\"og:image:width\" content=\"900\" \/>\n\t<meta property=\"og:image:height\" content=\"900\" \/>\n\t<meta property=\"og:image:type\" content=\"image\/jpeg\" \/>\n<meta name=\"twitter:card\" content=\"summary_large_image\" \/>\n<meta name=\"twitter:site\" content=\"@chemi3inc\" \/>\n<meta name=\"twitter:label1\" content=\"Estimation du temps de lecture\" \/>\n\t<meta name=\"twitter:data1\" content=\"1 minute\" \/>\n<script type=\"application\/ld+json\" class=\"yoast-schema-graph\">{\"@context\":\"https:\\\/\\\/schema.org\",\"@graph\":[{\"@type\":[\"WebPage\",\"ItemPage\"],\"@id\":\"https:\\\/\\\/chemi-3.com\\\/fr\\\/product\\\/tampon-de-decapage-pour-planchers-3mmc-7200-noir-48-cm-19-po-5-caisse\\\/\",\"url\":\"https:\\\/\\\/chemi-3.com\\\/fr\\\/product\\\/tampon-de-decapage-pour-planchers-3mmc-7200-noir-48-cm-19-po-5-caisse\\\/\",\"name\":\"Tampon de d\u00e9capage pour planchers 3m(mc), 7200, noir, 48 cm (19 po), 5\\\/caisse &#8211; Chemi-3 Inc.\",\"isPartOf\":{\"@id\":\"https:\\\/\\\/chemi-3.com\\\/fr\\\/#website\"},\"primaryImageOfPage\":{\"@id\":\"https:\\\/\\\/chemi-3.com\\\/fr\\\/product\\\/tampon-de-decapage-pour-planchers-3mmc-7200-noir-48-cm-19-po-5-caisse\\\/#primaryimage\"},\"image\":{\"@id\":\"https:\\\/\\\/chemi-3.com\\\/fr\\\/product\\\/tampon-de-decapage-pour-planchers-3mmc-7200-noir-48-cm-19-po-5-caisse\\\/#primaryimage\"},\"thumbnailUrl\":\"https:\\\/\\\/chemi-3.com\\\/wp-content\\\/uploads\\\/2021\\\/11\\\/66551917-20210304022212-2.jpg\",\"datePublished\":\"2021-11-05T16:58:31+00:00\",\"dateModified\":\"2021-11-05T16:58:46+00:00\",\"breadcrumb\":{\"@id\":\"https:\\\/\\\/chemi-3.com\\\/fr\\\/product\\\/tampon-de-decapage-pour-planchers-3mmc-7200-noir-48-cm-19-po-5-caisse\\\/#breadcrumb\"},\"inLanguage\":\"fr-CA\",\"potentialAction\":[{\"@type\":\"ReadAction\",\"target\":[\"https:\\\/\\\/chemi-3.com\\\/fr\\\/product\\\/tampon-de-decapage-pour-planchers-3mmc-7200-noir-48-cm-19-po-5-caisse\\\/\"]}]},{\"@type\":\"ImageObject\",\"inLanguage\":\"fr-CA\",\"@id\":\"https:\\\/\\\/chemi-3.com\\\/fr\\\/product\\\/tampon-de-decapage-pour-planchers-3mmc-7200-noir-48-cm-19-po-5-caisse\\\/#primaryimage\",\"url\":\"https:\\\/\\\/chemi-3.com\\\/wp-content\\\/uploads\\\/2021\\\/11\\\/66551917-20210304022212-2.jpg\",\"contentUrl\":\"https:\\\/\\\/chemi-3.com\\\/wp-content\\\/uploads\\\/2021\\\/11\\\/66551917-20210304022212-2.jpg\",\"width\":900,\"height\":900,\"caption\":\"3M\u2122 Stripping Floor Pad 7200\"},{\"@type\":\"BreadcrumbList\",\"@id\":\"https:\\\/\\\/chemi-3.com\\\/fr\\\/product\\\/tampon-de-decapage-pour-planchers-3mmc-7200-noir-48-cm-19-po-5-caisse\\\/#breadcrumb\",\"itemListElement\":[{\"@type\":\"ListItem\",\"position\":1,\"name\":\"Home\",\"item\":\"https:\\\/\\\/chemi-3.com\\\/fr\\\/\"},{\"@type\":\"ListItem\",\"position\":2,\"name\":\"Produits\",\"item\":\"https:\\\/\\\/chemi-3.com\\\/fr\\\/shop\\\/\"},{\"@type\":\"ListItem\",\"position\":3,\"name\":\"Tampon de d\u00e9capage pour planchers 3m(mc), 7200, noir, 48 cm (19 po), 5\\\/caisse\"}]},{\"@type\":\"WebSite\",\"@id\":\"https:\\\/\\\/chemi-3.com\\\/fr\\\/#website\",\"url\":\"https:\\\/\\\/chemi-3.com\\\/fr\\\/\",\"name\":\"Chemi-3 Inc.\",\"description\":\"Montreal&#039;s premier distributor of janitorial, sanitary and commercial products.\",\"publisher\":{\"@id\":\"https:\\\/\\\/chemi-3.com\\\/fr\\\/#organization\"},\"potentialAction\":[{\"@type\":\"SearchAction\",\"target\":{\"@type\":\"EntryPoint\",\"urlTemplate\":\"https:\\\/\\\/chemi-3.com\\\/fr\\\/?s={search_term_string}\"},\"query-input\":{\"@type\":\"PropertyValueSpecification\",\"valueRequired\":true,\"valueName\":\"search_term_string\"}}],\"inLanguage\":\"fr-CA\"},{\"@type\":\"Organization\",\"@id\":\"https:\\\/\\\/chemi-3.com\\\/fr\\\/#organization\",\"name\":\"Chemi-3 Industries Inc.\",\"url\":\"https:\\\/\\\/chemi-3.com\\\/fr\\\/\",\"logo\":{\"@type\":\"ImageObject\",\"inLanguage\":\"fr-CA\",\"@id\":\"https:\\\/\\\/chemi-3.com\\\/fr\\\/#\\\/schema\\\/logo\\\/image\\\/\",\"url\":\"http:\\\/\\\/chemi-3.com\\\/wp-content\\\/uploads\\\/2021\\\/09\\\/Chemi3_logo_transparent_highres.png\",\"contentUrl\":\"http:\\\/\\\/chemi-3.com\\\/wp-content\\\/uploads\\\/2021\\\/09\\\/Chemi3_logo_transparent_highres.png\",\"width\":1000,\"height\":387,\"caption\":\"Chemi-3 Industries Inc.\"},\"image\":{\"@id\":\"https:\\\/\\\/chemi-3.com\\\/fr\\\/#\\\/schema\\\/logo\\\/image\\\/\"},\"sameAs\":[\"https:\\\/\\\/www.facebook.com\\\/chemi3inc\\\/\",\"https:\\\/\\\/x.com\\\/chemi3inc\",\"https:\\\/\\\/www.instagram.com\\\/chemi3inc\\\/\",\"https:\\\/\\\/www.linkedin.com\\\/company\\\/chemi3inc\"]}]}<\/script>\n<!-- \/ Yoast SEO plugin. -->","yoast_head_json":{"title":"Tampon de d\u00e9capage pour planchers 3m(mc), 7200, noir, 48 cm (19 po), 5\/caisse &#8211; Chemi-3 Inc.","robots":{"index":"index","follow":"follow","max-snippet":"max-snippet:-1","max-image-preview":"max-image-preview:large","max-video-preview":"max-video-preview:-1"},"canonical":"https:\/\/chemi-3.com\/fr\/product\/tampon-de-decapage-pour-planchers-3mmc-7200-noir-48-cm-19-po-5-caisse\/","og_locale":"fr_CA","og_type":"article","og_title":"Tampon de d\u00e9capage pour planchers 3m(mc), 7200, noir, 48 cm (19 po), 5\/caisse &#8211; Chemi-3 Inc.","og_description":"Le Tampon de d\u00e9capage 7200 3M(MC) est con\u00e7u pour le d\u00e9capage humide des anciennes couches de finition souill\u00e9es ou pour les gros travaux de nettoyage. Le m\u00e9lange de fibres augmente la friction sur les planchers, \u00e9liminant efficacement l\u2019enduit pour planchers, les marques noires et les taches. Le Tampon de d\u00e9capage 7200 3M(MC) peut \u00e9galement \u00eatre [&hellip;]","og_url":"https:\/\/chemi-3.com\/fr\/product\/tampon-de-decapage-pour-planchers-3mmc-7200-noir-48-cm-19-po-5-caisse\/","og_site_name":"Chemi-3 Inc.","article_publisher":"https:\/\/www.facebook.com\/chemi3inc\/","article_modified_time":"2021-11-05T16:58:46+00:00","og_image":[{"width":900,"height":900,"url":"https:\/\/chemi-3.com\/wp-content\/uploads\/2021\/11\/66551917-20210304022212-2.jpg","type":"image\/jpeg"}],"twitter_card":"summary_large_image","twitter_site":"@chemi3inc","twitter_misc":{"Estimation du temps de lecture":"1 minute"},"schema":{"@context":"https:\/\/schema.org","@graph":[{"@type":["WebPage","ItemPage"],"@id":"https:\/\/chemi-3.com\/fr\/product\/tampon-de-decapage-pour-planchers-3mmc-7200-noir-48-cm-19-po-5-caisse\/","url":"https:\/\/chemi-3.com\/fr\/product\/tampon-de-decapage-pour-planchers-3mmc-7200-noir-48-cm-19-po-5-caisse\/","name":"Tampon de d\u00e9capage pour planchers 3m(mc), 7200, noir, 48 cm (19 po), 5\/caisse &#8211; Chemi-3 Inc.","isPartOf":{"@id":"https:\/\/chemi-3.com\/fr\/#website"},"primaryImageOfPage":{"@id":"https:\/\/chemi-3.com\/fr\/product\/tampon-de-decapage-pour-planchers-3mmc-7200-noir-48-cm-19-po-5-caisse\/#primaryimage"},"image":{"@id":"https:\/\/chemi-3.com\/fr\/product\/tampon-de-decapage-pour-planchers-3mmc-7200-noir-48-cm-19-po-5-caisse\/#primaryimage"},"thumbnailUrl":"https:\/\/chemi-3.com\/wp-content\/uploads\/2021\/11\/66551917-20210304022212-2.jpg","datePublished":"2021-11-05T16:58:31+00:00","dateModified":"2021-11-05T16:58:46+00:00","breadcrumb":{"@id":"https:\/\/chemi-3.com\/fr\/product\/tampon-de-decapage-pour-planchers-3mmc-7200-noir-48-cm-19-po-5-caisse\/#breadcrumb"},"inLanguage":"fr-CA","potentialAction":[{"@type":"ReadAction","target":["https:\/\/chemi-3.com\/fr\/product\/tampon-de-decapage-pour-planchers-3mmc-7200-noir-48-cm-19-po-5-caisse\/"]}]},{"@type":"ImageObject","inLanguage":"fr-CA","@id":"https:\/\/chemi-3.com\/fr\/product\/tampon-de-decapage-pour-planchers-3mmc-7200-noir-48-cm-19-po-5-caisse\/#primaryimage","url":"https:\/\/chemi-3.com\/wp-content\/uploads\/2021\/11\/66551917-20210304022212-2.jpg","contentUrl":"https:\/\/chemi-3.com\/wp-content\/uploads\/2021\/11\/66551917-20210304022212-2.jpg","width":900,"height":900,"caption":"3M\u2122 Stripping Floor Pad 7200"},{"@type":"BreadcrumbList","@id":"https:\/\/chemi-3.com\/fr\/product\/tampon-de-decapage-pour-planchers-3mmc-7200-noir-48-cm-19-po-5-caisse\/#breadcrumb","itemListElement":[{"@type":"ListItem","position":1,"name":"Home","item":"https:\/\/chemi-3.com\/fr\/"},{"@type":"ListItem","position":2,"name":"Produits","item":"https:\/\/chemi-3.com\/fr\/shop\/"},{"@type":"ListItem","position":3,"name":"Tampon de d\u00e9capage pour planchers 3m(mc), 7200, noir, 48 cm (19 po), 5\/caisse"}]},{"@type":"WebSite","@id":"https:\/\/chemi-3.com\/fr\/#website","url":"https:\/\/chemi-3.com\/fr\/","name":"Chemi-3 Inc.","description":"Montreal&#039;s premier distributor of janitorial, sanitary and commercial products.","publisher":{"@id":"https:\/\/chemi-3.com\/fr\/#organization"},"potentialAction":[{"@type":"SearchAction","target":{"@type":"EntryPoint","urlTemplate":"https:\/\/chemi-3.com\/fr\/?s={search_term_string}"},"query-input":{"@type":"PropertyValueSpecification","valueRequired":true,"valueName":"search_term_string"}}],"inLanguage":"fr-CA"},{"@type":"Organization","@id":"https:\/\/chemi-3.com\/fr\/#organization","name":"Chemi-3 Industries Inc.","url":"https:\/\/chemi-3.com\/fr\/","logo":{"@type":"ImageObject","inLanguage":"fr-CA","@id":"https:\/\/chemi-3.com\/fr\/#\/schema\/logo\/image\/","url":"http:\/\/chemi-3.com\/wp-content\/uploads\/2021\/09\/Chemi3_logo_transparent_highres.png","contentUrl":"http:\/\/chemi-3.com\/wp-content\/uploads\/2021\/09\/Chemi3_logo_transparent_highres.png","width":1000,"height":387,"caption":"Chemi-3 Industries Inc."},"image":{"@id":"https:\/\/chemi-3.com\/fr\/#\/schema\/logo\/image\/"},"sameAs":["https:\/\/www.facebook.com\/chemi3inc\/","https:\/\/x.com\/chemi3inc","https:\/\/www.instagram.com\/chemi3inc\/","https:\/\/www.linkedin.com\/company\/chemi3inc"]}]}},"_links":{"self":[{"href":"https:\/\/chemi-3.com\/fr\/wp-json\/wp\/v2\/product\/27025","targetHints":{"allow":["GET"]}}],"collection":[{"href":"https:\/\/chemi-3.com\/fr\/wp-json\/wp\/v2\/product"}],"about":[{"href":"https:\/\/chemi-3.com\/fr\/wp-json\/wp\/v2\/types\/product"}],"replies":[{"embeddable":true,"href":"https:\/\/chemi-3.com\/fr\/wp-json\/wp\/v2\/comments?post=27025"}],"wp:featuredmedia":[{"embeddable":true,"href":"https:\/\/chemi-3.com\/fr\/wp-json\/wp\/v2\/media\/22869"}],"wp:attachment":[{"href":"https:\/\/chemi-3.com\/fr\/wp-json\/wp\/v2\/media?parent=27025"}],"wp:term":[{"taxonomy":"product_brand","embeddable":true,"href":"https:\/\/chemi-3.com\/fr\/wp-json\/wp\/v2\/product_brand?post=27025"},{"taxonomy":"product_cat","embeddable":true,"href":"https:\/\/chemi-3.com\/fr\/wp-json\/wp\/v2\/product_cat?post=27025"},{"taxonomy":"product_tag","embeddable":true,"href":"https:\/\/chemi-3.com\/fr\/wp-json\/wp\/v2\/product_tag?post=27025"}],"curies":[{"name":"wp","href":"https:\/\/api.w.org\/{rel}","templated":true}]}}