{"id":27061,"date":"2021-11-05T12:58:56","date_gmt":"2021-11-05T16:58:56","guid":{"rendered":"https:\/\/chemi-3.com\/product\/vadrouille-ronde-janitors-en-rayonne-350g\/"},"modified":"2021-11-05T12:59:08","modified_gmt":"2021-11-05T16:59:08","slug":"vadrouille-ronde-janitors-en-rayonne-350g","status":"publish","type":"product","link":"https:\/\/chemi-3.com\/fr\/product\/vadrouille-ronde-janitors-en-rayonne-350g\/","title":{"rendered":"Vadrouille ronde janitors en rayonne &#8211; 350g"},"content":{"rendered":"<body><p>Les vadrouilles rondes sont id\u00e9ales pour les travaux l\u00e9gers l\u00e0 o\u00f9 le lavage en buanderie n\u2019est pas disponible. Des brins en rayonne absorbants retenus par une broche solide autour d\u2019un manche en bois de 54\u2033 \u2013 utiliser avec un seau et essoreuse conique \u2013 notre item #1505.<br>\nUnit\u00e9 de mesure : 1\/CS\/10<\/p>\n<\/body>","protected":false},"excerpt":{"rendered":"<p>Les vadrouilles rondes sont id\u00e9ales pour les travaux l\u00e9gers l\u00e0 o\u00f9 le lavage en buanderie n\u2019est pas disponible. Des brins en rayonne absorbants retenus par une broche solide autour d\u2019un manche en bois de 54\u2033 \u2013 utiliser avec un seau et essoreuse conique \u2013 notre item #1505. Unit\u00e9 de mesure : 1\/CS\/10<\/p>\n","protected":false},"featured_media":22923,"comment_status":"closed","ping_status":"open","template":"","meta":{"_et_pb_use_builder":"","_et_pb_old_content":"","_et_gb_content_width":""},"product_brand":[],"product_cat":[12796],"product_tag":[13901,13616,13684],"class_list":{"0":"post-27061","1":"product","2":"type-product","3":"status-publish","4":"has-post-thumbnail","6":"product_cat-balais-et-porte-poussiere","7":"product_tag-balais-et-porte-poussiere","8":"product_tag-conciergerie-et-entretien","9":"product_tag-nettoyage-et-entretien-des-planchers","11":"first","12":"instock","13":"taxable","14":"shipping-taxable","15":"purchasable","16":"product-type-simple"},"yoast_head":"<!-- This site is optimized with the Yoast SEO plugin v27.5 - https:\/\/yoast.com\/product\/yoast-seo-wordpress\/ -->\n<title>Vadrouille ronde janitors en rayonne - 350g &#8211; Chemi-3 Inc.<\/title>\n<meta name=\"robots\" content=\"index, follow, max-snippet:-1, max-image-preview:large, max-video-preview:-1\" \/>\n<link rel=\"canonical\" href=\"https:\/\/chemi-3.com\/fr\/product\/vadrouille-ronde-janitors-en-rayonne-350g\/\" \/>\n<meta property=\"og:locale\" content=\"fr_CA\" \/>\n<meta property=\"og:type\" content=\"article\" \/>\n<meta property=\"og:title\" content=\"Vadrouille ronde janitors en rayonne - 350g &#8211; Chemi-3 Inc.\" \/>\n<meta property=\"og:description\" content=\"Les vadrouilles rondes sont id\u00e9ales pour les travaux l\u00e9gers l\u00e0 o\u00f9 le lavage en buanderie n\u2019est pas disponible. Des brins en rayonne absorbants retenus par une broche solide autour d\u2019un manche en bois de 54\u2033 \u2013 utiliser avec un seau et essoreuse conique \u2013 notre item #1505. Unit\u00e9 de mesure : 1\/CS\/10\" \/>\n<meta property=\"og:url\" content=\"https:\/\/chemi-3.com\/fr\/product\/vadrouille-ronde-janitors-en-rayonne-350g\/\" \/>\n<meta property=\"og:site_name\" content=\"Chemi-3 Inc.\" \/>\n<meta property=\"article:publisher\" content=\"https:\/\/www.facebook.com\/chemi3inc\/\" \/>\n<meta property=\"article:modified_time\" content=\"2021-11-05T16:59:08+00:00\" \/>\n<meta property=\"og:image\" content=\"https:\/\/chemi-3.com\/wp-content\/uploads\/2021\/11\/609323121-20201210010858-2.jpg\" \/>\n\t<meta property=\"og:image:width\" content=\"900\" \/>\n\t<meta property=\"og:image:height\" content=\"600\" \/>\n\t<meta property=\"og:image:type\" content=\"image\/jpeg\" \/>\n<meta name=\"twitter:card\" content=\"summary_large_image\" \/>\n<meta name=\"twitter:site\" content=\"@chemi3inc\" \/>\n<script type=\"application\/ld+json\" class=\"yoast-schema-graph\">{\"@context\":\"https:\\\/\\\/schema.org\",\"@graph\":[{\"@type\":[\"WebPage\",\"ItemPage\"],\"@id\":\"https:\\\/\\\/chemi-3.com\\\/fr\\\/product\\\/vadrouille-ronde-janitors-en-rayonne-350g\\\/\",\"url\":\"https:\\\/\\\/chemi-3.com\\\/fr\\\/product\\\/vadrouille-ronde-janitors-en-rayonne-350g\\\/\",\"name\":\"Vadrouille ronde janitors en rayonne - 350g &#8211; Chemi-3 Inc.\",\"isPartOf\":{\"@id\":\"https:\\\/\\\/chemi-3.com\\\/fr\\\/#website\"},\"primaryImageOfPage\":{\"@id\":\"https:\\\/\\\/chemi-3.com\\\/fr\\\/product\\\/vadrouille-ronde-janitors-en-rayonne-350g\\\/#primaryimage\"},\"image\":{\"@id\":\"https:\\\/\\\/chemi-3.com\\\/fr\\\/product\\\/vadrouille-ronde-janitors-en-rayonne-350g\\\/#primaryimage\"},\"thumbnailUrl\":\"https:\\\/\\\/chemi-3.com\\\/wp-content\\\/uploads\\\/2021\\\/11\\\/609323121-20201210010858-2.jpg\",\"datePublished\":\"2021-11-05T16:58:56+00:00\",\"dateModified\":\"2021-11-05T16:59:08+00:00\",\"breadcrumb\":{\"@id\":\"https:\\\/\\\/chemi-3.com\\\/fr\\\/product\\\/vadrouille-ronde-janitors-en-rayonne-350g\\\/#breadcrumb\"},\"inLanguage\":\"fr-CA\",\"potentialAction\":[{\"@type\":\"ReadAction\",\"target\":[\"https:\\\/\\\/chemi-3.com\\\/fr\\\/product\\\/vadrouille-ronde-janitors-en-rayonne-350g\\\/\"]}]},{\"@type\":\"ImageObject\",\"inLanguage\":\"fr-CA\",\"@id\":\"https:\\\/\\\/chemi-3.com\\\/fr\\\/product\\\/vadrouille-ronde-janitors-en-rayonne-350g\\\/#primaryimage\",\"url\":\"https:\\\/\\\/chemi-3.com\\\/wp-content\\\/uploads\\\/2021\\\/11\\\/609323121-20201210010858-2.jpg\",\"contentUrl\":\"https:\\\/\\\/chemi-3.com\\\/wp-content\\\/uploads\\\/2021\\\/11\\\/609323121-20201210010858-2.jpg\",\"width\":900,\"height\":600,\"caption\":\"54\\\" Rayon Yacht Mop - 350G\"},{\"@type\":\"BreadcrumbList\",\"@id\":\"https:\\\/\\\/chemi-3.com\\\/fr\\\/product\\\/vadrouille-ronde-janitors-en-rayonne-350g\\\/#breadcrumb\",\"itemListElement\":[{\"@type\":\"ListItem\",\"position\":1,\"name\":\"Home\",\"item\":\"https:\\\/\\\/chemi-3.com\\\/fr\\\/\"},{\"@type\":\"ListItem\",\"position\":2,\"name\":\"Produits\",\"item\":\"https:\\\/\\\/chemi-3.com\\\/fr\\\/shop\\\/\"},{\"@type\":\"ListItem\",\"position\":3,\"name\":\"Vadrouille ronde janitors en rayonne &#8211; 350g\"}]},{\"@type\":\"WebSite\",\"@id\":\"https:\\\/\\\/chemi-3.com\\\/fr\\\/#website\",\"url\":\"https:\\\/\\\/chemi-3.com\\\/fr\\\/\",\"name\":\"Chemi-3 Inc.\",\"description\":\"Montreal&#039;s premier distributor of janitorial, sanitary and commercial products.\",\"publisher\":{\"@id\":\"https:\\\/\\\/chemi-3.com\\\/fr\\\/#organization\"},\"potentialAction\":[{\"@type\":\"SearchAction\",\"target\":{\"@type\":\"EntryPoint\",\"urlTemplate\":\"https:\\\/\\\/chemi-3.com\\\/fr\\\/?s={search_term_string}\"},\"query-input\":{\"@type\":\"PropertyValueSpecification\",\"valueRequired\":true,\"valueName\":\"search_term_string\"}}],\"inLanguage\":\"fr-CA\"},{\"@type\":\"Organization\",\"@id\":\"https:\\\/\\\/chemi-3.com\\\/fr\\\/#organization\",\"name\":\"Chemi-3 Industries Inc.\",\"url\":\"https:\\\/\\\/chemi-3.com\\\/fr\\\/\",\"logo\":{\"@type\":\"ImageObject\",\"inLanguage\":\"fr-CA\",\"@id\":\"https:\\\/\\\/chemi-3.com\\\/fr\\\/#\\\/schema\\\/logo\\\/image\\\/\",\"url\":\"http:\\\/\\\/chemi-3.com\\\/wp-content\\\/uploads\\\/2021\\\/09\\\/Chemi3_logo_transparent_highres.png\",\"contentUrl\":\"http:\\\/\\\/chemi-3.com\\\/wp-content\\\/uploads\\\/2021\\\/09\\\/Chemi3_logo_transparent_highres.png\",\"width\":1000,\"height\":387,\"caption\":\"Chemi-3 Industries Inc.\"},\"image\":{\"@id\":\"https:\\\/\\\/chemi-3.com\\\/fr\\\/#\\\/schema\\\/logo\\\/image\\\/\"},\"sameAs\":[\"https:\\\/\\\/www.facebook.com\\\/chemi3inc\\\/\",\"https:\\\/\\\/x.com\\\/chemi3inc\",\"https:\\\/\\\/www.instagram.com\\\/chemi3inc\\\/\",\"https:\\\/\\\/www.linkedin.com\\\/company\\\/chemi3inc\"]}]}<\/script>\n<!-- \/ Yoast SEO plugin. -->","yoast_head_json":{"title":"Vadrouille ronde janitors en rayonne - 350g &#8211; Chemi-3 Inc.","robots":{"index":"index","follow":"follow","max-snippet":"max-snippet:-1","max-image-preview":"max-image-preview:large","max-video-preview":"max-video-preview:-1"},"canonical":"https:\/\/chemi-3.com\/fr\/product\/vadrouille-ronde-janitors-en-rayonne-350g\/","og_locale":"fr_CA","og_type":"article","og_title":"Vadrouille ronde janitors en rayonne - 350g &#8211; Chemi-3 Inc.","og_description":"Les vadrouilles rondes sont id\u00e9ales pour les travaux l\u00e9gers l\u00e0 o\u00f9 le lavage en buanderie n\u2019est pas disponible. Des brins en rayonne absorbants retenus par une broche solide autour d\u2019un manche en bois de 54\u2033 \u2013 utiliser avec un seau et essoreuse conique \u2013 notre item #1505. Unit\u00e9 de mesure : 1\/CS\/10","og_url":"https:\/\/chemi-3.com\/fr\/product\/vadrouille-ronde-janitors-en-rayonne-350g\/","og_site_name":"Chemi-3 Inc.","article_publisher":"https:\/\/www.facebook.com\/chemi3inc\/","article_modified_time":"2021-11-05T16:59:08+00:00","og_image":[{"width":900,"height":600,"url":"https:\/\/chemi-3.com\/wp-content\/uploads\/2021\/11\/609323121-20201210010858-2.jpg","type":"image\/jpeg"}],"twitter_card":"summary_large_image","twitter_site":"@chemi3inc","schema":{"@context":"https:\/\/schema.org","@graph":[{"@type":["WebPage","ItemPage"],"@id":"https:\/\/chemi-3.com\/fr\/product\/vadrouille-ronde-janitors-en-rayonne-350g\/","url":"https:\/\/chemi-3.com\/fr\/product\/vadrouille-ronde-janitors-en-rayonne-350g\/","name":"Vadrouille ronde janitors en rayonne - 350g &#8211; Chemi-3 Inc.","isPartOf":{"@id":"https:\/\/chemi-3.com\/fr\/#website"},"primaryImageOfPage":{"@id":"https:\/\/chemi-3.com\/fr\/product\/vadrouille-ronde-janitors-en-rayonne-350g\/#primaryimage"},"image":{"@id":"https:\/\/chemi-3.com\/fr\/product\/vadrouille-ronde-janitors-en-rayonne-350g\/#primaryimage"},"thumbnailUrl":"https:\/\/chemi-3.com\/wp-content\/uploads\/2021\/11\/609323121-20201210010858-2.jpg","datePublished":"2021-11-05T16:58:56+00:00","dateModified":"2021-11-05T16:59:08+00:00","breadcrumb":{"@id":"https:\/\/chemi-3.com\/fr\/product\/vadrouille-ronde-janitors-en-rayonne-350g\/#breadcrumb"},"inLanguage":"fr-CA","potentialAction":[{"@type":"ReadAction","target":["https:\/\/chemi-3.com\/fr\/product\/vadrouille-ronde-janitors-en-rayonne-350g\/"]}]},{"@type":"ImageObject","inLanguage":"fr-CA","@id":"https:\/\/chemi-3.com\/fr\/product\/vadrouille-ronde-janitors-en-rayonne-350g\/#primaryimage","url":"https:\/\/chemi-3.com\/wp-content\/uploads\/2021\/11\/609323121-20201210010858-2.jpg","contentUrl":"https:\/\/chemi-3.com\/wp-content\/uploads\/2021\/11\/609323121-20201210010858-2.jpg","width":900,"height":600,"caption":"54\" Rayon Yacht Mop - 350G"},{"@type":"BreadcrumbList","@id":"https:\/\/chemi-3.com\/fr\/product\/vadrouille-ronde-janitors-en-rayonne-350g\/#breadcrumb","itemListElement":[{"@type":"ListItem","position":1,"name":"Home","item":"https:\/\/chemi-3.com\/fr\/"},{"@type":"ListItem","position":2,"name":"Produits","item":"https:\/\/chemi-3.com\/fr\/shop\/"},{"@type":"ListItem","position":3,"name":"Vadrouille ronde janitors en rayonne &#8211; 350g"}]},{"@type":"WebSite","@id":"https:\/\/chemi-3.com\/fr\/#website","url":"https:\/\/chemi-3.com\/fr\/","name":"Chemi-3 Inc.","description":"Montreal&#039;s premier distributor of janitorial, sanitary and commercial products.","publisher":{"@id":"https:\/\/chemi-3.com\/fr\/#organization"},"potentialAction":[{"@type":"SearchAction","target":{"@type":"EntryPoint","urlTemplate":"https:\/\/chemi-3.com\/fr\/?s={search_term_string}"},"query-input":{"@type":"PropertyValueSpecification","valueRequired":true,"valueName":"search_term_string"}}],"inLanguage":"fr-CA"},{"@type":"Organization","@id":"https:\/\/chemi-3.com\/fr\/#organization","name":"Chemi-3 Industries Inc.","url":"https:\/\/chemi-3.com\/fr\/","logo":{"@type":"ImageObject","inLanguage":"fr-CA","@id":"https:\/\/chemi-3.com\/fr\/#\/schema\/logo\/image\/","url":"http:\/\/chemi-3.com\/wp-content\/uploads\/2021\/09\/Chemi3_logo_transparent_highres.png","contentUrl":"http:\/\/chemi-3.com\/wp-content\/uploads\/2021\/09\/Chemi3_logo_transparent_highres.png","width":1000,"height":387,"caption":"Chemi-3 Industries Inc."},"image":{"@id":"https:\/\/chemi-3.com\/fr\/#\/schema\/logo\/image\/"},"sameAs":["https:\/\/www.facebook.com\/chemi3inc\/","https:\/\/x.com\/chemi3inc","https:\/\/www.instagram.com\/chemi3inc\/","https:\/\/www.linkedin.com\/company\/chemi3inc"]}]}},"_links":{"self":[{"href":"https:\/\/chemi-3.com\/fr\/wp-json\/wp\/v2\/product\/27061","targetHints":{"allow":["GET"]}}],"collection":[{"href":"https:\/\/chemi-3.com\/fr\/wp-json\/wp\/v2\/product"}],"about":[{"href":"https:\/\/chemi-3.com\/fr\/wp-json\/wp\/v2\/types\/product"}],"replies":[{"embeddable":true,"href":"https:\/\/chemi-3.com\/fr\/wp-json\/wp\/v2\/comments?post=27061"}],"wp:featuredmedia":[{"embeddable":true,"href":"https:\/\/chemi-3.com\/fr\/wp-json\/wp\/v2\/media\/22923"}],"wp:attachment":[{"href":"https:\/\/chemi-3.com\/fr\/wp-json\/wp\/v2\/media?parent=27061"}],"wp:term":[{"taxonomy":"product_brand","embeddable":true,"href":"https:\/\/chemi-3.com\/fr\/wp-json\/wp\/v2\/product_brand?post=27061"},{"taxonomy":"product_cat","embeddable":true,"href":"https:\/\/chemi-3.com\/fr\/wp-json\/wp\/v2\/product_cat?post=27061"},{"taxonomy":"product_tag","embeddable":true,"href":"https:\/\/chemi-3.com\/fr\/wp-json\/wp\/v2\/product_tag?post=27061"}],"curies":[{"name":"wp","href":"https:\/\/api.w.org\/{rel}","templated":true}]}}