{"id":27159,"date":"2021-11-05T13:00:06","date_gmt":"2021-11-05T17:00:06","guid":{"rendered":"https:\/\/chemi-3.com\/product\/seau-et-essoreuse-pour-fini-a-plancher-pour-vadrouilles-en-microfibres-bleu\/"},"modified":"2021-11-05T13:00:08","modified_gmt":"2021-11-05T17:00:08","slug":"seau-et-essoreuse-pour-fini-a-plancher-pour-vadrouilles-en-microfibres-bleu","status":"publish","type":"product","link":"https:\/\/chemi-3.com\/fr\/product\/seau-et-essoreuse-pour-fini-a-plancher-pour-vadrouilles-en-microfibres-bleu\/","title":{"rendered":"Seau et essoreuse pour fini \u00e0 plancher pour vadrouilles en microfibres, bleu"},"content":{"rendered":"<body><p>De couleur bleue, soit la couleur le plus souvent associ\u00e9e \u00e0 l\u2019application d\u2019enduit de sol, le seau et l\u2019essoreuse pour fini \u00e0 plancher pour vadrouilles en microfibres de Rubbermaid Commercial permet un essorage sans contact avec les mains. \u2022De couleur bleue pour diff\u00e9rencier visuellement les utilisations. \u2022Le support de manche permet de retenir la vadrouille \u00e0 la verticale pour qu\u2019elle soit fin pr\u00eate \u00e0 utiliser. Une \u201cplanche \u00e0 laver\u201d int\u00e9rieure enl\u00e8ve la salet\u00e9 et les d\u00e9bris de la vadrouille avant l\u2019essorage.<\/p>\n<p>De couleur bleue, soit la couleur le plus souvent associ\u00e9e \u00e0 l\u2019application d\u2019enduit de sol, le seau et l\u2019essoreuse pour fini \u00e0 plancher pour vadrouilles en microfibres de Rubbermaid Commercial permet un essorage sans contact avec les mains. \u2022De couleur bleue pour diff\u00e9rencier visuellement les utilisations. \u2022Le support de manche permet de retenir la vadrouille \u00e0 la verticale pour qu\u2019elle soit fin pr\u00eate \u00e0 utiliser. Une \u201cplanche \u00e0 laver\u201d int\u00e9rieure enl\u00e8ve la salet\u00e9 et les d\u00e9bris de la vadrouille avant l\u2019essorage.<br>\nUnit\u00e9 de mesure : 1\/EA<\/p>\n<\/body>","protected":false},"excerpt":{"rendered":"<p>De couleur bleue, soit la couleur le plus souvent associ\u00e9e \u00e0 l\u2019application d\u2019enduit de sol, le seau et l\u2019essoreuse pour fini \u00e0 plancher pour vadrouilles en microfibres de Rubbermaid Commercial permet un essorage sans contact avec les mains. \u2022De couleur bleue pour diff\u00e9rencier visuellement les utilisations. \u2022Le support de manche permet de retenir la vadrouille [&hellip;]<\/p>\n","protected":false},"featured_media":23069,"comment_status":"closed","ping_status":"open","template":"","meta":{"_et_pb_use_builder":"","_et_pb_old_content":"","_et_gb_content_width":""},"product_brand":[],"product_cat":[12797],"product_tag":[13616,13684,13902],"class_list":{"0":"post-27159","1":"product","2":"type-product","3":"status-publish","4":"has-post-thumbnail","6":"product_cat-seaux-et-essoreuses","7":"product_tag-conciergerie-et-entretien","8":"product_tag-nettoyage-et-entretien-des-planchers","9":"product_tag-seaux-et-essoreuses","10":"pa_country-of-origin-united-states","11":"pa_is-hazardous-material-non","12":"pa_product-colour-bleu","13":"pa_product-material-plastique","14":"pa_product-shape-rectangulaire","16":"first","17":"instock","18":"taxable","19":"shipping-taxable","20":"purchasable","21":"product-type-simple"},"yoast_head":"<!-- This site is optimized with the Yoast SEO plugin v27.5 - https:\/\/yoast.com\/product\/yoast-seo-wordpress\/ -->\n<title>Seau et essoreuse pour fini \u00e0 plancher pour vadrouilles en microfibres, bleu &#8211; Chemi-3 Inc.<\/title>\n<meta name=\"robots\" content=\"index, follow, max-snippet:-1, max-image-preview:large, max-video-preview:-1\" \/>\n<link rel=\"canonical\" href=\"https:\/\/chemi-3.com\/fr\/product\/seau-et-essoreuse-pour-fini-a-plancher-pour-vadrouilles-en-microfibres-bleu\/\" \/>\n<meta property=\"og:locale\" content=\"fr_CA\" \/>\n<meta property=\"og:type\" content=\"article\" \/>\n<meta property=\"og:title\" content=\"Seau et essoreuse pour fini \u00e0 plancher pour vadrouilles en microfibres, bleu &#8211; Chemi-3 Inc.\" \/>\n<meta property=\"og:description\" content=\"De couleur bleue, soit la couleur le plus souvent associ\u00e9e \u00e0 l\u2019application d\u2019enduit de sol, le seau et l\u2019essoreuse pour fini \u00e0 plancher pour vadrouilles en microfibres de Rubbermaid Commercial permet un essorage sans contact avec les mains. \u2022De couleur bleue pour diff\u00e9rencier visuellement les utilisations. \u2022Le support de manche permet de retenir la vadrouille [&hellip;]\" \/>\n<meta property=\"og:url\" content=\"https:\/\/chemi-3.com\/fr\/product\/seau-et-essoreuse-pour-fini-a-plancher-pour-vadrouilles-en-microfibres-bleu\/\" \/>\n<meta property=\"og:site_name\" content=\"Chemi-3 Inc.\" \/>\n<meta property=\"article:publisher\" content=\"https:\/\/www.facebook.com\/chemi3inc\/\" \/>\n<meta property=\"article:modified_time\" content=\"2021-11-05T17:00:08+00:00\" \/>\n<meta property=\"og:image\" content=\"https:\/\/chemi-3.com\/wp-content\/uploads\/2021\/11\/17701930-20210904201749-1.jpg\" \/>\n\t<meta property=\"og:image:width\" content=\"900\" \/>\n\t<meta property=\"og:image:height\" content=\"900\" \/>\n\t<meta property=\"og:image:type\" content=\"image\/jpeg\" \/>\n<meta name=\"twitter:card\" content=\"summary_large_image\" \/>\n<meta name=\"twitter:site\" content=\"@chemi3inc\" \/>\n<meta name=\"twitter:label1\" content=\"Estimation du temps de lecture\" \/>\n\t<meta name=\"twitter:data1\" content=\"1 minute\" \/>\n<script type=\"application\/ld+json\" class=\"yoast-schema-graph\">{\"@context\":\"https:\\\/\\\/schema.org\",\"@graph\":[{\"@type\":[\"WebPage\",\"ItemPage\"],\"@id\":\"https:\\\/\\\/chemi-3.com\\\/fr\\\/product\\\/seau-et-essoreuse-pour-fini-a-plancher-pour-vadrouilles-en-microfibres-bleu\\\/\",\"url\":\"https:\\\/\\\/chemi-3.com\\\/fr\\\/product\\\/seau-et-essoreuse-pour-fini-a-plancher-pour-vadrouilles-en-microfibres-bleu\\\/\",\"name\":\"Seau et essoreuse pour fini \u00e0 plancher pour vadrouilles en microfibres, bleu &#8211; Chemi-3 Inc.\",\"isPartOf\":{\"@id\":\"https:\\\/\\\/chemi-3.com\\\/fr\\\/#website\"},\"primaryImageOfPage\":{\"@id\":\"https:\\\/\\\/chemi-3.com\\\/fr\\\/product\\\/seau-et-essoreuse-pour-fini-a-plancher-pour-vadrouilles-en-microfibres-bleu\\\/#primaryimage\"},\"image\":{\"@id\":\"https:\\\/\\\/chemi-3.com\\\/fr\\\/product\\\/seau-et-essoreuse-pour-fini-a-plancher-pour-vadrouilles-en-microfibres-bleu\\\/#primaryimage\"},\"thumbnailUrl\":\"https:\\\/\\\/chemi-3.com\\\/wp-content\\\/uploads\\\/2021\\\/11\\\/17701930-20210904201749-1.jpg\",\"datePublished\":\"2021-11-05T17:00:06+00:00\",\"dateModified\":\"2021-11-05T17:00:08+00:00\",\"breadcrumb\":{\"@id\":\"https:\\\/\\\/chemi-3.com\\\/fr\\\/product\\\/seau-et-essoreuse-pour-fini-a-plancher-pour-vadrouilles-en-microfibres-bleu\\\/#breadcrumb\"},\"inLanguage\":\"fr-CA\",\"potentialAction\":[{\"@type\":\"ReadAction\",\"target\":[\"https:\\\/\\\/chemi-3.com\\\/fr\\\/product\\\/seau-et-essoreuse-pour-fini-a-plancher-pour-vadrouilles-en-microfibres-bleu\\\/\"]}]},{\"@type\":\"ImageObject\",\"inLanguage\":\"fr-CA\",\"@id\":\"https:\\\/\\\/chemi-3.com\\\/fr\\\/product\\\/seau-et-essoreuse-pour-fini-a-plancher-pour-vadrouilles-en-microfibres-bleu\\\/#primaryimage\",\"url\":\"https:\\\/\\\/chemi-3.com\\\/wp-content\\\/uploads\\\/2021\\\/11\\\/17701930-20210904201749-1.jpg\",\"contentUrl\":\"https:\\\/\\\/chemi-3.com\\\/wp-content\\\/uploads\\\/2021\\\/11\\\/17701930-20210904201749-1.jpg\",\"width\":900,\"height\":900,\"caption\":\"Microfiber Finish Bucket\"},{\"@type\":\"BreadcrumbList\",\"@id\":\"https:\\\/\\\/chemi-3.com\\\/fr\\\/product\\\/seau-et-essoreuse-pour-fini-a-plancher-pour-vadrouilles-en-microfibres-bleu\\\/#breadcrumb\",\"itemListElement\":[{\"@type\":\"ListItem\",\"position\":1,\"name\":\"Home\",\"item\":\"https:\\\/\\\/chemi-3.com\\\/fr\\\/\"},{\"@type\":\"ListItem\",\"position\":2,\"name\":\"Produits\",\"item\":\"https:\\\/\\\/chemi-3.com\\\/fr\\\/shop\\\/\"},{\"@type\":\"ListItem\",\"position\":3,\"name\":\"Seau et essoreuse pour fini \u00e0 plancher pour vadrouilles en microfibres, bleu\"}]},{\"@type\":\"WebSite\",\"@id\":\"https:\\\/\\\/chemi-3.com\\\/fr\\\/#website\",\"url\":\"https:\\\/\\\/chemi-3.com\\\/fr\\\/\",\"name\":\"Chemi-3 Inc.\",\"description\":\"Montreal&#039;s premier distributor of janitorial, sanitary and commercial products.\",\"publisher\":{\"@id\":\"https:\\\/\\\/chemi-3.com\\\/fr\\\/#organization\"},\"potentialAction\":[{\"@type\":\"SearchAction\",\"target\":{\"@type\":\"EntryPoint\",\"urlTemplate\":\"https:\\\/\\\/chemi-3.com\\\/fr\\\/?s={search_term_string}\"},\"query-input\":{\"@type\":\"PropertyValueSpecification\",\"valueRequired\":true,\"valueName\":\"search_term_string\"}}],\"inLanguage\":\"fr-CA\"},{\"@type\":\"Organization\",\"@id\":\"https:\\\/\\\/chemi-3.com\\\/fr\\\/#organization\",\"name\":\"Chemi-3 Industries Inc.\",\"url\":\"https:\\\/\\\/chemi-3.com\\\/fr\\\/\",\"logo\":{\"@type\":\"ImageObject\",\"inLanguage\":\"fr-CA\",\"@id\":\"https:\\\/\\\/chemi-3.com\\\/fr\\\/#\\\/schema\\\/logo\\\/image\\\/\",\"url\":\"http:\\\/\\\/chemi-3.com\\\/wp-content\\\/uploads\\\/2021\\\/09\\\/Chemi3_logo_transparent_highres.png\",\"contentUrl\":\"http:\\\/\\\/chemi-3.com\\\/wp-content\\\/uploads\\\/2021\\\/09\\\/Chemi3_logo_transparent_highres.png\",\"width\":1000,\"height\":387,\"caption\":\"Chemi-3 Industries Inc.\"},\"image\":{\"@id\":\"https:\\\/\\\/chemi-3.com\\\/fr\\\/#\\\/schema\\\/logo\\\/image\\\/\"},\"sameAs\":[\"https:\\\/\\\/www.facebook.com\\\/chemi3inc\\\/\",\"https:\\\/\\\/x.com\\\/chemi3inc\",\"https:\\\/\\\/www.instagram.com\\\/chemi3inc\\\/\",\"https:\\\/\\\/www.linkedin.com\\\/company\\\/chemi3inc\"]}]}<\/script>\n<!-- \/ Yoast SEO plugin. -->","yoast_head_json":{"title":"Seau et essoreuse pour fini \u00e0 plancher pour vadrouilles en microfibres, bleu &#8211; Chemi-3 Inc.","robots":{"index":"index","follow":"follow","max-snippet":"max-snippet:-1","max-image-preview":"max-image-preview:large","max-video-preview":"max-video-preview:-1"},"canonical":"https:\/\/chemi-3.com\/fr\/product\/seau-et-essoreuse-pour-fini-a-plancher-pour-vadrouilles-en-microfibres-bleu\/","og_locale":"fr_CA","og_type":"article","og_title":"Seau et essoreuse pour fini \u00e0 plancher pour vadrouilles en microfibres, bleu &#8211; Chemi-3 Inc.","og_description":"De couleur bleue, soit la couleur le plus souvent associ\u00e9e \u00e0 l\u2019application d\u2019enduit de sol, le seau et l\u2019essoreuse pour fini \u00e0 plancher pour vadrouilles en microfibres de Rubbermaid Commercial permet un essorage sans contact avec les mains. \u2022De couleur bleue pour diff\u00e9rencier visuellement les utilisations. \u2022Le support de manche permet de retenir la vadrouille [&hellip;]","og_url":"https:\/\/chemi-3.com\/fr\/product\/seau-et-essoreuse-pour-fini-a-plancher-pour-vadrouilles-en-microfibres-bleu\/","og_site_name":"Chemi-3 Inc.","article_publisher":"https:\/\/www.facebook.com\/chemi3inc\/","article_modified_time":"2021-11-05T17:00:08+00:00","og_image":[{"width":900,"height":900,"url":"https:\/\/chemi-3.com\/wp-content\/uploads\/2021\/11\/17701930-20210904201749-1.jpg","type":"image\/jpeg"}],"twitter_card":"summary_large_image","twitter_site":"@chemi3inc","twitter_misc":{"Estimation du temps de lecture":"1 minute"},"schema":{"@context":"https:\/\/schema.org","@graph":[{"@type":["WebPage","ItemPage"],"@id":"https:\/\/chemi-3.com\/fr\/product\/seau-et-essoreuse-pour-fini-a-plancher-pour-vadrouilles-en-microfibres-bleu\/","url":"https:\/\/chemi-3.com\/fr\/product\/seau-et-essoreuse-pour-fini-a-plancher-pour-vadrouilles-en-microfibres-bleu\/","name":"Seau et essoreuse pour fini \u00e0 plancher pour vadrouilles en microfibres, bleu &#8211; Chemi-3 Inc.","isPartOf":{"@id":"https:\/\/chemi-3.com\/fr\/#website"},"primaryImageOfPage":{"@id":"https:\/\/chemi-3.com\/fr\/product\/seau-et-essoreuse-pour-fini-a-plancher-pour-vadrouilles-en-microfibres-bleu\/#primaryimage"},"image":{"@id":"https:\/\/chemi-3.com\/fr\/product\/seau-et-essoreuse-pour-fini-a-plancher-pour-vadrouilles-en-microfibres-bleu\/#primaryimage"},"thumbnailUrl":"https:\/\/chemi-3.com\/wp-content\/uploads\/2021\/11\/17701930-20210904201749-1.jpg","datePublished":"2021-11-05T17:00:06+00:00","dateModified":"2021-11-05T17:00:08+00:00","breadcrumb":{"@id":"https:\/\/chemi-3.com\/fr\/product\/seau-et-essoreuse-pour-fini-a-plancher-pour-vadrouilles-en-microfibres-bleu\/#breadcrumb"},"inLanguage":"fr-CA","potentialAction":[{"@type":"ReadAction","target":["https:\/\/chemi-3.com\/fr\/product\/seau-et-essoreuse-pour-fini-a-plancher-pour-vadrouilles-en-microfibres-bleu\/"]}]},{"@type":"ImageObject","inLanguage":"fr-CA","@id":"https:\/\/chemi-3.com\/fr\/product\/seau-et-essoreuse-pour-fini-a-plancher-pour-vadrouilles-en-microfibres-bleu\/#primaryimage","url":"https:\/\/chemi-3.com\/wp-content\/uploads\/2021\/11\/17701930-20210904201749-1.jpg","contentUrl":"https:\/\/chemi-3.com\/wp-content\/uploads\/2021\/11\/17701930-20210904201749-1.jpg","width":900,"height":900,"caption":"Microfiber Finish Bucket"},{"@type":"BreadcrumbList","@id":"https:\/\/chemi-3.com\/fr\/product\/seau-et-essoreuse-pour-fini-a-plancher-pour-vadrouilles-en-microfibres-bleu\/#breadcrumb","itemListElement":[{"@type":"ListItem","position":1,"name":"Home","item":"https:\/\/chemi-3.com\/fr\/"},{"@type":"ListItem","position":2,"name":"Produits","item":"https:\/\/chemi-3.com\/fr\/shop\/"},{"@type":"ListItem","position":3,"name":"Seau et essoreuse pour fini \u00e0 plancher pour vadrouilles en microfibres, bleu"}]},{"@type":"WebSite","@id":"https:\/\/chemi-3.com\/fr\/#website","url":"https:\/\/chemi-3.com\/fr\/","name":"Chemi-3 Inc.","description":"Montreal&#039;s premier distributor of janitorial, sanitary and commercial products.","publisher":{"@id":"https:\/\/chemi-3.com\/fr\/#organization"},"potentialAction":[{"@type":"SearchAction","target":{"@type":"EntryPoint","urlTemplate":"https:\/\/chemi-3.com\/fr\/?s={search_term_string}"},"query-input":{"@type":"PropertyValueSpecification","valueRequired":true,"valueName":"search_term_string"}}],"inLanguage":"fr-CA"},{"@type":"Organization","@id":"https:\/\/chemi-3.com\/fr\/#organization","name":"Chemi-3 Industries Inc.","url":"https:\/\/chemi-3.com\/fr\/","logo":{"@type":"ImageObject","inLanguage":"fr-CA","@id":"https:\/\/chemi-3.com\/fr\/#\/schema\/logo\/image\/","url":"http:\/\/chemi-3.com\/wp-content\/uploads\/2021\/09\/Chemi3_logo_transparent_highres.png","contentUrl":"http:\/\/chemi-3.com\/wp-content\/uploads\/2021\/09\/Chemi3_logo_transparent_highres.png","width":1000,"height":387,"caption":"Chemi-3 Industries Inc."},"image":{"@id":"https:\/\/chemi-3.com\/fr\/#\/schema\/logo\/image\/"},"sameAs":["https:\/\/www.facebook.com\/chemi3inc\/","https:\/\/x.com\/chemi3inc","https:\/\/www.instagram.com\/chemi3inc\/","https:\/\/www.linkedin.com\/company\/chemi3inc"]}]}},"_links":{"self":[{"href":"https:\/\/chemi-3.com\/fr\/wp-json\/wp\/v2\/product\/27159","targetHints":{"allow":["GET"]}}],"collection":[{"href":"https:\/\/chemi-3.com\/fr\/wp-json\/wp\/v2\/product"}],"about":[{"href":"https:\/\/chemi-3.com\/fr\/wp-json\/wp\/v2\/types\/product"}],"replies":[{"embeddable":true,"href":"https:\/\/chemi-3.com\/fr\/wp-json\/wp\/v2\/comments?post=27159"}],"wp:featuredmedia":[{"embeddable":true,"href":"https:\/\/chemi-3.com\/fr\/wp-json\/wp\/v2\/media\/23069"}],"wp:attachment":[{"href":"https:\/\/chemi-3.com\/fr\/wp-json\/wp\/v2\/media?parent=27159"}],"wp:term":[{"taxonomy":"product_brand","embeddable":true,"href":"https:\/\/chemi-3.com\/fr\/wp-json\/wp\/v2\/product_brand?post=27159"},{"taxonomy":"product_cat","embeddable":true,"href":"https:\/\/chemi-3.com\/fr\/wp-json\/wp\/v2\/product_cat?post=27159"},{"taxonomy":"product_tag","embeddable":true,"href":"https:\/\/chemi-3.com\/fr\/wp-json\/wp\/v2\/product_tag?post=27159"}],"curies":[{"name":"wp","href":"https:\/\/api.w.org\/{rel}","templated":true}]}}