{"id":27193,"date":"2021-11-05T13:00:06","date_gmt":"2021-11-05T17:00:06","guid":{"rendered":"https:\/\/chemi-3.com\/product\/seau-pour-vadrouilles-wavebrake-avec-essoreuse-jaune-35-pintes\/"},"modified":"2021-11-05T13:00:24","modified_gmt":"2021-11-05T17:00:24","slug":"seau-pour-vadrouilles-wavebrake-avec-essoreuse-jaune-35-pintes","status":"publish","type":"product","link":"https:\/\/chemi-3.com\/fr\/product\/seau-pour-vadrouilles-wavebrake-avec-essoreuse-jaune-35-pintes\/","title":{"rendered":"Seau pour vadrouilles wavebrake\u00ae avec essoreuse , jaune, 35 pintes"},"content":{"rendered":"<body><p>Avec la technologie innovatrice WaveBrake\u00ae, ce seau en plastique hautement durable moul\u00e9 est dot\u00e9 d\u2019un d\u00e9flecteur qui emp\u00eache la formation des vagues, r\u00e9duisant jusqu\u2019\u00e0 80 % les \u00e9claboussures, est peu bruyant, r\u00e9duisant ainsi au minimum le bruit et les chutes co\u00fbteuses. Ce syst\u00e8me de nettoyage WaveBrake\u00ae est con\u00e7u pour n\u2019importe quel travail de nettoyage, grand ou petit.<br>\nUnit\u00e9 de mesure : 1\/EA<\/p>\n<\/body>","protected":false},"excerpt":{"rendered":"<p>Avec la technologie innovatrice WaveBrake\u00ae, ce seau en plastique hautement durable moul\u00e9 est dot\u00e9 d\u2019un d\u00e9flecteur qui emp\u00eache la formation des vagues, r\u00e9duisant jusqu\u2019\u00e0 80 % les \u00e9claboussures, est peu bruyant, r\u00e9duisant ainsi au minimum le bruit et les chutes co\u00fbteuses. Ce syst\u00e8me de nettoyage WaveBrake\u00ae est con\u00e7u pour n\u2019importe quel travail de nettoyage, grand [&hellip;]<\/p>\n","protected":false},"featured_media":23123,"comment_status":"closed","ping_status":"open","template":"","meta":{"_et_pb_use_builder":"","_et_pb_old_content":"","_et_gb_content_width":""},"product_brand":[],"product_cat":[12797],"product_tag":[13616,13684,13902],"class_list":{"0":"post-27193","1":"product","2":"type-product","3":"status-publish","4":"has-post-thumbnail","6":"product_cat-seaux-et-essoreuses","7":"product_tag-conciergerie-et-entretien","8":"product_tag-nettoyage-et-entretien-des-planchers","9":"product_tag-seaux-et-essoreuses","10":"pa_country-of-origin-united-states","11":"pa_is-hazardous-material-non","12":"pa_product-colour-jaune","13":"pa_product-material-plastique","15":"first","16":"instock","17":"taxable","18":"shipping-taxable","19":"purchasable","20":"product-type-simple"},"yoast_head":"<!-- This site is optimized with the Yoast SEO plugin v27.5 - https:\/\/yoast.com\/product\/yoast-seo-wordpress\/ -->\n<title>Seau pour vadrouilles wavebrake\u00ae avec essoreuse , jaune, 35 pintes &#8211; Chemi-3 Inc.<\/title>\n<meta name=\"robots\" content=\"index, follow, max-snippet:-1, max-image-preview:large, max-video-preview:-1\" \/>\n<link rel=\"canonical\" href=\"https:\/\/chemi-3.com\/fr\/product\/seau-pour-vadrouilles-wavebrake-avec-essoreuse-jaune-35-pintes\/\" \/>\n<meta property=\"og:locale\" content=\"fr_CA\" \/>\n<meta property=\"og:type\" content=\"article\" \/>\n<meta property=\"og:title\" content=\"Seau pour vadrouilles wavebrake\u00ae avec essoreuse , jaune, 35 pintes &#8211; Chemi-3 Inc.\" \/>\n<meta property=\"og:description\" content=\"Avec la technologie innovatrice WaveBrake\u00ae, ce seau en plastique hautement durable moul\u00e9 est dot\u00e9 d\u2019un d\u00e9flecteur qui emp\u00eache la formation des vagues, r\u00e9duisant jusqu\u2019\u00e0 80 % les \u00e9claboussures, est peu bruyant, r\u00e9duisant ainsi au minimum le bruit et les chutes co\u00fbteuses. Ce syst\u00e8me de nettoyage WaveBrake\u00ae est con\u00e7u pour n\u2019importe quel travail de nettoyage, grand [&hellip;]\" \/>\n<meta property=\"og:url\" content=\"https:\/\/chemi-3.com\/fr\/product\/seau-pour-vadrouilles-wavebrake-avec-essoreuse-jaune-35-pintes\/\" \/>\n<meta property=\"og:site_name\" content=\"Chemi-3 Inc.\" \/>\n<meta property=\"article:publisher\" content=\"https:\/\/www.facebook.com\/chemi3inc\/\" \/>\n<meta property=\"article:modified_time\" content=\"2021-11-05T17:00:24+00:00\" \/>\n<meta property=\"og:image\" content=\"https:\/\/chemi-3.com\/wp-content\/uploads\/2021\/11\/17708188-20210904201749-1.jpg\" \/>\n\t<meta property=\"og:image:width\" content=\"800\" \/>\n\t<meta property=\"og:image:height\" content=\"450\" \/>\n\t<meta property=\"og:image:type\" content=\"image\/jpeg\" \/>\n<meta name=\"twitter:card\" content=\"summary_large_image\" \/>\n<meta name=\"twitter:site\" content=\"@chemi3inc\" \/>\n<script type=\"application\/ld+json\" class=\"yoast-schema-graph\">{\"@context\":\"https:\\\/\\\/schema.org\",\"@graph\":[{\"@type\":[\"WebPage\",\"ItemPage\"],\"@id\":\"https:\\\/\\\/chemi-3.com\\\/fr\\\/product\\\/seau-pour-vadrouilles-wavebrake-avec-essoreuse-jaune-35-pintes\\\/\",\"url\":\"https:\\\/\\\/chemi-3.com\\\/fr\\\/product\\\/seau-pour-vadrouilles-wavebrake-avec-essoreuse-jaune-35-pintes\\\/\",\"name\":\"Seau pour vadrouilles wavebrake\u00ae avec essoreuse , jaune, 35 pintes &#8211; Chemi-3 Inc.\",\"isPartOf\":{\"@id\":\"https:\\\/\\\/chemi-3.com\\\/fr\\\/#website\"},\"primaryImageOfPage\":{\"@id\":\"https:\\\/\\\/chemi-3.com\\\/fr\\\/product\\\/seau-pour-vadrouilles-wavebrake-avec-essoreuse-jaune-35-pintes\\\/#primaryimage\"},\"image\":{\"@id\":\"https:\\\/\\\/chemi-3.com\\\/fr\\\/product\\\/seau-pour-vadrouilles-wavebrake-avec-essoreuse-jaune-35-pintes\\\/#primaryimage\"},\"thumbnailUrl\":\"https:\\\/\\\/chemi-3.com\\\/wp-content\\\/uploads\\\/2021\\\/11\\\/17708188-20210904201749-1.jpg\",\"datePublished\":\"2021-11-05T17:00:06+00:00\",\"dateModified\":\"2021-11-05T17:00:24+00:00\",\"breadcrumb\":{\"@id\":\"https:\\\/\\\/chemi-3.com\\\/fr\\\/product\\\/seau-pour-vadrouilles-wavebrake-avec-essoreuse-jaune-35-pintes\\\/#breadcrumb\"},\"inLanguage\":\"fr-CA\",\"potentialAction\":[{\"@type\":\"ReadAction\",\"target\":[\"https:\\\/\\\/chemi-3.com\\\/fr\\\/product\\\/seau-pour-vadrouilles-wavebrake-avec-essoreuse-jaune-35-pintes\\\/\"]}]},{\"@type\":\"ImageObject\",\"inLanguage\":\"fr-CA\",\"@id\":\"https:\\\/\\\/chemi-3.com\\\/fr\\\/product\\\/seau-pour-vadrouilles-wavebrake-avec-essoreuse-jaune-35-pintes\\\/#primaryimage\",\"url\":\"https:\\\/\\\/chemi-3.com\\\/wp-content\\\/uploads\\\/2021\\\/11\\\/17708188-20210904201749-1.jpg\",\"contentUrl\":\"https:\\\/\\\/chemi-3.com\\\/wp-content\\\/uploads\\\/2021\\\/11\\\/17708188-20210904201749-1.jpg\",\"width\":800,\"height\":450,\"caption\":\"Wavebrake\u00ae Bucket\\\/Wringer Combo 35 Qt Yellow Side Pres\"},{\"@type\":\"BreadcrumbList\",\"@id\":\"https:\\\/\\\/chemi-3.com\\\/fr\\\/product\\\/seau-pour-vadrouilles-wavebrake-avec-essoreuse-jaune-35-pintes\\\/#breadcrumb\",\"itemListElement\":[{\"@type\":\"ListItem\",\"position\":1,\"name\":\"Home\",\"item\":\"https:\\\/\\\/chemi-3.com\\\/fr\\\/\"},{\"@type\":\"ListItem\",\"position\":2,\"name\":\"Produits\",\"item\":\"https:\\\/\\\/chemi-3.com\\\/fr\\\/shop\\\/\"},{\"@type\":\"ListItem\",\"position\":3,\"name\":\"Seau pour vadrouilles wavebrake\u00ae avec essoreuse , jaune, 35 pintes\"}]},{\"@type\":\"WebSite\",\"@id\":\"https:\\\/\\\/chemi-3.com\\\/fr\\\/#website\",\"url\":\"https:\\\/\\\/chemi-3.com\\\/fr\\\/\",\"name\":\"Chemi-3 Inc.\",\"description\":\"Montreal&#039;s premier distributor of janitorial, sanitary and commercial products.\",\"publisher\":{\"@id\":\"https:\\\/\\\/chemi-3.com\\\/fr\\\/#organization\"},\"potentialAction\":[{\"@type\":\"SearchAction\",\"target\":{\"@type\":\"EntryPoint\",\"urlTemplate\":\"https:\\\/\\\/chemi-3.com\\\/fr\\\/?s={search_term_string}\"},\"query-input\":{\"@type\":\"PropertyValueSpecification\",\"valueRequired\":true,\"valueName\":\"search_term_string\"}}],\"inLanguage\":\"fr-CA\"},{\"@type\":\"Organization\",\"@id\":\"https:\\\/\\\/chemi-3.com\\\/fr\\\/#organization\",\"name\":\"Chemi-3 Industries Inc.\",\"url\":\"https:\\\/\\\/chemi-3.com\\\/fr\\\/\",\"logo\":{\"@type\":\"ImageObject\",\"inLanguage\":\"fr-CA\",\"@id\":\"https:\\\/\\\/chemi-3.com\\\/fr\\\/#\\\/schema\\\/logo\\\/image\\\/\",\"url\":\"http:\\\/\\\/chemi-3.com\\\/wp-content\\\/uploads\\\/2021\\\/09\\\/Chemi3_logo_transparent_highres.png\",\"contentUrl\":\"http:\\\/\\\/chemi-3.com\\\/wp-content\\\/uploads\\\/2021\\\/09\\\/Chemi3_logo_transparent_highres.png\",\"width\":1000,\"height\":387,\"caption\":\"Chemi-3 Industries Inc.\"},\"image\":{\"@id\":\"https:\\\/\\\/chemi-3.com\\\/fr\\\/#\\\/schema\\\/logo\\\/image\\\/\"},\"sameAs\":[\"https:\\\/\\\/www.facebook.com\\\/chemi3inc\\\/\",\"https:\\\/\\\/x.com\\\/chemi3inc\",\"https:\\\/\\\/www.instagram.com\\\/chemi3inc\\\/\",\"https:\\\/\\\/www.linkedin.com\\\/company\\\/chemi3inc\"]}]}<\/script>\n<!-- \/ Yoast SEO plugin. -->","yoast_head_json":{"title":"Seau pour vadrouilles wavebrake\u00ae avec essoreuse , jaune, 35 pintes &#8211; Chemi-3 Inc.","robots":{"index":"index","follow":"follow","max-snippet":"max-snippet:-1","max-image-preview":"max-image-preview:large","max-video-preview":"max-video-preview:-1"},"canonical":"https:\/\/chemi-3.com\/fr\/product\/seau-pour-vadrouilles-wavebrake-avec-essoreuse-jaune-35-pintes\/","og_locale":"fr_CA","og_type":"article","og_title":"Seau pour vadrouilles wavebrake\u00ae avec essoreuse , jaune, 35 pintes &#8211; Chemi-3 Inc.","og_description":"Avec la technologie innovatrice WaveBrake\u00ae, ce seau en plastique hautement durable moul\u00e9 est dot\u00e9 d\u2019un d\u00e9flecteur qui emp\u00eache la formation des vagues, r\u00e9duisant jusqu\u2019\u00e0 80 % les \u00e9claboussures, est peu bruyant, r\u00e9duisant ainsi au minimum le bruit et les chutes co\u00fbteuses. Ce syst\u00e8me de nettoyage WaveBrake\u00ae est con\u00e7u pour n\u2019importe quel travail de nettoyage, grand [&hellip;]","og_url":"https:\/\/chemi-3.com\/fr\/product\/seau-pour-vadrouilles-wavebrake-avec-essoreuse-jaune-35-pintes\/","og_site_name":"Chemi-3 Inc.","article_publisher":"https:\/\/www.facebook.com\/chemi3inc\/","article_modified_time":"2021-11-05T17:00:24+00:00","og_image":[{"width":800,"height":450,"url":"https:\/\/chemi-3.com\/wp-content\/uploads\/2021\/11\/17708188-20210904201749-1.jpg","type":"image\/jpeg"}],"twitter_card":"summary_large_image","twitter_site":"@chemi3inc","schema":{"@context":"https:\/\/schema.org","@graph":[{"@type":["WebPage","ItemPage"],"@id":"https:\/\/chemi-3.com\/fr\/product\/seau-pour-vadrouilles-wavebrake-avec-essoreuse-jaune-35-pintes\/","url":"https:\/\/chemi-3.com\/fr\/product\/seau-pour-vadrouilles-wavebrake-avec-essoreuse-jaune-35-pintes\/","name":"Seau pour vadrouilles wavebrake\u00ae avec essoreuse , jaune, 35 pintes &#8211; Chemi-3 Inc.","isPartOf":{"@id":"https:\/\/chemi-3.com\/fr\/#website"},"primaryImageOfPage":{"@id":"https:\/\/chemi-3.com\/fr\/product\/seau-pour-vadrouilles-wavebrake-avec-essoreuse-jaune-35-pintes\/#primaryimage"},"image":{"@id":"https:\/\/chemi-3.com\/fr\/product\/seau-pour-vadrouilles-wavebrake-avec-essoreuse-jaune-35-pintes\/#primaryimage"},"thumbnailUrl":"https:\/\/chemi-3.com\/wp-content\/uploads\/2021\/11\/17708188-20210904201749-1.jpg","datePublished":"2021-11-05T17:00:06+00:00","dateModified":"2021-11-05T17:00:24+00:00","breadcrumb":{"@id":"https:\/\/chemi-3.com\/fr\/product\/seau-pour-vadrouilles-wavebrake-avec-essoreuse-jaune-35-pintes\/#breadcrumb"},"inLanguage":"fr-CA","potentialAction":[{"@type":"ReadAction","target":["https:\/\/chemi-3.com\/fr\/product\/seau-pour-vadrouilles-wavebrake-avec-essoreuse-jaune-35-pintes\/"]}]},{"@type":"ImageObject","inLanguage":"fr-CA","@id":"https:\/\/chemi-3.com\/fr\/product\/seau-pour-vadrouilles-wavebrake-avec-essoreuse-jaune-35-pintes\/#primaryimage","url":"https:\/\/chemi-3.com\/wp-content\/uploads\/2021\/11\/17708188-20210904201749-1.jpg","contentUrl":"https:\/\/chemi-3.com\/wp-content\/uploads\/2021\/11\/17708188-20210904201749-1.jpg","width":800,"height":450,"caption":"Wavebrake\u00ae Bucket\/Wringer Combo 35 Qt Yellow Side Pres"},{"@type":"BreadcrumbList","@id":"https:\/\/chemi-3.com\/fr\/product\/seau-pour-vadrouilles-wavebrake-avec-essoreuse-jaune-35-pintes\/#breadcrumb","itemListElement":[{"@type":"ListItem","position":1,"name":"Home","item":"https:\/\/chemi-3.com\/fr\/"},{"@type":"ListItem","position":2,"name":"Produits","item":"https:\/\/chemi-3.com\/fr\/shop\/"},{"@type":"ListItem","position":3,"name":"Seau pour vadrouilles wavebrake\u00ae avec essoreuse , jaune, 35 pintes"}]},{"@type":"WebSite","@id":"https:\/\/chemi-3.com\/fr\/#website","url":"https:\/\/chemi-3.com\/fr\/","name":"Chemi-3 Inc.","description":"Montreal&#039;s premier distributor of janitorial, sanitary and commercial products.","publisher":{"@id":"https:\/\/chemi-3.com\/fr\/#organization"},"potentialAction":[{"@type":"SearchAction","target":{"@type":"EntryPoint","urlTemplate":"https:\/\/chemi-3.com\/fr\/?s={search_term_string}"},"query-input":{"@type":"PropertyValueSpecification","valueRequired":true,"valueName":"search_term_string"}}],"inLanguage":"fr-CA"},{"@type":"Organization","@id":"https:\/\/chemi-3.com\/fr\/#organization","name":"Chemi-3 Industries Inc.","url":"https:\/\/chemi-3.com\/fr\/","logo":{"@type":"ImageObject","inLanguage":"fr-CA","@id":"https:\/\/chemi-3.com\/fr\/#\/schema\/logo\/image\/","url":"http:\/\/chemi-3.com\/wp-content\/uploads\/2021\/09\/Chemi3_logo_transparent_highres.png","contentUrl":"http:\/\/chemi-3.com\/wp-content\/uploads\/2021\/09\/Chemi3_logo_transparent_highres.png","width":1000,"height":387,"caption":"Chemi-3 Industries Inc."},"image":{"@id":"https:\/\/chemi-3.com\/fr\/#\/schema\/logo\/image\/"},"sameAs":["https:\/\/www.facebook.com\/chemi3inc\/","https:\/\/x.com\/chemi3inc","https:\/\/www.instagram.com\/chemi3inc\/","https:\/\/www.linkedin.com\/company\/chemi3inc"]}]}},"_links":{"self":[{"href":"https:\/\/chemi-3.com\/fr\/wp-json\/wp\/v2\/product\/27193","targetHints":{"allow":["GET"]}}],"collection":[{"href":"https:\/\/chemi-3.com\/fr\/wp-json\/wp\/v2\/product"}],"about":[{"href":"https:\/\/chemi-3.com\/fr\/wp-json\/wp\/v2\/types\/product"}],"replies":[{"embeddable":true,"href":"https:\/\/chemi-3.com\/fr\/wp-json\/wp\/v2\/comments?post=27193"}],"wp:featuredmedia":[{"embeddable":true,"href":"https:\/\/chemi-3.com\/fr\/wp-json\/wp\/v2\/media\/23123"}],"wp:attachment":[{"href":"https:\/\/chemi-3.com\/fr\/wp-json\/wp\/v2\/media?parent=27193"}],"wp:term":[{"taxonomy":"product_brand","embeddable":true,"href":"https:\/\/chemi-3.com\/fr\/wp-json\/wp\/v2\/product_brand?post=27193"},{"taxonomy":"product_cat","embeddable":true,"href":"https:\/\/chemi-3.com\/fr\/wp-json\/wp\/v2\/product_cat?post=27193"},{"taxonomy":"product_tag","embeddable":true,"href":"https:\/\/chemi-3.com\/fr\/wp-json\/wp\/v2\/product_tag?post=27193"}],"curies":[{"name":"wp","href":"https:\/\/api.w.org\/{rel}","templated":true}]}}