{"id":27203,"date":"2021-11-05T13:00:06","date_gmt":"2021-11-05T17:00:06","guid":{"rendered":"https:\/\/chemi-3.com\/product\/combo-wavebrake-a-presse-verticale-de-35-pte-brun\/"},"modified":"2021-11-05T13:00:27","modified_gmt":"2021-11-05T17:00:27","slug":"combo-wavebrake-a-presse-verticale-de-35-pte-brun","status":"publish","type":"product","link":"https:\/\/chemi-3.com\/fr\/product\/combo-wavebrake-a-presse-verticale-de-35-pte-brun\/","title":{"rendered":"Combo wavebrake\u00ae \u00e0 presse verticale de 35 pte, brun"},"content":{"rendered":"<body><p>Gr\u00e2ce \u00e0 des caract\u00e9ristiques surpassant les seaux \u00e0 vadrouilles traditionnels, le WaveBrake\u00ae nouvelle g\u00e9n\u00e9ration aide \u00e0 nettoyer les planchers avec moins d\u2019efforts pour faire le travail en toute s\u00e9curit\u00e9, et ce, sans sacrifier qualit\u00e9 et durabilit\u00e9.\u2022AM\u00c9LIORER LA S\u00c9CURIT\u00c9 ET LA PRODUCTIVIT\u00c9 Les d\u00e9flecteurs brevet\u00e9s WaveBrake r\u00e9duisent les \u00e9claboussures lors du nettoyage et des man\u0153uvres, contribuant \u00e0 cr\u00e9er un environnement plus s\u00fbr pour les clients et le personnel. De plus, l\u2019eau reste dans le seau, \u00e9liminant ainsi les remplissages fr\u00e9quents, d\u2019o\u00f9 une productivit\u00e9 accrue.\u2022 80 % MOINS D\u2019\u00c9CLABOUSSURES \u2013 Les d\u00e9flecteurs brevet\u00e9s WaveBrake moul\u00e9s emp\u00eachent la formation des vagues, r\u00e9duisant jusqu\u2019\u00e0 80 % les \u00e9claboussures par rapport aux principaux concurrents. *par rapport aux concurrents Seau de lavage de 35 pintes et essoreuse \u00e0 un seul compartiment, sans seau s\u00e9parateur et accessoires.\u2022FACILE \u00c0 VIDER La nouvelle g\u00e9n\u00e9ration du seau \u00e0 lavage WaveBrake est con\u00e7ue pour un vidage s\u00e9curitaire, et ce, avec moins d\u2019effort. Les poign\u00e9es int\u00e9gr\u00e9es, le point d\u2019appui pour \u00e9vier et le bec verseur permettent le contr\u00f4le pendant le soul\u00e8vement et le vidage, pour un vidage s\u00e9curitaire et stable.\u2022POIGN\u00c9ES INT\u00c9GR\u00c9ES ET POINT D\u2019APPUI POUR \u00c9VIER Soulevez et videz le seau de lavage facilement, et ce, en utilisant moins de force.\u2022LE BEC VERSEUR aide \u00e0 emp\u00eacher l\u2019eau sale de se r\u00e9pandre sur le plancher lors du vidage, pour que le plancher reste propre et s\u00e9curitaire<br>\nUnit\u00e9 de mesure : 1\/EA<\/p>\n<\/body>","protected":false},"excerpt":{"rendered":"<p>Gr\u00e2ce \u00e0 des caract\u00e9ristiques surpassant les seaux \u00e0 vadrouilles traditionnels, le WaveBrake\u00ae nouvelle g\u00e9n\u00e9ration aide \u00e0 nettoyer les planchers avec moins d\u2019efforts pour faire le travail en toute s\u00e9curit\u00e9, et ce, sans sacrifier qualit\u00e9 et durabilit\u00e9.\u2022AM\u00c9LIORER LA S\u00c9CURIT\u00c9 ET LA PRODUCTIVIT\u00c9 Les d\u00e9flecteurs brevet\u00e9s WaveBrake r\u00e9duisent les \u00e9claboussures lors du nettoyage et des man\u0153uvres, contribuant [&hellip;]<\/p>\n","protected":false},"featured_media":23141,"comment_status":"closed","ping_status":"open","template":"","meta":{"_et_pb_use_builder":"","_et_pb_old_content":"","_et_gb_content_width":""},"product_brand":[],"product_cat":[12797],"product_tag":[13616,13684,13902],"class_list":{"0":"post-27203","1":"product","2":"type-product","3":"status-publish","4":"has-post-thumbnail","6":"product_cat-seaux-et-essoreuses","7":"product_tag-conciergerie-et-entretien","8":"product_tag-nettoyage-et-entretien-des-planchers","9":"product_tag-seaux-et-essoreuses","10":"pa_country-of-origin-united-states","11":"pa_is-hazardous-material-non","12":"pa_product-colour-brun","13":"pa_product-material-plastique","15":"first","16":"instock","17":"taxable","18":"shipping-taxable","19":"purchasable","20":"product-type-simple"},"yoast_head":"<!-- This site is optimized with the Yoast SEO plugin v27.5 - https:\/\/yoast.com\/product\/yoast-seo-wordpress\/ -->\n<title>Combo wavebrake\u00ae \u00e0 presse verticale de 35 pte, brun &#8211; Chemi-3 Inc.<\/title>\n<meta name=\"robots\" content=\"index, follow, max-snippet:-1, max-image-preview:large, max-video-preview:-1\" \/>\n<link rel=\"canonical\" href=\"https:\/\/chemi-3.com\/fr\/product\/combo-wavebrake-a-presse-verticale-de-35-pte-brun\/\" \/>\n<meta property=\"og:locale\" content=\"fr_CA\" \/>\n<meta property=\"og:type\" content=\"article\" \/>\n<meta property=\"og:title\" content=\"Combo wavebrake\u00ae \u00e0 presse verticale de 35 pte, brun &#8211; Chemi-3 Inc.\" \/>\n<meta property=\"og:description\" content=\"Gr\u00e2ce \u00e0 des caract\u00e9ristiques surpassant les seaux \u00e0 vadrouilles traditionnels, le WaveBrake\u00ae nouvelle g\u00e9n\u00e9ration aide \u00e0 nettoyer les planchers avec moins d\u2019efforts pour faire le travail en toute s\u00e9curit\u00e9, et ce, sans sacrifier qualit\u00e9 et durabilit\u00e9.\u2022AM\u00c9LIORER LA S\u00c9CURIT\u00c9 ET LA PRODUCTIVIT\u00c9 Les d\u00e9flecteurs brevet\u00e9s WaveBrake r\u00e9duisent les \u00e9claboussures lors du nettoyage et des man\u0153uvres, contribuant [&hellip;]\" \/>\n<meta property=\"og:url\" content=\"https:\/\/chemi-3.com\/fr\/product\/combo-wavebrake-a-presse-verticale-de-35-pte-brun\/\" \/>\n<meta property=\"og:site_name\" content=\"Chemi-3 Inc.\" \/>\n<meta property=\"article:publisher\" content=\"https:\/\/www.facebook.com\/chemi3inc\/\" \/>\n<meta property=\"article:modified_time\" content=\"2021-11-05T17:00:27+00:00\" \/>\n<meta property=\"og:image\" content=\"https:\/\/chemi-3.com\/wp-content\/uploads\/2021\/11\/17707616-1-20210904201749-1.jpg\" \/>\n\t<meta property=\"og:image:width\" content=\"900\" \/>\n\t<meta property=\"og:image:height\" content=\"900\" \/>\n\t<meta property=\"og:image:type\" content=\"image\/jpeg\" \/>\n<meta name=\"twitter:card\" content=\"summary_large_image\" \/>\n<meta name=\"twitter:site\" content=\"@chemi3inc\" \/>\n<meta name=\"twitter:label1\" content=\"Estimation du temps de lecture\" \/>\n\t<meta name=\"twitter:data1\" content=\"1 minute\" \/>\n<script type=\"application\/ld+json\" class=\"yoast-schema-graph\">{\"@context\":\"https:\\\/\\\/schema.org\",\"@graph\":[{\"@type\":[\"WebPage\",\"ItemPage\"],\"@id\":\"https:\\\/\\\/chemi-3.com\\\/fr\\\/product\\\/combo-wavebrake-a-presse-verticale-de-35-pte-brun\\\/\",\"url\":\"https:\\\/\\\/chemi-3.com\\\/fr\\\/product\\\/combo-wavebrake-a-presse-verticale-de-35-pte-brun\\\/\",\"name\":\"Combo wavebrake\u00ae \u00e0 presse verticale de 35 pte, brun &#8211; Chemi-3 Inc.\",\"isPartOf\":{\"@id\":\"https:\\\/\\\/chemi-3.com\\\/fr\\\/#website\"},\"primaryImageOfPage\":{\"@id\":\"https:\\\/\\\/chemi-3.com\\\/fr\\\/product\\\/combo-wavebrake-a-presse-verticale-de-35-pte-brun\\\/#primaryimage\"},\"image\":{\"@id\":\"https:\\\/\\\/chemi-3.com\\\/fr\\\/product\\\/combo-wavebrake-a-presse-verticale-de-35-pte-brun\\\/#primaryimage\"},\"thumbnailUrl\":\"https:\\\/\\\/chemi-3.com\\\/wp-content\\\/uploads\\\/2021\\\/11\\\/17707616-1-20210904201749-1.jpg\",\"datePublished\":\"2021-11-05T17:00:06+00:00\",\"dateModified\":\"2021-11-05T17:00:27+00:00\",\"breadcrumb\":{\"@id\":\"https:\\\/\\\/chemi-3.com\\\/fr\\\/product\\\/combo-wavebrake-a-presse-verticale-de-35-pte-brun\\\/#breadcrumb\"},\"inLanguage\":\"fr-CA\",\"potentialAction\":[{\"@type\":\"ReadAction\",\"target\":[\"https:\\\/\\\/chemi-3.com\\\/fr\\\/product\\\/combo-wavebrake-a-presse-verticale-de-35-pte-brun\\\/\"]}]},{\"@type\":\"ImageObject\",\"inLanguage\":\"fr-CA\",\"@id\":\"https:\\\/\\\/chemi-3.com\\\/fr\\\/product\\\/combo-wavebrake-a-presse-verticale-de-35-pte-brun\\\/#primaryimage\",\"url\":\"https:\\\/\\\/chemi-3.com\\\/wp-content\\\/uploads\\\/2021\\\/11\\\/17707616-1-20210904201749-1.jpg\",\"contentUrl\":\"https:\\\/\\\/chemi-3.com\\\/wp-content\\\/uploads\\\/2021\\\/11\\\/17707616-1-20210904201749-1.jpg\",\"width\":900,\"height\":900,\"caption\":\"Wavebrake\u00ae Bucket\\\/Wringer Combo 35 Qt Brown Down Pres\"},{\"@type\":\"BreadcrumbList\",\"@id\":\"https:\\\/\\\/chemi-3.com\\\/fr\\\/product\\\/combo-wavebrake-a-presse-verticale-de-35-pte-brun\\\/#breadcrumb\",\"itemListElement\":[{\"@type\":\"ListItem\",\"position\":1,\"name\":\"Home\",\"item\":\"https:\\\/\\\/chemi-3.com\\\/fr\\\/\"},{\"@type\":\"ListItem\",\"position\":2,\"name\":\"Produits\",\"item\":\"https:\\\/\\\/chemi-3.com\\\/fr\\\/shop\\\/\"},{\"@type\":\"ListItem\",\"position\":3,\"name\":\"Combo wavebrake\u00ae \u00e0 presse verticale de 35 pte, brun\"}]},{\"@type\":\"WebSite\",\"@id\":\"https:\\\/\\\/chemi-3.com\\\/fr\\\/#website\",\"url\":\"https:\\\/\\\/chemi-3.com\\\/fr\\\/\",\"name\":\"Chemi-3 Inc.\",\"description\":\"Montreal&#039;s premier distributor of janitorial, sanitary and commercial products.\",\"publisher\":{\"@id\":\"https:\\\/\\\/chemi-3.com\\\/fr\\\/#organization\"},\"potentialAction\":[{\"@type\":\"SearchAction\",\"target\":{\"@type\":\"EntryPoint\",\"urlTemplate\":\"https:\\\/\\\/chemi-3.com\\\/fr\\\/?s={search_term_string}\"},\"query-input\":{\"@type\":\"PropertyValueSpecification\",\"valueRequired\":true,\"valueName\":\"search_term_string\"}}],\"inLanguage\":\"fr-CA\"},{\"@type\":\"Organization\",\"@id\":\"https:\\\/\\\/chemi-3.com\\\/fr\\\/#organization\",\"name\":\"Chemi-3 Industries Inc.\",\"url\":\"https:\\\/\\\/chemi-3.com\\\/fr\\\/\",\"logo\":{\"@type\":\"ImageObject\",\"inLanguage\":\"fr-CA\",\"@id\":\"https:\\\/\\\/chemi-3.com\\\/fr\\\/#\\\/schema\\\/logo\\\/image\\\/\",\"url\":\"http:\\\/\\\/chemi-3.com\\\/wp-content\\\/uploads\\\/2021\\\/09\\\/Chemi3_logo_transparent_highres.png\",\"contentUrl\":\"http:\\\/\\\/chemi-3.com\\\/wp-content\\\/uploads\\\/2021\\\/09\\\/Chemi3_logo_transparent_highres.png\",\"width\":1000,\"height\":387,\"caption\":\"Chemi-3 Industries Inc.\"},\"image\":{\"@id\":\"https:\\\/\\\/chemi-3.com\\\/fr\\\/#\\\/schema\\\/logo\\\/image\\\/\"},\"sameAs\":[\"https:\\\/\\\/www.facebook.com\\\/chemi3inc\\\/\",\"https:\\\/\\\/x.com\\\/chemi3inc\",\"https:\\\/\\\/www.instagram.com\\\/chemi3inc\\\/\",\"https:\\\/\\\/www.linkedin.com\\\/company\\\/chemi3inc\"]}]}<\/script>\n<!-- \/ Yoast SEO plugin. -->","yoast_head_json":{"title":"Combo wavebrake\u00ae \u00e0 presse verticale de 35 pte, brun &#8211; Chemi-3 Inc.","robots":{"index":"index","follow":"follow","max-snippet":"max-snippet:-1","max-image-preview":"max-image-preview:large","max-video-preview":"max-video-preview:-1"},"canonical":"https:\/\/chemi-3.com\/fr\/product\/combo-wavebrake-a-presse-verticale-de-35-pte-brun\/","og_locale":"fr_CA","og_type":"article","og_title":"Combo wavebrake\u00ae \u00e0 presse verticale de 35 pte, brun &#8211; Chemi-3 Inc.","og_description":"Gr\u00e2ce \u00e0 des caract\u00e9ristiques surpassant les seaux \u00e0 vadrouilles traditionnels, le WaveBrake\u00ae nouvelle g\u00e9n\u00e9ration aide \u00e0 nettoyer les planchers avec moins d\u2019efforts pour faire le travail en toute s\u00e9curit\u00e9, et ce, sans sacrifier qualit\u00e9 et durabilit\u00e9.\u2022AM\u00c9LIORER LA S\u00c9CURIT\u00c9 ET LA PRODUCTIVIT\u00c9 Les d\u00e9flecteurs brevet\u00e9s WaveBrake r\u00e9duisent les \u00e9claboussures lors du nettoyage et des man\u0153uvres, contribuant [&hellip;]","og_url":"https:\/\/chemi-3.com\/fr\/product\/combo-wavebrake-a-presse-verticale-de-35-pte-brun\/","og_site_name":"Chemi-3 Inc.","article_publisher":"https:\/\/www.facebook.com\/chemi3inc\/","article_modified_time":"2021-11-05T17:00:27+00:00","og_image":[{"width":900,"height":900,"url":"https:\/\/chemi-3.com\/wp-content\/uploads\/2021\/11\/17707616-1-20210904201749-1.jpg","type":"image\/jpeg"}],"twitter_card":"summary_large_image","twitter_site":"@chemi3inc","twitter_misc":{"Estimation du temps de lecture":"1 minute"},"schema":{"@context":"https:\/\/schema.org","@graph":[{"@type":["WebPage","ItemPage"],"@id":"https:\/\/chemi-3.com\/fr\/product\/combo-wavebrake-a-presse-verticale-de-35-pte-brun\/","url":"https:\/\/chemi-3.com\/fr\/product\/combo-wavebrake-a-presse-verticale-de-35-pte-brun\/","name":"Combo wavebrake\u00ae \u00e0 presse verticale de 35 pte, brun &#8211; Chemi-3 Inc.","isPartOf":{"@id":"https:\/\/chemi-3.com\/fr\/#website"},"primaryImageOfPage":{"@id":"https:\/\/chemi-3.com\/fr\/product\/combo-wavebrake-a-presse-verticale-de-35-pte-brun\/#primaryimage"},"image":{"@id":"https:\/\/chemi-3.com\/fr\/product\/combo-wavebrake-a-presse-verticale-de-35-pte-brun\/#primaryimage"},"thumbnailUrl":"https:\/\/chemi-3.com\/wp-content\/uploads\/2021\/11\/17707616-1-20210904201749-1.jpg","datePublished":"2021-11-05T17:00:06+00:00","dateModified":"2021-11-05T17:00:27+00:00","breadcrumb":{"@id":"https:\/\/chemi-3.com\/fr\/product\/combo-wavebrake-a-presse-verticale-de-35-pte-brun\/#breadcrumb"},"inLanguage":"fr-CA","potentialAction":[{"@type":"ReadAction","target":["https:\/\/chemi-3.com\/fr\/product\/combo-wavebrake-a-presse-verticale-de-35-pte-brun\/"]}]},{"@type":"ImageObject","inLanguage":"fr-CA","@id":"https:\/\/chemi-3.com\/fr\/product\/combo-wavebrake-a-presse-verticale-de-35-pte-brun\/#primaryimage","url":"https:\/\/chemi-3.com\/wp-content\/uploads\/2021\/11\/17707616-1-20210904201749-1.jpg","contentUrl":"https:\/\/chemi-3.com\/wp-content\/uploads\/2021\/11\/17707616-1-20210904201749-1.jpg","width":900,"height":900,"caption":"Wavebrake\u00ae Bucket\/Wringer Combo 35 Qt Brown Down Pres"},{"@type":"BreadcrumbList","@id":"https:\/\/chemi-3.com\/fr\/product\/combo-wavebrake-a-presse-verticale-de-35-pte-brun\/#breadcrumb","itemListElement":[{"@type":"ListItem","position":1,"name":"Home","item":"https:\/\/chemi-3.com\/fr\/"},{"@type":"ListItem","position":2,"name":"Produits","item":"https:\/\/chemi-3.com\/fr\/shop\/"},{"@type":"ListItem","position":3,"name":"Combo wavebrake\u00ae \u00e0 presse verticale de 35 pte, brun"}]},{"@type":"WebSite","@id":"https:\/\/chemi-3.com\/fr\/#website","url":"https:\/\/chemi-3.com\/fr\/","name":"Chemi-3 Inc.","description":"Montreal&#039;s premier distributor of janitorial, sanitary and commercial products.","publisher":{"@id":"https:\/\/chemi-3.com\/fr\/#organization"},"potentialAction":[{"@type":"SearchAction","target":{"@type":"EntryPoint","urlTemplate":"https:\/\/chemi-3.com\/fr\/?s={search_term_string}"},"query-input":{"@type":"PropertyValueSpecification","valueRequired":true,"valueName":"search_term_string"}}],"inLanguage":"fr-CA"},{"@type":"Organization","@id":"https:\/\/chemi-3.com\/fr\/#organization","name":"Chemi-3 Industries Inc.","url":"https:\/\/chemi-3.com\/fr\/","logo":{"@type":"ImageObject","inLanguage":"fr-CA","@id":"https:\/\/chemi-3.com\/fr\/#\/schema\/logo\/image\/","url":"http:\/\/chemi-3.com\/wp-content\/uploads\/2021\/09\/Chemi3_logo_transparent_highres.png","contentUrl":"http:\/\/chemi-3.com\/wp-content\/uploads\/2021\/09\/Chemi3_logo_transparent_highres.png","width":1000,"height":387,"caption":"Chemi-3 Industries Inc."},"image":{"@id":"https:\/\/chemi-3.com\/fr\/#\/schema\/logo\/image\/"},"sameAs":["https:\/\/www.facebook.com\/chemi3inc\/","https:\/\/x.com\/chemi3inc","https:\/\/www.instagram.com\/chemi3inc\/","https:\/\/www.linkedin.com\/company\/chemi3inc"]}]}},"_links":{"self":[{"href":"https:\/\/chemi-3.com\/fr\/wp-json\/wp\/v2\/product\/27203","targetHints":{"allow":["GET"]}}],"collection":[{"href":"https:\/\/chemi-3.com\/fr\/wp-json\/wp\/v2\/product"}],"about":[{"href":"https:\/\/chemi-3.com\/fr\/wp-json\/wp\/v2\/types\/product"}],"replies":[{"embeddable":true,"href":"https:\/\/chemi-3.com\/fr\/wp-json\/wp\/v2\/comments?post=27203"}],"wp:featuredmedia":[{"embeddable":true,"href":"https:\/\/chemi-3.com\/fr\/wp-json\/wp\/v2\/media\/23141"}],"wp:attachment":[{"href":"https:\/\/chemi-3.com\/fr\/wp-json\/wp\/v2\/media?parent=27203"}],"wp:term":[{"taxonomy":"product_brand","embeddable":true,"href":"https:\/\/chemi-3.com\/fr\/wp-json\/wp\/v2\/product_brand?post=27203"},{"taxonomy":"product_cat","embeddable":true,"href":"https:\/\/chemi-3.com\/fr\/wp-json\/wp\/v2\/product_cat?post=27203"},{"taxonomy":"product_tag","embeddable":true,"href":"https:\/\/chemi-3.com\/fr\/wp-json\/wp\/v2\/product_tag?post=27203"}],"curies":[{"name":"wp","href":"https:\/\/api.w.org\/{rel}","templated":true}]}}