{"id":27237,"date":"2021-11-05T13:00:34","date_gmt":"2021-11-05T17:00:34","guid":{"rendered":"https:\/\/chemi-3.com\/product\/balai-swiffer-professional-pour-gros-travaux-recharge-de-chiffon-sec-pour-balai-swiffer-large-de-10-po-16-chiffons-par-boite-caisse-de-6\/"},"modified":"2021-11-05T13:00:50","modified_gmt":"2021-11-05T17:00:50","slug":"balai-swiffer-professional-pour-gros-travaux-recharge-de-chiffon-sec-pour-balai-swiffer-large-de-10-po-16-chiffons-par-boite-caisse-de-6","status":"publish","type":"product","link":"https:\/\/chemi-3.com\/fr\/product\/balai-swiffer-professional-pour-gros-travaux-recharge-de-chiffon-sec-pour-balai-swiffer-large-de-10-po-16-chiffons-par-boite-caisse-de-6\/","title":{"rendered":"Balai swiffer professional pour gros travaux, recharge de chiffon sec pour balai swiffer large de 10 po, 16 chiffons par bo\u00eete (caisse de 6)"},"content":{"rendered":"<body><p>Les chiffons secs Swiffer sont con\u00e7us pour \u00eatre utilis\u00e9s avec les Swiffer Sweeper de Procter and Gamble. Pour un nettoyage sans poussi\u00e8re. Peut \u00eatre utilis\u00e9 sans danger sur les planchers de bois, les tuiles de c\u00e9ramique et de vinyle, l\u2019\u00e9lectronique et d\u2019autres surfaces dures. Utilisez sur des lattes de bois non finies, huil\u00e9es ou cir\u00e9es, des carreaux non scell\u00e9s ou de la moquette. Les chiffons secs Swiffer ne laissent aucun r\u00e9sidu.<br>\nUnit\u00e9 de mesure : 6\/32-CT<\/p>\n<\/body>","protected":false},"excerpt":{"rendered":"<p>Les chiffons secs Swiffer sont con\u00e7us pour \u00eatre utilis\u00e9s avec les Swiffer Sweeper de Procter and Gamble. Pour un nettoyage sans poussi\u00e8re. Peut \u00eatre utilis\u00e9 sans danger sur les planchers de bois, les tuiles de c\u00e9ramique et de vinyle, l\u2019\u00e9lectronique et d\u2019autres surfaces dures. Utilisez sur des lattes de bois non finies, huil\u00e9es ou cir\u00e9es, [&hellip;]<\/p>\n","protected":false},"featured_media":23191,"comment_status":"closed","ping_status":"open","template":"","meta":{"_et_pb_use_builder":"","_et_pb_old_content":"","_et_gb_content_width":""},"product_brand":[],"product_cat":[12798],"product_tag":[13912,13616,13684],"class_list":{"0":"post-27237","1":"product","2":"type-product","3":"status-publish","4":"has-post-thumbnail","6":"product_cat-balais-a-franges","7":"product_tag-balais-a-franges","8":"product_tag-conciergerie-et-entretien","9":"product_tag-nettoyage-et-entretien-des-planchers","10":"pa_country-of-origin-united-states","11":"pa_is-hazardous-material-non","12":"pa_product-colour-blanc","13":"pa_product-material-disposal-cloth-2","15":"first","16":"instock","17":"taxable","18":"shipping-taxable","19":"purchasable","20":"product-type-simple"},"yoast_head":"<!-- This site is optimized with the Yoast SEO plugin v27.5 - https:\/\/yoast.com\/product\/yoast-seo-wordpress\/ -->\n<title>Balai swiffer professional pour gros travaux, recharge de chiffon sec pour balai swiffer large de 10 po, 16 chiffons par bo\u00eete (caisse de 6) &#8211; Chemi-3 Inc.<\/title>\n<meta name=\"robots\" content=\"index, follow, max-snippet:-1, max-image-preview:large, max-video-preview:-1\" \/>\n<link rel=\"canonical\" href=\"https:\/\/chemi-3.com\/fr\/product\/balai-swiffer-professional-pour-gros-travaux-recharge-de-chiffon-sec-pour-balai-swiffer-large-de-10-po-16-chiffons-par-boite-caisse-de-6\/\" \/>\n<meta property=\"og:locale\" content=\"fr_CA\" \/>\n<meta property=\"og:type\" content=\"article\" \/>\n<meta property=\"og:title\" content=\"Balai swiffer professional pour gros travaux, recharge de chiffon sec pour balai swiffer large de 10 po, 16 chiffons par bo\u00eete (caisse de 6) &#8211; Chemi-3 Inc.\" \/>\n<meta property=\"og:description\" content=\"Les chiffons secs Swiffer sont con\u00e7us pour \u00eatre utilis\u00e9s avec les Swiffer Sweeper de Procter and Gamble. Pour un nettoyage sans poussi\u00e8re. Peut \u00eatre utilis\u00e9 sans danger sur les planchers de bois, les tuiles de c\u00e9ramique et de vinyle, l\u2019\u00e9lectronique et d\u2019autres surfaces dures. Utilisez sur des lattes de bois non finies, huil\u00e9es ou cir\u00e9es, [&hellip;]\" \/>\n<meta property=\"og:url\" content=\"https:\/\/chemi-3.com\/fr\/product\/balai-swiffer-professional-pour-gros-travaux-recharge-de-chiffon-sec-pour-balai-swiffer-large-de-10-po-16-chiffons-par-boite-caisse-de-6\/\" \/>\n<meta property=\"og:site_name\" content=\"Chemi-3 Inc.\" \/>\n<meta property=\"article:publisher\" content=\"https:\/\/www.facebook.com\/chemi3inc\/\" \/>\n<meta property=\"article:modified_time\" content=\"2021-11-05T17:00:50+00:00\" \/>\n<meta property=\"og:image\" content=\"https:\/\/chemi-3.com\/wp-content\/uploads\/2021\/11\/16904240-20210904201749-1.jpg\" \/>\n\t<meta property=\"og:image:width\" content=\"900\" \/>\n\t<meta property=\"og:image:height\" content=\"900\" \/>\n\t<meta property=\"og:image:type\" content=\"image\/jpeg\" \/>\n<meta name=\"twitter:card\" content=\"summary_large_image\" \/>\n<meta name=\"twitter:site\" content=\"@chemi3inc\" \/>\n<script type=\"application\/ld+json\" class=\"yoast-schema-graph\">{\"@context\":\"https:\\\/\\\/schema.org\",\"@graph\":[{\"@type\":[\"WebPage\",\"ItemPage\"],\"@id\":\"https:\\\/\\\/chemi-3.com\\\/fr\\\/product\\\/balai-swiffer-professional-pour-gros-travaux-recharge-de-chiffon-sec-pour-balai-swiffer-large-de-10-po-16-chiffons-par-boite-caisse-de-6\\\/\",\"url\":\"https:\\\/\\\/chemi-3.com\\\/fr\\\/product\\\/balai-swiffer-professional-pour-gros-travaux-recharge-de-chiffon-sec-pour-balai-swiffer-large-de-10-po-16-chiffons-par-boite-caisse-de-6\\\/\",\"name\":\"Balai swiffer professional pour gros travaux, recharge de chiffon sec pour balai swiffer large de 10 po, 16 chiffons par bo\u00eete (caisse de 6) &#8211; Chemi-3 Inc.\",\"isPartOf\":{\"@id\":\"https:\\\/\\\/chemi-3.com\\\/fr\\\/#website\"},\"primaryImageOfPage\":{\"@id\":\"https:\\\/\\\/chemi-3.com\\\/fr\\\/product\\\/balai-swiffer-professional-pour-gros-travaux-recharge-de-chiffon-sec-pour-balai-swiffer-large-de-10-po-16-chiffons-par-boite-caisse-de-6\\\/#primaryimage\"},\"image\":{\"@id\":\"https:\\\/\\\/chemi-3.com\\\/fr\\\/product\\\/balai-swiffer-professional-pour-gros-travaux-recharge-de-chiffon-sec-pour-balai-swiffer-large-de-10-po-16-chiffons-par-boite-caisse-de-6\\\/#primaryimage\"},\"thumbnailUrl\":\"https:\\\/\\\/chemi-3.com\\\/wp-content\\\/uploads\\\/2021\\\/11\\\/16904240-20210904201749-1.jpg\",\"datePublished\":\"2021-11-05T17:00:34+00:00\",\"dateModified\":\"2021-11-05T17:00:50+00:00\",\"breadcrumb\":{\"@id\":\"https:\\\/\\\/chemi-3.com\\\/fr\\\/product\\\/balai-swiffer-professional-pour-gros-travaux-recharge-de-chiffon-sec-pour-balai-swiffer-large-de-10-po-16-chiffons-par-boite-caisse-de-6\\\/#breadcrumb\"},\"inLanguage\":\"fr-CA\",\"potentialAction\":[{\"@type\":\"ReadAction\",\"target\":[\"https:\\\/\\\/chemi-3.com\\\/fr\\\/product\\\/balai-swiffer-professional-pour-gros-travaux-recharge-de-chiffon-sec-pour-balai-swiffer-large-de-10-po-16-chiffons-par-boite-caisse-de-6\\\/\"]}]},{\"@type\":\"ImageObject\",\"inLanguage\":\"fr-CA\",\"@id\":\"https:\\\/\\\/chemi-3.com\\\/fr\\\/product\\\/balai-swiffer-professional-pour-gros-travaux-recharge-de-chiffon-sec-pour-balai-swiffer-large-de-10-po-16-chiffons-par-boite-caisse-de-6\\\/#primaryimage\",\"url\":\"https:\\\/\\\/chemi-3.com\\\/wp-content\\\/uploads\\\/2021\\\/11\\\/16904240-20210904201749-1.jpg\",\"contentUrl\":\"https:\\\/\\\/chemi-3.com\\\/wp-content\\\/uploads\\\/2021\\\/11\\\/16904240-20210904201749-1.jpg\",\"width\":900,\"height\":900,\"caption\":\"Swiffer\u00ae Dusting Cloth 32Ct 8 X 11 Dry Swiffer\u00ae Refills\"},{\"@type\":\"BreadcrumbList\",\"@id\":\"https:\\\/\\\/chemi-3.com\\\/fr\\\/product\\\/balai-swiffer-professional-pour-gros-travaux-recharge-de-chiffon-sec-pour-balai-swiffer-large-de-10-po-16-chiffons-par-boite-caisse-de-6\\\/#breadcrumb\",\"itemListElement\":[{\"@type\":\"ListItem\",\"position\":1,\"name\":\"Home\",\"item\":\"https:\\\/\\\/chemi-3.com\\\/fr\\\/\"},{\"@type\":\"ListItem\",\"position\":2,\"name\":\"Produits\",\"item\":\"https:\\\/\\\/chemi-3.com\\\/fr\\\/shop\\\/\"},{\"@type\":\"ListItem\",\"position\":3,\"name\":\"Balai swiffer professional pour gros travaux, recharge de chiffon sec pour balai swiffer large de 10 po, 16 chiffons par bo\u00eete (caisse de 6)\"}]},{\"@type\":\"WebSite\",\"@id\":\"https:\\\/\\\/chemi-3.com\\\/fr\\\/#website\",\"url\":\"https:\\\/\\\/chemi-3.com\\\/fr\\\/\",\"name\":\"Chemi-3 Inc.\",\"description\":\"Montreal&#039;s premier distributor of janitorial, sanitary and commercial products.\",\"publisher\":{\"@id\":\"https:\\\/\\\/chemi-3.com\\\/fr\\\/#organization\"},\"potentialAction\":[{\"@type\":\"SearchAction\",\"target\":{\"@type\":\"EntryPoint\",\"urlTemplate\":\"https:\\\/\\\/chemi-3.com\\\/fr\\\/?s={search_term_string}\"},\"query-input\":{\"@type\":\"PropertyValueSpecification\",\"valueRequired\":true,\"valueName\":\"search_term_string\"}}],\"inLanguage\":\"fr-CA\"},{\"@type\":\"Organization\",\"@id\":\"https:\\\/\\\/chemi-3.com\\\/fr\\\/#organization\",\"name\":\"Chemi-3 Industries Inc.\",\"url\":\"https:\\\/\\\/chemi-3.com\\\/fr\\\/\",\"logo\":{\"@type\":\"ImageObject\",\"inLanguage\":\"fr-CA\",\"@id\":\"https:\\\/\\\/chemi-3.com\\\/fr\\\/#\\\/schema\\\/logo\\\/image\\\/\",\"url\":\"http:\\\/\\\/chemi-3.com\\\/wp-content\\\/uploads\\\/2021\\\/09\\\/Chemi3_logo_transparent_highres.png\",\"contentUrl\":\"http:\\\/\\\/chemi-3.com\\\/wp-content\\\/uploads\\\/2021\\\/09\\\/Chemi3_logo_transparent_highres.png\",\"width\":1000,\"height\":387,\"caption\":\"Chemi-3 Industries Inc.\"},\"image\":{\"@id\":\"https:\\\/\\\/chemi-3.com\\\/fr\\\/#\\\/schema\\\/logo\\\/image\\\/\"},\"sameAs\":[\"https:\\\/\\\/www.facebook.com\\\/chemi3inc\\\/\",\"https:\\\/\\\/x.com\\\/chemi3inc\",\"https:\\\/\\\/www.instagram.com\\\/chemi3inc\\\/\",\"https:\\\/\\\/www.linkedin.com\\\/company\\\/chemi3inc\"]}]}<\/script>\n<!-- \/ Yoast SEO plugin. -->","yoast_head_json":{"title":"Balai swiffer professional pour gros travaux, recharge de chiffon sec pour balai swiffer large de 10 po, 16 chiffons par bo\u00eete (caisse de 6) &#8211; Chemi-3 Inc.","robots":{"index":"index","follow":"follow","max-snippet":"max-snippet:-1","max-image-preview":"max-image-preview:large","max-video-preview":"max-video-preview:-1"},"canonical":"https:\/\/chemi-3.com\/fr\/product\/balai-swiffer-professional-pour-gros-travaux-recharge-de-chiffon-sec-pour-balai-swiffer-large-de-10-po-16-chiffons-par-boite-caisse-de-6\/","og_locale":"fr_CA","og_type":"article","og_title":"Balai swiffer professional pour gros travaux, recharge de chiffon sec pour balai swiffer large de 10 po, 16 chiffons par bo\u00eete (caisse de 6) &#8211; Chemi-3 Inc.","og_description":"Les chiffons secs Swiffer sont con\u00e7us pour \u00eatre utilis\u00e9s avec les Swiffer Sweeper de Procter and Gamble. Pour un nettoyage sans poussi\u00e8re. Peut \u00eatre utilis\u00e9 sans danger sur les planchers de bois, les tuiles de c\u00e9ramique et de vinyle, l\u2019\u00e9lectronique et d\u2019autres surfaces dures. Utilisez sur des lattes de bois non finies, huil\u00e9es ou cir\u00e9es, [&hellip;]","og_url":"https:\/\/chemi-3.com\/fr\/product\/balai-swiffer-professional-pour-gros-travaux-recharge-de-chiffon-sec-pour-balai-swiffer-large-de-10-po-16-chiffons-par-boite-caisse-de-6\/","og_site_name":"Chemi-3 Inc.","article_publisher":"https:\/\/www.facebook.com\/chemi3inc\/","article_modified_time":"2021-11-05T17:00:50+00:00","og_image":[{"width":900,"height":900,"url":"https:\/\/chemi-3.com\/wp-content\/uploads\/2021\/11\/16904240-20210904201749-1.jpg","type":"image\/jpeg"}],"twitter_card":"summary_large_image","twitter_site":"@chemi3inc","schema":{"@context":"https:\/\/schema.org","@graph":[{"@type":["WebPage","ItemPage"],"@id":"https:\/\/chemi-3.com\/fr\/product\/balai-swiffer-professional-pour-gros-travaux-recharge-de-chiffon-sec-pour-balai-swiffer-large-de-10-po-16-chiffons-par-boite-caisse-de-6\/","url":"https:\/\/chemi-3.com\/fr\/product\/balai-swiffer-professional-pour-gros-travaux-recharge-de-chiffon-sec-pour-balai-swiffer-large-de-10-po-16-chiffons-par-boite-caisse-de-6\/","name":"Balai swiffer professional pour gros travaux, recharge de chiffon sec pour balai swiffer large de 10 po, 16 chiffons par bo\u00eete (caisse de 6) &#8211; Chemi-3 Inc.","isPartOf":{"@id":"https:\/\/chemi-3.com\/fr\/#website"},"primaryImageOfPage":{"@id":"https:\/\/chemi-3.com\/fr\/product\/balai-swiffer-professional-pour-gros-travaux-recharge-de-chiffon-sec-pour-balai-swiffer-large-de-10-po-16-chiffons-par-boite-caisse-de-6\/#primaryimage"},"image":{"@id":"https:\/\/chemi-3.com\/fr\/product\/balai-swiffer-professional-pour-gros-travaux-recharge-de-chiffon-sec-pour-balai-swiffer-large-de-10-po-16-chiffons-par-boite-caisse-de-6\/#primaryimage"},"thumbnailUrl":"https:\/\/chemi-3.com\/wp-content\/uploads\/2021\/11\/16904240-20210904201749-1.jpg","datePublished":"2021-11-05T17:00:34+00:00","dateModified":"2021-11-05T17:00:50+00:00","breadcrumb":{"@id":"https:\/\/chemi-3.com\/fr\/product\/balai-swiffer-professional-pour-gros-travaux-recharge-de-chiffon-sec-pour-balai-swiffer-large-de-10-po-16-chiffons-par-boite-caisse-de-6\/#breadcrumb"},"inLanguage":"fr-CA","potentialAction":[{"@type":"ReadAction","target":["https:\/\/chemi-3.com\/fr\/product\/balai-swiffer-professional-pour-gros-travaux-recharge-de-chiffon-sec-pour-balai-swiffer-large-de-10-po-16-chiffons-par-boite-caisse-de-6\/"]}]},{"@type":"ImageObject","inLanguage":"fr-CA","@id":"https:\/\/chemi-3.com\/fr\/product\/balai-swiffer-professional-pour-gros-travaux-recharge-de-chiffon-sec-pour-balai-swiffer-large-de-10-po-16-chiffons-par-boite-caisse-de-6\/#primaryimage","url":"https:\/\/chemi-3.com\/wp-content\/uploads\/2021\/11\/16904240-20210904201749-1.jpg","contentUrl":"https:\/\/chemi-3.com\/wp-content\/uploads\/2021\/11\/16904240-20210904201749-1.jpg","width":900,"height":900,"caption":"Swiffer\u00ae Dusting Cloth 32Ct 8 X 11 Dry Swiffer\u00ae Refills"},{"@type":"BreadcrumbList","@id":"https:\/\/chemi-3.com\/fr\/product\/balai-swiffer-professional-pour-gros-travaux-recharge-de-chiffon-sec-pour-balai-swiffer-large-de-10-po-16-chiffons-par-boite-caisse-de-6\/#breadcrumb","itemListElement":[{"@type":"ListItem","position":1,"name":"Home","item":"https:\/\/chemi-3.com\/fr\/"},{"@type":"ListItem","position":2,"name":"Produits","item":"https:\/\/chemi-3.com\/fr\/shop\/"},{"@type":"ListItem","position":3,"name":"Balai swiffer professional pour gros travaux, recharge de chiffon sec pour balai swiffer large de 10 po, 16 chiffons par bo\u00eete (caisse de 6)"}]},{"@type":"WebSite","@id":"https:\/\/chemi-3.com\/fr\/#website","url":"https:\/\/chemi-3.com\/fr\/","name":"Chemi-3 Inc.","description":"Montreal&#039;s premier distributor of janitorial, sanitary and commercial products.","publisher":{"@id":"https:\/\/chemi-3.com\/fr\/#organization"},"potentialAction":[{"@type":"SearchAction","target":{"@type":"EntryPoint","urlTemplate":"https:\/\/chemi-3.com\/fr\/?s={search_term_string}"},"query-input":{"@type":"PropertyValueSpecification","valueRequired":true,"valueName":"search_term_string"}}],"inLanguage":"fr-CA"},{"@type":"Organization","@id":"https:\/\/chemi-3.com\/fr\/#organization","name":"Chemi-3 Industries Inc.","url":"https:\/\/chemi-3.com\/fr\/","logo":{"@type":"ImageObject","inLanguage":"fr-CA","@id":"https:\/\/chemi-3.com\/fr\/#\/schema\/logo\/image\/","url":"http:\/\/chemi-3.com\/wp-content\/uploads\/2021\/09\/Chemi3_logo_transparent_highres.png","contentUrl":"http:\/\/chemi-3.com\/wp-content\/uploads\/2021\/09\/Chemi3_logo_transparent_highres.png","width":1000,"height":387,"caption":"Chemi-3 Industries Inc."},"image":{"@id":"https:\/\/chemi-3.com\/fr\/#\/schema\/logo\/image\/"},"sameAs":["https:\/\/www.facebook.com\/chemi3inc\/","https:\/\/x.com\/chemi3inc","https:\/\/www.instagram.com\/chemi3inc\/","https:\/\/www.linkedin.com\/company\/chemi3inc"]}]}},"_links":{"self":[{"href":"https:\/\/chemi-3.com\/fr\/wp-json\/wp\/v2\/product\/27237","targetHints":{"allow":["GET"]}}],"collection":[{"href":"https:\/\/chemi-3.com\/fr\/wp-json\/wp\/v2\/product"}],"about":[{"href":"https:\/\/chemi-3.com\/fr\/wp-json\/wp\/v2\/types\/product"}],"replies":[{"embeddable":true,"href":"https:\/\/chemi-3.com\/fr\/wp-json\/wp\/v2\/comments?post=27237"}],"wp:featuredmedia":[{"embeddable":true,"href":"https:\/\/chemi-3.com\/fr\/wp-json\/wp\/v2\/media\/23191"}],"wp:attachment":[{"href":"https:\/\/chemi-3.com\/fr\/wp-json\/wp\/v2\/media?parent=27237"}],"wp:term":[{"taxonomy":"product_brand","embeddable":true,"href":"https:\/\/chemi-3.com\/fr\/wp-json\/wp\/v2\/product_brand?post=27237"},{"taxonomy":"product_cat","embeddable":true,"href":"https:\/\/chemi-3.com\/fr\/wp-json\/wp\/v2\/product_cat?post=27237"},{"taxonomy":"product_tag","embeddable":true,"href":"https:\/\/chemi-3.com\/fr\/wp-json\/wp\/v2\/product_tag?post=27237"}],"curies":[{"name":"wp","href":"https:\/\/api.w.org\/{rel}","templated":true}]}}