{"id":27239,"date":"2021-11-05T13:00:34","date_gmt":"2021-11-05T17:00:34","guid":{"rendered":"https:\/\/chemi-3.com\/product\/tampon-depoussetage-avec-franges-en-microfibres-hygen-24-po-vert\/"},"modified":"2021-11-05T13:00:52","modified_gmt":"2021-11-05T17:00:52","slug":"tampon-depoussetage-avec-franges-en-microfibres-hygen-24-po-vert","status":"publish","type":"product","link":"https:\/\/chemi-3.com\/fr\/product\/tampon-depoussetage-avec-franges-en-microfibres-hygen-24-po-vert\/","title":{"rendered":"Tampon d&#8217;\u00e9poussetage avec franges en microfibres hygen\u2122, 24 po, vert"},"content":{"rendered":"<body><p>Les tampons d\u2019\u00e9poussetage en microfibres Hygen\u2122 de Rubbermaid Commercial avec franges emprisonnent la poussi\u00e8re, la salet\u00e9 et les d\u00e9bris alors que les franges retiennent les plus gros particules. \u2022Les vadrouilles \u00e0 franges permettent de nettoyer une superficie nettement plus grande que les vadrouilles sans franges, d\u2019o\u00f9 un nettoyage plus rapide. \u2022Les microfibres denses de qualit\u00e9 faisant de 3 \u00e0 5 microns \u00e9liminent plus de poussi\u00e8re, de salet\u00e9 et de microbes que les produits de nettoyage conventionnels. \u2022 Les boucles et crochets \u00e9volu\u00e9s r\u00e9sistent \u00e0 des lavages intenses et permettent de fixer les tampons plus solidement au porte-tampon. \u2022 Finition double des rebords pour conserver la forme de la vadrouille au fil du temps.\u2022 R\u00e9sistent \u00e0 500 lavages (jusqu\u2019\u00e0 200 lavages avec eau de Javel)\u2022Peut \u00eatre javellis\u00e9 \u00e0 l\u2019eau chaude et \u00e0 l\u2019eau froide.<br>\nUnit\u00e9 de mesure : 1\/EA<\/p>\n<\/body>","protected":false},"excerpt":{"rendered":"<p>Les tampons d\u2019\u00e9poussetage en microfibres Hygen\u2122 de Rubbermaid Commercial avec franges emprisonnent la poussi\u00e8re, la salet\u00e9 et les d\u00e9bris alors que les franges retiennent les plus gros particules. \u2022Les vadrouilles \u00e0 franges permettent de nettoyer une superficie nettement plus grande que les vadrouilles sans franges, d\u2019o\u00f9 un nettoyage plus rapide. \u2022Les microfibres denses de qualit\u00e9 [&hellip;]<\/p>\n","protected":false},"featured_media":23194,"comment_status":"closed","ping_status":"open","template":"","meta":{"_et_pb_use_builder":"","_et_pb_old_content":"","_et_gb_content_width":""},"product_brand":[],"product_cat":[12798],"product_tag":[13912,13616,13684],"class_list":{"0":"post-27239","1":"product","2":"type-product","3":"status-publish","4":"has-post-thumbnail","6":"product_cat-balais-a-franges","7":"product_tag-balais-a-franges","8":"product_tag-conciergerie-et-entretien","9":"product_tag-nettoyage-et-entretien-des-planchers","10":"pa_country-of-origin-indonesie","11":"pa_is-hazardous-material-non","12":"pa_product-material-microfiber-2","14":"first","15":"instock","16":"taxable","17":"shipping-taxable","18":"purchasable","19":"product-type-simple"},"yoast_head":"<!-- This site is optimized with the Yoast SEO plugin v27.5 - https:\/\/yoast.com\/product\/yoast-seo-wordpress\/ -->\n<title>Tampon d&#039;\u00e9poussetage avec franges en microfibres hygen\u2122, 24 po, vert &#8211; Chemi-3 Inc.<\/title>\n<meta name=\"robots\" content=\"index, follow, max-snippet:-1, max-image-preview:large, max-video-preview:-1\" \/>\n<link rel=\"canonical\" href=\"https:\/\/chemi-3.com\/fr\/product\/tampon-depoussetage-avec-franges-en-microfibres-hygen-24-po-vert\/\" \/>\n<meta property=\"og:locale\" content=\"fr_CA\" \/>\n<meta property=\"og:type\" content=\"article\" \/>\n<meta property=\"og:title\" content=\"Tampon d&#039;\u00e9poussetage avec franges en microfibres hygen\u2122, 24 po, vert &#8211; Chemi-3 Inc.\" \/>\n<meta property=\"og:description\" content=\"Les tampons d\u2019\u00e9poussetage en microfibres Hygen\u2122 de Rubbermaid Commercial avec franges emprisonnent la poussi\u00e8re, la salet\u00e9 et les d\u00e9bris alors que les franges retiennent les plus gros particules. \u2022Les vadrouilles \u00e0 franges permettent de nettoyer une superficie nettement plus grande que les vadrouilles sans franges, d\u2019o\u00f9 un nettoyage plus rapide. \u2022Les microfibres denses de qualit\u00e9 [&hellip;]\" \/>\n<meta property=\"og:url\" content=\"https:\/\/chemi-3.com\/fr\/product\/tampon-depoussetage-avec-franges-en-microfibres-hygen-24-po-vert\/\" \/>\n<meta property=\"og:site_name\" content=\"Chemi-3 Inc.\" \/>\n<meta property=\"article:publisher\" content=\"https:\/\/www.facebook.com\/chemi3inc\/\" \/>\n<meta property=\"article:modified_time\" content=\"2021-11-05T17:00:52+00:00\" \/>\n<meta property=\"og:image\" content=\"https:\/\/chemi-3.com\/wp-content\/uploads\/2021\/11\/177004261-1-20200821035306-1.jpg\" \/>\n\t<meta property=\"og:image:width\" content=\"900\" \/>\n\t<meta property=\"og:image:height\" content=\"900\" \/>\n\t<meta property=\"og:image:type\" content=\"image\/jpeg\" \/>\n<meta name=\"twitter:card\" content=\"summary_large_image\" \/>\n<meta name=\"twitter:site\" content=\"@chemi3inc\" \/>\n<meta name=\"twitter:label1\" content=\"Estimation du temps de lecture\" \/>\n\t<meta name=\"twitter:data1\" content=\"1 minute\" \/>\n<script type=\"application\/ld+json\" class=\"yoast-schema-graph\">{\"@context\":\"https:\\\/\\\/schema.org\",\"@graph\":[{\"@type\":[\"WebPage\",\"ItemPage\"],\"@id\":\"https:\\\/\\\/chemi-3.com\\\/fr\\\/product\\\/tampon-depoussetage-avec-franges-en-microfibres-hygen-24-po-vert\\\/\",\"url\":\"https:\\\/\\\/chemi-3.com\\\/fr\\\/product\\\/tampon-depoussetage-avec-franges-en-microfibres-hygen-24-po-vert\\\/\",\"name\":\"Tampon d'\u00e9poussetage avec franges en microfibres hygen\u2122, 24 po, vert &#8211; Chemi-3 Inc.\",\"isPartOf\":{\"@id\":\"https:\\\/\\\/chemi-3.com\\\/fr\\\/#website\"},\"primaryImageOfPage\":{\"@id\":\"https:\\\/\\\/chemi-3.com\\\/fr\\\/product\\\/tampon-depoussetage-avec-franges-en-microfibres-hygen-24-po-vert\\\/#primaryimage\"},\"image\":{\"@id\":\"https:\\\/\\\/chemi-3.com\\\/fr\\\/product\\\/tampon-depoussetage-avec-franges-en-microfibres-hygen-24-po-vert\\\/#primaryimage\"},\"thumbnailUrl\":\"https:\\\/\\\/chemi-3.com\\\/wp-content\\\/uploads\\\/2021\\\/11\\\/177004261-1-20200821035306-1.jpg\",\"datePublished\":\"2021-11-05T17:00:34+00:00\",\"dateModified\":\"2021-11-05T17:00:52+00:00\",\"breadcrumb\":{\"@id\":\"https:\\\/\\\/chemi-3.com\\\/fr\\\/product\\\/tampon-depoussetage-avec-franges-en-microfibres-hygen-24-po-vert\\\/#breadcrumb\"},\"inLanguage\":\"fr-CA\",\"potentialAction\":[{\"@type\":\"ReadAction\",\"target\":[\"https:\\\/\\\/chemi-3.com\\\/fr\\\/product\\\/tampon-depoussetage-avec-franges-en-microfibres-hygen-24-po-vert\\\/\"]}]},{\"@type\":\"ImageObject\",\"inLanguage\":\"fr-CA\",\"@id\":\"https:\\\/\\\/chemi-3.com\\\/fr\\\/product\\\/tampon-depoussetage-avec-franges-en-microfibres-hygen-24-po-vert\\\/#primaryimage\",\"url\":\"https:\\\/\\\/chemi-3.com\\\/wp-content\\\/uploads\\\/2021\\\/11\\\/177004261-1-20200821035306-1.jpg\",\"contentUrl\":\"https:\\\/\\\/chemi-3.com\\\/wp-content\\\/uploads\\\/2021\\\/11\\\/177004261-1-20200821035306-1.jpg\",\"width\":900,\"height\":900,\"caption\":\"Hygen\u2122 24\\\" Microfiber Dust Pad\"},{\"@type\":\"BreadcrumbList\",\"@id\":\"https:\\\/\\\/chemi-3.com\\\/fr\\\/product\\\/tampon-depoussetage-avec-franges-en-microfibres-hygen-24-po-vert\\\/#breadcrumb\",\"itemListElement\":[{\"@type\":\"ListItem\",\"position\":1,\"name\":\"Home\",\"item\":\"https:\\\/\\\/chemi-3.com\\\/fr\\\/\"},{\"@type\":\"ListItem\",\"position\":2,\"name\":\"Produits\",\"item\":\"https:\\\/\\\/chemi-3.com\\\/fr\\\/shop\\\/\"},{\"@type\":\"ListItem\",\"position\":3,\"name\":\"Tampon d&#8217;\u00e9poussetage avec franges en microfibres hygen\u2122, 24 po, vert\"}]},{\"@type\":\"WebSite\",\"@id\":\"https:\\\/\\\/chemi-3.com\\\/fr\\\/#website\",\"url\":\"https:\\\/\\\/chemi-3.com\\\/fr\\\/\",\"name\":\"Chemi-3 Inc.\",\"description\":\"Montreal&#039;s premier distributor of janitorial, sanitary and commercial products.\",\"publisher\":{\"@id\":\"https:\\\/\\\/chemi-3.com\\\/fr\\\/#organization\"},\"potentialAction\":[{\"@type\":\"SearchAction\",\"target\":{\"@type\":\"EntryPoint\",\"urlTemplate\":\"https:\\\/\\\/chemi-3.com\\\/fr\\\/?s={search_term_string}\"},\"query-input\":{\"@type\":\"PropertyValueSpecification\",\"valueRequired\":true,\"valueName\":\"search_term_string\"}}],\"inLanguage\":\"fr-CA\"},{\"@type\":\"Organization\",\"@id\":\"https:\\\/\\\/chemi-3.com\\\/fr\\\/#organization\",\"name\":\"Chemi-3 Industries Inc.\",\"url\":\"https:\\\/\\\/chemi-3.com\\\/fr\\\/\",\"logo\":{\"@type\":\"ImageObject\",\"inLanguage\":\"fr-CA\",\"@id\":\"https:\\\/\\\/chemi-3.com\\\/fr\\\/#\\\/schema\\\/logo\\\/image\\\/\",\"url\":\"http:\\\/\\\/chemi-3.com\\\/wp-content\\\/uploads\\\/2021\\\/09\\\/Chemi3_logo_transparent_highres.png\",\"contentUrl\":\"http:\\\/\\\/chemi-3.com\\\/wp-content\\\/uploads\\\/2021\\\/09\\\/Chemi3_logo_transparent_highres.png\",\"width\":1000,\"height\":387,\"caption\":\"Chemi-3 Industries Inc.\"},\"image\":{\"@id\":\"https:\\\/\\\/chemi-3.com\\\/fr\\\/#\\\/schema\\\/logo\\\/image\\\/\"},\"sameAs\":[\"https:\\\/\\\/www.facebook.com\\\/chemi3inc\\\/\",\"https:\\\/\\\/x.com\\\/chemi3inc\",\"https:\\\/\\\/www.instagram.com\\\/chemi3inc\\\/\",\"https:\\\/\\\/www.linkedin.com\\\/company\\\/chemi3inc\"]}]}<\/script>\n<!-- \/ Yoast SEO plugin. -->","yoast_head_json":{"title":"Tampon d'\u00e9poussetage avec franges en microfibres hygen\u2122, 24 po, vert &#8211; Chemi-3 Inc.","robots":{"index":"index","follow":"follow","max-snippet":"max-snippet:-1","max-image-preview":"max-image-preview:large","max-video-preview":"max-video-preview:-1"},"canonical":"https:\/\/chemi-3.com\/fr\/product\/tampon-depoussetage-avec-franges-en-microfibres-hygen-24-po-vert\/","og_locale":"fr_CA","og_type":"article","og_title":"Tampon d'\u00e9poussetage avec franges en microfibres hygen\u2122, 24 po, vert &#8211; Chemi-3 Inc.","og_description":"Les tampons d\u2019\u00e9poussetage en microfibres Hygen\u2122 de Rubbermaid Commercial avec franges emprisonnent la poussi\u00e8re, la salet\u00e9 et les d\u00e9bris alors que les franges retiennent les plus gros particules. \u2022Les vadrouilles \u00e0 franges permettent de nettoyer une superficie nettement plus grande que les vadrouilles sans franges, d\u2019o\u00f9 un nettoyage plus rapide. \u2022Les microfibres denses de qualit\u00e9 [&hellip;]","og_url":"https:\/\/chemi-3.com\/fr\/product\/tampon-depoussetage-avec-franges-en-microfibres-hygen-24-po-vert\/","og_site_name":"Chemi-3 Inc.","article_publisher":"https:\/\/www.facebook.com\/chemi3inc\/","article_modified_time":"2021-11-05T17:00:52+00:00","og_image":[{"width":900,"height":900,"url":"https:\/\/chemi-3.com\/wp-content\/uploads\/2021\/11\/177004261-1-20200821035306-1.jpg","type":"image\/jpeg"}],"twitter_card":"summary_large_image","twitter_site":"@chemi3inc","twitter_misc":{"Estimation du temps de lecture":"1 minute"},"schema":{"@context":"https:\/\/schema.org","@graph":[{"@type":["WebPage","ItemPage"],"@id":"https:\/\/chemi-3.com\/fr\/product\/tampon-depoussetage-avec-franges-en-microfibres-hygen-24-po-vert\/","url":"https:\/\/chemi-3.com\/fr\/product\/tampon-depoussetage-avec-franges-en-microfibres-hygen-24-po-vert\/","name":"Tampon d'\u00e9poussetage avec franges en microfibres hygen\u2122, 24 po, vert &#8211; Chemi-3 Inc.","isPartOf":{"@id":"https:\/\/chemi-3.com\/fr\/#website"},"primaryImageOfPage":{"@id":"https:\/\/chemi-3.com\/fr\/product\/tampon-depoussetage-avec-franges-en-microfibres-hygen-24-po-vert\/#primaryimage"},"image":{"@id":"https:\/\/chemi-3.com\/fr\/product\/tampon-depoussetage-avec-franges-en-microfibres-hygen-24-po-vert\/#primaryimage"},"thumbnailUrl":"https:\/\/chemi-3.com\/wp-content\/uploads\/2021\/11\/177004261-1-20200821035306-1.jpg","datePublished":"2021-11-05T17:00:34+00:00","dateModified":"2021-11-05T17:00:52+00:00","breadcrumb":{"@id":"https:\/\/chemi-3.com\/fr\/product\/tampon-depoussetage-avec-franges-en-microfibres-hygen-24-po-vert\/#breadcrumb"},"inLanguage":"fr-CA","potentialAction":[{"@type":"ReadAction","target":["https:\/\/chemi-3.com\/fr\/product\/tampon-depoussetage-avec-franges-en-microfibres-hygen-24-po-vert\/"]}]},{"@type":"ImageObject","inLanguage":"fr-CA","@id":"https:\/\/chemi-3.com\/fr\/product\/tampon-depoussetage-avec-franges-en-microfibres-hygen-24-po-vert\/#primaryimage","url":"https:\/\/chemi-3.com\/wp-content\/uploads\/2021\/11\/177004261-1-20200821035306-1.jpg","contentUrl":"https:\/\/chemi-3.com\/wp-content\/uploads\/2021\/11\/177004261-1-20200821035306-1.jpg","width":900,"height":900,"caption":"Hygen\u2122 24\" Microfiber Dust Pad"},{"@type":"BreadcrumbList","@id":"https:\/\/chemi-3.com\/fr\/product\/tampon-depoussetage-avec-franges-en-microfibres-hygen-24-po-vert\/#breadcrumb","itemListElement":[{"@type":"ListItem","position":1,"name":"Home","item":"https:\/\/chemi-3.com\/fr\/"},{"@type":"ListItem","position":2,"name":"Produits","item":"https:\/\/chemi-3.com\/fr\/shop\/"},{"@type":"ListItem","position":3,"name":"Tampon d&#8217;\u00e9poussetage avec franges en microfibres hygen\u2122, 24 po, vert"}]},{"@type":"WebSite","@id":"https:\/\/chemi-3.com\/fr\/#website","url":"https:\/\/chemi-3.com\/fr\/","name":"Chemi-3 Inc.","description":"Montreal&#039;s premier distributor of janitorial, sanitary and commercial products.","publisher":{"@id":"https:\/\/chemi-3.com\/fr\/#organization"},"potentialAction":[{"@type":"SearchAction","target":{"@type":"EntryPoint","urlTemplate":"https:\/\/chemi-3.com\/fr\/?s={search_term_string}"},"query-input":{"@type":"PropertyValueSpecification","valueRequired":true,"valueName":"search_term_string"}}],"inLanguage":"fr-CA"},{"@type":"Organization","@id":"https:\/\/chemi-3.com\/fr\/#organization","name":"Chemi-3 Industries Inc.","url":"https:\/\/chemi-3.com\/fr\/","logo":{"@type":"ImageObject","inLanguage":"fr-CA","@id":"https:\/\/chemi-3.com\/fr\/#\/schema\/logo\/image\/","url":"http:\/\/chemi-3.com\/wp-content\/uploads\/2021\/09\/Chemi3_logo_transparent_highres.png","contentUrl":"http:\/\/chemi-3.com\/wp-content\/uploads\/2021\/09\/Chemi3_logo_transparent_highres.png","width":1000,"height":387,"caption":"Chemi-3 Industries Inc."},"image":{"@id":"https:\/\/chemi-3.com\/fr\/#\/schema\/logo\/image\/"},"sameAs":["https:\/\/www.facebook.com\/chemi3inc\/","https:\/\/x.com\/chemi3inc","https:\/\/www.instagram.com\/chemi3inc\/","https:\/\/www.linkedin.com\/company\/chemi3inc"]}]}},"_links":{"self":[{"href":"https:\/\/chemi-3.com\/fr\/wp-json\/wp\/v2\/product\/27239","targetHints":{"allow":["GET"]}}],"collection":[{"href":"https:\/\/chemi-3.com\/fr\/wp-json\/wp\/v2\/product"}],"about":[{"href":"https:\/\/chemi-3.com\/fr\/wp-json\/wp\/v2\/types\/product"}],"replies":[{"embeddable":true,"href":"https:\/\/chemi-3.com\/fr\/wp-json\/wp\/v2\/comments?post=27239"}],"wp:featuredmedia":[{"embeddable":true,"href":"https:\/\/chemi-3.com\/fr\/wp-json\/wp\/v2\/media\/23194"}],"wp:attachment":[{"href":"https:\/\/chemi-3.com\/fr\/wp-json\/wp\/v2\/media?parent=27239"}],"wp:term":[{"taxonomy":"product_brand","embeddable":true,"href":"https:\/\/chemi-3.com\/fr\/wp-json\/wp\/v2\/product_brand?post=27239"},{"taxonomy":"product_cat","embeddable":true,"href":"https:\/\/chemi-3.com\/fr\/wp-json\/wp\/v2\/product_cat?post=27239"},{"taxonomy":"product_tag","embeddable":true,"href":"https:\/\/chemi-3.com\/fr\/wp-json\/wp\/v2\/product_tag?post=27239"}],"curies":[{"name":"wp","href":"https:\/\/api.w.org\/{rel}","templated":true}]}}