{"id":27285,"date":"2021-11-05T13:00:58","date_gmt":"2021-11-05T17:00:58","guid":{"rendered":"https:\/\/chemi-3.com\/product\/sacs-a-ordures-pebdl-noirs-extra-forts-duraplus-35-po-x-50-po\/"},"modified":"2021-11-05T13:01:19","modified_gmt":"2021-11-05T17:01:19","slug":"sacs-a-ordures-pebdl-noirs-extra-forts-duraplus-35-po-x-50-po","status":"publish","type":"product","link":"https:\/\/chemi-3.com\/fr\/product\/sacs-a-ordures-pebdl-noirs-extra-forts-duraplus-35-po-x-50-po\/","title":{"rendered":"Sacs \u00e0 ordures pebdl noirs extra forts duraplus\u00ae, 35 po x 50 po"},"content":{"rendered":"<body><p>Profitez cette saison de la commodit\u00e9 et de la durabilit\u00e9 des nouveaux sacs \u00e0 ordures DURA PLUS\u00ae! Nos sacs \u00e0 faible densit\u00e9 se pr\u00e9sentent pli\u00e9s individuellement et ceux \u00e0 haute densit\u00e9 en rouleaux perfor\u00e9s sans mandrin pour une distribution plus facile et rapide. Les sacs \u00e0 ordures \u00e0 faible densit\u00e9 DURA PLUS\u00ae sont un produit de haute efficacit\u00e9 fabriqu\u00e9 au Canada et certifi\u00e9s \u00c9coLogo\u00ae pour aider \u00e0 r\u00e9duire l\u2019empreinte environnementale.*<br>\nUnit\u00e9 de mesure : <\/p>\n<\/body>","protected":false},"excerpt":{"rendered":"<p>Profitez cette saison de la commodit\u00e9 et de la durabilit\u00e9 des nouveaux sacs \u00e0 ordures DURA PLUS\u00ae! Nos sacs \u00e0 faible densit\u00e9 se pr\u00e9sentent pli\u00e9s individuellement et ceux \u00e0 haute densit\u00e9 en rouleaux perfor\u00e9s sans mandrin pour une distribution plus facile et rapide. Les sacs \u00e0 ordures \u00e0 faible densit\u00e9 DURA PLUS\u00ae sont un produit [&hellip;]<\/p>\n","protected":false},"featured_media":23263,"comment_status":"closed","ping_status":"open","template":"","meta":{"_et_pb_use_builder":"","_et_pb_old_content":"","_et_gb_content_width":""},"product_brand":[],"product_cat":[12784],"product_tag":[13616,13685,13905],"class_list":{"0":"post-27285","1":"product","2":"type-product","3":"status-publish","4":"has-post-thumbnail","6":"product_cat-sacs-a-ordures-en-polyethylene-lineaire-basse-densite","7":"product_tag-conciergerie-et-entretien","8":"product_tag-sacs-a-ordures","9":"product_tag-sacs-a-ordures-en-polyethylene-lineaire-basse-densite","10":"pa_country-of-origin-canada-fr","11":"pa_is-hazardous-material-non","12":"pa_product-material-lldpe-linear-low-density-polyethylene-2","14":"first","15":"instock","16":"taxable","17":"shipping-taxable","18":"purchasable","19":"product-type-simple"},"yoast_head":"<!-- This site is optimized with the Yoast SEO plugin v27.5 - https:\/\/yoast.com\/product\/yoast-seo-wordpress\/ -->\n<title>Sacs \u00e0 ordures pebdl noirs extra forts duraplus\u00ae, 35 po x 50 po &#8211; Chemi-3 Inc.<\/title>\n<meta name=\"robots\" content=\"index, follow, max-snippet:-1, max-image-preview:large, max-video-preview:-1\" \/>\n<link rel=\"canonical\" href=\"https:\/\/chemi-3.com\/fr\/product\/sacs-a-ordures-pebdl-noirs-extra-forts-duraplus-35-po-x-50-po\/\" \/>\n<meta property=\"og:locale\" content=\"fr_CA\" \/>\n<meta property=\"og:type\" content=\"article\" \/>\n<meta property=\"og:title\" content=\"Sacs \u00e0 ordures pebdl noirs extra forts duraplus\u00ae, 35 po x 50 po &#8211; Chemi-3 Inc.\" \/>\n<meta property=\"og:description\" content=\"Profitez cette saison de la commodit\u00e9 et de la durabilit\u00e9 des nouveaux sacs \u00e0 ordures DURA PLUS\u00ae! Nos sacs \u00e0 faible densit\u00e9 se pr\u00e9sentent pli\u00e9s individuellement et ceux \u00e0 haute densit\u00e9 en rouleaux perfor\u00e9s sans mandrin pour une distribution plus facile et rapide. Les sacs \u00e0 ordures \u00e0 faible densit\u00e9 DURA PLUS\u00ae sont un produit [&hellip;]\" \/>\n<meta property=\"og:url\" content=\"https:\/\/chemi-3.com\/fr\/product\/sacs-a-ordures-pebdl-noirs-extra-forts-duraplus-35-po-x-50-po\/\" \/>\n<meta property=\"og:site_name\" content=\"Chemi-3 Inc.\" \/>\n<meta property=\"article:publisher\" content=\"https:\/\/www.facebook.com\/chemi3inc\/\" \/>\n<meta property=\"article:modified_time\" content=\"2021-11-05T17:01:19+00:00\" \/>\n<meta property=\"og:image\" content=\"https:\/\/chemi-3.com\/wp-content\/uploads\/2021\/11\/57760002-20210421011345-1.jpg\" \/>\n\t<meta property=\"og:image:width\" content=\"900\" \/>\n\t<meta property=\"og:image:height\" content=\"900\" \/>\n\t<meta property=\"og:image:type\" content=\"image\/jpeg\" \/>\n<meta name=\"twitter:card\" content=\"summary_large_image\" \/>\n<meta name=\"twitter:site\" content=\"@chemi3inc\" \/>\n<script type=\"application\/ld+json\" class=\"yoast-schema-graph\">{\"@context\":\"https:\\\/\\\/schema.org\",\"@graph\":[{\"@type\":[\"WebPage\",\"ItemPage\"],\"@id\":\"https:\\\/\\\/chemi-3.com\\\/fr\\\/product\\\/sacs-a-ordures-pebdl-noirs-extra-forts-duraplus-35-po-x-50-po\\\/\",\"url\":\"https:\\\/\\\/chemi-3.com\\\/fr\\\/product\\\/sacs-a-ordures-pebdl-noirs-extra-forts-duraplus-35-po-x-50-po\\\/\",\"name\":\"Sacs \u00e0 ordures pebdl noirs extra forts duraplus\u00ae, 35 po x 50 po &#8211; Chemi-3 Inc.\",\"isPartOf\":{\"@id\":\"https:\\\/\\\/chemi-3.com\\\/fr\\\/#website\"},\"primaryImageOfPage\":{\"@id\":\"https:\\\/\\\/chemi-3.com\\\/fr\\\/product\\\/sacs-a-ordures-pebdl-noirs-extra-forts-duraplus-35-po-x-50-po\\\/#primaryimage\"},\"image\":{\"@id\":\"https:\\\/\\\/chemi-3.com\\\/fr\\\/product\\\/sacs-a-ordures-pebdl-noirs-extra-forts-duraplus-35-po-x-50-po\\\/#primaryimage\"},\"thumbnailUrl\":\"https:\\\/\\\/chemi-3.com\\\/wp-content\\\/uploads\\\/2021\\\/11\\\/57760002-20210421011345-1.jpg\",\"datePublished\":\"2021-11-05T17:00:58+00:00\",\"dateModified\":\"2021-11-05T17:01:19+00:00\",\"breadcrumb\":{\"@id\":\"https:\\\/\\\/chemi-3.com\\\/fr\\\/product\\\/sacs-a-ordures-pebdl-noirs-extra-forts-duraplus-35-po-x-50-po\\\/#breadcrumb\"},\"inLanguage\":\"fr-CA\",\"potentialAction\":[{\"@type\":\"ReadAction\",\"target\":[\"https:\\\/\\\/chemi-3.com\\\/fr\\\/product\\\/sacs-a-ordures-pebdl-noirs-extra-forts-duraplus-35-po-x-50-po\\\/\"]}]},{\"@type\":\"ImageObject\",\"inLanguage\":\"fr-CA\",\"@id\":\"https:\\\/\\\/chemi-3.com\\\/fr\\\/product\\\/sacs-a-ordures-pebdl-noirs-extra-forts-duraplus-35-po-x-50-po\\\/#primaryimage\",\"url\":\"https:\\\/\\\/chemi-3.com\\\/wp-content\\\/uploads\\\/2021\\\/11\\\/57760002-20210421011345-1.jpg\",\"contentUrl\":\"https:\\\/\\\/chemi-3.com\\\/wp-content\\\/uploads\\\/2021\\\/11\\\/57760002-20210421011345-1.jpg\",\"width\":900,\"height\":900,\"caption\":\"Dura Plus Canliner 35\\\" X 50\\\" Black Lldpe X-Strong\"},{\"@type\":\"BreadcrumbList\",\"@id\":\"https:\\\/\\\/chemi-3.com\\\/fr\\\/product\\\/sacs-a-ordures-pebdl-noirs-extra-forts-duraplus-35-po-x-50-po\\\/#breadcrumb\",\"itemListElement\":[{\"@type\":\"ListItem\",\"position\":1,\"name\":\"Home\",\"item\":\"https:\\\/\\\/chemi-3.com\\\/fr\\\/\"},{\"@type\":\"ListItem\",\"position\":2,\"name\":\"Produits\",\"item\":\"https:\\\/\\\/chemi-3.com\\\/fr\\\/shop\\\/\"},{\"@type\":\"ListItem\",\"position\":3,\"name\":\"Sacs \u00e0 ordures pebdl noirs extra forts duraplus\u00ae, 35 po x 50 po\"}]},{\"@type\":\"WebSite\",\"@id\":\"https:\\\/\\\/chemi-3.com\\\/fr\\\/#website\",\"url\":\"https:\\\/\\\/chemi-3.com\\\/fr\\\/\",\"name\":\"Chemi-3 Inc.\",\"description\":\"Montreal&#039;s premier distributor of janitorial, sanitary and commercial products.\",\"publisher\":{\"@id\":\"https:\\\/\\\/chemi-3.com\\\/fr\\\/#organization\"},\"potentialAction\":[{\"@type\":\"SearchAction\",\"target\":{\"@type\":\"EntryPoint\",\"urlTemplate\":\"https:\\\/\\\/chemi-3.com\\\/fr\\\/?s={search_term_string}\"},\"query-input\":{\"@type\":\"PropertyValueSpecification\",\"valueRequired\":true,\"valueName\":\"search_term_string\"}}],\"inLanguage\":\"fr-CA\"},{\"@type\":\"Organization\",\"@id\":\"https:\\\/\\\/chemi-3.com\\\/fr\\\/#organization\",\"name\":\"Chemi-3 Industries Inc.\",\"url\":\"https:\\\/\\\/chemi-3.com\\\/fr\\\/\",\"logo\":{\"@type\":\"ImageObject\",\"inLanguage\":\"fr-CA\",\"@id\":\"https:\\\/\\\/chemi-3.com\\\/fr\\\/#\\\/schema\\\/logo\\\/image\\\/\",\"url\":\"http:\\\/\\\/chemi-3.com\\\/wp-content\\\/uploads\\\/2021\\\/09\\\/Chemi3_logo_transparent_highres.png\",\"contentUrl\":\"http:\\\/\\\/chemi-3.com\\\/wp-content\\\/uploads\\\/2021\\\/09\\\/Chemi3_logo_transparent_highres.png\",\"width\":1000,\"height\":387,\"caption\":\"Chemi-3 Industries Inc.\"},\"image\":{\"@id\":\"https:\\\/\\\/chemi-3.com\\\/fr\\\/#\\\/schema\\\/logo\\\/image\\\/\"},\"sameAs\":[\"https:\\\/\\\/www.facebook.com\\\/chemi3inc\\\/\",\"https:\\\/\\\/x.com\\\/chemi3inc\",\"https:\\\/\\\/www.instagram.com\\\/chemi3inc\\\/\",\"https:\\\/\\\/www.linkedin.com\\\/company\\\/chemi3inc\"]}]}<\/script>\n<!-- \/ Yoast SEO plugin. -->","yoast_head_json":{"title":"Sacs \u00e0 ordures pebdl noirs extra forts duraplus\u00ae, 35 po x 50 po &#8211; Chemi-3 Inc.","robots":{"index":"index","follow":"follow","max-snippet":"max-snippet:-1","max-image-preview":"max-image-preview:large","max-video-preview":"max-video-preview:-1"},"canonical":"https:\/\/chemi-3.com\/fr\/product\/sacs-a-ordures-pebdl-noirs-extra-forts-duraplus-35-po-x-50-po\/","og_locale":"fr_CA","og_type":"article","og_title":"Sacs \u00e0 ordures pebdl noirs extra forts duraplus\u00ae, 35 po x 50 po &#8211; Chemi-3 Inc.","og_description":"Profitez cette saison de la commodit\u00e9 et de la durabilit\u00e9 des nouveaux sacs \u00e0 ordures DURA PLUS\u00ae! Nos sacs \u00e0 faible densit\u00e9 se pr\u00e9sentent pli\u00e9s individuellement et ceux \u00e0 haute densit\u00e9 en rouleaux perfor\u00e9s sans mandrin pour une distribution plus facile et rapide. Les sacs \u00e0 ordures \u00e0 faible densit\u00e9 DURA PLUS\u00ae sont un produit [&hellip;]","og_url":"https:\/\/chemi-3.com\/fr\/product\/sacs-a-ordures-pebdl-noirs-extra-forts-duraplus-35-po-x-50-po\/","og_site_name":"Chemi-3 Inc.","article_publisher":"https:\/\/www.facebook.com\/chemi3inc\/","article_modified_time":"2021-11-05T17:01:19+00:00","og_image":[{"width":900,"height":900,"url":"https:\/\/chemi-3.com\/wp-content\/uploads\/2021\/11\/57760002-20210421011345-1.jpg","type":"image\/jpeg"}],"twitter_card":"summary_large_image","twitter_site":"@chemi3inc","schema":{"@context":"https:\/\/schema.org","@graph":[{"@type":["WebPage","ItemPage"],"@id":"https:\/\/chemi-3.com\/fr\/product\/sacs-a-ordures-pebdl-noirs-extra-forts-duraplus-35-po-x-50-po\/","url":"https:\/\/chemi-3.com\/fr\/product\/sacs-a-ordures-pebdl-noirs-extra-forts-duraplus-35-po-x-50-po\/","name":"Sacs \u00e0 ordures pebdl noirs extra forts duraplus\u00ae, 35 po x 50 po &#8211; Chemi-3 Inc.","isPartOf":{"@id":"https:\/\/chemi-3.com\/fr\/#website"},"primaryImageOfPage":{"@id":"https:\/\/chemi-3.com\/fr\/product\/sacs-a-ordures-pebdl-noirs-extra-forts-duraplus-35-po-x-50-po\/#primaryimage"},"image":{"@id":"https:\/\/chemi-3.com\/fr\/product\/sacs-a-ordures-pebdl-noirs-extra-forts-duraplus-35-po-x-50-po\/#primaryimage"},"thumbnailUrl":"https:\/\/chemi-3.com\/wp-content\/uploads\/2021\/11\/57760002-20210421011345-1.jpg","datePublished":"2021-11-05T17:00:58+00:00","dateModified":"2021-11-05T17:01:19+00:00","breadcrumb":{"@id":"https:\/\/chemi-3.com\/fr\/product\/sacs-a-ordures-pebdl-noirs-extra-forts-duraplus-35-po-x-50-po\/#breadcrumb"},"inLanguage":"fr-CA","potentialAction":[{"@type":"ReadAction","target":["https:\/\/chemi-3.com\/fr\/product\/sacs-a-ordures-pebdl-noirs-extra-forts-duraplus-35-po-x-50-po\/"]}]},{"@type":"ImageObject","inLanguage":"fr-CA","@id":"https:\/\/chemi-3.com\/fr\/product\/sacs-a-ordures-pebdl-noirs-extra-forts-duraplus-35-po-x-50-po\/#primaryimage","url":"https:\/\/chemi-3.com\/wp-content\/uploads\/2021\/11\/57760002-20210421011345-1.jpg","contentUrl":"https:\/\/chemi-3.com\/wp-content\/uploads\/2021\/11\/57760002-20210421011345-1.jpg","width":900,"height":900,"caption":"Dura Plus Canliner 35\" X 50\" Black Lldpe X-Strong"},{"@type":"BreadcrumbList","@id":"https:\/\/chemi-3.com\/fr\/product\/sacs-a-ordures-pebdl-noirs-extra-forts-duraplus-35-po-x-50-po\/#breadcrumb","itemListElement":[{"@type":"ListItem","position":1,"name":"Home","item":"https:\/\/chemi-3.com\/fr\/"},{"@type":"ListItem","position":2,"name":"Produits","item":"https:\/\/chemi-3.com\/fr\/shop\/"},{"@type":"ListItem","position":3,"name":"Sacs \u00e0 ordures pebdl noirs extra forts duraplus\u00ae, 35 po x 50 po"}]},{"@type":"WebSite","@id":"https:\/\/chemi-3.com\/fr\/#website","url":"https:\/\/chemi-3.com\/fr\/","name":"Chemi-3 Inc.","description":"Montreal&#039;s premier distributor of janitorial, sanitary and commercial products.","publisher":{"@id":"https:\/\/chemi-3.com\/fr\/#organization"},"potentialAction":[{"@type":"SearchAction","target":{"@type":"EntryPoint","urlTemplate":"https:\/\/chemi-3.com\/fr\/?s={search_term_string}"},"query-input":{"@type":"PropertyValueSpecification","valueRequired":true,"valueName":"search_term_string"}}],"inLanguage":"fr-CA"},{"@type":"Organization","@id":"https:\/\/chemi-3.com\/fr\/#organization","name":"Chemi-3 Industries Inc.","url":"https:\/\/chemi-3.com\/fr\/","logo":{"@type":"ImageObject","inLanguage":"fr-CA","@id":"https:\/\/chemi-3.com\/fr\/#\/schema\/logo\/image\/","url":"http:\/\/chemi-3.com\/wp-content\/uploads\/2021\/09\/Chemi3_logo_transparent_highres.png","contentUrl":"http:\/\/chemi-3.com\/wp-content\/uploads\/2021\/09\/Chemi3_logo_transparent_highres.png","width":1000,"height":387,"caption":"Chemi-3 Industries Inc."},"image":{"@id":"https:\/\/chemi-3.com\/fr\/#\/schema\/logo\/image\/"},"sameAs":["https:\/\/www.facebook.com\/chemi3inc\/","https:\/\/x.com\/chemi3inc","https:\/\/www.instagram.com\/chemi3inc\/","https:\/\/www.linkedin.com\/company\/chemi3inc"]}]}},"_links":{"self":[{"href":"https:\/\/chemi-3.com\/fr\/wp-json\/wp\/v2\/product\/27285","targetHints":{"allow":["GET"]}}],"collection":[{"href":"https:\/\/chemi-3.com\/fr\/wp-json\/wp\/v2\/product"}],"about":[{"href":"https:\/\/chemi-3.com\/fr\/wp-json\/wp\/v2\/types\/product"}],"replies":[{"embeddable":true,"href":"https:\/\/chemi-3.com\/fr\/wp-json\/wp\/v2\/comments?post=27285"}],"wp:featuredmedia":[{"embeddable":true,"href":"https:\/\/chemi-3.com\/fr\/wp-json\/wp\/v2\/media\/23263"}],"wp:attachment":[{"href":"https:\/\/chemi-3.com\/fr\/wp-json\/wp\/v2\/media?parent=27285"}],"wp:term":[{"taxonomy":"product_brand","embeddable":true,"href":"https:\/\/chemi-3.com\/fr\/wp-json\/wp\/v2\/product_brand?post=27285"},{"taxonomy":"product_cat","embeddable":true,"href":"https:\/\/chemi-3.com\/fr\/wp-json\/wp\/v2\/product_cat?post=27285"},{"taxonomy":"product_tag","embeddable":true,"href":"https:\/\/chemi-3.com\/fr\/wp-json\/wp\/v2\/product_tag?post=27285"}],"curies":[{"name":"wp","href":"https:\/\/api.w.org\/{rel}","templated":true}]}}