{"id":27406,"date":"2021-11-05T13:02:37","date_gmt":"2021-11-05T17:02:37","guid":{"rendered":"https:\/\/chemi-3.com\/product\/wooly-wonder-plumeau-telescopique-en-laine-dagneau\/"},"modified":"2021-11-05T13:02:46","modified_gmt":"2021-11-05T17:02:46","slug":"wooly-wonder-plumeau-telescopique-en-laine-dagneau","status":"publish","type":"product","link":"https:\/\/chemi-3.com\/fr\/product\/wooly-wonder-plumeau-telescopique-en-laine-dagneau\/","title":{"rendered":"Wooly wonder plumeau t\u00e9lescopique en laine d&#8217;agneau"},"content":{"rendered":"<body><p>Par sa charge statique produite par la laine d\u2019agneau 100% naturelle, les \u00e9poussettes Wooly Wonder sont id\u00e9ales pour attirer la poussi\u00e8re. Le mod\u00e8le Hi-Rise excelle pour atteindre les surfaces plus \u00e9lev\u00e9es. Le manche flexible et t\u00e9lescopique s\u2019\u00e9tire et se moule autour de la tuyauterie, des plafonniers et des rebords.Pour l\u2019\u00e9poussetage des endroits \u00e0 port\u00e9e de bras. Id\u00e9al pour les bureaux, les comptoirs et les tablettes. La laigne d\u2019agneau produit une charge statique naturelle qui attire la poussi\u00e8re Tourner le manche entre les mains pour lib\u00e9rer la poussi\u00e8re au dessus d\u2019un r\u00e9ceptacle ou rincer et suspendre pour s\u00e9cher<br>\nUnit\u00e9 de mesure : 1\/EA<\/p>\n<\/body>","protected":false},"excerpt":{"rendered":"<p>Par sa charge statique produite par la laine d\u2019agneau 100% naturelle, les \u00e9poussettes Wooly Wonder sont id\u00e9ales pour attirer la poussi\u00e8re. Le mod\u00e8le Hi-Rise excelle pour atteindre les surfaces plus \u00e9lev\u00e9es. Le manche flexible et t\u00e9lescopique s\u2019\u00e9tire et se moule autour de la tuyauterie, des plafonniers et des rebords.Pour l\u2019\u00e9poussetage des endroits \u00e0 port\u00e9e de [&hellip;]<\/p>\n","protected":false},"featured_media":23431,"comment_status":"closed","ping_status":"open","template":"","meta":{"_et_pb_use_builder":"","_et_pb_old_content":"","_et_gb_content_width":""},"product_brand":[],"product_cat":[12788],"product_tag":[13616,13920,13688],"class_list":{"0":"post-27406","1":"product","2":"type-product","3":"status-publish","4":"has-post-thumbnail","6":"product_cat-equipement-de-conciergerie","7":"product_tag-conciergerie-et-entretien","8":"product_tag-equipement-de-conciergerie","9":"product_tag-fournitures-et-materiel-de-nettoyage","10":"pa_country-of-origin-canada-fr","11":"pa_is-hazardous-material-non","12":"pa_product-colour-bleu","14":"first","15":"instock","16":"taxable","17":"shipping-taxable","18":"purchasable","19":"product-type-simple"},"yoast_head":"<!-- This site is optimized with the Yoast SEO plugin v27.6 - https:\/\/yoast.com\/product\/yoast-seo-wordpress\/ -->\n<title>Wooly wonder plumeau t\u00e9lescopique en laine d&#039;agneau &#8211; Chemi-3 Inc.<\/title>\n<meta name=\"robots\" content=\"index, follow, max-snippet:-1, max-image-preview:large, max-video-preview:-1\" \/>\n<link rel=\"canonical\" href=\"https:\/\/chemi-3.com\/fr\/product\/wooly-wonder-plumeau-telescopique-en-laine-dagneau\/\" \/>\n<meta property=\"og:locale\" content=\"fr_CA\" \/>\n<meta property=\"og:type\" content=\"article\" \/>\n<meta property=\"og:title\" content=\"Wooly wonder plumeau t\u00e9lescopique en laine d&#039;agneau &#8211; Chemi-3 Inc.\" \/>\n<meta property=\"og:description\" content=\"Par sa charge statique produite par la laine d\u2019agneau 100% naturelle, les \u00e9poussettes Wooly Wonder sont id\u00e9ales pour attirer la poussi\u00e8re. Le mod\u00e8le Hi-Rise excelle pour atteindre les surfaces plus \u00e9lev\u00e9es. Le manche flexible et t\u00e9lescopique s\u2019\u00e9tire et se moule autour de la tuyauterie, des plafonniers et des rebords.Pour l\u2019\u00e9poussetage des endroits \u00e0 port\u00e9e de [&hellip;]\" \/>\n<meta property=\"og:url\" content=\"https:\/\/chemi-3.com\/fr\/product\/wooly-wonder-plumeau-telescopique-en-laine-dagneau\/\" \/>\n<meta property=\"og:site_name\" content=\"Chemi-3 Inc.\" \/>\n<meta property=\"article:publisher\" content=\"https:\/\/www.facebook.com\/chemi3inc\/\" \/>\n<meta property=\"article:modified_time\" content=\"2021-11-05T17:02:46+00:00\" \/>\n<meta property=\"og:image\" content=\"https:\/\/chemi-3.com\/wp-content\/uploads\/2021\/11\/609303111-20210417044932-1.jpg\" \/>\n\t<meta property=\"og:image:width\" content=\"436\" \/>\n\t<meta property=\"og:image:height\" content=\"640\" \/>\n\t<meta property=\"og:image:type\" content=\"image\/jpeg\" \/>\n<meta name=\"twitter:card\" content=\"summary_large_image\" \/>\n<meta name=\"twitter:site\" content=\"@chemi3inc\" \/>\n<meta name=\"twitter:label1\" content=\"Estimation du temps de lecture\" \/>\n\t<meta name=\"twitter:data1\" content=\"1 minute\" \/>\n<script type=\"application\/ld+json\" class=\"yoast-schema-graph\">{\"@context\":\"https:\\\/\\\/schema.org\",\"@graph\":[{\"@type\":[\"WebPage\",\"ItemPage\"],\"@id\":\"https:\\\/\\\/chemi-3.com\\\/fr\\\/product\\\/wooly-wonder-plumeau-telescopique-en-laine-dagneau\\\/\",\"url\":\"https:\\\/\\\/chemi-3.com\\\/fr\\\/product\\\/wooly-wonder-plumeau-telescopique-en-laine-dagneau\\\/\",\"name\":\"Wooly wonder plumeau t\u00e9lescopique en laine d'agneau &#8211; Chemi-3 Inc.\",\"isPartOf\":{\"@id\":\"https:\\\/\\\/chemi-3.com\\\/fr\\\/#website\"},\"primaryImageOfPage\":{\"@id\":\"https:\\\/\\\/chemi-3.com\\\/fr\\\/product\\\/wooly-wonder-plumeau-telescopique-en-laine-dagneau\\\/#primaryimage\"},\"image\":{\"@id\":\"https:\\\/\\\/chemi-3.com\\\/fr\\\/product\\\/wooly-wonder-plumeau-telescopique-en-laine-dagneau\\\/#primaryimage\"},\"thumbnailUrl\":\"https:\\\/\\\/chemi-3.com\\\/wp-content\\\/uploads\\\/2021\\\/11\\\/609303111-20210417044932-1.jpg\",\"datePublished\":\"2021-11-05T17:02:37+00:00\",\"dateModified\":\"2021-11-05T17:02:46+00:00\",\"breadcrumb\":{\"@id\":\"https:\\\/\\\/chemi-3.com\\\/fr\\\/product\\\/wooly-wonder-plumeau-telescopique-en-laine-dagneau\\\/#breadcrumb\"},\"inLanguage\":\"fr-CA\",\"potentialAction\":[{\"@type\":\"ReadAction\",\"target\":[\"https:\\\/\\\/chemi-3.com\\\/fr\\\/product\\\/wooly-wonder-plumeau-telescopique-en-laine-dagneau\\\/\"]}]},{\"@type\":\"ImageObject\",\"inLanguage\":\"fr-CA\",\"@id\":\"https:\\\/\\\/chemi-3.com\\\/fr\\\/product\\\/wooly-wonder-plumeau-telescopique-en-laine-dagneau\\\/#primaryimage\",\"url\":\"https:\\\/\\\/chemi-3.com\\\/wp-content\\\/uploads\\\/2021\\\/11\\\/609303111-20210417044932-1.jpg\",\"contentUrl\":\"https:\\\/\\\/chemi-3.com\\\/wp-content\\\/uploads\\\/2021\\\/11\\\/609303111-20210417044932-1.jpg\",\"width\":436,\"height\":640,\"caption\":\"Wooly Wonder Hi-Rise Extendable Lambswool Duster\"},{\"@type\":\"BreadcrumbList\",\"@id\":\"https:\\\/\\\/chemi-3.com\\\/fr\\\/product\\\/wooly-wonder-plumeau-telescopique-en-laine-dagneau\\\/#breadcrumb\",\"itemListElement\":[{\"@type\":\"ListItem\",\"position\":1,\"name\":\"Home\",\"item\":\"https:\\\/\\\/chemi-3.com\\\/fr\\\/\"},{\"@type\":\"ListItem\",\"position\":2,\"name\":\"Produits\",\"item\":\"https:\\\/\\\/chemi-3.com\\\/fr\\\/shop\\\/\"},{\"@type\":\"ListItem\",\"position\":3,\"name\":\"Wooly wonder plumeau t\u00e9lescopique en laine d&#8217;agneau\"}]},{\"@type\":\"WebSite\",\"@id\":\"https:\\\/\\\/chemi-3.com\\\/fr\\\/#website\",\"url\":\"https:\\\/\\\/chemi-3.com\\\/fr\\\/\",\"name\":\"Chemi-3 Inc.\",\"description\":\"Montreal&#039;s premier distributor of janitorial, sanitary and commercial products.\",\"publisher\":{\"@id\":\"https:\\\/\\\/chemi-3.com\\\/fr\\\/#organization\"},\"potentialAction\":[{\"@type\":\"SearchAction\",\"target\":{\"@type\":\"EntryPoint\",\"urlTemplate\":\"https:\\\/\\\/chemi-3.com\\\/fr\\\/?s={search_term_string}\"},\"query-input\":{\"@type\":\"PropertyValueSpecification\",\"valueRequired\":true,\"valueName\":\"search_term_string\"}}],\"inLanguage\":\"fr-CA\"},{\"@type\":\"Organization\",\"@id\":\"https:\\\/\\\/chemi-3.com\\\/fr\\\/#organization\",\"name\":\"Chemi-3 Industries Inc.\",\"url\":\"https:\\\/\\\/chemi-3.com\\\/fr\\\/\",\"logo\":{\"@type\":\"ImageObject\",\"inLanguage\":\"fr-CA\",\"@id\":\"https:\\\/\\\/chemi-3.com\\\/fr\\\/#\\\/schema\\\/logo\\\/image\\\/\",\"url\":\"http:\\\/\\\/chemi-3.com\\\/wp-content\\\/uploads\\\/2021\\\/09\\\/Chemi3_logo_transparent_highres.png\",\"contentUrl\":\"http:\\\/\\\/chemi-3.com\\\/wp-content\\\/uploads\\\/2021\\\/09\\\/Chemi3_logo_transparent_highres.png\",\"width\":1000,\"height\":387,\"caption\":\"Chemi-3 Industries Inc.\"},\"image\":{\"@id\":\"https:\\\/\\\/chemi-3.com\\\/fr\\\/#\\\/schema\\\/logo\\\/image\\\/\"},\"sameAs\":[\"https:\\\/\\\/www.facebook.com\\\/chemi3inc\\\/\",\"https:\\\/\\\/x.com\\\/chemi3inc\",\"https:\\\/\\\/www.instagram.com\\\/chemi3inc\\\/\",\"https:\\\/\\\/www.linkedin.com\\\/company\\\/chemi3inc\"]}]}<\/script>\n<!-- \/ Yoast SEO plugin. -->","yoast_head_json":{"title":"Wooly wonder plumeau t\u00e9lescopique en laine d'agneau &#8211; Chemi-3 Inc.","robots":{"index":"index","follow":"follow","max-snippet":"max-snippet:-1","max-image-preview":"max-image-preview:large","max-video-preview":"max-video-preview:-1"},"canonical":"https:\/\/chemi-3.com\/fr\/product\/wooly-wonder-plumeau-telescopique-en-laine-dagneau\/","og_locale":"fr_CA","og_type":"article","og_title":"Wooly wonder plumeau t\u00e9lescopique en laine d'agneau &#8211; Chemi-3 Inc.","og_description":"Par sa charge statique produite par la laine d\u2019agneau 100% naturelle, les \u00e9poussettes Wooly Wonder sont id\u00e9ales pour attirer la poussi\u00e8re. Le mod\u00e8le Hi-Rise excelle pour atteindre les surfaces plus \u00e9lev\u00e9es. Le manche flexible et t\u00e9lescopique s\u2019\u00e9tire et se moule autour de la tuyauterie, des plafonniers et des rebords.Pour l\u2019\u00e9poussetage des endroits \u00e0 port\u00e9e de [&hellip;]","og_url":"https:\/\/chemi-3.com\/fr\/product\/wooly-wonder-plumeau-telescopique-en-laine-dagneau\/","og_site_name":"Chemi-3 Inc.","article_publisher":"https:\/\/www.facebook.com\/chemi3inc\/","article_modified_time":"2021-11-05T17:02:46+00:00","og_image":[{"width":436,"height":640,"url":"https:\/\/chemi-3.com\/wp-content\/uploads\/2021\/11\/609303111-20210417044932-1.jpg","type":"image\/jpeg"}],"twitter_card":"summary_large_image","twitter_site":"@chemi3inc","twitter_misc":{"Estimation du temps de lecture":"1 minute"},"schema":{"@context":"https:\/\/schema.org","@graph":[{"@type":["WebPage","ItemPage"],"@id":"https:\/\/chemi-3.com\/fr\/product\/wooly-wonder-plumeau-telescopique-en-laine-dagneau\/","url":"https:\/\/chemi-3.com\/fr\/product\/wooly-wonder-plumeau-telescopique-en-laine-dagneau\/","name":"Wooly wonder plumeau t\u00e9lescopique en laine d'agneau &#8211; Chemi-3 Inc.","isPartOf":{"@id":"https:\/\/chemi-3.com\/fr\/#website"},"primaryImageOfPage":{"@id":"https:\/\/chemi-3.com\/fr\/product\/wooly-wonder-plumeau-telescopique-en-laine-dagneau\/#primaryimage"},"image":{"@id":"https:\/\/chemi-3.com\/fr\/product\/wooly-wonder-plumeau-telescopique-en-laine-dagneau\/#primaryimage"},"thumbnailUrl":"https:\/\/chemi-3.com\/wp-content\/uploads\/2021\/11\/609303111-20210417044932-1.jpg","datePublished":"2021-11-05T17:02:37+00:00","dateModified":"2021-11-05T17:02:46+00:00","breadcrumb":{"@id":"https:\/\/chemi-3.com\/fr\/product\/wooly-wonder-plumeau-telescopique-en-laine-dagneau\/#breadcrumb"},"inLanguage":"fr-CA","potentialAction":[{"@type":"ReadAction","target":["https:\/\/chemi-3.com\/fr\/product\/wooly-wonder-plumeau-telescopique-en-laine-dagneau\/"]}]},{"@type":"ImageObject","inLanguage":"fr-CA","@id":"https:\/\/chemi-3.com\/fr\/product\/wooly-wonder-plumeau-telescopique-en-laine-dagneau\/#primaryimage","url":"https:\/\/chemi-3.com\/wp-content\/uploads\/2021\/11\/609303111-20210417044932-1.jpg","contentUrl":"https:\/\/chemi-3.com\/wp-content\/uploads\/2021\/11\/609303111-20210417044932-1.jpg","width":436,"height":640,"caption":"Wooly Wonder Hi-Rise Extendable Lambswool Duster"},{"@type":"BreadcrumbList","@id":"https:\/\/chemi-3.com\/fr\/product\/wooly-wonder-plumeau-telescopique-en-laine-dagneau\/#breadcrumb","itemListElement":[{"@type":"ListItem","position":1,"name":"Home","item":"https:\/\/chemi-3.com\/fr\/"},{"@type":"ListItem","position":2,"name":"Produits","item":"https:\/\/chemi-3.com\/fr\/shop\/"},{"@type":"ListItem","position":3,"name":"Wooly wonder plumeau t\u00e9lescopique en laine d&#8217;agneau"}]},{"@type":"WebSite","@id":"https:\/\/chemi-3.com\/fr\/#website","url":"https:\/\/chemi-3.com\/fr\/","name":"Chemi-3 Inc.","description":"Montreal&#039;s premier distributor of janitorial, sanitary and commercial products.","publisher":{"@id":"https:\/\/chemi-3.com\/fr\/#organization"},"potentialAction":[{"@type":"SearchAction","target":{"@type":"EntryPoint","urlTemplate":"https:\/\/chemi-3.com\/fr\/?s={search_term_string}"},"query-input":{"@type":"PropertyValueSpecification","valueRequired":true,"valueName":"search_term_string"}}],"inLanguage":"fr-CA"},{"@type":"Organization","@id":"https:\/\/chemi-3.com\/fr\/#organization","name":"Chemi-3 Industries Inc.","url":"https:\/\/chemi-3.com\/fr\/","logo":{"@type":"ImageObject","inLanguage":"fr-CA","@id":"https:\/\/chemi-3.com\/fr\/#\/schema\/logo\/image\/","url":"http:\/\/chemi-3.com\/wp-content\/uploads\/2021\/09\/Chemi3_logo_transparent_highres.png","contentUrl":"http:\/\/chemi-3.com\/wp-content\/uploads\/2021\/09\/Chemi3_logo_transparent_highres.png","width":1000,"height":387,"caption":"Chemi-3 Industries Inc."},"image":{"@id":"https:\/\/chemi-3.com\/fr\/#\/schema\/logo\/image\/"},"sameAs":["https:\/\/www.facebook.com\/chemi3inc\/","https:\/\/x.com\/chemi3inc","https:\/\/www.instagram.com\/chemi3inc\/","https:\/\/www.linkedin.com\/company\/chemi3inc"]}]}},"_links":{"self":[{"href":"https:\/\/chemi-3.com\/fr\/wp-json\/wp\/v2\/product\/27406","targetHints":{"allow":["GET"]}}],"collection":[{"href":"https:\/\/chemi-3.com\/fr\/wp-json\/wp\/v2\/product"}],"about":[{"href":"https:\/\/chemi-3.com\/fr\/wp-json\/wp\/v2\/types\/product"}],"replies":[{"embeddable":true,"href":"https:\/\/chemi-3.com\/fr\/wp-json\/wp\/v2\/comments?post=27406"}],"wp:featuredmedia":[{"embeddable":true,"href":"https:\/\/chemi-3.com\/fr\/wp-json\/wp\/v2\/media\/23431"}],"wp:attachment":[{"href":"https:\/\/chemi-3.com\/fr\/wp-json\/wp\/v2\/media?parent=27406"}],"wp:term":[{"taxonomy":"product_brand","embeddable":true,"href":"https:\/\/chemi-3.com\/fr\/wp-json\/wp\/v2\/product_brand?post=27406"},{"taxonomy":"product_cat","embeddable":true,"href":"https:\/\/chemi-3.com\/fr\/wp-json\/wp\/v2\/product_cat?post=27406"},{"taxonomy":"product_tag","embeddable":true,"href":"https:\/\/chemi-3.com\/fr\/wp-json\/wp\/v2\/product_tag?post=27406"}],"curies":[{"name":"wp","href":"https:\/\/api.w.org\/{rel}","templated":true}]}}