{"id":27435,"date":"2021-11-05T13:03:00","date_gmt":"2021-11-05T17:03:00","guid":{"rendered":"https:\/\/chemi-3.com\/product\/chiffons-de-nettoyage-industriel-en-papier-tork-top-pak-4-epaisseurs-bleu-90-pqt-5-pqt-cs\/"},"modified":"2021-11-05T13:03:05","modified_gmt":"2021-11-05T17:03:05","slug":"chiffons-de-nettoyage-industriel-en-papier-tork-top-pak-4-epaisseurs-bleu-90-pqt-5-pqt-cs","status":"publish","type":"product","link":"https:\/\/chemi-3.com\/fr\/product\/chiffons-de-nettoyage-industriel-en-papier-tork-top-pak-4-epaisseurs-bleu-90-pqt-5-pqt-cs\/","title":{"rendered":"Chiffons de nettoyage industriel en papier tork\u00ae top-pak, 4\u00a0\u00e9paisseurs, bleu, 90\/pqt, 5\u00a0pqt\/cs"},"content":{"rendered":"<body><p>Les essuie-tout en papier tout usage Tork\u00ae Industrial \u00e0 4\u00a0\u00e9paisseurs en bleu sont excellents pour absorber de grandes quantit\u00e9s d\u2019huile et d\u2019eau. Ils sont particuli\u00e8rement efficaces pour nettoyer les vitres sans laisser de peluche ni de traces sur les surfaces. Chaque essuie-tout est durable et r\u00e9sistant pour les gros travaux d\u2019essuyage, mais assez doux pour le visage et les mains. Fait de mati\u00e8re recycl\u00e9e \u00e0 100\u00a0%, certifi\u00e9 ECOLOGO\u00ae et homologu\u00e9 par Sant\u00e9 Canada.<br>\nUnit\u00e9 de mesure : 5\/90-CT<\/p>\n<\/body>","protected":false},"excerpt":{"rendered":"<p>Les essuie-tout en papier tout usage Tork\u00ae Industrial \u00e0 4\u00a0\u00e9paisseurs en bleu sont excellents pour absorber de grandes quantit\u00e9s d\u2019huile et d\u2019eau. Ils sont particuli\u00e8rement efficaces pour nettoyer les vitres sans laisser de peluche ni de traces sur les surfaces. Chaque essuie-tout est durable et r\u00e9sistant pour les gros travaux d\u2019essuyage, mais assez doux pour [&hellip;]<\/p>\n","protected":false},"featured_media":23475,"comment_status":"closed","ping_status":"open","template":"","meta":{"_et_pb_use_builder":"","_et_pb_old_content":"","_et_gb_content_width":""},"product_brand":[],"product_cat":[12840],"product_tag":[13923,13617,13689],"class_list":{"0":"post-27435","1":"product","2":"type-product","3":"status-publish","4":"has-post-thumbnail","6":"product_cat-chiffons-secs","7":"product_tag-chiffons-secs","8":"product_tag-essuie-mains-papier-hygienique-et-lingettes","9":"product_tag-lingettes","10":"pa_country-of-origin-united-states","11":"pa_is-hazardous-material-non","12":"pa_product-colour-bleu","13":"pa_product-material-kraft-paper","15":"first","16":"instock","17":"taxable","18":"shipping-taxable","19":"purchasable","20":"product-type-simple"},"yoast_head":"<!-- This site is optimized with the Yoast SEO plugin v27.5 - https:\/\/yoast.com\/product\/yoast-seo-wordpress\/ -->\n<title>Chiffons de nettoyage industriel en papier tork\u00ae top-pak, 4\u00a0\u00e9paisseurs, bleu, 90\/pqt, 5\u00a0pqt\/cs &#8211; Chemi-3 Inc.<\/title>\n<meta name=\"robots\" content=\"index, follow, max-snippet:-1, max-image-preview:large, max-video-preview:-1\" \/>\n<link rel=\"canonical\" href=\"https:\/\/chemi-3.com\/fr\/product\/chiffons-de-nettoyage-industriel-en-papier-tork-top-pak-4-epaisseurs-bleu-90-pqt-5-pqt-cs\/\" \/>\n<meta property=\"og:locale\" content=\"fr_CA\" \/>\n<meta property=\"og:type\" content=\"article\" \/>\n<meta property=\"og:title\" content=\"Chiffons de nettoyage industriel en papier tork\u00ae top-pak, 4\u00a0\u00e9paisseurs, bleu, 90\/pqt, 5\u00a0pqt\/cs &#8211; Chemi-3 Inc.\" \/>\n<meta property=\"og:description\" content=\"Les essuie-tout en papier tout usage Tork\u00ae Industrial \u00e0 4\u00a0\u00e9paisseurs en bleu sont excellents pour absorber de grandes quantit\u00e9s d\u2019huile et d\u2019eau. Ils sont particuli\u00e8rement efficaces pour nettoyer les vitres sans laisser de peluche ni de traces sur les surfaces. Chaque essuie-tout est durable et r\u00e9sistant pour les gros travaux d\u2019essuyage, mais assez doux pour [&hellip;]\" \/>\n<meta property=\"og:url\" content=\"https:\/\/chemi-3.com\/fr\/product\/chiffons-de-nettoyage-industriel-en-papier-tork-top-pak-4-epaisseurs-bleu-90-pqt-5-pqt-cs\/\" \/>\n<meta property=\"og:site_name\" content=\"Chemi-3 Inc.\" \/>\n<meta property=\"article:publisher\" content=\"https:\/\/www.facebook.com\/chemi3inc\/\" \/>\n<meta property=\"article:modified_time\" content=\"2021-11-05T17:03:05+00:00\" \/>\n<meta property=\"og:image\" content=\"https:\/\/chemi-3.com\/wp-content\/uploads\/2021\/11\/14100019-20210902030407-1.jpg\" \/>\n\t<meta property=\"og:image:width\" content=\"900\" \/>\n\t<meta property=\"og:image:height\" content=\"730\" \/>\n\t<meta property=\"og:image:type\" content=\"image\/jpeg\" \/>\n<meta name=\"twitter:card\" content=\"summary_large_image\" \/>\n<meta name=\"twitter:site\" content=\"@chemi3inc\" \/>\n<script type=\"application\/ld+json\" class=\"yoast-schema-graph\">{\"@context\":\"https:\\\/\\\/schema.org\",\"@graph\":[{\"@type\":[\"WebPage\",\"ItemPage\"],\"@id\":\"https:\\\/\\\/chemi-3.com\\\/fr\\\/product\\\/chiffons-de-nettoyage-industriel-en-papier-tork-top-pak-4-epaisseurs-bleu-90-pqt-5-pqt-cs\\\/\",\"url\":\"https:\\\/\\\/chemi-3.com\\\/fr\\\/product\\\/chiffons-de-nettoyage-industriel-en-papier-tork-top-pak-4-epaisseurs-bleu-90-pqt-5-pqt-cs\\\/\",\"name\":\"Chiffons de nettoyage industriel en papier tork\u00ae top-pak, 4\u00a0\u00e9paisseurs, bleu, 90\\\/pqt, 5\u00a0pqt\\\/cs &#8211; Chemi-3 Inc.\",\"isPartOf\":{\"@id\":\"https:\\\/\\\/chemi-3.com\\\/fr\\\/#website\"},\"primaryImageOfPage\":{\"@id\":\"https:\\\/\\\/chemi-3.com\\\/fr\\\/product\\\/chiffons-de-nettoyage-industriel-en-papier-tork-top-pak-4-epaisseurs-bleu-90-pqt-5-pqt-cs\\\/#primaryimage\"},\"image\":{\"@id\":\"https:\\\/\\\/chemi-3.com\\\/fr\\\/product\\\/chiffons-de-nettoyage-industriel-en-papier-tork-top-pak-4-epaisseurs-bleu-90-pqt-5-pqt-cs\\\/#primaryimage\"},\"thumbnailUrl\":\"https:\\\/\\\/chemi-3.com\\\/wp-content\\\/uploads\\\/2021\\\/11\\\/14100019-20210902030407-1.jpg\",\"datePublished\":\"2021-11-05T17:03:00+00:00\",\"dateModified\":\"2021-11-05T17:03:05+00:00\",\"breadcrumb\":{\"@id\":\"https:\\\/\\\/chemi-3.com\\\/fr\\\/product\\\/chiffons-de-nettoyage-industriel-en-papier-tork-top-pak-4-epaisseurs-bleu-90-pqt-5-pqt-cs\\\/#breadcrumb\"},\"inLanguage\":\"fr-CA\",\"potentialAction\":[{\"@type\":\"ReadAction\",\"target\":[\"https:\\\/\\\/chemi-3.com\\\/fr\\\/product\\\/chiffons-de-nettoyage-industriel-en-papier-tork-top-pak-4-epaisseurs-bleu-90-pqt-5-pqt-cs\\\/\"]}]},{\"@type\":\"ImageObject\",\"inLanguage\":\"fr-CA\",\"@id\":\"https:\\\/\\\/chemi-3.com\\\/fr\\\/product\\\/chiffons-de-nettoyage-industriel-en-papier-tork-top-pak-4-epaisseurs-bleu-90-pqt-5-pqt-cs\\\/#primaryimage\",\"url\":\"https:\\\/\\\/chemi-3.com\\\/wp-content\\\/uploads\\\/2021\\\/11\\\/14100019-20210902030407-1.jpg\",\"contentUrl\":\"https:\\\/\\\/chemi-3.com\\\/wp-content\\\/uploads\\\/2021\\\/11\\\/14100019-20210902030407-1.jpg\",\"width\":900,\"height\":730,\"caption\":\"Tork\u00ae Industrial Paper Wiper Top-Pak\"},{\"@type\":\"BreadcrumbList\",\"@id\":\"https:\\\/\\\/chemi-3.com\\\/fr\\\/product\\\/chiffons-de-nettoyage-industriel-en-papier-tork-top-pak-4-epaisseurs-bleu-90-pqt-5-pqt-cs\\\/#breadcrumb\",\"itemListElement\":[{\"@type\":\"ListItem\",\"position\":1,\"name\":\"Home\",\"item\":\"https:\\\/\\\/chemi-3.com\\\/fr\\\/\"},{\"@type\":\"ListItem\",\"position\":2,\"name\":\"Produits\",\"item\":\"https:\\\/\\\/chemi-3.com\\\/fr\\\/shop\\\/\"},{\"@type\":\"ListItem\",\"position\":3,\"name\":\"Chiffons de nettoyage industriel en papier tork\u00ae top-pak, 4\u00a0\u00e9paisseurs, bleu, 90\\\/pqt, 5\u00a0pqt\\\/cs\"}]},{\"@type\":\"WebSite\",\"@id\":\"https:\\\/\\\/chemi-3.com\\\/fr\\\/#website\",\"url\":\"https:\\\/\\\/chemi-3.com\\\/fr\\\/\",\"name\":\"Chemi-3 Inc.\",\"description\":\"Montreal&#039;s premier distributor of janitorial, sanitary and commercial products.\",\"publisher\":{\"@id\":\"https:\\\/\\\/chemi-3.com\\\/fr\\\/#organization\"},\"potentialAction\":[{\"@type\":\"SearchAction\",\"target\":{\"@type\":\"EntryPoint\",\"urlTemplate\":\"https:\\\/\\\/chemi-3.com\\\/fr\\\/?s={search_term_string}\"},\"query-input\":{\"@type\":\"PropertyValueSpecification\",\"valueRequired\":true,\"valueName\":\"search_term_string\"}}],\"inLanguage\":\"fr-CA\"},{\"@type\":\"Organization\",\"@id\":\"https:\\\/\\\/chemi-3.com\\\/fr\\\/#organization\",\"name\":\"Chemi-3 Industries Inc.\",\"url\":\"https:\\\/\\\/chemi-3.com\\\/fr\\\/\",\"logo\":{\"@type\":\"ImageObject\",\"inLanguage\":\"fr-CA\",\"@id\":\"https:\\\/\\\/chemi-3.com\\\/fr\\\/#\\\/schema\\\/logo\\\/image\\\/\",\"url\":\"http:\\\/\\\/chemi-3.com\\\/wp-content\\\/uploads\\\/2021\\\/09\\\/Chemi3_logo_transparent_highres.png\",\"contentUrl\":\"http:\\\/\\\/chemi-3.com\\\/wp-content\\\/uploads\\\/2021\\\/09\\\/Chemi3_logo_transparent_highres.png\",\"width\":1000,\"height\":387,\"caption\":\"Chemi-3 Industries Inc.\"},\"image\":{\"@id\":\"https:\\\/\\\/chemi-3.com\\\/fr\\\/#\\\/schema\\\/logo\\\/image\\\/\"},\"sameAs\":[\"https:\\\/\\\/www.facebook.com\\\/chemi3inc\\\/\",\"https:\\\/\\\/x.com\\\/chemi3inc\",\"https:\\\/\\\/www.instagram.com\\\/chemi3inc\\\/\",\"https:\\\/\\\/www.linkedin.com\\\/company\\\/chemi3inc\"]}]}<\/script>\n<!-- \/ Yoast SEO plugin. -->","yoast_head_json":{"title":"Chiffons de nettoyage industriel en papier tork\u00ae top-pak, 4\u00a0\u00e9paisseurs, bleu, 90\/pqt, 5\u00a0pqt\/cs &#8211; Chemi-3 Inc.","robots":{"index":"index","follow":"follow","max-snippet":"max-snippet:-1","max-image-preview":"max-image-preview:large","max-video-preview":"max-video-preview:-1"},"canonical":"https:\/\/chemi-3.com\/fr\/product\/chiffons-de-nettoyage-industriel-en-papier-tork-top-pak-4-epaisseurs-bleu-90-pqt-5-pqt-cs\/","og_locale":"fr_CA","og_type":"article","og_title":"Chiffons de nettoyage industriel en papier tork\u00ae top-pak, 4\u00a0\u00e9paisseurs, bleu, 90\/pqt, 5\u00a0pqt\/cs &#8211; Chemi-3 Inc.","og_description":"Les essuie-tout en papier tout usage Tork\u00ae Industrial \u00e0 4\u00a0\u00e9paisseurs en bleu sont excellents pour absorber de grandes quantit\u00e9s d\u2019huile et d\u2019eau. Ils sont particuli\u00e8rement efficaces pour nettoyer les vitres sans laisser de peluche ni de traces sur les surfaces. Chaque essuie-tout est durable et r\u00e9sistant pour les gros travaux d\u2019essuyage, mais assez doux pour [&hellip;]","og_url":"https:\/\/chemi-3.com\/fr\/product\/chiffons-de-nettoyage-industriel-en-papier-tork-top-pak-4-epaisseurs-bleu-90-pqt-5-pqt-cs\/","og_site_name":"Chemi-3 Inc.","article_publisher":"https:\/\/www.facebook.com\/chemi3inc\/","article_modified_time":"2021-11-05T17:03:05+00:00","og_image":[{"width":900,"height":730,"url":"https:\/\/chemi-3.com\/wp-content\/uploads\/2021\/11\/14100019-20210902030407-1.jpg","type":"image\/jpeg"}],"twitter_card":"summary_large_image","twitter_site":"@chemi3inc","schema":{"@context":"https:\/\/schema.org","@graph":[{"@type":["WebPage","ItemPage"],"@id":"https:\/\/chemi-3.com\/fr\/product\/chiffons-de-nettoyage-industriel-en-papier-tork-top-pak-4-epaisseurs-bleu-90-pqt-5-pqt-cs\/","url":"https:\/\/chemi-3.com\/fr\/product\/chiffons-de-nettoyage-industriel-en-papier-tork-top-pak-4-epaisseurs-bleu-90-pqt-5-pqt-cs\/","name":"Chiffons de nettoyage industriel en papier tork\u00ae top-pak, 4\u00a0\u00e9paisseurs, bleu, 90\/pqt, 5\u00a0pqt\/cs &#8211; Chemi-3 Inc.","isPartOf":{"@id":"https:\/\/chemi-3.com\/fr\/#website"},"primaryImageOfPage":{"@id":"https:\/\/chemi-3.com\/fr\/product\/chiffons-de-nettoyage-industriel-en-papier-tork-top-pak-4-epaisseurs-bleu-90-pqt-5-pqt-cs\/#primaryimage"},"image":{"@id":"https:\/\/chemi-3.com\/fr\/product\/chiffons-de-nettoyage-industriel-en-papier-tork-top-pak-4-epaisseurs-bleu-90-pqt-5-pqt-cs\/#primaryimage"},"thumbnailUrl":"https:\/\/chemi-3.com\/wp-content\/uploads\/2021\/11\/14100019-20210902030407-1.jpg","datePublished":"2021-11-05T17:03:00+00:00","dateModified":"2021-11-05T17:03:05+00:00","breadcrumb":{"@id":"https:\/\/chemi-3.com\/fr\/product\/chiffons-de-nettoyage-industriel-en-papier-tork-top-pak-4-epaisseurs-bleu-90-pqt-5-pqt-cs\/#breadcrumb"},"inLanguage":"fr-CA","potentialAction":[{"@type":"ReadAction","target":["https:\/\/chemi-3.com\/fr\/product\/chiffons-de-nettoyage-industriel-en-papier-tork-top-pak-4-epaisseurs-bleu-90-pqt-5-pqt-cs\/"]}]},{"@type":"ImageObject","inLanguage":"fr-CA","@id":"https:\/\/chemi-3.com\/fr\/product\/chiffons-de-nettoyage-industriel-en-papier-tork-top-pak-4-epaisseurs-bleu-90-pqt-5-pqt-cs\/#primaryimage","url":"https:\/\/chemi-3.com\/wp-content\/uploads\/2021\/11\/14100019-20210902030407-1.jpg","contentUrl":"https:\/\/chemi-3.com\/wp-content\/uploads\/2021\/11\/14100019-20210902030407-1.jpg","width":900,"height":730,"caption":"Tork\u00ae Industrial Paper Wiper Top-Pak"},{"@type":"BreadcrumbList","@id":"https:\/\/chemi-3.com\/fr\/product\/chiffons-de-nettoyage-industriel-en-papier-tork-top-pak-4-epaisseurs-bleu-90-pqt-5-pqt-cs\/#breadcrumb","itemListElement":[{"@type":"ListItem","position":1,"name":"Home","item":"https:\/\/chemi-3.com\/fr\/"},{"@type":"ListItem","position":2,"name":"Produits","item":"https:\/\/chemi-3.com\/fr\/shop\/"},{"@type":"ListItem","position":3,"name":"Chiffons de nettoyage industriel en papier tork\u00ae top-pak, 4\u00a0\u00e9paisseurs, bleu, 90\/pqt, 5\u00a0pqt\/cs"}]},{"@type":"WebSite","@id":"https:\/\/chemi-3.com\/fr\/#website","url":"https:\/\/chemi-3.com\/fr\/","name":"Chemi-3 Inc.","description":"Montreal&#039;s premier distributor of janitorial, sanitary and commercial products.","publisher":{"@id":"https:\/\/chemi-3.com\/fr\/#organization"},"potentialAction":[{"@type":"SearchAction","target":{"@type":"EntryPoint","urlTemplate":"https:\/\/chemi-3.com\/fr\/?s={search_term_string}"},"query-input":{"@type":"PropertyValueSpecification","valueRequired":true,"valueName":"search_term_string"}}],"inLanguage":"fr-CA"},{"@type":"Organization","@id":"https:\/\/chemi-3.com\/fr\/#organization","name":"Chemi-3 Industries Inc.","url":"https:\/\/chemi-3.com\/fr\/","logo":{"@type":"ImageObject","inLanguage":"fr-CA","@id":"https:\/\/chemi-3.com\/fr\/#\/schema\/logo\/image\/","url":"http:\/\/chemi-3.com\/wp-content\/uploads\/2021\/09\/Chemi3_logo_transparent_highres.png","contentUrl":"http:\/\/chemi-3.com\/wp-content\/uploads\/2021\/09\/Chemi3_logo_transparent_highres.png","width":1000,"height":387,"caption":"Chemi-3 Industries Inc."},"image":{"@id":"https:\/\/chemi-3.com\/fr\/#\/schema\/logo\/image\/"},"sameAs":["https:\/\/www.facebook.com\/chemi3inc\/","https:\/\/x.com\/chemi3inc","https:\/\/www.instagram.com\/chemi3inc\/","https:\/\/www.linkedin.com\/company\/chemi3inc"]}]}},"_links":{"self":[{"href":"https:\/\/chemi-3.com\/fr\/wp-json\/wp\/v2\/product\/27435","targetHints":{"allow":["GET"]}}],"collection":[{"href":"https:\/\/chemi-3.com\/fr\/wp-json\/wp\/v2\/product"}],"about":[{"href":"https:\/\/chemi-3.com\/fr\/wp-json\/wp\/v2\/types\/product"}],"replies":[{"embeddable":true,"href":"https:\/\/chemi-3.com\/fr\/wp-json\/wp\/v2\/comments?post=27435"}],"wp:featuredmedia":[{"embeddable":true,"href":"https:\/\/chemi-3.com\/fr\/wp-json\/wp\/v2\/media\/23475"}],"wp:attachment":[{"href":"https:\/\/chemi-3.com\/fr\/wp-json\/wp\/v2\/media?parent=27435"}],"wp:term":[{"taxonomy":"product_brand","embeddable":true,"href":"https:\/\/chemi-3.com\/fr\/wp-json\/wp\/v2\/product_brand?post=27435"},{"taxonomy":"product_cat","embeddable":true,"href":"https:\/\/chemi-3.com\/fr\/wp-json\/wp\/v2\/product_cat?post=27435"},{"taxonomy":"product_tag","embeddable":true,"href":"https:\/\/chemi-3.com\/fr\/wp-json\/wp\/v2\/product_tag?post=27435"}],"curies":[{"name":"wp","href":"https:\/\/api.w.org\/{rel}","templated":true}]}}