{"id":27468,"date":"2021-11-05T13:03:00","date_gmt":"2021-11-05T17:03:00","guid":{"rendered":"https:\/\/chemi-3.com\/product\/lubrifiant-sec-et-agent-de-demoulage-tout-usage-12-oz\/"},"modified":"2021-11-05T13:03:20","modified_gmt":"2021-11-05T17:03:20","slug":"lubrifiant-sec-et-agent-de-demoulage-tout-usage-12-oz","status":"publish","type":"product","link":"https:\/\/chemi-3.com\/fr\/product\/lubrifiant-sec-et-agent-de-demoulage-tout-usage-12-oz\/","title":{"rendered":"Lubrifiant sec et agent de d\u00e9moulage tout usage, 12 oz"},"content":{"rendered":"<body><p>Le lubrifiant solide et agent de d\u00e9moulage arr\u00eate toute adh\u00e9sion et retarde la corrosion. Ce silicone en vaporisateur met fin \u00e0 tout grincement aga\u00e7ant dans les charni\u00e8res, verrous, ressorts, etc. Il ne laisse aucune trace de graisse ou d\u2019huile et ne craint pas l\u2019eau et l\u2019huile. Sa formule thermostable ne g\u00e8le pas et ne fond pas.<\/p>\n<p>Le lubrifiant solide et agent de d\u00e9moulage arr\u00eate toute adh\u00e9sion et retarde la corrosion. Ce silicone en vaporisateur met fin \u00e0 tout grincement aga\u00e7ant dans les charni\u00e8res, verrous, ressorts, etc. Il ne laisse aucune trace de graisse ou d\u2019huile et ne craint pas l\u2019eau et l\u2019huile. Sa formule thermostable ne g\u00e8le pas et ne fond pas.<br>\nUnit\u00e9 de mesure : <\/p>\n<\/body>","protected":false},"excerpt":{"rendered":"<p>Le lubrifiant solide et agent de d\u00e9moulage arr\u00eate toute adh\u00e9sion et retarde la corrosion. Ce silicone en vaporisateur met fin \u00e0 tout grincement aga\u00e7ant dans les charni\u00e8res, verrous, ressorts, etc. Il ne laisse aucune trace de graisse ou d\u2019huile et ne craint pas l\u2019eau et l\u2019huile. Sa formule thermostable ne g\u00e8le pas et ne fond [&hellip;]<\/p>\n","protected":false},"featured_media":23531,"comment_status":"closed","ping_status":"open","template":"","meta":{"_et_pb_use_builder":"","_et_pb_old_content":"","_et_gb_content_width":""},"product_brand":[],"product_cat":[12795],"product_tag":[13616,13687,13927],"class_list":{"0":"post-27468","1":"product","2":"type-product","3":"status-publish","4":"has-post-thumbnail","6":"product_cat-materiel-de-plomberie-et-outillage-pneumatique","7":"product_tag-conciergerie-et-entretien","8":"product_tag-entretien-des-installations","9":"product_tag-materiel-de-plomberie-et-outillage-pneumatique","11":"first","12":"instock","13":"taxable","14":"shipping-taxable","15":"purchasable","16":"product-type-simple"},"yoast_head":"<!-- This site is optimized with the Yoast SEO plugin v27.5 - https:\/\/yoast.com\/product\/yoast-seo-wordpress\/ -->\n<title>Lubrifiant sec et agent de d\u00e9moulage tout usage, 12 oz &#8211; Chemi-3 Inc.<\/title>\n<meta name=\"robots\" content=\"index, follow, max-snippet:-1, max-image-preview:large, max-video-preview:-1\" \/>\n<link rel=\"canonical\" href=\"https:\/\/chemi-3.com\/fr\/product\/lubrifiant-sec-et-agent-de-demoulage-tout-usage-12-oz\/\" \/>\n<meta property=\"og:locale\" content=\"fr_CA\" \/>\n<meta property=\"og:type\" content=\"article\" \/>\n<meta property=\"og:title\" content=\"Lubrifiant sec et agent de d\u00e9moulage tout usage, 12 oz &#8211; Chemi-3 Inc.\" \/>\n<meta property=\"og:description\" content=\"Le lubrifiant solide et agent de d\u00e9moulage arr\u00eate toute adh\u00e9sion et retarde la corrosion. Ce silicone en vaporisateur met fin \u00e0 tout grincement aga\u00e7ant dans les charni\u00e8res, verrous, ressorts, etc. Il ne laisse aucune trace de graisse ou d\u2019huile et ne craint pas l\u2019eau et l\u2019huile. Sa formule thermostable ne g\u00e8le pas et ne fond [&hellip;]\" \/>\n<meta property=\"og:url\" content=\"https:\/\/chemi-3.com\/fr\/product\/lubrifiant-sec-et-agent-de-demoulage-tout-usage-12-oz\/\" \/>\n<meta property=\"og:site_name\" content=\"Chemi-3 Inc.\" \/>\n<meta property=\"article:publisher\" content=\"https:\/\/www.facebook.com\/chemi3inc\/\" \/>\n<meta property=\"article:modified_time\" content=\"2021-11-05T17:03:20+00:00\" \/>\n<meta property=\"og:image\" content=\"https:\/\/chemi-3.com\/wp-content\/uploads\/2021\/11\/79420016-20200930170542-1.jpg\" \/>\n\t<meta property=\"og:image:width\" content=\"150\" \/>\n\t<meta property=\"og:image:height\" content=\"537\" \/>\n\t<meta property=\"og:image:type\" content=\"image\/jpeg\" \/>\n<meta name=\"twitter:card\" content=\"summary_large_image\" \/>\n<meta name=\"twitter:site\" content=\"@chemi3inc\" \/>\n<meta name=\"twitter:label1\" content=\"Estimation du temps de lecture\" \/>\n\t<meta name=\"twitter:data1\" content=\"1 minute\" \/>\n<script type=\"application\/ld+json\" class=\"yoast-schema-graph\">{\"@context\":\"https:\\\/\\\/schema.org\",\"@graph\":[{\"@type\":[\"WebPage\",\"ItemPage\"],\"@id\":\"https:\\\/\\\/chemi-3.com\\\/fr\\\/product\\\/lubrifiant-sec-et-agent-de-demoulage-tout-usage-12-oz\\\/\",\"url\":\"https:\\\/\\\/chemi-3.com\\\/fr\\\/product\\\/lubrifiant-sec-et-agent-de-demoulage-tout-usage-12-oz\\\/\",\"name\":\"Lubrifiant sec et agent de d\u00e9moulage tout usage, 12 oz &#8211; Chemi-3 Inc.\",\"isPartOf\":{\"@id\":\"https:\\\/\\\/chemi-3.com\\\/fr\\\/#website\"},\"primaryImageOfPage\":{\"@id\":\"https:\\\/\\\/chemi-3.com\\\/fr\\\/product\\\/lubrifiant-sec-et-agent-de-demoulage-tout-usage-12-oz\\\/#primaryimage\"},\"image\":{\"@id\":\"https:\\\/\\\/chemi-3.com\\\/fr\\\/product\\\/lubrifiant-sec-et-agent-de-demoulage-tout-usage-12-oz\\\/#primaryimage\"},\"thumbnailUrl\":\"https:\\\/\\\/chemi-3.com\\\/wp-content\\\/uploads\\\/2021\\\/11\\\/79420016-20200930170542-1.jpg\",\"datePublished\":\"2021-11-05T17:03:00+00:00\",\"dateModified\":\"2021-11-05T17:03:20+00:00\",\"breadcrumb\":{\"@id\":\"https:\\\/\\\/chemi-3.com\\\/fr\\\/product\\\/lubrifiant-sec-et-agent-de-demoulage-tout-usage-12-oz\\\/#breadcrumb\"},\"inLanguage\":\"fr-CA\",\"potentialAction\":[{\"@type\":\"ReadAction\",\"target\":[\"https:\\\/\\\/chemi-3.com\\\/fr\\\/product\\\/lubrifiant-sec-et-agent-de-demoulage-tout-usage-12-oz\\\/\"]}]},{\"@type\":\"ImageObject\",\"inLanguage\":\"fr-CA\",\"@id\":\"https:\\\/\\\/chemi-3.com\\\/fr\\\/product\\\/lubrifiant-sec-et-agent-de-demoulage-tout-usage-12-oz\\\/#primaryimage\",\"url\":\"https:\\\/\\\/chemi-3.com\\\/wp-content\\\/uploads\\\/2021\\\/11\\\/79420016-20200930170542-1.jpg\",\"contentUrl\":\"https:\\\/\\\/chemi-3.com\\\/wp-content\\\/uploads\\\/2021\\\/11\\\/79420016-20200930170542-1.jpg\",\"width\":150,\"height\":537,\"caption\":\"All Purpose Dry Lubricant & Release Agent\"},{\"@type\":\"BreadcrumbList\",\"@id\":\"https:\\\/\\\/chemi-3.com\\\/fr\\\/product\\\/lubrifiant-sec-et-agent-de-demoulage-tout-usage-12-oz\\\/#breadcrumb\",\"itemListElement\":[{\"@type\":\"ListItem\",\"position\":1,\"name\":\"Home\",\"item\":\"https:\\\/\\\/chemi-3.com\\\/fr\\\/\"},{\"@type\":\"ListItem\",\"position\":2,\"name\":\"Produits\",\"item\":\"https:\\\/\\\/chemi-3.com\\\/fr\\\/shop\\\/\"},{\"@type\":\"ListItem\",\"position\":3,\"name\":\"Lubrifiant sec et agent de d\u00e9moulage tout usage, 12 oz\"}]},{\"@type\":\"WebSite\",\"@id\":\"https:\\\/\\\/chemi-3.com\\\/fr\\\/#website\",\"url\":\"https:\\\/\\\/chemi-3.com\\\/fr\\\/\",\"name\":\"Chemi-3 Inc.\",\"description\":\"Montreal&#039;s premier distributor of janitorial, sanitary and commercial products.\",\"publisher\":{\"@id\":\"https:\\\/\\\/chemi-3.com\\\/fr\\\/#organization\"},\"potentialAction\":[{\"@type\":\"SearchAction\",\"target\":{\"@type\":\"EntryPoint\",\"urlTemplate\":\"https:\\\/\\\/chemi-3.com\\\/fr\\\/?s={search_term_string}\"},\"query-input\":{\"@type\":\"PropertyValueSpecification\",\"valueRequired\":true,\"valueName\":\"search_term_string\"}}],\"inLanguage\":\"fr-CA\"},{\"@type\":\"Organization\",\"@id\":\"https:\\\/\\\/chemi-3.com\\\/fr\\\/#organization\",\"name\":\"Chemi-3 Industries Inc.\",\"url\":\"https:\\\/\\\/chemi-3.com\\\/fr\\\/\",\"logo\":{\"@type\":\"ImageObject\",\"inLanguage\":\"fr-CA\",\"@id\":\"https:\\\/\\\/chemi-3.com\\\/fr\\\/#\\\/schema\\\/logo\\\/image\\\/\",\"url\":\"http:\\\/\\\/chemi-3.com\\\/wp-content\\\/uploads\\\/2021\\\/09\\\/Chemi3_logo_transparent_highres.png\",\"contentUrl\":\"http:\\\/\\\/chemi-3.com\\\/wp-content\\\/uploads\\\/2021\\\/09\\\/Chemi3_logo_transparent_highres.png\",\"width\":1000,\"height\":387,\"caption\":\"Chemi-3 Industries Inc.\"},\"image\":{\"@id\":\"https:\\\/\\\/chemi-3.com\\\/fr\\\/#\\\/schema\\\/logo\\\/image\\\/\"},\"sameAs\":[\"https:\\\/\\\/www.facebook.com\\\/chemi3inc\\\/\",\"https:\\\/\\\/x.com\\\/chemi3inc\",\"https:\\\/\\\/www.instagram.com\\\/chemi3inc\\\/\",\"https:\\\/\\\/www.linkedin.com\\\/company\\\/chemi3inc\"]}]}<\/script>\n<!-- \/ Yoast SEO plugin. -->","yoast_head_json":{"title":"Lubrifiant sec et agent de d\u00e9moulage tout usage, 12 oz &#8211; Chemi-3 Inc.","robots":{"index":"index","follow":"follow","max-snippet":"max-snippet:-1","max-image-preview":"max-image-preview:large","max-video-preview":"max-video-preview:-1"},"canonical":"https:\/\/chemi-3.com\/fr\/product\/lubrifiant-sec-et-agent-de-demoulage-tout-usage-12-oz\/","og_locale":"fr_CA","og_type":"article","og_title":"Lubrifiant sec et agent de d\u00e9moulage tout usage, 12 oz &#8211; Chemi-3 Inc.","og_description":"Le lubrifiant solide et agent de d\u00e9moulage arr\u00eate toute adh\u00e9sion et retarde la corrosion. Ce silicone en vaporisateur met fin \u00e0 tout grincement aga\u00e7ant dans les charni\u00e8res, verrous, ressorts, etc. Il ne laisse aucune trace de graisse ou d\u2019huile et ne craint pas l\u2019eau et l\u2019huile. Sa formule thermostable ne g\u00e8le pas et ne fond [&hellip;]","og_url":"https:\/\/chemi-3.com\/fr\/product\/lubrifiant-sec-et-agent-de-demoulage-tout-usage-12-oz\/","og_site_name":"Chemi-3 Inc.","article_publisher":"https:\/\/www.facebook.com\/chemi3inc\/","article_modified_time":"2021-11-05T17:03:20+00:00","og_image":[{"width":150,"height":537,"url":"https:\/\/chemi-3.com\/wp-content\/uploads\/2021\/11\/79420016-20200930170542-1.jpg","type":"image\/jpeg"}],"twitter_card":"summary_large_image","twitter_site":"@chemi3inc","twitter_misc":{"Estimation du temps de lecture":"1 minute"},"schema":{"@context":"https:\/\/schema.org","@graph":[{"@type":["WebPage","ItemPage"],"@id":"https:\/\/chemi-3.com\/fr\/product\/lubrifiant-sec-et-agent-de-demoulage-tout-usage-12-oz\/","url":"https:\/\/chemi-3.com\/fr\/product\/lubrifiant-sec-et-agent-de-demoulage-tout-usage-12-oz\/","name":"Lubrifiant sec et agent de d\u00e9moulage tout usage, 12 oz &#8211; Chemi-3 Inc.","isPartOf":{"@id":"https:\/\/chemi-3.com\/fr\/#website"},"primaryImageOfPage":{"@id":"https:\/\/chemi-3.com\/fr\/product\/lubrifiant-sec-et-agent-de-demoulage-tout-usage-12-oz\/#primaryimage"},"image":{"@id":"https:\/\/chemi-3.com\/fr\/product\/lubrifiant-sec-et-agent-de-demoulage-tout-usage-12-oz\/#primaryimage"},"thumbnailUrl":"https:\/\/chemi-3.com\/wp-content\/uploads\/2021\/11\/79420016-20200930170542-1.jpg","datePublished":"2021-11-05T17:03:00+00:00","dateModified":"2021-11-05T17:03:20+00:00","breadcrumb":{"@id":"https:\/\/chemi-3.com\/fr\/product\/lubrifiant-sec-et-agent-de-demoulage-tout-usage-12-oz\/#breadcrumb"},"inLanguage":"fr-CA","potentialAction":[{"@type":"ReadAction","target":["https:\/\/chemi-3.com\/fr\/product\/lubrifiant-sec-et-agent-de-demoulage-tout-usage-12-oz\/"]}]},{"@type":"ImageObject","inLanguage":"fr-CA","@id":"https:\/\/chemi-3.com\/fr\/product\/lubrifiant-sec-et-agent-de-demoulage-tout-usage-12-oz\/#primaryimage","url":"https:\/\/chemi-3.com\/wp-content\/uploads\/2021\/11\/79420016-20200930170542-1.jpg","contentUrl":"https:\/\/chemi-3.com\/wp-content\/uploads\/2021\/11\/79420016-20200930170542-1.jpg","width":150,"height":537,"caption":"All Purpose Dry Lubricant & Release Agent"},{"@type":"BreadcrumbList","@id":"https:\/\/chemi-3.com\/fr\/product\/lubrifiant-sec-et-agent-de-demoulage-tout-usage-12-oz\/#breadcrumb","itemListElement":[{"@type":"ListItem","position":1,"name":"Home","item":"https:\/\/chemi-3.com\/fr\/"},{"@type":"ListItem","position":2,"name":"Produits","item":"https:\/\/chemi-3.com\/fr\/shop\/"},{"@type":"ListItem","position":3,"name":"Lubrifiant sec et agent de d\u00e9moulage tout usage, 12 oz"}]},{"@type":"WebSite","@id":"https:\/\/chemi-3.com\/fr\/#website","url":"https:\/\/chemi-3.com\/fr\/","name":"Chemi-3 Inc.","description":"Montreal&#039;s premier distributor of janitorial, sanitary and commercial products.","publisher":{"@id":"https:\/\/chemi-3.com\/fr\/#organization"},"potentialAction":[{"@type":"SearchAction","target":{"@type":"EntryPoint","urlTemplate":"https:\/\/chemi-3.com\/fr\/?s={search_term_string}"},"query-input":{"@type":"PropertyValueSpecification","valueRequired":true,"valueName":"search_term_string"}}],"inLanguage":"fr-CA"},{"@type":"Organization","@id":"https:\/\/chemi-3.com\/fr\/#organization","name":"Chemi-3 Industries Inc.","url":"https:\/\/chemi-3.com\/fr\/","logo":{"@type":"ImageObject","inLanguage":"fr-CA","@id":"https:\/\/chemi-3.com\/fr\/#\/schema\/logo\/image\/","url":"http:\/\/chemi-3.com\/wp-content\/uploads\/2021\/09\/Chemi3_logo_transparent_highres.png","contentUrl":"http:\/\/chemi-3.com\/wp-content\/uploads\/2021\/09\/Chemi3_logo_transparent_highres.png","width":1000,"height":387,"caption":"Chemi-3 Industries Inc."},"image":{"@id":"https:\/\/chemi-3.com\/fr\/#\/schema\/logo\/image\/"},"sameAs":["https:\/\/www.facebook.com\/chemi3inc\/","https:\/\/x.com\/chemi3inc","https:\/\/www.instagram.com\/chemi3inc\/","https:\/\/www.linkedin.com\/company\/chemi3inc"]}]}},"_links":{"self":[{"href":"https:\/\/chemi-3.com\/fr\/wp-json\/wp\/v2\/product\/27468","targetHints":{"allow":["GET"]}}],"collection":[{"href":"https:\/\/chemi-3.com\/fr\/wp-json\/wp\/v2\/product"}],"about":[{"href":"https:\/\/chemi-3.com\/fr\/wp-json\/wp\/v2\/types\/product"}],"replies":[{"embeddable":true,"href":"https:\/\/chemi-3.com\/fr\/wp-json\/wp\/v2\/comments?post=27468"}],"wp:featuredmedia":[{"embeddable":true,"href":"https:\/\/chemi-3.com\/fr\/wp-json\/wp\/v2\/media\/23531"}],"wp:attachment":[{"href":"https:\/\/chemi-3.com\/fr\/wp-json\/wp\/v2\/media?parent=27468"}],"wp:term":[{"taxonomy":"product_brand","embeddable":true,"href":"https:\/\/chemi-3.com\/fr\/wp-json\/wp\/v2\/product_brand?post=27468"},{"taxonomy":"product_cat","embeddable":true,"href":"https:\/\/chemi-3.com\/fr\/wp-json\/wp\/v2\/product_cat?post=27468"},{"taxonomy":"product_tag","embeddable":true,"href":"https:\/\/chemi-3.com\/fr\/wp-json\/wp\/v2\/product_tag?post=27468"}],"curies":[{"name":"wp","href":"https:\/\/api.w.org\/{rel}","templated":true}]}}