{"id":27548,"date":"2021-11-05T13:03:58","date_gmt":"2021-11-05T17:03:58","guid":{"rendered":"https:\/\/chemi-3.com\/product\/chiffons-tork-advanced-shopmax-seau-distributeur-a-tirage-central-1-epaisseur-bleu-200-seau-2-seaux-cs\/"},"modified":"2021-11-05T13:04:05","modified_gmt":"2021-11-05T17:04:05","slug":"chiffons-tork-advanced-shopmax-seau-distributeur-a-tirage-central-1-epaisseur-bleu-200-seau-2-seaux-cs","status":"publish","type":"product","link":"https:\/\/chemi-3.com\/fr\/product\/chiffons-tork-advanced-shopmax-seau-distributeur-a-tirage-central-1-epaisseur-bleu-200-seau-2-seaux-cs\/","title":{"rendered":"Chiffons tork\u00ae advanced shopmax, seau distributeur \u00e0 tirage central, 1\u00a0\u00e9paisseur, bleu, 200\/seau, 2\u00a0seaux\/cs"},"content":{"rendered":"<body><p>Les essuie-tout Tork\u00ae Advanced ShopMaxMC dans un seau d\u2019essuyage \u00e0 sec \u00e0 tirage central offrent une excellente absorption d\u2019huile et d\u2019eau et d\u00e9logent facilement la graisse et la salet\u00e9. Ils sont durables et r\u00e9sistants pour les gros travaux d\u2019essuyage, mais assez doux pour le visage et les mains. Le syst\u00e8me de distribution en seau a un couvercle amovible pour en faciliter l\u2019acc\u00e8s. Son couvercle-pression est refermable, inclin\u00e9 et connect\u00e9 \u00e0 des conduites d\u2019eau pour une protection maximale. La poign\u00e9e est con\u00e7ue pour faciliter le transport et la manipulation. Le contenant en plastique est durable et prot\u00e8ge conter les produits chimiques secs ou humides.<br>\nUnit\u00e9 de mesure : 2\/200<\/p>\n<\/body>","protected":false},"excerpt":{"rendered":"<p>Les essuie-tout Tork\u00ae Advanced ShopMaxMC dans un seau d\u2019essuyage \u00e0 sec \u00e0 tirage central offrent une excellente absorption d\u2019huile et d\u2019eau et d\u00e9logent facilement la graisse et la salet\u00e9. Ils sont durables et r\u00e9sistants pour les gros travaux d\u2019essuyage, mais assez doux pour le visage et les mains. Le syst\u00e8me de distribution en seau a [&hellip;]<\/p>\n","protected":false},"featured_media":23659,"comment_status":"closed","ping_status":"open","template":"","meta":{"_et_pb_use_builder":"","_et_pb_old_content":"","_et_gb_content_width":""},"product_brand":[],"product_cat":[12840],"product_tag":[13923,13617,13689],"class_list":{"0":"post-27548","1":"product","2":"type-product","3":"status-publish","4":"has-post-thumbnail","6":"product_cat-chiffons-secs","7":"product_tag-chiffons-secs","8":"product_tag-essuie-mains-papier-hygienique-et-lingettes","9":"product_tag-lingettes","10":"pa_country-of-origin-united-states","11":"pa_is-hazardous-material-non","12":"pa_product-colour-bleu","13":"pa_product-material-fiber-2","15":"first","16":"instock","17":"taxable","18":"shipping-taxable","19":"purchasable","20":"product-type-simple"},"yoast_head":"<!-- This site is optimized with the Yoast SEO plugin v27.4 - https:\/\/yoast.com\/product\/yoast-seo-wordpress\/ -->\n<title>Chiffons tork\u00ae advanced shopmax, seau distributeur \u00e0 tirage central, 1\u00a0\u00e9paisseur, bleu, 200\/seau, 2\u00a0seaux\/cs &#8211; Chemi-3 Inc.<\/title>\n<meta name=\"robots\" content=\"index, follow, max-snippet:-1, max-image-preview:large, max-video-preview:-1\" \/>\n<link rel=\"canonical\" href=\"https:\/\/chemi-3.com\/fr\/product\/chiffons-tork-advanced-shopmax-seau-distributeur-a-tirage-central-1-epaisseur-bleu-200-seau-2-seaux-cs\/\" \/>\n<meta property=\"og:locale\" content=\"fr_CA\" \/>\n<meta property=\"og:type\" content=\"article\" \/>\n<meta property=\"og:title\" content=\"Chiffons tork\u00ae advanced shopmax, seau distributeur \u00e0 tirage central, 1\u00a0\u00e9paisseur, bleu, 200\/seau, 2\u00a0seaux\/cs &#8211; Chemi-3 Inc.\" \/>\n<meta property=\"og:description\" content=\"Les essuie-tout Tork\u00ae Advanced ShopMaxMC dans un seau d\u2019essuyage \u00e0 sec \u00e0 tirage central offrent une excellente absorption d\u2019huile et d\u2019eau et d\u00e9logent facilement la graisse et la salet\u00e9. Ils sont durables et r\u00e9sistants pour les gros travaux d\u2019essuyage, mais assez doux pour le visage et les mains. Le syst\u00e8me de distribution en seau a [&hellip;]\" \/>\n<meta property=\"og:url\" content=\"https:\/\/chemi-3.com\/fr\/product\/chiffons-tork-advanced-shopmax-seau-distributeur-a-tirage-central-1-epaisseur-bleu-200-seau-2-seaux-cs\/\" \/>\n<meta property=\"og:site_name\" content=\"Chemi-3 Inc.\" \/>\n<meta property=\"article:publisher\" content=\"https:\/\/www.facebook.com\/chemi3inc\/\" \/>\n<meta property=\"article:modified_time\" content=\"2021-11-05T17:04:05+00:00\" \/>\n<meta property=\"og:image\" content=\"https:\/\/chemi-3.com\/wp-content\/uploads\/2021\/11\/14104340-20210902030407-1.jpg\" \/>\n\t<meta property=\"og:image:width\" content=\"1500\" \/>\n\t<meta property=\"og:image:height\" content=\"860\" \/>\n\t<meta property=\"og:image:type\" content=\"image\/jpeg\" \/>\n<meta name=\"twitter:card\" content=\"summary_large_image\" \/>\n<meta name=\"twitter:site\" content=\"@chemi3inc\" \/>\n<meta name=\"twitter:label1\" content=\"Estimation du temps de lecture\" \/>\n\t<meta name=\"twitter:data1\" content=\"1 minute\" \/>\n<script type=\"application\/ld+json\" class=\"yoast-schema-graph\">{\"@context\":\"https:\\\/\\\/schema.org\",\"@graph\":[{\"@type\":[\"WebPage\",\"ItemPage\"],\"@id\":\"https:\\\/\\\/chemi-3.com\\\/fr\\\/product\\\/chiffons-tork-advanced-shopmax-seau-distributeur-a-tirage-central-1-epaisseur-bleu-200-seau-2-seaux-cs\\\/\",\"url\":\"https:\\\/\\\/chemi-3.com\\\/fr\\\/product\\\/chiffons-tork-advanced-shopmax-seau-distributeur-a-tirage-central-1-epaisseur-bleu-200-seau-2-seaux-cs\\\/\",\"name\":\"Chiffons tork\u00ae advanced shopmax, seau distributeur \u00e0 tirage central, 1\u00a0\u00e9paisseur, bleu, 200\\\/seau, 2\u00a0seaux\\\/cs &#8211; Chemi-3 Inc.\",\"isPartOf\":{\"@id\":\"https:\\\/\\\/chemi-3.com\\\/fr\\\/#website\"},\"primaryImageOfPage\":{\"@id\":\"https:\\\/\\\/chemi-3.com\\\/fr\\\/product\\\/chiffons-tork-advanced-shopmax-seau-distributeur-a-tirage-central-1-epaisseur-bleu-200-seau-2-seaux-cs\\\/#primaryimage\"},\"image\":{\"@id\":\"https:\\\/\\\/chemi-3.com\\\/fr\\\/product\\\/chiffons-tork-advanced-shopmax-seau-distributeur-a-tirage-central-1-epaisseur-bleu-200-seau-2-seaux-cs\\\/#primaryimage\"},\"thumbnailUrl\":\"https:\\\/\\\/chemi-3.com\\\/wp-content\\\/uploads\\\/2021\\\/11\\\/14104340-20210902030407-1.jpg\",\"datePublished\":\"2021-11-05T17:03:58+00:00\",\"dateModified\":\"2021-11-05T17:04:05+00:00\",\"breadcrumb\":{\"@id\":\"https:\\\/\\\/chemi-3.com\\\/fr\\\/product\\\/chiffons-tork-advanced-shopmax-seau-distributeur-a-tirage-central-1-epaisseur-bleu-200-seau-2-seaux-cs\\\/#breadcrumb\"},\"inLanguage\":\"fr-CA\",\"potentialAction\":[{\"@type\":\"ReadAction\",\"target\":[\"https:\\\/\\\/chemi-3.com\\\/fr\\\/product\\\/chiffons-tork-advanced-shopmax-seau-distributeur-a-tirage-central-1-epaisseur-bleu-200-seau-2-seaux-cs\\\/\"]}]},{\"@type\":\"ImageObject\",\"inLanguage\":\"fr-CA\",\"@id\":\"https:\\\/\\\/chemi-3.com\\\/fr\\\/product\\\/chiffons-tork-advanced-shopmax-seau-distributeur-a-tirage-central-1-epaisseur-bleu-200-seau-2-seaux-cs\\\/#primaryimage\",\"url\":\"https:\\\/\\\/chemi-3.com\\\/wp-content\\\/uploads\\\/2021\\\/11\\\/14104340-20210902030407-1.jpg\",\"contentUrl\":\"https:\\\/\\\/chemi-3.com\\\/wp-content\\\/uploads\\\/2021\\\/11\\\/14104340-20210902030407-1.jpg\",\"width\":1500,\"height\":860,\"caption\":\"Tork\u00ae Advanced Shopmax\u2122 Wiper\"},{\"@type\":\"BreadcrumbList\",\"@id\":\"https:\\\/\\\/chemi-3.com\\\/fr\\\/product\\\/chiffons-tork-advanced-shopmax-seau-distributeur-a-tirage-central-1-epaisseur-bleu-200-seau-2-seaux-cs\\\/#breadcrumb\",\"itemListElement\":[{\"@type\":\"ListItem\",\"position\":1,\"name\":\"Home\",\"item\":\"https:\\\/\\\/chemi-3.com\\\/fr\\\/\"},{\"@type\":\"ListItem\",\"position\":2,\"name\":\"Produits\",\"item\":\"https:\\\/\\\/chemi-3.com\\\/fr\\\/shop\\\/\"},{\"@type\":\"ListItem\",\"position\":3,\"name\":\"Chiffons tork\u00ae advanced shopmax, seau distributeur \u00e0 tirage central, 1\u00a0\u00e9paisseur, bleu, 200\\\/seau, 2\u00a0seaux\\\/cs\"}]},{\"@type\":\"WebSite\",\"@id\":\"https:\\\/\\\/chemi-3.com\\\/fr\\\/#website\",\"url\":\"https:\\\/\\\/chemi-3.com\\\/fr\\\/\",\"name\":\"Chemi-3 Inc.\",\"description\":\"Montreal&#039;s premier distributor of janitorial, sanitary and commercial products.\",\"publisher\":{\"@id\":\"https:\\\/\\\/chemi-3.com\\\/fr\\\/#organization\"},\"potentialAction\":[{\"@type\":\"SearchAction\",\"target\":{\"@type\":\"EntryPoint\",\"urlTemplate\":\"https:\\\/\\\/chemi-3.com\\\/fr\\\/?s={search_term_string}\"},\"query-input\":{\"@type\":\"PropertyValueSpecification\",\"valueRequired\":true,\"valueName\":\"search_term_string\"}}],\"inLanguage\":\"fr-CA\"},{\"@type\":\"Organization\",\"@id\":\"https:\\\/\\\/chemi-3.com\\\/fr\\\/#organization\",\"name\":\"Chemi-3 Industries Inc.\",\"url\":\"https:\\\/\\\/chemi-3.com\\\/fr\\\/\",\"logo\":{\"@type\":\"ImageObject\",\"inLanguage\":\"fr-CA\",\"@id\":\"https:\\\/\\\/chemi-3.com\\\/fr\\\/#\\\/schema\\\/logo\\\/image\\\/\",\"url\":\"http:\\\/\\\/chemi-3.com\\\/wp-content\\\/uploads\\\/2021\\\/09\\\/Chemi3_logo_transparent_highres.png\",\"contentUrl\":\"http:\\\/\\\/chemi-3.com\\\/wp-content\\\/uploads\\\/2021\\\/09\\\/Chemi3_logo_transparent_highres.png\",\"width\":1000,\"height\":387,\"caption\":\"Chemi-3 Industries Inc.\"},\"image\":{\"@id\":\"https:\\\/\\\/chemi-3.com\\\/fr\\\/#\\\/schema\\\/logo\\\/image\\\/\"},\"sameAs\":[\"https:\\\/\\\/www.facebook.com\\\/chemi3inc\\\/\",\"https:\\\/\\\/x.com\\\/chemi3inc\",\"https:\\\/\\\/www.instagram.com\\\/chemi3inc\\\/\",\"https:\\\/\\\/www.linkedin.com\\\/company\\\/chemi3inc\"]}]}<\/script>\n<!-- \/ Yoast SEO plugin. -->","yoast_head_json":{"title":"Chiffons tork\u00ae advanced shopmax, seau distributeur \u00e0 tirage central, 1\u00a0\u00e9paisseur, bleu, 200\/seau, 2\u00a0seaux\/cs &#8211; Chemi-3 Inc.","robots":{"index":"index","follow":"follow","max-snippet":"max-snippet:-1","max-image-preview":"max-image-preview:large","max-video-preview":"max-video-preview:-1"},"canonical":"https:\/\/chemi-3.com\/fr\/product\/chiffons-tork-advanced-shopmax-seau-distributeur-a-tirage-central-1-epaisseur-bleu-200-seau-2-seaux-cs\/","og_locale":"fr_CA","og_type":"article","og_title":"Chiffons tork\u00ae advanced shopmax, seau distributeur \u00e0 tirage central, 1\u00a0\u00e9paisseur, bleu, 200\/seau, 2\u00a0seaux\/cs &#8211; Chemi-3 Inc.","og_description":"Les essuie-tout Tork\u00ae Advanced ShopMaxMC dans un seau d\u2019essuyage \u00e0 sec \u00e0 tirage central offrent une excellente absorption d\u2019huile et d\u2019eau et d\u00e9logent facilement la graisse et la salet\u00e9. Ils sont durables et r\u00e9sistants pour les gros travaux d\u2019essuyage, mais assez doux pour le visage et les mains. Le syst\u00e8me de distribution en seau a [&hellip;]","og_url":"https:\/\/chemi-3.com\/fr\/product\/chiffons-tork-advanced-shopmax-seau-distributeur-a-tirage-central-1-epaisseur-bleu-200-seau-2-seaux-cs\/","og_site_name":"Chemi-3 Inc.","article_publisher":"https:\/\/www.facebook.com\/chemi3inc\/","article_modified_time":"2021-11-05T17:04:05+00:00","og_image":[{"width":1500,"height":860,"url":"https:\/\/chemi-3.com\/wp-content\/uploads\/2021\/11\/14104340-20210902030407-1.jpg","type":"image\/jpeg"}],"twitter_card":"summary_large_image","twitter_site":"@chemi3inc","twitter_misc":{"Estimation du temps de lecture":"1 minute"},"schema":{"@context":"https:\/\/schema.org","@graph":[{"@type":["WebPage","ItemPage"],"@id":"https:\/\/chemi-3.com\/fr\/product\/chiffons-tork-advanced-shopmax-seau-distributeur-a-tirage-central-1-epaisseur-bleu-200-seau-2-seaux-cs\/","url":"https:\/\/chemi-3.com\/fr\/product\/chiffons-tork-advanced-shopmax-seau-distributeur-a-tirage-central-1-epaisseur-bleu-200-seau-2-seaux-cs\/","name":"Chiffons tork\u00ae advanced shopmax, seau distributeur \u00e0 tirage central, 1\u00a0\u00e9paisseur, bleu, 200\/seau, 2\u00a0seaux\/cs &#8211; Chemi-3 Inc.","isPartOf":{"@id":"https:\/\/chemi-3.com\/fr\/#website"},"primaryImageOfPage":{"@id":"https:\/\/chemi-3.com\/fr\/product\/chiffons-tork-advanced-shopmax-seau-distributeur-a-tirage-central-1-epaisseur-bleu-200-seau-2-seaux-cs\/#primaryimage"},"image":{"@id":"https:\/\/chemi-3.com\/fr\/product\/chiffons-tork-advanced-shopmax-seau-distributeur-a-tirage-central-1-epaisseur-bleu-200-seau-2-seaux-cs\/#primaryimage"},"thumbnailUrl":"https:\/\/chemi-3.com\/wp-content\/uploads\/2021\/11\/14104340-20210902030407-1.jpg","datePublished":"2021-11-05T17:03:58+00:00","dateModified":"2021-11-05T17:04:05+00:00","breadcrumb":{"@id":"https:\/\/chemi-3.com\/fr\/product\/chiffons-tork-advanced-shopmax-seau-distributeur-a-tirage-central-1-epaisseur-bleu-200-seau-2-seaux-cs\/#breadcrumb"},"inLanguage":"fr-CA","potentialAction":[{"@type":"ReadAction","target":["https:\/\/chemi-3.com\/fr\/product\/chiffons-tork-advanced-shopmax-seau-distributeur-a-tirage-central-1-epaisseur-bleu-200-seau-2-seaux-cs\/"]}]},{"@type":"ImageObject","inLanguage":"fr-CA","@id":"https:\/\/chemi-3.com\/fr\/product\/chiffons-tork-advanced-shopmax-seau-distributeur-a-tirage-central-1-epaisseur-bleu-200-seau-2-seaux-cs\/#primaryimage","url":"https:\/\/chemi-3.com\/wp-content\/uploads\/2021\/11\/14104340-20210902030407-1.jpg","contentUrl":"https:\/\/chemi-3.com\/wp-content\/uploads\/2021\/11\/14104340-20210902030407-1.jpg","width":1500,"height":860,"caption":"Tork\u00ae Advanced Shopmax\u2122 Wiper"},{"@type":"BreadcrumbList","@id":"https:\/\/chemi-3.com\/fr\/product\/chiffons-tork-advanced-shopmax-seau-distributeur-a-tirage-central-1-epaisseur-bleu-200-seau-2-seaux-cs\/#breadcrumb","itemListElement":[{"@type":"ListItem","position":1,"name":"Home","item":"https:\/\/chemi-3.com\/fr\/"},{"@type":"ListItem","position":2,"name":"Produits","item":"https:\/\/chemi-3.com\/fr\/shop\/"},{"@type":"ListItem","position":3,"name":"Chiffons tork\u00ae advanced shopmax, seau distributeur \u00e0 tirage central, 1\u00a0\u00e9paisseur, bleu, 200\/seau, 2\u00a0seaux\/cs"}]},{"@type":"WebSite","@id":"https:\/\/chemi-3.com\/fr\/#website","url":"https:\/\/chemi-3.com\/fr\/","name":"Chemi-3 Inc.","description":"Montreal&#039;s premier distributor of janitorial, sanitary and commercial products.","publisher":{"@id":"https:\/\/chemi-3.com\/fr\/#organization"},"potentialAction":[{"@type":"SearchAction","target":{"@type":"EntryPoint","urlTemplate":"https:\/\/chemi-3.com\/fr\/?s={search_term_string}"},"query-input":{"@type":"PropertyValueSpecification","valueRequired":true,"valueName":"search_term_string"}}],"inLanguage":"fr-CA"},{"@type":"Organization","@id":"https:\/\/chemi-3.com\/fr\/#organization","name":"Chemi-3 Industries Inc.","url":"https:\/\/chemi-3.com\/fr\/","logo":{"@type":"ImageObject","inLanguage":"fr-CA","@id":"https:\/\/chemi-3.com\/fr\/#\/schema\/logo\/image\/","url":"http:\/\/chemi-3.com\/wp-content\/uploads\/2021\/09\/Chemi3_logo_transparent_highres.png","contentUrl":"http:\/\/chemi-3.com\/wp-content\/uploads\/2021\/09\/Chemi3_logo_transparent_highres.png","width":1000,"height":387,"caption":"Chemi-3 Industries Inc."},"image":{"@id":"https:\/\/chemi-3.com\/fr\/#\/schema\/logo\/image\/"},"sameAs":["https:\/\/www.facebook.com\/chemi3inc\/","https:\/\/x.com\/chemi3inc","https:\/\/www.instagram.com\/chemi3inc\/","https:\/\/www.linkedin.com\/company\/chemi3inc"]}]}},"_links":{"self":[{"href":"https:\/\/chemi-3.com\/fr\/wp-json\/wp\/v2\/product\/27548","targetHints":{"allow":["GET"]}}],"collection":[{"href":"https:\/\/chemi-3.com\/fr\/wp-json\/wp\/v2\/product"}],"about":[{"href":"https:\/\/chemi-3.com\/fr\/wp-json\/wp\/v2\/types\/product"}],"replies":[{"embeddable":true,"href":"https:\/\/chemi-3.com\/fr\/wp-json\/wp\/v2\/comments?post=27548"}],"wp:featuredmedia":[{"embeddable":true,"href":"https:\/\/chemi-3.com\/fr\/wp-json\/wp\/v2\/media\/23659"}],"wp:attachment":[{"href":"https:\/\/chemi-3.com\/fr\/wp-json\/wp\/v2\/media?parent=27548"}],"wp:term":[{"taxonomy":"product_brand","embeddable":true,"href":"https:\/\/chemi-3.com\/fr\/wp-json\/wp\/v2\/product_brand?post=27548"},{"taxonomy":"product_cat","embeddable":true,"href":"https:\/\/chemi-3.com\/fr\/wp-json\/wp\/v2\/product_cat?post=27548"},{"taxonomy":"product_tag","embeddable":true,"href":"https:\/\/chemi-3.com\/fr\/wp-json\/wp\/v2\/product_tag?post=27548"}],"curies":[{"name":"wp","href":"https:\/\/api.w.org\/{rel}","templated":true}]}}