{"id":27551,"date":"2021-11-05T13:03:58","date_gmt":"2021-11-05T17:03:58","guid":{"rendered":"https:\/\/chemi-3.com\/product\/chiffon-de-nettoyage-a-faible-peluchage-tork-industrial-tok-pak-1-epaisseur-bleu-80-chiffons-paquet-5-paquets-caisse\/"},"modified":"2021-11-05T13:04:06","modified_gmt":"2021-11-05T17:04:06","slug":"chiffon-de-nettoyage-a-faible-peluchage-tork-industrial-tok-pak-1-epaisseur-bleu-80-chiffons-paquet-5-paquets-caisse","status":"publish","type":"product","link":"https:\/\/chemi-3.com\/fr\/product\/chiffon-de-nettoyage-a-faible-peluchage-tork-industrial-tok-pak-1-epaisseur-bleu-80-chiffons-paquet-5-paquets-caisse\/","title":{"rendered":"Chiffon de nettoyage \u00e0 faible peluchage tork\u00ae industrial, tok-pak, 1 \u00e9paisseur, bleu, 80 chiffons\/paquet, 5 paquets\/caisse"},"content":{"rendered":"<body><p>Le chiffon de nettoyage Tork\u00ae Industrial \u00e0 faible peluchage est excellent pour les applications de nettoyage industriel sensibles aux particules. Ce chiffon peut \u00eatre utilis\u00e9 dans le distributeur de chiffons et d\u2019essuie-tout pli\u00e9s Tork\u00ae qui prot\u00e8ge les recharges de la salet\u00e9 et offre une distribution d\u2019un \u00e0 la fois pour r\u00e9duire la consommation et les gaspillages. Gr\u00e2ce \u00e0 leur faible peluchage, ces chiffons sont parfaits pour les applications sensibles telles que la pr\u00e9paration des surfaces avant peinture. Ses propri\u00e9t\u00e9s antistatiques r\u00e9duisent la probabilit\u00e9 de d\u00e9charge \u00e9lectrique statique, ce qui en fait un excellent choix pour une utilisation dans et autour des \u00e9l\u00e9ments \u00e9lectroniques sensibles. Ce chiffon r\u00e9sistant est \u00e9galement con\u00e7u pour \u00eatre utilis\u00e9 avec les solvants, nettoyants et produits chimiques industriels.<br>\nUnit\u00e9 de mesure : May-80<\/p>\n<\/body>","protected":false},"excerpt":{"rendered":"<p>Le chiffon de nettoyage Tork\u00ae Industrial \u00e0 faible peluchage est excellent pour les applications de nettoyage industriel sensibles aux particules. Ce chiffon peut \u00eatre utilis\u00e9 dans le distributeur de chiffons et d\u2019essuie-tout pli\u00e9s Tork\u00ae qui prot\u00e8ge les recharges de la salet\u00e9 et offre une distribution d\u2019un \u00e0 la fois pour r\u00e9duire la consommation et les [&hellip;]<\/p>\n","protected":false},"featured_media":23664,"comment_status":"closed","ping_status":"open","template":"","meta":{"_et_pb_use_builder":"","_et_pb_old_content":"","_et_gb_content_width":""},"product_brand":[],"product_cat":[12840],"product_tag":[13923,13617,13689],"class_list":{"0":"post-27551","1":"product","2":"type-product","3":"status-publish","4":"has-post-thumbnail","6":"product_cat-chiffons-secs","7":"product_tag-chiffons-secs","8":"product_tag-essuie-mains-papier-hygienique-et-lingettes","9":"product_tag-lingettes","10":"pa_country-of-origin-united-states","11":"pa_is-hazardous-material-non","12":"pa_product-colour-bleu","13":"pa_product-material-kraft-paper","15":"first","16":"instock","17":"taxable","18":"shipping-taxable","19":"purchasable","20":"product-type-simple"},"yoast_head":"<!-- This site is optimized with the Yoast SEO plugin v27.5 - https:\/\/yoast.com\/product\/yoast-seo-wordpress\/ -->\n<title>Chiffon de nettoyage \u00e0 faible peluchage tork\u00ae industrial, tok-pak, 1 \u00e9paisseur, bleu, 80 chiffons\/paquet, 5 paquets\/caisse &#8211; Chemi-3 Inc.<\/title>\n<meta name=\"robots\" content=\"index, follow, max-snippet:-1, max-image-preview:large, max-video-preview:-1\" \/>\n<link rel=\"canonical\" href=\"https:\/\/chemi-3.com\/fr\/product\/chiffon-de-nettoyage-a-faible-peluchage-tork-industrial-tok-pak-1-epaisseur-bleu-80-chiffons-paquet-5-paquets-caisse\/\" \/>\n<meta property=\"og:locale\" content=\"fr_CA\" \/>\n<meta property=\"og:type\" content=\"article\" \/>\n<meta property=\"og:title\" content=\"Chiffon de nettoyage \u00e0 faible peluchage tork\u00ae industrial, tok-pak, 1 \u00e9paisseur, bleu, 80 chiffons\/paquet, 5 paquets\/caisse &#8211; Chemi-3 Inc.\" \/>\n<meta property=\"og:description\" content=\"Le chiffon de nettoyage Tork\u00ae Industrial \u00e0 faible peluchage est excellent pour les applications de nettoyage industriel sensibles aux particules. Ce chiffon peut \u00eatre utilis\u00e9 dans le distributeur de chiffons et d\u2019essuie-tout pli\u00e9s Tork\u00ae qui prot\u00e8ge les recharges de la salet\u00e9 et offre une distribution d\u2019un \u00e0 la fois pour r\u00e9duire la consommation et les [&hellip;]\" \/>\n<meta property=\"og:url\" content=\"https:\/\/chemi-3.com\/fr\/product\/chiffon-de-nettoyage-a-faible-peluchage-tork-industrial-tok-pak-1-epaisseur-bleu-80-chiffons-paquet-5-paquets-caisse\/\" \/>\n<meta property=\"og:site_name\" content=\"Chemi-3 Inc.\" \/>\n<meta property=\"article:publisher\" content=\"https:\/\/www.facebook.com\/chemi3inc\/\" \/>\n<meta property=\"article:modified_time\" content=\"2021-11-05T17:04:06+00:00\" \/>\n<meta property=\"og:image\" content=\"https:\/\/chemi-3.com\/wp-content\/uploads\/2021\/11\/14102578-20210902030407-1.jpg\" \/>\n\t<meta property=\"og:image:width\" content=\"900\" \/>\n\t<meta property=\"og:image:height\" content=\"586\" \/>\n\t<meta property=\"og:image:type\" content=\"image\/jpeg\" \/>\n<meta name=\"twitter:card\" content=\"summary_large_image\" \/>\n<meta name=\"twitter:site\" content=\"@chemi3inc\" \/>\n<meta name=\"twitter:label1\" content=\"Estimation du temps de lecture\" \/>\n\t<meta name=\"twitter:data1\" content=\"1 minute\" \/>\n<script type=\"application\/ld+json\" class=\"yoast-schema-graph\">{\"@context\":\"https:\\\/\\\/schema.org\",\"@graph\":[{\"@type\":[\"WebPage\",\"ItemPage\"],\"@id\":\"https:\\\/\\\/chemi-3.com\\\/fr\\\/product\\\/chiffon-de-nettoyage-a-faible-peluchage-tork-industrial-tok-pak-1-epaisseur-bleu-80-chiffons-paquet-5-paquets-caisse\\\/\",\"url\":\"https:\\\/\\\/chemi-3.com\\\/fr\\\/product\\\/chiffon-de-nettoyage-a-faible-peluchage-tork-industrial-tok-pak-1-epaisseur-bleu-80-chiffons-paquet-5-paquets-caisse\\\/\",\"name\":\"Chiffon de nettoyage \u00e0 faible peluchage tork\u00ae industrial, tok-pak, 1 \u00e9paisseur, bleu, 80 chiffons\\\/paquet, 5 paquets\\\/caisse &#8211; Chemi-3 Inc.\",\"isPartOf\":{\"@id\":\"https:\\\/\\\/chemi-3.com\\\/fr\\\/#website\"},\"primaryImageOfPage\":{\"@id\":\"https:\\\/\\\/chemi-3.com\\\/fr\\\/product\\\/chiffon-de-nettoyage-a-faible-peluchage-tork-industrial-tok-pak-1-epaisseur-bleu-80-chiffons-paquet-5-paquets-caisse\\\/#primaryimage\"},\"image\":{\"@id\":\"https:\\\/\\\/chemi-3.com\\\/fr\\\/product\\\/chiffon-de-nettoyage-a-faible-peluchage-tork-industrial-tok-pak-1-epaisseur-bleu-80-chiffons-paquet-5-paquets-caisse\\\/#primaryimage\"},\"thumbnailUrl\":\"https:\\\/\\\/chemi-3.com\\\/wp-content\\\/uploads\\\/2021\\\/11\\\/14102578-20210902030407-1.jpg\",\"datePublished\":\"2021-11-05T17:03:58+00:00\",\"dateModified\":\"2021-11-05T17:04:06+00:00\",\"breadcrumb\":{\"@id\":\"https:\\\/\\\/chemi-3.com\\\/fr\\\/product\\\/chiffon-de-nettoyage-a-faible-peluchage-tork-industrial-tok-pak-1-epaisseur-bleu-80-chiffons-paquet-5-paquets-caisse\\\/#breadcrumb\"},\"inLanguage\":\"fr-CA\",\"potentialAction\":[{\"@type\":\"ReadAction\",\"target\":[\"https:\\\/\\\/chemi-3.com\\\/fr\\\/product\\\/chiffon-de-nettoyage-a-faible-peluchage-tork-industrial-tok-pak-1-epaisseur-bleu-80-chiffons-paquet-5-paquets-caisse\\\/\"]}]},{\"@type\":\"ImageObject\",\"inLanguage\":\"fr-CA\",\"@id\":\"https:\\\/\\\/chemi-3.com\\\/fr\\\/product\\\/chiffon-de-nettoyage-a-faible-peluchage-tork-industrial-tok-pak-1-epaisseur-bleu-80-chiffons-paquet-5-paquets-caisse\\\/#primaryimage\",\"url\":\"https:\\\/\\\/chemi-3.com\\\/wp-content\\\/uploads\\\/2021\\\/11\\\/14102578-20210902030407-1.jpg\",\"contentUrl\":\"https:\\\/\\\/chemi-3.com\\\/wp-content\\\/uploads\\\/2021\\\/11\\\/14102578-20210902030407-1.jpg\",\"width\":900,\"height\":586,\"caption\":\"Tok-Pak\"},{\"@type\":\"BreadcrumbList\",\"@id\":\"https:\\\/\\\/chemi-3.com\\\/fr\\\/product\\\/chiffon-de-nettoyage-a-faible-peluchage-tork-industrial-tok-pak-1-epaisseur-bleu-80-chiffons-paquet-5-paquets-caisse\\\/#breadcrumb\",\"itemListElement\":[{\"@type\":\"ListItem\",\"position\":1,\"name\":\"Home\",\"item\":\"https:\\\/\\\/chemi-3.com\\\/fr\\\/\"},{\"@type\":\"ListItem\",\"position\":2,\"name\":\"Produits\",\"item\":\"https:\\\/\\\/chemi-3.com\\\/fr\\\/shop\\\/\"},{\"@type\":\"ListItem\",\"position\":3,\"name\":\"Chiffon de nettoyage \u00e0 faible peluchage tork\u00ae industrial, tok-pak, 1 \u00e9paisseur, bleu, 80 chiffons\\\/paquet, 5 paquets\\\/caisse\"}]},{\"@type\":\"WebSite\",\"@id\":\"https:\\\/\\\/chemi-3.com\\\/fr\\\/#website\",\"url\":\"https:\\\/\\\/chemi-3.com\\\/fr\\\/\",\"name\":\"Chemi-3 Inc.\",\"description\":\"Montreal&#039;s premier distributor of janitorial, sanitary and commercial products.\",\"publisher\":{\"@id\":\"https:\\\/\\\/chemi-3.com\\\/fr\\\/#organization\"},\"potentialAction\":[{\"@type\":\"SearchAction\",\"target\":{\"@type\":\"EntryPoint\",\"urlTemplate\":\"https:\\\/\\\/chemi-3.com\\\/fr\\\/?s={search_term_string}\"},\"query-input\":{\"@type\":\"PropertyValueSpecification\",\"valueRequired\":true,\"valueName\":\"search_term_string\"}}],\"inLanguage\":\"fr-CA\"},{\"@type\":\"Organization\",\"@id\":\"https:\\\/\\\/chemi-3.com\\\/fr\\\/#organization\",\"name\":\"Chemi-3 Industries Inc.\",\"url\":\"https:\\\/\\\/chemi-3.com\\\/fr\\\/\",\"logo\":{\"@type\":\"ImageObject\",\"inLanguage\":\"fr-CA\",\"@id\":\"https:\\\/\\\/chemi-3.com\\\/fr\\\/#\\\/schema\\\/logo\\\/image\\\/\",\"url\":\"http:\\\/\\\/chemi-3.com\\\/wp-content\\\/uploads\\\/2021\\\/09\\\/Chemi3_logo_transparent_highres.png\",\"contentUrl\":\"http:\\\/\\\/chemi-3.com\\\/wp-content\\\/uploads\\\/2021\\\/09\\\/Chemi3_logo_transparent_highres.png\",\"width\":1000,\"height\":387,\"caption\":\"Chemi-3 Industries Inc.\"},\"image\":{\"@id\":\"https:\\\/\\\/chemi-3.com\\\/fr\\\/#\\\/schema\\\/logo\\\/image\\\/\"},\"sameAs\":[\"https:\\\/\\\/www.facebook.com\\\/chemi3inc\\\/\",\"https:\\\/\\\/x.com\\\/chemi3inc\",\"https:\\\/\\\/www.instagram.com\\\/chemi3inc\\\/\",\"https:\\\/\\\/www.linkedin.com\\\/company\\\/chemi3inc\"]}]}<\/script>\n<!-- \/ Yoast SEO plugin. -->","yoast_head_json":{"title":"Chiffon de nettoyage \u00e0 faible peluchage tork\u00ae industrial, tok-pak, 1 \u00e9paisseur, bleu, 80 chiffons\/paquet, 5 paquets\/caisse &#8211; Chemi-3 Inc.","robots":{"index":"index","follow":"follow","max-snippet":"max-snippet:-1","max-image-preview":"max-image-preview:large","max-video-preview":"max-video-preview:-1"},"canonical":"https:\/\/chemi-3.com\/fr\/product\/chiffon-de-nettoyage-a-faible-peluchage-tork-industrial-tok-pak-1-epaisseur-bleu-80-chiffons-paquet-5-paquets-caisse\/","og_locale":"fr_CA","og_type":"article","og_title":"Chiffon de nettoyage \u00e0 faible peluchage tork\u00ae industrial, tok-pak, 1 \u00e9paisseur, bleu, 80 chiffons\/paquet, 5 paquets\/caisse &#8211; Chemi-3 Inc.","og_description":"Le chiffon de nettoyage Tork\u00ae Industrial \u00e0 faible peluchage est excellent pour les applications de nettoyage industriel sensibles aux particules. Ce chiffon peut \u00eatre utilis\u00e9 dans le distributeur de chiffons et d\u2019essuie-tout pli\u00e9s Tork\u00ae qui prot\u00e8ge les recharges de la salet\u00e9 et offre une distribution d\u2019un \u00e0 la fois pour r\u00e9duire la consommation et les [&hellip;]","og_url":"https:\/\/chemi-3.com\/fr\/product\/chiffon-de-nettoyage-a-faible-peluchage-tork-industrial-tok-pak-1-epaisseur-bleu-80-chiffons-paquet-5-paquets-caisse\/","og_site_name":"Chemi-3 Inc.","article_publisher":"https:\/\/www.facebook.com\/chemi3inc\/","article_modified_time":"2021-11-05T17:04:06+00:00","og_image":[{"width":900,"height":586,"url":"https:\/\/chemi-3.com\/wp-content\/uploads\/2021\/11\/14102578-20210902030407-1.jpg","type":"image\/jpeg"}],"twitter_card":"summary_large_image","twitter_site":"@chemi3inc","twitter_misc":{"Estimation du temps de lecture":"1 minute"},"schema":{"@context":"https:\/\/schema.org","@graph":[{"@type":["WebPage","ItemPage"],"@id":"https:\/\/chemi-3.com\/fr\/product\/chiffon-de-nettoyage-a-faible-peluchage-tork-industrial-tok-pak-1-epaisseur-bleu-80-chiffons-paquet-5-paquets-caisse\/","url":"https:\/\/chemi-3.com\/fr\/product\/chiffon-de-nettoyage-a-faible-peluchage-tork-industrial-tok-pak-1-epaisseur-bleu-80-chiffons-paquet-5-paquets-caisse\/","name":"Chiffon de nettoyage \u00e0 faible peluchage tork\u00ae industrial, tok-pak, 1 \u00e9paisseur, bleu, 80 chiffons\/paquet, 5 paquets\/caisse &#8211; Chemi-3 Inc.","isPartOf":{"@id":"https:\/\/chemi-3.com\/fr\/#website"},"primaryImageOfPage":{"@id":"https:\/\/chemi-3.com\/fr\/product\/chiffon-de-nettoyage-a-faible-peluchage-tork-industrial-tok-pak-1-epaisseur-bleu-80-chiffons-paquet-5-paquets-caisse\/#primaryimage"},"image":{"@id":"https:\/\/chemi-3.com\/fr\/product\/chiffon-de-nettoyage-a-faible-peluchage-tork-industrial-tok-pak-1-epaisseur-bleu-80-chiffons-paquet-5-paquets-caisse\/#primaryimage"},"thumbnailUrl":"https:\/\/chemi-3.com\/wp-content\/uploads\/2021\/11\/14102578-20210902030407-1.jpg","datePublished":"2021-11-05T17:03:58+00:00","dateModified":"2021-11-05T17:04:06+00:00","breadcrumb":{"@id":"https:\/\/chemi-3.com\/fr\/product\/chiffon-de-nettoyage-a-faible-peluchage-tork-industrial-tok-pak-1-epaisseur-bleu-80-chiffons-paquet-5-paquets-caisse\/#breadcrumb"},"inLanguage":"fr-CA","potentialAction":[{"@type":"ReadAction","target":["https:\/\/chemi-3.com\/fr\/product\/chiffon-de-nettoyage-a-faible-peluchage-tork-industrial-tok-pak-1-epaisseur-bleu-80-chiffons-paquet-5-paquets-caisse\/"]}]},{"@type":"ImageObject","inLanguage":"fr-CA","@id":"https:\/\/chemi-3.com\/fr\/product\/chiffon-de-nettoyage-a-faible-peluchage-tork-industrial-tok-pak-1-epaisseur-bleu-80-chiffons-paquet-5-paquets-caisse\/#primaryimage","url":"https:\/\/chemi-3.com\/wp-content\/uploads\/2021\/11\/14102578-20210902030407-1.jpg","contentUrl":"https:\/\/chemi-3.com\/wp-content\/uploads\/2021\/11\/14102578-20210902030407-1.jpg","width":900,"height":586,"caption":"Tok-Pak"},{"@type":"BreadcrumbList","@id":"https:\/\/chemi-3.com\/fr\/product\/chiffon-de-nettoyage-a-faible-peluchage-tork-industrial-tok-pak-1-epaisseur-bleu-80-chiffons-paquet-5-paquets-caisse\/#breadcrumb","itemListElement":[{"@type":"ListItem","position":1,"name":"Home","item":"https:\/\/chemi-3.com\/fr\/"},{"@type":"ListItem","position":2,"name":"Produits","item":"https:\/\/chemi-3.com\/fr\/shop\/"},{"@type":"ListItem","position":3,"name":"Chiffon de nettoyage \u00e0 faible peluchage tork\u00ae industrial, tok-pak, 1 \u00e9paisseur, bleu, 80 chiffons\/paquet, 5 paquets\/caisse"}]},{"@type":"WebSite","@id":"https:\/\/chemi-3.com\/fr\/#website","url":"https:\/\/chemi-3.com\/fr\/","name":"Chemi-3 Inc.","description":"Montreal&#039;s premier distributor of janitorial, sanitary and commercial products.","publisher":{"@id":"https:\/\/chemi-3.com\/fr\/#organization"},"potentialAction":[{"@type":"SearchAction","target":{"@type":"EntryPoint","urlTemplate":"https:\/\/chemi-3.com\/fr\/?s={search_term_string}"},"query-input":{"@type":"PropertyValueSpecification","valueRequired":true,"valueName":"search_term_string"}}],"inLanguage":"fr-CA"},{"@type":"Organization","@id":"https:\/\/chemi-3.com\/fr\/#organization","name":"Chemi-3 Industries Inc.","url":"https:\/\/chemi-3.com\/fr\/","logo":{"@type":"ImageObject","inLanguage":"fr-CA","@id":"https:\/\/chemi-3.com\/fr\/#\/schema\/logo\/image\/","url":"http:\/\/chemi-3.com\/wp-content\/uploads\/2021\/09\/Chemi3_logo_transparent_highres.png","contentUrl":"http:\/\/chemi-3.com\/wp-content\/uploads\/2021\/09\/Chemi3_logo_transparent_highres.png","width":1000,"height":387,"caption":"Chemi-3 Industries Inc."},"image":{"@id":"https:\/\/chemi-3.com\/fr\/#\/schema\/logo\/image\/"},"sameAs":["https:\/\/www.facebook.com\/chemi3inc\/","https:\/\/x.com\/chemi3inc","https:\/\/www.instagram.com\/chemi3inc\/","https:\/\/www.linkedin.com\/company\/chemi3inc"]}]}},"_links":{"self":[{"href":"https:\/\/chemi-3.com\/fr\/wp-json\/wp\/v2\/product\/27551","targetHints":{"allow":["GET"]}}],"collection":[{"href":"https:\/\/chemi-3.com\/fr\/wp-json\/wp\/v2\/product"}],"about":[{"href":"https:\/\/chemi-3.com\/fr\/wp-json\/wp\/v2\/types\/product"}],"replies":[{"embeddable":true,"href":"https:\/\/chemi-3.com\/fr\/wp-json\/wp\/v2\/comments?post=27551"}],"wp:featuredmedia":[{"embeddable":true,"href":"https:\/\/chemi-3.com\/fr\/wp-json\/wp\/v2\/media\/23664"}],"wp:attachment":[{"href":"https:\/\/chemi-3.com\/fr\/wp-json\/wp\/v2\/media?parent=27551"}],"wp:term":[{"taxonomy":"product_brand","embeddable":true,"href":"https:\/\/chemi-3.com\/fr\/wp-json\/wp\/v2\/product_brand?post=27551"},{"taxonomy":"product_cat","embeddable":true,"href":"https:\/\/chemi-3.com\/fr\/wp-json\/wp\/v2\/product_cat?post=27551"},{"taxonomy":"product_tag","embeddable":true,"href":"https:\/\/chemi-3.com\/fr\/wp-json\/wp\/v2\/product_tag?post=27551"}],"curies":[{"name":"wp","href":"https:\/\/api.w.org\/{rel}","templated":true}]}}