{"id":27553,"date":"2021-11-05T13:03:58","date_gmt":"2021-11-05T17:03:58","guid":{"rendered":"https:\/\/chemi-3.com\/product\/chiffons-de-papier-tork-plus-rouleau-geant-1-epaisseur-blanc-800-rl-1-rl-cs\/"},"modified":"2021-11-05T13:04:07","modified_gmt":"2021-11-05T17:04:07","slug":"chiffons-de-papier-tork-plus-rouleau-geant-1-epaisseur-blanc-800-rl-1-rl-cs","status":"publish","type":"product","link":"https:\/\/chemi-3.com\/fr\/product\/chiffons-de-papier-tork-plus-rouleau-geant-1-epaisseur-blanc-800-rl-1-rl-cs\/","title":{"rendered":"Chiffons de papier tork\u00ae plus, rouleau g\u00e9ant, 1\u00a0\u00e9paisseur, blanc, 800\/rl, 1\u00a0rl\/cs"},"content":{"rendered":"<body><p>Les essuie-tout en papier Tork\u00ae Plus sont des serviettes tout usage id\u00e9ales pour ramasser les liquides et pour l\u2019essuyage des mains. Ces chiffons peuvent \u00eatre utilis\u00e9s dans les distributeurs de plancher et muraux Tork\u00ae con\u00e7us pour la s\u00fbret\u00e9, l\u2019efficacit\u00e9 et la fiabilit\u00e9. Gr\u00e2ce \u00e0 la facilit\u00e9 de chargement et de d\u00e9tachement, on peut distribuer la quantit\u00e9 voulue d\u2019une seule main.<br>\nUnit\u00e9 de mesure : 1\/CS\/800<\/p>\n<\/body>","protected":false},"excerpt":{"rendered":"<p>Les essuie-tout en papier Tork\u00ae Plus sont des serviettes tout usage id\u00e9ales pour ramasser les liquides et pour l\u2019essuyage des mains. Ces chiffons peuvent \u00eatre utilis\u00e9s dans les distributeurs de plancher et muraux Tork\u00ae con\u00e7us pour la s\u00fbret\u00e9, l\u2019efficacit\u00e9 et la fiabilit\u00e9. Gr\u00e2ce \u00e0 la facilit\u00e9 de chargement et de d\u00e9tachement, on peut distribuer la [&hellip;]<\/p>\n","protected":false},"featured_media":23667,"comment_status":"closed","ping_status":"open","template":"","meta":{"_et_pb_use_builder":"","_et_pb_old_content":"","_et_gb_content_width":""},"product_brand":[],"product_cat":[12840],"product_tag":[13923,13617,13689],"class_list":{"0":"post-27553","1":"product","2":"type-product","3":"status-publish","4":"has-post-thumbnail","6":"product_cat-chiffons-secs","7":"product_tag-chiffons-secs","8":"product_tag-essuie-mains-papier-hygienique-et-lingettes","9":"product_tag-lingettes","10":"pa_country-of-origin-united-states","11":"pa_is-hazardous-material-non","12":"pa_product-colour-blanc","13":"pa_product-material-fiber-2","15":"first","16":"instock","17":"taxable","18":"shipping-taxable","19":"purchasable","20":"product-type-simple"},"yoast_head":"<!-- This site is optimized with the Yoast SEO plugin v27.4 - https:\/\/yoast.com\/product\/yoast-seo-wordpress\/ -->\n<title>Chiffons de papier tork\u00ae plus, rouleau g\u00e9ant, 1\u00a0\u00e9paisseur, blanc, 800\/rl, 1\u00a0rl\/cs &#8211; Chemi-3 Inc.<\/title>\n<meta name=\"robots\" content=\"index, follow, max-snippet:-1, max-image-preview:large, max-video-preview:-1\" \/>\n<link rel=\"canonical\" href=\"https:\/\/chemi-3.com\/fr\/product\/chiffons-de-papier-tork-plus-rouleau-geant-1-epaisseur-blanc-800-rl-1-rl-cs\/\" \/>\n<meta property=\"og:locale\" content=\"fr_CA\" \/>\n<meta property=\"og:type\" content=\"article\" \/>\n<meta property=\"og:title\" content=\"Chiffons de papier tork\u00ae plus, rouleau g\u00e9ant, 1\u00a0\u00e9paisseur, blanc, 800\/rl, 1\u00a0rl\/cs &#8211; Chemi-3 Inc.\" \/>\n<meta property=\"og:description\" content=\"Les essuie-tout en papier Tork\u00ae Plus sont des serviettes tout usage id\u00e9ales pour ramasser les liquides et pour l\u2019essuyage des mains. Ces chiffons peuvent \u00eatre utilis\u00e9s dans les distributeurs de plancher et muraux Tork\u00ae con\u00e7us pour la s\u00fbret\u00e9, l\u2019efficacit\u00e9 et la fiabilit\u00e9. Gr\u00e2ce \u00e0 la facilit\u00e9 de chargement et de d\u00e9tachement, on peut distribuer la [&hellip;]\" \/>\n<meta property=\"og:url\" content=\"https:\/\/chemi-3.com\/fr\/product\/chiffons-de-papier-tork-plus-rouleau-geant-1-epaisseur-blanc-800-rl-1-rl-cs\/\" \/>\n<meta property=\"og:site_name\" content=\"Chemi-3 Inc.\" \/>\n<meta property=\"article:publisher\" content=\"https:\/\/www.facebook.com\/chemi3inc\/\" \/>\n<meta property=\"article:modified_time\" content=\"2021-11-05T17:04:07+00:00\" \/>\n<meta property=\"og:image\" content=\"https:\/\/chemi-3.com\/wp-content\/uploads\/2021\/11\/14104303-20210902030407-1.jpg\" \/>\n\t<meta property=\"og:image:width\" content=\"900\" \/>\n\t<meta property=\"og:image:height\" content=\"900\" \/>\n\t<meta property=\"og:image:type\" content=\"image\/jpeg\" \/>\n<meta name=\"twitter:card\" content=\"summary_large_image\" \/>\n<meta name=\"twitter:site\" content=\"@chemi3inc\" \/>\n<script type=\"application\/ld+json\" class=\"yoast-schema-graph\">{\"@context\":\"https:\\\/\\\/schema.org\",\"@graph\":[{\"@type\":[\"WebPage\",\"ItemPage\"],\"@id\":\"https:\\\/\\\/chemi-3.com\\\/fr\\\/product\\\/chiffons-de-papier-tork-plus-rouleau-geant-1-epaisseur-blanc-800-rl-1-rl-cs\\\/\",\"url\":\"https:\\\/\\\/chemi-3.com\\\/fr\\\/product\\\/chiffons-de-papier-tork-plus-rouleau-geant-1-epaisseur-blanc-800-rl-1-rl-cs\\\/\",\"name\":\"Chiffons de papier tork\u00ae plus, rouleau g\u00e9ant, 1\u00a0\u00e9paisseur, blanc, 800\\\/rl, 1\u00a0rl\\\/cs &#8211; Chemi-3 Inc.\",\"isPartOf\":{\"@id\":\"https:\\\/\\\/chemi-3.com\\\/fr\\\/#website\"},\"primaryImageOfPage\":{\"@id\":\"https:\\\/\\\/chemi-3.com\\\/fr\\\/product\\\/chiffons-de-papier-tork-plus-rouleau-geant-1-epaisseur-blanc-800-rl-1-rl-cs\\\/#primaryimage\"},\"image\":{\"@id\":\"https:\\\/\\\/chemi-3.com\\\/fr\\\/product\\\/chiffons-de-papier-tork-plus-rouleau-geant-1-epaisseur-blanc-800-rl-1-rl-cs\\\/#primaryimage\"},\"thumbnailUrl\":\"https:\\\/\\\/chemi-3.com\\\/wp-content\\\/uploads\\\/2021\\\/11\\\/14104303-20210902030407-1.jpg\",\"datePublished\":\"2021-11-05T17:03:58+00:00\",\"dateModified\":\"2021-11-05T17:04:07+00:00\",\"breadcrumb\":{\"@id\":\"https:\\\/\\\/chemi-3.com\\\/fr\\\/product\\\/chiffons-de-papier-tork-plus-rouleau-geant-1-epaisseur-blanc-800-rl-1-rl-cs\\\/#breadcrumb\"},\"inLanguage\":\"fr-CA\",\"potentialAction\":[{\"@type\":\"ReadAction\",\"target\":[\"https:\\\/\\\/chemi-3.com\\\/fr\\\/product\\\/chiffons-de-papier-tork-plus-rouleau-geant-1-epaisseur-blanc-800-rl-1-rl-cs\\\/\"]}]},{\"@type\":\"ImageObject\",\"inLanguage\":\"fr-CA\",\"@id\":\"https:\\\/\\\/chemi-3.com\\\/fr\\\/product\\\/chiffons-de-papier-tork-plus-rouleau-geant-1-epaisseur-blanc-800-rl-1-rl-cs\\\/#primaryimage\",\"url\":\"https:\\\/\\\/chemi-3.com\\\/wp-content\\\/uploads\\\/2021\\\/11\\\/14104303-20210902030407-1.jpg\",\"contentUrl\":\"https:\\\/\\\/chemi-3.com\\\/wp-content\\\/uploads\\\/2021\\\/11\\\/14104303-20210902030407-1.jpg\",\"width\":900,\"height\":900,\"caption\":\"Tork\u00ae Paper Wiper Plus\"},{\"@type\":\"BreadcrumbList\",\"@id\":\"https:\\\/\\\/chemi-3.com\\\/fr\\\/product\\\/chiffons-de-papier-tork-plus-rouleau-geant-1-epaisseur-blanc-800-rl-1-rl-cs\\\/#breadcrumb\",\"itemListElement\":[{\"@type\":\"ListItem\",\"position\":1,\"name\":\"Home\",\"item\":\"https:\\\/\\\/chemi-3.com\\\/fr\\\/\"},{\"@type\":\"ListItem\",\"position\":2,\"name\":\"Produits\",\"item\":\"https:\\\/\\\/chemi-3.com\\\/fr\\\/shop\\\/\"},{\"@type\":\"ListItem\",\"position\":3,\"name\":\"Chiffons de papier tork\u00ae plus, rouleau g\u00e9ant, 1\u00a0\u00e9paisseur, blanc, 800\\\/rl, 1\u00a0rl\\\/cs\"}]},{\"@type\":\"WebSite\",\"@id\":\"https:\\\/\\\/chemi-3.com\\\/fr\\\/#website\",\"url\":\"https:\\\/\\\/chemi-3.com\\\/fr\\\/\",\"name\":\"Chemi-3 Inc.\",\"description\":\"Montreal&#039;s premier distributor of janitorial, sanitary and commercial products.\",\"publisher\":{\"@id\":\"https:\\\/\\\/chemi-3.com\\\/fr\\\/#organization\"},\"potentialAction\":[{\"@type\":\"SearchAction\",\"target\":{\"@type\":\"EntryPoint\",\"urlTemplate\":\"https:\\\/\\\/chemi-3.com\\\/fr\\\/?s={search_term_string}\"},\"query-input\":{\"@type\":\"PropertyValueSpecification\",\"valueRequired\":true,\"valueName\":\"search_term_string\"}}],\"inLanguage\":\"fr-CA\"},{\"@type\":\"Organization\",\"@id\":\"https:\\\/\\\/chemi-3.com\\\/fr\\\/#organization\",\"name\":\"Chemi-3 Industries Inc.\",\"url\":\"https:\\\/\\\/chemi-3.com\\\/fr\\\/\",\"logo\":{\"@type\":\"ImageObject\",\"inLanguage\":\"fr-CA\",\"@id\":\"https:\\\/\\\/chemi-3.com\\\/fr\\\/#\\\/schema\\\/logo\\\/image\\\/\",\"url\":\"http:\\\/\\\/chemi-3.com\\\/wp-content\\\/uploads\\\/2021\\\/09\\\/Chemi3_logo_transparent_highres.png\",\"contentUrl\":\"http:\\\/\\\/chemi-3.com\\\/wp-content\\\/uploads\\\/2021\\\/09\\\/Chemi3_logo_transparent_highres.png\",\"width\":1000,\"height\":387,\"caption\":\"Chemi-3 Industries Inc.\"},\"image\":{\"@id\":\"https:\\\/\\\/chemi-3.com\\\/fr\\\/#\\\/schema\\\/logo\\\/image\\\/\"},\"sameAs\":[\"https:\\\/\\\/www.facebook.com\\\/chemi3inc\\\/\",\"https:\\\/\\\/x.com\\\/chemi3inc\",\"https:\\\/\\\/www.instagram.com\\\/chemi3inc\\\/\",\"https:\\\/\\\/www.linkedin.com\\\/company\\\/chemi3inc\"]}]}<\/script>\n<!-- \/ Yoast SEO plugin. -->","yoast_head_json":{"title":"Chiffons de papier tork\u00ae plus, rouleau g\u00e9ant, 1\u00a0\u00e9paisseur, blanc, 800\/rl, 1\u00a0rl\/cs &#8211; Chemi-3 Inc.","robots":{"index":"index","follow":"follow","max-snippet":"max-snippet:-1","max-image-preview":"max-image-preview:large","max-video-preview":"max-video-preview:-1"},"canonical":"https:\/\/chemi-3.com\/fr\/product\/chiffons-de-papier-tork-plus-rouleau-geant-1-epaisseur-blanc-800-rl-1-rl-cs\/","og_locale":"fr_CA","og_type":"article","og_title":"Chiffons de papier tork\u00ae plus, rouleau g\u00e9ant, 1\u00a0\u00e9paisseur, blanc, 800\/rl, 1\u00a0rl\/cs &#8211; Chemi-3 Inc.","og_description":"Les essuie-tout en papier Tork\u00ae Plus sont des serviettes tout usage id\u00e9ales pour ramasser les liquides et pour l\u2019essuyage des mains. Ces chiffons peuvent \u00eatre utilis\u00e9s dans les distributeurs de plancher et muraux Tork\u00ae con\u00e7us pour la s\u00fbret\u00e9, l\u2019efficacit\u00e9 et la fiabilit\u00e9. Gr\u00e2ce \u00e0 la facilit\u00e9 de chargement et de d\u00e9tachement, on peut distribuer la [&hellip;]","og_url":"https:\/\/chemi-3.com\/fr\/product\/chiffons-de-papier-tork-plus-rouleau-geant-1-epaisseur-blanc-800-rl-1-rl-cs\/","og_site_name":"Chemi-3 Inc.","article_publisher":"https:\/\/www.facebook.com\/chemi3inc\/","article_modified_time":"2021-11-05T17:04:07+00:00","og_image":[{"width":900,"height":900,"url":"https:\/\/chemi-3.com\/wp-content\/uploads\/2021\/11\/14104303-20210902030407-1.jpg","type":"image\/jpeg"}],"twitter_card":"summary_large_image","twitter_site":"@chemi3inc","schema":{"@context":"https:\/\/schema.org","@graph":[{"@type":["WebPage","ItemPage"],"@id":"https:\/\/chemi-3.com\/fr\/product\/chiffons-de-papier-tork-plus-rouleau-geant-1-epaisseur-blanc-800-rl-1-rl-cs\/","url":"https:\/\/chemi-3.com\/fr\/product\/chiffons-de-papier-tork-plus-rouleau-geant-1-epaisseur-blanc-800-rl-1-rl-cs\/","name":"Chiffons de papier tork\u00ae plus, rouleau g\u00e9ant, 1\u00a0\u00e9paisseur, blanc, 800\/rl, 1\u00a0rl\/cs &#8211; Chemi-3 Inc.","isPartOf":{"@id":"https:\/\/chemi-3.com\/fr\/#website"},"primaryImageOfPage":{"@id":"https:\/\/chemi-3.com\/fr\/product\/chiffons-de-papier-tork-plus-rouleau-geant-1-epaisseur-blanc-800-rl-1-rl-cs\/#primaryimage"},"image":{"@id":"https:\/\/chemi-3.com\/fr\/product\/chiffons-de-papier-tork-plus-rouleau-geant-1-epaisseur-blanc-800-rl-1-rl-cs\/#primaryimage"},"thumbnailUrl":"https:\/\/chemi-3.com\/wp-content\/uploads\/2021\/11\/14104303-20210902030407-1.jpg","datePublished":"2021-11-05T17:03:58+00:00","dateModified":"2021-11-05T17:04:07+00:00","breadcrumb":{"@id":"https:\/\/chemi-3.com\/fr\/product\/chiffons-de-papier-tork-plus-rouleau-geant-1-epaisseur-blanc-800-rl-1-rl-cs\/#breadcrumb"},"inLanguage":"fr-CA","potentialAction":[{"@type":"ReadAction","target":["https:\/\/chemi-3.com\/fr\/product\/chiffons-de-papier-tork-plus-rouleau-geant-1-epaisseur-blanc-800-rl-1-rl-cs\/"]}]},{"@type":"ImageObject","inLanguage":"fr-CA","@id":"https:\/\/chemi-3.com\/fr\/product\/chiffons-de-papier-tork-plus-rouleau-geant-1-epaisseur-blanc-800-rl-1-rl-cs\/#primaryimage","url":"https:\/\/chemi-3.com\/wp-content\/uploads\/2021\/11\/14104303-20210902030407-1.jpg","contentUrl":"https:\/\/chemi-3.com\/wp-content\/uploads\/2021\/11\/14104303-20210902030407-1.jpg","width":900,"height":900,"caption":"Tork\u00ae Paper Wiper Plus"},{"@type":"BreadcrumbList","@id":"https:\/\/chemi-3.com\/fr\/product\/chiffons-de-papier-tork-plus-rouleau-geant-1-epaisseur-blanc-800-rl-1-rl-cs\/#breadcrumb","itemListElement":[{"@type":"ListItem","position":1,"name":"Home","item":"https:\/\/chemi-3.com\/fr\/"},{"@type":"ListItem","position":2,"name":"Produits","item":"https:\/\/chemi-3.com\/fr\/shop\/"},{"@type":"ListItem","position":3,"name":"Chiffons de papier tork\u00ae plus, rouleau g\u00e9ant, 1\u00a0\u00e9paisseur, blanc, 800\/rl, 1\u00a0rl\/cs"}]},{"@type":"WebSite","@id":"https:\/\/chemi-3.com\/fr\/#website","url":"https:\/\/chemi-3.com\/fr\/","name":"Chemi-3 Inc.","description":"Montreal&#039;s premier distributor of janitorial, sanitary and commercial products.","publisher":{"@id":"https:\/\/chemi-3.com\/fr\/#organization"},"potentialAction":[{"@type":"SearchAction","target":{"@type":"EntryPoint","urlTemplate":"https:\/\/chemi-3.com\/fr\/?s={search_term_string}"},"query-input":{"@type":"PropertyValueSpecification","valueRequired":true,"valueName":"search_term_string"}}],"inLanguage":"fr-CA"},{"@type":"Organization","@id":"https:\/\/chemi-3.com\/fr\/#organization","name":"Chemi-3 Industries Inc.","url":"https:\/\/chemi-3.com\/fr\/","logo":{"@type":"ImageObject","inLanguage":"fr-CA","@id":"https:\/\/chemi-3.com\/fr\/#\/schema\/logo\/image\/","url":"http:\/\/chemi-3.com\/wp-content\/uploads\/2021\/09\/Chemi3_logo_transparent_highres.png","contentUrl":"http:\/\/chemi-3.com\/wp-content\/uploads\/2021\/09\/Chemi3_logo_transparent_highres.png","width":1000,"height":387,"caption":"Chemi-3 Industries Inc."},"image":{"@id":"https:\/\/chemi-3.com\/fr\/#\/schema\/logo\/image\/"},"sameAs":["https:\/\/www.facebook.com\/chemi3inc\/","https:\/\/x.com\/chemi3inc","https:\/\/www.instagram.com\/chemi3inc\/","https:\/\/www.linkedin.com\/company\/chemi3inc"]}]}},"_links":{"self":[{"href":"https:\/\/chemi-3.com\/fr\/wp-json\/wp\/v2\/product\/27553","targetHints":{"allow":["GET"]}}],"collection":[{"href":"https:\/\/chemi-3.com\/fr\/wp-json\/wp\/v2\/product"}],"about":[{"href":"https:\/\/chemi-3.com\/fr\/wp-json\/wp\/v2\/types\/product"}],"replies":[{"embeddable":true,"href":"https:\/\/chemi-3.com\/fr\/wp-json\/wp\/v2\/comments?post=27553"}],"wp:featuredmedia":[{"embeddable":true,"href":"https:\/\/chemi-3.com\/fr\/wp-json\/wp\/v2\/media\/23667"}],"wp:attachment":[{"href":"https:\/\/chemi-3.com\/fr\/wp-json\/wp\/v2\/media?parent=27553"}],"wp:term":[{"taxonomy":"product_brand","embeddable":true,"href":"https:\/\/chemi-3.com\/fr\/wp-json\/wp\/v2\/product_brand?post=27553"},{"taxonomy":"product_cat","embeddable":true,"href":"https:\/\/chemi-3.com\/fr\/wp-json\/wp\/v2\/product_cat?post=27553"},{"taxonomy":"product_tag","embeddable":true,"href":"https:\/\/chemi-3.com\/fr\/wp-json\/wp\/v2\/product_tag?post=27553"}],"curies":[{"name":"wp","href":"https:\/\/api.w.org\/{rel}","templated":true}]}}