{"id":27570,"date":"2021-11-05T13:03:58","date_gmt":"2021-11-05T17:03:58","guid":{"rendered":"https:\/\/chemi-3.com\/product\/serviettes-en-rouleau-jumbo-wypall-l30-1-epaisseur-blanc-vendu-comme-un-article-individuel\/"},"modified":"2021-11-05T13:04:13","modified_gmt":"2021-11-05T17:04:13","slug":"serviettes-en-rouleau-jumbo-wypall-l30-1-epaisseur-blanc-vendu-comme-un-article-individuel","status":"publish","type":"product","link":"https:\/\/chemi-3.com\/fr\/product\/serviettes-en-rouleau-jumbo-wypall-l30-1-epaisseur-blanc-vendu-comme-un-article-individuel\/","title":{"rendered":"Serviettes en rouleau jumbo wypall\u00ae l30, 1\u00a0\u00e9paisseur, blanc, vendu comme un article individuel"},"content":{"rendered":"<body><p>Les essuie-mains en rouleau jumbo Kimberly-Clark ProfessionalMC WypAll\u00ae L30 en blanc 1\u00a0\u00e9paisseur sont fabriqu\u00e9s avec le proc\u00e9d\u00e9 DRC (double recr\u00eapage), qui vous donne une telle douceur de surface qu\u2019ils conviennent \u00e0 l\u2019utilisation sur les mains et la peau comme une serviette) avec une grille renforc\u00e9e assez robuste pour l\u2019essuyage et le nettoyage des surfaces mouill\u00e9es. Ces essuie-mains WypAll\u00ae L30 sont un excellent choix pour remplacer les serviettes fabriqu\u00e9es par voie a\u00e9rolique. Ils sont \u00e9galement assez robustes pour les travaux l\u00e9gers, les t^^aches de conciergerie et l\u2019entretien (en remplacement des chiffons en bo\u00eete). C\u2019est un outil fiable pour vous aider \u00e0 bien faire votre travail. Ce produit a des dimensions de 12,4\u00a0po x 13,3\u00a0po et est vendu comme un article individuel.<br>\nUnit\u00e9 de mesure : 1\/EA<\/p>\n<\/body>","protected":false},"excerpt":{"rendered":"<p>Les essuie-mains en rouleau jumbo Kimberly-Clark ProfessionalMC WypAll\u00ae L30 en blanc 1\u00a0\u00e9paisseur sont fabriqu\u00e9s avec le proc\u00e9d\u00e9 DRC (double recr\u00eapage), qui vous donne une telle douceur de surface qu\u2019ils conviennent \u00e0 l\u2019utilisation sur les mains et la peau comme une serviette) avec une grille renforc\u00e9e assez robuste pour l\u2019essuyage et le nettoyage des surfaces mouill\u00e9es. [&hellip;]<\/p>\n","protected":false},"featured_media":23697,"comment_status":"closed","ping_status":"open","template":"","meta":{"_et_pb_use_builder":"","_et_pb_old_content":"","_et_gb_content_width":""},"product_brand":[],"product_cat":[12840],"product_tag":[13923,13617,13689],"class_list":{"0":"post-27570","1":"product","2":"type-product","3":"status-publish","4":"has-post-thumbnail","6":"product_cat-chiffons-secs","7":"product_tag-chiffons-secs","8":"product_tag-essuie-mains-papier-hygienique-et-lingettes","9":"product_tag-lingettes","10":"pa_country-of-origin-united-states","11":"pa_is-hazardous-material-non","12":"pa_product-colour-blanc","13":"pa_product-material-kraft-paper","15":"first","16":"instock","17":"taxable","18":"shipping-taxable","19":"purchasable","20":"product-type-simple"},"yoast_head":"<!-- This site is optimized with the Yoast SEO plugin v27.5 - https:\/\/yoast.com\/product\/yoast-seo-wordpress\/ -->\n<title>Serviettes en rouleau jumbo wypall\u00ae l30, 1\u00a0\u00e9paisseur, blanc, vendu comme un article individuel &#8211; Chemi-3 Inc.<\/title>\n<meta name=\"robots\" content=\"index, follow, max-snippet:-1, max-image-preview:large, max-video-preview:-1\" \/>\n<link rel=\"canonical\" href=\"https:\/\/chemi-3.com\/fr\/product\/serviettes-en-rouleau-jumbo-wypall-l30-1-epaisseur-blanc-vendu-comme-un-article-individuel\/\" \/>\n<meta property=\"og:locale\" content=\"fr_CA\" \/>\n<meta property=\"og:type\" content=\"article\" \/>\n<meta property=\"og:title\" content=\"Serviettes en rouleau jumbo wypall\u00ae l30, 1\u00a0\u00e9paisseur, blanc, vendu comme un article individuel &#8211; Chemi-3 Inc.\" \/>\n<meta property=\"og:description\" content=\"Les essuie-mains en rouleau jumbo Kimberly-Clark ProfessionalMC WypAll\u00ae L30 en blanc 1\u00a0\u00e9paisseur sont fabriqu\u00e9s avec le proc\u00e9d\u00e9 DRC (double recr\u00eapage), qui vous donne une telle douceur de surface qu\u2019ils conviennent \u00e0 l\u2019utilisation sur les mains et la peau comme une serviette) avec une grille renforc\u00e9e assez robuste pour l\u2019essuyage et le nettoyage des surfaces mouill\u00e9es. [&hellip;]\" \/>\n<meta property=\"og:url\" content=\"https:\/\/chemi-3.com\/fr\/product\/serviettes-en-rouleau-jumbo-wypall-l30-1-epaisseur-blanc-vendu-comme-un-article-individuel\/\" \/>\n<meta property=\"og:site_name\" content=\"Chemi-3 Inc.\" \/>\n<meta property=\"article:publisher\" content=\"https:\/\/www.facebook.com\/chemi3inc\/\" \/>\n<meta property=\"article:modified_time\" content=\"2021-11-05T17:04:13+00:00\" \/>\n<meta property=\"og:image\" content=\"https:\/\/chemi-3.com\/wp-content\/uploads\/2021\/11\/15405841-05841-main-20210904201749-1.jpg\" \/>\n\t<meta property=\"og:image:width\" content=\"900\" \/>\n\t<meta property=\"og:image:height\" content=\"900\" \/>\n\t<meta property=\"og:image:type\" content=\"image\/jpeg\" \/>\n<meta name=\"twitter:card\" content=\"summary_large_image\" \/>\n<meta name=\"twitter:site\" content=\"@chemi3inc\" \/>\n<meta name=\"twitter:label1\" content=\"Estimation du temps de lecture\" \/>\n\t<meta name=\"twitter:data1\" content=\"1 minute\" \/>\n<script type=\"application\/ld+json\" class=\"yoast-schema-graph\">{\"@context\":\"https:\\\/\\\/schema.org\",\"@graph\":[{\"@type\":[\"WebPage\",\"ItemPage\"],\"@id\":\"https:\\\/\\\/chemi-3.com\\\/fr\\\/product\\\/serviettes-en-rouleau-jumbo-wypall-l30-1-epaisseur-blanc-vendu-comme-un-article-individuel\\\/\",\"url\":\"https:\\\/\\\/chemi-3.com\\\/fr\\\/product\\\/serviettes-en-rouleau-jumbo-wypall-l30-1-epaisseur-blanc-vendu-comme-un-article-individuel\\\/\",\"name\":\"Serviettes en rouleau jumbo wypall\u00ae l30, 1\u00a0\u00e9paisseur, blanc, vendu comme un article individuel &#8211; Chemi-3 Inc.\",\"isPartOf\":{\"@id\":\"https:\\\/\\\/chemi-3.com\\\/fr\\\/#website\"},\"primaryImageOfPage\":{\"@id\":\"https:\\\/\\\/chemi-3.com\\\/fr\\\/product\\\/serviettes-en-rouleau-jumbo-wypall-l30-1-epaisseur-blanc-vendu-comme-un-article-individuel\\\/#primaryimage\"},\"image\":{\"@id\":\"https:\\\/\\\/chemi-3.com\\\/fr\\\/product\\\/serviettes-en-rouleau-jumbo-wypall-l30-1-epaisseur-blanc-vendu-comme-un-article-individuel\\\/#primaryimage\"},\"thumbnailUrl\":\"https:\\\/\\\/chemi-3.com\\\/wp-content\\\/uploads\\\/2021\\\/11\\\/15405841-05841-main-20210904201749-1.jpg\",\"datePublished\":\"2021-11-05T17:03:58+00:00\",\"dateModified\":\"2021-11-05T17:04:13+00:00\",\"breadcrumb\":{\"@id\":\"https:\\\/\\\/chemi-3.com\\\/fr\\\/product\\\/serviettes-en-rouleau-jumbo-wypall-l30-1-epaisseur-blanc-vendu-comme-un-article-individuel\\\/#breadcrumb\"},\"inLanguage\":\"fr-CA\",\"potentialAction\":[{\"@type\":\"ReadAction\",\"target\":[\"https:\\\/\\\/chemi-3.com\\\/fr\\\/product\\\/serviettes-en-rouleau-jumbo-wypall-l30-1-epaisseur-blanc-vendu-comme-un-article-individuel\\\/\"]}]},{\"@type\":\"ImageObject\",\"inLanguage\":\"fr-CA\",\"@id\":\"https:\\\/\\\/chemi-3.com\\\/fr\\\/product\\\/serviettes-en-rouleau-jumbo-wypall-l30-1-epaisseur-blanc-vendu-comme-un-article-individuel\\\/#primaryimage\",\"url\":\"https:\\\/\\\/chemi-3.com\\\/wp-content\\\/uploads\\\/2021\\\/11\\\/15405841-05841-main-20210904201749-1.jpg\",\"contentUrl\":\"https:\\\/\\\/chemi-3.com\\\/wp-content\\\/uploads\\\/2021\\\/11\\\/15405841-05841-main-20210904201749-1.jpg\",\"width\":900,\"height\":900,\"caption\":\"Wypall\u00ae L30 Towel Jumbo Roll\"},{\"@type\":\"BreadcrumbList\",\"@id\":\"https:\\\/\\\/chemi-3.com\\\/fr\\\/product\\\/serviettes-en-rouleau-jumbo-wypall-l30-1-epaisseur-blanc-vendu-comme-un-article-individuel\\\/#breadcrumb\",\"itemListElement\":[{\"@type\":\"ListItem\",\"position\":1,\"name\":\"Home\",\"item\":\"https:\\\/\\\/chemi-3.com\\\/fr\\\/\"},{\"@type\":\"ListItem\",\"position\":2,\"name\":\"Produits\",\"item\":\"https:\\\/\\\/chemi-3.com\\\/fr\\\/shop\\\/\"},{\"@type\":\"ListItem\",\"position\":3,\"name\":\"Serviettes en rouleau jumbo wypall\u00ae l30, 1\u00a0\u00e9paisseur, blanc, vendu comme un article individuel\"}]},{\"@type\":\"WebSite\",\"@id\":\"https:\\\/\\\/chemi-3.com\\\/fr\\\/#website\",\"url\":\"https:\\\/\\\/chemi-3.com\\\/fr\\\/\",\"name\":\"Chemi-3 Inc.\",\"description\":\"Montreal&#039;s premier distributor of janitorial, sanitary and commercial products.\",\"publisher\":{\"@id\":\"https:\\\/\\\/chemi-3.com\\\/fr\\\/#organization\"},\"potentialAction\":[{\"@type\":\"SearchAction\",\"target\":{\"@type\":\"EntryPoint\",\"urlTemplate\":\"https:\\\/\\\/chemi-3.com\\\/fr\\\/?s={search_term_string}\"},\"query-input\":{\"@type\":\"PropertyValueSpecification\",\"valueRequired\":true,\"valueName\":\"search_term_string\"}}],\"inLanguage\":\"fr-CA\"},{\"@type\":\"Organization\",\"@id\":\"https:\\\/\\\/chemi-3.com\\\/fr\\\/#organization\",\"name\":\"Chemi-3 Industries Inc.\",\"url\":\"https:\\\/\\\/chemi-3.com\\\/fr\\\/\",\"logo\":{\"@type\":\"ImageObject\",\"inLanguage\":\"fr-CA\",\"@id\":\"https:\\\/\\\/chemi-3.com\\\/fr\\\/#\\\/schema\\\/logo\\\/image\\\/\",\"url\":\"http:\\\/\\\/chemi-3.com\\\/wp-content\\\/uploads\\\/2021\\\/09\\\/Chemi3_logo_transparent_highres.png\",\"contentUrl\":\"http:\\\/\\\/chemi-3.com\\\/wp-content\\\/uploads\\\/2021\\\/09\\\/Chemi3_logo_transparent_highres.png\",\"width\":1000,\"height\":387,\"caption\":\"Chemi-3 Industries Inc.\"},\"image\":{\"@id\":\"https:\\\/\\\/chemi-3.com\\\/fr\\\/#\\\/schema\\\/logo\\\/image\\\/\"},\"sameAs\":[\"https:\\\/\\\/www.facebook.com\\\/chemi3inc\\\/\",\"https:\\\/\\\/x.com\\\/chemi3inc\",\"https:\\\/\\\/www.instagram.com\\\/chemi3inc\\\/\",\"https:\\\/\\\/www.linkedin.com\\\/company\\\/chemi3inc\"]}]}<\/script>\n<!-- \/ Yoast SEO plugin. -->","yoast_head_json":{"title":"Serviettes en rouleau jumbo wypall\u00ae l30, 1\u00a0\u00e9paisseur, blanc, vendu comme un article individuel &#8211; Chemi-3 Inc.","robots":{"index":"index","follow":"follow","max-snippet":"max-snippet:-1","max-image-preview":"max-image-preview:large","max-video-preview":"max-video-preview:-1"},"canonical":"https:\/\/chemi-3.com\/fr\/product\/serviettes-en-rouleau-jumbo-wypall-l30-1-epaisseur-blanc-vendu-comme-un-article-individuel\/","og_locale":"fr_CA","og_type":"article","og_title":"Serviettes en rouleau jumbo wypall\u00ae l30, 1\u00a0\u00e9paisseur, blanc, vendu comme un article individuel &#8211; Chemi-3 Inc.","og_description":"Les essuie-mains en rouleau jumbo Kimberly-Clark ProfessionalMC WypAll\u00ae L30 en blanc 1\u00a0\u00e9paisseur sont fabriqu\u00e9s avec le proc\u00e9d\u00e9 DRC (double recr\u00eapage), qui vous donne une telle douceur de surface qu\u2019ils conviennent \u00e0 l\u2019utilisation sur les mains et la peau comme une serviette) avec une grille renforc\u00e9e assez robuste pour l\u2019essuyage et le nettoyage des surfaces mouill\u00e9es. [&hellip;]","og_url":"https:\/\/chemi-3.com\/fr\/product\/serviettes-en-rouleau-jumbo-wypall-l30-1-epaisseur-blanc-vendu-comme-un-article-individuel\/","og_site_name":"Chemi-3 Inc.","article_publisher":"https:\/\/www.facebook.com\/chemi3inc\/","article_modified_time":"2021-11-05T17:04:13+00:00","og_image":[{"width":900,"height":900,"url":"https:\/\/chemi-3.com\/wp-content\/uploads\/2021\/11\/15405841-05841-main-20210904201749-1.jpg","type":"image\/jpeg"}],"twitter_card":"summary_large_image","twitter_site":"@chemi3inc","twitter_misc":{"Estimation du temps de lecture":"1 minute"},"schema":{"@context":"https:\/\/schema.org","@graph":[{"@type":["WebPage","ItemPage"],"@id":"https:\/\/chemi-3.com\/fr\/product\/serviettes-en-rouleau-jumbo-wypall-l30-1-epaisseur-blanc-vendu-comme-un-article-individuel\/","url":"https:\/\/chemi-3.com\/fr\/product\/serviettes-en-rouleau-jumbo-wypall-l30-1-epaisseur-blanc-vendu-comme-un-article-individuel\/","name":"Serviettes en rouleau jumbo wypall\u00ae l30, 1\u00a0\u00e9paisseur, blanc, vendu comme un article individuel &#8211; Chemi-3 Inc.","isPartOf":{"@id":"https:\/\/chemi-3.com\/fr\/#website"},"primaryImageOfPage":{"@id":"https:\/\/chemi-3.com\/fr\/product\/serviettes-en-rouleau-jumbo-wypall-l30-1-epaisseur-blanc-vendu-comme-un-article-individuel\/#primaryimage"},"image":{"@id":"https:\/\/chemi-3.com\/fr\/product\/serviettes-en-rouleau-jumbo-wypall-l30-1-epaisseur-blanc-vendu-comme-un-article-individuel\/#primaryimage"},"thumbnailUrl":"https:\/\/chemi-3.com\/wp-content\/uploads\/2021\/11\/15405841-05841-main-20210904201749-1.jpg","datePublished":"2021-11-05T17:03:58+00:00","dateModified":"2021-11-05T17:04:13+00:00","breadcrumb":{"@id":"https:\/\/chemi-3.com\/fr\/product\/serviettes-en-rouleau-jumbo-wypall-l30-1-epaisseur-blanc-vendu-comme-un-article-individuel\/#breadcrumb"},"inLanguage":"fr-CA","potentialAction":[{"@type":"ReadAction","target":["https:\/\/chemi-3.com\/fr\/product\/serviettes-en-rouleau-jumbo-wypall-l30-1-epaisseur-blanc-vendu-comme-un-article-individuel\/"]}]},{"@type":"ImageObject","inLanguage":"fr-CA","@id":"https:\/\/chemi-3.com\/fr\/product\/serviettes-en-rouleau-jumbo-wypall-l30-1-epaisseur-blanc-vendu-comme-un-article-individuel\/#primaryimage","url":"https:\/\/chemi-3.com\/wp-content\/uploads\/2021\/11\/15405841-05841-main-20210904201749-1.jpg","contentUrl":"https:\/\/chemi-3.com\/wp-content\/uploads\/2021\/11\/15405841-05841-main-20210904201749-1.jpg","width":900,"height":900,"caption":"Wypall\u00ae L30 Towel Jumbo Roll"},{"@type":"BreadcrumbList","@id":"https:\/\/chemi-3.com\/fr\/product\/serviettes-en-rouleau-jumbo-wypall-l30-1-epaisseur-blanc-vendu-comme-un-article-individuel\/#breadcrumb","itemListElement":[{"@type":"ListItem","position":1,"name":"Home","item":"https:\/\/chemi-3.com\/fr\/"},{"@type":"ListItem","position":2,"name":"Produits","item":"https:\/\/chemi-3.com\/fr\/shop\/"},{"@type":"ListItem","position":3,"name":"Serviettes en rouleau jumbo wypall\u00ae l30, 1\u00a0\u00e9paisseur, blanc, vendu comme un article individuel"}]},{"@type":"WebSite","@id":"https:\/\/chemi-3.com\/fr\/#website","url":"https:\/\/chemi-3.com\/fr\/","name":"Chemi-3 Inc.","description":"Montreal&#039;s premier distributor of janitorial, sanitary and commercial products.","publisher":{"@id":"https:\/\/chemi-3.com\/fr\/#organization"},"potentialAction":[{"@type":"SearchAction","target":{"@type":"EntryPoint","urlTemplate":"https:\/\/chemi-3.com\/fr\/?s={search_term_string}"},"query-input":{"@type":"PropertyValueSpecification","valueRequired":true,"valueName":"search_term_string"}}],"inLanguage":"fr-CA"},{"@type":"Organization","@id":"https:\/\/chemi-3.com\/fr\/#organization","name":"Chemi-3 Industries Inc.","url":"https:\/\/chemi-3.com\/fr\/","logo":{"@type":"ImageObject","inLanguage":"fr-CA","@id":"https:\/\/chemi-3.com\/fr\/#\/schema\/logo\/image\/","url":"http:\/\/chemi-3.com\/wp-content\/uploads\/2021\/09\/Chemi3_logo_transparent_highres.png","contentUrl":"http:\/\/chemi-3.com\/wp-content\/uploads\/2021\/09\/Chemi3_logo_transparent_highres.png","width":1000,"height":387,"caption":"Chemi-3 Industries Inc."},"image":{"@id":"https:\/\/chemi-3.com\/fr\/#\/schema\/logo\/image\/"},"sameAs":["https:\/\/www.facebook.com\/chemi3inc\/","https:\/\/x.com\/chemi3inc","https:\/\/www.instagram.com\/chemi3inc\/","https:\/\/www.linkedin.com\/company\/chemi3inc"]}]}},"_links":{"self":[{"href":"https:\/\/chemi-3.com\/fr\/wp-json\/wp\/v2\/product\/27570","targetHints":{"allow":["GET"]}}],"collection":[{"href":"https:\/\/chemi-3.com\/fr\/wp-json\/wp\/v2\/product"}],"about":[{"href":"https:\/\/chemi-3.com\/fr\/wp-json\/wp\/v2\/types\/product"}],"replies":[{"embeddable":true,"href":"https:\/\/chemi-3.com\/fr\/wp-json\/wp\/v2\/comments?post=27570"}],"wp:featuredmedia":[{"embeddable":true,"href":"https:\/\/chemi-3.com\/fr\/wp-json\/wp\/v2\/media\/23697"}],"wp:attachment":[{"href":"https:\/\/chemi-3.com\/fr\/wp-json\/wp\/v2\/media?parent=27570"}],"wp:term":[{"taxonomy":"product_brand","embeddable":true,"href":"https:\/\/chemi-3.com\/fr\/wp-json\/wp\/v2\/product_brand?post=27570"},{"taxonomy":"product_cat","embeddable":true,"href":"https:\/\/chemi-3.com\/fr\/wp-json\/wp\/v2\/product_cat?post=27570"},{"taxonomy":"product_tag","embeddable":true,"href":"https:\/\/chemi-3.com\/fr\/wp-json\/wp\/v2\/product_tag?post=27570"}],"curies":[{"name":"wp","href":"https:\/\/api.w.org\/{rel}","templated":true}]}}