{"id":27582,"date":"2021-11-05T13:03:58","date_gmt":"2021-11-05T17:03:58","guid":{"rendered":"https:\/\/chemi-3.com\/product\/serviettes-wypall-l40-en-boite-pop-upmc-bleu-100-pqt-9-pqt-cs\/"},"modified":"2021-11-05T13:04:17","modified_gmt":"2021-11-05T17:04:17","slug":"serviettes-wypall-l40-en-boite-pop-upmc-bleu-100-pqt-9-pqt-cs","status":"publish","type":"product","link":"https:\/\/chemi-3.com\/fr\/product\/serviettes-wypall-l40-en-boite-pop-upmc-bleu-100-pqt-9-pqt-cs\/","title":{"rendered":"Serviettes wypall\u00ae l40 en bo\u00eete pop-upmc, bleu, 100\/pqt, 9\u00a0pqt\/cs"},"content":{"rendered":"<body><p>Les essuie-tout Kimberly-Clark ProfessionalMC WypAll\u00ae L40 en bleu sont efficaces pour absorber les liquides en un rien de temps. Ces essuie-tout sont faits de cellulose li\u00e9e au moyen de la technologie DRC (double recr\u00eapage) pour assurer la r\u00e9sistance, la douceur et le pouvoir absorbant. Cet essuie-tout absorbe les liquides rapidement, mais ce que vous ressentirez, c\u2019est la douceur de la couche ext\u00e9rieure moelleuse au toucher. Ces essuie-tout utilitaires sont con\u00e7us sp\u00e9cialement pour absorber les liquides, lubrifiants et huiles  (dans les restaurants pour essuyer les comptoirs, les ateliers de m\u00e9canique, les usines industrielles et commerciales et autres), mais sont assez doux pour le visage et les mains. Faites l\u2019exp\u00e9rience de la diff\u00e9rence entre l\u2019absorption et le nettoyage sup\u00e9rieurs \u00e0 la maison ou au bureau maintenant! Les serviettes sont emball\u00e9es dans une bo\u00eete Pop-Up con\u00e7ue pour les distribuer une \u00e0 la fois. Les dimensions de ce produit sont 9,8\u00a0po x 16,4\u00a0po et il est vendu en caisses de 6\u00a0paquets de 100.<br>\nUnit\u00e9 de mesure : 9\/100<\/p>\n<\/body>","protected":false},"excerpt":{"rendered":"<p>Les essuie-tout Kimberly-Clark ProfessionalMC WypAll\u00ae L40 en bleu sont efficaces pour absorber les liquides en un rien de temps. Ces essuie-tout sont faits de cellulose li\u00e9e au moyen de la technologie DRC (double recr\u00eapage) pour assurer la r\u00e9sistance, la douceur et le pouvoir absorbant. Cet essuie-tout absorbe les liquides rapidement, mais ce que vous ressentirez, [&hellip;]<\/p>\n","protected":false},"featured_media":23719,"comment_status":"closed","ping_status":"open","template":"","meta":{"_et_pb_use_builder":"","_et_pb_old_content":"","_et_gb_content_width":""},"product_brand":[],"product_cat":[12840],"product_tag":[13923,13617,13689],"class_list":{"0":"post-27582","1":"product","2":"type-product","3":"status-publish","4":"has-post-thumbnail","6":"product_cat-chiffons-secs","7":"product_tag-chiffons-secs","8":"product_tag-essuie-mains-papier-hygienique-et-lingettes","9":"product_tag-lingettes","10":"pa_country-of-origin-united-states","11":"pa_is-hazardous-material-non","12":"pa_product-colour-bleu","13":"pa_product-material-double-re-creped-2","15":"first","16":"instock","17":"taxable","18":"shipping-taxable","19":"purchasable","20":"product-type-simple"},"yoast_head":"<!-- This site is optimized with the Yoast SEO plugin v27.4 - https:\/\/yoast.com\/product\/yoast-seo-wordpress\/ -->\n<title>Serviettes wypall\u00ae l40 en bo\u00eete pop-upmc, bleu, 100\/pqt, 9\u00a0pqt\/cs &#8211; Chemi-3 Inc.<\/title>\n<meta name=\"robots\" content=\"index, follow, max-snippet:-1, max-image-preview:large, max-video-preview:-1\" \/>\n<link rel=\"canonical\" href=\"https:\/\/chemi-3.com\/fr\/product\/serviettes-wypall-l40-en-boite-pop-upmc-bleu-100-pqt-9-pqt-cs\/\" \/>\n<meta property=\"og:locale\" content=\"fr_CA\" \/>\n<meta property=\"og:type\" content=\"article\" \/>\n<meta property=\"og:title\" content=\"Serviettes wypall\u00ae l40 en bo\u00eete pop-upmc, bleu, 100\/pqt, 9\u00a0pqt\/cs &#8211; Chemi-3 Inc.\" \/>\n<meta property=\"og:description\" content=\"Les essuie-tout Kimberly-Clark ProfessionalMC WypAll\u00ae L40 en bleu sont efficaces pour absorber les liquides en un rien de temps. Ces essuie-tout sont faits de cellulose li\u00e9e au moyen de la technologie DRC (double recr\u00eapage) pour assurer la r\u00e9sistance, la douceur et le pouvoir absorbant. Cet essuie-tout absorbe les liquides rapidement, mais ce que vous ressentirez, [&hellip;]\" \/>\n<meta property=\"og:url\" content=\"https:\/\/chemi-3.com\/fr\/product\/serviettes-wypall-l40-en-boite-pop-upmc-bleu-100-pqt-9-pqt-cs\/\" \/>\n<meta property=\"og:site_name\" content=\"Chemi-3 Inc.\" \/>\n<meta property=\"article:publisher\" content=\"https:\/\/www.facebook.com\/chemi3inc\/\" \/>\n<meta property=\"article:modified_time\" content=\"2021-11-05T17:04:17+00:00\" \/>\n<meta property=\"og:image\" content=\"https:\/\/chemi-3.com\/wp-content\/uploads\/2021\/11\/15405741-05740-main-20210904201749-1.jpg\" \/>\n\t<meta property=\"og:image:width\" content=\"900\" \/>\n\t<meta property=\"og:image:height\" content=\"900\" \/>\n\t<meta property=\"og:image:type\" content=\"image\/jpeg\" \/>\n<meta name=\"twitter:card\" content=\"summary_large_image\" \/>\n<meta name=\"twitter:site\" content=\"@chemi3inc\" \/>\n<meta name=\"twitter:label1\" content=\"Estimation du temps de lecture\" \/>\n\t<meta name=\"twitter:data1\" content=\"1 minute\" \/>\n<script type=\"application\/ld+json\" class=\"yoast-schema-graph\">{\"@context\":\"https:\\\/\\\/schema.org\",\"@graph\":[{\"@type\":[\"WebPage\",\"ItemPage\"],\"@id\":\"https:\\\/\\\/chemi-3.com\\\/fr\\\/product\\\/serviettes-wypall-l40-en-boite-pop-upmc-bleu-100-pqt-9-pqt-cs\\\/\",\"url\":\"https:\\\/\\\/chemi-3.com\\\/fr\\\/product\\\/serviettes-wypall-l40-en-boite-pop-upmc-bleu-100-pqt-9-pqt-cs\\\/\",\"name\":\"Serviettes wypall\u00ae l40 en bo\u00eete pop-upmc, bleu, 100\\\/pqt, 9\u00a0pqt\\\/cs &#8211; Chemi-3 Inc.\",\"isPartOf\":{\"@id\":\"https:\\\/\\\/chemi-3.com\\\/fr\\\/#website\"},\"primaryImageOfPage\":{\"@id\":\"https:\\\/\\\/chemi-3.com\\\/fr\\\/product\\\/serviettes-wypall-l40-en-boite-pop-upmc-bleu-100-pqt-9-pqt-cs\\\/#primaryimage\"},\"image\":{\"@id\":\"https:\\\/\\\/chemi-3.com\\\/fr\\\/product\\\/serviettes-wypall-l40-en-boite-pop-upmc-bleu-100-pqt-9-pqt-cs\\\/#primaryimage\"},\"thumbnailUrl\":\"https:\\\/\\\/chemi-3.com\\\/wp-content\\\/uploads\\\/2021\\\/11\\\/15405741-05740-main-20210904201749-1.jpg\",\"datePublished\":\"2021-11-05T17:03:58+00:00\",\"dateModified\":\"2021-11-05T17:04:17+00:00\",\"breadcrumb\":{\"@id\":\"https:\\\/\\\/chemi-3.com\\\/fr\\\/product\\\/serviettes-wypall-l40-en-boite-pop-upmc-bleu-100-pqt-9-pqt-cs\\\/#breadcrumb\"},\"inLanguage\":\"fr-CA\",\"potentialAction\":[{\"@type\":\"ReadAction\",\"target\":[\"https:\\\/\\\/chemi-3.com\\\/fr\\\/product\\\/serviettes-wypall-l40-en-boite-pop-upmc-bleu-100-pqt-9-pqt-cs\\\/\"]}]},{\"@type\":\"ImageObject\",\"inLanguage\":\"fr-CA\",\"@id\":\"https:\\\/\\\/chemi-3.com\\\/fr\\\/product\\\/serviettes-wypall-l40-en-boite-pop-upmc-bleu-100-pqt-9-pqt-cs\\\/#primaryimage\",\"url\":\"https:\\\/\\\/chemi-3.com\\\/wp-content\\\/uploads\\\/2021\\\/11\\\/15405741-05740-main-20210904201749-1.jpg\",\"contentUrl\":\"https:\\\/\\\/chemi-3.com\\\/wp-content\\\/uploads\\\/2021\\\/11\\\/15405741-05740-main-20210904201749-1.jpg\",\"width\":900,\"height\":900,\"caption\":\"Wypall\u00ae L40 Towel Pop-Up\u2122 Box\"},{\"@type\":\"BreadcrumbList\",\"@id\":\"https:\\\/\\\/chemi-3.com\\\/fr\\\/product\\\/serviettes-wypall-l40-en-boite-pop-upmc-bleu-100-pqt-9-pqt-cs\\\/#breadcrumb\",\"itemListElement\":[{\"@type\":\"ListItem\",\"position\":1,\"name\":\"Home\",\"item\":\"https:\\\/\\\/chemi-3.com\\\/fr\\\/\"},{\"@type\":\"ListItem\",\"position\":2,\"name\":\"Produits\",\"item\":\"https:\\\/\\\/chemi-3.com\\\/fr\\\/shop\\\/\"},{\"@type\":\"ListItem\",\"position\":3,\"name\":\"Serviettes wypall\u00ae l40 en bo\u00eete pop-upmc, bleu, 100\\\/pqt, 9\u00a0pqt\\\/cs\"}]},{\"@type\":\"WebSite\",\"@id\":\"https:\\\/\\\/chemi-3.com\\\/fr\\\/#website\",\"url\":\"https:\\\/\\\/chemi-3.com\\\/fr\\\/\",\"name\":\"Chemi-3 Inc.\",\"description\":\"Montreal&#039;s premier distributor of janitorial, sanitary and commercial products.\",\"publisher\":{\"@id\":\"https:\\\/\\\/chemi-3.com\\\/fr\\\/#organization\"},\"potentialAction\":[{\"@type\":\"SearchAction\",\"target\":{\"@type\":\"EntryPoint\",\"urlTemplate\":\"https:\\\/\\\/chemi-3.com\\\/fr\\\/?s={search_term_string}\"},\"query-input\":{\"@type\":\"PropertyValueSpecification\",\"valueRequired\":true,\"valueName\":\"search_term_string\"}}],\"inLanguage\":\"fr-CA\"},{\"@type\":\"Organization\",\"@id\":\"https:\\\/\\\/chemi-3.com\\\/fr\\\/#organization\",\"name\":\"Chemi-3 Industries Inc.\",\"url\":\"https:\\\/\\\/chemi-3.com\\\/fr\\\/\",\"logo\":{\"@type\":\"ImageObject\",\"inLanguage\":\"fr-CA\",\"@id\":\"https:\\\/\\\/chemi-3.com\\\/fr\\\/#\\\/schema\\\/logo\\\/image\\\/\",\"url\":\"http:\\\/\\\/chemi-3.com\\\/wp-content\\\/uploads\\\/2021\\\/09\\\/Chemi3_logo_transparent_highres.png\",\"contentUrl\":\"http:\\\/\\\/chemi-3.com\\\/wp-content\\\/uploads\\\/2021\\\/09\\\/Chemi3_logo_transparent_highres.png\",\"width\":1000,\"height\":387,\"caption\":\"Chemi-3 Industries Inc.\"},\"image\":{\"@id\":\"https:\\\/\\\/chemi-3.com\\\/fr\\\/#\\\/schema\\\/logo\\\/image\\\/\"},\"sameAs\":[\"https:\\\/\\\/www.facebook.com\\\/chemi3inc\\\/\",\"https:\\\/\\\/x.com\\\/chemi3inc\",\"https:\\\/\\\/www.instagram.com\\\/chemi3inc\\\/\",\"https:\\\/\\\/www.linkedin.com\\\/company\\\/chemi3inc\"]}]}<\/script>\n<!-- \/ Yoast SEO plugin. -->","yoast_head_json":{"title":"Serviettes wypall\u00ae l40 en bo\u00eete pop-upmc, bleu, 100\/pqt, 9\u00a0pqt\/cs &#8211; Chemi-3 Inc.","robots":{"index":"index","follow":"follow","max-snippet":"max-snippet:-1","max-image-preview":"max-image-preview:large","max-video-preview":"max-video-preview:-1"},"canonical":"https:\/\/chemi-3.com\/fr\/product\/serviettes-wypall-l40-en-boite-pop-upmc-bleu-100-pqt-9-pqt-cs\/","og_locale":"fr_CA","og_type":"article","og_title":"Serviettes wypall\u00ae l40 en bo\u00eete pop-upmc, bleu, 100\/pqt, 9\u00a0pqt\/cs &#8211; Chemi-3 Inc.","og_description":"Les essuie-tout Kimberly-Clark ProfessionalMC WypAll\u00ae L40 en bleu sont efficaces pour absorber les liquides en un rien de temps. Ces essuie-tout sont faits de cellulose li\u00e9e au moyen de la technologie DRC (double recr\u00eapage) pour assurer la r\u00e9sistance, la douceur et le pouvoir absorbant. Cet essuie-tout absorbe les liquides rapidement, mais ce que vous ressentirez, [&hellip;]","og_url":"https:\/\/chemi-3.com\/fr\/product\/serviettes-wypall-l40-en-boite-pop-upmc-bleu-100-pqt-9-pqt-cs\/","og_site_name":"Chemi-3 Inc.","article_publisher":"https:\/\/www.facebook.com\/chemi3inc\/","article_modified_time":"2021-11-05T17:04:17+00:00","og_image":[{"width":900,"height":900,"url":"https:\/\/chemi-3.com\/wp-content\/uploads\/2021\/11\/15405741-05740-main-20210904201749-1.jpg","type":"image\/jpeg"}],"twitter_card":"summary_large_image","twitter_site":"@chemi3inc","twitter_misc":{"Estimation du temps de lecture":"1 minute"},"schema":{"@context":"https:\/\/schema.org","@graph":[{"@type":["WebPage","ItemPage"],"@id":"https:\/\/chemi-3.com\/fr\/product\/serviettes-wypall-l40-en-boite-pop-upmc-bleu-100-pqt-9-pqt-cs\/","url":"https:\/\/chemi-3.com\/fr\/product\/serviettes-wypall-l40-en-boite-pop-upmc-bleu-100-pqt-9-pqt-cs\/","name":"Serviettes wypall\u00ae l40 en bo\u00eete pop-upmc, bleu, 100\/pqt, 9\u00a0pqt\/cs &#8211; Chemi-3 Inc.","isPartOf":{"@id":"https:\/\/chemi-3.com\/fr\/#website"},"primaryImageOfPage":{"@id":"https:\/\/chemi-3.com\/fr\/product\/serviettes-wypall-l40-en-boite-pop-upmc-bleu-100-pqt-9-pqt-cs\/#primaryimage"},"image":{"@id":"https:\/\/chemi-3.com\/fr\/product\/serviettes-wypall-l40-en-boite-pop-upmc-bleu-100-pqt-9-pqt-cs\/#primaryimage"},"thumbnailUrl":"https:\/\/chemi-3.com\/wp-content\/uploads\/2021\/11\/15405741-05740-main-20210904201749-1.jpg","datePublished":"2021-11-05T17:03:58+00:00","dateModified":"2021-11-05T17:04:17+00:00","breadcrumb":{"@id":"https:\/\/chemi-3.com\/fr\/product\/serviettes-wypall-l40-en-boite-pop-upmc-bleu-100-pqt-9-pqt-cs\/#breadcrumb"},"inLanguage":"fr-CA","potentialAction":[{"@type":"ReadAction","target":["https:\/\/chemi-3.com\/fr\/product\/serviettes-wypall-l40-en-boite-pop-upmc-bleu-100-pqt-9-pqt-cs\/"]}]},{"@type":"ImageObject","inLanguage":"fr-CA","@id":"https:\/\/chemi-3.com\/fr\/product\/serviettes-wypall-l40-en-boite-pop-upmc-bleu-100-pqt-9-pqt-cs\/#primaryimage","url":"https:\/\/chemi-3.com\/wp-content\/uploads\/2021\/11\/15405741-05740-main-20210904201749-1.jpg","contentUrl":"https:\/\/chemi-3.com\/wp-content\/uploads\/2021\/11\/15405741-05740-main-20210904201749-1.jpg","width":900,"height":900,"caption":"Wypall\u00ae L40 Towel Pop-Up\u2122 Box"},{"@type":"BreadcrumbList","@id":"https:\/\/chemi-3.com\/fr\/product\/serviettes-wypall-l40-en-boite-pop-upmc-bleu-100-pqt-9-pqt-cs\/#breadcrumb","itemListElement":[{"@type":"ListItem","position":1,"name":"Home","item":"https:\/\/chemi-3.com\/fr\/"},{"@type":"ListItem","position":2,"name":"Produits","item":"https:\/\/chemi-3.com\/fr\/shop\/"},{"@type":"ListItem","position":3,"name":"Serviettes wypall\u00ae l40 en bo\u00eete pop-upmc, bleu, 100\/pqt, 9\u00a0pqt\/cs"}]},{"@type":"WebSite","@id":"https:\/\/chemi-3.com\/fr\/#website","url":"https:\/\/chemi-3.com\/fr\/","name":"Chemi-3 Inc.","description":"Montreal&#039;s premier distributor of janitorial, sanitary and commercial products.","publisher":{"@id":"https:\/\/chemi-3.com\/fr\/#organization"},"potentialAction":[{"@type":"SearchAction","target":{"@type":"EntryPoint","urlTemplate":"https:\/\/chemi-3.com\/fr\/?s={search_term_string}"},"query-input":{"@type":"PropertyValueSpecification","valueRequired":true,"valueName":"search_term_string"}}],"inLanguage":"fr-CA"},{"@type":"Organization","@id":"https:\/\/chemi-3.com\/fr\/#organization","name":"Chemi-3 Industries Inc.","url":"https:\/\/chemi-3.com\/fr\/","logo":{"@type":"ImageObject","inLanguage":"fr-CA","@id":"https:\/\/chemi-3.com\/fr\/#\/schema\/logo\/image\/","url":"http:\/\/chemi-3.com\/wp-content\/uploads\/2021\/09\/Chemi3_logo_transparent_highres.png","contentUrl":"http:\/\/chemi-3.com\/wp-content\/uploads\/2021\/09\/Chemi3_logo_transparent_highres.png","width":1000,"height":387,"caption":"Chemi-3 Industries Inc."},"image":{"@id":"https:\/\/chemi-3.com\/fr\/#\/schema\/logo\/image\/"},"sameAs":["https:\/\/www.facebook.com\/chemi3inc\/","https:\/\/x.com\/chemi3inc","https:\/\/www.instagram.com\/chemi3inc\/","https:\/\/www.linkedin.com\/company\/chemi3inc"]}]}},"_links":{"self":[{"href":"https:\/\/chemi-3.com\/fr\/wp-json\/wp\/v2\/product\/27582","targetHints":{"allow":["GET"]}}],"collection":[{"href":"https:\/\/chemi-3.com\/fr\/wp-json\/wp\/v2\/product"}],"about":[{"href":"https:\/\/chemi-3.com\/fr\/wp-json\/wp\/v2\/types\/product"}],"replies":[{"embeddable":true,"href":"https:\/\/chemi-3.com\/fr\/wp-json\/wp\/v2\/comments?post=27582"}],"wp:featuredmedia":[{"embeddable":true,"href":"https:\/\/chemi-3.com\/fr\/wp-json\/wp\/v2\/media\/23719"}],"wp:attachment":[{"href":"https:\/\/chemi-3.com\/fr\/wp-json\/wp\/v2\/media?parent=27582"}],"wp:term":[{"taxonomy":"product_brand","embeddable":true,"href":"https:\/\/chemi-3.com\/fr\/wp-json\/wp\/v2\/product_brand?post=27582"},{"taxonomy":"product_cat","embeddable":true,"href":"https:\/\/chemi-3.com\/fr\/wp-json\/wp\/v2\/product_cat?post=27582"},{"taxonomy":"product_tag","embeddable":true,"href":"https:\/\/chemi-3.com\/fr\/wp-json\/wp\/v2\/product_tag?post=27582"}],"curies":[{"name":"wp","href":"https:\/\/api.w.org\/{rel}","templated":true}]}}