{"id":27588,"date":"2021-11-05T13:03:58","date_gmt":"2021-11-05T17:03:58","guid":{"rendered":"https:\/\/chemi-3.com\/product\/essuie-tout-wypall-x60-boite-a-distribution-facile-blanc-126-par-boite\/"},"modified":"2021-11-05T13:04:18","modified_gmt":"2021-11-05T17:04:18","slug":"essuie-tout-wypall-x60-boite-a-distribution-facile-blanc-126-par-boite","status":"publish","type":"product","link":"https:\/\/chemi-3.com\/fr\/product\/essuie-tout-wypall-x60-boite-a-distribution-facile-blanc-126-par-boite\/","title":{"rendered":"Essuie-tout wypall\u00ae x60, bo\u00eete \u00e0 distribution facile, blanc, 126 par bo\u00eete"},"content":{"rendered":"<body><p>Livre pour livre, les essuie-tout WYPALL\u00ae X60 absorbent plus de deux fois plus d\u2019eau que les chiffons. Ils apportent le pouvoir absorbant de la technologie HydroKnit (pour une capacit\u00e9 d\u2019absorption sup\u00e9rieure) \u00e0 un essuie-glace plus l\u00e9ger. Con\u00e7us pour \u00eatre plus performants que les chiffons lav\u00e9s, les essuie-tout WYPALL X60 aident \u00e0 \u00e9lever le standard des essuie-tout \u00e0 une valeur exceptionnelle. Ils n\u2019utilisent ni adh\u00e9sifs ni liants, ils ne laissent donc aucun r\u00e9sidu et sont renforc\u00e9s pour plus de r\u00e9sistance lorsqu\u2019ils sont mouill\u00e9s ou secs. Ils peuvent \u00eatre utilis\u00e9s pour l\u2019application de diluants et de solvants, pour l\u2019\u00e9limination des lubrifiants de c\u00e2bles, pour le nettoyage des adh\u00e9sifs, de la graisse et de la salet\u00e9 dans les espaces restreints. Ces essuie-tout de nettoyage sont livr\u00e9s dans une bo\u00eete \u00e0 distribution facile (les jeter apr\u00e8s plusieurs utilisations). Ils sont con\u00e7us pour vous faire d\u00e9penser moins et pour r\u00e9duire les d\u00e9chets. Lorsque l\u2019efficacit\u00e9 et la qualit\u00e9 sont en t\u00eate de liste de vos priorit\u00e9s, vous pouvez avoir confiance que les essuie-tout r\u00e9utilisables WypAll\u00ae X60 sauront \u00eatre \u00e0 la hauteur de vos attentes. 126 essuie-tout\/bo\u00eete, 10 bo\u00eetes\/caisse, 1 260 essuie-tout\/caisse<br>\nUnit\u00e9 de mesure : 10\/126<\/p>\n<\/body>","protected":false},"excerpt":{"rendered":"<p>Livre pour livre, les essuie-tout WYPALL\u00ae X60 absorbent plus de deux fois plus d\u2019eau que les chiffons. Ils apportent le pouvoir absorbant de la technologie HydroKnit (pour une capacit\u00e9 d\u2019absorption sup\u00e9rieure) \u00e0 un essuie-glace plus l\u00e9ger. Con\u00e7us pour \u00eatre plus performants que les chiffons lav\u00e9s, les essuie-tout WYPALL X60 aident \u00e0 \u00e9lever le standard des [&hellip;]<\/p>\n","protected":false},"featured_media":23730,"comment_status":"closed","ping_status":"open","template":"","meta":{"_et_pb_use_builder":"","_et_pb_old_content":"","_et_gb_content_width":""},"product_brand":[],"product_cat":[12840],"product_tag":[13923,13617,13689],"class_list":{"0":"post-27588","1":"product","2":"type-product","3":"status-publish","4":"has-post-thumbnail","6":"product_cat-chiffons-secs","7":"product_tag-chiffons-secs","8":"product_tag-essuie-mains-papier-hygienique-et-lingettes","9":"product_tag-lingettes","10":"pa_country-of-origin-united-states","11":"pa_is-hazardous-material-non","12":"pa_product-colour-blanc","13":"pa_product-material-kraft-paper","15":"first","16":"instock","17":"taxable","18":"shipping-taxable","19":"purchasable","20":"product-type-simple"},"yoast_head":"<!-- This site is optimized with the Yoast SEO plugin v27.5 - https:\/\/yoast.com\/product\/yoast-seo-wordpress\/ -->\n<title>Essuie-tout wypall\u00ae x60, bo\u00eete \u00e0 distribution facile, blanc, 126 par bo\u00eete &#8211; Chemi-3 Inc.<\/title>\n<meta name=\"robots\" content=\"index, follow, max-snippet:-1, max-image-preview:large, max-video-preview:-1\" \/>\n<link rel=\"canonical\" href=\"https:\/\/chemi-3.com\/fr\/product\/essuie-tout-wypall-x60-boite-a-distribution-facile-blanc-126-par-boite\/\" \/>\n<meta property=\"og:locale\" content=\"fr_CA\" \/>\n<meta property=\"og:type\" content=\"article\" \/>\n<meta property=\"og:title\" content=\"Essuie-tout wypall\u00ae x60, bo\u00eete \u00e0 distribution facile, blanc, 126 par bo\u00eete &#8211; Chemi-3 Inc.\" \/>\n<meta property=\"og:description\" content=\"Livre pour livre, les essuie-tout WYPALL\u00ae X60 absorbent plus de deux fois plus d\u2019eau que les chiffons. Ils apportent le pouvoir absorbant de la technologie HydroKnit (pour une capacit\u00e9 d\u2019absorption sup\u00e9rieure) \u00e0 un essuie-glace plus l\u00e9ger. Con\u00e7us pour \u00eatre plus performants que les chiffons lav\u00e9s, les essuie-tout WYPALL X60 aident \u00e0 \u00e9lever le standard des [&hellip;]\" \/>\n<meta property=\"og:url\" content=\"https:\/\/chemi-3.com\/fr\/product\/essuie-tout-wypall-x60-boite-a-distribution-facile-blanc-126-par-boite\/\" \/>\n<meta property=\"og:site_name\" content=\"Chemi-3 Inc.\" \/>\n<meta property=\"article:publisher\" content=\"https:\/\/www.facebook.com\/chemi3inc\/\" \/>\n<meta property=\"article:modified_time\" content=\"2021-11-05T17:04:18+00:00\" \/>\n<meta property=\"og:image\" content=\"https:\/\/chemi-3.com\/wp-content\/uploads\/2021\/11\/15409050-34790-main-20210904201749-1.jpg\" \/>\n\t<meta property=\"og:image:width\" content=\"900\" \/>\n\t<meta property=\"og:image:height\" content=\"900\" \/>\n\t<meta property=\"og:image:type\" content=\"image\/jpeg\" \/>\n<meta name=\"twitter:card\" content=\"summary_large_image\" \/>\n<meta name=\"twitter:site\" content=\"@chemi3inc\" \/>\n<meta name=\"twitter:label1\" content=\"Estimation du temps de lecture\" \/>\n\t<meta name=\"twitter:data1\" content=\"1 minute\" \/>\n<script type=\"application\/ld+json\" class=\"yoast-schema-graph\">{\"@context\":\"https:\\\/\\\/schema.org\",\"@graph\":[{\"@type\":[\"WebPage\",\"ItemPage\"],\"@id\":\"https:\\\/\\\/chemi-3.com\\\/fr\\\/product\\\/essuie-tout-wypall-x60-boite-a-distribution-facile-blanc-126-par-boite\\\/\",\"url\":\"https:\\\/\\\/chemi-3.com\\\/fr\\\/product\\\/essuie-tout-wypall-x60-boite-a-distribution-facile-blanc-126-par-boite\\\/\",\"name\":\"Essuie-tout wypall\u00ae x60, bo\u00eete \u00e0 distribution facile, blanc, 126 par bo\u00eete &#8211; Chemi-3 Inc.\",\"isPartOf\":{\"@id\":\"https:\\\/\\\/chemi-3.com\\\/fr\\\/#website\"},\"primaryImageOfPage\":{\"@id\":\"https:\\\/\\\/chemi-3.com\\\/fr\\\/product\\\/essuie-tout-wypall-x60-boite-a-distribution-facile-blanc-126-par-boite\\\/#primaryimage\"},\"image\":{\"@id\":\"https:\\\/\\\/chemi-3.com\\\/fr\\\/product\\\/essuie-tout-wypall-x60-boite-a-distribution-facile-blanc-126-par-boite\\\/#primaryimage\"},\"thumbnailUrl\":\"https:\\\/\\\/chemi-3.com\\\/wp-content\\\/uploads\\\/2021\\\/11\\\/15409050-34790-main-20210904201749-1.jpg\",\"datePublished\":\"2021-11-05T17:03:58+00:00\",\"dateModified\":\"2021-11-05T17:04:18+00:00\",\"breadcrumb\":{\"@id\":\"https:\\\/\\\/chemi-3.com\\\/fr\\\/product\\\/essuie-tout-wypall-x60-boite-a-distribution-facile-blanc-126-par-boite\\\/#breadcrumb\"},\"inLanguage\":\"fr-CA\",\"potentialAction\":[{\"@type\":\"ReadAction\",\"target\":[\"https:\\\/\\\/chemi-3.com\\\/fr\\\/product\\\/essuie-tout-wypall-x60-boite-a-distribution-facile-blanc-126-par-boite\\\/\"]}]},{\"@type\":\"ImageObject\",\"inLanguage\":\"fr-CA\",\"@id\":\"https:\\\/\\\/chemi-3.com\\\/fr\\\/product\\\/essuie-tout-wypall-x60-boite-a-distribution-facile-blanc-126-par-boite\\\/#primaryimage\",\"url\":\"https:\\\/\\\/chemi-3.com\\\/wp-content\\\/uploads\\\/2021\\\/11\\\/15409050-34790-main-20210904201749-1.jpg\",\"contentUrl\":\"https:\\\/\\\/chemi-3.com\\\/wp-content\\\/uploads\\\/2021\\\/11\\\/15409050-34790-main-20210904201749-1.jpg\",\"width\":900,\"height\":900,\"caption\":\"Wypall\u00ae X60 Cloth Pop-Up\u2122 Box\"},{\"@type\":\"BreadcrumbList\",\"@id\":\"https:\\\/\\\/chemi-3.com\\\/fr\\\/product\\\/essuie-tout-wypall-x60-boite-a-distribution-facile-blanc-126-par-boite\\\/#breadcrumb\",\"itemListElement\":[{\"@type\":\"ListItem\",\"position\":1,\"name\":\"Home\",\"item\":\"https:\\\/\\\/chemi-3.com\\\/fr\\\/\"},{\"@type\":\"ListItem\",\"position\":2,\"name\":\"Produits\",\"item\":\"https:\\\/\\\/chemi-3.com\\\/fr\\\/shop\\\/\"},{\"@type\":\"ListItem\",\"position\":3,\"name\":\"Essuie-tout wypall\u00ae x60, bo\u00eete \u00e0 distribution facile, blanc, 126 par bo\u00eete\"}]},{\"@type\":\"WebSite\",\"@id\":\"https:\\\/\\\/chemi-3.com\\\/fr\\\/#website\",\"url\":\"https:\\\/\\\/chemi-3.com\\\/fr\\\/\",\"name\":\"Chemi-3 Inc.\",\"description\":\"Montreal&#039;s premier distributor of janitorial, sanitary and commercial products.\",\"publisher\":{\"@id\":\"https:\\\/\\\/chemi-3.com\\\/fr\\\/#organization\"},\"potentialAction\":[{\"@type\":\"SearchAction\",\"target\":{\"@type\":\"EntryPoint\",\"urlTemplate\":\"https:\\\/\\\/chemi-3.com\\\/fr\\\/?s={search_term_string}\"},\"query-input\":{\"@type\":\"PropertyValueSpecification\",\"valueRequired\":true,\"valueName\":\"search_term_string\"}}],\"inLanguage\":\"fr-CA\"},{\"@type\":\"Organization\",\"@id\":\"https:\\\/\\\/chemi-3.com\\\/fr\\\/#organization\",\"name\":\"Chemi-3 Industries Inc.\",\"url\":\"https:\\\/\\\/chemi-3.com\\\/fr\\\/\",\"logo\":{\"@type\":\"ImageObject\",\"inLanguage\":\"fr-CA\",\"@id\":\"https:\\\/\\\/chemi-3.com\\\/fr\\\/#\\\/schema\\\/logo\\\/image\\\/\",\"url\":\"http:\\\/\\\/chemi-3.com\\\/wp-content\\\/uploads\\\/2021\\\/09\\\/Chemi3_logo_transparent_highres.png\",\"contentUrl\":\"http:\\\/\\\/chemi-3.com\\\/wp-content\\\/uploads\\\/2021\\\/09\\\/Chemi3_logo_transparent_highres.png\",\"width\":1000,\"height\":387,\"caption\":\"Chemi-3 Industries Inc.\"},\"image\":{\"@id\":\"https:\\\/\\\/chemi-3.com\\\/fr\\\/#\\\/schema\\\/logo\\\/image\\\/\"},\"sameAs\":[\"https:\\\/\\\/www.facebook.com\\\/chemi3inc\\\/\",\"https:\\\/\\\/x.com\\\/chemi3inc\",\"https:\\\/\\\/www.instagram.com\\\/chemi3inc\\\/\",\"https:\\\/\\\/www.linkedin.com\\\/company\\\/chemi3inc\"]}]}<\/script>\n<!-- \/ Yoast SEO plugin. -->","yoast_head_json":{"title":"Essuie-tout wypall\u00ae x60, bo\u00eete \u00e0 distribution facile, blanc, 126 par bo\u00eete &#8211; Chemi-3 Inc.","robots":{"index":"index","follow":"follow","max-snippet":"max-snippet:-1","max-image-preview":"max-image-preview:large","max-video-preview":"max-video-preview:-1"},"canonical":"https:\/\/chemi-3.com\/fr\/product\/essuie-tout-wypall-x60-boite-a-distribution-facile-blanc-126-par-boite\/","og_locale":"fr_CA","og_type":"article","og_title":"Essuie-tout wypall\u00ae x60, bo\u00eete \u00e0 distribution facile, blanc, 126 par bo\u00eete &#8211; Chemi-3 Inc.","og_description":"Livre pour livre, les essuie-tout WYPALL\u00ae X60 absorbent plus de deux fois plus d\u2019eau que les chiffons. Ils apportent le pouvoir absorbant de la technologie HydroKnit (pour une capacit\u00e9 d\u2019absorption sup\u00e9rieure) \u00e0 un essuie-glace plus l\u00e9ger. Con\u00e7us pour \u00eatre plus performants que les chiffons lav\u00e9s, les essuie-tout WYPALL X60 aident \u00e0 \u00e9lever le standard des [&hellip;]","og_url":"https:\/\/chemi-3.com\/fr\/product\/essuie-tout-wypall-x60-boite-a-distribution-facile-blanc-126-par-boite\/","og_site_name":"Chemi-3 Inc.","article_publisher":"https:\/\/www.facebook.com\/chemi3inc\/","article_modified_time":"2021-11-05T17:04:18+00:00","og_image":[{"width":900,"height":900,"url":"https:\/\/chemi-3.com\/wp-content\/uploads\/2021\/11\/15409050-34790-main-20210904201749-1.jpg","type":"image\/jpeg"}],"twitter_card":"summary_large_image","twitter_site":"@chemi3inc","twitter_misc":{"Estimation du temps de lecture":"1 minute"},"schema":{"@context":"https:\/\/schema.org","@graph":[{"@type":["WebPage","ItemPage"],"@id":"https:\/\/chemi-3.com\/fr\/product\/essuie-tout-wypall-x60-boite-a-distribution-facile-blanc-126-par-boite\/","url":"https:\/\/chemi-3.com\/fr\/product\/essuie-tout-wypall-x60-boite-a-distribution-facile-blanc-126-par-boite\/","name":"Essuie-tout wypall\u00ae x60, bo\u00eete \u00e0 distribution facile, blanc, 126 par bo\u00eete &#8211; Chemi-3 Inc.","isPartOf":{"@id":"https:\/\/chemi-3.com\/fr\/#website"},"primaryImageOfPage":{"@id":"https:\/\/chemi-3.com\/fr\/product\/essuie-tout-wypall-x60-boite-a-distribution-facile-blanc-126-par-boite\/#primaryimage"},"image":{"@id":"https:\/\/chemi-3.com\/fr\/product\/essuie-tout-wypall-x60-boite-a-distribution-facile-blanc-126-par-boite\/#primaryimage"},"thumbnailUrl":"https:\/\/chemi-3.com\/wp-content\/uploads\/2021\/11\/15409050-34790-main-20210904201749-1.jpg","datePublished":"2021-11-05T17:03:58+00:00","dateModified":"2021-11-05T17:04:18+00:00","breadcrumb":{"@id":"https:\/\/chemi-3.com\/fr\/product\/essuie-tout-wypall-x60-boite-a-distribution-facile-blanc-126-par-boite\/#breadcrumb"},"inLanguage":"fr-CA","potentialAction":[{"@type":"ReadAction","target":["https:\/\/chemi-3.com\/fr\/product\/essuie-tout-wypall-x60-boite-a-distribution-facile-blanc-126-par-boite\/"]}]},{"@type":"ImageObject","inLanguage":"fr-CA","@id":"https:\/\/chemi-3.com\/fr\/product\/essuie-tout-wypall-x60-boite-a-distribution-facile-blanc-126-par-boite\/#primaryimage","url":"https:\/\/chemi-3.com\/wp-content\/uploads\/2021\/11\/15409050-34790-main-20210904201749-1.jpg","contentUrl":"https:\/\/chemi-3.com\/wp-content\/uploads\/2021\/11\/15409050-34790-main-20210904201749-1.jpg","width":900,"height":900,"caption":"Wypall\u00ae X60 Cloth Pop-Up\u2122 Box"},{"@type":"BreadcrumbList","@id":"https:\/\/chemi-3.com\/fr\/product\/essuie-tout-wypall-x60-boite-a-distribution-facile-blanc-126-par-boite\/#breadcrumb","itemListElement":[{"@type":"ListItem","position":1,"name":"Home","item":"https:\/\/chemi-3.com\/fr\/"},{"@type":"ListItem","position":2,"name":"Produits","item":"https:\/\/chemi-3.com\/fr\/shop\/"},{"@type":"ListItem","position":3,"name":"Essuie-tout wypall\u00ae x60, bo\u00eete \u00e0 distribution facile, blanc, 126 par bo\u00eete"}]},{"@type":"WebSite","@id":"https:\/\/chemi-3.com\/fr\/#website","url":"https:\/\/chemi-3.com\/fr\/","name":"Chemi-3 Inc.","description":"Montreal&#039;s premier distributor of janitorial, sanitary and commercial products.","publisher":{"@id":"https:\/\/chemi-3.com\/fr\/#organization"},"potentialAction":[{"@type":"SearchAction","target":{"@type":"EntryPoint","urlTemplate":"https:\/\/chemi-3.com\/fr\/?s={search_term_string}"},"query-input":{"@type":"PropertyValueSpecification","valueRequired":true,"valueName":"search_term_string"}}],"inLanguage":"fr-CA"},{"@type":"Organization","@id":"https:\/\/chemi-3.com\/fr\/#organization","name":"Chemi-3 Industries Inc.","url":"https:\/\/chemi-3.com\/fr\/","logo":{"@type":"ImageObject","inLanguage":"fr-CA","@id":"https:\/\/chemi-3.com\/fr\/#\/schema\/logo\/image\/","url":"http:\/\/chemi-3.com\/wp-content\/uploads\/2021\/09\/Chemi3_logo_transparent_highres.png","contentUrl":"http:\/\/chemi-3.com\/wp-content\/uploads\/2021\/09\/Chemi3_logo_transparent_highres.png","width":1000,"height":387,"caption":"Chemi-3 Industries Inc."},"image":{"@id":"https:\/\/chemi-3.com\/fr\/#\/schema\/logo\/image\/"},"sameAs":["https:\/\/www.facebook.com\/chemi3inc\/","https:\/\/x.com\/chemi3inc","https:\/\/www.instagram.com\/chemi3inc\/","https:\/\/www.linkedin.com\/company\/chemi3inc"]}]}},"_links":{"self":[{"href":"https:\/\/chemi-3.com\/fr\/wp-json\/wp\/v2\/product\/27588","targetHints":{"allow":["GET"]}}],"collection":[{"href":"https:\/\/chemi-3.com\/fr\/wp-json\/wp\/v2\/product"}],"about":[{"href":"https:\/\/chemi-3.com\/fr\/wp-json\/wp\/v2\/types\/product"}],"replies":[{"embeddable":true,"href":"https:\/\/chemi-3.com\/fr\/wp-json\/wp\/v2\/comments?post=27588"}],"wp:featuredmedia":[{"embeddable":true,"href":"https:\/\/chemi-3.com\/fr\/wp-json\/wp\/v2\/media\/23730"}],"wp:attachment":[{"href":"https:\/\/chemi-3.com\/fr\/wp-json\/wp\/v2\/media?parent=27588"}],"wp:term":[{"taxonomy":"product_brand","embeddable":true,"href":"https:\/\/chemi-3.com\/fr\/wp-json\/wp\/v2\/product_brand?post=27588"},{"taxonomy":"product_cat","embeddable":true,"href":"https:\/\/chemi-3.com\/fr\/wp-json\/wp\/v2\/product_cat?post=27588"},{"taxonomy":"product_tag","embeddable":true,"href":"https:\/\/chemi-3.com\/fr\/wp-json\/wp\/v2\/product_tag?post=27588"}],"curies":[{"name":"wp","href":"https:\/\/api.w.org\/{rel}","templated":true}]}}