{"id":27600,"date":"2021-11-05T13:03:58","date_gmt":"2021-11-05T17:03:58","guid":{"rendered":"https:\/\/chemi-3.com\/product\/chiffons-dans-un-seau-wypall-x70-blanc-220-seau-2-seaux-cs\/"},"modified":"2021-11-05T13:04:21","modified_gmt":"2021-11-05T17:04:21","slug":"chiffons-dans-un-seau-wypall-x70-blanc-220-seau-2-seaux-cs","status":"publish","type":"product","link":"https:\/\/chemi-3.com\/fr\/product\/chiffons-dans-un-seau-wypall-x70-blanc-220-seau-2-seaux-cs\/","title":{"rendered":"Chiffons dans un seau wypall\u00ae x70, blanc, 220\/seau, 2\u00a0seaux\/cs"},"content":{"rendered":"<body><p>La trousse de chiffons Kimberly-Clark ProfessionalMC WypAll\u00ae X70 comporte deux seaux tout-temps portables et r\u00e9sistants et des chiffons durables WypAll\u00ae X70 \u00e0 usage prolong\u00e9. Ces chiffons robustes sont faits de tissu de haute technologie HydroKnit hyper-absorbant pour nettoyer l\u2019huile, la salet\u00e9 et les solvants. Utilisez-les pour nettoyer les surfaces et les outils et pour l\u2019essuyage d\u2019entretien lourd, gr\u00e2ce \u00e0 leur r\u00e9sistance aux solvants, leur capacit\u00e9 d\u2019absorption et leur r\u00e9sistance \u00e0 l\u2019\u00e9tat humide. Vous pouvez les rincer et les r\u00e9utiliser. Le seau facile \u00e0 transporter garde les chiffons propres et \u00e0 port\u00e9e de la main. Les chiffons durables et absorbants restent solides pour le nettoyage et le seau portable les garde propres. Le pouvoir d\u2019imbibition de l\u2019HydroKnit ramasse l\u2019eau presque instantan\u00e9ment et la garde pour limiter l\u2019\u00e9gouttement mieux que des chiffons industriels. Les dimensions de ce produit sont 9,75\u00a0po x 13\u00a0po et il est vendu en caisses de 2\u00a0seaux contenant 220\u00a0feuilles chacun.<br>\nUnit\u00e9 de mesure : 2\/220<\/p>\n<\/body>","protected":false},"excerpt":{"rendered":"<p>La trousse de chiffons Kimberly-Clark ProfessionalMC WypAll\u00ae X70 comporte deux seaux tout-temps portables et r\u00e9sistants et des chiffons durables WypAll\u00ae X70 \u00e0 usage prolong\u00e9. Ces chiffons robustes sont faits de tissu de haute technologie HydroKnit hyper-absorbant pour nettoyer l\u2019huile, la salet\u00e9 et les solvants. Utilisez-les pour nettoyer les surfaces et les outils et pour l\u2019essuyage [&hellip;]<\/p>\n","protected":false},"featured_media":23752,"comment_status":"closed","ping_status":"open","template":"","meta":{"_et_pb_use_builder":"","_et_pb_old_content":"","_et_gb_content_width":""},"product_brand":[],"product_cat":[12840],"product_tag":[13923,13617,13689],"class_list":{"0":"post-27600","1":"product","2":"type-product","3":"status-publish","4":"has-post-thumbnail","6":"product_cat-chiffons-secs","7":"product_tag-chiffons-secs","8":"product_tag-essuie-mains-papier-hygienique-et-lingettes","9":"product_tag-lingettes","10":"pa_country-of-origin-united-states","11":"pa_is-hazardous-material-non","12":"pa_product-colour-blanc","13":"pa_product-material-hydroknit-2","15":"first","16":"instock","17":"taxable","18":"shipping-taxable","19":"purchasable","20":"product-type-simple"},"yoast_head":"<!-- This site is optimized with the Yoast SEO plugin v27.5 - https:\/\/yoast.com\/product\/yoast-seo-wordpress\/ -->\n<title>Chiffons dans un seau wypall\u00ae x70, blanc, 220\/seau, 2\u00a0seaux\/cs &#8211; Chemi-3 Inc.<\/title>\n<meta name=\"robots\" content=\"index, follow, max-snippet:-1, max-image-preview:large, max-video-preview:-1\" \/>\n<link rel=\"canonical\" href=\"https:\/\/chemi-3.com\/fr\/product\/chiffons-dans-un-seau-wypall-x70-blanc-220-seau-2-seaux-cs\/\" \/>\n<meta property=\"og:locale\" content=\"fr_CA\" \/>\n<meta property=\"og:type\" content=\"article\" \/>\n<meta property=\"og:title\" content=\"Chiffons dans un seau wypall\u00ae x70, blanc, 220\/seau, 2\u00a0seaux\/cs &#8211; Chemi-3 Inc.\" \/>\n<meta property=\"og:description\" content=\"La trousse de chiffons Kimberly-Clark ProfessionalMC WypAll\u00ae X70 comporte deux seaux tout-temps portables et r\u00e9sistants et des chiffons durables WypAll\u00ae X70 \u00e0 usage prolong\u00e9. Ces chiffons robustes sont faits de tissu de haute technologie HydroKnit hyper-absorbant pour nettoyer l\u2019huile, la salet\u00e9 et les solvants. Utilisez-les pour nettoyer les surfaces et les outils et pour l\u2019essuyage [&hellip;]\" \/>\n<meta property=\"og:url\" content=\"https:\/\/chemi-3.com\/fr\/product\/chiffons-dans-un-seau-wypall-x70-blanc-220-seau-2-seaux-cs\/\" \/>\n<meta property=\"og:site_name\" content=\"Chemi-3 Inc.\" \/>\n<meta property=\"article:publisher\" content=\"https:\/\/www.facebook.com\/chemi3inc\/\" \/>\n<meta property=\"article:modified_time\" content=\"2021-11-05T17:04:21+00:00\" \/>\n<meta property=\"og:image\" content=\"https:\/\/chemi-3.com\/wp-content\/uploads\/2021\/11\/15403561-83561-main-20210902030407-1.jpg\" \/>\n\t<meta property=\"og:image:width\" content=\"900\" \/>\n\t<meta property=\"og:image:height\" content=\"900\" \/>\n\t<meta property=\"og:image:type\" content=\"image\/jpeg\" \/>\n<meta name=\"twitter:card\" content=\"summary_large_image\" \/>\n<meta name=\"twitter:site\" content=\"@chemi3inc\" \/>\n<meta name=\"twitter:label1\" content=\"Estimation du temps de lecture\" \/>\n\t<meta name=\"twitter:data1\" content=\"1 minute\" \/>\n<script type=\"application\/ld+json\" class=\"yoast-schema-graph\">{\"@context\":\"https:\\\/\\\/schema.org\",\"@graph\":[{\"@type\":[\"WebPage\",\"ItemPage\"],\"@id\":\"https:\\\/\\\/chemi-3.com\\\/fr\\\/product\\\/chiffons-dans-un-seau-wypall-x70-blanc-220-seau-2-seaux-cs\\\/\",\"url\":\"https:\\\/\\\/chemi-3.com\\\/fr\\\/product\\\/chiffons-dans-un-seau-wypall-x70-blanc-220-seau-2-seaux-cs\\\/\",\"name\":\"Chiffons dans un seau wypall\u00ae x70, blanc, 220\\\/seau, 2\u00a0seaux\\\/cs &#8211; Chemi-3 Inc.\",\"isPartOf\":{\"@id\":\"https:\\\/\\\/chemi-3.com\\\/fr\\\/#website\"},\"primaryImageOfPage\":{\"@id\":\"https:\\\/\\\/chemi-3.com\\\/fr\\\/product\\\/chiffons-dans-un-seau-wypall-x70-blanc-220-seau-2-seaux-cs\\\/#primaryimage\"},\"image\":{\"@id\":\"https:\\\/\\\/chemi-3.com\\\/fr\\\/product\\\/chiffons-dans-un-seau-wypall-x70-blanc-220-seau-2-seaux-cs\\\/#primaryimage\"},\"thumbnailUrl\":\"https:\\\/\\\/chemi-3.com\\\/wp-content\\\/uploads\\\/2021\\\/11\\\/15403561-83561-main-20210902030407-1.jpg\",\"datePublished\":\"2021-11-05T17:03:58+00:00\",\"dateModified\":\"2021-11-05T17:04:21+00:00\",\"breadcrumb\":{\"@id\":\"https:\\\/\\\/chemi-3.com\\\/fr\\\/product\\\/chiffons-dans-un-seau-wypall-x70-blanc-220-seau-2-seaux-cs\\\/#breadcrumb\"},\"inLanguage\":\"fr-CA\",\"potentialAction\":[{\"@type\":\"ReadAction\",\"target\":[\"https:\\\/\\\/chemi-3.com\\\/fr\\\/product\\\/chiffons-dans-un-seau-wypall-x70-blanc-220-seau-2-seaux-cs\\\/\"]}]},{\"@type\":\"ImageObject\",\"inLanguage\":\"fr-CA\",\"@id\":\"https:\\\/\\\/chemi-3.com\\\/fr\\\/product\\\/chiffons-dans-un-seau-wypall-x70-blanc-220-seau-2-seaux-cs\\\/#primaryimage\",\"url\":\"https:\\\/\\\/chemi-3.com\\\/wp-content\\\/uploads\\\/2021\\\/11\\\/15403561-83561-main-20210902030407-1.jpg\",\"contentUrl\":\"https:\\\/\\\/chemi-3.com\\\/wp-content\\\/uploads\\\/2021\\\/11\\\/15403561-83561-main-20210902030407-1.jpg\",\"width\":900,\"height\":900,\"caption\":\"Wypall\u00ae X70 Cloths In A Bucket\"},{\"@type\":\"BreadcrumbList\",\"@id\":\"https:\\\/\\\/chemi-3.com\\\/fr\\\/product\\\/chiffons-dans-un-seau-wypall-x70-blanc-220-seau-2-seaux-cs\\\/#breadcrumb\",\"itemListElement\":[{\"@type\":\"ListItem\",\"position\":1,\"name\":\"Home\",\"item\":\"https:\\\/\\\/chemi-3.com\\\/fr\\\/\"},{\"@type\":\"ListItem\",\"position\":2,\"name\":\"Produits\",\"item\":\"https:\\\/\\\/chemi-3.com\\\/fr\\\/shop\\\/\"},{\"@type\":\"ListItem\",\"position\":3,\"name\":\"Chiffons dans un seau wypall\u00ae x70, blanc, 220\\\/seau, 2\u00a0seaux\\\/cs\"}]},{\"@type\":\"WebSite\",\"@id\":\"https:\\\/\\\/chemi-3.com\\\/fr\\\/#website\",\"url\":\"https:\\\/\\\/chemi-3.com\\\/fr\\\/\",\"name\":\"Chemi-3 Inc.\",\"description\":\"Montreal&#039;s premier distributor of janitorial, sanitary and commercial products.\",\"publisher\":{\"@id\":\"https:\\\/\\\/chemi-3.com\\\/fr\\\/#organization\"},\"potentialAction\":[{\"@type\":\"SearchAction\",\"target\":{\"@type\":\"EntryPoint\",\"urlTemplate\":\"https:\\\/\\\/chemi-3.com\\\/fr\\\/?s={search_term_string}\"},\"query-input\":{\"@type\":\"PropertyValueSpecification\",\"valueRequired\":true,\"valueName\":\"search_term_string\"}}],\"inLanguage\":\"fr-CA\"},{\"@type\":\"Organization\",\"@id\":\"https:\\\/\\\/chemi-3.com\\\/fr\\\/#organization\",\"name\":\"Chemi-3 Industries Inc.\",\"url\":\"https:\\\/\\\/chemi-3.com\\\/fr\\\/\",\"logo\":{\"@type\":\"ImageObject\",\"inLanguage\":\"fr-CA\",\"@id\":\"https:\\\/\\\/chemi-3.com\\\/fr\\\/#\\\/schema\\\/logo\\\/image\\\/\",\"url\":\"http:\\\/\\\/chemi-3.com\\\/wp-content\\\/uploads\\\/2021\\\/09\\\/Chemi3_logo_transparent_highres.png\",\"contentUrl\":\"http:\\\/\\\/chemi-3.com\\\/wp-content\\\/uploads\\\/2021\\\/09\\\/Chemi3_logo_transparent_highres.png\",\"width\":1000,\"height\":387,\"caption\":\"Chemi-3 Industries Inc.\"},\"image\":{\"@id\":\"https:\\\/\\\/chemi-3.com\\\/fr\\\/#\\\/schema\\\/logo\\\/image\\\/\"},\"sameAs\":[\"https:\\\/\\\/www.facebook.com\\\/chemi3inc\\\/\",\"https:\\\/\\\/x.com\\\/chemi3inc\",\"https:\\\/\\\/www.instagram.com\\\/chemi3inc\\\/\",\"https:\\\/\\\/www.linkedin.com\\\/company\\\/chemi3inc\"]}]}<\/script>\n<!-- \/ Yoast SEO plugin. -->","yoast_head_json":{"title":"Chiffons dans un seau wypall\u00ae x70, blanc, 220\/seau, 2\u00a0seaux\/cs &#8211; Chemi-3 Inc.","robots":{"index":"index","follow":"follow","max-snippet":"max-snippet:-1","max-image-preview":"max-image-preview:large","max-video-preview":"max-video-preview:-1"},"canonical":"https:\/\/chemi-3.com\/fr\/product\/chiffons-dans-un-seau-wypall-x70-blanc-220-seau-2-seaux-cs\/","og_locale":"fr_CA","og_type":"article","og_title":"Chiffons dans un seau wypall\u00ae x70, blanc, 220\/seau, 2\u00a0seaux\/cs &#8211; Chemi-3 Inc.","og_description":"La trousse de chiffons Kimberly-Clark ProfessionalMC WypAll\u00ae X70 comporte deux seaux tout-temps portables et r\u00e9sistants et des chiffons durables WypAll\u00ae X70 \u00e0 usage prolong\u00e9. Ces chiffons robustes sont faits de tissu de haute technologie HydroKnit hyper-absorbant pour nettoyer l\u2019huile, la salet\u00e9 et les solvants. Utilisez-les pour nettoyer les surfaces et les outils et pour l\u2019essuyage [&hellip;]","og_url":"https:\/\/chemi-3.com\/fr\/product\/chiffons-dans-un-seau-wypall-x70-blanc-220-seau-2-seaux-cs\/","og_site_name":"Chemi-3 Inc.","article_publisher":"https:\/\/www.facebook.com\/chemi3inc\/","article_modified_time":"2021-11-05T17:04:21+00:00","og_image":[{"width":900,"height":900,"url":"https:\/\/chemi-3.com\/wp-content\/uploads\/2021\/11\/15403561-83561-main-20210902030407-1.jpg","type":"image\/jpeg"}],"twitter_card":"summary_large_image","twitter_site":"@chemi3inc","twitter_misc":{"Estimation du temps de lecture":"1 minute"},"schema":{"@context":"https:\/\/schema.org","@graph":[{"@type":["WebPage","ItemPage"],"@id":"https:\/\/chemi-3.com\/fr\/product\/chiffons-dans-un-seau-wypall-x70-blanc-220-seau-2-seaux-cs\/","url":"https:\/\/chemi-3.com\/fr\/product\/chiffons-dans-un-seau-wypall-x70-blanc-220-seau-2-seaux-cs\/","name":"Chiffons dans un seau wypall\u00ae x70, blanc, 220\/seau, 2\u00a0seaux\/cs &#8211; Chemi-3 Inc.","isPartOf":{"@id":"https:\/\/chemi-3.com\/fr\/#website"},"primaryImageOfPage":{"@id":"https:\/\/chemi-3.com\/fr\/product\/chiffons-dans-un-seau-wypall-x70-blanc-220-seau-2-seaux-cs\/#primaryimage"},"image":{"@id":"https:\/\/chemi-3.com\/fr\/product\/chiffons-dans-un-seau-wypall-x70-blanc-220-seau-2-seaux-cs\/#primaryimage"},"thumbnailUrl":"https:\/\/chemi-3.com\/wp-content\/uploads\/2021\/11\/15403561-83561-main-20210902030407-1.jpg","datePublished":"2021-11-05T17:03:58+00:00","dateModified":"2021-11-05T17:04:21+00:00","breadcrumb":{"@id":"https:\/\/chemi-3.com\/fr\/product\/chiffons-dans-un-seau-wypall-x70-blanc-220-seau-2-seaux-cs\/#breadcrumb"},"inLanguage":"fr-CA","potentialAction":[{"@type":"ReadAction","target":["https:\/\/chemi-3.com\/fr\/product\/chiffons-dans-un-seau-wypall-x70-blanc-220-seau-2-seaux-cs\/"]}]},{"@type":"ImageObject","inLanguage":"fr-CA","@id":"https:\/\/chemi-3.com\/fr\/product\/chiffons-dans-un-seau-wypall-x70-blanc-220-seau-2-seaux-cs\/#primaryimage","url":"https:\/\/chemi-3.com\/wp-content\/uploads\/2021\/11\/15403561-83561-main-20210902030407-1.jpg","contentUrl":"https:\/\/chemi-3.com\/wp-content\/uploads\/2021\/11\/15403561-83561-main-20210902030407-1.jpg","width":900,"height":900,"caption":"Wypall\u00ae X70 Cloths In A Bucket"},{"@type":"BreadcrumbList","@id":"https:\/\/chemi-3.com\/fr\/product\/chiffons-dans-un-seau-wypall-x70-blanc-220-seau-2-seaux-cs\/#breadcrumb","itemListElement":[{"@type":"ListItem","position":1,"name":"Home","item":"https:\/\/chemi-3.com\/fr\/"},{"@type":"ListItem","position":2,"name":"Produits","item":"https:\/\/chemi-3.com\/fr\/shop\/"},{"@type":"ListItem","position":3,"name":"Chiffons dans un seau wypall\u00ae x70, blanc, 220\/seau, 2\u00a0seaux\/cs"}]},{"@type":"WebSite","@id":"https:\/\/chemi-3.com\/fr\/#website","url":"https:\/\/chemi-3.com\/fr\/","name":"Chemi-3 Inc.","description":"Montreal&#039;s premier distributor of janitorial, sanitary and commercial products.","publisher":{"@id":"https:\/\/chemi-3.com\/fr\/#organization"},"potentialAction":[{"@type":"SearchAction","target":{"@type":"EntryPoint","urlTemplate":"https:\/\/chemi-3.com\/fr\/?s={search_term_string}"},"query-input":{"@type":"PropertyValueSpecification","valueRequired":true,"valueName":"search_term_string"}}],"inLanguage":"fr-CA"},{"@type":"Organization","@id":"https:\/\/chemi-3.com\/fr\/#organization","name":"Chemi-3 Industries Inc.","url":"https:\/\/chemi-3.com\/fr\/","logo":{"@type":"ImageObject","inLanguage":"fr-CA","@id":"https:\/\/chemi-3.com\/fr\/#\/schema\/logo\/image\/","url":"http:\/\/chemi-3.com\/wp-content\/uploads\/2021\/09\/Chemi3_logo_transparent_highres.png","contentUrl":"http:\/\/chemi-3.com\/wp-content\/uploads\/2021\/09\/Chemi3_logo_transparent_highres.png","width":1000,"height":387,"caption":"Chemi-3 Industries Inc."},"image":{"@id":"https:\/\/chemi-3.com\/fr\/#\/schema\/logo\/image\/"},"sameAs":["https:\/\/www.facebook.com\/chemi3inc\/","https:\/\/x.com\/chemi3inc","https:\/\/www.instagram.com\/chemi3inc\/","https:\/\/www.linkedin.com\/company\/chemi3inc"]}]}},"_links":{"self":[{"href":"https:\/\/chemi-3.com\/fr\/wp-json\/wp\/v2\/product\/27600","targetHints":{"allow":["GET"]}}],"collection":[{"href":"https:\/\/chemi-3.com\/fr\/wp-json\/wp\/v2\/product"}],"about":[{"href":"https:\/\/chemi-3.com\/fr\/wp-json\/wp\/v2\/types\/product"}],"replies":[{"embeddable":true,"href":"https:\/\/chemi-3.com\/fr\/wp-json\/wp\/v2\/comments?post=27600"}],"wp:featuredmedia":[{"embeddable":true,"href":"https:\/\/chemi-3.com\/fr\/wp-json\/wp\/v2\/media\/23752"}],"wp:attachment":[{"href":"https:\/\/chemi-3.com\/fr\/wp-json\/wp\/v2\/media?parent=27600"}],"wp:term":[{"taxonomy":"product_brand","embeddable":true,"href":"https:\/\/chemi-3.com\/fr\/wp-json\/wp\/v2\/product_brand?post=27600"},{"taxonomy":"product_cat","embeddable":true,"href":"https:\/\/chemi-3.com\/fr\/wp-json\/wp\/v2\/product_cat?post=27600"},{"taxonomy":"product_tag","embeddable":true,"href":"https:\/\/chemi-3.com\/fr\/wp-json\/wp\/v2\/product_tag?post=27600"}],"curies":[{"name":"wp","href":"https:\/\/api.w.org\/{rel}","templated":true}]}}