{"id":27607,"date":"2021-11-05T13:03:58","date_gmt":"2021-11-05T17:03:58","guid":{"rendered":"https:\/\/chemi-3.com\/product\/lingettes-reutilisables-wypall-x80-41055-rouleau-jumbo-de-lingettes-a-usage-prolonge-rouge-475-feuilles-rouleau-1-rouleau-caisse\/"},"modified":"2021-11-05T13:04:24","modified_gmt":"2021-11-05T17:04:24","slug":"lingettes-reutilisables-wypall-x80-41055-rouleau-jumbo-de-lingettes-a-usage-prolonge-rouge-475-feuilles-rouleau-1-rouleau-caisse","status":"publish","type":"product","link":"https:\/\/chemi-3.com\/fr\/product\/lingettes-reutilisables-wypall-x80-41055-rouleau-jumbo-de-lingettes-a-usage-prolonge-rouge-475-feuilles-rouleau-1-rouleau-caisse\/","title":{"rendered":"Lingettes r\u00e9utilisables wypall x80 (41055), rouleau jumbo de lingettes \u00e0 usage prolong\u00e9, rouge, 475 feuilles \/ rouleau; 1 rouleau \/ caisse"},"content":{"rendered":"<body><p>Kimberly-Clark Professional\u2122 WypAll\u00ae X80 Cloth comes in a jumbo roll in the colour red and features innovations like high-tech HydroKnit fast-absorbing material and are durable for scrubbing. These contaminant-free commercial cloths are a favourite replacement for industrial cloth towels, which can harbour dangerous chemicals, such as lead. WypAll\u00ae X80 is made of soft pulp fibres, bonded to a polypropylene base sheet for absorbency and durability, making them suitable for removing dirt, oil, grime and solvents in industrial and manufacturing businesses. The reusable cloths are reinforced for strength when wet and dry. These bulk cloths are a great alternative \u2013 safer and more efficient \u2013 to replace laundered rental shop towels or and cleaning towels. Use them for heavy-duty machine- and part-wiping, wiping metal shavings, prepping surfaces with solvents and cleaning rough surfaces. After all, every business gets dirty. But for the toughest grease and grime, you can trust WypAll\u00ae X80 Cloths. The product has dimensions of 12.5\u2033x13.4\u2033 and comes in an individual roll with 475 sheets per roll.<br>\nUnit\u00e9 de mesure : 1\/475<\/p>\n<\/body>","protected":false},"excerpt":{"rendered":"<p>Kimberly-Clark Professional\u2122 WypAll\u00ae X80 Cloth comes in a jumbo roll in the colour red and features innovations like high-tech HydroKnit fast-absorbing material and are durable for scrubbing. These contaminant-free commercial cloths are a favourite replacement for industrial cloth towels, which can harbour dangerous chemicals, such as lead. WypAll\u00ae X80 is made of soft pulp fibres, [&hellip;]<\/p>\n","protected":false},"featured_media":23764,"comment_status":"closed","ping_status":"open","template":"","meta":{"_et_pb_use_builder":"","_et_pb_old_content":"","_et_gb_content_width":""},"product_brand":[],"product_cat":[12840],"product_tag":[13923,13617,13689],"class_list":{"0":"post-27607","1":"product","2":"type-product","3":"status-publish","4":"has-post-thumbnail","6":"product_cat-chiffons-secs","7":"product_tag-chiffons-secs","8":"product_tag-essuie-mains-papier-hygienique-et-lingettes","9":"product_tag-lingettes","10":"pa_country-of-origin-united-states","11":"pa_is-hazardous-material-non","12":"pa_product-colour-rouge","13":"pa_product-material-kraft-paper","15":"first","16":"instock","17":"taxable","18":"shipping-taxable","19":"purchasable","20":"product-type-simple"},"yoast_head":"<!-- This site is optimized with the Yoast SEO plugin v27.4 - https:\/\/yoast.com\/product\/yoast-seo-wordpress\/ -->\n<title>Lingettes r\u00e9utilisables wypall x80 (41055), rouleau jumbo de lingettes \u00e0 usage prolong\u00e9, rouge, 475 feuilles \/ rouleau; 1 rouleau \/ caisse &#8211; Chemi-3 Inc.<\/title>\n<meta name=\"robots\" content=\"index, follow, max-snippet:-1, max-image-preview:large, max-video-preview:-1\" \/>\n<link rel=\"canonical\" href=\"https:\/\/chemi-3.com\/fr\/product\/lingettes-reutilisables-wypall-x80-41055-rouleau-jumbo-de-lingettes-a-usage-prolonge-rouge-475-feuilles-rouleau-1-rouleau-caisse\/\" \/>\n<meta property=\"og:locale\" content=\"fr_CA\" \/>\n<meta property=\"og:type\" content=\"article\" \/>\n<meta property=\"og:title\" content=\"Lingettes r\u00e9utilisables wypall x80 (41055), rouleau jumbo de lingettes \u00e0 usage prolong\u00e9, rouge, 475 feuilles \/ rouleau; 1 rouleau \/ caisse &#8211; Chemi-3 Inc.\" \/>\n<meta property=\"og:description\" content=\"Kimberly-Clark Professional\u2122 WypAll\u00ae X80 Cloth comes in a jumbo roll in the colour red and features innovations like high-tech HydroKnit fast-absorbing material and are durable for scrubbing. These contaminant-free commercial cloths are a favourite replacement for industrial cloth towels, which can harbour dangerous chemicals, such as lead. WypAll\u00ae X80 is made of soft pulp fibres, [&hellip;]\" \/>\n<meta property=\"og:url\" content=\"https:\/\/chemi-3.com\/fr\/product\/lingettes-reutilisables-wypall-x80-41055-rouleau-jumbo-de-lingettes-a-usage-prolonge-rouge-475-feuilles-rouleau-1-rouleau-caisse\/\" \/>\n<meta property=\"og:site_name\" content=\"Chemi-3 Inc.\" \/>\n<meta property=\"article:publisher\" content=\"https:\/\/www.facebook.com\/chemi3inc\/\" \/>\n<meta property=\"article:modified_time\" content=\"2021-11-05T17:04:24+00:00\" \/>\n<meta property=\"og:image\" content=\"https:\/\/chemi-3.com\/wp-content\/uploads\/2021\/11\/15404105-41055-main-20210811023451-1.jpg\" \/>\n\t<meta property=\"og:image:width\" content=\"900\" \/>\n\t<meta property=\"og:image:height\" content=\"900\" \/>\n\t<meta property=\"og:image:type\" content=\"image\/jpeg\" \/>\n<meta name=\"twitter:card\" content=\"summary_large_image\" \/>\n<meta name=\"twitter:site\" content=\"@chemi3inc\" \/>\n<meta name=\"twitter:label1\" content=\"Estimation du temps de lecture\" \/>\n\t<meta name=\"twitter:data1\" content=\"1 minute\" \/>\n<script type=\"application\/ld+json\" class=\"yoast-schema-graph\">{\"@context\":\"https:\\\/\\\/schema.org\",\"@graph\":[{\"@type\":[\"WebPage\",\"ItemPage\"],\"@id\":\"https:\\\/\\\/chemi-3.com\\\/fr\\\/product\\\/lingettes-reutilisables-wypall-x80-41055-rouleau-jumbo-de-lingettes-a-usage-prolonge-rouge-475-feuilles-rouleau-1-rouleau-caisse\\\/\",\"url\":\"https:\\\/\\\/chemi-3.com\\\/fr\\\/product\\\/lingettes-reutilisables-wypall-x80-41055-rouleau-jumbo-de-lingettes-a-usage-prolonge-rouge-475-feuilles-rouleau-1-rouleau-caisse\\\/\",\"name\":\"Lingettes r\u00e9utilisables wypall x80 (41055), rouleau jumbo de lingettes \u00e0 usage prolong\u00e9, rouge, 475 feuilles \\\/ rouleau; 1 rouleau \\\/ caisse &#8211; Chemi-3 Inc.\",\"isPartOf\":{\"@id\":\"https:\\\/\\\/chemi-3.com\\\/fr\\\/#website\"},\"primaryImageOfPage\":{\"@id\":\"https:\\\/\\\/chemi-3.com\\\/fr\\\/product\\\/lingettes-reutilisables-wypall-x80-41055-rouleau-jumbo-de-lingettes-a-usage-prolonge-rouge-475-feuilles-rouleau-1-rouleau-caisse\\\/#primaryimage\"},\"image\":{\"@id\":\"https:\\\/\\\/chemi-3.com\\\/fr\\\/product\\\/lingettes-reutilisables-wypall-x80-41055-rouleau-jumbo-de-lingettes-a-usage-prolonge-rouge-475-feuilles-rouleau-1-rouleau-caisse\\\/#primaryimage\"},\"thumbnailUrl\":\"https:\\\/\\\/chemi-3.com\\\/wp-content\\\/uploads\\\/2021\\\/11\\\/15404105-41055-main-20210811023451-1.jpg\",\"datePublished\":\"2021-11-05T17:03:58+00:00\",\"dateModified\":\"2021-11-05T17:04:24+00:00\",\"breadcrumb\":{\"@id\":\"https:\\\/\\\/chemi-3.com\\\/fr\\\/product\\\/lingettes-reutilisables-wypall-x80-41055-rouleau-jumbo-de-lingettes-a-usage-prolonge-rouge-475-feuilles-rouleau-1-rouleau-caisse\\\/#breadcrumb\"},\"inLanguage\":\"fr-CA\",\"potentialAction\":[{\"@type\":\"ReadAction\",\"target\":[\"https:\\\/\\\/chemi-3.com\\\/fr\\\/product\\\/lingettes-reutilisables-wypall-x80-41055-rouleau-jumbo-de-lingettes-a-usage-prolonge-rouge-475-feuilles-rouleau-1-rouleau-caisse\\\/\"]}]},{\"@type\":\"ImageObject\",\"inLanguage\":\"fr-CA\",\"@id\":\"https:\\\/\\\/chemi-3.com\\\/fr\\\/product\\\/lingettes-reutilisables-wypall-x80-41055-rouleau-jumbo-de-lingettes-a-usage-prolonge-rouge-475-feuilles-rouleau-1-rouleau-caisse\\\/#primaryimage\",\"url\":\"https:\\\/\\\/chemi-3.com\\\/wp-content\\\/uploads\\\/2021\\\/11\\\/15404105-41055-main-20210811023451-1.jpg\",\"contentUrl\":\"https:\\\/\\\/chemi-3.com\\\/wp-content\\\/uploads\\\/2021\\\/11\\\/15404105-41055-main-20210811023451-1.jpg\",\"width\":900,\"height\":900,\"caption\":\"Wypall\u00ae X80 Cloth Jumbo Roll\"},{\"@type\":\"BreadcrumbList\",\"@id\":\"https:\\\/\\\/chemi-3.com\\\/fr\\\/product\\\/lingettes-reutilisables-wypall-x80-41055-rouleau-jumbo-de-lingettes-a-usage-prolonge-rouge-475-feuilles-rouleau-1-rouleau-caisse\\\/#breadcrumb\",\"itemListElement\":[{\"@type\":\"ListItem\",\"position\":1,\"name\":\"Home\",\"item\":\"https:\\\/\\\/chemi-3.com\\\/fr\\\/\"},{\"@type\":\"ListItem\",\"position\":2,\"name\":\"Produits\",\"item\":\"https:\\\/\\\/chemi-3.com\\\/fr\\\/shop\\\/\"},{\"@type\":\"ListItem\",\"position\":3,\"name\":\"Lingettes r\u00e9utilisables wypall x80 (41055), rouleau jumbo de lingettes \u00e0 usage prolong\u00e9, rouge, 475 feuilles \\\/ rouleau; 1 rouleau \\\/ caisse\"}]},{\"@type\":\"WebSite\",\"@id\":\"https:\\\/\\\/chemi-3.com\\\/fr\\\/#website\",\"url\":\"https:\\\/\\\/chemi-3.com\\\/fr\\\/\",\"name\":\"Chemi-3 Inc.\",\"description\":\"Montreal&#039;s premier distributor of janitorial, sanitary and commercial products.\",\"publisher\":{\"@id\":\"https:\\\/\\\/chemi-3.com\\\/fr\\\/#organization\"},\"potentialAction\":[{\"@type\":\"SearchAction\",\"target\":{\"@type\":\"EntryPoint\",\"urlTemplate\":\"https:\\\/\\\/chemi-3.com\\\/fr\\\/?s={search_term_string}\"},\"query-input\":{\"@type\":\"PropertyValueSpecification\",\"valueRequired\":true,\"valueName\":\"search_term_string\"}}],\"inLanguage\":\"fr-CA\"},{\"@type\":\"Organization\",\"@id\":\"https:\\\/\\\/chemi-3.com\\\/fr\\\/#organization\",\"name\":\"Chemi-3 Industries Inc.\",\"url\":\"https:\\\/\\\/chemi-3.com\\\/fr\\\/\",\"logo\":{\"@type\":\"ImageObject\",\"inLanguage\":\"fr-CA\",\"@id\":\"https:\\\/\\\/chemi-3.com\\\/fr\\\/#\\\/schema\\\/logo\\\/image\\\/\",\"url\":\"http:\\\/\\\/chemi-3.com\\\/wp-content\\\/uploads\\\/2021\\\/09\\\/Chemi3_logo_transparent_highres.png\",\"contentUrl\":\"http:\\\/\\\/chemi-3.com\\\/wp-content\\\/uploads\\\/2021\\\/09\\\/Chemi3_logo_transparent_highres.png\",\"width\":1000,\"height\":387,\"caption\":\"Chemi-3 Industries Inc.\"},\"image\":{\"@id\":\"https:\\\/\\\/chemi-3.com\\\/fr\\\/#\\\/schema\\\/logo\\\/image\\\/\"},\"sameAs\":[\"https:\\\/\\\/www.facebook.com\\\/chemi3inc\\\/\",\"https:\\\/\\\/x.com\\\/chemi3inc\",\"https:\\\/\\\/www.instagram.com\\\/chemi3inc\\\/\",\"https:\\\/\\\/www.linkedin.com\\\/company\\\/chemi3inc\"]}]}<\/script>\n<!-- \/ Yoast SEO plugin. -->","yoast_head_json":{"title":"Lingettes r\u00e9utilisables wypall x80 (41055), rouleau jumbo de lingettes \u00e0 usage prolong\u00e9, rouge, 475 feuilles \/ rouleau; 1 rouleau \/ caisse &#8211; Chemi-3 Inc.","robots":{"index":"index","follow":"follow","max-snippet":"max-snippet:-1","max-image-preview":"max-image-preview:large","max-video-preview":"max-video-preview:-1"},"canonical":"https:\/\/chemi-3.com\/fr\/product\/lingettes-reutilisables-wypall-x80-41055-rouleau-jumbo-de-lingettes-a-usage-prolonge-rouge-475-feuilles-rouleau-1-rouleau-caisse\/","og_locale":"fr_CA","og_type":"article","og_title":"Lingettes r\u00e9utilisables wypall x80 (41055), rouleau jumbo de lingettes \u00e0 usage prolong\u00e9, rouge, 475 feuilles \/ rouleau; 1 rouleau \/ caisse &#8211; Chemi-3 Inc.","og_description":"Kimberly-Clark Professional\u2122 WypAll\u00ae X80 Cloth comes in a jumbo roll in the colour red and features innovations like high-tech HydroKnit fast-absorbing material and are durable for scrubbing. These contaminant-free commercial cloths are a favourite replacement for industrial cloth towels, which can harbour dangerous chemicals, such as lead. WypAll\u00ae X80 is made of soft pulp fibres, [&hellip;]","og_url":"https:\/\/chemi-3.com\/fr\/product\/lingettes-reutilisables-wypall-x80-41055-rouleau-jumbo-de-lingettes-a-usage-prolonge-rouge-475-feuilles-rouleau-1-rouleau-caisse\/","og_site_name":"Chemi-3 Inc.","article_publisher":"https:\/\/www.facebook.com\/chemi3inc\/","article_modified_time":"2021-11-05T17:04:24+00:00","og_image":[{"width":900,"height":900,"url":"https:\/\/chemi-3.com\/wp-content\/uploads\/2021\/11\/15404105-41055-main-20210811023451-1.jpg","type":"image\/jpeg"}],"twitter_card":"summary_large_image","twitter_site":"@chemi3inc","twitter_misc":{"Estimation du temps de lecture":"1 minute"},"schema":{"@context":"https:\/\/schema.org","@graph":[{"@type":["WebPage","ItemPage"],"@id":"https:\/\/chemi-3.com\/fr\/product\/lingettes-reutilisables-wypall-x80-41055-rouleau-jumbo-de-lingettes-a-usage-prolonge-rouge-475-feuilles-rouleau-1-rouleau-caisse\/","url":"https:\/\/chemi-3.com\/fr\/product\/lingettes-reutilisables-wypall-x80-41055-rouleau-jumbo-de-lingettes-a-usage-prolonge-rouge-475-feuilles-rouleau-1-rouleau-caisse\/","name":"Lingettes r\u00e9utilisables wypall x80 (41055), rouleau jumbo de lingettes \u00e0 usage prolong\u00e9, rouge, 475 feuilles \/ rouleau; 1 rouleau \/ caisse &#8211; Chemi-3 Inc.","isPartOf":{"@id":"https:\/\/chemi-3.com\/fr\/#website"},"primaryImageOfPage":{"@id":"https:\/\/chemi-3.com\/fr\/product\/lingettes-reutilisables-wypall-x80-41055-rouleau-jumbo-de-lingettes-a-usage-prolonge-rouge-475-feuilles-rouleau-1-rouleau-caisse\/#primaryimage"},"image":{"@id":"https:\/\/chemi-3.com\/fr\/product\/lingettes-reutilisables-wypall-x80-41055-rouleau-jumbo-de-lingettes-a-usage-prolonge-rouge-475-feuilles-rouleau-1-rouleau-caisse\/#primaryimage"},"thumbnailUrl":"https:\/\/chemi-3.com\/wp-content\/uploads\/2021\/11\/15404105-41055-main-20210811023451-1.jpg","datePublished":"2021-11-05T17:03:58+00:00","dateModified":"2021-11-05T17:04:24+00:00","breadcrumb":{"@id":"https:\/\/chemi-3.com\/fr\/product\/lingettes-reutilisables-wypall-x80-41055-rouleau-jumbo-de-lingettes-a-usage-prolonge-rouge-475-feuilles-rouleau-1-rouleau-caisse\/#breadcrumb"},"inLanguage":"fr-CA","potentialAction":[{"@type":"ReadAction","target":["https:\/\/chemi-3.com\/fr\/product\/lingettes-reutilisables-wypall-x80-41055-rouleau-jumbo-de-lingettes-a-usage-prolonge-rouge-475-feuilles-rouleau-1-rouleau-caisse\/"]}]},{"@type":"ImageObject","inLanguage":"fr-CA","@id":"https:\/\/chemi-3.com\/fr\/product\/lingettes-reutilisables-wypall-x80-41055-rouleau-jumbo-de-lingettes-a-usage-prolonge-rouge-475-feuilles-rouleau-1-rouleau-caisse\/#primaryimage","url":"https:\/\/chemi-3.com\/wp-content\/uploads\/2021\/11\/15404105-41055-main-20210811023451-1.jpg","contentUrl":"https:\/\/chemi-3.com\/wp-content\/uploads\/2021\/11\/15404105-41055-main-20210811023451-1.jpg","width":900,"height":900,"caption":"Wypall\u00ae X80 Cloth Jumbo Roll"},{"@type":"BreadcrumbList","@id":"https:\/\/chemi-3.com\/fr\/product\/lingettes-reutilisables-wypall-x80-41055-rouleau-jumbo-de-lingettes-a-usage-prolonge-rouge-475-feuilles-rouleau-1-rouleau-caisse\/#breadcrumb","itemListElement":[{"@type":"ListItem","position":1,"name":"Home","item":"https:\/\/chemi-3.com\/fr\/"},{"@type":"ListItem","position":2,"name":"Produits","item":"https:\/\/chemi-3.com\/fr\/shop\/"},{"@type":"ListItem","position":3,"name":"Lingettes r\u00e9utilisables wypall x80 (41055), rouleau jumbo de lingettes \u00e0 usage prolong\u00e9, rouge, 475 feuilles \/ rouleau; 1 rouleau \/ caisse"}]},{"@type":"WebSite","@id":"https:\/\/chemi-3.com\/fr\/#website","url":"https:\/\/chemi-3.com\/fr\/","name":"Chemi-3 Inc.","description":"Montreal&#039;s premier distributor of janitorial, sanitary and commercial products.","publisher":{"@id":"https:\/\/chemi-3.com\/fr\/#organization"},"potentialAction":[{"@type":"SearchAction","target":{"@type":"EntryPoint","urlTemplate":"https:\/\/chemi-3.com\/fr\/?s={search_term_string}"},"query-input":{"@type":"PropertyValueSpecification","valueRequired":true,"valueName":"search_term_string"}}],"inLanguage":"fr-CA"},{"@type":"Organization","@id":"https:\/\/chemi-3.com\/fr\/#organization","name":"Chemi-3 Industries Inc.","url":"https:\/\/chemi-3.com\/fr\/","logo":{"@type":"ImageObject","inLanguage":"fr-CA","@id":"https:\/\/chemi-3.com\/fr\/#\/schema\/logo\/image\/","url":"http:\/\/chemi-3.com\/wp-content\/uploads\/2021\/09\/Chemi3_logo_transparent_highres.png","contentUrl":"http:\/\/chemi-3.com\/wp-content\/uploads\/2021\/09\/Chemi3_logo_transparent_highres.png","width":1000,"height":387,"caption":"Chemi-3 Industries Inc."},"image":{"@id":"https:\/\/chemi-3.com\/fr\/#\/schema\/logo\/image\/"},"sameAs":["https:\/\/www.facebook.com\/chemi3inc\/","https:\/\/x.com\/chemi3inc","https:\/\/www.instagram.com\/chemi3inc\/","https:\/\/www.linkedin.com\/company\/chemi3inc"]}]}},"_links":{"self":[{"href":"https:\/\/chemi-3.com\/fr\/wp-json\/wp\/v2\/product\/27607","targetHints":{"allow":["GET"]}}],"collection":[{"href":"https:\/\/chemi-3.com\/fr\/wp-json\/wp\/v2\/product"}],"about":[{"href":"https:\/\/chemi-3.com\/fr\/wp-json\/wp\/v2\/types\/product"}],"replies":[{"embeddable":true,"href":"https:\/\/chemi-3.com\/fr\/wp-json\/wp\/v2\/comments?post=27607"}],"wp:featuredmedia":[{"embeddable":true,"href":"https:\/\/chemi-3.com\/fr\/wp-json\/wp\/v2\/media\/23764"}],"wp:attachment":[{"href":"https:\/\/chemi-3.com\/fr\/wp-json\/wp\/v2\/media?parent=27607"}],"wp:term":[{"taxonomy":"product_brand","embeddable":true,"href":"https:\/\/chemi-3.com\/fr\/wp-json\/wp\/v2\/product_brand?post=27607"},{"taxonomy":"product_cat","embeddable":true,"href":"https:\/\/chemi-3.com\/fr\/wp-json\/wp\/v2\/product_cat?post=27607"},{"taxonomy":"product_tag","embeddable":true,"href":"https:\/\/chemi-3.com\/fr\/wp-json\/wp\/v2\/product_tag?post=27607"}],"curies":[{"name":"wp","href":"https:\/\/api.w.org\/{rel}","templated":true}]}}