{"id":27617,"date":"2021-11-05T13:04:29","date_gmt":"2021-11-05T17:04:29","guid":{"rendered":"https:\/\/chemi-3.com\/product\/serviette-p-restauration-tork-pli-1-4-1-epaisseur-vert-blanc-600-bte-1-bte-cs\/"},"modified":"2021-11-05T13:04:31","modified_gmt":"2021-11-05T17:04:31","slug":"serviette-p-restauration-tork-pli-1-4-1-epaisseur-vert-blanc-600-bte-1-bte-cs","status":"publish","type":"product","link":"https:\/\/chemi-3.com\/fr\/product\/serviette-p-restauration-tork-pli-1-4-1-epaisseur-vert-blanc-600-bte-1-bte-cs\/","title":{"rendered":"Serviette p. restauration tork\u00ae, pli 1\/4, 1\u00a0\u00e9paisseur, vert \/blanc, 600\/bte, 1\u00a0bte\/cs"},"content":{"rendered":"<body><p>Ces chiffons de restauration Tork sont id\u00e9aux pour nettoyer, d\u00e9graisser et assainir dans les restaurants, les cuisines et les \u00e9tablissements de restauration. La d\u00e9signation des aires d\u2019utilisation par couleurs est une meilleure pratique de restauration qui \u00e9limine les risques de contamination crois\u00e9e. Les chiffons sont emball\u00e9s dans une bo\u00eete de  distribution facile \u00e0 entreposer assurant portabilit\u00e9 et distribution contr\u00f4l\u00e9e et con\u00e7ue pour l\u2019utilisation avec des assainisseurs.<br>\nUnit\u00e9 de mesure : 1\/CS\/600<\/p>\n<\/body>","protected":false},"excerpt":{"rendered":"<p>Ces chiffons de restauration Tork sont id\u00e9aux pour nettoyer, d\u00e9graisser et assainir dans les restaurants, les cuisines et les \u00e9tablissements de restauration. La d\u00e9signation des aires d\u2019utilisation par couleurs est une meilleure pratique de restauration qui \u00e9limine les risques de contamination crois\u00e9e. Les chiffons sont emball\u00e9s dans une bo\u00eete de distribution facile \u00e0 entreposer assurant [&hellip;]<\/p>\n","protected":false},"featured_media":23781,"comment_status":"closed","ping_status":"open","template":"","meta":{"_et_pb_use_builder":"","_et_pb_old_content":"","_et_gb_content_width":""},"product_brand":[],"product_cat":[12841],"product_tag":[13931,13617,13689],"class_list":{"0":"post-27617","1":"product","2":"type-product","3":"status-publish","4":"has-post-thumbnail","6":"product_cat-chiffons-pour-la-restauration","7":"product_tag-chiffons-pour-la-restauration","8":"product_tag-essuie-mains-papier-hygienique-et-lingettes","9":"product_tag-lingettes","10":"pa_country-of-origin-united-states","11":"pa_is-hazardous-material-non","12":"pa_product-colour-vert","13":"pa_product-material-fiber-2","15":"first","16":"instock","17":"taxable","18":"shipping-taxable","19":"purchasable","20":"product-type-simple"},"yoast_head":"<!-- This site is optimized with the Yoast SEO plugin v27.4 - https:\/\/yoast.com\/product\/yoast-seo-wordpress\/ -->\n<title>Serviette p. restauration tork\u00ae, pli 1\/4, 1\u00a0\u00e9paisseur, vert \/blanc, 600\/bte, 1\u00a0bte\/cs &#8211; Chemi-3 Inc.<\/title>\n<meta name=\"robots\" content=\"index, follow, max-snippet:-1, max-image-preview:large, max-video-preview:-1\" \/>\n<link rel=\"canonical\" href=\"https:\/\/chemi-3.com\/fr\/product\/serviette-p-restauration-tork-pli-1-4-1-epaisseur-vert-blanc-600-bte-1-bte-cs\/\" \/>\n<meta property=\"og:locale\" content=\"fr_CA\" \/>\n<meta property=\"og:type\" content=\"article\" \/>\n<meta property=\"og:title\" content=\"Serviette p. restauration tork\u00ae, pli 1\/4, 1\u00a0\u00e9paisseur, vert \/blanc, 600\/bte, 1\u00a0bte\/cs &#8211; Chemi-3 Inc.\" \/>\n<meta property=\"og:description\" content=\"Ces chiffons de restauration Tork sont id\u00e9aux pour nettoyer, d\u00e9graisser et assainir dans les restaurants, les cuisines et les \u00e9tablissements de restauration. La d\u00e9signation des aires d\u2019utilisation par couleurs est une meilleure pratique de restauration qui \u00e9limine les risques de contamination crois\u00e9e. Les chiffons sont emball\u00e9s dans une bo\u00eete de distribution facile \u00e0 entreposer assurant [&hellip;]\" \/>\n<meta property=\"og:url\" content=\"https:\/\/chemi-3.com\/fr\/product\/serviette-p-restauration-tork-pli-1-4-1-epaisseur-vert-blanc-600-bte-1-bte-cs\/\" \/>\n<meta property=\"og:site_name\" content=\"Chemi-3 Inc.\" \/>\n<meta property=\"article:publisher\" content=\"https:\/\/www.facebook.com\/chemi3inc\/\" \/>\n<meta property=\"article:modified_time\" content=\"2021-11-05T17:04:31+00:00\" \/>\n<meta property=\"og:image\" content=\"https:\/\/chemi-3.com\/wp-content\/uploads\/2021\/11\/14102182-20210811023451-1.jpg\" \/>\n\t<meta property=\"og:image:width\" content=\"900\" \/>\n\t<meta property=\"og:image:height\" content=\"900\" \/>\n\t<meta property=\"og:image:type\" content=\"image\/jpeg\" \/>\n<meta name=\"twitter:card\" content=\"summary_large_image\" \/>\n<meta name=\"twitter:site\" content=\"@chemi3inc\" \/>\n<script type=\"application\/ld+json\" class=\"yoast-schema-graph\">{\"@context\":\"https:\\\/\\\/schema.org\",\"@graph\":[{\"@type\":[\"WebPage\",\"ItemPage\"],\"@id\":\"https:\\\/\\\/chemi-3.com\\\/fr\\\/product\\\/serviette-p-restauration-tork-pli-1-4-1-epaisseur-vert-blanc-600-bte-1-bte-cs\\\/\",\"url\":\"https:\\\/\\\/chemi-3.com\\\/fr\\\/product\\\/serviette-p-restauration-tork-pli-1-4-1-epaisseur-vert-blanc-600-bte-1-bte-cs\\\/\",\"name\":\"Serviette p. restauration tork\u00ae, pli 1\\\/4, 1\u00a0\u00e9paisseur, vert \\\/blanc, 600\\\/bte, 1\u00a0bte\\\/cs &#8211; Chemi-3 Inc.\",\"isPartOf\":{\"@id\":\"https:\\\/\\\/chemi-3.com\\\/fr\\\/#website\"},\"primaryImageOfPage\":{\"@id\":\"https:\\\/\\\/chemi-3.com\\\/fr\\\/product\\\/serviette-p-restauration-tork-pli-1-4-1-epaisseur-vert-blanc-600-bte-1-bte-cs\\\/#primaryimage\"},\"image\":{\"@id\":\"https:\\\/\\\/chemi-3.com\\\/fr\\\/product\\\/serviette-p-restauration-tork-pli-1-4-1-epaisseur-vert-blanc-600-bte-1-bte-cs\\\/#primaryimage\"},\"thumbnailUrl\":\"https:\\\/\\\/chemi-3.com\\\/wp-content\\\/uploads\\\/2021\\\/11\\\/14102182-20210811023451-1.jpg\",\"datePublished\":\"2021-11-05T17:04:29+00:00\",\"dateModified\":\"2021-11-05T17:04:31+00:00\",\"breadcrumb\":{\"@id\":\"https:\\\/\\\/chemi-3.com\\\/fr\\\/product\\\/serviette-p-restauration-tork-pli-1-4-1-epaisseur-vert-blanc-600-bte-1-bte-cs\\\/#breadcrumb\"},\"inLanguage\":\"fr-CA\",\"potentialAction\":[{\"@type\":\"ReadAction\",\"target\":[\"https:\\\/\\\/chemi-3.com\\\/fr\\\/product\\\/serviette-p-restauration-tork-pli-1-4-1-epaisseur-vert-blanc-600-bte-1-bte-cs\\\/\"]}]},{\"@type\":\"ImageObject\",\"inLanguage\":\"fr-CA\",\"@id\":\"https:\\\/\\\/chemi-3.com\\\/fr\\\/product\\\/serviette-p-restauration-tork-pli-1-4-1-epaisseur-vert-blanc-600-bte-1-bte-cs\\\/#primaryimage\",\"url\":\"https:\\\/\\\/chemi-3.com\\\/wp-content\\\/uploads\\\/2021\\\/11\\\/14102182-20210811023451-1.jpg\",\"contentUrl\":\"https:\\\/\\\/chemi-3.com\\\/wp-content\\\/uploads\\\/2021\\\/11\\\/14102182-20210811023451-1.jpg\",\"width\":900,\"height\":900,\"caption\":\"Tork\u00ae Foodservice Towel\"},{\"@type\":\"BreadcrumbList\",\"@id\":\"https:\\\/\\\/chemi-3.com\\\/fr\\\/product\\\/serviette-p-restauration-tork-pli-1-4-1-epaisseur-vert-blanc-600-bte-1-bte-cs\\\/#breadcrumb\",\"itemListElement\":[{\"@type\":\"ListItem\",\"position\":1,\"name\":\"Home\",\"item\":\"https:\\\/\\\/chemi-3.com\\\/fr\\\/\"},{\"@type\":\"ListItem\",\"position\":2,\"name\":\"Produits\",\"item\":\"https:\\\/\\\/chemi-3.com\\\/fr\\\/shop\\\/\"},{\"@type\":\"ListItem\",\"position\":3,\"name\":\"Serviette p. restauration tork\u00ae, pli 1\\\/4, 1\u00a0\u00e9paisseur, vert \\\/blanc, 600\\\/bte, 1\u00a0bte\\\/cs\"}]},{\"@type\":\"WebSite\",\"@id\":\"https:\\\/\\\/chemi-3.com\\\/fr\\\/#website\",\"url\":\"https:\\\/\\\/chemi-3.com\\\/fr\\\/\",\"name\":\"Chemi-3 Inc.\",\"description\":\"Montreal&#039;s premier distributor of janitorial, sanitary and commercial products.\",\"publisher\":{\"@id\":\"https:\\\/\\\/chemi-3.com\\\/fr\\\/#organization\"},\"potentialAction\":[{\"@type\":\"SearchAction\",\"target\":{\"@type\":\"EntryPoint\",\"urlTemplate\":\"https:\\\/\\\/chemi-3.com\\\/fr\\\/?s={search_term_string}\"},\"query-input\":{\"@type\":\"PropertyValueSpecification\",\"valueRequired\":true,\"valueName\":\"search_term_string\"}}],\"inLanguage\":\"fr-CA\"},{\"@type\":\"Organization\",\"@id\":\"https:\\\/\\\/chemi-3.com\\\/fr\\\/#organization\",\"name\":\"Chemi-3 Industries Inc.\",\"url\":\"https:\\\/\\\/chemi-3.com\\\/fr\\\/\",\"logo\":{\"@type\":\"ImageObject\",\"inLanguage\":\"fr-CA\",\"@id\":\"https:\\\/\\\/chemi-3.com\\\/fr\\\/#\\\/schema\\\/logo\\\/image\\\/\",\"url\":\"http:\\\/\\\/chemi-3.com\\\/wp-content\\\/uploads\\\/2021\\\/09\\\/Chemi3_logo_transparent_highres.png\",\"contentUrl\":\"http:\\\/\\\/chemi-3.com\\\/wp-content\\\/uploads\\\/2021\\\/09\\\/Chemi3_logo_transparent_highres.png\",\"width\":1000,\"height\":387,\"caption\":\"Chemi-3 Industries Inc.\"},\"image\":{\"@id\":\"https:\\\/\\\/chemi-3.com\\\/fr\\\/#\\\/schema\\\/logo\\\/image\\\/\"},\"sameAs\":[\"https:\\\/\\\/www.facebook.com\\\/chemi3inc\\\/\",\"https:\\\/\\\/x.com\\\/chemi3inc\",\"https:\\\/\\\/www.instagram.com\\\/chemi3inc\\\/\",\"https:\\\/\\\/www.linkedin.com\\\/company\\\/chemi3inc\"]}]}<\/script>\n<!-- \/ Yoast SEO plugin. -->","yoast_head_json":{"title":"Serviette p. restauration tork\u00ae, pli 1\/4, 1\u00a0\u00e9paisseur, vert \/blanc, 600\/bte, 1\u00a0bte\/cs &#8211; Chemi-3 Inc.","robots":{"index":"index","follow":"follow","max-snippet":"max-snippet:-1","max-image-preview":"max-image-preview:large","max-video-preview":"max-video-preview:-1"},"canonical":"https:\/\/chemi-3.com\/fr\/product\/serviette-p-restauration-tork-pli-1-4-1-epaisseur-vert-blanc-600-bte-1-bte-cs\/","og_locale":"fr_CA","og_type":"article","og_title":"Serviette p. restauration tork\u00ae, pli 1\/4, 1\u00a0\u00e9paisseur, vert \/blanc, 600\/bte, 1\u00a0bte\/cs &#8211; Chemi-3 Inc.","og_description":"Ces chiffons de restauration Tork sont id\u00e9aux pour nettoyer, d\u00e9graisser et assainir dans les restaurants, les cuisines et les \u00e9tablissements de restauration. La d\u00e9signation des aires d\u2019utilisation par couleurs est une meilleure pratique de restauration qui \u00e9limine les risques de contamination crois\u00e9e. Les chiffons sont emball\u00e9s dans une bo\u00eete de distribution facile \u00e0 entreposer assurant [&hellip;]","og_url":"https:\/\/chemi-3.com\/fr\/product\/serviette-p-restauration-tork-pli-1-4-1-epaisseur-vert-blanc-600-bte-1-bte-cs\/","og_site_name":"Chemi-3 Inc.","article_publisher":"https:\/\/www.facebook.com\/chemi3inc\/","article_modified_time":"2021-11-05T17:04:31+00:00","og_image":[{"width":900,"height":900,"url":"https:\/\/chemi-3.com\/wp-content\/uploads\/2021\/11\/14102182-20210811023451-1.jpg","type":"image\/jpeg"}],"twitter_card":"summary_large_image","twitter_site":"@chemi3inc","schema":{"@context":"https:\/\/schema.org","@graph":[{"@type":["WebPage","ItemPage"],"@id":"https:\/\/chemi-3.com\/fr\/product\/serviette-p-restauration-tork-pli-1-4-1-epaisseur-vert-blanc-600-bte-1-bte-cs\/","url":"https:\/\/chemi-3.com\/fr\/product\/serviette-p-restauration-tork-pli-1-4-1-epaisseur-vert-blanc-600-bte-1-bte-cs\/","name":"Serviette p. restauration tork\u00ae, pli 1\/4, 1\u00a0\u00e9paisseur, vert \/blanc, 600\/bte, 1\u00a0bte\/cs &#8211; Chemi-3 Inc.","isPartOf":{"@id":"https:\/\/chemi-3.com\/fr\/#website"},"primaryImageOfPage":{"@id":"https:\/\/chemi-3.com\/fr\/product\/serviette-p-restauration-tork-pli-1-4-1-epaisseur-vert-blanc-600-bte-1-bte-cs\/#primaryimage"},"image":{"@id":"https:\/\/chemi-3.com\/fr\/product\/serviette-p-restauration-tork-pli-1-4-1-epaisseur-vert-blanc-600-bte-1-bte-cs\/#primaryimage"},"thumbnailUrl":"https:\/\/chemi-3.com\/wp-content\/uploads\/2021\/11\/14102182-20210811023451-1.jpg","datePublished":"2021-11-05T17:04:29+00:00","dateModified":"2021-11-05T17:04:31+00:00","breadcrumb":{"@id":"https:\/\/chemi-3.com\/fr\/product\/serviette-p-restauration-tork-pli-1-4-1-epaisseur-vert-blanc-600-bte-1-bte-cs\/#breadcrumb"},"inLanguage":"fr-CA","potentialAction":[{"@type":"ReadAction","target":["https:\/\/chemi-3.com\/fr\/product\/serviette-p-restauration-tork-pli-1-4-1-epaisseur-vert-blanc-600-bte-1-bte-cs\/"]}]},{"@type":"ImageObject","inLanguage":"fr-CA","@id":"https:\/\/chemi-3.com\/fr\/product\/serviette-p-restauration-tork-pli-1-4-1-epaisseur-vert-blanc-600-bte-1-bte-cs\/#primaryimage","url":"https:\/\/chemi-3.com\/wp-content\/uploads\/2021\/11\/14102182-20210811023451-1.jpg","contentUrl":"https:\/\/chemi-3.com\/wp-content\/uploads\/2021\/11\/14102182-20210811023451-1.jpg","width":900,"height":900,"caption":"Tork\u00ae Foodservice Towel"},{"@type":"BreadcrumbList","@id":"https:\/\/chemi-3.com\/fr\/product\/serviette-p-restauration-tork-pli-1-4-1-epaisseur-vert-blanc-600-bte-1-bte-cs\/#breadcrumb","itemListElement":[{"@type":"ListItem","position":1,"name":"Home","item":"https:\/\/chemi-3.com\/fr\/"},{"@type":"ListItem","position":2,"name":"Produits","item":"https:\/\/chemi-3.com\/fr\/shop\/"},{"@type":"ListItem","position":3,"name":"Serviette p. restauration tork\u00ae, pli 1\/4, 1\u00a0\u00e9paisseur, vert \/blanc, 600\/bte, 1\u00a0bte\/cs"}]},{"@type":"WebSite","@id":"https:\/\/chemi-3.com\/fr\/#website","url":"https:\/\/chemi-3.com\/fr\/","name":"Chemi-3 Inc.","description":"Montreal&#039;s premier distributor of janitorial, sanitary and commercial products.","publisher":{"@id":"https:\/\/chemi-3.com\/fr\/#organization"},"potentialAction":[{"@type":"SearchAction","target":{"@type":"EntryPoint","urlTemplate":"https:\/\/chemi-3.com\/fr\/?s={search_term_string}"},"query-input":{"@type":"PropertyValueSpecification","valueRequired":true,"valueName":"search_term_string"}}],"inLanguage":"fr-CA"},{"@type":"Organization","@id":"https:\/\/chemi-3.com\/fr\/#organization","name":"Chemi-3 Industries Inc.","url":"https:\/\/chemi-3.com\/fr\/","logo":{"@type":"ImageObject","inLanguage":"fr-CA","@id":"https:\/\/chemi-3.com\/fr\/#\/schema\/logo\/image\/","url":"http:\/\/chemi-3.com\/wp-content\/uploads\/2021\/09\/Chemi3_logo_transparent_highres.png","contentUrl":"http:\/\/chemi-3.com\/wp-content\/uploads\/2021\/09\/Chemi3_logo_transparent_highres.png","width":1000,"height":387,"caption":"Chemi-3 Industries Inc."},"image":{"@id":"https:\/\/chemi-3.com\/fr\/#\/schema\/logo\/image\/"},"sameAs":["https:\/\/www.facebook.com\/chemi3inc\/","https:\/\/x.com\/chemi3inc","https:\/\/www.instagram.com\/chemi3inc\/","https:\/\/www.linkedin.com\/company\/chemi3inc"]}]}},"_links":{"self":[{"href":"https:\/\/chemi-3.com\/fr\/wp-json\/wp\/v2\/product\/27617","targetHints":{"allow":["GET"]}}],"collection":[{"href":"https:\/\/chemi-3.com\/fr\/wp-json\/wp\/v2\/product"}],"about":[{"href":"https:\/\/chemi-3.com\/fr\/wp-json\/wp\/v2\/types\/product"}],"replies":[{"embeddable":true,"href":"https:\/\/chemi-3.com\/fr\/wp-json\/wp\/v2\/comments?post=27617"}],"wp:featuredmedia":[{"embeddable":true,"href":"https:\/\/chemi-3.com\/fr\/wp-json\/wp\/v2\/media\/23781"}],"wp:attachment":[{"href":"https:\/\/chemi-3.com\/fr\/wp-json\/wp\/v2\/media?parent=27617"}],"wp:term":[{"taxonomy":"product_brand","embeddable":true,"href":"https:\/\/chemi-3.com\/fr\/wp-json\/wp\/v2\/product_brand?post=27617"},{"taxonomy":"product_cat","embeddable":true,"href":"https:\/\/chemi-3.com\/fr\/wp-json\/wp\/v2\/product_cat?post=27617"},{"taxonomy":"product_tag","embeddable":true,"href":"https:\/\/chemi-3.com\/fr\/wp-json\/wp\/v2\/product_tag?post=27617"}],"curies":[{"name":"wp","href":"https:\/\/api.w.org\/{rel}","templated":true}]}}