{"id":27634,"date":"2021-11-05T13:04:29","date_gmt":"2021-11-05T17:04:29","guid":{"rendered":"https:\/\/chemi-3.com\/product\/papier-dessuyage-tres-resistant-tork-450175-boite-distributrice-ouverte-sur-le-dessus-simple-epaisseur-largeur-235-cm-925-po-x-longueur-413-cm-1625-po-blanc-carton-de-10-bo\/"},"modified":"2021-11-05T13:04:41","modified_gmt":"2021-11-05T17:04:41","slug":"papier-dessuyage-tres-resistant-tork-450175-boite-distributrice-ouverte-sur-le-dessus-simple-epaisseur-largeur-235-cm-925-po-x-longueur-413-cm-1625-po-blanc-carton-de-10-bo","status":"publish","type":"product","link":"https:\/\/chemi-3.com\/fr\/product\/papier-dessuyage-tres-resistant-tork-450175-boite-distributrice-ouverte-sur-le-dessus-simple-epaisseur-largeur-235-cm-925-po-x-longueur-413-cm-1625-po-blanc-carton-de-10-bo\/","title":{"rendered":"Papier d\u2019essuyage tr\u00e8s r\u00e9sistant tork\u00ae 450175, bo\u00eete distributrice ouverte sur le dessus, simple \u00e9paisseur, largeur 23,5 cm (9,25 po) x longueur 41,3 cm (16,25 po), blanc (carton de 10 bo\u00eetes, 90 par bo\u00eete, 900 feuilles)"},"content":{"rendered":"<body><p>Le papier d\u2019essuyage tr\u00e8s r\u00e9sistant Tork\u00ae est notre papier d\u2019essuyage industriel multiusage le plus robuste. Ce papier d\u2019essuyage pli\u00e9 se pr\u00e9sente dans une bo\u00eete distributrice portative, ouverte sur le dessus, qui prot\u00e8ge son contenu de la salet\u00e9 et vous permet un transport ais\u00e9 jusqu\u2019au site de travail. Excellente absorption de l\u2019huile et de l\u2019eau, \u00e9limine ais\u00e9ment la graisse et la crasse. Texture \u00e0 la fois robuste pour un usage industriel et douce pour les mains et le visage. Durabilit\u00e9 \u00e9lev\u00e9e \u2013 conserve sa r\u00e9sistance m\u00eame humide, et est r\u00e9utilisable. Ce produit contient 85\u00a0% de papier (60\u00a0% recycl\u00e9, 40\u00a0% de fibres post-industrielles) et 15\u00a0% d\u2019une \u00e9mulsion synth\u00e9tique. Certifications NSF P1 et Sant\u00e9 Canada.<br>\nUnit\u00e9 de mesure : Oct-90<\/p>\n<\/body>","protected":false},"excerpt":{"rendered":"<p>Le papier d\u2019essuyage tr\u00e8s r\u00e9sistant Tork\u00ae est notre papier d\u2019essuyage industriel multiusage le plus robuste. Ce papier d\u2019essuyage pli\u00e9 se pr\u00e9sente dans une bo\u00eete distributrice portative, ouverte sur le dessus, qui prot\u00e8ge son contenu de la salet\u00e9 et vous permet un transport ais\u00e9 jusqu\u2019au site de travail. Excellente absorption de l\u2019huile et de l\u2019eau, \u00e9limine [&hellip;]<\/p>\n","protected":false},"featured_media":23808,"comment_status":"closed","ping_status":"open","template":"","meta":{"_et_pb_use_builder":"","_et_pb_old_content":"","_et_gb_content_width":""},"product_brand":[],"product_cat":[12842],"product_tag":[13932,13617,13689],"class_list":{"0":"post-27634","1":"product","2":"type-product","3":"status-publish","4":"has-post-thumbnail","6":"product_cat-chiffons-robustes","7":"product_tag-chiffons-robustes","8":"product_tag-essuie-mains-papier-hygienique-et-lingettes","9":"product_tag-lingettes","10":"pa_country-of-origin-united-states","11":"pa_environmental-status-recyclable-fr","12":"pa_is-hazardous-material-non","13":"pa_product-colour-blanc","14":"pa_product-material-double-re-crepe-paper-2","16":"first","17":"instock","18":"taxable","19":"shipping-taxable","20":"purchasable","21":"product-type-simple"},"yoast_head":"<!-- This site is optimized with the Yoast SEO plugin v27.5 - https:\/\/yoast.com\/product\/yoast-seo-wordpress\/ -->\n<title>Papier d\u2019essuyage tr\u00e8s r\u00e9sistant tork\u00ae 450175, bo\u00eete distributrice ouverte sur le dessus, simple \u00e9paisseur, largeur 23,5 cm (9,25 po) x longueur 41,3 cm (16,25 po), blanc (carton de 10 bo\u00eetes, 90 par bo\u00eete, 900 feuilles) &#8211; Chemi-3 Inc.<\/title>\n<meta name=\"robots\" content=\"index, follow, max-snippet:-1, max-image-preview:large, max-video-preview:-1\" \/>\n<link rel=\"canonical\" href=\"https:\/\/chemi-3.com\/fr\/product\/papier-dessuyage-tres-resistant-tork-450175-boite-distributrice-ouverte-sur-le-dessus-simple-epaisseur-largeur-235-cm-925-po-x-longueur-413-cm-1625-po-blanc-carton-de-10-bo\/\" \/>\n<meta property=\"og:locale\" content=\"fr_CA\" \/>\n<meta property=\"og:type\" content=\"article\" \/>\n<meta property=\"og:title\" content=\"Papier d\u2019essuyage tr\u00e8s r\u00e9sistant tork\u00ae 450175, bo\u00eete distributrice ouverte sur le dessus, simple \u00e9paisseur, largeur 23,5 cm (9,25 po) x longueur 41,3 cm (16,25 po), blanc (carton de 10 bo\u00eetes, 90 par bo\u00eete, 900 feuilles) &#8211; Chemi-3 Inc.\" \/>\n<meta property=\"og:description\" content=\"Le papier d\u2019essuyage tr\u00e8s r\u00e9sistant Tork\u00ae est notre papier d\u2019essuyage industriel multiusage le plus robuste. Ce papier d\u2019essuyage pli\u00e9 se pr\u00e9sente dans une bo\u00eete distributrice portative, ouverte sur le dessus, qui prot\u00e8ge son contenu de la salet\u00e9 et vous permet un transport ais\u00e9 jusqu\u2019au site de travail. Excellente absorption de l\u2019huile et de l\u2019eau, \u00e9limine [&hellip;]\" \/>\n<meta property=\"og:url\" content=\"https:\/\/chemi-3.com\/fr\/product\/papier-dessuyage-tres-resistant-tork-450175-boite-distributrice-ouverte-sur-le-dessus-simple-epaisseur-largeur-235-cm-925-po-x-longueur-413-cm-1625-po-blanc-carton-de-10-bo\/\" \/>\n<meta property=\"og:site_name\" content=\"Chemi-3 Inc.\" \/>\n<meta property=\"article:publisher\" content=\"https:\/\/www.facebook.com\/chemi3inc\/\" \/>\n<meta property=\"article:modified_time\" content=\"2021-11-05T17:04:41+00:00\" \/>\n<meta property=\"og:image\" content=\"https:\/\/chemi-3.com\/wp-content\/uploads\/2021\/11\/14101336-20210811023451-1.jpg\" \/>\n\t<meta property=\"og:image:width\" content=\"1500\" \/>\n\t<meta property=\"og:image:height\" content=\"653\" \/>\n\t<meta property=\"og:image:type\" content=\"image\/jpeg\" \/>\n<meta name=\"twitter:card\" content=\"summary_large_image\" \/>\n<meta name=\"twitter:site\" content=\"@chemi3inc\" \/>\n<meta name=\"twitter:label1\" content=\"Estimation du temps de lecture\" \/>\n\t<meta name=\"twitter:data1\" content=\"1 minute\" \/>\n<script type=\"application\/ld+json\" class=\"yoast-schema-graph\">{\"@context\":\"https:\\\/\\\/schema.org\",\"@graph\":[{\"@type\":[\"WebPage\",\"ItemPage\"],\"@id\":\"https:\\\/\\\/chemi-3.com\\\/fr\\\/product\\\/papier-dessuyage-tres-resistant-tork-450175-boite-distributrice-ouverte-sur-le-dessus-simple-epaisseur-largeur-235-cm-925-po-x-longueur-413-cm-1625-po-blanc-carton-de-10-bo\\\/\",\"url\":\"https:\\\/\\\/chemi-3.com\\\/fr\\\/product\\\/papier-dessuyage-tres-resistant-tork-450175-boite-distributrice-ouverte-sur-le-dessus-simple-epaisseur-largeur-235-cm-925-po-x-longueur-413-cm-1625-po-blanc-carton-de-10-bo\\\/\",\"name\":\"Papier d\u2019essuyage tr\u00e8s r\u00e9sistant tork\u00ae 450175, bo\u00eete distributrice ouverte sur le dessus, simple \u00e9paisseur, largeur 23,5 cm (9,25 po) x longueur 41,3 cm (16,25 po), blanc (carton de 10 bo\u00eetes, 90 par bo\u00eete, 900 feuilles) &#8211; Chemi-3 Inc.\",\"isPartOf\":{\"@id\":\"https:\\\/\\\/chemi-3.com\\\/fr\\\/#website\"},\"primaryImageOfPage\":{\"@id\":\"https:\\\/\\\/chemi-3.com\\\/fr\\\/product\\\/papier-dessuyage-tres-resistant-tork-450175-boite-distributrice-ouverte-sur-le-dessus-simple-epaisseur-largeur-235-cm-925-po-x-longueur-413-cm-1625-po-blanc-carton-de-10-bo\\\/#primaryimage\"},\"image\":{\"@id\":\"https:\\\/\\\/chemi-3.com\\\/fr\\\/product\\\/papier-dessuyage-tres-resistant-tork-450175-boite-distributrice-ouverte-sur-le-dessus-simple-epaisseur-largeur-235-cm-925-po-x-longueur-413-cm-1625-po-blanc-carton-de-10-bo\\\/#primaryimage\"},\"thumbnailUrl\":\"https:\\\/\\\/chemi-3.com\\\/wp-content\\\/uploads\\\/2021\\\/11\\\/14101336-20210811023451-1.jpg\",\"datePublished\":\"2021-11-05T17:04:29+00:00\",\"dateModified\":\"2021-11-05T17:04:41+00:00\",\"breadcrumb\":{\"@id\":\"https:\\\/\\\/chemi-3.com\\\/fr\\\/product\\\/papier-dessuyage-tres-resistant-tork-450175-boite-distributrice-ouverte-sur-le-dessus-simple-epaisseur-largeur-235-cm-925-po-x-longueur-413-cm-1625-po-blanc-carton-de-10-bo\\\/#breadcrumb\"},\"inLanguage\":\"fr-CA\",\"potentialAction\":[{\"@type\":\"ReadAction\",\"target\":[\"https:\\\/\\\/chemi-3.com\\\/fr\\\/product\\\/papier-dessuyage-tres-resistant-tork-450175-boite-distributrice-ouverte-sur-le-dessus-simple-epaisseur-largeur-235-cm-925-po-x-longueur-413-cm-1625-po-blanc-carton-de-10-bo\\\/\"]}]},{\"@type\":\"ImageObject\",\"inLanguage\":\"fr-CA\",\"@id\":\"https:\\\/\\\/chemi-3.com\\\/fr\\\/product\\\/papier-dessuyage-tres-resistant-tork-450175-boite-distributrice-ouverte-sur-le-dessus-simple-epaisseur-largeur-235-cm-925-po-x-longueur-413-cm-1625-po-blanc-carton-de-10-bo\\\/#primaryimage\",\"url\":\"https:\\\/\\\/chemi-3.com\\\/wp-content\\\/uploads\\\/2021\\\/11\\\/14101336-20210811023451-1.jpg\",\"contentUrl\":\"https:\\\/\\\/chemi-3.com\\\/wp-content\\\/uploads\\\/2021\\\/11\\\/14101336-20210811023451-1.jpg\",\"width\":1500,\"height\":653,\"caption\":\"Tork\u00ae Heavy-Duty Paper Wiper In Tall Pop-Up Box\"},{\"@type\":\"BreadcrumbList\",\"@id\":\"https:\\\/\\\/chemi-3.com\\\/fr\\\/product\\\/papier-dessuyage-tres-resistant-tork-450175-boite-distributrice-ouverte-sur-le-dessus-simple-epaisseur-largeur-235-cm-925-po-x-longueur-413-cm-1625-po-blanc-carton-de-10-bo\\\/#breadcrumb\",\"itemListElement\":[{\"@type\":\"ListItem\",\"position\":1,\"name\":\"Home\",\"item\":\"https:\\\/\\\/chemi-3.com\\\/fr\\\/\"},{\"@type\":\"ListItem\",\"position\":2,\"name\":\"Produits\",\"item\":\"https:\\\/\\\/chemi-3.com\\\/fr\\\/shop\\\/\"},{\"@type\":\"ListItem\",\"position\":3,\"name\":\"Papier d\u2019essuyage tr\u00e8s r\u00e9sistant tork\u00ae 450175, bo\u00eete distributrice ouverte sur le dessus, simple \u00e9paisseur, largeur 23,5 cm (9,25 po) x longueur 41,3 cm (16,25 po), blanc (carton de 10 bo\u00eetes, 90 par bo\u00eete, 900 feuilles)\"}]},{\"@type\":\"WebSite\",\"@id\":\"https:\\\/\\\/chemi-3.com\\\/fr\\\/#website\",\"url\":\"https:\\\/\\\/chemi-3.com\\\/fr\\\/\",\"name\":\"Chemi-3 Inc.\",\"description\":\"Montreal&#039;s premier distributor of janitorial, sanitary and commercial products.\",\"publisher\":{\"@id\":\"https:\\\/\\\/chemi-3.com\\\/fr\\\/#organization\"},\"potentialAction\":[{\"@type\":\"SearchAction\",\"target\":{\"@type\":\"EntryPoint\",\"urlTemplate\":\"https:\\\/\\\/chemi-3.com\\\/fr\\\/?s={search_term_string}\"},\"query-input\":{\"@type\":\"PropertyValueSpecification\",\"valueRequired\":true,\"valueName\":\"search_term_string\"}}],\"inLanguage\":\"fr-CA\"},{\"@type\":\"Organization\",\"@id\":\"https:\\\/\\\/chemi-3.com\\\/fr\\\/#organization\",\"name\":\"Chemi-3 Industries Inc.\",\"url\":\"https:\\\/\\\/chemi-3.com\\\/fr\\\/\",\"logo\":{\"@type\":\"ImageObject\",\"inLanguage\":\"fr-CA\",\"@id\":\"https:\\\/\\\/chemi-3.com\\\/fr\\\/#\\\/schema\\\/logo\\\/image\\\/\",\"url\":\"http:\\\/\\\/chemi-3.com\\\/wp-content\\\/uploads\\\/2021\\\/09\\\/Chemi3_logo_transparent_highres.png\",\"contentUrl\":\"http:\\\/\\\/chemi-3.com\\\/wp-content\\\/uploads\\\/2021\\\/09\\\/Chemi3_logo_transparent_highres.png\",\"width\":1000,\"height\":387,\"caption\":\"Chemi-3 Industries Inc.\"},\"image\":{\"@id\":\"https:\\\/\\\/chemi-3.com\\\/fr\\\/#\\\/schema\\\/logo\\\/image\\\/\"},\"sameAs\":[\"https:\\\/\\\/www.facebook.com\\\/chemi3inc\\\/\",\"https:\\\/\\\/x.com\\\/chemi3inc\",\"https:\\\/\\\/www.instagram.com\\\/chemi3inc\\\/\",\"https:\\\/\\\/www.linkedin.com\\\/company\\\/chemi3inc\"]}]}<\/script>\n<!-- \/ Yoast SEO plugin. -->","yoast_head_json":{"title":"Papier d\u2019essuyage tr\u00e8s r\u00e9sistant tork\u00ae 450175, bo\u00eete distributrice ouverte sur le dessus, simple \u00e9paisseur, largeur 23,5 cm (9,25 po) x longueur 41,3 cm (16,25 po), blanc (carton de 10 bo\u00eetes, 90 par bo\u00eete, 900 feuilles) &#8211; Chemi-3 Inc.","robots":{"index":"index","follow":"follow","max-snippet":"max-snippet:-1","max-image-preview":"max-image-preview:large","max-video-preview":"max-video-preview:-1"},"canonical":"https:\/\/chemi-3.com\/fr\/product\/papier-dessuyage-tres-resistant-tork-450175-boite-distributrice-ouverte-sur-le-dessus-simple-epaisseur-largeur-235-cm-925-po-x-longueur-413-cm-1625-po-blanc-carton-de-10-bo\/","og_locale":"fr_CA","og_type":"article","og_title":"Papier d\u2019essuyage tr\u00e8s r\u00e9sistant tork\u00ae 450175, bo\u00eete distributrice ouverte sur le dessus, simple \u00e9paisseur, largeur 23,5 cm (9,25 po) x longueur 41,3 cm (16,25 po), blanc (carton de 10 bo\u00eetes, 90 par bo\u00eete, 900 feuilles) &#8211; Chemi-3 Inc.","og_description":"Le papier d\u2019essuyage tr\u00e8s r\u00e9sistant Tork\u00ae est notre papier d\u2019essuyage industriel multiusage le plus robuste. Ce papier d\u2019essuyage pli\u00e9 se pr\u00e9sente dans une bo\u00eete distributrice portative, ouverte sur le dessus, qui prot\u00e8ge son contenu de la salet\u00e9 et vous permet un transport ais\u00e9 jusqu\u2019au site de travail. Excellente absorption de l\u2019huile et de l\u2019eau, \u00e9limine [&hellip;]","og_url":"https:\/\/chemi-3.com\/fr\/product\/papier-dessuyage-tres-resistant-tork-450175-boite-distributrice-ouverte-sur-le-dessus-simple-epaisseur-largeur-235-cm-925-po-x-longueur-413-cm-1625-po-blanc-carton-de-10-bo\/","og_site_name":"Chemi-3 Inc.","article_publisher":"https:\/\/www.facebook.com\/chemi3inc\/","article_modified_time":"2021-11-05T17:04:41+00:00","og_image":[{"width":1500,"height":653,"url":"https:\/\/chemi-3.com\/wp-content\/uploads\/2021\/11\/14101336-20210811023451-1.jpg","type":"image\/jpeg"}],"twitter_card":"summary_large_image","twitter_site":"@chemi3inc","twitter_misc":{"Estimation du temps de lecture":"1 minute"},"schema":{"@context":"https:\/\/schema.org","@graph":[{"@type":["WebPage","ItemPage"],"@id":"https:\/\/chemi-3.com\/fr\/product\/papier-dessuyage-tres-resistant-tork-450175-boite-distributrice-ouverte-sur-le-dessus-simple-epaisseur-largeur-235-cm-925-po-x-longueur-413-cm-1625-po-blanc-carton-de-10-bo\/","url":"https:\/\/chemi-3.com\/fr\/product\/papier-dessuyage-tres-resistant-tork-450175-boite-distributrice-ouverte-sur-le-dessus-simple-epaisseur-largeur-235-cm-925-po-x-longueur-413-cm-1625-po-blanc-carton-de-10-bo\/","name":"Papier d\u2019essuyage tr\u00e8s r\u00e9sistant tork\u00ae 450175, bo\u00eete distributrice ouverte sur le dessus, simple \u00e9paisseur, largeur 23,5 cm (9,25 po) x longueur 41,3 cm (16,25 po), blanc (carton de 10 bo\u00eetes, 90 par bo\u00eete, 900 feuilles) &#8211; Chemi-3 Inc.","isPartOf":{"@id":"https:\/\/chemi-3.com\/fr\/#website"},"primaryImageOfPage":{"@id":"https:\/\/chemi-3.com\/fr\/product\/papier-dessuyage-tres-resistant-tork-450175-boite-distributrice-ouverte-sur-le-dessus-simple-epaisseur-largeur-235-cm-925-po-x-longueur-413-cm-1625-po-blanc-carton-de-10-bo\/#primaryimage"},"image":{"@id":"https:\/\/chemi-3.com\/fr\/product\/papier-dessuyage-tres-resistant-tork-450175-boite-distributrice-ouverte-sur-le-dessus-simple-epaisseur-largeur-235-cm-925-po-x-longueur-413-cm-1625-po-blanc-carton-de-10-bo\/#primaryimage"},"thumbnailUrl":"https:\/\/chemi-3.com\/wp-content\/uploads\/2021\/11\/14101336-20210811023451-1.jpg","datePublished":"2021-11-05T17:04:29+00:00","dateModified":"2021-11-05T17:04:41+00:00","breadcrumb":{"@id":"https:\/\/chemi-3.com\/fr\/product\/papier-dessuyage-tres-resistant-tork-450175-boite-distributrice-ouverte-sur-le-dessus-simple-epaisseur-largeur-235-cm-925-po-x-longueur-413-cm-1625-po-blanc-carton-de-10-bo\/#breadcrumb"},"inLanguage":"fr-CA","potentialAction":[{"@type":"ReadAction","target":["https:\/\/chemi-3.com\/fr\/product\/papier-dessuyage-tres-resistant-tork-450175-boite-distributrice-ouverte-sur-le-dessus-simple-epaisseur-largeur-235-cm-925-po-x-longueur-413-cm-1625-po-blanc-carton-de-10-bo\/"]}]},{"@type":"ImageObject","inLanguage":"fr-CA","@id":"https:\/\/chemi-3.com\/fr\/product\/papier-dessuyage-tres-resistant-tork-450175-boite-distributrice-ouverte-sur-le-dessus-simple-epaisseur-largeur-235-cm-925-po-x-longueur-413-cm-1625-po-blanc-carton-de-10-bo\/#primaryimage","url":"https:\/\/chemi-3.com\/wp-content\/uploads\/2021\/11\/14101336-20210811023451-1.jpg","contentUrl":"https:\/\/chemi-3.com\/wp-content\/uploads\/2021\/11\/14101336-20210811023451-1.jpg","width":1500,"height":653,"caption":"Tork\u00ae Heavy-Duty Paper Wiper In Tall Pop-Up Box"},{"@type":"BreadcrumbList","@id":"https:\/\/chemi-3.com\/fr\/product\/papier-dessuyage-tres-resistant-tork-450175-boite-distributrice-ouverte-sur-le-dessus-simple-epaisseur-largeur-235-cm-925-po-x-longueur-413-cm-1625-po-blanc-carton-de-10-bo\/#breadcrumb","itemListElement":[{"@type":"ListItem","position":1,"name":"Home","item":"https:\/\/chemi-3.com\/fr\/"},{"@type":"ListItem","position":2,"name":"Produits","item":"https:\/\/chemi-3.com\/fr\/shop\/"},{"@type":"ListItem","position":3,"name":"Papier d\u2019essuyage tr\u00e8s r\u00e9sistant tork\u00ae 450175, bo\u00eete distributrice ouverte sur le dessus, simple \u00e9paisseur, largeur 23,5 cm (9,25 po) x longueur 41,3 cm (16,25 po), blanc (carton de 10 bo\u00eetes, 90 par bo\u00eete, 900 feuilles)"}]},{"@type":"WebSite","@id":"https:\/\/chemi-3.com\/fr\/#website","url":"https:\/\/chemi-3.com\/fr\/","name":"Chemi-3 Inc.","description":"Montreal&#039;s premier distributor of janitorial, sanitary and commercial products.","publisher":{"@id":"https:\/\/chemi-3.com\/fr\/#organization"},"potentialAction":[{"@type":"SearchAction","target":{"@type":"EntryPoint","urlTemplate":"https:\/\/chemi-3.com\/fr\/?s={search_term_string}"},"query-input":{"@type":"PropertyValueSpecification","valueRequired":true,"valueName":"search_term_string"}}],"inLanguage":"fr-CA"},{"@type":"Organization","@id":"https:\/\/chemi-3.com\/fr\/#organization","name":"Chemi-3 Industries Inc.","url":"https:\/\/chemi-3.com\/fr\/","logo":{"@type":"ImageObject","inLanguage":"fr-CA","@id":"https:\/\/chemi-3.com\/fr\/#\/schema\/logo\/image\/","url":"http:\/\/chemi-3.com\/wp-content\/uploads\/2021\/09\/Chemi3_logo_transparent_highres.png","contentUrl":"http:\/\/chemi-3.com\/wp-content\/uploads\/2021\/09\/Chemi3_logo_transparent_highres.png","width":1000,"height":387,"caption":"Chemi-3 Industries Inc."},"image":{"@id":"https:\/\/chemi-3.com\/fr\/#\/schema\/logo\/image\/"},"sameAs":["https:\/\/www.facebook.com\/chemi3inc\/","https:\/\/x.com\/chemi3inc","https:\/\/www.instagram.com\/chemi3inc\/","https:\/\/www.linkedin.com\/company\/chemi3inc"]}]}},"_links":{"self":[{"href":"https:\/\/chemi-3.com\/fr\/wp-json\/wp\/v2\/product\/27634","targetHints":{"allow":["GET"]}}],"collection":[{"href":"https:\/\/chemi-3.com\/fr\/wp-json\/wp\/v2\/product"}],"about":[{"href":"https:\/\/chemi-3.com\/fr\/wp-json\/wp\/v2\/types\/product"}],"replies":[{"embeddable":true,"href":"https:\/\/chemi-3.com\/fr\/wp-json\/wp\/v2\/comments?post=27634"}],"wp:featuredmedia":[{"embeddable":true,"href":"https:\/\/chemi-3.com\/fr\/wp-json\/wp\/v2\/media\/23808"}],"wp:attachment":[{"href":"https:\/\/chemi-3.com\/fr\/wp-json\/wp\/v2\/media?parent=27634"}],"wp:term":[{"taxonomy":"product_brand","embeddable":true,"href":"https:\/\/chemi-3.com\/fr\/wp-json\/wp\/v2\/product_brand?post=27634"},{"taxonomy":"product_cat","embeddable":true,"href":"https:\/\/chemi-3.com\/fr\/wp-json\/wp\/v2\/product_cat?post=27634"},{"taxonomy":"product_tag","embeddable":true,"href":"https:\/\/chemi-3.com\/fr\/wp-json\/wp\/v2\/product_tag?post=27634"}],"curies":[{"name":"wp","href":"https:\/\/api.w.org\/{rel}","templated":true}]}}