{"id":27668,"date":"2021-11-05T13:05:00","date_gmt":"2021-11-05T17:05:00","guid":{"rendered":"https:\/\/chemi-3.com\/product\/papiers-essuie-mains-en-rouleaux-cascades-pro-select-800-pi-blanc\/"},"modified":"2021-11-05T13:05:02","modified_gmt":"2021-11-05T17:05:02","slug":"papiers-essuie-mains-en-rouleaux-cascades-pro-select-800-pi-blanc","status":"publish","type":"product","link":"https:\/\/chemi-3.com\/fr\/product\/papiers-essuie-mains-en-rouleaux-cascades-pro-select-800-pi-blanc\/","title":{"rendered":"Papiers essuie-mains en rouleaux cascades\u00a0pro select, 800\u00a0pi, blanc"},"content":{"rendered":"<body><p>Les papiers essuie-mains en rouleaux Cascades PRO Select\u00ae vous en donnent plus. Les essuie-mains haute capacit\u00e9 et absorbants r\u00e9duisent le temps consacr\u00e9 \u00e0 l\u2019entretien ainsi que les p\u00e9nuries. Compos\u00e9s \u00e0 100 % de fibres recycl\u00e9es, ces essuie-mains en rouleaux r\u00e9duisent les r\u00e9percussions sur l\u2019environnement.  Offrant qualit\u00e9 et prix abordable, il s\u2019agit d\u2019un choix \u00e9conomique pour le nettoyage. Ils sont parfaits dans les endroits tr\u00e8s achaland\u00e9s des \u00e9tablissements industriels, de vente au d\u00e9tail, de restauration et d\u2019enseignement. Ces essuie-mains surpassent les normes de l\u2019EPA.<br>\nUnit\u00e9 de mesure : <\/p>\n<\/body>","protected":false},"excerpt":{"rendered":"<p>Les papiers essuie-mains en rouleaux Cascades PRO Select\u00ae vous en donnent plus. Les essuie-mains haute capacit\u00e9 et absorbants r\u00e9duisent le temps consacr\u00e9 \u00e0 l\u2019entretien ainsi que les p\u00e9nuries. Compos\u00e9s \u00e0 100 % de fibres recycl\u00e9es, ces essuie-mains en rouleaux r\u00e9duisent les r\u00e9percussions sur l\u2019environnement. Offrant qualit\u00e9 et prix abordable, il s\u2019agit d\u2019un choix \u00e9conomique pour [&hellip;]<\/p>\n","protected":false},"featured_media":23864,"comment_status":"closed","ping_status":"open","template":"","meta":{"_et_pb_use_builder":"","_et_pb_old_content":"","_et_gb_content_width":""},"product_brand":[],"product_cat":[12833],"product_tag":[13690,13925,13617,13689],"class_list":{"0":"post-27668","1":"product","2":"type-product","3":"status-publish","4":"has-post-thumbnail","6":"product_cat-essuie-mains-enroules-serres","7":"product_tag-essuie-mains-en-rouleau","8":"product_tag-essuie-mains-enroules-serres","9":"product_tag-essuie-mains-papier-hygienique-et-lingettes","10":"product_tag-lingettes","11":"pa_country-of-origin-canada-etats-unis","12":"pa_environmental-status-recyclable-fr","13":"pa_is-hazardous-material-non","14":"pa_product-colour-blanc","15":"pa_product-material-kraft-paper","16":"pa_product-shape-cylindrique","18":"first","19":"instock","20":"taxable","21":"shipping-taxable","22":"purchasable","23":"product-type-simple"},"yoast_head":"<!-- This site is optimized with the Yoast SEO plugin v27.4 - https:\/\/yoast.com\/product\/yoast-seo-wordpress\/ -->\n<title>Papiers essuie-mains en rouleaux cascades\u00a0pro select, 800\u00a0pi, blanc &#8211; Chemi-3 Inc.<\/title>\n<meta name=\"robots\" content=\"index, follow, max-snippet:-1, max-image-preview:large, max-video-preview:-1\" \/>\n<link rel=\"canonical\" href=\"https:\/\/chemi-3.com\/fr\/product\/papiers-essuie-mains-en-rouleaux-cascades-pro-select-800-pi-blanc\/\" \/>\n<meta property=\"og:locale\" content=\"fr_CA\" \/>\n<meta property=\"og:type\" content=\"article\" \/>\n<meta property=\"og:title\" content=\"Papiers essuie-mains en rouleaux cascades\u00a0pro select, 800\u00a0pi, blanc &#8211; Chemi-3 Inc.\" \/>\n<meta property=\"og:description\" content=\"Les papiers essuie-mains en rouleaux Cascades PRO Select\u00ae vous en donnent plus. Les essuie-mains haute capacit\u00e9 et absorbants r\u00e9duisent le temps consacr\u00e9 \u00e0 l\u2019entretien ainsi que les p\u00e9nuries. Compos\u00e9s \u00e0 100 % de fibres recycl\u00e9es, ces essuie-mains en rouleaux r\u00e9duisent les r\u00e9percussions sur l\u2019environnement. Offrant qualit\u00e9 et prix abordable, il s\u2019agit d\u2019un choix \u00e9conomique pour [&hellip;]\" \/>\n<meta property=\"og:url\" content=\"https:\/\/chemi-3.com\/fr\/product\/papiers-essuie-mains-en-rouleaux-cascades-pro-select-800-pi-blanc\/\" \/>\n<meta property=\"og:site_name\" content=\"Chemi-3 Inc.\" \/>\n<meta property=\"article:publisher\" content=\"https:\/\/www.facebook.com\/chemi3inc\/\" \/>\n<meta property=\"article:modified_time\" content=\"2021-11-05T17:05:02+00:00\" \/>\n<meta property=\"og:image\" content=\"https:\/\/chemi-3.com\/wp-content\/uploads\/2021\/11\/01700152-1-20210904201749-1.jpg\" \/>\n\t<meta property=\"og:image:width\" content=\"900\" \/>\n\t<meta property=\"og:image:height\" content=\"750\" \/>\n\t<meta property=\"og:image:type\" content=\"image\/jpeg\" \/>\n<meta name=\"twitter:card\" content=\"summary_large_image\" \/>\n<meta name=\"twitter:site\" content=\"@chemi3inc\" \/>\n<script type=\"application\/ld+json\" class=\"yoast-schema-graph\">{\"@context\":\"https:\\\/\\\/schema.org\",\"@graph\":[{\"@type\":[\"WebPage\",\"ItemPage\"],\"@id\":\"https:\\\/\\\/chemi-3.com\\\/fr\\\/product\\\/papiers-essuie-mains-en-rouleaux-cascades-pro-select-800-pi-blanc\\\/\",\"url\":\"https:\\\/\\\/chemi-3.com\\\/fr\\\/product\\\/papiers-essuie-mains-en-rouleaux-cascades-pro-select-800-pi-blanc\\\/\",\"name\":\"Papiers essuie-mains en rouleaux cascades\u00a0pro select, 800\u00a0pi, blanc &#8211; Chemi-3 Inc.\",\"isPartOf\":{\"@id\":\"https:\\\/\\\/chemi-3.com\\\/fr\\\/#website\"},\"primaryImageOfPage\":{\"@id\":\"https:\\\/\\\/chemi-3.com\\\/fr\\\/product\\\/papiers-essuie-mains-en-rouleaux-cascades-pro-select-800-pi-blanc\\\/#primaryimage\"},\"image\":{\"@id\":\"https:\\\/\\\/chemi-3.com\\\/fr\\\/product\\\/papiers-essuie-mains-en-rouleaux-cascades-pro-select-800-pi-blanc\\\/#primaryimage\"},\"thumbnailUrl\":\"https:\\\/\\\/chemi-3.com\\\/wp-content\\\/uploads\\\/2021\\\/11\\\/01700152-1-20210904201749-1.jpg\",\"datePublished\":\"2021-11-05T17:05:00+00:00\",\"dateModified\":\"2021-11-05T17:05:02+00:00\",\"breadcrumb\":{\"@id\":\"https:\\\/\\\/chemi-3.com\\\/fr\\\/product\\\/papiers-essuie-mains-en-rouleaux-cascades-pro-select-800-pi-blanc\\\/#breadcrumb\"},\"inLanguage\":\"fr-CA\",\"potentialAction\":[{\"@type\":\"ReadAction\",\"target\":[\"https:\\\/\\\/chemi-3.com\\\/fr\\\/product\\\/papiers-essuie-mains-en-rouleaux-cascades-pro-select-800-pi-blanc\\\/\"]}]},{\"@type\":\"ImageObject\",\"inLanguage\":\"fr-CA\",\"@id\":\"https:\\\/\\\/chemi-3.com\\\/fr\\\/product\\\/papiers-essuie-mains-en-rouleaux-cascades-pro-select-800-pi-blanc\\\/#primaryimage\",\"url\":\"https:\\\/\\\/chemi-3.com\\\/wp-content\\\/uploads\\\/2021\\\/11\\\/01700152-1-20210904201749-1.jpg\",\"contentUrl\":\"https:\\\/\\\/chemi-3.com\\\/wp-content\\\/uploads\\\/2021\\\/11\\\/01700152-1-20210904201749-1.jpg\",\"width\":900,\"height\":750,\"caption\":\"Cascades Pro Select\u00ae Paper Towel Roll\"},{\"@type\":\"BreadcrumbList\",\"@id\":\"https:\\\/\\\/chemi-3.com\\\/fr\\\/product\\\/papiers-essuie-mains-en-rouleaux-cascades-pro-select-800-pi-blanc\\\/#breadcrumb\",\"itemListElement\":[{\"@type\":\"ListItem\",\"position\":1,\"name\":\"Home\",\"item\":\"https:\\\/\\\/chemi-3.com\\\/fr\\\/\"},{\"@type\":\"ListItem\",\"position\":2,\"name\":\"Produits\",\"item\":\"https:\\\/\\\/chemi-3.com\\\/fr\\\/shop\\\/\"},{\"@type\":\"ListItem\",\"position\":3,\"name\":\"Papiers essuie-mains en rouleaux cascades\u00a0pro select, 800\u00a0pi, blanc\"}]},{\"@type\":\"WebSite\",\"@id\":\"https:\\\/\\\/chemi-3.com\\\/fr\\\/#website\",\"url\":\"https:\\\/\\\/chemi-3.com\\\/fr\\\/\",\"name\":\"Chemi-3 Inc.\",\"description\":\"Montreal&#039;s premier distributor of janitorial, sanitary and commercial products.\",\"publisher\":{\"@id\":\"https:\\\/\\\/chemi-3.com\\\/fr\\\/#organization\"},\"potentialAction\":[{\"@type\":\"SearchAction\",\"target\":{\"@type\":\"EntryPoint\",\"urlTemplate\":\"https:\\\/\\\/chemi-3.com\\\/fr\\\/?s={search_term_string}\"},\"query-input\":{\"@type\":\"PropertyValueSpecification\",\"valueRequired\":true,\"valueName\":\"search_term_string\"}}],\"inLanguage\":\"fr-CA\"},{\"@type\":\"Organization\",\"@id\":\"https:\\\/\\\/chemi-3.com\\\/fr\\\/#organization\",\"name\":\"Chemi-3 Industries Inc.\",\"url\":\"https:\\\/\\\/chemi-3.com\\\/fr\\\/\",\"logo\":{\"@type\":\"ImageObject\",\"inLanguage\":\"fr-CA\",\"@id\":\"https:\\\/\\\/chemi-3.com\\\/fr\\\/#\\\/schema\\\/logo\\\/image\\\/\",\"url\":\"http:\\\/\\\/chemi-3.com\\\/wp-content\\\/uploads\\\/2021\\\/09\\\/Chemi3_logo_transparent_highres.png\",\"contentUrl\":\"http:\\\/\\\/chemi-3.com\\\/wp-content\\\/uploads\\\/2021\\\/09\\\/Chemi3_logo_transparent_highres.png\",\"width\":1000,\"height\":387,\"caption\":\"Chemi-3 Industries Inc.\"},\"image\":{\"@id\":\"https:\\\/\\\/chemi-3.com\\\/fr\\\/#\\\/schema\\\/logo\\\/image\\\/\"},\"sameAs\":[\"https:\\\/\\\/www.facebook.com\\\/chemi3inc\\\/\",\"https:\\\/\\\/x.com\\\/chemi3inc\",\"https:\\\/\\\/www.instagram.com\\\/chemi3inc\\\/\",\"https:\\\/\\\/www.linkedin.com\\\/company\\\/chemi3inc\"]}]}<\/script>\n<!-- \/ Yoast SEO plugin. -->","yoast_head_json":{"title":"Papiers essuie-mains en rouleaux cascades\u00a0pro select, 800\u00a0pi, blanc &#8211; Chemi-3 Inc.","robots":{"index":"index","follow":"follow","max-snippet":"max-snippet:-1","max-image-preview":"max-image-preview:large","max-video-preview":"max-video-preview:-1"},"canonical":"https:\/\/chemi-3.com\/fr\/product\/papiers-essuie-mains-en-rouleaux-cascades-pro-select-800-pi-blanc\/","og_locale":"fr_CA","og_type":"article","og_title":"Papiers essuie-mains en rouleaux cascades\u00a0pro select, 800\u00a0pi, blanc &#8211; Chemi-3 Inc.","og_description":"Les papiers essuie-mains en rouleaux Cascades PRO Select\u00ae vous en donnent plus. Les essuie-mains haute capacit\u00e9 et absorbants r\u00e9duisent le temps consacr\u00e9 \u00e0 l\u2019entretien ainsi que les p\u00e9nuries. Compos\u00e9s \u00e0 100 % de fibres recycl\u00e9es, ces essuie-mains en rouleaux r\u00e9duisent les r\u00e9percussions sur l\u2019environnement. Offrant qualit\u00e9 et prix abordable, il s\u2019agit d\u2019un choix \u00e9conomique pour [&hellip;]","og_url":"https:\/\/chemi-3.com\/fr\/product\/papiers-essuie-mains-en-rouleaux-cascades-pro-select-800-pi-blanc\/","og_site_name":"Chemi-3 Inc.","article_publisher":"https:\/\/www.facebook.com\/chemi3inc\/","article_modified_time":"2021-11-05T17:05:02+00:00","og_image":[{"width":900,"height":750,"url":"https:\/\/chemi-3.com\/wp-content\/uploads\/2021\/11\/01700152-1-20210904201749-1.jpg","type":"image\/jpeg"}],"twitter_card":"summary_large_image","twitter_site":"@chemi3inc","schema":{"@context":"https:\/\/schema.org","@graph":[{"@type":["WebPage","ItemPage"],"@id":"https:\/\/chemi-3.com\/fr\/product\/papiers-essuie-mains-en-rouleaux-cascades-pro-select-800-pi-blanc\/","url":"https:\/\/chemi-3.com\/fr\/product\/papiers-essuie-mains-en-rouleaux-cascades-pro-select-800-pi-blanc\/","name":"Papiers essuie-mains en rouleaux cascades\u00a0pro select, 800\u00a0pi, blanc &#8211; Chemi-3 Inc.","isPartOf":{"@id":"https:\/\/chemi-3.com\/fr\/#website"},"primaryImageOfPage":{"@id":"https:\/\/chemi-3.com\/fr\/product\/papiers-essuie-mains-en-rouleaux-cascades-pro-select-800-pi-blanc\/#primaryimage"},"image":{"@id":"https:\/\/chemi-3.com\/fr\/product\/papiers-essuie-mains-en-rouleaux-cascades-pro-select-800-pi-blanc\/#primaryimage"},"thumbnailUrl":"https:\/\/chemi-3.com\/wp-content\/uploads\/2021\/11\/01700152-1-20210904201749-1.jpg","datePublished":"2021-11-05T17:05:00+00:00","dateModified":"2021-11-05T17:05:02+00:00","breadcrumb":{"@id":"https:\/\/chemi-3.com\/fr\/product\/papiers-essuie-mains-en-rouleaux-cascades-pro-select-800-pi-blanc\/#breadcrumb"},"inLanguage":"fr-CA","potentialAction":[{"@type":"ReadAction","target":["https:\/\/chemi-3.com\/fr\/product\/papiers-essuie-mains-en-rouleaux-cascades-pro-select-800-pi-blanc\/"]}]},{"@type":"ImageObject","inLanguage":"fr-CA","@id":"https:\/\/chemi-3.com\/fr\/product\/papiers-essuie-mains-en-rouleaux-cascades-pro-select-800-pi-blanc\/#primaryimage","url":"https:\/\/chemi-3.com\/wp-content\/uploads\/2021\/11\/01700152-1-20210904201749-1.jpg","contentUrl":"https:\/\/chemi-3.com\/wp-content\/uploads\/2021\/11\/01700152-1-20210904201749-1.jpg","width":900,"height":750,"caption":"Cascades Pro Select\u00ae Paper Towel Roll"},{"@type":"BreadcrumbList","@id":"https:\/\/chemi-3.com\/fr\/product\/papiers-essuie-mains-en-rouleaux-cascades-pro-select-800-pi-blanc\/#breadcrumb","itemListElement":[{"@type":"ListItem","position":1,"name":"Home","item":"https:\/\/chemi-3.com\/fr\/"},{"@type":"ListItem","position":2,"name":"Produits","item":"https:\/\/chemi-3.com\/fr\/shop\/"},{"@type":"ListItem","position":3,"name":"Papiers essuie-mains en rouleaux cascades\u00a0pro select, 800\u00a0pi, blanc"}]},{"@type":"WebSite","@id":"https:\/\/chemi-3.com\/fr\/#website","url":"https:\/\/chemi-3.com\/fr\/","name":"Chemi-3 Inc.","description":"Montreal&#039;s premier distributor of janitorial, sanitary and commercial products.","publisher":{"@id":"https:\/\/chemi-3.com\/fr\/#organization"},"potentialAction":[{"@type":"SearchAction","target":{"@type":"EntryPoint","urlTemplate":"https:\/\/chemi-3.com\/fr\/?s={search_term_string}"},"query-input":{"@type":"PropertyValueSpecification","valueRequired":true,"valueName":"search_term_string"}}],"inLanguage":"fr-CA"},{"@type":"Organization","@id":"https:\/\/chemi-3.com\/fr\/#organization","name":"Chemi-3 Industries Inc.","url":"https:\/\/chemi-3.com\/fr\/","logo":{"@type":"ImageObject","inLanguage":"fr-CA","@id":"https:\/\/chemi-3.com\/fr\/#\/schema\/logo\/image\/","url":"http:\/\/chemi-3.com\/wp-content\/uploads\/2021\/09\/Chemi3_logo_transparent_highres.png","contentUrl":"http:\/\/chemi-3.com\/wp-content\/uploads\/2021\/09\/Chemi3_logo_transparent_highres.png","width":1000,"height":387,"caption":"Chemi-3 Industries Inc."},"image":{"@id":"https:\/\/chemi-3.com\/fr\/#\/schema\/logo\/image\/"},"sameAs":["https:\/\/www.facebook.com\/chemi3inc\/","https:\/\/x.com\/chemi3inc","https:\/\/www.instagram.com\/chemi3inc\/","https:\/\/www.linkedin.com\/company\/chemi3inc"]}]}},"_links":{"self":[{"href":"https:\/\/chemi-3.com\/fr\/wp-json\/wp\/v2\/product\/27668","targetHints":{"allow":["GET"]}}],"collection":[{"href":"https:\/\/chemi-3.com\/fr\/wp-json\/wp\/v2\/product"}],"about":[{"href":"https:\/\/chemi-3.com\/fr\/wp-json\/wp\/v2\/types\/product"}],"replies":[{"embeddable":true,"href":"https:\/\/chemi-3.com\/fr\/wp-json\/wp\/v2\/comments?post=27668"}],"wp:featuredmedia":[{"embeddable":true,"href":"https:\/\/chemi-3.com\/fr\/wp-json\/wp\/v2\/media\/23864"}],"wp:attachment":[{"href":"https:\/\/chemi-3.com\/fr\/wp-json\/wp\/v2\/media?parent=27668"}],"wp:term":[{"taxonomy":"product_brand","embeddable":true,"href":"https:\/\/chemi-3.com\/fr\/wp-json\/wp\/v2\/product_brand?post=27668"},{"taxonomy":"product_cat","embeddable":true,"href":"https:\/\/chemi-3.com\/fr\/wp-json\/wp\/v2\/product_cat?post=27668"},{"taxonomy":"product_tag","embeddable":true,"href":"https:\/\/chemi-3.com\/fr\/wp-json\/wp\/v2\/product_tag?post=27668"}],"curies":[{"name":"wp","href":"https:\/\/api.w.org\/{rel}","templated":true}]}}