{"id":27676,"date":"2021-11-05T13:05:00","date_gmt":"2021-11-05T17:05:00","guid":{"rendered":"https:\/\/chemi-3.com\/product\/serviettes-de-papier-enroulees-serre-duraplus-kraft-205-pi-24-cs-fabrique-au-canada\/"},"modified":"2021-11-05T13:05:05","modified_gmt":"2021-11-05T17:05:05","slug":"serviettes-de-papier-enroulees-serre-duraplus-kraft-205-pi-24-cs-fabrique-au-canada","status":"publish","type":"product","link":"https:\/\/chemi-3.com\/fr\/product\/serviettes-de-papier-enroulees-serre-duraplus-kraft-205-pi-24-cs-fabrique-au-canada\/","title":{"rendered":"Serviettes de papier enroul\u00e9es serr\u00e9 duraplus\u00ae, kraft, 205\u00a0pi, 24\/cs, fabriqu\u00e9 au canada"},"content":{"rendered":"<body><p>Tout comme un produit papier de qualit\u00e9 sup\u00e9rieure, les serviettes et mouchoirs DuraPlus\u00ae  sont d\u2019un blanc \u00e9clatant et doux pour la main. La nouvelle serviette et le nouveau mouchoir en papier DuraPlus\u00ae, une exclusivit\u00e9 de R3, offrent une qualit\u00e9 et une valeur sans pr\u00e9c\u00e9dent que vos clients ne trouveront pas ailleurs.<br>\nUnit\u00e9 de mesure : 1\/CS\/24<\/p>\n<\/body>","protected":false},"excerpt":{"rendered":"<p>Tout comme un produit papier de qualit\u00e9 sup\u00e9rieure, les serviettes et mouchoirs DuraPlus\u00ae sont d\u2019un blanc \u00e9clatant et doux pour la main. La nouvelle serviette et le nouveau mouchoir en papier DuraPlus\u00ae, une exclusivit\u00e9 de R3, offrent une qualit\u00e9 et une valeur sans pr\u00e9c\u00e9dent que vos clients ne trouveront pas ailleurs. Unit\u00e9 de mesure : [&hellip;]<\/p>\n","protected":false},"featured_media":23877,"comment_status":"closed","ping_status":"open","template":"","meta":{"_et_pb_use_builder":"","_et_pb_old_content":"","_et_gb_content_width":""},"product_brand":[],"product_cat":[12833],"product_tag":[13690,13925,13617,13689],"class_list":{"0":"post-27676","1":"product","2":"type-product","3":"status-publish","4":"has-post-thumbnail","6":"product_cat-essuie-mains-enroules-serres","7":"product_tag-essuie-mains-en-rouleau","8":"product_tag-essuie-mains-enroules-serres","9":"product_tag-essuie-mains-papier-hygienique-et-lingettes","10":"product_tag-lingettes","11":"pa_country-of-origin-canada-fr","12":"pa_is-hazardous-material-non","13":"pa_product-colour-kraft-2","14":"pa_product-material-kraft-paper","16":"first","17":"instock","18":"taxable","19":"shipping-taxable","20":"purchasable","21":"product-type-simple"},"yoast_head":"<!-- This site is optimized with the Yoast SEO plugin v27.4 - https:\/\/yoast.com\/product\/yoast-seo-wordpress\/ -->\n<title>Serviettes de papier enroul\u00e9es serr\u00e9 duraplus\u00ae, kraft, 205\u00a0pi, 24\/cs, fabriqu\u00e9 au canada &#8211; Chemi-3 Inc.<\/title>\n<meta name=\"robots\" content=\"index, follow, max-snippet:-1, max-image-preview:large, max-video-preview:-1\" \/>\n<link rel=\"canonical\" href=\"https:\/\/chemi-3.com\/fr\/product\/serviettes-de-papier-enroulees-serre-duraplus-kraft-205-pi-24-cs-fabrique-au-canada\/\" \/>\n<meta property=\"og:locale\" content=\"fr_CA\" \/>\n<meta property=\"og:type\" content=\"article\" \/>\n<meta property=\"og:title\" content=\"Serviettes de papier enroul\u00e9es serr\u00e9 duraplus\u00ae, kraft, 205\u00a0pi, 24\/cs, fabriqu\u00e9 au canada &#8211; Chemi-3 Inc.\" \/>\n<meta property=\"og:description\" content=\"Tout comme un produit papier de qualit\u00e9 sup\u00e9rieure, les serviettes et mouchoirs DuraPlus\u00ae sont d\u2019un blanc \u00e9clatant et doux pour la main. La nouvelle serviette et le nouveau mouchoir en papier DuraPlus\u00ae, une exclusivit\u00e9 de R3, offrent une qualit\u00e9 et une valeur sans pr\u00e9c\u00e9dent que vos clients ne trouveront pas ailleurs. Unit\u00e9 de mesure : [&hellip;]\" \/>\n<meta property=\"og:url\" content=\"https:\/\/chemi-3.com\/fr\/product\/serviettes-de-papier-enroulees-serre-duraplus-kraft-205-pi-24-cs-fabrique-au-canada\/\" \/>\n<meta property=\"og:site_name\" content=\"Chemi-3 Inc.\" \/>\n<meta property=\"article:publisher\" content=\"https:\/\/www.facebook.com\/chemi3inc\/\" \/>\n<meta property=\"article:modified_time\" content=\"2021-11-05T17:05:05+00:00\" \/>\n<meta property=\"og:image\" content=\"https:\/\/chemi-3.com\/wp-content\/uploads\/2021\/11\/57760352-20210811023451-1.jpg\" \/>\n\t<meta property=\"og:image:width\" content=\"900\" \/>\n\t<meta property=\"og:image:height\" content=\"900\" \/>\n\t<meta property=\"og:image:type\" content=\"image\/jpeg\" \/>\n<meta name=\"twitter:card\" content=\"summary_large_image\" \/>\n<meta name=\"twitter:site\" content=\"@chemi3inc\" \/>\n<script type=\"application\/ld+json\" class=\"yoast-schema-graph\">{\"@context\":\"https:\\\/\\\/schema.org\",\"@graph\":[{\"@type\":[\"WebPage\",\"ItemPage\"],\"@id\":\"https:\\\/\\\/chemi-3.com\\\/fr\\\/product\\\/serviettes-de-papier-enroulees-serre-duraplus-kraft-205-pi-24-cs-fabrique-au-canada\\\/\",\"url\":\"https:\\\/\\\/chemi-3.com\\\/fr\\\/product\\\/serviettes-de-papier-enroulees-serre-duraplus-kraft-205-pi-24-cs-fabrique-au-canada\\\/\",\"name\":\"Serviettes de papier enroul\u00e9es serr\u00e9 duraplus\u00ae, kraft, 205\u00a0pi, 24\\\/cs, fabriqu\u00e9 au canada &#8211; Chemi-3 Inc.\",\"isPartOf\":{\"@id\":\"https:\\\/\\\/chemi-3.com\\\/fr\\\/#website\"},\"primaryImageOfPage\":{\"@id\":\"https:\\\/\\\/chemi-3.com\\\/fr\\\/product\\\/serviettes-de-papier-enroulees-serre-duraplus-kraft-205-pi-24-cs-fabrique-au-canada\\\/#primaryimage\"},\"image\":{\"@id\":\"https:\\\/\\\/chemi-3.com\\\/fr\\\/product\\\/serviettes-de-papier-enroulees-serre-duraplus-kraft-205-pi-24-cs-fabrique-au-canada\\\/#primaryimage\"},\"thumbnailUrl\":\"https:\\\/\\\/chemi-3.com\\\/wp-content\\\/uploads\\\/2021\\\/11\\\/57760352-20210811023451-1.jpg\",\"datePublished\":\"2021-11-05T17:05:00+00:00\",\"dateModified\":\"2021-11-05T17:05:05+00:00\",\"breadcrumb\":{\"@id\":\"https:\\\/\\\/chemi-3.com\\\/fr\\\/product\\\/serviettes-de-papier-enroulees-serre-duraplus-kraft-205-pi-24-cs-fabrique-au-canada\\\/#breadcrumb\"},\"inLanguage\":\"fr-CA\",\"potentialAction\":[{\"@type\":\"ReadAction\",\"target\":[\"https:\\\/\\\/chemi-3.com\\\/fr\\\/product\\\/serviettes-de-papier-enroulees-serre-duraplus-kraft-205-pi-24-cs-fabrique-au-canada\\\/\"]}]},{\"@type\":\"ImageObject\",\"inLanguage\":\"fr-CA\",\"@id\":\"https:\\\/\\\/chemi-3.com\\\/fr\\\/product\\\/serviettes-de-papier-enroulees-serre-duraplus-kraft-205-pi-24-cs-fabrique-au-canada\\\/#primaryimage\",\"url\":\"https:\\\/\\\/chemi-3.com\\\/wp-content\\\/uploads\\\/2021\\\/11\\\/57760352-20210811023451-1.jpg\",\"contentUrl\":\"https:\\\/\\\/chemi-3.com\\\/wp-content\\\/uploads\\\/2021\\\/11\\\/57760352-20210811023451-1.jpg\",\"width\":900,\"height\":900,\"caption\":\"Duraplus\u00ae Hardwound Paper Towel\"},{\"@type\":\"BreadcrumbList\",\"@id\":\"https:\\\/\\\/chemi-3.com\\\/fr\\\/product\\\/serviettes-de-papier-enroulees-serre-duraplus-kraft-205-pi-24-cs-fabrique-au-canada\\\/#breadcrumb\",\"itemListElement\":[{\"@type\":\"ListItem\",\"position\":1,\"name\":\"Home\",\"item\":\"https:\\\/\\\/chemi-3.com\\\/fr\\\/\"},{\"@type\":\"ListItem\",\"position\":2,\"name\":\"Produits\",\"item\":\"https:\\\/\\\/chemi-3.com\\\/fr\\\/shop\\\/\"},{\"@type\":\"ListItem\",\"position\":3,\"name\":\"Serviettes de papier enroul\u00e9es serr\u00e9 duraplus\u00ae, kraft, 205\u00a0pi, 24\\\/cs, fabriqu\u00e9 au canada\"}]},{\"@type\":\"WebSite\",\"@id\":\"https:\\\/\\\/chemi-3.com\\\/fr\\\/#website\",\"url\":\"https:\\\/\\\/chemi-3.com\\\/fr\\\/\",\"name\":\"Chemi-3 Inc.\",\"description\":\"Montreal&#039;s premier distributor of janitorial, sanitary and commercial products.\",\"publisher\":{\"@id\":\"https:\\\/\\\/chemi-3.com\\\/fr\\\/#organization\"},\"potentialAction\":[{\"@type\":\"SearchAction\",\"target\":{\"@type\":\"EntryPoint\",\"urlTemplate\":\"https:\\\/\\\/chemi-3.com\\\/fr\\\/?s={search_term_string}\"},\"query-input\":{\"@type\":\"PropertyValueSpecification\",\"valueRequired\":true,\"valueName\":\"search_term_string\"}}],\"inLanguage\":\"fr-CA\"},{\"@type\":\"Organization\",\"@id\":\"https:\\\/\\\/chemi-3.com\\\/fr\\\/#organization\",\"name\":\"Chemi-3 Industries Inc.\",\"url\":\"https:\\\/\\\/chemi-3.com\\\/fr\\\/\",\"logo\":{\"@type\":\"ImageObject\",\"inLanguage\":\"fr-CA\",\"@id\":\"https:\\\/\\\/chemi-3.com\\\/fr\\\/#\\\/schema\\\/logo\\\/image\\\/\",\"url\":\"http:\\\/\\\/chemi-3.com\\\/wp-content\\\/uploads\\\/2021\\\/09\\\/Chemi3_logo_transparent_highres.png\",\"contentUrl\":\"http:\\\/\\\/chemi-3.com\\\/wp-content\\\/uploads\\\/2021\\\/09\\\/Chemi3_logo_transparent_highres.png\",\"width\":1000,\"height\":387,\"caption\":\"Chemi-3 Industries Inc.\"},\"image\":{\"@id\":\"https:\\\/\\\/chemi-3.com\\\/fr\\\/#\\\/schema\\\/logo\\\/image\\\/\"},\"sameAs\":[\"https:\\\/\\\/www.facebook.com\\\/chemi3inc\\\/\",\"https:\\\/\\\/x.com\\\/chemi3inc\",\"https:\\\/\\\/www.instagram.com\\\/chemi3inc\\\/\",\"https:\\\/\\\/www.linkedin.com\\\/company\\\/chemi3inc\"]}]}<\/script>\n<!-- \/ Yoast SEO plugin. -->","yoast_head_json":{"title":"Serviettes de papier enroul\u00e9es serr\u00e9 duraplus\u00ae, kraft, 205\u00a0pi, 24\/cs, fabriqu\u00e9 au canada &#8211; Chemi-3 Inc.","robots":{"index":"index","follow":"follow","max-snippet":"max-snippet:-1","max-image-preview":"max-image-preview:large","max-video-preview":"max-video-preview:-1"},"canonical":"https:\/\/chemi-3.com\/fr\/product\/serviettes-de-papier-enroulees-serre-duraplus-kraft-205-pi-24-cs-fabrique-au-canada\/","og_locale":"fr_CA","og_type":"article","og_title":"Serviettes de papier enroul\u00e9es serr\u00e9 duraplus\u00ae, kraft, 205\u00a0pi, 24\/cs, fabriqu\u00e9 au canada &#8211; Chemi-3 Inc.","og_description":"Tout comme un produit papier de qualit\u00e9 sup\u00e9rieure, les serviettes et mouchoirs DuraPlus\u00ae sont d\u2019un blanc \u00e9clatant et doux pour la main. La nouvelle serviette et le nouveau mouchoir en papier DuraPlus\u00ae, une exclusivit\u00e9 de R3, offrent une qualit\u00e9 et une valeur sans pr\u00e9c\u00e9dent que vos clients ne trouveront pas ailleurs. Unit\u00e9 de mesure : [&hellip;]","og_url":"https:\/\/chemi-3.com\/fr\/product\/serviettes-de-papier-enroulees-serre-duraplus-kraft-205-pi-24-cs-fabrique-au-canada\/","og_site_name":"Chemi-3 Inc.","article_publisher":"https:\/\/www.facebook.com\/chemi3inc\/","article_modified_time":"2021-11-05T17:05:05+00:00","og_image":[{"width":900,"height":900,"url":"https:\/\/chemi-3.com\/wp-content\/uploads\/2021\/11\/57760352-20210811023451-1.jpg","type":"image\/jpeg"}],"twitter_card":"summary_large_image","twitter_site":"@chemi3inc","schema":{"@context":"https:\/\/schema.org","@graph":[{"@type":["WebPage","ItemPage"],"@id":"https:\/\/chemi-3.com\/fr\/product\/serviettes-de-papier-enroulees-serre-duraplus-kraft-205-pi-24-cs-fabrique-au-canada\/","url":"https:\/\/chemi-3.com\/fr\/product\/serviettes-de-papier-enroulees-serre-duraplus-kraft-205-pi-24-cs-fabrique-au-canada\/","name":"Serviettes de papier enroul\u00e9es serr\u00e9 duraplus\u00ae, kraft, 205\u00a0pi, 24\/cs, fabriqu\u00e9 au canada &#8211; Chemi-3 Inc.","isPartOf":{"@id":"https:\/\/chemi-3.com\/fr\/#website"},"primaryImageOfPage":{"@id":"https:\/\/chemi-3.com\/fr\/product\/serviettes-de-papier-enroulees-serre-duraplus-kraft-205-pi-24-cs-fabrique-au-canada\/#primaryimage"},"image":{"@id":"https:\/\/chemi-3.com\/fr\/product\/serviettes-de-papier-enroulees-serre-duraplus-kraft-205-pi-24-cs-fabrique-au-canada\/#primaryimage"},"thumbnailUrl":"https:\/\/chemi-3.com\/wp-content\/uploads\/2021\/11\/57760352-20210811023451-1.jpg","datePublished":"2021-11-05T17:05:00+00:00","dateModified":"2021-11-05T17:05:05+00:00","breadcrumb":{"@id":"https:\/\/chemi-3.com\/fr\/product\/serviettes-de-papier-enroulees-serre-duraplus-kraft-205-pi-24-cs-fabrique-au-canada\/#breadcrumb"},"inLanguage":"fr-CA","potentialAction":[{"@type":"ReadAction","target":["https:\/\/chemi-3.com\/fr\/product\/serviettes-de-papier-enroulees-serre-duraplus-kraft-205-pi-24-cs-fabrique-au-canada\/"]}]},{"@type":"ImageObject","inLanguage":"fr-CA","@id":"https:\/\/chemi-3.com\/fr\/product\/serviettes-de-papier-enroulees-serre-duraplus-kraft-205-pi-24-cs-fabrique-au-canada\/#primaryimage","url":"https:\/\/chemi-3.com\/wp-content\/uploads\/2021\/11\/57760352-20210811023451-1.jpg","contentUrl":"https:\/\/chemi-3.com\/wp-content\/uploads\/2021\/11\/57760352-20210811023451-1.jpg","width":900,"height":900,"caption":"Duraplus\u00ae Hardwound Paper Towel"},{"@type":"BreadcrumbList","@id":"https:\/\/chemi-3.com\/fr\/product\/serviettes-de-papier-enroulees-serre-duraplus-kraft-205-pi-24-cs-fabrique-au-canada\/#breadcrumb","itemListElement":[{"@type":"ListItem","position":1,"name":"Home","item":"https:\/\/chemi-3.com\/fr\/"},{"@type":"ListItem","position":2,"name":"Produits","item":"https:\/\/chemi-3.com\/fr\/shop\/"},{"@type":"ListItem","position":3,"name":"Serviettes de papier enroul\u00e9es serr\u00e9 duraplus\u00ae, kraft, 205\u00a0pi, 24\/cs, fabriqu\u00e9 au canada"}]},{"@type":"WebSite","@id":"https:\/\/chemi-3.com\/fr\/#website","url":"https:\/\/chemi-3.com\/fr\/","name":"Chemi-3 Inc.","description":"Montreal&#039;s premier distributor of janitorial, sanitary and commercial products.","publisher":{"@id":"https:\/\/chemi-3.com\/fr\/#organization"},"potentialAction":[{"@type":"SearchAction","target":{"@type":"EntryPoint","urlTemplate":"https:\/\/chemi-3.com\/fr\/?s={search_term_string}"},"query-input":{"@type":"PropertyValueSpecification","valueRequired":true,"valueName":"search_term_string"}}],"inLanguage":"fr-CA"},{"@type":"Organization","@id":"https:\/\/chemi-3.com\/fr\/#organization","name":"Chemi-3 Industries Inc.","url":"https:\/\/chemi-3.com\/fr\/","logo":{"@type":"ImageObject","inLanguage":"fr-CA","@id":"https:\/\/chemi-3.com\/fr\/#\/schema\/logo\/image\/","url":"http:\/\/chemi-3.com\/wp-content\/uploads\/2021\/09\/Chemi3_logo_transparent_highres.png","contentUrl":"http:\/\/chemi-3.com\/wp-content\/uploads\/2021\/09\/Chemi3_logo_transparent_highres.png","width":1000,"height":387,"caption":"Chemi-3 Industries Inc."},"image":{"@id":"https:\/\/chemi-3.com\/fr\/#\/schema\/logo\/image\/"},"sameAs":["https:\/\/www.facebook.com\/chemi3inc\/","https:\/\/x.com\/chemi3inc","https:\/\/www.instagram.com\/chemi3inc\/","https:\/\/www.linkedin.com\/company\/chemi3inc"]}]}},"_links":{"self":[{"href":"https:\/\/chemi-3.com\/fr\/wp-json\/wp\/v2\/product\/27676","targetHints":{"allow":["GET"]}}],"collection":[{"href":"https:\/\/chemi-3.com\/fr\/wp-json\/wp\/v2\/product"}],"about":[{"href":"https:\/\/chemi-3.com\/fr\/wp-json\/wp\/v2\/types\/product"}],"replies":[{"embeddable":true,"href":"https:\/\/chemi-3.com\/fr\/wp-json\/wp\/v2\/comments?post=27676"}],"wp:featuredmedia":[{"embeddable":true,"href":"https:\/\/chemi-3.com\/fr\/wp-json\/wp\/v2\/media\/23877"}],"wp:attachment":[{"href":"https:\/\/chemi-3.com\/fr\/wp-json\/wp\/v2\/media?parent=27676"}],"wp:term":[{"taxonomy":"product_brand","embeddable":true,"href":"https:\/\/chemi-3.com\/fr\/wp-json\/wp\/v2\/product_brand?post=27676"},{"taxonomy":"product_cat","embeddable":true,"href":"https:\/\/chemi-3.com\/fr\/wp-json\/wp\/v2\/product_cat?post=27676"},{"taxonomy":"product_tag","embeddable":true,"href":"https:\/\/chemi-3.com\/fr\/wp-json\/wp\/v2\/product_tag?post=27676"}],"curies":[{"name":"wp","href":"https:\/\/api.w.org\/{rel}","templated":true}]}}