{"id":27716,"date":"2021-11-05T13:05:00","date_gmt":"2021-11-05T17:05:00","guid":{"rendered":"https:\/\/chemi-3.com\/product\/essuie-mains-en-rouleau-duraplus-blanc-8-po-x-425-pi\/"},"modified":"2021-11-05T13:05:18","modified_gmt":"2021-11-05T17:05:18","slug":"essuie-mains-en-rouleau-duraplus-blanc-8-po-x-425-pi","status":"publish","type":"product","link":"https:\/\/chemi-3.com\/fr\/product\/essuie-mains-en-rouleau-duraplus-blanc-8-po-x-425-pi\/","title":{"rendered":"Essuie-mains en rouleau duraplus\u00ae, blanc, 8 po x 425 pi"},"content":{"rendered":"<body><p>L\u2019essuie-mains en rouleau blanc Dura Plus offre une grande qualit\u00e9 et une performance optimale. L\u2019absence de colorant ou de parfums ajout\u00e9s en fait un choix \u00e9cologique et aide \u00e0 projeter une image positive. Longueur\u00a0: 425\u00a0pi. 12\u00a0rouleaux par caisse<br>\nUnit\u00e9 de mesure : <\/p>\n<\/body>","protected":false},"excerpt":{"rendered":"<p>L\u2019essuie-mains en rouleau blanc Dura Plus offre une grande qualit\u00e9 et une performance optimale. L\u2019absence de colorant ou de parfums ajout\u00e9s en fait un choix \u00e9cologique et aide \u00e0 projeter une image positive. Longueur\u00a0: 425\u00a0pi. 12\u00a0rouleaux par caisse Unit\u00e9 de mesure :<\/p>\n","protected":false},"featured_media":23949,"comment_status":"closed","ping_status":"open","template":"","meta":{"_et_pb_use_builder":"","_et_pb_old_content":"","_et_gb_content_width":""},"product_brand":[],"product_cat":[12833],"product_tag":[13690,13925,13617,13689],"class_list":{"0":"post-27716","1":"product","2":"type-product","3":"status-publish","4":"has-post-thumbnail","6":"product_cat-essuie-mains-enroules-serres","7":"product_tag-essuie-mains-en-rouleau","8":"product_tag-essuie-mains-enroules-serres","9":"product_tag-essuie-mains-papier-hygienique-et-lingettes","10":"product_tag-lingettes","11":"pa_country-of-origin-canada-fr","12":"pa_is-hazardous-material-non","13":"pa_product-colour-blanc","15":"first","16":"instock","17":"taxable","18":"shipping-taxable","19":"purchasable","20":"product-type-simple"},"yoast_head":"<!-- This site is optimized with the Yoast SEO plugin v27.5 - https:\/\/yoast.com\/product\/yoast-seo-wordpress\/ -->\n<title>Essuie-mains en rouleau duraplus\u00ae, blanc, 8 po x 425 pi &#8211; Chemi-3 Inc.<\/title>\n<meta name=\"robots\" content=\"index, follow, max-snippet:-1, max-image-preview:large, max-video-preview:-1\" \/>\n<link rel=\"canonical\" href=\"https:\/\/chemi-3.com\/fr\/product\/essuie-mains-en-rouleau-duraplus-blanc-8-po-x-425-pi\/\" \/>\n<meta property=\"og:locale\" content=\"fr_CA\" \/>\n<meta property=\"og:type\" content=\"article\" \/>\n<meta property=\"og:title\" content=\"Essuie-mains en rouleau duraplus\u00ae, blanc, 8 po x 425 pi &#8211; Chemi-3 Inc.\" \/>\n<meta property=\"og:description\" content=\"L\u2019essuie-mains en rouleau blanc Dura Plus offre une grande qualit\u00e9 et une performance optimale. L\u2019absence de colorant ou de parfums ajout\u00e9s en fait un choix \u00e9cologique et aide \u00e0 projeter une image positive. Longueur\u00a0: 425\u00a0pi. 12\u00a0rouleaux par caisse Unit\u00e9 de mesure :\" \/>\n<meta property=\"og:url\" content=\"https:\/\/chemi-3.com\/fr\/product\/essuie-mains-en-rouleau-duraplus-blanc-8-po-x-425-pi\/\" \/>\n<meta property=\"og:site_name\" content=\"Chemi-3 Inc.\" \/>\n<meta property=\"article:publisher\" content=\"https:\/\/www.facebook.com\/chemi3inc\/\" \/>\n<meta property=\"article:modified_time\" content=\"2021-11-05T17:05:18+00:00\" \/>\n<meta property=\"og:image\" content=\"https:\/\/chemi-3.com\/wp-content\/uploads\/2021\/11\/57760096-20210618013737-1.jpg\" \/>\n\t<meta property=\"og:image:width\" content=\"657\" \/>\n\t<meta property=\"og:image:height\" content=\"900\" \/>\n\t<meta property=\"og:image:type\" content=\"image\/jpeg\" \/>\n<meta name=\"twitter:card\" content=\"summary_large_image\" \/>\n<meta name=\"twitter:site\" content=\"@chemi3inc\" \/>\n<script type=\"application\/ld+json\" class=\"yoast-schema-graph\">{\"@context\":\"https:\\\/\\\/schema.org\",\"@graph\":[{\"@type\":[\"WebPage\",\"ItemPage\"],\"@id\":\"https:\\\/\\\/chemi-3.com\\\/fr\\\/product\\\/essuie-mains-en-rouleau-duraplus-blanc-8-po-x-425-pi\\\/\",\"url\":\"https:\\\/\\\/chemi-3.com\\\/fr\\\/product\\\/essuie-mains-en-rouleau-duraplus-blanc-8-po-x-425-pi\\\/\",\"name\":\"Essuie-mains en rouleau duraplus\u00ae, blanc, 8 po x 425 pi &#8211; Chemi-3 Inc.\",\"isPartOf\":{\"@id\":\"https:\\\/\\\/chemi-3.com\\\/fr\\\/#website\"},\"primaryImageOfPage\":{\"@id\":\"https:\\\/\\\/chemi-3.com\\\/fr\\\/product\\\/essuie-mains-en-rouleau-duraplus-blanc-8-po-x-425-pi\\\/#primaryimage\"},\"image\":{\"@id\":\"https:\\\/\\\/chemi-3.com\\\/fr\\\/product\\\/essuie-mains-en-rouleau-duraplus-blanc-8-po-x-425-pi\\\/#primaryimage\"},\"thumbnailUrl\":\"https:\\\/\\\/chemi-3.com\\\/wp-content\\\/uploads\\\/2021\\\/11\\\/57760096-20210618013737-1.jpg\",\"datePublished\":\"2021-11-05T17:05:00+00:00\",\"dateModified\":\"2021-11-05T17:05:18+00:00\",\"breadcrumb\":{\"@id\":\"https:\\\/\\\/chemi-3.com\\\/fr\\\/product\\\/essuie-mains-en-rouleau-duraplus-blanc-8-po-x-425-pi\\\/#breadcrumb\"},\"inLanguage\":\"fr-CA\",\"potentialAction\":[{\"@type\":\"ReadAction\",\"target\":[\"https:\\\/\\\/chemi-3.com\\\/fr\\\/product\\\/essuie-mains-en-rouleau-duraplus-blanc-8-po-x-425-pi\\\/\"]}]},{\"@type\":\"ImageObject\",\"inLanguage\":\"fr-CA\",\"@id\":\"https:\\\/\\\/chemi-3.com\\\/fr\\\/product\\\/essuie-mains-en-rouleau-duraplus-blanc-8-po-x-425-pi\\\/#primaryimage\",\"url\":\"https:\\\/\\\/chemi-3.com\\\/wp-content\\\/uploads\\\/2021\\\/11\\\/57760096-20210618013737-1.jpg\",\"contentUrl\":\"https:\\\/\\\/chemi-3.com\\\/wp-content\\\/uploads\\\/2021\\\/11\\\/57760096-20210618013737-1.jpg\",\"width\":657,\"height\":900,\"caption\":\"(East) Dura Plus White Diamond Hand Paper Roll 8\\\" X 425'\"},{\"@type\":\"BreadcrumbList\",\"@id\":\"https:\\\/\\\/chemi-3.com\\\/fr\\\/product\\\/essuie-mains-en-rouleau-duraplus-blanc-8-po-x-425-pi\\\/#breadcrumb\",\"itemListElement\":[{\"@type\":\"ListItem\",\"position\":1,\"name\":\"Home\",\"item\":\"https:\\\/\\\/chemi-3.com\\\/fr\\\/\"},{\"@type\":\"ListItem\",\"position\":2,\"name\":\"Produits\",\"item\":\"https:\\\/\\\/chemi-3.com\\\/fr\\\/shop\\\/\"},{\"@type\":\"ListItem\",\"position\":3,\"name\":\"Essuie-mains en rouleau duraplus\u00ae, blanc, 8 po x 425 pi\"}]},{\"@type\":\"WebSite\",\"@id\":\"https:\\\/\\\/chemi-3.com\\\/fr\\\/#website\",\"url\":\"https:\\\/\\\/chemi-3.com\\\/fr\\\/\",\"name\":\"Chemi-3 Inc.\",\"description\":\"Montreal&#039;s premier distributor of janitorial, sanitary and commercial products.\",\"publisher\":{\"@id\":\"https:\\\/\\\/chemi-3.com\\\/fr\\\/#organization\"},\"potentialAction\":[{\"@type\":\"SearchAction\",\"target\":{\"@type\":\"EntryPoint\",\"urlTemplate\":\"https:\\\/\\\/chemi-3.com\\\/fr\\\/?s={search_term_string}\"},\"query-input\":{\"@type\":\"PropertyValueSpecification\",\"valueRequired\":true,\"valueName\":\"search_term_string\"}}],\"inLanguage\":\"fr-CA\"},{\"@type\":\"Organization\",\"@id\":\"https:\\\/\\\/chemi-3.com\\\/fr\\\/#organization\",\"name\":\"Chemi-3 Industries Inc.\",\"url\":\"https:\\\/\\\/chemi-3.com\\\/fr\\\/\",\"logo\":{\"@type\":\"ImageObject\",\"inLanguage\":\"fr-CA\",\"@id\":\"https:\\\/\\\/chemi-3.com\\\/fr\\\/#\\\/schema\\\/logo\\\/image\\\/\",\"url\":\"http:\\\/\\\/chemi-3.com\\\/wp-content\\\/uploads\\\/2021\\\/09\\\/Chemi3_logo_transparent_highres.png\",\"contentUrl\":\"http:\\\/\\\/chemi-3.com\\\/wp-content\\\/uploads\\\/2021\\\/09\\\/Chemi3_logo_transparent_highres.png\",\"width\":1000,\"height\":387,\"caption\":\"Chemi-3 Industries Inc.\"},\"image\":{\"@id\":\"https:\\\/\\\/chemi-3.com\\\/fr\\\/#\\\/schema\\\/logo\\\/image\\\/\"},\"sameAs\":[\"https:\\\/\\\/www.facebook.com\\\/chemi3inc\\\/\",\"https:\\\/\\\/x.com\\\/chemi3inc\",\"https:\\\/\\\/www.instagram.com\\\/chemi3inc\\\/\",\"https:\\\/\\\/www.linkedin.com\\\/company\\\/chemi3inc\"]}]}<\/script>\n<!-- \/ Yoast SEO plugin. -->","yoast_head_json":{"title":"Essuie-mains en rouleau duraplus\u00ae, blanc, 8 po x 425 pi &#8211; Chemi-3 Inc.","robots":{"index":"index","follow":"follow","max-snippet":"max-snippet:-1","max-image-preview":"max-image-preview:large","max-video-preview":"max-video-preview:-1"},"canonical":"https:\/\/chemi-3.com\/fr\/product\/essuie-mains-en-rouleau-duraplus-blanc-8-po-x-425-pi\/","og_locale":"fr_CA","og_type":"article","og_title":"Essuie-mains en rouleau duraplus\u00ae, blanc, 8 po x 425 pi &#8211; Chemi-3 Inc.","og_description":"L\u2019essuie-mains en rouleau blanc Dura Plus offre une grande qualit\u00e9 et une performance optimale. L\u2019absence de colorant ou de parfums ajout\u00e9s en fait un choix \u00e9cologique et aide \u00e0 projeter une image positive. Longueur\u00a0: 425\u00a0pi. 12\u00a0rouleaux par caisse Unit\u00e9 de mesure :","og_url":"https:\/\/chemi-3.com\/fr\/product\/essuie-mains-en-rouleau-duraplus-blanc-8-po-x-425-pi\/","og_site_name":"Chemi-3 Inc.","article_publisher":"https:\/\/www.facebook.com\/chemi3inc\/","article_modified_time":"2021-11-05T17:05:18+00:00","og_image":[{"width":657,"height":900,"url":"https:\/\/chemi-3.com\/wp-content\/uploads\/2021\/11\/57760096-20210618013737-1.jpg","type":"image\/jpeg"}],"twitter_card":"summary_large_image","twitter_site":"@chemi3inc","schema":{"@context":"https:\/\/schema.org","@graph":[{"@type":["WebPage","ItemPage"],"@id":"https:\/\/chemi-3.com\/fr\/product\/essuie-mains-en-rouleau-duraplus-blanc-8-po-x-425-pi\/","url":"https:\/\/chemi-3.com\/fr\/product\/essuie-mains-en-rouleau-duraplus-blanc-8-po-x-425-pi\/","name":"Essuie-mains en rouleau duraplus\u00ae, blanc, 8 po x 425 pi &#8211; Chemi-3 Inc.","isPartOf":{"@id":"https:\/\/chemi-3.com\/fr\/#website"},"primaryImageOfPage":{"@id":"https:\/\/chemi-3.com\/fr\/product\/essuie-mains-en-rouleau-duraplus-blanc-8-po-x-425-pi\/#primaryimage"},"image":{"@id":"https:\/\/chemi-3.com\/fr\/product\/essuie-mains-en-rouleau-duraplus-blanc-8-po-x-425-pi\/#primaryimage"},"thumbnailUrl":"https:\/\/chemi-3.com\/wp-content\/uploads\/2021\/11\/57760096-20210618013737-1.jpg","datePublished":"2021-11-05T17:05:00+00:00","dateModified":"2021-11-05T17:05:18+00:00","breadcrumb":{"@id":"https:\/\/chemi-3.com\/fr\/product\/essuie-mains-en-rouleau-duraplus-blanc-8-po-x-425-pi\/#breadcrumb"},"inLanguage":"fr-CA","potentialAction":[{"@type":"ReadAction","target":["https:\/\/chemi-3.com\/fr\/product\/essuie-mains-en-rouleau-duraplus-blanc-8-po-x-425-pi\/"]}]},{"@type":"ImageObject","inLanguage":"fr-CA","@id":"https:\/\/chemi-3.com\/fr\/product\/essuie-mains-en-rouleau-duraplus-blanc-8-po-x-425-pi\/#primaryimage","url":"https:\/\/chemi-3.com\/wp-content\/uploads\/2021\/11\/57760096-20210618013737-1.jpg","contentUrl":"https:\/\/chemi-3.com\/wp-content\/uploads\/2021\/11\/57760096-20210618013737-1.jpg","width":657,"height":900,"caption":"(East) Dura Plus White Diamond Hand Paper Roll 8\" X 425'"},{"@type":"BreadcrumbList","@id":"https:\/\/chemi-3.com\/fr\/product\/essuie-mains-en-rouleau-duraplus-blanc-8-po-x-425-pi\/#breadcrumb","itemListElement":[{"@type":"ListItem","position":1,"name":"Home","item":"https:\/\/chemi-3.com\/fr\/"},{"@type":"ListItem","position":2,"name":"Produits","item":"https:\/\/chemi-3.com\/fr\/shop\/"},{"@type":"ListItem","position":3,"name":"Essuie-mains en rouleau duraplus\u00ae, blanc, 8 po x 425 pi"}]},{"@type":"WebSite","@id":"https:\/\/chemi-3.com\/fr\/#website","url":"https:\/\/chemi-3.com\/fr\/","name":"Chemi-3 Inc.","description":"Montreal&#039;s premier distributor of janitorial, sanitary and commercial products.","publisher":{"@id":"https:\/\/chemi-3.com\/fr\/#organization"},"potentialAction":[{"@type":"SearchAction","target":{"@type":"EntryPoint","urlTemplate":"https:\/\/chemi-3.com\/fr\/?s={search_term_string}"},"query-input":{"@type":"PropertyValueSpecification","valueRequired":true,"valueName":"search_term_string"}}],"inLanguage":"fr-CA"},{"@type":"Organization","@id":"https:\/\/chemi-3.com\/fr\/#organization","name":"Chemi-3 Industries Inc.","url":"https:\/\/chemi-3.com\/fr\/","logo":{"@type":"ImageObject","inLanguage":"fr-CA","@id":"https:\/\/chemi-3.com\/fr\/#\/schema\/logo\/image\/","url":"http:\/\/chemi-3.com\/wp-content\/uploads\/2021\/09\/Chemi3_logo_transparent_highres.png","contentUrl":"http:\/\/chemi-3.com\/wp-content\/uploads\/2021\/09\/Chemi3_logo_transparent_highres.png","width":1000,"height":387,"caption":"Chemi-3 Industries Inc."},"image":{"@id":"https:\/\/chemi-3.com\/fr\/#\/schema\/logo\/image\/"},"sameAs":["https:\/\/www.facebook.com\/chemi3inc\/","https:\/\/x.com\/chemi3inc","https:\/\/www.instagram.com\/chemi3inc\/","https:\/\/www.linkedin.com\/company\/chemi3inc"]}]}},"_links":{"self":[{"href":"https:\/\/chemi-3.com\/fr\/wp-json\/wp\/v2\/product\/27716","targetHints":{"allow":["GET"]}}],"collection":[{"href":"https:\/\/chemi-3.com\/fr\/wp-json\/wp\/v2\/product"}],"about":[{"href":"https:\/\/chemi-3.com\/fr\/wp-json\/wp\/v2\/types\/product"}],"replies":[{"embeddable":true,"href":"https:\/\/chemi-3.com\/fr\/wp-json\/wp\/v2\/comments?post=27716"}],"wp:featuredmedia":[{"embeddable":true,"href":"https:\/\/chemi-3.com\/fr\/wp-json\/wp\/v2\/media\/23949"}],"wp:attachment":[{"href":"https:\/\/chemi-3.com\/fr\/wp-json\/wp\/v2\/media?parent=27716"}],"wp:term":[{"taxonomy":"product_brand","embeddable":true,"href":"https:\/\/chemi-3.com\/fr\/wp-json\/wp\/v2\/product_brand?post=27716"},{"taxonomy":"product_cat","embeddable":true,"href":"https:\/\/chemi-3.com\/fr\/wp-json\/wp\/v2\/product_cat?post=27716"},{"taxonomy":"product_tag","embeddable":true,"href":"https:\/\/chemi-3.com\/fr\/wp-json\/wp\/v2\/product_tag?post=27716"}],"curies":[{"name":"wp","href":"https:\/\/api.w.org\/{rel}","templated":true}]}}