{"id":27738,"date":"2021-11-05T13:05:00","date_gmt":"2021-11-05T17:05:00","guid":{"rendered":"https:\/\/chemi-3.com\/product\/essuie-mains-en-rouleau-dur-kleenex\/"},"modified":"2021-11-05T13:05:26","modified_gmt":"2021-11-05T17:05:26","slug":"essuie-mains-en-rouleau-dur-kleenex","status":"publish","type":"product","link":"https:\/\/chemi-3.com\/fr\/product\/essuie-mains-en-rouleau-dur-kleenex\/","title":{"rendered":"Essuie-mains en rouleau dur kleenex\u00ae"},"content":{"rendered":"<body><p>Le s\u00e9chage est une \u00e9tape fondamentale du processus de lavage des mains, et la fa\u00e7on dont vous les s\u00e9chez compte. Si vous optez pour des s\u00e8che-mains \u00e0 air chaud ou \u00e0 air forc\u00e9, il vous faudra deux ou trois fois plus de temps qu\u2019avec les essuie-mains. Des \u00e9tudes d\u00e9montrent que, bien que le co\u00fbt global par utilisation soit comparable, la probabilit\u00e9 de propagation des microbes s\u2019en trouve consid\u00e9rablement r\u00e9duite avec l\u2019utilisation d\u2019essuie-mains absorbants \u00e0 usage unique, telles que les Kleenex blancs en rouleau dur. Le nombre de microbes est sensiblement plus faible avec l\u2019utilisation d\u2019un distributeur d\u2019essuie-mains sans contact (comme le distributeur compatible Sanitouch), soit une diminution de 200 % par rapport \u00e0 l\u2019utilisation d\u2019un s\u00e8che-mains \u00e0 air chaud ou \u00e0 air forc\u00e9. Qui plus est, les essuie-mains sont jet\u00e9s, \u00e9vitant de projeter des microbes dans l\u2019air. Ces rouleaux offrent d\u2019excellentes performances de s\u00e9chage des mains, de sorte qu\u2019il y a moins de gaspillage. Un lieu de travail sain est un lieu de travail heureux, et fournir des essuie-mains en rouleau dur Kleenex de haute qualit\u00e9 est un \u00e9l\u00e9ment essentiel pour le bonheur de vos invit\u00e9s, clients et employ\u00e9s.<br>\nUnit\u00e9 de mesure : <\/p>\n<\/body>","protected":false},"excerpt":{"rendered":"<p>Le s\u00e9chage est une \u00e9tape fondamentale du processus de lavage des mains, et la fa\u00e7on dont vous les s\u00e9chez compte. Si vous optez pour des s\u00e8che-mains \u00e0 air chaud ou \u00e0 air forc\u00e9, il vous faudra deux ou trois fois plus de temps qu\u2019avec les essuie-mains. Des \u00e9tudes d\u00e9montrent que, bien que le co\u00fbt global [&hellip;]<\/p>\n","protected":false},"featured_media":23985,"comment_status":"closed","ping_status":"open","template":"","meta":{"_et_pb_use_builder":"","_et_pb_old_content":"","_et_gb_content_width":""},"product_brand":[],"product_cat":[12833],"product_tag":[13690,13925,13617,13689],"class_list":{"0":"post-27738","1":"product","2":"type-product","3":"status-publish","4":"has-post-thumbnail","6":"product_cat-essuie-mains-enroules-serres","7":"product_tag-essuie-mains-en-rouleau","8":"product_tag-essuie-mains-enroules-serres","9":"product_tag-essuie-mains-papier-hygienique-et-lingettes","10":"product_tag-lingettes","11":"pa_country-of-origin-united-states","12":"pa_is-hazardous-material-non","13":"pa_product-colour-blanc","14":"pa_product-material-50-recycled-fiber-content-paper-2","16":"first","17":"instock","18":"taxable","19":"shipping-taxable","20":"purchasable","21":"product-type-simple"},"yoast_head":"<!-- This site is optimized with the Yoast SEO plugin v27.5 - https:\/\/yoast.com\/product\/yoast-seo-wordpress\/ -->\n<title>Essuie-mains en rouleau dur kleenex\u00ae &#8211; Chemi-3 Inc.<\/title>\n<meta name=\"robots\" content=\"index, follow, max-snippet:-1, max-image-preview:large, max-video-preview:-1\" \/>\n<link rel=\"canonical\" href=\"https:\/\/chemi-3.com\/fr\/product\/essuie-mains-en-rouleau-dur-kleenex\/\" \/>\n<meta property=\"og:locale\" content=\"fr_CA\" \/>\n<meta property=\"og:type\" content=\"article\" \/>\n<meta property=\"og:title\" content=\"Essuie-mains en rouleau dur kleenex\u00ae &#8211; Chemi-3 Inc.\" \/>\n<meta property=\"og:description\" content=\"Le s\u00e9chage est une \u00e9tape fondamentale du processus de lavage des mains, et la fa\u00e7on dont vous les s\u00e9chez compte. Si vous optez pour des s\u00e8che-mains \u00e0 air chaud ou \u00e0 air forc\u00e9, il vous faudra deux ou trois fois plus de temps qu\u2019avec les essuie-mains. Des \u00e9tudes d\u00e9montrent que, bien que le co\u00fbt global [&hellip;]\" \/>\n<meta property=\"og:url\" content=\"https:\/\/chemi-3.com\/fr\/product\/essuie-mains-en-rouleau-dur-kleenex\/\" \/>\n<meta property=\"og:site_name\" content=\"Chemi-3 Inc.\" \/>\n<meta property=\"article:publisher\" content=\"https:\/\/www.facebook.com\/chemi3inc\/\" \/>\n<meta property=\"article:modified_time\" content=\"2021-11-05T17:05:26+00:00\" \/>\n<meta property=\"og:image\" content=\"https:\/\/chemi-3.com\/wp-content\/uploads\/2021\/11\/15400606-50606-main-20210904201749-1.jpg\" \/>\n\t<meta property=\"og:image:width\" content=\"900\" \/>\n\t<meta property=\"og:image:height\" content=\"900\" \/>\n\t<meta property=\"og:image:type\" content=\"image\/jpeg\" \/>\n<meta name=\"twitter:card\" content=\"summary_large_image\" \/>\n<meta name=\"twitter:site\" content=\"@chemi3inc\" \/>\n<meta name=\"twitter:label1\" content=\"Estimation du temps de lecture\" \/>\n\t<meta name=\"twitter:data1\" content=\"1 minute\" \/>\n<script type=\"application\/ld+json\" class=\"yoast-schema-graph\">{\"@context\":\"https:\\\/\\\/schema.org\",\"@graph\":[{\"@type\":[\"WebPage\",\"ItemPage\"],\"@id\":\"https:\\\/\\\/chemi-3.com\\\/fr\\\/product\\\/essuie-mains-en-rouleau-dur-kleenex\\\/\",\"url\":\"https:\\\/\\\/chemi-3.com\\\/fr\\\/product\\\/essuie-mains-en-rouleau-dur-kleenex\\\/\",\"name\":\"Essuie-mains en rouleau dur kleenex\u00ae &#8211; Chemi-3 Inc.\",\"isPartOf\":{\"@id\":\"https:\\\/\\\/chemi-3.com\\\/fr\\\/#website\"},\"primaryImageOfPage\":{\"@id\":\"https:\\\/\\\/chemi-3.com\\\/fr\\\/product\\\/essuie-mains-en-rouleau-dur-kleenex\\\/#primaryimage\"},\"image\":{\"@id\":\"https:\\\/\\\/chemi-3.com\\\/fr\\\/product\\\/essuie-mains-en-rouleau-dur-kleenex\\\/#primaryimage\"},\"thumbnailUrl\":\"https:\\\/\\\/chemi-3.com\\\/wp-content\\\/uploads\\\/2021\\\/11\\\/15400606-50606-main-20210904201749-1.jpg\",\"datePublished\":\"2021-11-05T17:05:00+00:00\",\"dateModified\":\"2021-11-05T17:05:26+00:00\",\"breadcrumb\":{\"@id\":\"https:\\\/\\\/chemi-3.com\\\/fr\\\/product\\\/essuie-mains-en-rouleau-dur-kleenex\\\/#breadcrumb\"},\"inLanguage\":\"fr-CA\",\"potentialAction\":[{\"@type\":\"ReadAction\",\"target\":[\"https:\\\/\\\/chemi-3.com\\\/fr\\\/product\\\/essuie-mains-en-rouleau-dur-kleenex\\\/\"]}]},{\"@type\":\"ImageObject\",\"inLanguage\":\"fr-CA\",\"@id\":\"https:\\\/\\\/chemi-3.com\\\/fr\\\/product\\\/essuie-mains-en-rouleau-dur-kleenex\\\/#primaryimage\",\"url\":\"https:\\\/\\\/chemi-3.com\\\/wp-content\\\/uploads\\\/2021\\\/11\\\/15400606-50606-main-20210904201749-1.jpg\",\"contentUrl\":\"https:\\\/\\\/chemi-3.com\\\/wp-content\\\/uploads\\\/2021\\\/11\\\/15400606-50606-main-20210904201749-1.jpg\",\"width\":900,\"height\":900,\"caption\":\"Scott\u00ae Essential Universal Plus Hard Roll Towel\"},{\"@type\":\"BreadcrumbList\",\"@id\":\"https:\\\/\\\/chemi-3.com\\\/fr\\\/product\\\/essuie-mains-en-rouleau-dur-kleenex\\\/#breadcrumb\",\"itemListElement\":[{\"@type\":\"ListItem\",\"position\":1,\"name\":\"Home\",\"item\":\"https:\\\/\\\/chemi-3.com\\\/fr\\\/\"},{\"@type\":\"ListItem\",\"position\":2,\"name\":\"Produits\",\"item\":\"https:\\\/\\\/chemi-3.com\\\/fr\\\/shop\\\/\"},{\"@type\":\"ListItem\",\"position\":3,\"name\":\"Essuie-mains en rouleau dur kleenex\u00ae\"}]},{\"@type\":\"WebSite\",\"@id\":\"https:\\\/\\\/chemi-3.com\\\/fr\\\/#website\",\"url\":\"https:\\\/\\\/chemi-3.com\\\/fr\\\/\",\"name\":\"Chemi-3 Inc.\",\"description\":\"Montreal&#039;s premier distributor of janitorial, sanitary and commercial products.\",\"publisher\":{\"@id\":\"https:\\\/\\\/chemi-3.com\\\/fr\\\/#organization\"},\"potentialAction\":[{\"@type\":\"SearchAction\",\"target\":{\"@type\":\"EntryPoint\",\"urlTemplate\":\"https:\\\/\\\/chemi-3.com\\\/fr\\\/?s={search_term_string}\"},\"query-input\":{\"@type\":\"PropertyValueSpecification\",\"valueRequired\":true,\"valueName\":\"search_term_string\"}}],\"inLanguage\":\"fr-CA\"},{\"@type\":\"Organization\",\"@id\":\"https:\\\/\\\/chemi-3.com\\\/fr\\\/#organization\",\"name\":\"Chemi-3 Industries Inc.\",\"url\":\"https:\\\/\\\/chemi-3.com\\\/fr\\\/\",\"logo\":{\"@type\":\"ImageObject\",\"inLanguage\":\"fr-CA\",\"@id\":\"https:\\\/\\\/chemi-3.com\\\/fr\\\/#\\\/schema\\\/logo\\\/image\\\/\",\"url\":\"http:\\\/\\\/chemi-3.com\\\/wp-content\\\/uploads\\\/2021\\\/09\\\/Chemi3_logo_transparent_highres.png\",\"contentUrl\":\"http:\\\/\\\/chemi-3.com\\\/wp-content\\\/uploads\\\/2021\\\/09\\\/Chemi3_logo_transparent_highres.png\",\"width\":1000,\"height\":387,\"caption\":\"Chemi-3 Industries Inc.\"},\"image\":{\"@id\":\"https:\\\/\\\/chemi-3.com\\\/fr\\\/#\\\/schema\\\/logo\\\/image\\\/\"},\"sameAs\":[\"https:\\\/\\\/www.facebook.com\\\/chemi3inc\\\/\",\"https:\\\/\\\/x.com\\\/chemi3inc\",\"https:\\\/\\\/www.instagram.com\\\/chemi3inc\\\/\",\"https:\\\/\\\/www.linkedin.com\\\/company\\\/chemi3inc\"]}]}<\/script>\n<!-- \/ Yoast SEO plugin. -->","yoast_head_json":{"title":"Essuie-mains en rouleau dur kleenex\u00ae &#8211; Chemi-3 Inc.","robots":{"index":"index","follow":"follow","max-snippet":"max-snippet:-1","max-image-preview":"max-image-preview:large","max-video-preview":"max-video-preview:-1"},"canonical":"https:\/\/chemi-3.com\/fr\/product\/essuie-mains-en-rouleau-dur-kleenex\/","og_locale":"fr_CA","og_type":"article","og_title":"Essuie-mains en rouleau dur kleenex\u00ae &#8211; Chemi-3 Inc.","og_description":"Le s\u00e9chage est une \u00e9tape fondamentale du processus de lavage des mains, et la fa\u00e7on dont vous les s\u00e9chez compte. Si vous optez pour des s\u00e8che-mains \u00e0 air chaud ou \u00e0 air forc\u00e9, il vous faudra deux ou trois fois plus de temps qu\u2019avec les essuie-mains. Des \u00e9tudes d\u00e9montrent que, bien que le co\u00fbt global [&hellip;]","og_url":"https:\/\/chemi-3.com\/fr\/product\/essuie-mains-en-rouleau-dur-kleenex\/","og_site_name":"Chemi-3 Inc.","article_publisher":"https:\/\/www.facebook.com\/chemi3inc\/","article_modified_time":"2021-11-05T17:05:26+00:00","og_image":[{"width":900,"height":900,"url":"https:\/\/chemi-3.com\/wp-content\/uploads\/2021\/11\/15400606-50606-main-20210904201749-1.jpg","type":"image\/jpeg"}],"twitter_card":"summary_large_image","twitter_site":"@chemi3inc","twitter_misc":{"Estimation du temps de lecture":"1 minute"},"schema":{"@context":"https:\/\/schema.org","@graph":[{"@type":["WebPage","ItemPage"],"@id":"https:\/\/chemi-3.com\/fr\/product\/essuie-mains-en-rouleau-dur-kleenex\/","url":"https:\/\/chemi-3.com\/fr\/product\/essuie-mains-en-rouleau-dur-kleenex\/","name":"Essuie-mains en rouleau dur kleenex\u00ae &#8211; Chemi-3 Inc.","isPartOf":{"@id":"https:\/\/chemi-3.com\/fr\/#website"},"primaryImageOfPage":{"@id":"https:\/\/chemi-3.com\/fr\/product\/essuie-mains-en-rouleau-dur-kleenex\/#primaryimage"},"image":{"@id":"https:\/\/chemi-3.com\/fr\/product\/essuie-mains-en-rouleau-dur-kleenex\/#primaryimage"},"thumbnailUrl":"https:\/\/chemi-3.com\/wp-content\/uploads\/2021\/11\/15400606-50606-main-20210904201749-1.jpg","datePublished":"2021-11-05T17:05:00+00:00","dateModified":"2021-11-05T17:05:26+00:00","breadcrumb":{"@id":"https:\/\/chemi-3.com\/fr\/product\/essuie-mains-en-rouleau-dur-kleenex\/#breadcrumb"},"inLanguage":"fr-CA","potentialAction":[{"@type":"ReadAction","target":["https:\/\/chemi-3.com\/fr\/product\/essuie-mains-en-rouleau-dur-kleenex\/"]}]},{"@type":"ImageObject","inLanguage":"fr-CA","@id":"https:\/\/chemi-3.com\/fr\/product\/essuie-mains-en-rouleau-dur-kleenex\/#primaryimage","url":"https:\/\/chemi-3.com\/wp-content\/uploads\/2021\/11\/15400606-50606-main-20210904201749-1.jpg","contentUrl":"https:\/\/chemi-3.com\/wp-content\/uploads\/2021\/11\/15400606-50606-main-20210904201749-1.jpg","width":900,"height":900,"caption":"Scott\u00ae Essential Universal Plus Hard Roll Towel"},{"@type":"BreadcrumbList","@id":"https:\/\/chemi-3.com\/fr\/product\/essuie-mains-en-rouleau-dur-kleenex\/#breadcrumb","itemListElement":[{"@type":"ListItem","position":1,"name":"Home","item":"https:\/\/chemi-3.com\/fr\/"},{"@type":"ListItem","position":2,"name":"Produits","item":"https:\/\/chemi-3.com\/fr\/shop\/"},{"@type":"ListItem","position":3,"name":"Essuie-mains en rouleau dur kleenex\u00ae"}]},{"@type":"WebSite","@id":"https:\/\/chemi-3.com\/fr\/#website","url":"https:\/\/chemi-3.com\/fr\/","name":"Chemi-3 Inc.","description":"Montreal&#039;s premier distributor of janitorial, sanitary and commercial products.","publisher":{"@id":"https:\/\/chemi-3.com\/fr\/#organization"},"potentialAction":[{"@type":"SearchAction","target":{"@type":"EntryPoint","urlTemplate":"https:\/\/chemi-3.com\/fr\/?s={search_term_string}"},"query-input":{"@type":"PropertyValueSpecification","valueRequired":true,"valueName":"search_term_string"}}],"inLanguage":"fr-CA"},{"@type":"Organization","@id":"https:\/\/chemi-3.com\/fr\/#organization","name":"Chemi-3 Industries Inc.","url":"https:\/\/chemi-3.com\/fr\/","logo":{"@type":"ImageObject","inLanguage":"fr-CA","@id":"https:\/\/chemi-3.com\/fr\/#\/schema\/logo\/image\/","url":"http:\/\/chemi-3.com\/wp-content\/uploads\/2021\/09\/Chemi3_logo_transparent_highres.png","contentUrl":"http:\/\/chemi-3.com\/wp-content\/uploads\/2021\/09\/Chemi3_logo_transparent_highres.png","width":1000,"height":387,"caption":"Chemi-3 Industries Inc."},"image":{"@id":"https:\/\/chemi-3.com\/fr\/#\/schema\/logo\/image\/"},"sameAs":["https:\/\/www.facebook.com\/chemi3inc\/","https:\/\/x.com\/chemi3inc","https:\/\/www.instagram.com\/chemi3inc\/","https:\/\/www.linkedin.com\/company\/chemi3inc"]}]}},"_links":{"self":[{"href":"https:\/\/chemi-3.com\/fr\/wp-json\/wp\/v2\/product\/27738","targetHints":{"allow":["GET"]}}],"collection":[{"href":"https:\/\/chemi-3.com\/fr\/wp-json\/wp\/v2\/product"}],"about":[{"href":"https:\/\/chemi-3.com\/fr\/wp-json\/wp\/v2\/types\/product"}],"replies":[{"embeddable":true,"href":"https:\/\/chemi-3.com\/fr\/wp-json\/wp\/v2\/comments?post=27738"}],"wp:featuredmedia":[{"embeddable":true,"href":"https:\/\/chemi-3.com\/fr\/wp-json\/wp\/v2\/media\/23985"}],"wp:attachment":[{"href":"https:\/\/chemi-3.com\/fr\/wp-json\/wp\/v2\/media?parent=27738"}],"wp:term":[{"taxonomy":"product_brand","embeddable":true,"href":"https:\/\/chemi-3.com\/fr\/wp-json\/wp\/v2\/product_brand?post=27738"},{"taxonomy":"product_cat","embeddable":true,"href":"https:\/\/chemi-3.com\/fr\/wp-json\/wp\/v2\/product_cat?post=27738"},{"taxonomy":"product_tag","embeddable":true,"href":"https:\/\/chemi-3.com\/fr\/wp-json\/wp\/v2\/product_tag?post=27738"}],"curies":[{"name":"wp","href":"https:\/\/api.w.org\/{rel}","templated":true}]}}