{"id":27744,"date":"2021-11-05T13:05:31","date_gmt":"2021-11-05T17:05:31","guid":{"rendered":"https:\/\/chemi-3.com\/product\/essuie-mains-en-rouleau-rigide-scott-blancs-de-75-po-x-1150-pi\/"},"modified":"2021-11-05T13:05:32","modified_gmt":"2021-11-05T17:05:32","slug":"essuie-mains-en-rouleau-rigide-scott-blancs-de-75-po-x-1150-pi","status":"publish","type":"product","link":"https:\/\/chemi-3.com\/fr\/product\/essuie-mains-en-rouleau-rigide-scott-blancs-de-75-po-x-1150-pi\/","title":{"rendered":"Essuie-mains en rouleau rigide scott\u00ae, blancs, de 7,5 po x 1150 pi."},"content":{"rendered":"<body><p>Les essuie-mains en rouleaux Scott\u00ae sont con\u00e7us avec des POCHETTES ABORBANTES brevet\u00e9es, de sorte que les utilisateurs ont besoin de moins de serviettes pour se s\u00e9cher les mains. Il en r\u00e9sulte plus de serviettes dans le distributeur, plus de temps entre les recharges, moins de gaspillage de papier et dans de nombreux cas, moins de co\u00fbts pour votre entreprise. Le distributeur comprend \u00e9galement une fonction de rouleau de r\u00e9serve qui permet de r\u00e9duire les gaspillages et les co\u00fbts, ce qui signifie moins de remplacements et des utilisateurs plus satisfaits.<br>\nUnit\u00e9 de mesure : 6\/1150\u2032<\/p>\n<\/body>","protected":false},"excerpt":{"rendered":"<p>Les essuie-mains en rouleaux Scott\u00ae sont con\u00e7us avec des POCHETTES ABORBANTES brevet\u00e9es, de sorte que les utilisateurs ont besoin de moins de serviettes pour se s\u00e9cher les mains. Il en r\u00e9sulte plus de serviettes dans le distributeur, plus de temps entre les recharges, moins de gaspillage de papier et dans de nombreux cas, moins de [&hellip;]<\/p>\n","protected":false},"featured_media":23996,"comment_status":"closed","ping_status":"open","template":"","meta":{"_et_pb_use_builder":"","_et_pb_old_content":"","_et_gb_content_width":""},"product_brand":[],"product_cat":[12833],"product_tag":[13690,13925,13617,13689],"class_list":{"0":"post-27744","1":"product","2":"type-product","3":"status-publish","4":"has-post-thumbnail","6":"product_cat-essuie-mains-enroules-serres","7":"product_tag-essuie-mains-en-rouleau","8":"product_tag-essuie-mains-enroules-serres","9":"product_tag-essuie-mains-papier-hygienique-et-lingettes","10":"product_tag-lingettes","11":"pa_country-of-origin-united-states","12":"pa_is-hazardous-material-non","13":"pa_product-colour-blanc","14":"pa_product-material-kraft-paper","16":"first","17":"instock","18":"taxable","19":"shipping-taxable","20":"purchasable","21":"product-type-simple"},"yoast_head":"<!-- This site is optimized with the Yoast SEO plugin v27.4 - https:\/\/yoast.com\/product\/yoast-seo-wordpress\/ -->\n<title>Essuie-mains en rouleau rigide scott\u00ae, blancs, de 7,5 po x 1150 pi. &#8211; Chemi-3 Inc.<\/title>\n<meta name=\"robots\" content=\"index, follow, max-snippet:-1, max-image-preview:large, max-video-preview:-1\" \/>\n<link rel=\"canonical\" href=\"https:\/\/chemi-3.com\/fr\/product\/essuie-mains-en-rouleau-rigide-scott-blancs-de-75-po-x-1150-pi\/\" \/>\n<meta property=\"og:locale\" content=\"fr_CA\" \/>\n<meta property=\"og:type\" content=\"article\" \/>\n<meta property=\"og:title\" content=\"Essuie-mains en rouleau rigide scott\u00ae, blancs, de 7,5 po x 1150 pi. &#8211; Chemi-3 Inc.\" \/>\n<meta property=\"og:description\" content=\"Les essuie-mains en rouleaux Scott\u00ae sont con\u00e7us avec des POCHETTES ABORBANTES brevet\u00e9es, de sorte que les utilisateurs ont besoin de moins de serviettes pour se s\u00e9cher les mains. Il en r\u00e9sulte plus de serviettes dans le distributeur, plus de temps entre les recharges, moins de gaspillage de papier et dans de nombreux cas, moins de [&hellip;]\" \/>\n<meta property=\"og:url\" content=\"https:\/\/chemi-3.com\/fr\/product\/essuie-mains-en-rouleau-rigide-scott-blancs-de-75-po-x-1150-pi\/\" \/>\n<meta property=\"og:site_name\" content=\"Chemi-3 Inc.\" \/>\n<meta property=\"article:publisher\" content=\"https:\/\/www.facebook.com\/chemi3inc\/\" \/>\n<meta property=\"article:modified_time\" content=\"2021-11-05T17:05:32+00:00\" \/>\n<meta property=\"og:image\" content=\"https:\/\/chemi-3.com\/wp-content\/uploads\/2021\/11\/15405702-25702-main-20210904201749-1.jpg\" \/>\n\t<meta property=\"og:image:width\" content=\"900\" \/>\n\t<meta property=\"og:image:height\" content=\"900\" \/>\n\t<meta property=\"og:image:type\" content=\"image\/jpeg\" \/>\n<meta name=\"twitter:card\" content=\"summary_large_image\" \/>\n<meta name=\"twitter:site\" content=\"@chemi3inc\" \/>\n<meta name=\"twitter:label1\" content=\"Estimation du temps de lecture\" \/>\n\t<meta name=\"twitter:data1\" content=\"1 minute\" \/>\n<script type=\"application\/ld+json\" class=\"yoast-schema-graph\">{\"@context\":\"https:\\\/\\\/schema.org\",\"@graph\":[{\"@type\":[\"WebPage\",\"ItemPage\"],\"@id\":\"https:\\\/\\\/chemi-3.com\\\/fr\\\/product\\\/essuie-mains-en-rouleau-rigide-scott-blancs-de-75-po-x-1150-pi\\\/\",\"url\":\"https:\\\/\\\/chemi-3.com\\\/fr\\\/product\\\/essuie-mains-en-rouleau-rigide-scott-blancs-de-75-po-x-1150-pi\\\/\",\"name\":\"Essuie-mains en rouleau rigide scott\u00ae, blancs, de 7,5 po x 1150 pi. &#8211; Chemi-3 Inc.\",\"isPartOf\":{\"@id\":\"https:\\\/\\\/chemi-3.com\\\/fr\\\/#website\"},\"primaryImageOfPage\":{\"@id\":\"https:\\\/\\\/chemi-3.com\\\/fr\\\/product\\\/essuie-mains-en-rouleau-rigide-scott-blancs-de-75-po-x-1150-pi\\\/#primaryimage\"},\"image\":{\"@id\":\"https:\\\/\\\/chemi-3.com\\\/fr\\\/product\\\/essuie-mains-en-rouleau-rigide-scott-blancs-de-75-po-x-1150-pi\\\/#primaryimage\"},\"thumbnailUrl\":\"https:\\\/\\\/chemi-3.com\\\/wp-content\\\/uploads\\\/2021\\\/11\\\/15405702-25702-main-20210904201749-1.jpg\",\"datePublished\":\"2021-11-05T17:05:31+00:00\",\"dateModified\":\"2021-11-05T17:05:32+00:00\",\"breadcrumb\":{\"@id\":\"https:\\\/\\\/chemi-3.com\\\/fr\\\/product\\\/essuie-mains-en-rouleau-rigide-scott-blancs-de-75-po-x-1150-pi\\\/#breadcrumb\"},\"inLanguage\":\"fr-CA\",\"potentialAction\":[{\"@type\":\"ReadAction\",\"target\":[\"https:\\\/\\\/chemi-3.com\\\/fr\\\/product\\\/essuie-mains-en-rouleau-rigide-scott-blancs-de-75-po-x-1150-pi\\\/\"]}]},{\"@type\":\"ImageObject\",\"inLanguage\":\"fr-CA\",\"@id\":\"https:\\\/\\\/chemi-3.com\\\/fr\\\/product\\\/essuie-mains-en-rouleau-rigide-scott-blancs-de-75-po-x-1150-pi\\\/#primaryimage\",\"url\":\"https:\\\/\\\/chemi-3.com\\\/wp-content\\\/uploads\\\/2021\\\/11\\\/15405702-25702-main-20210904201749-1.jpg\",\"contentUrl\":\"https:\\\/\\\/chemi-3.com\\\/wp-content\\\/uploads\\\/2021\\\/11\\\/15405702-25702-main-20210904201749-1.jpg\",\"width\":900,\"height\":900,\"caption\":\"Scott\u00ae Pro\u2122 High Capacity Hard Roll Towel\"},{\"@type\":\"BreadcrumbList\",\"@id\":\"https:\\\/\\\/chemi-3.com\\\/fr\\\/product\\\/essuie-mains-en-rouleau-rigide-scott-blancs-de-75-po-x-1150-pi\\\/#breadcrumb\",\"itemListElement\":[{\"@type\":\"ListItem\",\"position\":1,\"name\":\"Home\",\"item\":\"https:\\\/\\\/chemi-3.com\\\/fr\\\/\"},{\"@type\":\"ListItem\",\"position\":2,\"name\":\"Produits\",\"item\":\"https:\\\/\\\/chemi-3.com\\\/fr\\\/shop\\\/\"},{\"@type\":\"ListItem\",\"position\":3,\"name\":\"Essuie-mains en rouleau rigide scott\u00ae, blancs, de 7,5 po x 1150 pi.\"}]},{\"@type\":\"WebSite\",\"@id\":\"https:\\\/\\\/chemi-3.com\\\/fr\\\/#website\",\"url\":\"https:\\\/\\\/chemi-3.com\\\/fr\\\/\",\"name\":\"Chemi-3 Inc.\",\"description\":\"Montreal&#039;s premier distributor of janitorial, sanitary and commercial products.\",\"publisher\":{\"@id\":\"https:\\\/\\\/chemi-3.com\\\/fr\\\/#organization\"},\"potentialAction\":[{\"@type\":\"SearchAction\",\"target\":{\"@type\":\"EntryPoint\",\"urlTemplate\":\"https:\\\/\\\/chemi-3.com\\\/fr\\\/?s={search_term_string}\"},\"query-input\":{\"@type\":\"PropertyValueSpecification\",\"valueRequired\":true,\"valueName\":\"search_term_string\"}}],\"inLanguage\":\"fr-CA\"},{\"@type\":\"Organization\",\"@id\":\"https:\\\/\\\/chemi-3.com\\\/fr\\\/#organization\",\"name\":\"Chemi-3 Industries Inc.\",\"url\":\"https:\\\/\\\/chemi-3.com\\\/fr\\\/\",\"logo\":{\"@type\":\"ImageObject\",\"inLanguage\":\"fr-CA\",\"@id\":\"https:\\\/\\\/chemi-3.com\\\/fr\\\/#\\\/schema\\\/logo\\\/image\\\/\",\"url\":\"http:\\\/\\\/chemi-3.com\\\/wp-content\\\/uploads\\\/2021\\\/09\\\/Chemi3_logo_transparent_highres.png\",\"contentUrl\":\"http:\\\/\\\/chemi-3.com\\\/wp-content\\\/uploads\\\/2021\\\/09\\\/Chemi3_logo_transparent_highres.png\",\"width\":1000,\"height\":387,\"caption\":\"Chemi-3 Industries Inc.\"},\"image\":{\"@id\":\"https:\\\/\\\/chemi-3.com\\\/fr\\\/#\\\/schema\\\/logo\\\/image\\\/\"},\"sameAs\":[\"https:\\\/\\\/www.facebook.com\\\/chemi3inc\\\/\",\"https:\\\/\\\/x.com\\\/chemi3inc\",\"https:\\\/\\\/www.instagram.com\\\/chemi3inc\\\/\",\"https:\\\/\\\/www.linkedin.com\\\/company\\\/chemi3inc\"]}]}<\/script>\n<!-- \/ Yoast SEO plugin. -->","yoast_head_json":{"title":"Essuie-mains en rouleau rigide scott\u00ae, blancs, de 7,5 po x 1150 pi. &#8211; Chemi-3 Inc.","robots":{"index":"index","follow":"follow","max-snippet":"max-snippet:-1","max-image-preview":"max-image-preview:large","max-video-preview":"max-video-preview:-1"},"canonical":"https:\/\/chemi-3.com\/fr\/product\/essuie-mains-en-rouleau-rigide-scott-blancs-de-75-po-x-1150-pi\/","og_locale":"fr_CA","og_type":"article","og_title":"Essuie-mains en rouleau rigide scott\u00ae, blancs, de 7,5 po x 1150 pi. &#8211; Chemi-3 Inc.","og_description":"Les essuie-mains en rouleaux Scott\u00ae sont con\u00e7us avec des POCHETTES ABORBANTES brevet\u00e9es, de sorte que les utilisateurs ont besoin de moins de serviettes pour se s\u00e9cher les mains. Il en r\u00e9sulte plus de serviettes dans le distributeur, plus de temps entre les recharges, moins de gaspillage de papier et dans de nombreux cas, moins de [&hellip;]","og_url":"https:\/\/chemi-3.com\/fr\/product\/essuie-mains-en-rouleau-rigide-scott-blancs-de-75-po-x-1150-pi\/","og_site_name":"Chemi-3 Inc.","article_publisher":"https:\/\/www.facebook.com\/chemi3inc\/","article_modified_time":"2021-11-05T17:05:32+00:00","og_image":[{"width":900,"height":900,"url":"https:\/\/chemi-3.com\/wp-content\/uploads\/2021\/11\/15405702-25702-main-20210904201749-1.jpg","type":"image\/jpeg"}],"twitter_card":"summary_large_image","twitter_site":"@chemi3inc","twitter_misc":{"Estimation du temps de lecture":"1 minute"},"schema":{"@context":"https:\/\/schema.org","@graph":[{"@type":["WebPage","ItemPage"],"@id":"https:\/\/chemi-3.com\/fr\/product\/essuie-mains-en-rouleau-rigide-scott-blancs-de-75-po-x-1150-pi\/","url":"https:\/\/chemi-3.com\/fr\/product\/essuie-mains-en-rouleau-rigide-scott-blancs-de-75-po-x-1150-pi\/","name":"Essuie-mains en rouleau rigide scott\u00ae, blancs, de 7,5 po x 1150 pi. &#8211; Chemi-3 Inc.","isPartOf":{"@id":"https:\/\/chemi-3.com\/fr\/#website"},"primaryImageOfPage":{"@id":"https:\/\/chemi-3.com\/fr\/product\/essuie-mains-en-rouleau-rigide-scott-blancs-de-75-po-x-1150-pi\/#primaryimage"},"image":{"@id":"https:\/\/chemi-3.com\/fr\/product\/essuie-mains-en-rouleau-rigide-scott-blancs-de-75-po-x-1150-pi\/#primaryimage"},"thumbnailUrl":"https:\/\/chemi-3.com\/wp-content\/uploads\/2021\/11\/15405702-25702-main-20210904201749-1.jpg","datePublished":"2021-11-05T17:05:31+00:00","dateModified":"2021-11-05T17:05:32+00:00","breadcrumb":{"@id":"https:\/\/chemi-3.com\/fr\/product\/essuie-mains-en-rouleau-rigide-scott-blancs-de-75-po-x-1150-pi\/#breadcrumb"},"inLanguage":"fr-CA","potentialAction":[{"@type":"ReadAction","target":["https:\/\/chemi-3.com\/fr\/product\/essuie-mains-en-rouleau-rigide-scott-blancs-de-75-po-x-1150-pi\/"]}]},{"@type":"ImageObject","inLanguage":"fr-CA","@id":"https:\/\/chemi-3.com\/fr\/product\/essuie-mains-en-rouleau-rigide-scott-blancs-de-75-po-x-1150-pi\/#primaryimage","url":"https:\/\/chemi-3.com\/wp-content\/uploads\/2021\/11\/15405702-25702-main-20210904201749-1.jpg","contentUrl":"https:\/\/chemi-3.com\/wp-content\/uploads\/2021\/11\/15405702-25702-main-20210904201749-1.jpg","width":900,"height":900,"caption":"Scott\u00ae Pro\u2122 High Capacity Hard Roll Towel"},{"@type":"BreadcrumbList","@id":"https:\/\/chemi-3.com\/fr\/product\/essuie-mains-en-rouleau-rigide-scott-blancs-de-75-po-x-1150-pi\/#breadcrumb","itemListElement":[{"@type":"ListItem","position":1,"name":"Home","item":"https:\/\/chemi-3.com\/fr\/"},{"@type":"ListItem","position":2,"name":"Produits","item":"https:\/\/chemi-3.com\/fr\/shop\/"},{"@type":"ListItem","position":3,"name":"Essuie-mains en rouleau rigide scott\u00ae, blancs, de 7,5 po x 1150 pi."}]},{"@type":"WebSite","@id":"https:\/\/chemi-3.com\/fr\/#website","url":"https:\/\/chemi-3.com\/fr\/","name":"Chemi-3 Inc.","description":"Montreal&#039;s premier distributor of janitorial, sanitary and commercial products.","publisher":{"@id":"https:\/\/chemi-3.com\/fr\/#organization"},"potentialAction":[{"@type":"SearchAction","target":{"@type":"EntryPoint","urlTemplate":"https:\/\/chemi-3.com\/fr\/?s={search_term_string}"},"query-input":{"@type":"PropertyValueSpecification","valueRequired":true,"valueName":"search_term_string"}}],"inLanguage":"fr-CA"},{"@type":"Organization","@id":"https:\/\/chemi-3.com\/fr\/#organization","name":"Chemi-3 Industries Inc.","url":"https:\/\/chemi-3.com\/fr\/","logo":{"@type":"ImageObject","inLanguage":"fr-CA","@id":"https:\/\/chemi-3.com\/fr\/#\/schema\/logo\/image\/","url":"http:\/\/chemi-3.com\/wp-content\/uploads\/2021\/09\/Chemi3_logo_transparent_highres.png","contentUrl":"http:\/\/chemi-3.com\/wp-content\/uploads\/2021\/09\/Chemi3_logo_transparent_highres.png","width":1000,"height":387,"caption":"Chemi-3 Industries Inc."},"image":{"@id":"https:\/\/chemi-3.com\/fr\/#\/schema\/logo\/image\/"},"sameAs":["https:\/\/www.facebook.com\/chemi3inc\/","https:\/\/x.com\/chemi3inc","https:\/\/www.instagram.com\/chemi3inc\/","https:\/\/www.linkedin.com\/company\/chemi3inc"]}]}},"_links":{"self":[{"href":"https:\/\/chemi-3.com\/fr\/wp-json\/wp\/v2\/product\/27744","targetHints":{"allow":["GET"]}}],"collection":[{"href":"https:\/\/chemi-3.com\/fr\/wp-json\/wp\/v2\/product"}],"about":[{"href":"https:\/\/chemi-3.com\/fr\/wp-json\/wp\/v2\/types\/product"}],"replies":[{"embeddable":true,"href":"https:\/\/chemi-3.com\/fr\/wp-json\/wp\/v2\/comments?post=27744"}],"wp:featuredmedia":[{"embeddable":true,"href":"https:\/\/chemi-3.com\/fr\/wp-json\/wp\/v2\/media\/23996"}],"wp:attachment":[{"href":"https:\/\/chemi-3.com\/fr\/wp-json\/wp\/v2\/media?parent=27744"}],"wp:term":[{"taxonomy":"product_brand","embeddable":true,"href":"https:\/\/chemi-3.com\/fr\/wp-json\/wp\/v2\/product_brand?post=27744"},{"taxonomy":"product_cat","embeddable":true,"href":"https:\/\/chemi-3.com\/fr\/wp-json\/wp\/v2\/product_cat?post=27744"},{"taxonomy":"product_tag","embeddable":true,"href":"https:\/\/chemi-3.com\/fr\/wp-json\/wp\/v2\/product_tag?post=27744"}],"curies":[{"name":"wp","href":"https:\/\/api.w.org\/{rel}","templated":true}]}}