{"id":27754,"date":"2021-11-05T13:05:31","date_gmt":"2021-11-05T17:05:31","guid":{"rendered":"https:\/\/chemi-3.com\/product\/serviettes-en-rouleau-tork-universal-p-mini-distributeurs-100-recycle-1-epaisseur-naturel-blanc-425-pi-rl-12-rl-cs\/"},"modified":"2021-11-05T13:05:35","modified_gmt":"2021-11-05T17:05:35","slug":"serviettes-en-rouleau-tork-universal-p-mini-distributeurs-100-recycle-1-epaisseur-naturel-blanc-425-pi-rl-12-rl-cs","status":"publish","type":"product","link":"https:\/\/chemi-3.com\/fr\/product\/serviettes-en-rouleau-tork-universal-p-mini-distributeurs-100-recycle-1-epaisseur-naturel-blanc-425-pi-rl-12-rl-cs\/","title":{"rendered":"Serviettes en rouleau tork\u00ae universal p. mini-distributeurs, 100\u00a0% recycl\u00e9, 1\u00a0\u00e9paisseur, naturel\/blanc, 425\u00a0pi\/rl, 12\u00a0rl\/cs"},"content":{"rendered":"<body><p>Les essuie-mains en rouleau Tork\u00ae Universal H86 de qualit\u00e9 universelle offrent un excellent taux prix-rendement et de la valeur. Ces essuie-mains sont certifi\u00e9s Green Seal pour des salles de toilettes \u00e9cologiques \u00e0 faible impact. Les serviettes de papier de salles de toilettes sont faites de mat\u00e9riaux recycl\u00e9s \u00e0 100\u00a0%. Les serviettes en rouleaux contr\u00f4l\u00e9s offrent plus de valeur et d\u2019avantages comme l\u2019utilisation contr\u00f4l\u00e9e et l\u2019\u00e9conomie de co\u00fbt lorsqu\u2019elles sont utilis\u00e9es avec des distributeurs contr\u00f4l\u00e9s. Les serviettes en rouleau serr\u00e9 contiennent 425\u00a0pi lin\u00e9aires pour les salles de toilettes moins fr\u00e9quent\u00e9es avec mini-distributeur.<br>\nUnit\u00e9 de mesure : <\/p>\n<\/body>","protected":false},"excerpt":{"rendered":"<p>Les essuie-mains en rouleau Tork\u00ae Universal H86 de qualit\u00e9 universelle offrent un excellent taux prix-rendement et de la valeur. Ces essuie-mains sont certifi\u00e9s Green Seal pour des salles de toilettes \u00e9cologiques \u00e0 faible impact. Les serviettes de papier de salles de toilettes sont faites de mat\u00e9riaux recycl\u00e9s \u00e0 100\u00a0%. Les serviettes en rouleaux contr\u00f4l\u00e9s offrent [&hellip;]<\/p>\n","protected":false},"featured_media":24013,"comment_status":"closed","ping_status":"open","template":"","meta":{"_et_pb_use_builder":"","_et_pb_old_content":"","_et_gb_content_width":""},"product_brand":[],"product_cat":[12833],"product_tag":[13690,13925,13617,13689],"class_list":{"0":"post-27754","1":"product","2":"type-product","3":"status-publish","4":"has-post-thumbnail","6":"product_cat-essuie-mains-enroules-serres","7":"product_tag-essuie-mains-en-rouleau","8":"product_tag-essuie-mains-enroules-serres","9":"product_tag-essuie-mains-papier-hygienique-et-lingettes","10":"product_tag-lingettes","11":"pa_country-of-origin-united-states","12":"pa_is-hazardous-material-non","13":"pa_product-colour-blanc","14":"pa_product-material-kraft-paper","16":"first","17":"instock","18":"taxable","19":"shipping-taxable","20":"purchasable","21":"product-type-simple"},"yoast_head":"<!-- This site is optimized with the Yoast SEO plugin v27.5 - https:\/\/yoast.com\/product\/yoast-seo-wordpress\/ -->\n<title>Serviettes en rouleau tork\u00ae universal p. mini-distributeurs, 100\u00a0% recycl\u00e9, 1\u00a0\u00e9paisseur, naturel\/blanc, 425\u00a0pi\/rl, 12\u00a0rl\/cs &#8211; Chemi-3 Inc.<\/title>\n<meta name=\"robots\" content=\"index, follow, max-snippet:-1, max-image-preview:large, max-video-preview:-1\" \/>\n<link rel=\"canonical\" href=\"https:\/\/chemi-3.com\/fr\/product\/serviettes-en-rouleau-tork-universal-p-mini-distributeurs-100-recycle-1-epaisseur-naturel-blanc-425-pi-rl-12-rl-cs\/\" \/>\n<meta property=\"og:locale\" content=\"fr_CA\" \/>\n<meta property=\"og:type\" content=\"article\" \/>\n<meta property=\"og:title\" content=\"Serviettes en rouleau tork\u00ae universal p. mini-distributeurs, 100\u00a0% recycl\u00e9, 1\u00a0\u00e9paisseur, naturel\/blanc, 425\u00a0pi\/rl, 12\u00a0rl\/cs &#8211; Chemi-3 Inc.\" \/>\n<meta property=\"og:description\" content=\"Les essuie-mains en rouleau Tork\u00ae Universal H86 de qualit\u00e9 universelle offrent un excellent taux prix-rendement et de la valeur. Ces essuie-mains sont certifi\u00e9s Green Seal pour des salles de toilettes \u00e9cologiques \u00e0 faible impact. Les serviettes de papier de salles de toilettes sont faites de mat\u00e9riaux recycl\u00e9s \u00e0 100\u00a0%. Les serviettes en rouleaux contr\u00f4l\u00e9s offrent [&hellip;]\" \/>\n<meta property=\"og:url\" content=\"https:\/\/chemi-3.com\/fr\/product\/serviettes-en-rouleau-tork-universal-p-mini-distributeurs-100-recycle-1-epaisseur-naturel-blanc-425-pi-rl-12-rl-cs\/\" \/>\n<meta property=\"og:site_name\" content=\"Chemi-3 Inc.\" \/>\n<meta property=\"article:publisher\" content=\"https:\/\/www.facebook.com\/chemi3inc\/\" \/>\n<meta property=\"article:modified_time\" content=\"2021-11-05T17:05:35+00:00\" \/>\n<meta property=\"og:image\" content=\"https:\/\/chemi-3.com\/wp-content\/uploads\/2021\/11\/14100579-20210904201749-1.jpg\" \/>\n\t<meta property=\"og:image:width\" content=\"900\" \/>\n\t<meta property=\"og:image:height\" content=\"900\" \/>\n\t<meta property=\"og:image:type\" content=\"image\/jpeg\" \/>\n<meta name=\"twitter:card\" content=\"summary_large_image\" \/>\n<meta name=\"twitter:site\" content=\"@chemi3inc\" \/>\n<meta name=\"twitter:label1\" content=\"Estimation du temps de lecture\" \/>\n\t<meta name=\"twitter:data1\" content=\"1 minute\" \/>\n<script type=\"application\/ld+json\" class=\"yoast-schema-graph\">{\"@context\":\"https:\\\/\\\/schema.org\",\"@graph\":[{\"@type\":[\"WebPage\",\"ItemPage\"],\"@id\":\"https:\\\/\\\/chemi-3.com\\\/fr\\\/product\\\/serviettes-en-rouleau-tork-universal-p-mini-distributeurs-100-recycle-1-epaisseur-naturel-blanc-425-pi-rl-12-rl-cs\\\/\",\"url\":\"https:\\\/\\\/chemi-3.com\\\/fr\\\/product\\\/serviettes-en-rouleau-tork-universal-p-mini-distributeurs-100-recycle-1-epaisseur-naturel-blanc-425-pi-rl-12-rl-cs\\\/\",\"name\":\"Serviettes en rouleau tork\u00ae universal p. mini-distributeurs, 100\u00a0% recycl\u00e9, 1\u00a0\u00e9paisseur, naturel\\\/blanc, 425\u00a0pi\\\/rl, 12\u00a0rl\\\/cs &#8211; Chemi-3 Inc.\",\"isPartOf\":{\"@id\":\"https:\\\/\\\/chemi-3.com\\\/fr\\\/#website\"},\"primaryImageOfPage\":{\"@id\":\"https:\\\/\\\/chemi-3.com\\\/fr\\\/product\\\/serviettes-en-rouleau-tork-universal-p-mini-distributeurs-100-recycle-1-epaisseur-naturel-blanc-425-pi-rl-12-rl-cs\\\/#primaryimage\"},\"image\":{\"@id\":\"https:\\\/\\\/chemi-3.com\\\/fr\\\/product\\\/serviettes-en-rouleau-tork-universal-p-mini-distributeurs-100-recycle-1-epaisseur-naturel-blanc-425-pi-rl-12-rl-cs\\\/#primaryimage\"},\"thumbnailUrl\":\"https:\\\/\\\/chemi-3.com\\\/wp-content\\\/uploads\\\/2021\\\/11\\\/14100579-20210904201749-1.jpg\",\"datePublished\":\"2021-11-05T17:05:31+00:00\",\"dateModified\":\"2021-11-05T17:05:35+00:00\",\"breadcrumb\":{\"@id\":\"https:\\\/\\\/chemi-3.com\\\/fr\\\/product\\\/serviettes-en-rouleau-tork-universal-p-mini-distributeurs-100-recycle-1-epaisseur-naturel-blanc-425-pi-rl-12-rl-cs\\\/#breadcrumb\"},\"inLanguage\":\"fr-CA\",\"potentialAction\":[{\"@type\":\"ReadAction\",\"target\":[\"https:\\\/\\\/chemi-3.com\\\/fr\\\/product\\\/serviettes-en-rouleau-tork-universal-p-mini-distributeurs-100-recycle-1-epaisseur-naturel-blanc-425-pi-rl-12-rl-cs\\\/\"]}]},{\"@type\":\"ImageObject\",\"inLanguage\":\"fr-CA\",\"@id\":\"https:\\\/\\\/chemi-3.com\\\/fr\\\/product\\\/serviettes-en-rouleau-tork-universal-p-mini-distributeurs-100-recycle-1-epaisseur-naturel-blanc-425-pi-rl-12-rl-cs\\\/#primaryimage\",\"url\":\"https:\\\/\\\/chemi-3.com\\\/wp-content\\\/uploads\\\/2021\\\/11\\\/14100579-20210904201749-1.jpg\",\"contentUrl\":\"https:\\\/\\\/chemi-3.com\\\/wp-content\\\/uploads\\\/2021\\\/11\\\/14100579-20210904201749-1.jpg\",\"width\":900,\"height\":900,\"caption\":\"Tork\u00ae Universal Hand Towel Roll For Mini Dispensers\"},{\"@type\":\"BreadcrumbList\",\"@id\":\"https:\\\/\\\/chemi-3.com\\\/fr\\\/product\\\/serviettes-en-rouleau-tork-universal-p-mini-distributeurs-100-recycle-1-epaisseur-naturel-blanc-425-pi-rl-12-rl-cs\\\/#breadcrumb\",\"itemListElement\":[{\"@type\":\"ListItem\",\"position\":1,\"name\":\"Home\",\"item\":\"https:\\\/\\\/chemi-3.com\\\/fr\\\/\"},{\"@type\":\"ListItem\",\"position\":2,\"name\":\"Produits\",\"item\":\"https:\\\/\\\/chemi-3.com\\\/fr\\\/shop\\\/\"},{\"@type\":\"ListItem\",\"position\":3,\"name\":\"Serviettes en rouleau tork\u00ae universal p. mini-distributeurs, 100\u00a0% recycl\u00e9, 1\u00a0\u00e9paisseur, naturel\\\/blanc, 425\u00a0pi\\\/rl, 12\u00a0rl\\\/cs\"}]},{\"@type\":\"WebSite\",\"@id\":\"https:\\\/\\\/chemi-3.com\\\/fr\\\/#website\",\"url\":\"https:\\\/\\\/chemi-3.com\\\/fr\\\/\",\"name\":\"Chemi-3 Inc.\",\"description\":\"Montreal&#039;s premier distributor of janitorial, sanitary and commercial products.\",\"publisher\":{\"@id\":\"https:\\\/\\\/chemi-3.com\\\/fr\\\/#organization\"},\"potentialAction\":[{\"@type\":\"SearchAction\",\"target\":{\"@type\":\"EntryPoint\",\"urlTemplate\":\"https:\\\/\\\/chemi-3.com\\\/fr\\\/?s={search_term_string}\"},\"query-input\":{\"@type\":\"PropertyValueSpecification\",\"valueRequired\":true,\"valueName\":\"search_term_string\"}}],\"inLanguage\":\"fr-CA\"},{\"@type\":\"Organization\",\"@id\":\"https:\\\/\\\/chemi-3.com\\\/fr\\\/#organization\",\"name\":\"Chemi-3 Industries Inc.\",\"url\":\"https:\\\/\\\/chemi-3.com\\\/fr\\\/\",\"logo\":{\"@type\":\"ImageObject\",\"inLanguage\":\"fr-CA\",\"@id\":\"https:\\\/\\\/chemi-3.com\\\/fr\\\/#\\\/schema\\\/logo\\\/image\\\/\",\"url\":\"http:\\\/\\\/chemi-3.com\\\/wp-content\\\/uploads\\\/2021\\\/09\\\/Chemi3_logo_transparent_highres.png\",\"contentUrl\":\"http:\\\/\\\/chemi-3.com\\\/wp-content\\\/uploads\\\/2021\\\/09\\\/Chemi3_logo_transparent_highres.png\",\"width\":1000,\"height\":387,\"caption\":\"Chemi-3 Industries Inc.\"},\"image\":{\"@id\":\"https:\\\/\\\/chemi-3.com\\\/fr\\\/#\\\/schema\\\/logo\\\/image\\\/\"},\"sameAs\":[\"https:\\\/\\\/www.facebook.com\\\/chemi3inc\\\/\",\"https:\\\/\\\/x.com\\\/chemi3inc\",\"https:\\\/\\\/www.instagram.com\\\/chemi3inc\\\/\",\"https:\\\/\\\/www.linkedin.com\\\/company\\\/chemi3inc\"]}]}<\/script>\n<!-- \/ Yoast SEO plugin. -->","yoast_head_json":{"title":"Serviettes en rouleau tork\u00ae universal p. mini-distributeurs, 100\u00a0% recycl\u00e9, 1\u00a0\u00e9paisseur, naturel\/blanc, 425\u00a0pi\/rl, 12\u00a0rl\/cs &#8211; Chemi-3 Inc.","robots":{"index":"index","follow":"follow","max-snippet":"max-snippet:-1","max-image-preview":"max-image-preview:large","max-video-preview":"max-video-preview:-1"},"canonical":"https:\/\/chemi-3.com\/fr\/product\/serviettes-en-rouleau-tork-universal-p-mini-distributeurs-100-recycle-1-epaisseur-naturel-blanc-425-pi-rl-12-rl-cs\/","og_locale":"fr_CA","og_type":"article","og_title":"Serviettes en rouleau tork\u00ae universal p. mini-distributeurs, 100\u00a0% recycl\u00e9, 1\u00a0\u00e9paisseur, naturel\/blanc, 425\u00a0pi\/rl, 12\u00a0rl\/cs &#8211; Chemi-3 Inc.","og_description":"Les essuie-mains en rouleau Tork\u00ae Universal H86 de qualit\u00e9 universelle offrent un excellent taux prix-rendement et de la valeur. Ces essuie-mains sont certifi\u00e9s Green Seal pour des salles de toilettes \u00e9cologiques \u00e0 faible impact. Les serviettes de papier de salles de toilettes sont faites de mat\u00e9riaux recycl\u00e9s \u00e0 100\u00a0%. Les serviettes en rouleaux contr\u00f4l\u00e9s offrent [&hellip;]","og_url":"https:\/\/chemi-3.com\/fr\/product\/serviettes-en-rouleau-tork-universal-p-mini-distributeurs-100-recycle-1-epaisseur-naturel-blanc-425-pi-rl-12-rl-cs\/","og_site_name":"Chemi-3 Inc.","article_publisher":"https:\/\/www.facebook.com\/chemi3inc\/","article_modified_time":"2021-11-05T17:05:35+00:00","og_image":[{"width":900,"height":900,"url":"https:\/\/chemi-3.com\/wp-content\/uploads\/2021\/11\/14100579-20210904201749-1.jpg","type":"image\/jpeg"}],"twitter_card":"summary_large_image","twitter_site":"@chemi3inc","twitter_misc":{"Estimation du temps de lecture":"1 minute"},"schema":{"@context":"https:\/\/schema.org","@graph":[{"@type":["WebPage","ItemPage"],"@id":"https:\/\/chemi-3.com\/fr\/product\/serviettes-en-rouleau-tork-universal-p-mini-distributeurs-100-recycle-1-epaisseur-naturel-blanc-425-pi-rl-12-rl-cs\/","url":"https:\/\/chemi-3.com\/fr\/product\/serviettes-en-rouleau-tork-universal-p-mini-distributeurs-100-recycle-1-epaisseur-naturel-blanc-425-pi-rl-12-rl-cs\/","name":"Serviettes en rouleau tork\u00ae universal p. mini-distributeurs, 100\u00a0% recycl\u00e9, 1\u00a0\u00e9paisseur, naturel\/blanc, 425\u00a0pi\/rl, 12\u00a0rl\/cs &#8211; Chemi-3 Inc.","isPartOf":{"@id":"https:\/\/chemi-3.com\/fr\/#website"},"primaryImageOfPage":{"@id":"https:\/\/chemi-3.com\/fr\/product\/serviettes-en-rouleau-tork-universal-p-mini-distributeurs-100-recycle-1-epaisseur-naturel-blanc-425-pi-rl-12-rl-cs\/#primaryimage"},"image":{"@id":"https:\/\/chemi-3.com\/fr\/product\/serviettes-en-rouleau-tork-universal-p-mini-distributeurs-100-recycle-1-epaisseur-naturel-blanc-425-pi-rl-12-rl-cs\/#primaryimage"},"thumbnailUrl":"https:\/\/chemi-3.com\/wp-content\/uploads\/2021\/11\/14100579-20210904201749-1.jpg","datePublished":"2021-11-05T17:05:31+00:00","dateModified":"2021-11-05T17:05:35+00:00","breadcrumb":{"@id":"https:\/\/chemi-3.com\/fr\/product\/serviettes-en-rouleau-tork-universal-p-mini-distributeurs-100-recycle-1-epaisseur-naturel-blanc-425-pi-rl-12-rl-cs\/#breadcrumb"},"inLanguage":"fr-CA","potentialAction":[{"@type":"ReadAction","target":["https:\/\/chemi-3.com\/fr\/product\/serviettes-en-rouleau-tork-universal-p-mini-distributeurs-100-recycle-1-epaisseur-naturel-blanc-425-pi-rl-12-rl-cs\/"]}]},{"@type":"ImageObject","inLanguage":"fr-CA","@id":"https:\/\/chemi-3.com\/fr\/product\/serviettes-en-rouleau-tork-universal-p-mini-distributeurs-100-recycle-1-epaisseur-naturel-blanc-425-pi-rl-12-rl-cs\/#primaryimage","url":"https:\/\/chemi-3.com\/wp-content\/uploads\/2021\/11\/14100579-20210904201749-1.jpg","contentUrl":"https:\/\/chemi-3.com\/wp-content\/uploads\/2021\/11\/14100579-20210904201749-1.jpg","width":900,"height":900,"caption":"Tork\u00ae Universal Hand Towel Roll For Mini Dispensers"},{"@type":"BreadcrumbList","@id":"https:\/\/chemi-3.com\/fr\/product\/serviettes-en-rouleau-tork-universal-p-mini-distributeurs-100-recycle-1-epaisseur-naturel-blanc-425-pi-rl-12-rl-cs\/#breadcrumb","itemListElement":[{"@type":"ListItem","position":1,"name":"Home","item":"https:\/\/chemi-3.com\/fr\/"},{"@type":"ListItem","position":2,"name":"Produits","item":"https:\/\/chemi-3.com\/fr\/shop\/"},{"@type":"ListItem","position":3,"name":"Serviettes en rouleau tork\u00ae universal p. mini-distributeurs, 100\u00a0% recycl\u00e9, 1\u00a0\u00e9paisseur, naturel\/blanc, 425\u00a0pi\/rl, 12\u00a0rl\/cs"}]},{"@type":"WebSite","@id":"https:\/\/chemi-3.com\/fr\/#website","url":"https:\/\/chemi-3.com\/fr\/","name":"Chemi-3 Inc.","description":"Montreal&#039;s premier distributor of janitorial, sanitary and commercial products.","publisher":{"@id":"https:\/\/chemi-3.com\/fr\/#organization"},"potentialAction":[{"@type":"SearchAction","target":{"@type":"EntryPoint","urlTemplate":"https:\/\/chemi-3.com\/fr\/?s={search_term_string}"},"query-input":{"@type":"PropertyValueSpecification","valueRequired":true,"valueName":"search_term_string"}}],"inLanguage":"fr-CA"},{"@type":"Organization","@id":"https:\/\/chemi-3.com\/fr\/#organization","name":"Chemi-3 Industries Inc.","url":"https:\/\/chemi-3.com\/fr\/","logo":{"@type":"ImageObject","inLanguage":"fr-CA","@id":"https:\/\/chemi-3.com\/fr\/#\/schema\/logo\/image\/","url":"http:\/\/chemi-3.com\/wp-content\/uploads\/2021\/09\/Chemi3_logo_transparent_highres.png","contentUrl":"http:\/\/chemi-3.com\/wp-content\/uploads\/2021\/09\/Chemi3_logo_transparent_highres.png","width":1000,"height":387,"caption":"Chemi-3 Industries Inc."},"image":{"@id":"https:\/\/chemi-3.com\/fr\/#\/schema\/logo\/image\/"},"sameAs":["https:\/\/www.facebook.com\/chemi3inc\/","https:\/\/x.com\/chemi3inc","https:\/\/www.instagram.com\/chemi3inc\/","https:\/\/www.linkedin.com\/company\/chemi3inc"]}]}},"_links":{"self":[{"href":"https:\/\/chemi-3.com\/fr\/wp-json\/wp\/v2\/product\/27754","targetHints":{"allow":["GET"]}}],"collection":[{"href":"https:\/\/chemi-3.com\/fr\/wp-json\/wp\/v2\/product"}],"about":[{"href":"https:\/\/chemi-3.com\/fr\/wp-json\/wp\/v2\/types\/product"}],"replies":[{"embeddable":true,"href":"https:\/\/chemi-3.com\/fr\/wp-json\/wp\/v2\/comments?post=27754"}],"wp:featuredmedia":[{"embeddable":true,"href":"https:\/\/chemi-3.com\/fr\/wp-json\/wp\/v2\/media\/24013"}],"wp:attachment":[{"href":"https:\/\/chemi-3.com\/fr\/wp-json\/wp\/v2\/media?parent=27754"}],"wp:term":[{"taxonomy":"product_brand","embeddable":true,"href":"https:\/\/chemi-3.com\/fr\/wp-json\/wp\/v2\/product_brand?post=27754"},{"taxonomy":"product_cat","embeddable":true,"href":"https:\/\/chemi-3.com\/fr\/wp-json\/wp\/v2\/product_cat?post=27754"},{"taxonomy":"product_tag","embeddable":true,"href":"https:\/\/chemi-3.com\/fr\/wp-json\/wp\/v2\/product_tag?post=27754"}],"curies":[{"name":"wp","href":"https:\/\/api.w.org\/{rel}","templated":true}]}}