{"id":27777,"date":"2021-11-05T13:05:31","date_gmt":"2021-11-05T17:05:31","guid":{"rendered":"https:\/\/chemi-3.com\/product\/distributeur-electronique-p-serviettes-roulees-serre-kimberly-clark-professional-noir-vendu-comme-un-article-individuel\/"},"modified":"2021-11-05T13:05:45","modified_gmt":"2021-11-05T17:05:45","slug":"distributeur-electronique-p-serviettes-roulees-serre-kimberly-clark-professional-noir-vendu-comme-un-article-individuel","status":"publish","type":"product","link":"https:\/\/chemi-3.com\/fr\/product\/distributeur-electronique-p-serviettes-roulees-serre-kimberly-clark-professional-noir-vendu-comme-un-article-individuel\/","title":{"rendered":"Distributeur \u00e9lectronique p. serviettes roul\u00e9es serr\u00e9 kimberly-clark professional, noir, vendu comme un article individuel"},"content":{"rendered":"<body><p>Le distributeur \u00e9lectronique de serviettes en rouleau serr\u00e9 Kimberly-Clark ProfessionalMC en noir r\u00e9duit l\u2019entretien des salles de toilettes gr\u00e2ce au concept de distribution de serviettes en rouleau \u00e0 montage mural. Il ne doit pas \u00eatre rempli fr\u00e9quemment et donne un rendement uniforme et fiable. Les visiteurs de votre salle de toilettes appr\u00e9cieront la distribution hygi\u00e9nique sans contact\u00a0: ils ne toucheront que la serviette qu\u2019ils utilisent. Avec 4\u00a0piles D (incluses) il distribuera 120\u00a0000\u00a0serviettes, soit l\u2019\u00e9quivalent de 60\u00a0000\u00a0s\u00e9chages de mains. C\u2019est tr\u00e8s utile pour r\u00e9duire le gaspillage, surtout dans une salle de toilettes \u00e0 grande circulation. Ce distributeur \u00e9lectronique sans contact a une grande capacit\u00e9, alors utilisez-le m\u00eame dans les environnements les plus achaland\u00e9s. Il est garanti \u00e0 99,9\u00a0% contre les blocages pour vous assurer de ne jamais manquer un s\u00e9chage de mains et de minimiser le risque de contamination crois\u00e9e. Il est pourvu d\u2019une porte d\u2019acc\u00e8s sans cl\u00e9 ou d\u2019une serrure \u00e0 ressort et \u00e0 cl\u00e9, d\u2019une poign\u00e9e d\u2019alimentation d\u2019urgence et d\u2019un rouleau de transfert pour minimiser le gaspillage. Ce produit a des dimensions de 12,7\u00a0po x 15,76\u00a0po x 9,57\u00a0po et est vendu comme un article individuel.<br>\nUnit\u00e9 de mesure : 1\/EA<\/p>\n<\/body>","protected":false},"excerpt":{"rendered":"<p>Le distributeur \u00e9lectronique de serviettes en rouleau serr\u00e9 Kimberly-Clark ProfessionalMC en noir r\u00e9duit l\u2019entretien des salles de toilettes gr\u00e2ce au concept de distribution de serviettes en rouleau \u00e0 montage mural. Il ne doit pas \u00eatre rempli fr\u00e9quemment et donne un rendement uniforme et fiable. Les visiteurs de votre salle de toilettes appr\u00e9cieront la distribution hygi\u00e9nique [&hellip;]<\/p>\n","protected":false},"featured_media":24049,"comment_status":"closed","ping_status":"open","template":"","meta":{"_et_pb_use_builder":"","_et_pb_old_content":"","_et_gb_content_width":""},"product_brand":[],"product_cat":[12832],"product_tag":[13934,13690,13617,13689],"class_list":{"0":"post-27777","1":"product","2":"type-product","3":"status-publish","4":"has-post-thumbnail","6":"product_cat-distributrices-dessuie-mains-enroules-serres","7":"product_tag-distributrices-dessuie-mains-enroules-serres","8":"product_tag-essuie-mains-en-rouleau","9":"product_tag-essuie-mains-papier-hygienique-et-lingettes","10":"product_tag-lingettes","11":"pa_country-of-origin-united-states","12":"pa_is-hazardous-material-non","13":"pa_product-colour-fumee","14":"pa_product-material-plastique","16":"first","17":"instock","18":"taxable","19":"shipping-taxable","20":"purchasable","21":"product-type-simple"},"yoast_head":"<!-- This site is optimized with the Yoast SEO plugin v27.4 - https:\/\/yoast.com\/product\/yoast-seo-wordpress\/ -->\n<title>Distributeur \u00e9lectronique p. serviettes roul\u00e9es serr\u00e9 kimberly-clark professional, noir, vendu comme un article individuel &#8211; Chemi-3 Inc.<\/title>\n<meta name=\"robots\" content=\"index, follow, max-snippet:-1, max-image-preview:large, max-video-preview:-1\" \/>\n<link rel=\"canonical\" href=\"https:\/\/chemi-3.com\/fr\/product\/distributeur-electronique-p-serviettes-roulees-serre-kimberly-clark-professional-noir-vendu-comme-un-article-individuel\/\" \/>\n<meta property=\"og:locale\" content=\"fr_CA\" \/>\n<meta property=\"og:type\" content=\"article\" \/>\n<meta property=\"og:title\" content=\"Distributeur \u00e9lectronique p. serviettes roul\u00e9es serr\u00e9 kimberly-clark professional, noir, vendu comme un article individuel &#8211; Chemi-3 Inc.\" \/>\n<meta property=\"og:description\" content=\"Le distributeur \u00e9lectronique de serviettes en rouleau serr\u00e9 Kimberly-Clark ProfessionalMC en noir r\u00e9duit l\u2019entretien des salles de toilettes gr\u00e2ce au concept de distribution de serviettes en rouleau \u00e0 montage mural. Il ne doit pas \u00eatre rempli fr\u00e9quemment et donne un rendement uniforme et fiable. Les visiteurs de votre salle de toilettes appr\u00e9cieront la distribution hygi\u00e9nique [&hellip;]\" \/>\n<meta property=\"og:url\" content=\"https:\/\/chemi-3.com\/fr\/product\/distributeur-electronique-p-serviettes-roulees-serre-kimberly-clark-professional-noir-vendu-comme-un-article-individuel\/\" \/>\n<meta property=\"og:site_name\" content=\"Chemi-3 Inc.\" \/>\n<meta property=\"article:publisher\" content=\"https:\/\/www.facebook.com\/chemi3inc\/\" \/>\n<meta property=\"article:modified_time\" content=\"2021-11-05T17:05:45+00:00\" \/>\n<meta property=\"og:image\" content=\"https:\/\/chemi-3.com\/wp-content\/uploads\/2021\/11\/15400686-48857-main-20210811023451-1.jpg\" \/>\n\t<meta property=\"og:image:width\" content=\"900\" \/>\n\t<meta property=\"og:image:height\" content=\"900\" \/>\n\t<meta property=\"og:image:type\" content=\"image\/jpeg\" \/>\n<meta name=\"twitter:card\" content=\"summary_large_image\" \/>\n<meta name=\"twitter:site\" content=\"@chemi3inc\" \/>\n<meta name=\"twitter:label1\" content=\"Estimation du temps de lecture\" \/>\n\t<meta name=\"twitter:data1\" content=\"1 minute\" \/>\n<script type=\"application\/ld+json\" class=\"yoast-schema-graph\">{\"@context\":\"https:\\\/\\\/schema.org\",\"@graph\":[{\"@type\":[\"WebPage\",\"ItemPage\"],\"@id\":\"https:\\\/\\\/chemi-3.com\\\/fr\\\/product\\\/distributeur-electronique-p-serviettes-roulees-serre-kimberly-clark-professional-noir-vendu-comme-un-article-individuel\\\/\",\"url\":\"https:\\\/\\\/chemi-3.com\\\/fr\\\/product\\\/distributeur-electronique-p-serviettes-roulees-serre-kimberly-clark-professional-noir-vendu-comme-un-article-individuel\\\/\",\"name\":\"Distributeur \u00e9lectronique p. serviettes roul\u00e9es serr\u00e9 kimberly-clark professional, noir, vendu comme un article individuel &#8211; Chemi-3 Inc.\",\"isPartOf\":{\"@id\":\"https:\\\/\\\/chemi-3.com\\\/fr\\\/#website\"},\"primaryImageOfPage\":{\"@id\":\"https:\\\/\\\/chemi-3.com\\\/fr\\\/product\\\/distributeur-electronique-p-serviettes-roulees-serre-kimberly-clark-professional-noir-vendu-comme-un-article-individuel\\\/#primaryimage\"},\"image\":{\"@id\":\"https:\\\/\\\/chemi-3.com\\\/fr\\\/product\\\/distributeur-electronique-p-serviettes-roulees-serre-kimberly-clark-professional-noir-vendu-comme-un-article-individuel\\\/#primaryimage\"},\"thumbnailUrl\":\"https:\\\/\\\/chemi-3.com\\\/wp-content\\\/uploads\\\/2021\\\/11\\\/15400686-48857-main-20210811023451-1.jpg\",\"datePublished\":\"2021-11-05T17:05:31+00:00\",\"dateModified\":\"2021-11-05T17:05:45+00:00\",\"breadcrumb\":{\"@id\":\"https:\\\/\\\/chemi-3.com\\\/fr\\\/product\\\/distributeur-electronique-p-serviettes-roulees-serre-kimberly-clark-professional-noir-vendu-comme-un-article-individuel\\\/#breadcrumb\"},\"inLanguage\":\"fr-CA\",\"potentialAction\":[{\"@type\":\"ReadAction\",\"target\":[\"https:\\\/\\\/chemi-3.com\\\/fr\\\/product\\\/distributeur-electronique-p-serviettes-roulees-serre-kimberly-clark-professional-noir-vendu-comme-un-article-individuel\\\/\"]}]},{\"@type\":\"ImageObject\",\"inLanguage\":\"fr-CA\",\"@id\":\"https:\\\/\\\/chemi-3.com\\\/fr\\\/product\\\/distributeur-electronique-p-serviettes-roulees-serre-kimberly-clark-professional-noir-vendu-comme-un-article-individuel\\\/#primaryimage\",\"url\":\"https:\\\/\\\/chemi-3.com\\\/wp-content\\\/uploads\\\/2021\\\/11\\\/15400686-48857-main-20210811023451-1.jpg\",\"contentUrl\":\"https:\\\/\\\/chemi-3.com\\\/wp-content\\\/uploads\\\/2021\\\/11\\\/15400686-48857-main-20210811023451-1.jpg\",\"width\":900,\"height\":900,\"caption\":\"Kimberly-Clark Professional\u2122 Electronic Hardwound Towel Dispenser\"},{\"@type\":\"BreadcrumbList\",\"@id\":\"https:\\\/\\\/chemi-3.com\\\/fr\\\/product\\\/distributeur-electronique-p-serviettes-roulees-serre-kimberly-clark-professional-noir-vendu-comme-un-article-individuel\\\/#breadcrumb\",\"itemListElement\":[{\"@type\":\"ListItem\",\"position\":1,\"name\":\"Home\",\"item\":\"https:\\\/\\\/chemi-3.com\\\/fr\\\/\"},{\"@type\":\"ListItem\",\"position\":2,\"name\":\"Produits\",\"item\":\"https:\\\/\\\/chemi-3.com\\\/fr\\\/shop\\\/\"},{\"@type\":\"ListItem\",\"position\":3,\"name\":\"Distributeur \u00e9lectronique p. serviettes roul\u00e9es serr\u00e9 kimberly-clark professional, noir, vendu comme un article individuel\"}]},{\"@type\":\"WebSite\",\"@id\":\"https:\\\/\\\/chemi-3.com\\\/fr\\\/#website\",\"url\":\"https:\\\/\\\/chemi-3.com\\\/fr\\\/\",\"name\":\"Chemi-3 Inc.\",\"description\":\"Montreal&#039;s premier distributor of janitorial, sanitary and commercial products.\",\"publisher\":{\"@id\":\"https:\\\/\\\/chemi-3.com\\\/fr\\\/#organization\"},\"potentialAction\":[{\"@type\":\"SearchAction\",\"target\":{\"@type\":\"EntryPoint\",\"urlTemplate\":\"https:\\\/\\\/chemi-3.com\\\/fr\\\/?s={search_term_string}\"},\"query-input\":{\"@type\":\"PropertyValueSpecification\",\"valueRequired\":true,\"valueName\":\"search_term_string\"}}],\"inLanguage\":\"fr-CA\"},{\"@type\":\"Organization\",\"@id\":\"https:\\\/\\\/chemi-3.com\\\/fr\\\/#organization\",\"name\":\"Chemi-3 Industries Inc.\",\"url\":\"https:\\\/\\\/chemi-3.com\\\/fr\\\/\",\"logo\":{\"@type\":\"ImageObject\",\"inLanguage\":\"fr-CA\",\"@id\":\"https:\\\/\\\/chemi-3.com\\\/fr\\\/#\\\/schema\\\/logo\\\/image\\\/\",\"url\":\"http:\\\/\\\/chemi-3.com\\\/wp-content\\\/uploads\\\/2021\\\/09\\\/Chemi3_logo_transparent_highres.png\",\"contentUrl\":\"http:\\\/\\\/chemi-3.com\\\/wp-content\\\/uploads\\\/2021\\\/09\\\/Chemi3_logo_transparent_highres.png\",\"width\":1000,\"height\":387,\"caption\":\"Chemi-3 Industries Inc.\"},\"image\":{\"@id\":\"https:\\\/\\\/chemi-3.com\\\/fr\\\/#\\\/schema\\\/logo\\\/image\\\/\"},\"sameAs\":[\"https:\\\/\\\/www.facebook.com\\\/chemi3inc\\\/\",\"https:\\\/\\\/x.com\\\/chemi3inc\",\"https:\\\/\\\/www.instagram.com\\\/chemi3inc\\\/\",\"https:\\\/\\\/www.linkedin.com\\\/company\\\/chemi3inc\"]}]}<\/script>\n<!-- \/ Yoast SEO plugin. -->","yoast_head_json":{"title":"Distributeur \u00e9lectronique p. serviettes roul\u00e9es serr\u00e9 kimberly-clark professional, noir, vendu comme un article individuel &#8211; Chemi-3 Inc.","robots":{"index":"index","follow":"follow","max-snippet":"max-snippet:-1","max-image-preview":"max-image-preview:large","max-video-preview":"max-video-preview:-1"},"canonical":"https:\/\/chemi-3.com\/fr\/product\/distributeur-electronique-p-serviettes-roulees-serre-kimberly-clark-professional-noir-vendu-comme-un-article-individuel\/","og_locale":"fr_CA","og_type":"article","og_title":"Distributeur \u00e9lectronique p. serviettes roul\u00e9es serr\u00e9 kimberly-clark professional, noir, vendu comme un article individuel &#8211; Chemi-3 Inc.","og_description":"Le distributeur \u00e9lectronique de serviettes en rouleau serr\u00e9 Kimberly-Clark ProfessionalMC en noir r\u00e9duit l\u2019entretien des salles de toilettes gr\u00e2ce au concept de distribution de serviettes en rouleau \u00e0 montage mural. Il ne doit pas \u00eatre rempli fr\u00e9quemment et donne un rendement uniforme et fiable. Les visiteurs de votre salle de toilettes appr\u00e9cieront la distribution hygi\u00e9nique [&hellip;]","og_url":"https:\/\/chemi-3.com\/fr\/product\/distributeur-electronique-p-serviettes-roulees-serre-kimberly-clark-professional-noir-vendu-comme-un-article-individuel\/","og_site_name":"Chemi-3 Inc.","article_publisher":"https:\/\/www.facebook.com\/chemi3inc\/","article_modified_time":"2021-11-05T17:05:45+00:00","og_image":[{"width":900,"height":900,"url":"https:\/\/chemi-3.com\/wp-content\/uploads\/2021\/11\/15400686-48857-main-20210811023451-1.jpg","type":"image\/jpeg"}],"twitter_card":"summary_large_image","twitter_site":"@chemi3inc","twitter_misc":{"Estimation du temps de lecture":"1 minute"},"schema":{"@context":"https:\/\/schema.org","@graph":[{"@type":["WebPage","ItemPage"],"@id":"https:\/\/chemi-3.com\/fr\/product\/distributeur-electronique-p-serviettes-roulees-serre-kimberly-clark-professional-noir-vendu-comme-un-article-individuel\/","url":"https:\/\/chemi-3.com\/fr\/product\/distributeur-electronique-p-serviettes-roulees-serre-kimberly-clark-professional-noir-vendu-comme-un-article-individuel\/","name":"Distributeur \u00e9lectronique p. serviettes roul\u00e9es serr\u00e9 kimberly-clark professional, noir, vendu comme un article individuel &#8211; Chemi-3 Inc.","isPartOf":{"@id":"https:\/\/chemi-3.com\/fr\/#website"},"primaryImageOfPage":{"@id":"https:\/\/chemi-3.com\/fr\/product\/distributeur-electronique-p-serviettes-roulees-serre-kimberly-clark-professional-noir-vendu-comme-un-article-individuel\/#primaryimage"},"image":{"@id":"https:\/\/chemi-3.com\/fr\/product\/distributeur-electronique-p-serviettes-roulees-serre-kimberly-clark-professional-noir-vendu-comme-un-article-individuel\/#primaryimage"},"thumbnailUrl":"https:\/\/chemi-3.com\/wp-content\/uploads\/2021\/11\/15400686-48857-main-20210811023451-1.jpg","datePublished":"2021-11-05T17:05:31+00:00","dateModified":"2021-11-05T17:05:45+00:00","breadcrumb":{"@id":"https:\/\/chemi-3.com\/fr\/product\/distributeur-electronique-p-serviettes-roulees-serre-kimberly-clark-professional-noir-vendu-comme-un-article-individuel\/#breadcrumb"},"inLanguage":"fr-CA","potentialAction":[{"@type":"ReadAction","target":["https:\/\/chemi-3.com\/fr\/product\/distributeur-electronique-p-serviettes-roulees-serre-kimberly-clark-professional-noir-vendu-comme-un-article-individuel\/"]}]},{"@type":"ImageObject","inLanguage":"fr-CA","@id":"https:\/\/chemi-3.com\/fr\/product\/distributeur-electronique-p-serviettes-roulees-serre-kimberly-clark-professional-noir-vendu-comme-un-article-individuel\/#primaryimage","url":"https:\/\/chemi-3.com\/wp-content\/uploads\/2021\/11\/15400686-48857-main-20210811023451-1.jpg","contentUrl":"https:\/\/chemi-3.com\/wp-content\/uploads\/2021\/11\/15400686-48857-main-20210811023451-1.jpg","width":900,"height":900,"caption":"Kimberly-Clark Professional\u2122 Electronic Hardwound Towel Dispenser"},{"@type":"BreadcrumbList","@id":"https:\/\/chemi-3.com\/fr\/product\/distributeur-electronique-p-serviettes-roulees-serre-kimberly-clark-professional-noir-vendu-comme-un-article-individuel\/#breadcrumb","itemListElement":[{"@type":"ListItem","position":1,"name":"Home","item":"https:\/\/chemi-3.com\/fr\/"},{"@type":"ListItem","position":2,"name":"Produits","item":"https:\/\/chemi-3.com\/fr\/shop\/"},{"@type":"ListItem","position":3,"name":"Distributeur \u00e9lectronique p. serviettes roul\u00e9es serr\u00e9 kimberly-clark professional, noir, vendu comme un article individuel"}]},{"@type":"WebSite","@id":"https:\/\/chemi-3.com\/fr\/#website","url":"https:\/\/chemi-3.com\/fr\/","name":"Chemi-3 Inc.","description":"Montreal&#039;s premier distributor of janitorial, sanitary and commercial products.","publisher":{"@id":"https:\/\/chemi-3.com\/fr\/#organization"},"potentialAction":[{"@type":"SearchAction","target":{"@type":"EntryPoint","urlTemplate":"https:\/\/chemi-3.com\/fr\/?s={search_term_string}"},"query-input":{"@type":"PropertyValueSpecification","valueRequired":true,"valueName":"search_term_string"}}],"inLanguage":"fr-CA"},{"@type":"Organization","@id":"https:\/\/chemi-3.com\/fr\/#organization","name":"Chemi-3 Industries Inc.","url":"https:\/\/chemi-3.com\/fr\/","logo":{"@type":"ImageObject","inLanguage":"fr-CA","@id":"https:\/\/chemi-3.com\/fr\/#\/schema\/logo\/image\/","url":"http:\/\/chemi-3.com\/wp-content\/uploads\/2021\/09\/Chemi3_logo_transparent_highres.png","contentUrl":"http:\/\/chemi-3.com\/wp-content\/uploads\/2021\/09\/Chemi3_logo_transparent_highres.png","width":1000,"height":387,"caption":"Chemi-3 Industries Inc."},"image":{"@id":"https:\/\/chemi-3.com\/fr\/#\/schema\/logo\/image\/"},"sameAs":["https:\/\/www.facebook.com\/chemi3inc\/","https:\/\/x.com\/chemi3inc","https:\/\/www.instagram.com\/chemi3inc\/","https:\/\/www.linkedin.com\/company\/chemi3inc"]}]}},"_links":{"self":[{"href":"https:\/\/chemi-3.com\/fr\/wp-json\/wp\/v2\/product\/27777","targetHints":{"allow":["GET"]}}],"collection":[{"href":"https:\/\/chemi-3.com\/fr\/wp-json\/wp\/v2\/product"}],"about":[{"href":"https:\/\/chemi-3.com\/fr\/wp-json\/wp\/v2\/types\/product"}],"replies":[{"embeddable":true,"href":"https:\/\/chemi-3.com\/fr\/wp-json\/wp\/v2\/comments?post=27777"}],"wp:featuredmedia":[{"embeddable":true,"href":"https:\/\/chemi-3.com\/fr\/wp-json\/wp\/v2\/media\/24049"}],"wp:attachment":[{"href":"https:\/\/chemi-3.com\/fr\/wp-json\/wp\/v2\/media?parent=27777"}],"wp:term":[{"taxonomy":"product_brand","embeddable":true,"href":"https:\/\/chemi-3.com\/fr\/wp-json\/wp\/v2\/product_brand?post=27777"},{"taxonomy":"product_cat","embeddable":true,"href":"https:\/\/chemi-3.com\/fr\/wp-json\/wp\/v2\/product_cat?post=27777"},{"taxonomy":"product_tag","embeddable":true,"href":"https:\/\/chemi-3.com\/fr\/wp-json\/wp\/v2\/product_tag?post=27777"}],"curies":[{"name":"wp","href":"https:\/\/api.w.org\/{rel}","templated":true}]}}