{"id":27790,"date":"2021-11-05T13:05:31","date_gmt":"2021-11-05T17:05:31","guid":{"rendered":"https:\/\/chemi-3.com\/product\/distributeur-manuel-p-serviettes-en-rouleau-serre-kimberly-clark-professional-blanc-vendu-comme-un-article-individuel\/"},"modified":"2021-11-05T13:05:49","modified_gmt":"2021-11-05T17:05:49","slug":"distributeur-manuel-p-serviettes-en-rouleau-serre-kimberly-clark-professional-blanc-vendu-comme-un-article-individuel","status":"publish","type":"product","link":"https:\/\/chemi-3.com\/fr\/product\/distributeur-manuel-p-serviettes-en-rouleau-serre-kimberly-clark-professional-blanc-vendu-comme-un-article-individuel\/","title":{"rendered":"Distributeur manuel p. serviettes en rouleau serr\u00e9 kimberly-clark professional, blanc, vendu comme un article individuel"},"content":{"rendered":"<body><p>Le distributeur manuel de serviettes en rouleau serr\u00e9 Kimberly-Clark ProfessionalMC Sanitouch\u00ae en blanc est un syst\u00e8me fiable et efficace de s\u00e9chage de mains id\u00e9al pour votre lieu de travail. Que vous ayez un emplacement de d\u00e9tail, de bureaux ou \u00e0 grande circulation, les visiteurs de vos salles de toilettes ne toucheront que la serviette qu\u2019ils utiliseront gr\u00e2ce au syst\u00e8me de distribution sans contact un \u00e0 la fois. Ce distributeur mural est fabriqu\u00e9 de plastique durable blanc, alors il convient au d\u00e9cor de toute salle de toilettes. Compatible avec les serviettes en rouleau serr\u00e9 de marques Kleenex\u00ae et Scott \u00e0 mandrin de 1,75\u00a0po, il distribue des serviettes de haute qualit\u00e9 qui favoriseront l\u2019efficacit\u00e9 de l\u2019entretien. Ce produit a des dimensions de 12,63\u00a0po x 16,13\u00a0po x 10,2\u00a0po et est vendu comme un article individuel.<br>\nUnit\u00e9 de mesure : 1\/EA<\/p>\n<\/body>","protected":false},"excerpt":{"rendered":"<p>Le distributeur manuel de serviettes en rouleau serr\u00e9 Kimberly-Clark ProfessionalMC Sanitouch\u00ae en blanc est un syst\u00e8me fiable et efficace de s\u00e9chage de mains id\u00e9al pour votre lieu de travail. Que vous ayez un emplacement de d\u00e9tail, de bureaux ou \u00e0 grande circulation, les visiteurs de vos salles de toilettes ne toucheront que la serviette qu\u2019ils [&hellip;]<\/p>\n","protected":false},"featured_media":24072,"comment_status":"closed","ping_status":"open","template":"","meta":{"_et_pb_use_builder":"","_et_pb_old_content":"","_et_gb_content_width":""},"product_brand":[],"product_cat":[12832],"product_tag":[13934,13690,13617,13689],"class_list":{"0":"post-27790","1":"product","2":"type-product","3":"status-publish","4":"has-post-thumbnail","6":"product_cat-distributrices-dessuie-mains-enroules-serres","7":"product_tag-distributrices-dessuie-mains-enroules-serres","8":"product_tag-essuie-mains-en-rouleau","9":"product_tag-essuie-mains-papier-hygienique-et-lingettes","10":"product_tag-lingettes","11":"pa_country-of-origin-mexique","12":"pa_is-hazardous-material-non","13":"pa_product-colour-blanc","14":"pa_product-material-plastique","16":"first","17":"instock","18":"taxable","19":"shipping-taxable","20":"purchasable","21":"product-type-simple"},"yoast_head":"<!-- This site is optimized with the Yoast SEO plugin v27.4 - https:\/\/yoast.com\/product\/yoast-seo-wordpress\/ -->\n<title>Distributeur manuel p. serviettes en rouleau serr\u00e9 kimberly-clark professional, blanc, vendu comme un article individuel &#8211; Chemi-3 Inc.<\/title>\n<meta name=\"robots\" content=\"index, follow, max-snippet:-1, max-image-preview:large, max-video-preview:-1\" \/>\n<link rel=\"canonical\" href=\"https:\/\/chemi-3.com\/fr\/product\/distributeur-manuel-p-serviettes-en-rouleau-serre-kimberly-clark-professional-blanc-vendu-comme-un-article-individuel\/\" \/>\n<meta property=\"og:locale\" content=\"fr_CA\" \/>\n<meta property=\"og:type\" content=\"article\" \/>\n<meta property=\"og:title\" content=\"Distributeur manuel p. serviettes en rouleau serr\u00e9 kimberly-clark professional, blanc, vendu comme un article individuel &#8211; Chemi-3 Inc.\" \/>\n<meta property=\"og:description\" content=\"Le distributeur manuel de serviettes en rouleau serr\u00e9 Kimberly-Clark ProfessionalMC Sanitouch\u00ae en blanc est un syst\u00e8me fiable et efficace de s\u00e9chage de mains id\u00e9al pour votre lieu de travail. Que vous ayez un emplacement de d\u00e9tail, de bureaux ou \u00e0 grande circulation, les visiteurs de vos salles de toilettes ne toucheront que la serviette qu\u2019ils [&hellip;]\" \/>\n<meta property=\"og:url\" content=\"https:\/\/chemi-3.com\/fr\/product\/distributeur-manuel-p-serviettes-en-rouleau-serre-kimberly-clark-professional-blanc-vendu-comme-un-article-individuel\/\" \/>\n<meta property=\"og:site_name\" content=\"Chemi-3 Inc.\" \/>\n<meta property=\"article:publisher\" content=\"https:\/\/www.facebook.com\/chemi3inc\/\" \/>\n<meta property=\"article:modified_time\" content=\"2021-11-05T17:05:49+00:00\" \/>\n<meta property=\"og:image\" content=\"https:\/\/chemi-3.com\/wp-content\/uploads\/2021\/11\/15409995-09995-main-20210811023451-1.jpg\" \/>\n\t<meta property=\"og:image:width\" content=\"900\" \/>\n\t<meta property=\"og:image:height\" content=\"900\" \/>\n\t<meta property=\"og:image:type\" content=\"image\/jpeg\" \/>\n<meta name=\"twitter:card\" content=\"summary_large_image\" \/>\n<meta name=\"twitter:site\" content=\"@chemi3inc\" \/>\n<meta name=\"twitter:label1\" content=\"Estimation du temps de lecture\" \/>\n\t<meta name=\"twitter:data1\" content=\"1 minute\" \/>\n<script type=\"application\/ld+json\" class=\"yoast-schema-graph\">{\"@context\":\"https:\\\/\\\/schema.org\",\"@graph\":[{\"@type\":[\"WebPage\",\"ItemPage\"],\"@id\":\"https:\\\/\\\/chemi-3.com\\\/fr\\\/product\\\/distributeur-manuel-p-serviettes-en-rouleau-serre-kimberly-clark-professional-blanc-vendu-comme-un-article-individuel\\\/\",\"url\":\"https:\\\/\\\/chemi-3.com\\\/fr\\\/product\\\/distributeur-manuel-p-serviettes-en-rouleau-serre-kimberly-clark-professional-blanc-vendu-comme-un-article-individuel\\\/\",\"name\":\"Distributeur manuel p. serviettes en rouleau serr\u00e9 kimberly-clark professional, blanc, vendu comme un article individuel &#8211; Chemi-3 Inc.\",\"isPartOf\":{\"@id\":\"https:\\\/\\\/chemi-3.com\\\/fr\\\/#website\"},\"primaryImageOfPage\":{\"@id\":\"https:\\\/\\\/chemi-3.com\\\/fr\\\/product\\\/distributeur-manuel-p-serviettes-en-rouleau-serre-kimberly-clark-professional-blanc-vendu-comme-un-article-individuel\\\/#primaryimage\"},\"image\":{\"@id\":\"https:\\\/\\\/chemi-3.com\\\/fr\\\/product\\\/distributeur-manuel-p-serviettes-en-rouleau-serre-kimberly-clark-professional-blanc-vendu-comme-un-article-individuel\\\/#primaryimage\"},\"thumbnailUrl\":\"https:\\\/\\\/chemi-3.com\\\/wp-content\\\/uploads\\\/2021\\\/11\\\/15409995-09995-main-20210811023451-1.jpg\",\"datePublished\":\"2021-11-05T17:05:31+00:00\",\"dateModified\":\"2021-11-05T17:05:49+00:00\",\"breadcrumb\":{\"@id\":\"https:\\\/\\\/chemi-3.com\\\/fr\\\/product\\\/distributeur-manuel-p-serviettes-en-rouleau-serre-kimberly-clark-professional-blanc-vendu-comme-un-article-individuel\\\/#breadcrumb\"},\"inLanguage\":\"fr-CA\",\"potentialAction\":[{\"@type\":\"ReadAction\",\"target\":[\"https:\\\/\\\/chemi-3.com\\\/fr\\\/product\\\/distributeur-manuel-p-serviettes-en-rouleau-serre-kimberly-clark-professional-blanc-vendu-comme-un-article-individuel\\\/\"]}]},{\"@type\":\"ImageObject\",\"inLanguage\":\"fr-CA\",\"@id\":\"https:\\\/\\\/chemi-3.com\\\/fr\\\/product\\\/distributeur-manuel-p-serviettes-en-rouleau-serre-kimberly-clark-professional-blanc-vendu-comme-un-article-individuel\\\/#primaryimage\",\"url\":\"https:\\\/\\\/chemi-3.com\\\/wp-content\\\/uploads\\\/2021\\\/11\\\/15409995-09995-main-20210811023451-1.jpg\",\"contentUrl\":\"https:\\\/\\\/chemi-3.com\\\/wp-content\\\/uploads\\\/2021\\\/11\\\/15409995-09995-main-20210811023451-1.jpg\",\"width\":900,\"height\":900,\"caption\":\"Kimberly-Clark Professional\u2122 Sanitouch\u00ae Manual Hard Roll Towel Dispenser\"},{\"@type\":\"BreadcrumbList\",\"@id\":\"https:\\\/\\\/chemi-3.com\\\/fr\\\/product\\\/distributeur-manuel-p-serviettes-en-rouleau-serre-kimberly-clark-professional-blanc-vendu-comme-un-article-individuel\\\/#breadcrumb\",\"itemListElement\":[{\"@type\":\"ListItem\",\"position\":1,\"name\":\"Home\",\"item\":\"https:\\\/\\\/chemi-3.com\\\/fr\\\/\"},{\"@type\":\"ListItem\",\"position\":2,\"name\":\"Produits\",\"item\":\"https:\\\/\\\/chemi-3.com\\\/fr\\\/shop\\\/\"},{\"@type\":\"ListItem\",\"position\":3,\"name\":\"Distributeur manuel p. serviettes en rouleau serr\u00e9 kimberly-clark professional, blanc, vendu comme un article individuel\"}]},{\"@type\":\"WebSite\",\"@id\":\"https:\\\/\\\/chemi-3.com\\\/fr\\\/#website\",\"url\":\"https:\\\/\\\/chemi-3.com\\\/fr\\\/\",\"name\":\"Chemi-3 Inc.\",\"description\":\"Montreal&#039;s premier distributor of janitorial, sanitary and commercial products.\",\"publisher\":{\"@id\":\"https:\\\/\\\/chemi-3.com\\\/fr\\\/#organization\"},\"potentialAction\":[{\"@type\":\"SearchAction\",\"target\":{\"@type\":\"EntryPoint\",\"urlTemplate\":\"https:\\\/\\\/chemi-3.com\\\/fr\\\/?s={search_term_string}\"},\"query-input\":{\"@type\":\"PropertyValueSpecification\",\"valueRequired\":true,\"valueName\":\"search_term_string\"}}],\"inLanguage\":\"fr-CA\"},{\"@type\":\"Organization\",\"@id\":\"https:\\\/\\\/chemi-3.com\\\/fr\\\/#organization\",\"name\":\"Chemi-3 Industries Inc.\",\"url\":\"https:\\\/\\\/chemi-3.com\\\/fr\\\/\",\"logo\":{\"@type\":\"ImageObject\",\"inLanguage\":\"fr-CA\",\"@id\":\"https:\\\/\\\/chemi-3.com\\\/fr\\\/#\\\/schema\\\/logo\\\/image\\\/\",\"url\":\"http:\\\/\\\/chemi-3.com\\\/wp-content\\\/uploads\\\/2021\\\/09\\\/Chemi3_logo_transparent_highres.png\",\"contentUrl\":\"http:\\\/\\\/chemi-3.com\\\/wp-content\\\/uploads\\\/2021\\\/09\\\/Chemi3_logo_transparent_highres.png\",\"width\":1000,\"height\":387,\"caption\":\"Chemi-3 Industries Inc.\"},\"image\":{\"@id\":\"https:\\\/\\\/chemi-3.com\\\/fr\\\/#\\\/schema\\\/logo\\\/image\\\/\"},\"sameAs\":[\"https:\\\/\\\/www.facebook.com\\\/chemi3inc\\\/\",\"https:\\\/\\\/x.com\\\/chemi3inc\",\"https:\\\/\\\/www.instagram.com\\\/chemi3inc\\\/\",\"https:\\\/\\\/www.linkedin.com\\\/company\\\/chemi3inc\"]}]}<\/script>\n<!-- \/ Yoast SEO plugin. -->","yoast_head_json":{"title":"Distributeur manuel p. serviettes en rouleau serr\u00e9 kimberly-clark professional, blanc, vendu comme un article individuel &#8211; Chemi-3 Inc.","robots":{"index":"index","follow":"follow","max-snippet":"max-snippet:-1","max-image-preview":"max-image-preview:large","max-video-preview":"max-video-preview:-1"},"canonical":"https:\/\/chemi-3.com\/fr\/product\/distributeur-manuel-p-serviettes-en-rouleau-serre-kimberly-clark-professional-blanc-vendu-comme-un-article-individuel\/","og_locale":"fr_CA","og_type":"article","og_title":"Distributeur manuel p. serviettes en rouleau serr\u00e9 kimberly-clark professional, blanc, vendu comme un article individuel &#8211; Chemi-3 Inc.","og_description":"Le distributeur manuel de serviettes en rouleau serr\u00e9 Kimberly-Clark ProfessionalMC Sanitouch\u00ae en blanc est un syst\u00e8me fiable et efficace de s\u00e9chage de mains id\u00e9al pour votre lieu de travail. Que vous ayez un emplacement de d\u00e9tail, de bureaux ou \u00e0 grande circulation, les visiteurs de vos salles de toilettes ne toucheront que la serviette qu\u2019ils [&hellip;]","og_url":"https:\/\/chemi-3.com\/fr\/product\/distributeur-manuel-p-serviettes-en-rouleau-serre-kimberly-clark-professional-blanc-vendu-comme-un-article-individuel\/","og_site_name":"Chemi-3 Inc.","article_publisher":"https:\/\/www.facebook.com\/chemi3inc\/","article_modified_time":"2021-11-05T17:05:49+00:00","og_image":[{"width":900,"height":900,"url":"https:\/\/chemi-3.com\/wp-content\/uploads\/2021\/11\/15409995-09995-main-20210811023451-1.jpg","type":"image\/jpeg"}],"twitter_card":"summary_large_image","twitter_site":"@chemi3inc","twitter_misc":{"Estimation du temps de lecture":"1 minute"},"schema":{"@context":"https:\/\/schema.org","@graph":[{"@type":["WebPage","ItemPage"],"@id":"https:\/\/chemi-3.com\/fr\/product\/distributeur-manuel-p-serviettes-en-rouleau-serre-kimberly-clark-professional-blanc-vendu-comme-un-article-individuel\/","url":"https:\/\/chemi-3.com\/fr\/product\/distributeur-manuel-p-serviettes-en-rouleau-serre-kimberly-clark-professional-blanc-vendu-comme-un-article-individuel\/","name":"Distributeur manuel p. serviettes en rouleau serr\u00e9 kimberly-clark professional, blanc, vendu comme un article individuel &#8211; Chemi-3 Inc.","isPartOf":{"@id":"https:\/\/chemi-3.com\/fr\/#website"},"primaryImageOfPage":{"@id":"https:\/\/chemi-3.com\/fr\/product\/distributeur-manuel-p-serviettes-en-rouleau-serre-kimberly-clark-professional-blanc-vendu-comme-un-article-individuel\/#primaryimage"},"image":{"@id":"https:\/\/chemi-3.com\/fr\/product\/distributeur-manuel-p-serviettes-en-rouleau-serre-kimberly-clark-professional-blanc-vendu-comme-un-article-individuel\/#primaryimage"},"thumbnailUrl":"https:\/\/chemi-3.com\/wp-content\/uploads\/2021\/11\/15409995-09995-main-20210811023451-1.jpg","datePublished":"2021-11-05T17:05:31+00:00","dateModified":"2021-11-05T17:05:49+00:00","breadcrumb":{"@id":"https:\/\/chemi-3.com\/fr\/product\/distributeur-manuel-p-serviettes-en-rouleau-serre-kimberly-clark-professional-blanc-vendu-comme-un-article-individuel\/#breadcrumb"},"inLanguage":"fr-CA","potentialAction":[{"@type":"ReadAction","target":["https:\/\/chemi-3.com\/fr\/product\/distributeur-manuel-p-serviettes-en-rouleau-serre-kimberly-clark-professional-blanc-vendu-comme-un-article-individuel\/"]}]},{"@type":"ImageObject","inLanguage":"fr-CA","@id":"https:\/\/chemi-3.com\/fr\/product\/distributeur-manuel-p-serviettes-en-rouleau-serre-kimberly-clark-professional-blanc-vendu-comme-un-article-individuel\/#primaryimage","url":"https:\/\/chemi-3.com\/wp-content\/uploads\/2021\/11\/15409995-09995-main-20210811023451-1.jpg","contentUrl":"https:\/\/chemi-3.com\/wp-content\/uploads\/2021\/11\/15409995-09995-main-20210811023451-1.jpg","width":900,"height":900,"caption":"Kimberly-Clark Professional\u2122 Sanitouch\u00ae Manual Hard Roll Towel Dispenser"},{"@type":"BreadcrumbList","@id":"https:\/\/chemi-3.com\/fr\/product\/distributeur-manuel-p-serviettes-en-rouleau-serre-kimberly-clark-professional-blanc-vendu-comme-un-article-individuel\/#breadcrumb","itemListElement":[{"@type":"ListItem","position":1,"name":"Home","item":"https:\/\/chemi-3.com\/fr\/"},{"@type":"ListItem","position":2,"name":"Produits","item":"https:\/\/chemi-3.com\/fr\/shop\/"},{"@type":"ListItem","position":3,"name":"Distributeur manuel p. serviettes en rouleau serr\u00e9 kimberly-clark professional, blanc, vendu comme un article individuel"}]},{"@type":"WebSite","@id":"https:\/\/chemi-3.com\/fr\/#website","url":"https:\/\/chemi-3.com\/fr\/","name":"Chemi-3 Inc.","description":"Montreal&#039;s premier distributor of janitorial, sanitary and commercial products.","publisher":{"@id":"https:\/\/chemi-3.com\/fr\/#organization"},"potentialAction":[{"@type":"SearchAction","target":{"@type":"EntryPoint","urlTemplate":"https:\/\/chemi-3.com\/fr\/?s={search_term_string}"},"query-input":{"@type":"PropertyValueSpecification","valueRequired":true,"valueName":"search_term_string"}}],"inLanguage":"fr-CA"},{"@type":"Organization","@id":"https:\/\/chemi-3.com\/fr\/#organization","name":"Chemi-3 Industries Inc.","url":"https:\/\/chemi-3.com\/fr\/","logo":{"@type":"ImageObject","inLanguage":"fr-CA","@id":"https:\/\/chemi-3.com\/fr\/#\/schema\/logo\/image\/","url":"http:\/\/chemi-3.com\/wp-content\/uploads\/2021\/09\/Chemi3_logo_transparent_highres.png","contentUrl":"http:\/\/chemi-3.com\/wp-content\/uploads\/2021\/09\/Chemi3_logo_transparent_highres.png","width":1000,"height":387,"caption":"Chemi-3 Industries Inc."},"image":{"@id":"https:\/\/chemi-3.com\/fr\/#\/schema\/logo\/image\/"},"sameAs":["https:\/\/www.facebook.com\/chemi3inc\/","https:\/\/x.com\/chemi3inc","https:\/\/www.instagram.com\/chemi3inc\/","https:\/\/www.linkedin.com\/company\/chemi3inc"]}]}},"_links":{"self":[{"href":"https:\/\/chemi-3.com\/fr\/wp-json\/wp\/v2\/product\/27790","targetHints":{"allow":["GET"]}}],"collection":[{"href":"https:\/\/chemi-3.com\/fr\/wp-json\/wp\/v2\/product"}],"about":[{"href":"https:\/\/chemi-3.com\/fr\/wp-json\/wp\/v2\/types\/product"}],"replies":[{"embeddable":true,"href":"https:\/\/chemi-3.com\/fr\/wp-json\/wp\/v2\/comments?post=27790"}],"wp:featuredmedia":[{"embeddable":true,"href":"https:\/\/chemi-3.com\/fr\/wp-json\/wp\/v2\/media\/24072"}],"wp:attachment":[{"href":"https:\/\/chemi-3.com\/fr\/wp-json\/wp\/v2\/media?parent=27790"}],"wp:term":[{"taxonomy":"product_brand","embeddable":true,"href":"https:\/\/chemi-3.com\/fr\/wp-json\/wp\/v2\/product_brand?post=27790"},{"taxonomy":"product_cat","embeddable":true,"href":"https:\/\/chemi-3.com\/fr\/wp-json\/wp\/v2\/product_cat?post=27790"},{"taxonomy":"product_tag","embeddable":true,"href":"https:\/\/chemi-3.com\/fr\/wp-json\/wp\/v2\/product_tag?post=27790"}],"curies":[{"name":"wp","href":"https:\/\/api.w.org\/{rel}","templated":true}]}}