{"id":27802,"date":"2021-11-05T13:05:31","date_gmt":"2021-11-05T17:05:31","guid":{"rendered":"https:\/\/chemi-3.com\/product\/distributrice-manuelle-dessuie-mains-en-rouleau-dur-scott-essential\/"},"modified":"2021-11-05T13:05:53","modified_gmt":"2021-11-05T17:05:53","slug":"distributrice-manuelle-dessuie-mains-en-rouleau-dur-scott-essential","status":"publish","type":"product","link":"https:\/\/chemi-3.com\/fr\/product\/distributrice-manuelle-dessuie-mains-en-rouleau-dur-scott-essential\/","title":{"rendered":"Distributrice manuelle d\u2019essuie-mains en rouleau dur scott\u00ae\u00a0essential"},"content":{"rendered":"<body><p>Scott\u00a0Essential repr\u00e9sente un bon \u00e9quilibre entre l\u2019efficacit\u00e9, le rendement et la valeur. Vous avez des choses bien plus importantes \u00e0 faire que de vous inqui\u00e9ter pour des essuie-mains. Vous pouvez donc faire confiance au syst\u00e8me de distribution d\u2019essuie-mains Scott\u00a0Essential. Premier syst\u00e8me de la marque Scott\u00a0Essential, cette solution simple vous permet de poursuivre vos activit\u00e9s dans un monde tr\u00e9pidant et effr\u00e9n\u00e9. La distributrice manuelle d\u2019essuie-mains (sans pile) est l\u2019une de celles dont les rouleaux se changent le plus rapidement sur le march\u00e9\u00a0\u2013 vous procurant jusqu\u2019\u00e0 sept\u00a0jours par ann\u00e9e d\u2019\u00e9conomies de main-d\u2019\u0153uvre. La distributrice est \u00e9galement offerte en version \u00e9lectronique. Le couvercle est durable, incassable et transparent afin que vous puissiez v\u00e9rifier le niveau d\u2019approvisionnement sans ouvrir la distributrice. Elle est conforme aux normes de l\u2019ADA lorsqu\u2019elle est install\u00e9e correctement et utilis\u00e9e avec les essuie-mains recommand\u00e9s. Le syst\u00e8me de distribution d\u2019essuie-mains Scott\u00a0Essential est garanti \u00e0 vie et est con\u00e7u pour vous permettre d\u2019\u00e9conomiser temps et argent, tout en r\u00e9duisant les interruptions ou les plaintes des utilisateurs. Il vous lib\u00e8re des pr\u00e9occupations li\u00e9es \u00e0 la distribution d\u2019essuie-mains afin que vous puissiez concentrer vos efforts sur des choses plus importantes.<br>\nUnit\u00e9 de mesure : 1\/EA<\/p>\n<\/body>","protected":false},"excerpt":{"rendered":"<p>Scott\u00a0Essential repr\u00e9sente un bon \u00e9quilibre entre l\u2019efficacit\u00e9, le rendement et la valeur. Vous avez des choses bien plus importantes \u00e0 faire que de vous inqui\u00e9ter pour des essuie-mains. Vous pouvez donc faire confiance au syst\u00e8me de distribution d\u2019essuie-mains Scott\u00a0Essential. Premier syst\u00e8me de la marque Scott\u00a0Essential, cette solution simple vous permet de poursuivre vos activit\u00e9s dans [&hellip;]<\/p>\n","protected":false},"featured_media":24094,"comment_status":"closed","ping_status":"open","template":"","meta":{"_et_pb_use_builder":"","_et_pb_old_content":"","_et_gb_content_width":""},"product_brand":[],"product_cat":[12832],"product_tag":[13934,13690,13617,13689],"class_list":{"0":"post-27802","1":"product","2":"type-product","3":"status-publish","4":"has-post-thumbnail","6":"product_cat-distributrices-dessuie-mains-enroules-serres","7":"product_tag-distributrices-dessuie-mains-enroules-serres","8":"product_tag-essuie-mains-en-rouleau","9":"product_tag-essuie-mains-papier-hygienique-et-lingettes","10":"product_tag-lingettes","11":"pa_country-of-origin-united-states","12":"pa_is-hazardous-material-non","13":"pa_product-material-plastique","15":"first","16":"instock","17":"taxable","18":"shipping-taxable","19":"purchasable","20":"product-type-simple"},"yoast_head":"<!-- This site is optimized with the Yoast SEO plugin v27.5 - https:\/\/yoast.com\/product\/yoast-seo-wordpress\/ -->\n<title>Distributrice manuelle d\u2019essuie-mains en rouleau dur scott\u00ae\u00a0essential &#8211; Chemi-3 Inc.<\/title>\n<meta name=\"robots\" content=\"index, follow, max-snippet:-1, max-image-preview:large, max-video-preview:-1\" \/>\n<link rel=\"canonical\" href=\"https:\/\/chemi-3.com\/fr\/product\/distributrice-manuelle-dessuie-mains-en-rouleau-dur-scott-essential\/\" \/>\n<meta property=\"og:locale\" content=\"fr_CA\" \/>\n<meta property=\"og:type\" content=\"article\" \/>\n<meta property=\"og:title\" content=\"Distributrice manuelle d\u2019essuie-mains en rouleau dur scott\u00ae\u00a0essential &#8211; Chemi-3 Inc.\" \/>\n<meta property=\"og:description\" content=\"Scott\u00a0Essential repr\u00e9sente un bon \u00e9quilibre entre l\u2019efficacit\u00e9, le rendement et la valeur. Vous avez des choses bien plus importantes \u00e0 faire que de vous inqui\u00e9ter pour des essuie-mains. Vous pouvez donc faire confiance au syst\u00e8me de distribution d\u2019essuie-mains Scott\u00a0Essential. Premier syst\u00e8me de la marque Scott\u00a0Essential, cette solution simple vous permet de poursuivre vos activit\u00e9s dans [&hellip;]\" \/>\n<meta property=\"og:url\" content=\"https:\/\/chemi-3.com\/fr\/product\/distributrice-manuelle-dessuie-mains-en-rouleau-dur-scott-essential\/\" \/>\n<meta property=\"og:site_name\" content=\"Chemi-3 Inc.\" \/>\n<meta property=\"article:publisher\" content=\"https:\/\/www.facebook.com\/chemi3inc\/\" \/>\n<meta property=\"article:modified_time\" content=\"2021-11-05T17:05:53+00:00\" \/>\n<meta property=\"og:image\" content=\"https:\/\/chemi-3.com\/wp-content\/uploads\/2021\/11\/154002551-20210902030407-1.jpg\" \/>\n\t<meta property=\"og:image:width\" content=\"900\" \/>\n\t<meta property=\"og:image:height\" content=\"900\" \/>\n\t<meta property=\"og:image:type\" content=\"image\/jpeg\" \/>\n<meta name=\"twitter:card\" content=\"summary_large_image\" \/>\n<meta name=\"twitter:site\" content=\"@chemi3inc\" \/>\n<meta name=\"twitter:label1\" content=\"Estimation du temps de lecture\" \/>\n\t<meta name=\"twitter:data1\" content=\"1 minute\" \/>\n<script type=\"application\/ld+json\" class=\"yoast-schema-graph\">{\"@context\":\"https:\\\/\\\/schema.org\",\"@graph\":[{\"@type\":[\"WebPage\",\"ItemPage\"],\"@id\":\"https:\\\/\\\/chemi-3.com\\\/fr\\\/product\\\/distributrice-manuelle-dessuie-mains-en-rouleau-dur-scott-essential\\\/\",\"url\":\"https:\\\/\\\/chemi-3.com\\\/fr\\\/product\\\/distributrice-manuelle-dessuie-mains-en-rouleau-dur-scott-essential\\\/\",\"name\":\"Distributrice manuelle d\u2019essuie-mains en rouleau dur scott\u00ae\u00a0essential &#8211; Chemi-3 Inc.\",\"isPartOf\":{\"@id\":\"https:\\\/\\\/chemi-3.com\\\/fr\\\/#website\"},\"primaryImageOfPage\":{\"@id\":\"https:\\\/\\\/chemi-3.com\\\/fr\\\/product\\\/distributrice-manuelle-dessuie-mains-en-rouleau-dur-scott-essential\\\/#primaryimage\"},\"image\":{\"@id\":\"https:\\\/\\\/chemi-3.com\\\/fr\\\/product\\\/distributrice-manuelle-dessuie-mains-en-rouleau-dur-scott-essential\\\/#primaryimage\"},\"thumbnailUrl\":\"https:\\\/\\\/chemi-3.com\\\/wp-content\\\/uploads\\\/2021\\\/11\\\/154002551-20210902030407-1.jpg\",\"datePublished\":\"2021-11-05T17:05:31+00:00\",\"dateModified\":\"2021-11-05T17:05:53+00:00\",\"breadcrumb\":{\"@id\":\"https:\\\/\\\/chemi-3.com\\\/fr\\\/product\\\/distributrice-manuelle-dessuie-mains-en-rouleau-dur-scott-essential\\\/#breadcrumb\"},\"inLanguage\":\"fr-CA\",\"potentialAction\":[{\"@type\":\"ReadAction\",\"target\":[\"https:\\\/\\\/chemi-3.com\\\/fr\\\/product\\\/distributrice-manuelle-dessuie-mains-en-rouleau-dur-scott-essential\\\/\"]}]},{\"@type\":\"ImageObject\",\"inLanguage\":\"fr-CA\",\"@id\":\"https:\\\/\\\/chemi-3.com\\\/fr\\\/product\\\/distributrice-manuelle-dessuie-mains-en-rouleau-dur-scott-essential\\\/#primaryimage\",\"url\":\"https:\\\/\\\/chemi-3.com\\\/wp-content\\\/uploads\\\/2021\\\/11\\\/154002551-20210902030407-1.jpg\",\"contentUrl\":\"https:\\\/\\\/chemi-3.com\\\/wp-content\\\/uploads\\\/2021\\\/11\\\/154002551-20210902030407-1.jpg\",\"width\":900,\"height\":900,\"caption\":\"Scott Essential Hard Roll Paper Towel Dispenser (46253)\"},{\"@type\":\"BreadcrumbList\",\"@id\":\"https:\\\/\\\/chemi-3.com\\\/fr\\\/product\\\/distributrice-manuelle-dessuie-mains-en-rouleau-dur-scott-essential\\\/#breadcrumb\",\"itemListElement\":[{\"@type\":\"ListItem\",\"position\":1,\"name\":\"Home\",\"item\":\"https:\\\/\\\/chemi-3.com\\\/fr\\\/\"},{\"@type\":\"ListItem\",\"position\":2,\"name\":\"Produits\",\"item\":\"https:\\\/\\\/chemi-3.com\\\/fr\\\/shop\\\/\"},{\"@type\":\"ListItem\",\"position\":3,\"name\":\"Distributrice manuelle d\u2019essuie-mains en rouleau dur scott\u00ae\u00a0essential\"}]},{\"@type\":\"WebSite\",\"@id\":\"https:\\\/\\\/chemi-3.com\\\/fr\\\/#website\",\"url\":\"https:\\\/\\\/chemi-3.com\\\/fr\\\/\",\"name\":\"Chemi-3 Inc.\",\"description\":\"Montreal&#039;s premier distributor of janitorial, sanitary and commercial products.\",\"publisher\":{\"@id\":\"https:\\\/\\\/chemi-3.com\\\/fr\\\/#organization\"},\"potentialAction\":[{\"@type\":\"SearchAction\",\"target\":{\"@type\":\"EntryPoint\",\"urlTemplate\":\"https:\\\/\\\/chemi-3.com\\\/fr\\\/?s={search_term_string}\"},\"query-input\":{\"@type\":\"PropertyValueSpecification\",\"valueRequired\":true,\"valueName\":\"search_term_string\"}}],\"inLanguage\":\"fr-CA\"},{\"@type\":\"Organization\",\"@id\":\"https:\\\/\\\/chemi-3.com\\\/fr\\\/#organization\",\"name\":\"Chemi-3 Industries Inc.\",\"url\":\"https:\\\/\\\/chemi-3.com\\\/fr\\\/\",\"logo\":{\"@type\":\"ImageObject\",\"inLanguage\":\"fr-CA\",\"@id\":\"https:\\\/\\\/chemi-3.com\\\/fr\\\/#\\\/schema\\\/logo\\\/image\\\/\",\"url\":\"http:\\\/\\\/chemi-3.com\\\/wp-content\\\/uploads\\\/2021\\\/09\\\/Chemi3_logo_transparent_highres.png\",\"contentUrl\":\"http:\\\/\\\/chemi-3.com\\\/wp-content\\\/uploads\\\/2021\\\/09\\\/Chemi3_logo_transparent_highres.png\",\"width\":1000,\"height\":387,\"caption\":\"Chemi-3 Industries Inc.\"},\"image\":{\"@id\":\"https:\\\/\\\/chemi-3.com\\\/fr\\\/#\\\/schema\\\/logo\\\/image\\\/\"},\"sameAs\":[\"https:\\\/\\\/www.facebook.com\\\/chemi3inc\\\/\",\"https:\\\/\\\/x.com\\\/chemi3inc\",\"https:\\\/\\\/www.instagram.com\\\/chemi3inc\\\/\",\"https:\\\/\\\/www.linkedin.com\\\/company\\\/chemi3inc\"]}]}<\/script>\n<!-- \/ Yoast SEO plugin. -->","yoast_head_json":{"title":"Distributrice manuelle d\u2019essuie-mains en rouleau dur scott\u00ae\u00a0essential &#8211; Chemi-3 Inc.","robots":{"index":"index","follow":"follow","max-snippet":"max-snippet:-1","max-image-preview":"max-image-preview:large","max-video-preview":"max-video-preview:-1"},"canonical":"https:\/\/chemi-3.com\/fr\/product\/distributrice-manuelle-dessuie-mains-en-rouleau-dur-scott-essential\/","og_locale":"fr_CA","og_type":"article","og_title":"Distributrice manuelle d\u2019essuie-mains en rouleau dur scott\u00ae\u00a0essential &#8211; Chemi-3 Inc.","og_description":"Scott\u00a0Essential repr\u00e9sente un bon \u00e9quilibre entre l\u2019efficacit\u00e9, le rendement et la valeur. Vous avez des choses bien plus importantes \u00e0 faire que de vous inqui\u00e9ter pour des essuie-mains. Vous pouvez donc faire confiance au syst\u00e8me de distribution d\u2019essuie-mains Scott\u00a0Essential. Premier syst\u00e8me de la marque Scott\u00a0Essential, cette solution simple vous permet de poursuivre vos activit\u00e9s dans [&hellip;]","og_url":"https:\/\/chemi-3.com\/fr\/product\/distributrice-manuelle-dessuie-mains-en-rouleau-dur-scott-essential\/","og_site_name":"Chemi-3 Inc.","article_publisher":"https:\/\/www.facebook.com\/chemi3inc\/","article_modified_time":"2021-11-05T17:05:53+00:00","og_image":[{"width":900,"height":900,"url":"https:\/\/chemi-3.com\/wp-content\/uploads\/2021\/11\/154002551-20210902030407-1.jpg","type":"image\/jpeg"}],"twitter_card":"summary_large_image","twitter_site":"@chemi3inc","twitter_misc":{"Estimation du temps de lecture":"1 minute"},"schema":{"@context":"https:\/\/schema.org","@graph":[{"@type":["WebPage","ItemPage"],"@id":"https:\/\/chemi-3.com\/fr\/product\/distributrice-manuelle-dessuie-mains-en-rouleau-dur-scott-essential\/","url":"https:\/\/chemi-3.com\/fr\/product\/distributrice-manuelle-dessuie-mains-en-rouleau-dur-scott-essential\/","name":"Distributrice manuelle d\u2019essuie-mains en rouleau dur scott\u00ae\u00a0essential &#8211; Chemi-3 Inc.","isPartOf":{"@id":"https:\/\/chemi-3.com\/fr\/#website"},"primaryImageOfPage":{"@id":"https:\/\/chemi-3.com\/fr\/product\/distributrice-manuelle-dessuie-mains-en-rouleau-dur-scott-essential\/#primaryimage"},"image":{"@id":"https:\/\/chemi-3.com\/fr\/product\/distributrice-manuelle-dessuie-mains-en-rouleau-dur-scott-essential\/#primaryimage"},"thumbnailUrl":"https:\/\/chemi-3.com\/wp-content\/uploads\/2021\/11\/154002551-20210902030407-1.jpg","datePublished":"2021-11-05T17:05:31+00:00","dateModified":"2021-11-05T17:05:53+00:00","breadcrumb":{"@id":"https:\/\/chemi-3.com\/fr\/product\/distributrice-manuelle-dessuie-mains-en-rouleau-dur-scott-essential\/#breadcrumb"},"inLanguage":"fr-CA","potentialAction":[{"@type":"ReadAction","target":["https:\/\/chemi-3.com\/fr\/product\/distributrice-manuelle-dessuie-mains-en-rouleau-dur-scott-essential\/"]}]},{"@type":"ImageObject","inLanguage":"fr-CA","@id":"https:\/\/chemi-3.com\/fr\/product\/distributrice-manuelle-dessuie-mains-en-rouleau-dur-scott-essential\/#primaryimage","url":"https:\/\/chemi-3.com\/wp-content\/uploads\/2021\/11\/154002551-20210902030407-1.jpg","contentUrl":"https:\/\/chemi-3.com\/wp-content\/uploads\/2021\/11\/154002551-20210902030407-1.jpg","width":900,"height":900,"caption":"Scott Essential Hard Roll Paper Towel Dispenser (46253)"},{"@type":"BreadcrumbList","@id":"https:\/\/chemi-3.com\/fr\/product\/distributrice-manuelle-dessuie-mains-en-rouleau-dur-scott-essential\/#breadcrumb","itemListElement":[{"@type":"ListItem","position":1,"name":"Home","item":"https:\/\/chemi-3.com\/fr\/"},{"@type":"ListItem","position":2,"name":"Produits","item":"https:\/\/chemi-3.com\/fr\/shop\/"},{"@type":"ListItem","position":3,"name":"Distributrice manuelle d\u2019essuie-mains en rouleau dur scott\u00ae\u00a0essential"}]},{"@type":"WebSite","@id":"https:\/\/chemi-3.com\/fr\/#website","url":"https:\/\/chemi-3.com\/fr\/","name":"Chemi-3 Inc.","description":"Montreal&#039;s premier distributor of janitorial, sanitary and commercial products.","publisher":{"@id":"https:\/\/chemi-3.com\/fr\/#organization"},"potentialAction":[{"@type":"SearchAction","target":{"@type":"EntryPoint","urlTemplate":"https:\/\/chemi-3.com\/fr\/?s={search_term_string}"},"query-input":{"@type":"PropertyValueSpecification","valueRequired":true,"valueName":"search_term_string"}}],"inLanguage":"fr-CA"},{"@type":"Organization","@id":"https:\/\/chemi-3.com\/fr\/#organization","name":"Chemi-3 Industries Inc.","url":"https:\/\/chemi-3.com\/fr\/","logo":{"@type":"ImageObject","inLanguage":"fr-CA","@id":"https:\/\/chemi-3.com\/fr\/#\/schema\/logo\/image\/","url":"http:\/\/chemi-3.com\/wp-content\/uploads\/2021\/09\/Chemi3_logo_transparent_highres.png","contentUrl":"http:\/\/chemi-3.com\/wp-content\/uploads\/2021\/09\/Chemi3_logo_transparent_highres.png","width":1000,"height":387,"caption":"Chemi-3 Industries Inc."},"image":{"@id":"https:\/\/chemi-3.com\/fr\/#\/schema\/logo\/image\/"},"sameAs":["https:\/\/www.facebook.com\/chemi3inc\/","https:\/\/x.com\/chemi3inc","https:\/\/www.instagram.com\/chemi3inc\/","https:\/\/www.linkedin.com\/company\/chemi3inc"]}]}},"_links":{"self":[{"href":"https:\/\/chemi-3.com\/fr\/wp-json\/wp\/v2\/product\/27802","targetHints":{"allow":["GET"]}}],"collection":[{"href":"https:\/\/chemi-3.com\/fr\/wp-json\/wp\/v2\/product"}],"about":[{"href":"https:\/\/chemi-3.com\/fr\/wp-json\/wp\/v2\/types\/product"}],"replies":[{"embeddable":true,"href":"https:\/\/chemi-3.com\/fr\/wp-json\/wp\/v2\/comments?post=27802"}],"wp:featuredmedia":[{"embeddable":true,"href":"https:\/\/chemi-3.com\/fr\/wp-json\/wp\/v2\/media\/24094"}],"wp:attachment":[{"href":"https:\/\/chemi-3.com\/fr\/wp-json\/wp\/v2\/media?parent=27802"}],"wp:term":[{"taxonomy":"product_brand","embeddable":true,"href":"https:\/\/chemi-3.com\/fr\/wp-json\/wp\/v2\/product_brand?post=27802"},{"taxonomy":"product_cat","embeddable":true,"href":"https:\/\/chemi-3.com\/fr\/wp-json\/wp\/v2\/product_cat?post=27802"},{"taxonomy":"product_tag","embeddable":true,"href":"https:\/\/chemi-3.com\/fr\/wp-json\/wp\/v2\/product_tag?post=27802"}],"curies":[{"name":"wp","href":"https:\/\/api.w.org\/{rel}","templated":true}]}}