{"id":27823,"date":"2021-11-05T13:05:57","date_gmt":"2021-11-05T17:05:57","guid":{"rendered":"https:\/\/chemi-3.com\/product\/distributeur-automatique-p-serviettes-en-rouleau-serre-scott-pro-gris-fumee-noir-vendu-comme-un-article-individuel\/"},"modified":"2021-11-05T13:06:05","modified_gmt":"2021-11-05T17:06:05","slug":"distributeur-automatique-p-serviettes-en-rouleau-serre-scott-pro-gris-fumee-noir-vendu-comme-un-article-individuel","status":"publish","type":"product","link":"https:\/\/chemi-3.com\/fr\/product\/distributeur-automatique-p-serviettes-en-rouleau-serre-scott-pro-gris-fumee-noir-vendu-comme-un-article-individuel\/","title":{"rendered":"Distributeur automatique p. serviettes en rouleau serr\u00e9 scott\u00ae pro, gris fum\u00e9e\/noir, vendu comme un article individuel"},"content":{"rendered":"<body><p>Le distributeur pour essuie-mains en rouleau serr\u00e9 Kimberly-Clark ProfessionalMC Scott\u00ae ProMC Automatic en noir fum\u00e9e est sans contact et \u00e9lectronique pour minimiser la propagation de microbes. Il est con\u00e7u pour porter l\u2019hygi\u00e8ne des mains \u00e0 un autre niveau. Les syst\u00e8mes de distribution Scott\u00ae Pro ont un distributeur interne novateur autoconfigurable pour l\u2019adapter \u00e0 vos besoins. Il assure une distribution \u00e9lectronique mue par le mouvement et offre l\u2019option d\u2019une feuille non expos\u00e9e qui reste propre ((populaire dans les \u00e9tablissements de sant\u00e9, o\u00f9 l\u2019hygi\u00e8ne des mains est essentielle). Ce distributeur automatique est garanti \u00e0 99,99\u00a0% contre le blocage, alors vous pouvez compter sur  un fonctionnement sans contact fiable. Il distribue une seule feuille \u00e0 chaque activation et est compatible avec les serviettes Scott\u00ae ProMC avec les bouchons Blue Core et le rouleau de transfert. Les serviettes en rouleau serr\u00e9 Scott\u00ae ProMC Automatic offrent le distributeur \u00e9lectronique de serviettes le plus silencieux sur le march\u00e9. Le syst\u00e8me de distribution de serviettes en rouleau serr\u00e9 Scott\u00ae ProMC Automatic combine la technologie sans contact avec les avantages bact\u00e9ricides du s\u00e9chage avec des serviettes de papier, favorisant une meilleure hygi\u00e8ne des mains et des surfaces. Ce produit a des dimensions de 12,66\u00a0po x 16,44\u00a0po x 9,18\u00a0po et est vendu comme un article individuel.<br>\nUnit\u00e9 de mesure : 1\/EA<\/p>\n<\/body>","protected":false},"excerpt":{"rendered":"<p>Le distributeur pour essuie-mains en rouleau serr\u00e9 Kimberly-Clark ProfessionalMC Scott\u00ae ProMC Automatic en noir fum\u00e9e est sans contact et \u00e9lectronique pour minimiser la propagation de microbes. Il est con\u00e7u pour porter l\u2019hygi\u00e8ne des mains \u00e0 un autre niveau. Les syst\u00e8mes de distribution Scott\u00ae Pro ont un distributeur interne novateur autoconfigurable pour l\u2019adapter \u00e0 vos besoins. [&hellip;]<\/p>\n","protected":false},"featured_media":24128,"comment_status":"closed","ping_status":"open","template":"","meta":{"_et_pb_use_builder":"","_et_pb_old_content":"","_et_gb_content_width":""},"product_brand":[],"product_cat":[12832],"product_tag":[13934,13690,13617,13689],"class_list":{"0":"post-27823","1":"product","2":"type-product","3":"status-publish","4":"has-post-thumbnail","6":"product_cat-distributrices-dessuie-mains-enroules-serres","7":"product_tag-distributrices-dessuie-mains-enroules-serres","8":"product_tag-essuie-mains-en-rouleau","9":"product_tag-essuie-mains-papier-hygienique-et-lingettes","10":"product_tag-lingettes","11":"pa_country-of-origin-united-states","12":"pa_is-hazardous-material-non","13":"pa_product-colour-fumee","14":"pa_product-material-plastique","16":"first","17":"instock","18":"taxable","19":"shipping-taxable","20":"purchasable","21":"product-type-simple"},"yoast_head":"<!-- This site is optimized with the Yoast SEO plugin v27.5 - https:\/\/yoast.com\/product\/yoast-seo-wordpress\/ -->\n<title>Distributeur automatique p. serviettes en rouleau serr\u00e9 scott\u00ae pro, gris fum\u00e9e\/noir, vendu comme un article individuel &#8211; Chemi-3 Inc.<\/title>\n<meta name=\"robots\" content=\"index, follow, max-snippet:-1, max-image-preview:large, max-video-preview:-1\" \/>\n<link rel=\"canonical\" href=\"https:\/\/chemi-3.com\/fr\/product\/distributeur-automatique-p-serviettes-en-rouleau-serre-scott-pro-gris-fumee-noir-vendu-comme-un-article-individuel\/\" \/>\n<meta property=\"og:locale\" content=\"fr_CA\" \/>\n<meta property=\"og:type\" content=\"article\" \/>\n<meta property=\"og:title\" content=\"Distributeur automatique p. serviettes en rouleau serr\u00e9 scott\u00ae pro, gris fum\u00e9e\/noir, vendu comme un article individuel &#8211; Chemi-3 Inc.\" \/>\n<meta property=\"og:description\" content=\"Le distributeur pour essuie-mains en rouleau serr\u00e9 Kimberly-Clark ProfessionalMC Scott\u00ae ProMC Automatic en noir fum\u00e9e est sans contact et \u00e9lectronique pour minimiser la propagation de microbes. Il est con\u00e7u pour porter l\u2019hygi\u00e8ne des mains \u00e0 un autre niveau. Les syst\u00e8mes de distribution Scott\u00ae Pro ont un distributeur interne novateur autoconfigurable pour l\u2019adapter \u00e0 vos besoins. [&hellip;]\" \/>\n<meta property=\"og:url\" content=\"https:\/\/chemi-3.com\/fr\/product\/distributeur-automatique-p-serviettes-en-rouleau-serre-scott-pro-gris-fumee-noir-vendu-comme-un-article-individuel\/\" \/>\n<meta property=\"og:site_name\" content=\"Chemi-3 Inc.\" \/>\n<meta property=\"article:publisher\" content=\"https:\/\/www.facebook.com\/chemi3inc\/\" \/>\n<meta property=\"article:modified_time\" content=\"2021-11-05T17:06:05+00:00\" \/>\n<meta property=\"og:image\" content=\"https:\/\/chemi-3.com\/wp-content\/uploads\/2021\/11\/15404348-34348-main-20210811023451-1.jpg\" \/>\n\t<meta property=\"og:image:width\" content=\"900\" \/>\n\t<meta property=\"og:image:height\" content=\"900\" \/>\n\t<meta property=\"og:image:type\" content=\"image\/jpeg\" \/>\n<meta name=\"twitter:card\" content=\"summary_large_image\" \/>\n<meta name=\"twitter:site\" content=\"@chemi3inc\" \/>\n<meta name=\"twitter:label1\" content=\"Estimation du temps de lecture\" \/>\n\t<meta name=\"twitter:data1\" content=\"1 minute\" \/>\n<script type=\"application\/ld+json\" class=\"yoast-schema-graph\">{\"@context\":\"https:\\\/\\\/schema.org\",\"@graph\":[{\"@type\":[\"WebPage\",\"ItemPage\"],\"@id\":\"https:\\\/\\\/chemi-3.com\\\/fr\\\/product\\\/distributeur-automatique-p-serviettes-en-rouleau-serre-scott-pro-gris-fumee-noir-vendu-comme-un-article-individuel\\\/\",\"url\":\"https:\\\/\\\/chemi-3.com\\\/fr\\\/product\\\/distributeur-automatique-p-serviettes-en-rouleau-serre-scott-pro-gris-fumee-noir-vendu-comme-un-article-individuel\\\/\",\"name\":\"Distributeur automatique p. serviettes en rouleau serr\u00e9 scott\u00ae pro, gris fum\u00e9e\\\/noir, vendu comme un article individuel &#8211; Chemi-3 Inc.\",\"isPartOf\":{\"@id\":\"https:\\\/\\\/chemi-3.com\\\/fr\\\/#website\"},\"primaryImageOfPage\":{\"@id\":\"https:\\\/\\\/chemi-3.com\\\/fr\\\/product\\\/distributeur-automatique-p-serviettes-en-rouleau-serre-scott-pro-gris-fumee-noir-vendu-comme-un-article-individuel\\\/#primaryimage\"},\"image\":{\"@id\":\"https:\\\/\\\/chemi-3.com\\\/fr\\\/product\\\/distributeur-automatique-p-serviettes-en-rouleau-serre-scott-pro-gris-fumee-noir-vendu-comme-un-article-individuel\\\/#primaryimage\"},\"thumbnailUrl\":\"https:\\\/\\\/chemi-3.com\\\/wp-content\\\/uploads\\\/2021\\\/11\\\/15404348-34348-main-20210811023451-1.jpg\",\"datePublished\":\"2021-11-05T17:05:57+00:00\",\"dateModified\":\"2021-11-05T17:06:05+00:00\",\"breadcrumb\":{\"@id\":\"https:\\\/\\\/chemi-3.com\\\/fr\\\/product\\\/distributeur-automatique-p-serviettes-en-rouleau-serre-scott-pro-gris-fumee-noir-vendu-comme-un-article-individuel\\\/#breadcrumb\"},\"inLanguage\":\"fr-CA\",\"potentialAction\":[{\"@type\":\"ReadAction\",\"target\":[\"https:\\\/\\\/chemi-3.com\\\/fr\\\/product\\\/distributeur-automatique-p-serviettes-en-rouleau-serre-scott-pro-gris-fumee-noir-vendu-comme-un-article-individuel\\\/\"]}]},{\"@type\":\"ImageObject\",\"inLanguage\":\"fr-CA\",\"@id\":\"https:\\\/\\\/chemi-3.com\\\/fr\\\/product\\\/distributeur-automatique-p-serviettes-en-rouleau-serre-scott-pro-gris-fumee-noir-vendu-comme-un-article-individuel\\\/#primaryimage\",\"url\":\"https:\\\/\\\/chemi-3.com\\\/wp-content\\\/uploads\\\/2021\\\/11\\\/15404348-34348-main-20210811023451-1.jpg\",\"contentUrl\":\"https:\\\/\\\/chemi-3.com\\\/wp-content\\\/uploads\\\/2021\\\/11\\\/15404348-34348-main-20210811023451-1.jpg\",\"width\":900,\"height\":900,\"caption\":\"Scott\u00ae Pro\u2122 Automatic Hard Roll Towel Dispenser\"},{\"@type\":\"BreadcrumbList\",\"@id\":\"https:\\\/\\\/chemi-3.com\\\/fr\\\/product\\\/distributeur-automatique-p-serviettes-en-rouleau-serre-scott-pro-gris-fumee-noir-vendu-comme-un-article-individuel\\\/#breadcrumb\",\"itemListElement\":[{\"@type\":\"ListItem\",\"position\":1,\"name\":\"Home\",\"item\":\"https:\\\/\\\/chemi-3.com\\\/fr\\\/\"},{\"@type\":\"ListItem\",\"position\":2,\"name\":\"Produits\",\"item\":\"https:\\\/\\\/chemi-3.com\\\/fr\\\/shop\\\/\"},{\"@type\":\"ListItem\",\"position\":3,\"name\":\"Distributeur automatique p. serviettes en rouleau serr\u00e9 scott\u00ae pro, gris fum\u00e9e\\\/noir, vendu comme un article individuel\"}]},{\"@type\":\"WebSite\",\"@id\":\"https:\\\/\\\/chemi-3.com\\\/fr\\\/#website\",\"url\":\"https:\\\/\\\/chemi-3.com\\\/fr\\\/\",\"name\":\"Chemi-3 Inc.\",\"description\":\"Montreal&#039;s premier distributor of janitorial, sanitary and commercial products.\",\"publisher\":{\"@id\":\"https:\\\/\\\/chemi-3.com\\\/fr\\\/#organization\"},\"potentialAction\":[{\"@type\":\"SearchAction\",\"target\":{\"@type\":\"EntryPoint\",\"urlTemplate\":\"https:\\\/\\\/chemi-3.com\\\/fr\\\/?s={search_term_string}\"},\"query-input\":{\"@type\":\"PropertyValueSpecification\",\"valueRequired\":true,\"valueName\":\"search_term_string\"}}],\"inLanguage\":\"fr-CA\"},{\"@type\":\"Organization\",\"@id\":\"https:\\\/\\\/chemi-3.com\\\/fr\\\/#organization\",\"name\":\"Chemi-3 Industries Inc.\",\"url\":\"https:\\\/\\\/chemi-3.com\\\/fr\\\/\",\"logo\":{\"@type\":\"ImageObject\",\"inLanguage\":\"fr-CA\",\"@id\":\"https:\\\/\\\/chemi-3.com\\\/fr\\\/#\\\/schema\\\/logo\\\/image\\\/\",\"url\":\"http:\\\/\\\/chemi-3.com\\\/wp-content\\\/uploads\\\/2021\\\/09\\\/Chemi3_logo_transparent_highres.png\",\"contentUrl\":\"http:\\\/\\\/chemi-3.com\\\/wp-content\\\/uploads\\\/2021\\\/09\\\/Chemi3_logo_transparent_highres.png\",\"width\":1000,\"height\":387,\"caption\":\"Chemi-3 Industries Inc.\"},\"image\":{\"@id\":\"https:\\\/\\\/chemi-3.com\\\/fr\\\/#\\\/schema\\\/logo\\\/image\\\/\"},\"sameAs\":[\"https:\\\/\\\/www.facebook.com\\\/chemi3inc\\\/\",\"https:\\\/\\\/x.com\\\/chemi3inc\",\"https:\\\/\\\/www.instagram.com\\\/chemi3inc\\\/\",\"https:\\\/\\\/www.linkedin.com\\\/company\\\/chemi3inc\"]}]}<\/script>\n<!-- \/ Yoast SEO plugin. -->","yoast_head_json":{"title":"Distributeur automatique p. serviettes en rouleau serr\u00e9 scott\u00ae pro, gris fum\u00e9e\/noir, vendu comme un article individuel &#8211; Chemi-3 Inc.","robots":{"index":"index","follow":"follow","max-snippet":"max-snippet:-1","max-image-preview":"max-image-preview:large","max-video-preview":"max-video-preview:-1"},"canonical":"https:\/\/chemi-3.com\/fr\/product\/distributeur-automatique-p-serviettes-en-rouleau-serre-scott-pro-gris-fumee-noir-vendu-comme-un-article-individuel\/","og_locale":"fr_CA","og_type":"article","og_title":"Distributeur automatique p. serviettes en rouleau serr\u00e9 scott\u00ae pro, gris fum\u00e9e\/noir, vendu comme un article individuel &#8211; Chemi-3 Inc.","og_description":"Le distributeur pour essuie-mains en rouleau serr\u00e9 Kimberly-Clark ProfessionalMC Scott\u00ae ProMC Automatic en noir fum\u00e9e est sans contact et \u00e9lectronique pour minimiser la propagation de microbes. Il est con\u00e7u pour porter l\u2019hygi\u00e8ne des mains \u00e0 un autre niveau. Les syst\u00e8mes de distribution Scott\u00ae Pro ont un distributeur interne novateur autoconfigurable pour l\u2019adapter \u00e0 vos besoins. [&hellip;]","og_url":"https:\/\/chemi-3.com\/fr\/product\/distributeur-automatique-p-serviettes-en-rouleau-serre-scott-pro-gris-fumee-noir-vendu-comme-un-article-individuel\/","og_site_name":"Chemi-3 Inc.","article_publisher":"https:\/\/www.facebook.com\/chemi3inc\/","article_modified_time":"2021-11-05T17:06:05+00:00","og_image":[{"width":900,"height":900,"url":"https:\/\/chemi-3.com\/wp-content\/uploads\/2021\/11\/15404348-34348-main-20210811023451-1.jpg","type":"image\/jpeg"}],"twitter_card":"summary_large_image","twitter_site":"@chemi3inc","twitter_misc":{"Estimation du temps de lecture":"1 minute"},"schema":{"@context":"https:\/\/schema.org","@graph":[{"@type":["WebPage","ItemPage"],"@id":"https:\/\/chemi-3.com\/fr\/product\/distributeur-automatique-p-serviettes-en-rouleau-serre-scott-pro-gris-fumee-noir-vendu-comme-un-article-individuel\/","url":"https:\/\/chemi-3.com\/fr\/product\/distributeur-automatique-p-serviettes-en-rouleau-serre-scott-pro-gris-fumee-noir-vendu-comme-un-article-individuel\/","name":"Distributeur automatique p. serviettes en rouleau serr\u00e9 scott\u00ae pro, gris fum\u00e9e\/noir, vendu comme un article individuel &#8211; Chemi-3 Inc.","isPartOf":{"@id":"https:\/\/chemi-3.com\/fr\/#website"},"primaryImageOfPage":{"@id":"https:\/\/chemi-3.com\/fr\/product\/distributeur-automatique-p-serviettes-en-rouleau-serre-scott-pro-gris-fumee-noir-vendu-comme-un-article-individuel\/#primaryimage"},"image":{"@id":"https:\/\/chemi-3.com\/fr\/product\/distributeur-automatique-p-serviettes-en-rouleau-serre-scott-pro-gris-fumee-noir-vendu-comme-un-article-individuel\/#primaryimage"},"thumbnailUrl":"https:\/\/chemi-3.com\/wp-content\/uploads\/2021\/11\/15404348-34348-main-20210811023451-1.jpg","datePublished":"2021-11-05T17:05:57+00:00","dateModified":"2021-11-05T17:06:05+00:00","breadcrumb":{"@id":"https:\/\/chemi-3.com\/fr\/product\/distributeur-automatique-p-serviettes-en-rouleau-serre-scott-pro-gris-fumee-noir-vendu-comme-un-article-individuel\/#breadcrumb"},"inLanguage":"fr-CA","potentialAction":[{"@type":"ReadAction","target":["https:\/\/chemi-3.com\/fr\/product\/distributeur-automatique-p-serviettes-en-rouleau-serre-scott-pro-gris-fumee-noir-vendu-comme-un-article-individuel\/"]}]},{"@type":"ImageObject","inLanguage":"fr-CA","@id":"https:\/\/chemi-3.com\/fr\/product\/distributeur-automatique-p-serviettes-en-rouleau-serre-scott-pro-gris-fumee-noir-vendu-comme-un-article-individuel\/#primaryimage","url":"https:\/\/chemi-3.com\/wp-content\/uploads\/2021\/11\/15404348-34348-main-20210811023451-1.jpg","contentUrl":"https:\/\/chemi-3.com\/wp-content\/uploads\/2021\/11\/15404348-34348-main-20210811023451-1.jpg","width":900,"height":900,"caption":"Scott\u00ae Pro\u2122 Automatic Hard Roll Towel Dispenser"},{"@type":"BreadcrumbList","@id":"https:\/\/chemi-3.com\/fr\/product\/distributeur-automatique-p-serviettes-en-rouleau-serre-scott-pro-gris-fumee-noir-vendu-comme-un-article-individuel\/#breadcrumb","itemListElement":[{"@type":"ListItem","position":1,"name":"Home","item":"https:\/\/chemi-3.com\/fr\/"},{"@type":"ListItem","position":2,"name":"Produits","item":"https:\/\/chemi-3.com\/fr\/shop\/"},{"@type":"ListItem","position":3,"name":"Distributeur automatique p. serviettes en rouleau serr\u00e9 scott\u00ae pro, gris fum\u00e9e\/noir, vendu comme un article individuel"}]},{"@type":"WebSite","@id":"https:\/\/chemi-3.com\/fr\/#website","url":"https:\/\/chemi-3.com\/fr\/","name":"Chemi-3 Inc.","description":"Montreal&#039;s premier distributor of janitorial, sanitary and commercial products.","publisher":{"@id":"https:\/\/chemi-3.com\/fr\/#organization"},"potentialAction":[{"@type":"SearchAction","target":{"@type":"EntryPoint","urlTemplate":"https:\/\/chemi-3.com\/fr\/?s={search_term_string}"},"query-input":{"@type":"PropertyValueSpecification","valueRequired":true,"valueName":"search_term_string"}}],"inLanguage":"fr-CA"},{"@type":"Organization","@id":"https:\/\/chemi-3.com\/fr\/#organization","name":"Chemi-3 Industries Inc.","url":"https:\/\/chemi-3.com\/fr\/","logo":{"@type":"ImageObject","inLanguage":"fr-CA","@id":"https:\/\/chemi-3.com\/fr\/#\/schema\/logo\/image\/","url":"http:\/\/chemi-3.com\/wp-content\/uploads\/2021\/09\/Chemi3_logo_transparent_highres.png","contentUrl":"http:\/\/chemi-3.com\/wp-content\/uploads\/2021\/09\/Chemi3_logo_transparent_highres.png","width":1000,"height":387,"caption":"Chemi-3 Industries Inc."},"image":{"@id":"https:\/\/chemi-3.com\/fr\/#\/schema\/logo\/image\/"},"sameAs":["https:\/\/www.facebook.com\/chemi3inc\/","https:\/\/x.com\/chemi3inc","https:\/\/www.instagram.com\/chemi3inc\/","https:\/\/www.linkedin.com\/company\/chemi3inc"]}]}},"_links":{"self":[{"href":"https:\/\/chemi-3.com\/fr\/wp-json\/wp\/v2\/product\/27823","targetHints":{"allow":["GET"]}}],"collection":[{"href":"https:\/\/chemi-3.com\/fr\/wp-json\/wp\/v2\/product"}],"about":[{"href":"https:\/\/chemi-3.com\/fr\/wp-json\/wp\/v2\/types\/product"}],"replies":[{"embeddable":true,"href":"https:\/\/chemi-3.com\/fr\/wp-json\/wp\/v2\/comments?post=27823"}],"wp:featuredmedia":[{"embeddable":true,"href":"https:\/\/chemi-3.com\/fr\/wp-json\/wp\/v2\/media\/24128"}],"wp:attachment":[{"href":"https:\/\/chemi-3.com\/fr\/wp-json\/wp\/v2\/media?parent=27823"}],"wp:term":[{"taxonomy":"product_brand","embeddable":true,"href":"https:\/\/chemi-3.com\/fr\/wp-json\/wp\/v2\/product_brand?post=27823"},{"taxonomy":"product_cat","embeddable":true,"href":"https:\/\/chemi-3.com\/fr\/wp-json\/wp\/v2\/product_cat?post=27823"},{"taxonomy":"product_tag","embeddable":true,"href":"https:\/\/chemi-3.com\/fr\/wp-json\/wp\/v2\/product_tag?post=27823"}],"curies":[{"name":"wp","href":"https:\/\/api.w.org\/{rel}","templated":true}]}}