{"id":27829,"date":"2021-11-05T13:05:57","date_gmt":"2021-11-05T17:05:57","guid":{"rendered":"https:\/\/chemi-3.com\/product\/distributeur-automatique-dessuie-mains-en-rouleau-dur-scott-pro-en-acier-inoxydable-vendu-individuellement\/"},"modified":"2021-11-05T13:06:07","modified_gmt":"2021-11-05T17:06:07","slug":"distributeur-automatique-dessuie-mains-en-rouleau-dur-scott-pro-en-acier-inoxydable-vendu-individuellement","status":"publish","type":"product","link":"https:\/\/chemi-3.com\/fr\/product\/distributeur-automatique-dessuie-mains-en-rouleau-dur-scott-pro-en-acier-inoxydable-vendu-individuellement\/","title":{"rendered":"Distributeur automatique d&#8217;essuie-mains en rouleau dur scott\u00ae pro\u2122, en acier inoxydable, vendu individuellement"},"content":{"rendered":"<body><p>Le distributeur automatique d\u2019essuie-mains en rouleau dur Scott\u00ae Pro\u2122 de Kimberly-Clark Professional\u2122 est con\u00e7u pour porter l\u2019hygi\u00e8ne des mains \u00e0 un autre niveau. Il est dot\u00e9 d\u2019un module de distribution interne innovant qui se branche pour le personnaliser en fonction de vos besoins. Il fournit une distribution \u00e9lectronique activ\u00e9e par le mouvement avec l\u2019option d\u2019un essuie-mains non expos\u00e9, ce qui aide \u00e0 garder ces serviettes en papier propres (populaire dans les environnements de soins de sant\u00e9, o\u00f9 une bonne hygi\u00e8ne des mains est essentielle). Ce distributeur automatique garantit \u00e0 99,99 % l\u2019absence de blocage, si bien que vous pouvez compter sur son fonctionnement fiable et sans contact. Il distribue un seul essuie-mains \u00e0 chaque activation et est compatible avec les essuie-mains Scott\u00ae Pro\u2122, les embouts Blue Core et le rouleau souche. C\u2019est en outre le distributeur \u00e9lectrique de serviettes en rouleau le plus silencieux du march\u00e9. Il combine la technologie sans contact avec les avantages de r\u00e9duction des bact\u00e9ries du s\u00e9chage avec des serviettes en papier, soutenant et favorisant ainsi une meilleure hygi\u00e8ne des mains et des surfaces. Les dimensions de ce produit sont de 12,66 x 16,44 x 9,18 po et il est vendu individuellement.<br>\nUnit\u00e9 de mesure : 1\/EA<\/p>\n<\/body>","protected":false},"excerpt":{"rendered":"<p>Le distributeur automatique d\u2019essuie-mains en rouleau dur Scott\u00ae Pro\u2122 de Kimberly-Clark Professional\u2122 est con\u00e7u pour porter l\u2019hygi\u00e8ne des mains \u00e0 un autre niveau. Il est dot\u00e9 d\u2019un module de distribution interne innovant qui se branche pour le personnaliser en fonction de vos besoins. Il fournit une distribution \u00e9lectronique activ\u00e9e par le mouvement avec l\u2019option d\u2019un [&hellip;]<\/p>\n","protected":false},"featured_media":24139,"comment_status":"closed","ping_status":"open","template":"","meta":{"_et_pb_use_builder":"","_et_pb_old_content":"","_et_gb_content_width":""},"product_brand":[],"product_cat":[12832],"product_tag":[13934,13690,13617,13689],"class_list":{"0":"post-27829","1":"product","2":"type-product","3":"status-publish","4":"has-post-thumbnail","6":"product_cat-distributrices-dessuie-mains-enroules-serres","7":"product_tag-distributrices-dessuie-mains-enroules-serres","8":"product_tag-essuie-mains-en-rouleau","9":"product_tag-essuie-mains-papier-hygienique-et-lingettes","10":"product_tag-lingettes","11":"pa_approval-compliant-ada-fr","12":"pa_country-of-origin-united-states","13":"pa_is-hazardous-material-non","14":"pa_product-colour-inoxydable","15":"pa_product-material-22-ga-cold-rolled-steel","17":"first","18":"instock","19":"taxable","20":"shipping-taxable","21":"purchasable","22":"product-type-simple"},"yoast_head":"<!-- This site is optimized with the Yoast SEO plugin v27.4 - https:\/\/yoast.com\/product\/yoast-seo-wordpress\/ -->\n<title>Distributeur automatique d&#039;essuie-mains en rouleau dur scott\u00ae pro\u2122, en acier inoxydable, vendu individuellement &#8211; Chemi-3 Inc.<\/title>\n<meta name=\"robots\" content=\"index, follow, max-snippet:-1, max-image-preview:large, max-video-preview:-1\" \/>\n<link rel=\"canonical\" href=\"https:\/\/chemi-3.com\/fr\/product\/distributeur-automatique-dessuie-mains-en-rouleau-dur-scott-pro-en-acier-inoxydable-vendu-individuellement\/\" \/>\n<meta property=\"og:locale\" content=\"fr_CA\" \/>\n<meta property=\"og:type\" content=\"article\" \/>\n<meta property=\"og:title\" content=\"Distributeur automatique d&#039;essuie-mains en rouleau dur scott\u00ae pro\u2122, en acier inoxydable, vendu individuellement &#8211; Chemi-3 Inc.\" \/>\n<meta property=\"og:description\" content=\"Le distributeur automatique d\u2019essuie-mains en rouleau dur Scott\u00ae Pro\u2122 de Kimberly-Clark Professional\u2122 est con\u00e7u pour porter l\u2019hygi\u00e8ne des mains \u00e0 un autre niveau. Il est dot\u00e9 d\u2019un module de distribution interne innovant qui se branche pour le personnaliser en fonction de vos besoins. Il fournit une distribution \u00e9lectronique activ\u00e9e par le mouvement avec l\u2019option d\u2019un [&hellip;]\" \/>\n<meta property=\"og:url\" content=\"https:\/\/chemi-3.com\/fr\/product\/distributeur-automatique-dessuie-mains-en-rouleau-dur-scott-pro-en-acier-inoxydable-vendu-individuellement\/\" \/>\n<meta property=\"og:site_name\" content=\"Chemi-3 Inc.\" \/>\n<meta property=\"article:publisher\" content=\"https:\/\/www.facebook.com\/chemi3inc\/\" \/>\n<meta property=\"article:modified_time\" content=\"2021-11-05T17:06:07+00:00\" \/>\n<meta property=\"og:image\" content=\"https:\/\/chemi-3.com\/wp-content\/uploads\/2021\/11\/15405609-35609-main-20210902030407-1.jpg\" \/>\n\t<meta property=\"og:image:width\" content=\"900\" \/>\n\t<meta property=\"og:image:height\" content=\"900\" \/>\n\t<meta property=\"og:image:type\" content=\"image\/jpeg\" \/>\n<meta name=\"twitter:card\" content=\"summary_large_image\" \/>\n<meta name=\"twitter:site\" content=\"@chemi3inc\" \/>\n<meta name=\"twitter:label1\" content=\"Estimation du temps de lecture\" \/>\n\t<meta name=\"twitter:data1\" content=\"1 minute\" \/>\n<script type=\"application\/ld+json\" class=\"yoast-schema-graph\">{\"@context\":\"https:\\\/\\\/schema.org\",\"@graph\":[{\"@type\":[\"WebPage\",\"ItemPage\"],\"@id\":\"https:\\\/\\\/chemi-3.com\\\/fr\\\/product\\\/distributeur-automatique-dessuie-mains-en-rouleau-dur-scott-pro-en-acier-inoxydable-vendu-individuellement\\\/\",\"url\":\"https:\\\/\\\/chemi-3.com\\\/fr\\\/product\\\/distributeur-automatique-dessuie-mains-en-rouleau-dur-scott-pro-en-acier-inoxydable-vendu-individuellement\\\/\",\"name\":\"Distributeur automatique d'essuie-mains en rouleau dur scott\u00ae pro\u2122, en acier inoxydable, vendu individuellement &#8211; Chemi-3 Inc.\",\"isPartOf\":{\"@id\":\"https:\\\/\\\/chemi-3.com\\\/fr\\\/#website\"},\"primaryImageOfPage\":{\"@id\":\"https:\\\/\\\/chemi-3.com\\\/fr\\\/product\\\/distributeur-automatique-dessuie-mains-en-rouleau-dur-scott-pro-en-acier-inoxydable-vendu-individuellement\\\/#primaryimage\"},\"image\":{\"@id\":\"https:\\\/\\\/chemi-3.com\\\/fr\\\/product\\\/distributeur-automatique-dessuie-mains-en-rouleau-dur-scott-pro-en-acier-inoxydable-vendu-individuellement\\\/#primaryimage\"},\"thumbnailUrl\":\"https:\\\/\\\/chemi-3.com\\\/wp-content\\\/uploads\\\/2021\\\/11\\\/15405609-35609-main-20210902030407-1.jpg\",\"datePublished\":\"2021-11-05T17:05:57+00:00\",\"dateModified\":\"2021-11-05T17:06:07+00:00\",\"breadcrumb\":{\"@id\":\"https:\\\/\\\/chemi-3.com\\\/fr\\\/product\\\/distributeur-automatique-dessuie-mains-en-rouleau-dur-scott-pro-en-acier-inoxydable-vendu-individuellement\\\/#breadcrumb\"},\"inLanguage\":\"fr-CA\",\"potentialAction\":[{\"@type\":\"ReadAction\",\"target\":[\"https:\\\/\\\/chemi-3.com\\\/fr\\\/product\\\/distributeur-automatique-dessuie-mains-en-rouleau-dur-scott-pro-en-acier-inoxydable-vendu-individuellement\\\/\"]}]},{\"@type\":\"ImageObject\",\"inLanguage\":\"fr-CA\",\"@id\":\"https:\\\/\\\/chemi-3.com\\\/fr\\\/product\\\/distributeur-automatique-dessuie-mains-en-rouleau-dur-scott-pro-en-acier-inoxydable-vendu-individuellement\\\/#primaryimage\",\"url\":\"https:\\\/\\\/chemi-3.com\\\/wp-content\\\/uploads\\\/2021\\\/11\\\/15405609-35609-main-20210902030407-1.jpg\",\"contentUrl\":\"https:\\\/\\\/chemi-3.com\\\/wp-content\\\/uploads\\\/2021\\\/11\\\/15405609-35609-main-20210902030407-1.jpg\",\"width\":900,\"height\":900,\"caption\":\"Scott\u00ae Pro\u2122 Automatic Hard Roll Towel Dispenser\"},{\"@type\":\"BreadcrumbList\",\"@id\":\"https:\\\/\\\/chemi-3.com\\\/fr\\\/product\\\/distributeur-automatique-dessuie-mains-en-rouleau-dur-scott-pro-en-acier-inoxydable-vendu-individuellement\\\/#breadcrumb\",\"itemListElement\":[{\"@type\":\"ListItem\",\"position\":1,\"name\":\"Home\",\"item\":\"https:\\\/\\\/chemi-3.com\\\/fr\\\/\"},{\"@type\":\"ListItem\",\"position\":2,\"name\":\"Produits\",\"item\":\"https:\\\/\\\/chemi-3.com\\\/fr\\\/shop\\\/\"},{\"@type\":\"ListItem\",\"position\":3,\"name\":\"Distributeur automatique d&#8217;essuie-mains en rouleau dur scott\u00ae pro\u2122, en acier inoxydable, vendu individuellement\"}]},{\"@type\":\"WebSite\",\"@id\":\"https:\\\/\\\/chemi-3.com\\\/fr\\\/#website\",\"url\":\"https:\\\/\\\/chemi-3.com\\\/fr\\\/\",\"name\":\"Chemi-3 Inc.\",\"description\":\"Montreal&#039;s premier distributor of janitorial, sanitary and commercial products.\",\"publisher\":{\"@id\":\"https:\\\/\\\/chemi-3.com\\\/fr\\\/#organization\"},\"potentialAction\":[{\"@type\":\"SearchAction\",\"target\":{\"@type\":\"EntryPoint\",\"urlTemplate\":\"https:\\\/\\\/chemi-3.com\\\/fr\\\/?s={search_term_string}\"},\"query-input\":{\"@type\":\"PropertyValueSpecification\",\"valueRequired\":true,\"valueName\":\"search_term_string\"}}],\"inLanguage\":\"fr-CA\"},{\"@type\":\"Organization\",\"@id\":\"https:\\\/\\\/chemi-3.com\\\/fr\\\/#organization\",\"name\":\"Chemi-3 Industries Inc.\",\"url\":\"https:\\\/\\\/chemi-3.com\\\/fr\\\/\",\"logo\":{\"@type\":\"ImageObject\",\"inLanguage\":\"fr-CA\",\"@id\":\"https:\\\/\\\/chemi-3.com\\\/fr\\\/#\\\/schema\\\/logo\\\/image\\\/\",\"url\":\"http:\\\/\\\/chemi-3.com\\\/wp-content\\\/uploads\\\/2021\\\/09\\\/Chemi3_logo_transparent_highres.png\",\"contentUrl\":\"http:\\\/\\\/chemi-3.com\\\/wp-content\\\/uploads\\\/2021\\\/09\\\/Chemi3_logo_transparent_highres.png\",\"width\":1000,\"height\":387,\"caption\":\"Chemi-3 Industries Inc.\"},\"image\":{\"@id\":\"https:\\\/\\\/chemi-3.com\\\/fr\\\/#\\\/schema\\\/logo\\\/image\\\/\"},\"sameAs\":[\"https:\\\/\\\/www.facebook.com\\\/chemi3inc\\\/\",\"https:\\\/\\\/x.com\\\/chemi3inc\",\"https:\\\/\\\/www.instagram.com\\\/chemi3inc\\\/\",\"https:\\\/\\\/www.linkedin.com\\\/company\\\/chemi3inc\"]}]}<\/script>\n<!-- \/ Yoast SEO plugin. -->","yoast_head_json":{"title":"Distributeur automatique d'essuie-mains en rouleau dur scott\u00ae pro\u2122, en acier inoxydable, vendu individuellement &#8211; Chemi-3 Inc.","robots":{"index":"index","follow":"follow","max-snippet":"max-snippet:-1","max-image-preview":"max-image-preview:large","max-video-preview":"max-video-preview:-1"},"canonical":"https:\/\/chemi-3.com\/fr\/product\/distributeur-automatique-dessuie-mains-en-rouleau-dur-scott-pro-en-acier-inoxydable-vendu-individuellement\/","og_locale":"fr_CA","og_type":"article","og_title":"Distributeur automatique d'essuie-mains en rouleau dur scott\u00ae pro\u2122, en acier inoxydable, vendu individuellement &#8211; Chemi-3 Inc.","og_description":"Le distributeur automatique d\u2019essuie-mains en rouleau dur Scott\u00ae Pro\u2122 de Kimberly-Clark Professional\u2122 est con\u00e7u pour porter l\u2019hygi\u00e8ne des mains \u00e0 un autre niveau. Il est dot\u00e9 d\u2019un module de distribution interne innovant qui se branche pour le personnaliser en fonction de vos besoins. Il fournit une distribution \u00e9lectronique activ\u00e9e par le mouvement avec l\u2019option d\u2019un [&hellip;]","og_url":"https:\/\/chemi-3.com\/fr\/product\/distributeur-automatique-dessuie-mains-en-rouleau-dur-scott-pro-en-acier-inoxydable-vendu-individuellement\/","og_site_name":"Chemi-3 Inc.","article_publisher":"https:\/\/www.facebook.com\/chemi3inc\/","article_modified_time":"2021-11-05T17:06:07+00:00","og_image":[{"width":900,"height":900,"url":"https:\/\/chemi-3.com\/wp-content\/uploads\/2021\/11\/15405609-35609-main-20210902030407-1.jpg","type":"image\/jpeg"}],"twitter_card":"summary_large_image","twitter_site":"@chemi3inc","twitter_misc":{"Estimation du temps de lecture":"1 minute"},"schema":{"@context":"https:\/\/schema.org","@graph":[{"@type":["WebPage","ItemPage"],"@id":"https:\/\/chemi-3.com\/fr\/product\/distributeur-automatique-dessuie-mains-en-rouleau-dur-scott-pro-en-acier-inoxydable-vendu-individuellement\/","url":"https:\/\/chemi-3.com\/fr\/product\/distributeur-automatique-dessuie-mains-en-rouleau-dur-scott-pro-en-acier-inoxydable-vendu-individuellement\/","name":"Distributeur automatique d'essuie-mains en rouleau dur scott\u00ae pro\u2122, en acier inoxydable, vendu individuellement &#8211; Chemi-3 Inc.","isPartOf":{"@id":"https:\/\/chemi-3.com\/fr\/#website"},"primaryImageOfPage":{"@id":"https:\/\/chemi-3.com\/fr\/product\/distributeur-automatique-dessuie-mains-en-rouleau-dur-scott-pro-en-acier-inoxydable-vendu-individuellement\/#primaryimage"},"image":{"@id":"https:\/\/chemi-3.com\/fr\/product\/distributeur-automatique-dessuie-mains-en-rouleau-dur-scott-pro-en-acier-inoxydable-vendu-individuellement\/#primaryimage"},"thumbnailUrl":"https:\/\/chemi-3.com\/wp-content\/uploads\/2021\/11\/15405609-35609-main-20210902030407-1.jpg","datePublished":"2021-11-05T17:05:57+00:00","dateModified":"2021-11-05T17:06:07+00:00","breadcrumb":{"@id":"https:\/\/chemi-3.com\/fr\/product\/distributeur-automatique-dessuie-mains-en-rouleau-dur-scott-pro-en-acier-inoxydable-vendu-individuellement\/#breadcrumb"},"inLanguage":"fr-CA","potentialAction":[{"@type":"ReadAction","target":["https:\/\/chemi-3.com\/fr\/product\/distributeur-automatique-dessuie-mains-en-rouleau-dur-scott-pro-en-acier-inoxydable-vendu-individuellement\/"]}]},{"@type":"ImageObject","inLanguage":"fr-CA","@id":"https:\/\/chemi-3.com\/fr\/product\/distributeur-automatique-dessuie-mains-en-rouleau-dur-scott-pro-en-acier-inoxydable-vendu-individuellement\/#primaryimage","url":"https:\/\/chemi-3.com\/wp-content\/uploads\/2021\/11\/15405609-35609-main-20210902030407-1.jpg","contentUrl":"https:\/\/chemi-3.com\/wp-content\/uploads\/2021\/11\/15405609-35609-main-20210902030407-1.jpg","width":900,"height":900,"caption":"Scott\u00ae Pro\u2122 Automatic Hard Roll Towel Dispenser"},{"@type":"BreadcrumbList","@id":"https:\/\/chemi-3.com\/fr\/product\/distributeur-automatique-dessuie-mains-en-rouleau-dur-scott-pro-en-acier-inoxydable-vendu-individuellement\/#breadcrumb","itemListElement":[{"@type":"ListItem","position":1,"name":"Home","item":"https:\/\/chemi-3.com\/fr\/"},{"@type":"ListItem","position":2,"name":"Produits","item":"https:\/\/chemi-3.com\/fr\/shop\/"},{"@type":"ListItem","position":3,"name":"Distributeur automatique d&#8217;essuie-mains en rouleau dur scott\u00ae pro\u2122, en acier inoxydable, vendu individuellement"}]},{"@type":"WebSite","@id":"https:\/\/chemi-3.com\/fr\/#website","url":"https:\/\/chemi-3.com\/fr\/","name":"Chemi-3 Inc.","description":"Montreal&#039;s premier distributor of janitorial, sanitary and commercial products.","publisher":{"@id":"https:\/\/chemi-3.com\/fr\/#organization"},"potentialAction":[{"@type":"SearchAction","target":{"@type":"EntryPoint","urlTemplate":"https:\/\/chemi-3.com\/fr\/?s={search_term_string}"},"query-input":{"@type":"PropertyValueSpecification","valueRequired":true,"valueName":"search_term_string"}}],"inLanguage":"fr-CA"},{"@type":"Organization","@id":"https:\/\/chemi-3.com\/fr\/#organization","name":"Chemi-3 Industries Inc.","url":"https:\/\/chemi-3.com\/fr\/","logo":{"@type":"ImageObject","inLanguage":"fr-CA","@id":"https:\/\/chemi-3.com\/fr\/#\/schema\/logo\/image\/","url":"http:\/\/chemi-3.com\/wp-content\/uploads\/2021\/09\/Chemi3_logo_transparent_highres.png","contentUrl":"http:\/\/chemi-3.com\/wp-content\/uploads\/2021\/09\/Chemi3_logo_transparent_highres.png","width":1000,"height":387,"caption":"Chemi-3 Industries Inc."},"image":{"@id":"https:\/\/chemi-3.com\/fr\/#\/schema\/logo\/image\/"},"sameAs":["https:\/\/www.facebook.com\/chemi3inc\/","https:\/\/x.com\/chemi3inc","https:\/\/www.instagram.com\/chemi3inc\/","https:\/\/www.linkedin.com\/company\/chemi3inc"]}]}},"_links":{"self":[{"href":"https:\/\/chemi-3.com\/fr\/wp-json\/wp\/v2\/product\/27829","targetHints":{"allow":["GET"]}}],"collection":[{"href":"https:\/\/chemi-3.com\/fr\/wp-json\/wp\/v2\/product"}],"about":[{"href":"https:\/\/chemi-3.com\/fr\/wp-json\/wp\/v2\/types\/product"}],"replies":[{"embeddable":true,"href":"https:\/\/chemi-3.com\/fr\/wp-json\/wp\/v2\/comments?post=27829"}],"wp:featuredmedia":[{"embeddable":true,"href":"https:\/\/chemi-3.com\/fr\/wp-json\/wp\/v2\/media\/24139"}],"wp:attachment":[{"href":"https:\/\/chemi-3.com\/fr\/wp-json\/wp\/v2\/media?parent=27829"}],"wp:term":[{"taxonomy":"product_brand","embeddable":true,"href":"https:\/\/chemi-3.com\/fr\/wp-json\/wp\/v2\/product_brand?post=27829"},{"taxonomy":"product_cat","embeddable":true,"href":"https:\/\/chemi-3.com\/fr\/wp-json\/wp\/v2\/product_cat?post=27829"},{"taxonomy":"product_tag","embeddable":true,"href":"https:\/\/chemi-3.com\/fr\/wp-json\/wp\/v2\/product_tag?post=27829"}],"curies":[{"name":"wp","href":"https:\/\/api.w.org\/{rel}","templated":true}]}}