{"id":27839,"date":"2021-11-05T13:05:57","date_gmt":"2021-11-05T17:05:57","guid":{"rendered":"https:\/\/chemi-3.com\/product\/distributeur-p-serviettes-tork-matic-encastre-inox-1-cs\/"},"modified":"2021-11-05T13:06:10","modified_gmt":"2021-11-05T17:06:10","slug":"distributeur-p-serviettes-tork-matic-encastre-inox-1-cs","status":"publish","type":"product","link":"https:\/\/chemi-3.com\/fr\/product\/distributeur-p-serviettes-tork-matic-encastre-inox-1-cs\/","title":{"rendered":"Distributeur p. serviettes tork\u00ae matic\u00ae, encastr\u00e9, inox, 1\/cs"},"content":{"rendered":"<body><p>Le distributeur encastr\u00e9 pour essuie-mains Tork\u00ae Matic\u00ae transforme facilement plusieurs distributeurs de serviettes pli\u00e9es et r\u00e9ceptacles \u00e0 d\u00e9chets en syst\u00e8mes de serviettes \u00e0 grande capacit\u00e9. Obtenez une excellente fonctionnalit\u00e9 et une consommation r\u00e9duite de serviettes gr\u00e2ce \u00e0 la distribution une \u00e0 la fois, tout en offrant une exp\u00e9rience hygi\u00e9nique de s\u00e9chage de mains sans contact. Son installation simple vous aide \u00e0 r\u00e9duire les co\u00fbts d\u2019entretien et donne un service sans probl\u00e8me\u00a0: pas de pi\u00e8ces mobiles, tr\u00e8s durable et sans pannes.<br>\nUnit\u00e9 de mesure : 1\/EA<\/p>\n<\/body>","protected":false},"excerpt":{"rendered":"<p>Le distributeur encastr\u00e9 pour essuie-mains Tork\u00ae Matic\u00ae transforme facilement plusieurs distributeurs de serviettes pli\u00e9es et r\u00e9ceptacles \u00e0 d\u00e9chets en syst\u00e8mes de serviettes \u00e0 grande capacit\u00e9. Obtenez une excellente fonctionnalit\u00e9 et une consommation r\u00e9duite de serviettes gr\u00e2ce \u00e0 la distribution une \u00e0 la fois, tout en offrant une exp\u00e9rience hygi\u00e9nique de s\u00e9chage de mains sans contact. [&hellip;]<\/p>\n","protected":false},"featured_media":24156,"comment_status":"closed","ping_status":"open","template":"","meta":{"_et_pb_use_builder":"","_et_pb_old_content":"","_et_gb_content_width":""},"product_brand":[],"product_cat":[12832],"product_tag":[13934,13690,13617,13689],"class_list":{"0":"post-27839","1":"product","2":"type-product","3":"status-publish","4":"has-post-thumbnail","6":"product_cat-distributrices-dessuie-mains-enroules-serres","7":"product_tag-distributrices-dessuie-mains-enroules-serres","8":"product_tag-essuie-mains-en-rouleau","9":"product_tag-essuie-mains-papier-hygienique-et-lingettes","10":"product_tag-lingettes","11":"pa_country-of-origin-united-states","12":"pa_is-hazardous-material-non","13":"pa_product-colour-argent","14":"pa_product-material-metal-plastic-2","16":"first","17":"instock","18":"taxable","19":"shipping-taxable","20":"purchasable","21":"product-type-simple"},"yoast_head":"<!-- This site is optimized with the Yoast SEO plugin v27.4 - https:\/\/yoast.com\/product\/yoast-seo-wordpress\/ -->\n<title>Distributeur p. serviettes tork\u00ae matic\u00ae, encastr\u00e9, inox, 1\/cs &#8211; Chemi-3 Inc.<\/title>\n<meta name=\"robots\" content=\"index, follow, max-snippet:-1, max-image-preview:large, max-video-preview:-1\" \/>\n<link rel=\"canonical\" href=\"https:\/\/chemi-3.com\/fr\/product\/distributeur-p-serviettes-tork-matic-encastre-inox-1-cs\/\" \/>\n<meta property=\"og:locale\" content=\"fr_CA\" \/>\n<meta property=\"og:type\" content=\"article\" \/>\n<meta property=\"og:title\" content=\"Distributeur p. serviettes tork\u00ae matic\u00ae, encastr\u00e9, inox, 1\/cs &#8211; Chemi-3 Inc.\" \/>\n<meta property=\"og:description\" content=\"Le distributeur encastr\u00e9 pour essuie-mains Tork\u00ae Matic\u00ae transforme facilement plusieurs distributeurs de serviettes pli\u00e9es et r\u00e9ceptacles \u00e0 d\u00e9chets en syst\u00e8mes de serviettes \u00e0 grande capacit\u00e9. Obtenez une excellente fonctionnalit\u00e9 et une consommation r\u00e9duite de serviettes gr\u00e2ce \u00e0 la distribution une \u00e0 la fois, tout en offrant une exp\u00e9rience hygi\u00e9nique de s\u00e9chage de mains sans contact. [&hellip;]\" \/>\n<meta property=\"og:url\" content=\"https:\/\/chemi-3.com\/fr\/product\/distributeur-p-serviettes-tork-matic-encastre-inox-1-cs\/\" \/>\n<meta property=\"og:site_name\" content=\"Chemi-3 Inc.\" \/>\n<meta property=\"article:publisher\" content=\"https:\/\/www.facebook.com\/chemi3inc\/\" \/>\n<meta property=\"article:modified_time\" content=\"2021-11-05T17:06:10+00:00\" \/>\n<meta property=\"og:image\" content=\"https:\/\/chemi-3.com\/wp-content\/uploads\/2021\/11\/14100332-20210811023451-1.jpg\" \/>\n\t<meta property=\"og:image:width\" content=\"900\" \/>\n\t<meta property=\"og:image:height\" content=\"900\" \/>\n\t<meta property=\"og:image:type\" content=\"image\/jpeg\" \/>\n<meta name=\"twitter:card\" content=\"summary_large_image\" \/>\n<meta name=\"twitter:site\" content=\"@chemi3inc\" \/>\n<script type=\"application\/ld+json\" class=\"yoast-schema-graph\">{\"@context\":\"https:\\\/\\\/schema.org\",\"@graph\":[{\"@type\":[\"WebPage\",\"ItemPage\"],\"@id\":\"https:\\\/\\\/chemi-3.com\\\/fr\\\/product\\\/distributeur-p-serviettes-tork-matic-encastre-inox-1-cs\\\/\",\"url\":\"https:\\\/\\\/chemi-3.com\\\/fr\\\/product\\\/distributeur-p-serviettes-tork-matic-encastre-inox-1-cs\\\/\",\"name\":\"Distributeur p. serviettes tork\u00ae matic\u00ae, encastr\u00e9, inox, 1\\\/cs &#8211; Chemi-3 Inc.\",\"isPartOf\":{\"@id\":\"https:\\\/\\\/chemi-3.com\\\/fr\\\/#website\"},\"primaryImageOfPage\":{\"@id\":\"https:\\\/\\\/chemi-3.com\\\/fr\\\/product\\\/distributeur-p-serviettes-tork-matic-encastre-inox-1-cs\\\/#primaryimage\"},\"image\":{\"@id\":\"https:\\\/\\\/chemi-3.com\\\/fr\\\/product\\\/distributeur-p-serviettes-tork-matic-encastre-inox-1-cs\\\/#primaryimage\"},\"thumbnailUrl\":\"https:\\\/\\\/chemi-3.com\\\/wp-content\\\/uploads\\\/2021\\\/11\\\/14100332-20210811023451-1.jpg\",\"datePublished\":\"2021-11-05T17:05:57+00:00\",\"dateModified\":\"2021-11-05T17:06:10+00:00\",\"breadcrumb\":{\"@id\":\"https:\\\/\\\/chemi-3.com\\\/fr\\\/product\\\/distributeur-p-serviettes-tork-matic-encastre-inox-1-cs\\\/#breadcrumb\"},\"inLanguage\":\"fr-CA\",\"potentialAction\":[{\"@type\":\"ReadAction\",\"target\":[\"https:\\\/\\\/chemi-3.com\\\/fr\\\/product\\\/distributeur-p-serviettes-tork-matic-encastre-inox-1-cs\\\/\"]}]},{\"@type\":\"ImageObject\",\"inLanguage\":\"fr-CA\",\"@id\":\"https:\\\/\\\/chemi-3.com\\\/fr\\\/product\\\/distributeur-p-serviettes-tork-matic-encastre-inox-1-cs\\\/#primaryimage\",\"url\":\"https:\\\/\\\/chemi-3.com\\\/wp-content\\\/uploads\\\/2021\\\/11\\\/14100332-20210811023451-1.jpg\",\"contentUrl\":\"https:\\\/\\\/chemi-3.com\\\/wp-content\\\/uploads\\\/2021\\\/11\\\/14100332-20210811023451-1.jpg\",\"width\":900,\"height\":900,\"caption\":\"Tork\u00ae Matic\u00ae Hand Towel Dispenser\"},{\"@type\":\"BreadcrumbList\",\"@id\":\"https:\\\/\\\/chemi-3.com\\\/fr\\\/product\\\/distributeur-p-serviettes-tork-matic-encastre-inox-1-cs\\\/#breadcrumb\",\"itemListElement\":[{\"@type\":\"ListItem\",\"position\":1,\"name\":\"Home\",\"item\":\"https:\\\/\\\/chemi-3.com\\\/fr\\\/\"},{\"@type\":\"ListItem\",\"position\":2,\"name\":\"Produits\",\"item\":\"https:\\\/\\\/chemi-3.com\\\/fr\\\/shop\\\/\"},{\"@type\":\"ListItem\",\"position\":3,\"name\":\"Distributeur p. serviettes tork\u00ae matic\u00ae, encastr\u00e9, inox, 1\\\/cs\"}]},{\"@type\":\"WebSite\",\"@id\":\"https:\\\/\\\/chemi-3.com\\\/fr\\\/#website\",\"url\":\"https:\\\/\\\/chemi-3.com\\\/fr\\\/\",\"name\":\"Chemi-3 Inc.\",\"description\":\"Montreal&#039;s premier distributor of janitorial, sanitary and commercial products.\",\"publisher\":{\"@id\":\"https:\\\/\\\/chemi-3.com\\\/fr\\\/#organization\"},\"potentialAction\":[{\"@type\":\"SearchAction\",\"target\":{\"@type\":\"EntryPoint\",\"urlTemplate\":\"https:\\\/\\\/chemi-3.com\\\/fr\\\/?s={search_term_string}\"},\"query-input\":{\"@type\":\"PropertyValueSpecification\",\"valueRequired\":true,\"valueName\":\"search_term_string\"}}],\"inLanguage\":\"fr-CA\"},{\"@type\":\"Organization\",\"@id\":\"https:\\\/\\\/chemi-3.com\\\/fr\\\/#organization\",\"name\":\"Chemi-3 Industries Inc.\",\"url\":\"https:\\\/\\\/chemi-3.com\\\/fr\\\/\",\"logo\":{\"@type\":\"ImageObject\",\"inLanguage\":\"fr-CA\",\"@id\":\"https:\\\/\\\/chemi-3.com\\\/fr\\\/#\\\/schema\\\/logo\\\/image\\\/\",\"url\":\"http:\\\/\\\/chemi-3.com\\\/wp-content\\\/uploads\\\/2021\\\/09\\\/Chemi3_logo_transparent_highres.png\",\"contentUrl\":\"http:\\\/\\\/chemi-3.com\\\/wp-content\\\/uploads\\\/2021\\\/09\\\/Chemi3_logo_transparent_highres.png\",\"width\":1000,\"height\":387,\"caption\":\"Chemi-3 Industries Inc.\"},\"image\":{\"@id\":\"https:\\\/\\\/chemi-3.com\\\/fr\\\/#\\\/schema\\\/logo\\\/image\\\/\"},\"sameAs\":[\"https:\\\/\\\/www.facebook.com\\\/chemi3inc\\\/\",\"https:\\\/\\\/x.com\\\/chemi3inc\",\"https:\\\/\\\/www.instagram.com\\\/chemi3inc\\\/\",\"https:\\\/\\\/www.linkedin.com\\\/company\\\/chemi3inc\"]}]}<\/script>\n<!-- \/ Yoast SEO plugin. -->","yoast_head_json":{"title":"Distributeur p. serviettes tork\u00ae matic\u00ae, encastr\u00e9, inox, 1\/cs &#8211; Chemi-3 Inc.","robots":{"index":"index","follow":"follow","max-snippet":"max-snippet:-1","max-image-preview":"max-image-preview:large","max-video-preview":"max-video-preview:-1"},"canonical":"https:\/\/chemi-3.com\/fr\/product\/distributeur-p-serviettes-tork-matic-encastre-inox-1-cs\/","og_locale":"fr_CA","og_type":"article","og_title":"Distributeur p. serviettes tork\u00ae matic\u00ae, encastr\u00e9, inox, 1\/cs &#8211; Chemi-3 Inc.","og_description":"Le distributeur encastr\u00e9 pour essuie-mains Tork\u00ae Matic\u00ae transforme facilement plusieurs distributeurs de serviettes pli\u00e9es et r\u00e9ceptacles \u00e0 d\u00e9chets en syst\u00e8mes de serviettes \u00e0 grande capacit\u00e9. Obtenez une excellente fonctionnalit\u00e9 et une consommation r\u00e9duite de serviettes gr\u00e2ce \u00e0 la distribution une \u00e0 la fois, tout en offrant une exp\u00e9rience hygi\u00e9nique de s\u00e9chage de mains sans contact. [&hellip;]","og_url":"https:\/\/chemi-3.com\/fr\/product\/distributeur-p-serviettes-tork-matic-encastre-inox-1-cs\/","og_site_name":"Chemi-3 Inc.","article_publisher":"https:\/\/www.facebook.com\/chemi3inc\/","article_modified_time":"2021-11-05T17:06:10+00:00","og_image":[{"width":900,"height":900,"url":"https:\/\/chemi-3.com\/wp-content\/uploads\/2021\/11\/14100332-20210811023451-1.jpg","type":"image\/jpeg"}],"twitter_card":"summary_large_image","twitter_site":"@chemi3inc","schema":{"@context":"https:\/\/schema.org","@graph":[{"@type":["WebPage","ItemPage"],"@id":"https:\/\/chemi-3.com\/fr\/product\/distributeur-p-serviettes-tork-matic-encastre-inox-1-cs\/","url":"https:\/\/chemi-3.com\/fr\/product\/distributeur-p-serviettes-tork-matic-encastre-inox-1-cs\/","name":"Distributeur p. serviettes tork\u00ae matic\u00ae, encastr\u00e9, inox, 1\/cs &#8211; Chemi-3 Inc.","isPartOf":{"@id":"https:\/\/chemi-3.com\/fr\/#website"},"primaryImageOfPage":{"@id":"https:\/\/chemi-3.com\/fr\/product\/distributeur-p-serviettes-tork-matic-encastre-inox-1-cs\/#primaryimage"},"image":{"@id":"https:\/\/chemi-3.com\/fr\/product\/distributeur-p-serviettes-tork-matic-encastre-inox-1-cs\/#primaryimage"},"thumbnailUrl":"https:\/\/chemi-3.com\/wp-content\/uploads\/2021\/11\/14100332-20210811023451-1.jpg","datePublished":"2021-11-05T17:05:57+00:00","dateModified":"2021-11-05T17:06:10+00:00","breadcrumb":{"@id":"https:\/\/chemi-3.com\/fr\/product\/distributeur-p-serviettes-tork-matic-encastre-inox-1-cs\/#breadcrumb"},"inLanguage":"fr-CA","potentialAction":[{"@type":"ReadAction","target":["https:\/\/chemi-3.com\/fr\/product\/distributeur-p-serviettes-tork-matic-encastre-inox-1-cs\/"]}]},{"@type":"ImageObject","inLanguage":"fr-CA","@id":"https:\/\/chemi-3.com\/fr\/product\/distributeur-p-serviettes-tork-matic-encastre-inox-1-cs\/#primaryimage","url":"https:\/\/chemi-3.com\/wp-content\/uploads\/2021\/11\/14100332-20210811023451-1.jpg","contentUrl":"https:\/\/chemi-3.com\/wp-content\/uploads\/2021\/11\/14100332-20210811023451-1.jpg","width":900,"height":900,"caption":"Tork\u00ae Matic\u00ae Hand Towel Dispenser"},{"@type":"BreadcrumbList","@id":"https:\/\/chemi-3.com\/fr\/product\/distributeur-p-serviettes-tork-matic-encastre-inox-1-cs\/#breadcrumb","itemListElement":[{"@type":"ListItem","position":1,"name":"Home","item":"https:\/\/chemi-3.com\/fr\/"},{"@type":"ListItem","position":2,"name":"Produits","item":"https:\/\/chemi-3.com\/fr\/shop\/"},{"@type":"ListItem","position":3,"name":"Distributeur p. serviettes tork\u00ae matic\u00ae, encastr\u00e9, inox, 1\/cs"}]},{"@type":"WebSite","@id":"https:\/\/chemi-3.com\/fr\/#website","url":"https:\/\/chemi-3.com\/fr\/","name":"Chemi-3 Inc.","description":"Montreal&#039;s premier distributor of janitorial, sanitary and commercial products.","publisher":{"@id":"https:\/\/chemi-3.com\/fr\/#organization"},"potentialAction":[{"@type":"SearchAction","target":{"@type":"EntryPoint","urlTemplate":"https:\/\/chemi-3.com\/fr\/?s={search_term_string}"},"query-input":{"@type":"PropertyValueSpecification","valueRequired":true,"valueName":"search_term_string"}}],"inLanguage":"fr-CA"},{"@type":"Organization","@id":"https:\/\/chemi-3.com\/fr\/#organization","name":"Chemi-3 Industries Inc.","url":"https:\/\/chemi-3.com\/fr\/","logo":{"@type":"ImageObject","inLanguage":"fr-CA","@id":"https:\/\/chemi-3.com\/fr\/#\/schema\/logo\/image\/","url":"http:\/\/chemi-3.com\/wp-content\/uploads\/2021\/09\/Chemi3_logo_transparent_highres.png","contentUrl":"http:\/\/chemi-3.com\/wp-content\/uploads\/2021\/09\/Chemi3_logo_transparent_highres.png","width":1000,"height":387,"caption":"Chemi-3 Industries Inc."},"image":{"@id":"https:\/\/chemi-3.com\/fr\/#\/schema\/logo\/image\/"},"sameAs":["https:\/\/www.facebook.com\/chemi3inc\/","https:\/\/x.com\/chemi3inc","https:\/\/www.instagram.com\/chemi3inc\/","https:\/\/www.linkedin.com\/company\/chemi3inc"]}]}},"_links":{"self":[{"href":"https:\/\/chemi-3.com\/fr\/wp-json\/wp\/v2\/product\/27839","targetHints":{"allow":["GET"]}}],"collection":[{"href":"https:\/\/chemi-3.com\/fr\/wp-json\/wp\/v2\/product"}],"about":[{"href":"https:\/\/chemi-3.com\/fr\/wp-json\/wp\/v2\/types\/product"}],"replies":[{"embeddable":true,"href":"https:\/\/chemi-3.com\/fr\/wp-json\/wp\/v2\/comments?post=27839"}],"wp:featuredmedia":[{"embeddable":true,"href":"https:\/\/chemi-3.com\/fr\/wp-json\/wp\/v2\/media\/24156"}],"wp:attachment":[{"href":"https:\/\/chemi-3.com\/fr\/wp-json\/wp\/v2\/media?parent=27839"}],"wp:term":[{"taxonomy":"product_brand","embeddable":true,"href":"https:\/\/chemi-3.com\/fr\/wp-json\/wp\/v2\/product_brand?post=27839"},{"taxonomy":"product_cat","embeddable":true,"href":"https:\/\/chemi-3.com\/fr\/wp-json\/wp\/v2\/product_cat?post=27839"},{"taxonomy":"product_tag","embeddable":true,"href":"https:\/\/chemi-3.com\/fr\/wp-json\/wp\/v2\/product_tag?post=27839"}],"curies":[{"name":"wp","href":"https:\/\/api.w.org\/{rel}","templated":true}]}}