{"id":27846,"date":"2021-11-05T13:05:57","date_gmt":"2021-11-05T17:05:57","guid":{"rendered":"https:\/\/chemi-3.com\/product\/distributeur-mecanique-p-serviettes-en-rouleau-tork-mini-plastique-noir-1-cs\/"},"modified":"2021-11-05T13:06:13","modified_gmt":"2021-11-05T17:06:13","slug":"distributeur-mecanique-p-serviettes-en-rouleau-tork-mini-plastique-noir-1-cs","status":"publish","type":"product","link":"https:\/\/chemi-3.com\/fr\/product\/distributeur-mecanique-p-serviettes-en-rouleau-tork-mini-plastique-noir-1-cs\/","title":{"rendered":"Distributeur m\u00e9canique p. serviettes en rouleau tork\u00ae mini, plastique, noir, 1\/cs"},"content":{"rendered":"<body><p>Le distributeur m\u00e9canique de serviettes \u00e0 mains en rouleau Tork\u00ae Mini est id\u00e9al pour les environnements \u00e0 espace limit\u00e9. Con\u00e7u pour les espaces serr\u00e9s utilis\u00e9s auparavant pour des serviettes pli\u00e9es, le distributeur m\u00e9canique Tork\u00ae Mini offre les avantages op\u00e9rationnels d\u2019un plus gros distributeur de serviettes en rouleau dans un design compact et attrayant.<br>\nUnit\u00e9 de mesure : 1\/EA<\/p>\n<\/body>","protected":false},"excerpt":{"rendered":"<p>Le distributeur m\u00e9canique de serviettes \u00e0 mains en rouleau Tork\u00ae Mini est id\u00e9al pour les environnements \u00e0 espace limit\u00e9. Con\u00e7u pour les espaces serr\u00e9s utilis\u00e9s auparavant pour des serviettes pli\u00e9es, le distributeur m\u00e9canique Tork\u00ae Mini offre les avantages op\u00e9rationnels d\u2019un plus gros distributeur de serviettes en rouleau dans un design compact et attrayant. Unit\u00e9 de [&hellip;]<\/p>\n","protected":false},"featured_media":24168,"comment_status":"closed","ping_status":"open","template":"","meta":{"_et_pb_use_builder":"","_et_pb_old_content":"","_et_gb_content_width":""},"product_brand":[],"product_cat":[12832],"product_tag":[13934,13690,13617,13689],"class_list":{"0":"post-27846","1":"product","2":"type-product","3":"status-publish","4":"has-post-thumbnail","6":"product_cat-distributrices-dessuie-mains-enroules-serres","7":"product_tag-distributrices-dessuie-mains-enroules-serres","8":"product_tag-essuie-mains-en-rouleau","9":"product_tag-essuie-mains-papier-hygienique-et-lingettes","10":"product_tag-lingettes","11":"pa_country-of-origin-united-states","12":"pa_is-hazardous-material-non","13":"pa_product-material-plastique","15":"first","16":"instock","17":"taxable","18":"shipping-taxable","19":"purchasable","20":"product-type-simple"},"yoast_head":"<!-- This site is optimized with the Yoast SEO plugin v27.5 - https:\/\/yoast.com\/product\/yoast-seo-wordpress\/ -->\n<title>Distributeur m\u00e9canique p. serviettes en rouleau tork\u00ae mini, plastique, noir, 1\/cs &#8211; Chemi-3 Inc.<\/title>\n<meta name=\"robots\" content=\"index, follow, max-snippet:-1, max-image-preview:large, max-video-preview:-1\" \/>\n<link rel=\"canonical\" href=\"https:\/\/chemi-3.com\/fr\/product\/distributeur-mecanique-p-serviettes-en-rouleau-tork-mini-plastique-noir-1-cs\/\" \/>\n<meta property=\"og:locale\" content=\"fr_CA\" \/>\n<meta property=\"og:type\" content=\"article\" \/>\n<meta property=\"og:title\" content=\"Distributeur m\u00e9canique p. serviettes en rouleau tork\u00ae mini, plastique, noir, 1\/cs &#8211; Chemi-3 Inc.\" \/>\n<meta property=\"og:description\" content=\"Le distributeur m\u00e9canique de serviettes \u00e0 mains en rouleau Tork\u00ae Mini est id\u00e9al pour les environnements \u00e0 espace limit\u00e9. Con\u00e7u pour les espaces serr\u00e9s utilis\u00e9s auparavant pour des serviettes pli\u00e9es, le distributeur m\u00e9canique Tork\u00ae Mini offre les avantages op\u00e9rationnels d\u2019un plus gros distributeur de serviettes en rouleau dans un design compact et attrayant. Unit\u00e9 de [&hellip;]\" \/>\n<meta property=\"og:url\" content=\"https:\/\/chemi-3.com\/fr\/product\/distributeur-mecanique-p-serviettes-en-rouleau-tork-mini-plastique-noir-1-cs\/\" \/>\n<meta property=\"og:site_name\" content=\"Chemi-3 Inc.\" \/>\n<meta property=\"article:publisher\" content=\"https:\/\/www.facebook.com\/chemi3inc\/\" \/>\n<meta property=\"article:modified_time\" content=\"2021-11-05T17:06:13+00:00\" \/>\n<meta property=\"og:image\" content=\"https:\/\/chemi-3.com\/wp-content\/uploads\/2021\/11\/14100588-20210902030407-1.jpg\" \/>\n\t<meta property=\"og:image:width\" content=\"900\" \/>\n\t<meta property=\"og:image:height\" content=\"900\" \/>\n\t<meta property=\"og:image:type\" content=\"image\/jpeg\" \/>\n<meta name=\"twitter:card\" content=\"summary_large_image\" \/>\n<meta name=\"twitter:site\" content=\"@chemi3inc\" \/>\n<script type=\"application\/ld+json\" class=\"yoast-schema-graph\">{\"@context\":\"https:\\\/\\\/schema.org\",\"@graph\":[{\"@type\":[\"WebPage\",\"ItemPage\"],\"@id\":\"https:\\\/\\\/chemi-3.com\\\/fr\\\/product\\\/distributeur-mecanique-p-serviettes-en-rouleau-tork-mini-plastique-noir-1-cs\\\/\",\"url\":\"https:\\\/\\\/chemi-3.com\\\/fr\\\/product\\\/distributeur-mecanique-p-serviettes-en-rouleau-tork-mini-plastique-noir-1-cs\\\/\",\"name\":\"Distributeur m\u00e9canique p. serviettes en rouleau tork\u00ae mini, plastique, noir, 1\\\/cs &#8211; Chemi-3 Inc.\",\"isPartOf\":{\"@id\":\"https:\\\/\\\/chemi-3.com\\\/fr\\\/#website\"},\"primaryImageOfPage\":{\"@id\":\"https:\\\/\\\/chemi-3.com\\\/fr\\\/product\\\/distributeur-mecanique-p-serviettes-en-rouleau-tork-mini-plastique-noir-1-cs\\\/#primaryimage\"},\"image\":{\"@id\":\"https:\\\/\\\/chemi-3.com\\\/fr\\\/product\\\/distributeur-mecanique-p-serviettes-en-rouleau-tork-mini-plastique-noir-1-cs\\\/#primaryimage\"},\"thumbnailUrl\":\"https:\\\/\\\/chemi-3.com\\\/wp-content\\\/uploads\\\/2021\\\/11\\\/14100588-20210902030407-1.jpg\",\"datePublished\":\"2021-11-05T17:05:57+00:00\",\"dateModified\":\"2021-11-05T17:06:13+00:00\",\"breadcrumb\":{\"@id\":\"https:\\\/\\\/chemi-3.com\\\/fr\\\/product\\\/distributeur-mecanique-p-serviettes-en-rouleau-tork-mini-plastique-noir-1-cs\\\/#breadcrumb\"},\"inLanguage\":\"fr-CA\",\"potentialAction\":[{\"@type\":\"ReadAction\",\"target\":[\"https:\\\/\\\/chemi-3.com\\\/fr\\\/product\\\/distributeur-mecanique-p-serviettes-en-rouleau-tork-mini-plastique-noir-1-cs\\\/\"]}]},{\"@type\":\"ImageObject\",\"inLanguage\":\"fr-CA\",\"@id\":\"https:\\\/\\\/chemi-3.com\\\/fr\\\/product\\\/distributeur-mecanique-p-serviettes-en-rouleau-tork-mini-plastique-noir-1-cs\\\/#primaryimage\",\"url\":\"https:\\\/\\\/chemi-3.com\\\/wp-content\\\/uploads\\\/2021\\\/11\\\/14100588-20210902030407-1.jpg\",\"contentUrl\":\"https:\\\/\\\/chemi-3.com\\\/wp-content\\\/uploads\\\/2021\\\/11\\\/14100588-20210902030407-1.jpg\",\"width\":900,\"height\":900,\"caption\":\"Tork\u00ae Mini Mechanical Hand Towel Roll Dispenser\"},{\"@type\":\"BreadcrumbList\",\"@id\":\"https:\\\/\\\/chemi-3.com\\\/fr\\\/product\\\/distributeur-mecanique-p-serviettes-en-rouleau-tork-mini-plastique-noir-1-cs\\\/#breadcrumb\",\"itemListElement\":[{\"@type\":\"ListItem\",\"position\":1,\"name\":\"Home\",\"item\":\"https:\\\/\\\/chemi-3.com\\\/fr\\\/\"},{\"@type\":\"ListItem\",\"position\":2,\"name\":\"Produits\",\"item\":\"https:\\\/\\\/chemi-3.com\\\/fr\\\/shop\\\/\"},{\"@type\":\"ListItem\",\"position\":3,\"name\":\"Distributeur m\u00e9canique p. serviettes en rouleau tork\u00ae mini, plastique, noir, 1\\\/cs\"}]},{\"@type\":\"WebSite\",\"@id\":\"https:\\\/\\\/chemi-3.com\\\/fr\\\/#website\",\"url\":\"https:\\\/\\\/chemi-3.com\\\/fr\\\/\",\"name\":\"Chemi-3 Inc.\",\"description\":\"Montreal&#039;s premier distributor of janitorial, sanitary and commercial products.\",\"publisher\":{\"@id\":\"https:\\\/\\\/chemi-3.com\\\/fr\\\/#organization\"},\"potentialAction\":[{\"@type\":\"SearchAction\",\"target\":{\"@type\":\"EntryPoint\",\"urlTemplate\":\"https:\\\/\\\/chemi-3.com\\\/fr\\\/?s={search_term_string}\"},\"query-input\":{\"@type\":\"PropertyValueSpecification\",\"valueRequired\":true,\"valueName\":\"search_term_string\"}}],\"inLanguage\":\"fr-CA\"},{\"@type\":\"Organization\",\"@id\":\"https:\\\/\\\/chemi-3.com\\\/fr\\\/#organization\",\"name\":\"Chemi-3 Industries Inc.\",\"url\":\"https:\\\/\\\/chemi-3.com\\\/fr\\\/\",\"logo\":{\"@type\":\"ImageObject\",\"inLanguage\":\"fr-CA\",\"@id\":\"https:\\\/\\\/chemi-3.com\\\/fr\\\/#\\\/schema\\\/logo\\\/image\\\/\",\"url\":\"http:\\\/\\\/chemi-3.com\\\/wp-content\\\/uploads\\\/2021\\\/09\\\/Chemi3_logo_transparent_highres.png\",\"contentUrl\":\"http:\\\/\\\/chemi-3.com\\\/wp-content\\\/uploads\\\/2021\\\/09\\\/Chemi3_logo_transparent_highres.png\",\"width\":1000,\"height\":387,\"caption\":\"Chemi-3 Industries Inc.\"},\"image\":{\"@id\":\"https:\\\/\\\/chemi-3.com\\\/fr\\\/#\\\/schema\\\/logo\\\/image\\\/\"},\"sameAs\":[\"https:\\\/\\\/www.facebook.com\\\/chemi3inc\\\/\",\"https:\\\/\\\/x.com\\\/chemi3inc\",\"https:\\\/\\\/www.instagram.com\\\/chemi3inc\\\/\",\"https:\\\/\\\/www.linkedin.com\\\/company\\\/chemi3inc\"]}]}<\/script>\n<!-- \/ Yoast SEO plugin. -->","yoast_head_json":{"title":"Distributeur m\u00e9canique p. serviettes en rouleau tork\u00ae mini, plastique, noir, 1\/cs &#8211; Chemi-3 Inc.","robots":{"index":"index","follow":"follow","max-snippet":"max-snippet:-1","max-image-preview":"max-image-preview:large","max-video-preview":"max-video-preview:-1"},"canonical":"https:\/\/chemi-3.com\/fr\/product\/distributeur-mecanique-p-serviettes-en-rouleau-tork-mini-plastique-noir-1-cs\/","og_locale":"fr_CA","og_type":"article","og_title":"Distributeur m\u00e9canique p. serviettes en rouleau tork\u00ae mini, plastique, noir, 1\/cs &#8211; Chemi-3 Inc.","og_description":"Le distributeur m\u00e9canique de serviettes \u00e0 mains en rouleau Tork\u00ae Mini est id\u00e9al pour les environnements \u00e0 espace limit\u00e9. Con\u00e7u pour les espaces serr\u00e9s utilis\u00e9s auparavant pour des serviettes pli\u00e9es, le distributeur m\u00e9canique Tork\u00ae Mini offre les avantages op\u00e9rationnels d\u2019un plus gros distributeur de serviettes en rouleau dans un design compact et attrayant. Unit\u00e9 de [&hellip;]","og_url":"https:\/\/chemi-3.com\/fr\/product\/distributeur-mecanique-p-serviettes-en-rouleau-tork-mini-plastique-noir-1-cs\/","og_site_name":"Chemi-3 Inc.","article_publisher":"https:\/\/www.facebook.com\/chemi3inc\/","article_modified_time":"2021-11-05T17:06:13+00:00","og_image":[{"width":900,"height":900,"url":"https:\/\/chemi-3.com\/wp-content\/uploads\/2021\/11\/14100588-20210902030407-1.jpg","type":"image\/jpeg"}],"twitter_card":"summary_large_image","twitter_site":"@chemi3inc","schema":{"@context":"https:\/\/schema.org","@graph":[{"@type":["WebPage","ItemPage"],"@id":"https:\/\/chemi-3.com\/fr\/product\/distributeur-mecanique-p-serviettes-en-rouleau-tork-mini-plastique-noir-1-cs\/","url":"https:\/\/chemi-3.com\/fr\/product\/distributeur-mecanique-p-serviettes-en-rouleau-tork-mini-plastique-noir-1-cs\/","name":"Distributeur m\u00e9canique p. serviettes en rouleau tork\u00ae mini, plastique, noir, 1\/cs &#8211; Chemi-3 Inc.","isPartOf":{"@id":"https:\/\/chemi-3.com\/fr\/#website"},"primaryImageOfPage":{"@id":"https:\/\/chemi-3.com\/fr\/product\/distributeur-mecanique-p-serviettes-en-rouleau-tork-mini-plastique-noir-1-cs\/#primaryimage"},"image":{"@id":"https:\/\/chemi-3.com\/fr\/product\/distributeur-mecanique-p-serviettes-en-rouleau-tork-mini-plastique-noir-1-cs\/#primaryimage"},"thumbnailUrl":"https:\/\/chemi-3.com\/wp-content\/uploads\/2021\/11\/14100588-20210902030407-1.jpg","datePublished":"2021-11-05T17:05:57+00:00","dateModified":"2021-11-05T17:06:13+00:00","breadcrumb":{"@id":"https:\/\/chemi-3.com\/fr\/product\/distributeur-mecanique-p-serviettes-en-rouleau-tork-mini-plastique-noir-1-cs\/#breadcrumb"},"inLanguage":"fr-CA","potentialAction":[{"@type":"ReadAction","target":["https:\/\/chemi-3.com\/fr\/product\/distributeur-mecanique-p-serviettes-en-rouleau-tork-mini-plastique-noir-1-cs\/"]}]},{"@type":"ImageObject","inLanguage":"fr-CA","@id":"https:\/\/chemi-3.com\/fr\/product\/distributeur-mecanique-p-serviettes-en-rouleau-tork-mini-plastique-noir-1-cs\/#primaryimage","url":"https:\/\/chemi-3.com\/wp-content\/uploads\/2021\/11\/14100588-20210902030407-1.jpg","contentUrl":"https:\/\/chemi-3.com\/wp-content\/uploads\/2021\/11\/14100588-20210902030407-1.jpg","width":900,"height":900,"caption":"Tork\u00ae Mini Mechanical Hand Towel Roll Dispenser"},{"@type":"BreadcrumbList","@id":"https:\/\/chemi-3.com\/fr\/product\/distributeur-mecanique-p-serviettes-en-rouleau-tork-mini-plastique-noir-1-cs\/#breadcrumb","itemListElement":[{"@type":"ListItem","position":1,"name":"Home","item":"https:\/\/chemi-3.com\/fr\/"},{"@type":"ListItem","position":2,"name":"Produits","item":"https:\/\/chemi-3.com\/fr\/shop\/"},{"@type":"ListItem","position":3,"name":"Distributeur m\u00e9canique p. serviettes en rouleau tork\u00ae mini, plastique, noir, 1\/cs"}]},{"@type":"WebSite","@id":"https:\/\/chemi-3.com\/fr\/#website","url":"https:\/\/chemi-3.com\/fr\/","name":"Chemi-3 Inc.","description":"Montreal&#039;s premier distributor of janitorial, sanitary and commercial products.","publisher":{"@id":"https:\/\/chemi-3.com\/fr\/#organization"},"potentialAction":[{"@type":"SearchAction","target":{"@type":"EntryPoint","urlTemplate":"https:\/\/chemi-3.com\/fr\/?s={search_term_string}"},"query-input":{"@type":"PropertyValueSpecification","valueRequired":true,"valueName":"search_term_string"}}],"inLanguage":"fr-CA"},{"@type":"Organization","@id":"https:\/\/chemi-3.com\/fr\/#organization","name":"Chemi-3 Industries Inc.","url":"https:\/\/chemi-3.com\/fr\/","logo":{"@type":"ImageObject","inLanguage":"fr-CA","@id":"https:\/\/chemi-3.com\/fr\/#\/schema\/logo\/image\/","url":"http:\/\/chemi-3.com\/wp-content\/uploads\/2021\/09\/Chemi3_logo_transparent_highres.png","contentUrl":"http:\/\/chemi-3.com\/wp-content\/uploads\/2021\/09\/Chemi3_logo_transparent_highres.png","width":1000,"height":387,"caption":"Chemi-3 Industries Inc."},"image":{"@id":"https:\/\/chemi-3.com\/fr\/#\/schema\/logo\/image\/"},"sameAs":["https:\/\/www.facebook.com\/chemi3inc\/","https:\/\/x.com\/chemi3inc","https:\/\/www.instagram.com\/chemi3inc\/","https:\/\/www.linkedin.com\/company\/chemi3inc"]}]}},"_links":{"self":[{"href":"https:\/\/chemi-3.com\/fr\/wp-json\/wp\/v2\/product\/27846","targetHints":{"allow":["GET"]}}],"collection":[{"href":"https:\/\/chemi-3.com\/fr\/wp-json\/wp\/v2\/product"}],"about":[{"href":"https:\/\/chemi-3.com\/fr\/wp-json\/wp\/v2\/types\/product"}],"replies":[{"embeddable":true,"href":"https:\/\/chemi-3.com\/fr\/wp-json\/wp\/v2\/comments?post=27846"}],"wp:featuredmedia":[{"embeddable":true,"href":"https:\/\/chemi-3.com\/fr\/wp-json\/wp\/v2\/media\/24168"}],"wp:attachment":[{"href":"https:\/\/chemi-3.com\/fr\/wp-json\/wp\/v2\/media?parent=27846"}],"wp:term":[{"taxonomy":"product_brand","embeddable":true,"href":"https:\/\/chemi-3.com\/fr\/wp-json\/wp\/v2\/product_brand?post=27846"},{"taxonomy":"product_cat","embeddable":true,"href":"https:\/\/chemi-3.com\/fr\/wp-json\/wp\/v2\/product_cat?post=27846"},{"taxonomy":"product_tag","embeddable":true,"href":"https:\/\/chemi-3.com\/fr\/wp-json\/wp\/v2\/product_tag?post=27846"}],"curies":[{"name":"wp","href":"https:\/\/api.w.org\/{rel}","templated":true}]}}