{"id":27864,"date":"2021-11-05T13:06:23","date_gmt":"2021-11-05T17:06:23","guid":{"rendered":"https:\/\/chemi-3.com\/product\/papier-hygienique-cascades-pro-select-en-rouleau-geant-2-epaisseurs-blanc\/"},"modified":"2021-11-05T13:06:26","modified_gmt":"2021-11-05T17:06:26","slug":"papier-hygienique-cascades-pro-select-en-rouleau-geant-2-epaisseurs-blanc","status":"publish","type":"product","link":"https:\/\/chemi-3.com\/fr\/product\/papier-hygienique-cascades-pro-select-en-rouleau-geant-2-epaisseurs-blanc\/","title":{"rendered":"Papier hygi\u00e9nique cascades pro select\u00ae en rouleau g\u00e9ant, 2 \u00e9paisseurs, blanc"},"content":{"rendered":"<body><p>Le papier toilette deux \u00e9paisseurs en rouleau g\u00e9ant de Cascades est doux et absorbant.\u00a0Parfait pour les toilettes publiques tr\u00e8s achaland\u00e9es, ce rouleau g\u00e9ant qui contient 229 m\u00e8tres de papier toilette, contribue \u00e0 r\u00e9duire les p\u00e9nuries et la n\u00e9cessit\u00e9 de sans cesse renouveler les stocks.\u00a0Compos\u00e9 \u00e0 100\u00a0% de fibres recycl\u00e9es, ce papier toilette \u00e0 co\u00fbt abordable associe bonne valeur et qualit\u00e9; il est id\u00e9al pour r\u00e9pondre \u00e0 toutes vos exigences dans les toilettes des \u00e9tablissements de d\u00e9tail, de restauration et industriels. Ce produit est biod\u00e9gradable, ne bloque pas la tuyauterie et est sans danger pour les fosses septiques.<br>\nUnit\u00e9 de mesure : <\/p>\n<\/body>","protected":false},"excerpt":{"rendered":"<p>Le papier toilette deux \u00e9paisseurs en rouleau g\u00e9ant de Cascades est doux et absorbant.\u00a0Parfait pour les toilettes publiques tr\u00e8s achaland\u00e9es, ce rouleau g\u00e9ant qui contient 229 m\u00e8tres de papier toilette, contribue \u00e0 r\u00e9duire les p\u00e9nuries et la n\u00e9cessit\u00e9 de sans cesse renouveler les stocks.\u00a0Compos\u00e9 \u00e0 100\u00a0% de fibres recycl\u00e9es, ce papier toilette \u00e0 co\u00fbt abordable [&hellip;]<\/p>\n","protected":false},"featured_media":24195,"comment_status":"closed","ping_status":"open","template":"","meta":{"_et_pb_use_builder":"","_et_pb_old_content":"","_et_gb_content_width":""},"product_brand":[],"product_cat":[12525],"product_tag":[13617,13689,13691],"class_list":{"0":"post-27864","1":"product","2":"type-product","3":"status-publish","4":"has-post-thumbnail","6":"product_cat-papier-hygienique-standard","7":"product_tag-essuie-mains-papier-hygienique-et-lingettes","8":"product_tag-lingettes","9":"product_tag-papier-hygienique-standard","10":"pa_country-of-origin-canada-fr","11":"pa_environmental-status-recyclable-fr","12":"pa_is-hazardous-material-non","13":"pa_product-colour-blanc","14":"pa_product-material-100-recycled-fibers-2","15":"pa_product-shape-cylindrique","17":"first","18":"instock","19":"taxable","20":"shipping-taxable","21":"purchasable","22":"product-type-simple"},"yoast_head":"<!-- This site is optimized with the Yoast SEO plugin v27.5 - https:\/\/yoast.com\/product\/yoast-seo-wordpress\/ -->\n<title>Papier hygi\u00e9nique cascades pro select\u00ae en rouleau g\u00e9ant, 2 \u00e9paisseurs, blanc &#8211; Chemi-3 Inc.<\/title>\n<meta name=\"robots\" content=\"index, follow, max-snippet:-1, max-image-preview:large, max-video-preview:-1\" \/>\n<link rel=\"canonical\" href=\"https:\/\/chemi-3.com\/fr\/product\/papier-hygienique-cascades-pro-select-en-rouleau-geant-2-epaisseurs-blanc\/\" \/>\n<meta property=\"og:locale\" content=\"fr_CA\" \/>\n<meta property=\"og:type\" content=\"article\" \/>\n<meta property=\"og:title\" content=\"Papier hygi\u00e9nique cascades pro select\u00ae en rouleau g\u00e9ant, 2 \u00e9paisseurs, blanc &#8211; Chemi-3 Inc.\" \/>\n<meta property=\"og:description\" content=\"Le papier toilette deux \u00e9paisseurs en rouleau g\u00e9ant de Cascades est doux et absorbant.\u00a0Parfait pour les toilettes publiques tr\u00e8s achaland\u00e9es, ce rouleau g\u00e9ant qui contient 229 m\u00e8tres de papier toilette, contribue \u00e0 r\u00e9duire les p\u00e9nuries et la n\u00e9cessit\u00e9 de sans cesse renouveler les stocks.\u00a0Compos\u00e9 \u00e0 100\u00a0% de fibres recycl\u00e9es, ce papier toilette \u00e0 co\u00fbt abordable [&hellip;]\" \/>\n<meta property=\"og:url\" content=\"https:\/\/chemi-3.com\/fr\/product\/papier-hygienique-cascades-pro-select-en-rouleau-geant-2-epaisseurs-blanc\/\" \/>\n<meta property=\"og:site_name\" content=\"Chemi-3 Inc.\" \/>\n<meta property=\"article:publisher\" content=\"https:\/\/www.facebook.com\/chemi3inc\/\" \/>\n<meta property=\"article:modified_time\" content=\"2021-11-05T17:06:26+00:00\" \/>\n<meta property=\"og:image\" content=\"https:\/\/chemi-3.com\/wp-content\/uploads\/2021\/11\/01700177-1-20210904201749-1.jpg\" \/>\n\t<meta property=\"og:image:width\" content=\"900\" \/>\n\t<meta property=\"og:image:height\" content=\"750\" \/>\n\t<meta property=\"og:image:type\" content=\"image\/jpeg\" \/>\n<meta name=\"twitter:card\" content=\"summary_large_image\" \/>\n<meta name=\"twitter:site\" content=\"@chemi3inc\" \/>\n<meta name=\"twitter:label1\" content=\"Estimation du temps de lecture\" \/>\n\t<meta name=\"twitter:data1\" content=\"1 minute\" \/>\n<script type=\"application\/ld+json\" class=\"yoast-schema-graph\">{\"@context\":\"https:\\\/\\\/schema.org\",\"@graph\":[{\"@type\":[\"WebPage\",\"ItemPage\"],\"@id\":\"https:\\\/\\\/chemi-3.com\\\/fr\\\/product\\\/papier-hygienique-cascades-pro-select-en-rouleau-geant-2-epaisseurs-blanc\\\/\",\"url\":\"https:\\\/\\\/chemi-3.com\\\/fr\\\/product\\\/papier-hygienique-cascades-pro-select-en-rouleau-geant-2-epaisseurs-blanc\\\/\",\"name\":\"Papier hygi\u00e9nique cascades pro select\u00ae en rouleau g\u00e9ant, 2 \u00e9paisseurs, blanc &#8211; Chemi-3 Inc.\",\"isPartOf\":{\"@id\":\"https:\\\/\\\/chemi-3.com\\\/fr\\\/#website\"},\"primaryImageOfPage\":{\"@id\":\"https:\\\/\\\/chemi-3.com\\\/fr\\\/product\\\/papier-hygienique-cascades-pro-select-en-rouleau-geant-2-epaisseurs-blanc\\\/#primaryimage\"},\"image\":{\"@id\":\"https:\\\/\\\/chemi-3.com\\\/fr\\\/product\\\/papier-hygienique-cascades-pro-select-en-rouleau-geant-2-epaisseurs-blanc\\\/#primaryimage\"},\"thumbnailUrl\":\"https:\\\/\\\/chemi-3.com\\\/wp-content\\\/uploads\\\/2021\\\/11\\\/01700177-1-20210904201749-1.jpg\",\"datePublished\":\"2021-11-05T17:06:23+00:00\",\"dateModified\":\"2021-11-05T17:06:26+00:00\",\"breadcrumb\":{\"@id\":\"https:\\\/\\\/chemi-3.com\\\/fr\\\/product\\\/papier-hygienique-cascades-pro-select-en-rouleau-geant-2-epaisseurs-blanc\\\/#breadcrumb\"},\"inLanguage\":\"fr-CA\",\"potentialAction\":[{\"@type\":\"ReadAction\",\"target\":[\"https:\\\/\\\/chemi-3.com\\\/fr\\\/product\\\/papier-hygienique-cascades-pro-select-en-rouleau-geant-2-epaisseurs-blanc\\\/\"]}]},{\"@type\":\"ImageObject\",\"inLanguage\":\"fr-CA\",\"@id\":\"https:\\\/\\\/chemi-3.com\\\/fr\\\/product\\\/papier-hygienique-cascades-pro-select-en-rouleau-geant-2-epaisseurs-blanc\\\/#primaryimage\",\"url\":\"https:\\\/\\\/chemi-3.com\\\/wp-content\\\/uploads\\\/2021\\\/11\\\/01700177-1-20210904201749-1.jpg\",\"contentUrl\":\"https:\\\/\\\/chemi-3.com\\\/wp-content\\\/uploads\\\/2021\\\/11\\\/01700177-1-20210904201749-1.jpg\",\"width\":900,\"height\":750,\"caption\":\"Cascades Pro Select\u00ae Jumbo Toilet Paper\"},{\"@type\":\"BreadcrumbList\",\"@id\":\"https:\\\/\\\/chemi-3.com\\\/fr\\\/product\\\/papier-hygienique-cascades-pro-select-en-rouleau-geant-2-epaisseurs-blanc\\\/#breadcrumb\",\"itemListElement\":[{\"@type\":\"ListItem\",\"position\":1,\"name\":\"Home\",\"item\":\"https:\\\/\\\/chemi-3.com\\\/fr\\\/\"},{\"@type\":\"ListItem\",\"position\":2,\"name\":\"Produits\",\"item\":\"https:\\\/\\\/chemi-3.com\\\/fr\\\/shop\\\/\"},{\"@type\":\"ListItem\",\"position\":3,\"name\":\"Papier hygi\u00e9nique cascades pro select\u00ae en rouleau g\u00e9ant, 2 \u00e9paisseurs, blanc\"}]},{\"@type\":\"WebSite\",\"@id\":\"https:\\\/\\\/chemi-3.com\\\/fr\\\/#website\",\"url\":\"https:\\\/\\\/chemi-3.com\\\/fr\\\/\",\"name\":\"Chemi-3 Inc.\",\"description\":\"Montreal&#039;s premier distributor of janitorial, sanitary and commercial products.\",\"publisher\":{\"@id\":\"https:\\\/\\\/chemi-3.com\\\/fr\\\/#organization\"},\"potentialAction\":[{\"@type\":\"SearchAction\",\"target\":{\"@type\":\"EntryPoint\",\"urlTemplate\":\"https:\\\/\\\/chemi-3.com\\\/fr\\\/?s={search_term_string}\"},\"query-input\":{\"@type\":\"PropertyValueSpecification\",\"valueRequired\":true,\"valueName\":\"search_term_string\"}}],\"inLanguage\":\"fr-CA\"},{\"@type\":\"Organization\",\"@id\":\"https:\\\/\\\/chemi-3.com\\\/fr\\\/#organization\",\"name\":\"Chemi-3 Industries Inc.\",\"url\":\"https:\\\/\\\/chemi-3.com\\\/fr\\\/\",\"logo\":{\"@type\":\"ImageObject\",\"inLanguage\":\"fr-CA\",\"@id\":\"https:\\\/\\\/chemi-3.com\\\/fr\\\/#\\\/schema\\\/logo\\\/image\\\/\",\"url\":\"http:\\\/\\\/chemi-3.com\\\/wp-content\\\/uploads\\\/2021\\\/09\\\/Chemi3_logo_transparent_highres.png\",\"contentUrl\":\"http:\\\/\\\/chemi-3.com\\\/wp-content\\\/uploads\\\/2021\\\/09\\\/Chemi3_logo_transparent_highres.png\",\"width\":1000,\"height\":387,\"caption\":\"Chemi-3 Industries Inc.\"},\"image\":{\"@id\":\"https:\\\/\\\/chemi-3.com\\\/fr\\\/#\\\/schema\\\/logo\\\/image\\\/\"},\"sameAs\":[\"https:\\\/\\\/www.facebook.com\\\/chemi3inc\\\/\",\"https:\\\/\\\/x.com\\\/chemi3inc\",\"https:\\\/\\\/www.instagram.com\\\/chemi3inc\\\/\",\"https:\\\/\\\/www.linkedin.com\\\/company\\\/chemi3inc\"]}]}<\/script>\n<!-- \/ Yoast SEO plugin. -->","yoast_head_json":{"title":"Papier hygi\u00e9nique cascades pro select\u00ae en rouleau g\u00e9ant, 2 \u00e9paisseurs, blanc &#8211; Chemi-3 Inc.","robots":{"index":"index","follow":"follow","max-snippet":"max-snippet:-1","max-image-preview":"max-image-preview:large","max-video-preview":"max-video-preview:-1"},"canonical":"https:\/\/chemi-3.com\/fr\/product\/papier-hygienique-cascades-pro-select-en-rouleau-geant-2-epaisseurs-blanc\/","og_locale":"fr_CA","og_type":"article","og_title":"Papier hygi\u00e9nique cascades pro select\u00ae en rouleau g\u00e9ant, 2 \u00e9paisseurs, blanc &#8211; Chemi-3 Inc.","og_description":"Le papier toilette deux \u00e9paisseurs en rouleau g\u00e9ant de Cascades est doux et absorbant.\u00a0Parfait pour les toilettes publiques tr\u00e8s achaland\u00e9es, ce rouleau g\u00e9ant qui contient 229 m\u00e8tres de papier toilette, contribue \u00e0 r\u00e9duire les p\u00e9nuries et la n\u00e9cessit\u00e9 de sans cesse renouveler les stocks.\u00a0Compos\u00e9 \u00e0 100\u00a0% de fibres recycl\u00e9es, ce papier toilette \u00e0 co\u00fbt abordable [&hellip;]","og_url":"https:\/\/chemi-3.com\/fr\/product\/papier-hygienique-cascades-pro-select-en-rouleau-geant-2-epaisseurs-blanc\/","og_site_name":"Chemi-3 Inc.","article_publisher":"https:\/\/www.facebook.com\/chemi3inc\/","article_modified_time":"2021-11-05T17:06:26+00:00","og_image":[{"width":900,"height":750,"url":"https:\/\/chemi-3.com\/wp-content\/uploads\/2021\/11\/01700177-1-20210904201749-1.jpg","type":"image\/jpeg"}],"twitter_card":"summary_large_image","twitter_site":"@chemi3inc","twitter_misc":{"Estimation du temps de lecture":"1 minute"},"schema":{"@context":"https:\/\/schema.org","@graph":[{"@type":["WebPage","ItemPage"],"@id":"https:\/\/chemi-3.com\/fr\/product\/papier-hygienique-cascades-pro-select-en-rouleau-geant-2-epaisseurs-blanc\/","url":"https:\/\/chemi-3.com\/fr\/product\/papier-hygienique-cascades-pro-select-en-rouleau-geant-2-epaisseurs-blanc\/","name":"Papier hygi\u00e9nique cascades pro select\u00ae en rouleau g\u00e9ant, 2 \u00e9paisseurs, blanc &#8211; Chemi-3 Inc.","isPartOf":{"@id":"https:\/\/chemi-3.com\/fr\/#website"},"primaryImageOfPage":{"@id":"https:\/\/chemi-3.com\/fr\/product\/papier-hygienique-cascades-pro-select-en-rouleau-geant-2-epaisseurs-blanc\/#primaryimage"},"image":{"@id":"https:\/\/chemi-3.com\/fr\/product\/papier-hygienique-cascades-pro-select-en-rouleau-geant-2-epaisseurs-blanc\/#primaryimage"},"thumbnailUrl":"https:\/\/chemi-3.com\/wp-content\/uploads\/2021\/11\/01700177-1-20210904201749-1.jpg","datePublished":"2021-11-05T17:06:23+00:00","dateModified":"2021-11-05T17:06:26+00:00","breadcrumb":{"@id":"https:\/\/chemi-3.com\/fr\/product\/papier-hygienique-cascades-pro-select-en-rouleau-geant-2-epaisseurs-blanc\/#breadcrumb"},"inLanguage":"fr-CA","potentialAction":[{"@type":"ReadAction","target":["https:\/\/chemi-3.com\/fr\/product\/papier-hygienique-cascades-pro-select-en-rouleau-geant-2-epaisseurs-blanc\/"]}]},{"@type":"ImageObject","inLanguage":"fr-CA","@id":"https:\/\/chemi-3.com\/fr\/product\/papier-hygienique-cascades-pro-select-en-rouleau-geant-2-epaisseurs-blanc\/#primaryimage","url":"https:\/\/chemi-3.com\/wp-content\/uploads\/2021\/11\/01700177-1-20210904201749-1.jpg","contentUrl":"https:\/\/chemi-3.com\/wp-content\/uploads\/2021\/11\/01700177-1-20210904201749-1.jpg","width":900,"height":750,"caption":"Cascades Pro Select\u00ae Jumbo Toilet Paper"},{"@type":"BreadcrumbList","@id":"https:\/\/chemi-3.com\/fr\/product\/papier-hygienique-cascades-pro-select-en-rouleau-geant-2-epaisseurs-blanc\/#breadcrumb","itemListElement":[{"@type":"ListItem","position":1,"name":"Home","item":"https:\/\/chemi-3.com\/fr\/"},{"@type":"ListItem","position":2,"name":"Produits","item":"https:\/\/chemi-3.com\/fr\/shop\/"},{"@type":"ListItem","position":3,"name":"Papier hygi\u00e9nique cascades pro select\u00ae en rouleau g\u00e9ant, 2 \u00e9paisseurs, blanc"}]},{"@type":"WebSite","@id":"https:\/\/chemi-3.com\/fr\/#website","url":"https:\/\/chemi-3.com\/fr\/","name":"Chemi-3 Inc.","description":"Montreal&#039;s premier distributor of janitorial, sanitary and commercial products.","publisher":{"@id":"https:\/\/chemi-3.com\/fr\/#organization"},"potentialAction":[{"@type":"SearchAction","target":{"@type":"EntryPoint","urlTemplate":"https:\/\/chemi-3.com\/fr\/?s={search_term_string}"},"query-input":{"@type":"PropertyValueSpecification","valueRequired":true,"valueName":"search_term_string"}}],"inLanguage":"fr-CA"},{"@type":"Organization","@id":"https:\/\/chemi-3.com\/fr\/#organization","name":"Chemi-3 Industries Inc.","url":"https:\/\/chemi-3.com\/fr\/","logo":{"@type":"ImageObject","inLanguage":"fr-CA","@id":"https:\/\/chemi-3.com\/fr\/#\/schema\/logo\/image\/","url":"http:\/\/chemi-3.com\/wp-content\/uploads\/2021\/09\/Chemi3_logo_transparent_highres.png","contentUrl":"http:\/\/chemi-3.com\/wp-content\/uploads\/2021\/09\/Chemi3_logo_transparent_highres.png","width":1000,"height":387,"caption":"Chemi-3 Industries Inc."},"image":{"@id":"https:\/\/chemi-3.com\/fr\/#\/schema\/logo\/image\/"},"sameAs":["https:\/\/www.facebook.com\/chemi3inc\/","https:\/\/x.com\/chemi3inc","https:\/\/www.instagram.com\/chemi3inc\/","https:\/\/www.linkedin.com\/company\/chemi3inc"]}]}},"_links":{"self":[{"href":"https:\/\/chemi-3.com\/fr\/wp-json\/wp\/v2\/product\/27864","targetHints":{"allow":["GET"]}}],"collection":[{"href":"https:\/\/chemi-3.com\/fr\/wp-json\/wp\/v2\/product"}],"about":[{"href":"https:\/\/chemi-3.com\/fr\/wp-json\/wp\/v2\/types\/product"}],"replies":[{"embeddable":true,"href":"https:\/\/chemi-3.com\/fr\/wp-json\/wp\/v2\/comments?post=27864"}],"wp:featuredmedia":[{"embeddable":true,"href":"https:\/\/chemi-3.com\/fr\/wp-json\/wp\/v2\/media\/24195"}],"wp:attachment":[{"href":"https:\/\/chemi-3.com\/fr\/wp-json\/wp\/v2\/media?parent=27864"}],"wp:term":[{"taxonomy":"product_brand","embeddable":true,"href":"https:\/\/chemi-3.com\/fr\/wp-json\/wp\/v2\/product_brand?post=27864"},{"taxonomy":"product_cat","embeddable":true,"href":"https:\/\/chemi-3.com\/fr\/wp-json\/wp\/v2\/product_cat?post=27864"},{"taxonomy":"product_tag","embeddable":true,"href":"https:\/\/chemi-3.com\/fr\/wp-json\/wp\/v2\/product_tag?post=27864"}],"curies":[{"name":"wp","href":"https:\/\/api.w.org\/{rel}","templated":true}]}}